{"id":52120,"date":"2025-09-28T16:46:41","date_gmt":"2025-09-28T08:46:41","guid":{"rendered":"https:\/\/kengmingcn.com\/?post_type=product&#038;p=52120"},"modified":"2025-12-30T16:28:27","modified_gmt":"2025-12-30T08:28:27","slug":"40kg-24h-halvemaanijsmachine-model-jmyy-40-met-ce-certificaat","status":"publish","type":"product","link":"https:\/\/kengmingcn.com\/nl\/product\/40kg-24h-halvemaanijsmachine-model-jmyy-40-met-ce-certificaat\/","title":{"rendered":"40kg\/24h Halvemaanijsmachine, Model JMYY-40 met Ce-Certificaat"},"content":{"rendered":"<h2 class=\"wp-block-heading\" id=\"h-description\">Beschrijving<\/h2>\n\n\n\n<p>De <strong>JMYY-40 Halvemaanijsmachine<\/strong> levert <strong>40 kg sikkelvormig ijs van hoge kwaliteit per 24 uur<\/strong>, met een opslagcapaciteit van <strong>20L<\/strong>, waardoor hij perfect is voor caf\u00e9s, bars, restaurants en thuisgebruik. Compact en effici\u00ebnt (<strong>500\u00d7525\u00d7770mm<\/strong>), combineert een slanke roestvrijstalen behuizing met een slimme scherminterface die het ijsbereidingsproces dynamisch weergeeft, zodat gebruikers de prestaties gemakkelijk kunnen controleren.<\/p>\n\n\n\n<div style=\"height:30px\" aria-hidden=\"true\" class=\"wp-block-spacer\"><\/div>\n\n\n\n<figure class=\"wp-block-table is-style-stripes\"><table><thead><tr><th>Model<\/th><th>JMYY-40<\/th><\/tr><\/thead><tbody><tr><td>OutPut<\/td><td>40kg\/24u (88lbs\/24u)<\/td><\/tr><tr><td>Stroom<\/td><td>330w<\/td><\/tr><tr><td>Ijsopslag<\/td><td>20L<\/td><\/tr><tr><td>Koelmanier<\/td><td>Luchtkoeling<\/td><\/tr><tr><td>IJsnummer<\/td><td>4x6x2 = 48<\/td><\/tr><tr><td>Maat<\/td><td>500 x 525 x 770 mm<\/td><\/tr><tr><td>Netto gewicht<\/td><td>36kg\/79lbs<\/td><\/tr><\/tbody><\/table><\/figure>\n\n\n\n<div style=\"height:30px\" aria-hidden=\"true\" class=\"wp-block-spacer\"><\/div>\n\n\n\n<div class=\"wp-block-columns is-layout-flex wp-container-core-columns-is-layout-9d6595d7 wp-block-columns-is-layout-flex dt-cr-1\">\n<div class=\"wp-block-column is-layout-flow wp-block-column-is-layout-flow\">\n<h3 class=\"wp-block-heading has-medium-font-size\" id=\"h-high-quality-crescent-ice\"><strong>Hoogwaardig halvemaanijs<\/strong><\/h3>\n\n\n\n<p>Produceert 40 kg sikkelvormig ijs per dag, ideaal voor cocktails, frisdranken en cateringtoepassingen.<\/p>\n<\/div>\n\n\n\n<div class=\"wp-block-column is-layout-flow wp-block-column-is-layout-flow\">\n<h3 class=\"wp-block-heading has-medium-font-size\" id=\"h-smart-screen-display\"><strong>Slimme schermweergave<\/strong><\/h3>\n\n\n\n<p>De dynamische interface toont de voortgang van het ijsmaken, de machinestatus en waarschuwingen, waardoor bediening en bewaking eenvoudig zijn.<\/p>\n<\/div>\n<\/div>\n\n\n\n<div style=\"height:30px\" aria-hidden=\"true\" class=\"wp-block-spacer\"><\/div>\n\n\n\n<div class=\"wp-block-columns is-layout-flex wp-container-core-columns-is-layout-9d6595d7 wp-block-columns-is-layout-flex dt-cr-2\">\n<div class=\"wp-block-column is-layout-flow wp-block-column-is-layout-flow\">\n<h3 class=\"wp-block-heading has-medium-font-size\" id=\"h-durable-stainless-steel-body\"><strong>Duurzame roestvrijstalen behuizing<\/strong><\/h3>\n\n\n\n<p>Garandeert hygi\u00ebne, duurzaamheid en eenvoudige reiniging, geschikt voor zowel commerci\u00eble als thuisomgevingen.<\/p>\n<\/div>\n\n\n\n<div class=\"wp-block-column is-layout-flow wp-block-column-is-layout-flow\">\n<h3 class=\"wp-block-heading has-medium-font-size\" id=\"h-powerful-compressor-amp-radiator\"><strong>Krachtige compressor en radiator<\/strong><\/h3>\n\n\n\n<p>Het snelle en effici\u00ebnte koelsysteem zorgt voor een consistente ijsproductie en betrouwbare prestaties bij intensief gebruik.<\/p>\n<\/div>\n<\/div>\n\n\n\n<div style=\"height:30px\" aria-hidden=\"true\" class=\"wp-block-spacer\"><\/div>\n\n\n\n<div class=\"wp-block-columns is-layout-flex wp-container-core-columns-is-layout-9d6595d7 wp-block-columns-is-layout-flex dt-cr-3\">\n<div class=\"wp-block-column is-layout-flow wp-block-column-is-layout-flow\">\n<h3 class=\"wp-block-heading has-medium-font-size\" id=\"h-more-detail\">Meer informatie<\/h3>\n\n\n\n<figure class=\"wp-block-gallery has-nested-images columns-2 is-cropped wp-block-gallery-1 is-layout-flex wp-block-gallery-is-layout-flex\">\n<figure class=\"wp-block-image size-full\"><img decoding=\"async\" width=\"790\" height=\"700\" data-id=\"52132\" src=\"https:\/\/kengmingcn.com\/wp-content\/uploads\/2025\/09\/JMYY-40-\u8be6\u60c5_05_5.webp\" alt=\"JuanMing Halve maan ijsmachine\" class=\"wp-image-52132\" srcset=\"https:\/\/kengmingcn.com\/wp-content\/uploads\/2025\/09\/JMYY-40-\u8be6\u60c5_05_5.webp 790w, https:\/\/kengmingcn.com\/wp-content\/uploads\/2025\/09\/JMYY-40-\u8be6\u60c5_05_5-300x266.webp 300w, https:\/\/kengmingcn.com\/wp-content\/uploads\/2025\/09\/JMYY-40-\u8be6\u60c5_05_5-768x681.webp 768w, https:\/\/kengmingcn.com\/wp-content\/uploads\/2025\/09\/JMYY-40-\u8be6\u60c5_05_5-14x12.webp 14w\" sizes=\"(max-width: 790px) 100vw, 790px\" \/><\/figure>\n\n\n\n<figure class=\"wp-block-image size-full\"><img decoding=\"async\" width=\"800\" height=\"800\" data-id=\"52126\" src=\"https:\/\/kengmingcn.com\/wp-content\/uploads\/2025\/09\/5_9_11zon.webp\" alt=\"JuanMing Halve maan ijsmachine\" class=\"wp-image-52126\" srcset=\"https:\/\/kengmingcn.com\/wp-content\/uploads\/2025\/09\/5_9_11zon.webp 800w, https:\/\/kengmingcn.com\/wp-content\/uploads\/2025\/09\/5_9_11zon-300x300.webp 300w, https:\/\/kengmingcn.com\/wp-content\/uploads\/2025\/09\/5_9_11zon-150x150.webp 150w, https:\/\/kengmingcn.com\/wp-content\/uploads\/2025\/09\/5_9_11zon-768x768.webp 768w, https:\/\/kengmingcn.com\/wp-content\/uploads\/2025\/09\/5_9_11zon-12x12.webp 12w, https:\/\/kengmingcn.com\/wp-content\/uploads\/2025\/09\/5_9_11zon-200x200.webp 200w\" sizes=\"(max-width: 800px) 100vw, 800px\" \/><\/figure>\n\n\n\n<figure class=\"wp-block-image size-full\"><img decoding=\"async\" width=\"800\" height=\"800\" data-id=\"52125\" src=\"https:\/\/kengmingcn.com\/wp-content\/uploads\/2025\/09\/4_8_11zon.webp\" alt=\"JuanMing Halve maan ijsmachine\" class=\"wp-image-52125\" srcset=\"https:\/\/kengmingcn.com\/wp-content\/uploads\/2025\/09\/4_8_11zon.webp 800w, https:\/\/kengmingcn.com\/wp-content\/uploads\/2025\/09\/4_8_11zon-300x300.webp 300w, https:\/\/kengmingcn.com\/wp-content\/uploads\/2025\/09\/4_8_11zon-150x150.webp 150w, https:\/\/kengmingcn.com\/wp-content\/uploads\/2025\/09\/4_8_11zon-768x768.webp 768w, https:\/\/kengmingcn.com\/wp-content\/uploads\/2025\/09\/4_8_11zon-12x12.webp 12w, https:\/\/kengmingcn.com\/wp-content\/uploads\/2025\/09\/4_8_11zon-200x200.webp 200w\" sizes=\"(max-width: 800px) 100vw, 800px\" \/><\/figure>\n\n\n\n<figure class=\"wp-block-image size-full\"><img decoding=\"async\" width=\"800\" height=\"800\" data-id=\"52124\" src=\"https:\/\/kengmingcn.com\/wp-content\/uploads\/2025\/09\/3_7_11zon.webp\" alt=\"JuanMing Halve maan ijsmachine\" class=\"wp-image-52124\" srcset=\"https:\/\/kengmingcn.com\/wp-content\/uploads\/2025\/09\/3_7_11zon.webp 800w, https:\/\/kengmingcn.com\/wp-content\/uploads\/2025\/09\/3_7_11zon-300x300.webp 300w, https:\/\/kengmingcn.com\/wp-content\/uploads\/2025\/09\/3_7_11zon-150x150.webp 150w, https:\/\/kengmingcn.com\/wp-content\/uploads\/2025\/09\/3_7_11zon-768x768.webp 768w, https:\/\/kengmingcn.com\/wp-content\/uploads\/2025\/09\/3_7_11zon-12x12.webp 12w, https:\/\/kengmingcn.com\/wp-content\/uploads\/2025\/09\/3_7_11zon-200x200.webp 200w\" sizes=\"(max-width: 800px) 100vw, 800px\" \/><\/figure>\n\n\n\n<figure class=\"wp-block-image size-full\"><img decoding=\"async\" width=\"800\" height=\"800\" data-id=\"52123\" src=\"https:\/\/kengmingcn.com\/wp-content\/uploads\/2025\/09\/2_6_11zon.webp\" alt=\"\" class=\"wp-image-52123\" srcset=\"https:\/\/kengmingcn.com\/wp-content\/uploads\/2025\/09\/2_6_11zon.webp 800w, https:\/\/kengmingcn.com\/wp-content\/uploads\/2025\/09\/2_6_11zon-300x300.webp 300w, https:\/\/kengmingcn.com\/wp-content\/uploads\/2025\/09\/2_6_11zon-150x150.webp 150w, https:\/\/kengmingcn.com\/wp-content\/uploads\/2025\/09\/2_6_11zon-768x768.webp 768w, https:\/\/kengmingcn.com\/wp-content\/uploads\/2025\/09\/2_6_11zon-12x12.webp 12w, https:\/\/kengmingcn.com\/wp-content\/uploads\/2025\/09\/2_6_11zon-200x200.webp 200w\" sizes=\"(max-width: 800px) 100vw, 800px\" \/><\/figure>\n\n\n\n<figure class=\"wp-block-image size-full\"><img decoding=\"async\" width=\"790\" height=\"989\" data-id=\"52136\" src=\"https:\/\/kengmingcn.com\/wp-content\/uploads\/2025\/09\/JMYY-40-\u8be6\u60c5_09_9.webp\" alt=\"JuanMing Halve maan ijsmachine\" class=\"wp-image-52136\" srcset=\"https:\/\/kengmingcn.com\/wp-content\/uploads\/2025\/09\/JMYY-40-\u8be6\u60c5_09_9.webp 790w, https:\/\/kengmingcn.com\/wp-content\/uploads\/2025\/09\/JMYY-40-\u8be6\u60c5_09_9-240x300.webp 240w, https:\/\/kengmingcn.com\/wp-content\/uploads\/2025\/09\/JMYY-40-\u8be6\u60c5_09_9-768x961.webp 768w, https:\/\/kengmingcn.com\/wp-content\/uploads\/2025\/09\/JMYY-40-\u8be6\u60c5_09_9-10x12.webp 10w\" sizes=\"(max-width: 790px) 100vw, 790px\" \/><\/figure>\n<\/figure>\n<\/div>\n<\/div>\n\n\n\n<div class=\"wp-block-columns is-layout-flex wp-container-core-columns-is-layout-9d6595d7 wp-block-columns-is-layout-flex dt-cr-4\">\n<div class=\"wp-block-column is-layout-flow wp-block-column-is-layout-flow\">\n<div style=\"height:30px\" aria-hidden=\"true\" class=\"wp-block-spacer\"><\/div>\n\n\n\n<h3 class=\"wp-block-heading\" id=\"h-why-choose-us\">Waarom voor ons kiezen?<\/h3>\n\n\n\n<p>Ontworpen voor gemak, hygi\u00ebne en prestaties. <strong>JMYY-40<\/strong> heeft een krachtige compressor en een radiatorsysteem voor een snelle en effici\u00ebnte ijsproductie. Het slimme scherm maakt real-time controle mogelijk, terwijl de duurzame roestvrijstalen behuizing zorgt voor langdurige betrouwbaarheid. Deze compacte, stijlvolle en gebruiksvriendelijke halvemaanijsmachine produceert consistent ijs van hoge kwaliteit dat dranken verbetert en klanten tevreden houdt.<\/p>\n<\/div>\n<\/div>\n\n\n\n<p><\/p>","protected":false},"excerpt":{"rendered":"<ul>\n<li class=\"ai-optimize-27\">\n<div class=\"paragraph\">vermogen: 330W<\/div>\n<\/li>\n<li class=\"ai-optimize-28\">\n<div class=\"paragraph\">Ijsproductie: 40KG\/24H<\/div>\n<\/li>\n<li class=\"ai-optimize-34\">Ijsopslag: 20L<\/li>\n<li class=\"ai-optimize-35\">IJsnummer: 4x6x2<\/li>\n<\/ul>","protected":false},"featured_media":52889,"comment_status":"open","ping_status":"closed","template":"","meta":{"_acf_changed":false},"product_brand":[],"product_cat":[246,275],"product_tag":[],"class_list":{"0":"post-52120","1":"product","2":"type-product","3":"status-publish","4":"has-post-thumbnail","6":"product_cat-ice-maker","7":"product_cat-refrigeration-equipment","8":"description-off","10":"first","11":"instock","12":"shipping-taxable","13":"product-type-simple"},"acf":[],"yoast_head":"<!-- This site is optimized with the Yoast SEO Premium plugin v25.3 (Yoast SEO v26.3) - https:\/\/yoast.com\/wordpress\/plugins\/seo\/ -->\n<title>40kg\/24h Crescent Ice Machine, Model JMYY-40 with CE Certificate - KengMing | Manufacturer of Commercial Kitchen Equipment<\/title>\n<meta name=\"description\" content=\"CE certified 40kg\/24h Crescent Ice Machine JMYy-40! Efficient ice making suitable for beverage and convenience stores, with crescent shaped ice that is easy to use and stable output to meet daily ice needs!\" \/>\n<meta name=\"robots\" content=\"index, follow, max-snippet:-1, max-image-preview:large, max-video-preview:-1\" \/>\n<link rel=\"canonical\" href=\"https:\/\/kengmingcn.com\/nl\/product\/40kg-24h-halvemaanijsmachine-model-jmyy-40-met-ce-certificaat\/\" \/>\n<meta property=\"og:locale\" content=\"nl_NL\" \/>\n<meta property=\"og:type\" content=\"article\" \/>\n<meta property=\"og:title\" content=\"40kg\/24h Crescent Ice Machine, Model JMYY-40 with CE Certificate\" \/>\n<meta property=\"og:description\" content=\"CE certified 40kg\/24h Crescent Ice Machine JMYy-40! Efficient ice making suitable for beverage and convenience stores, with crescent shaped ice that is easy to use and stable output to meet daily ice needs!\" \/>\n<meta property=\"og:url\" content=\"https:\/\/kengmingcn.com\/nl\/product\/40kg-24h-halvemaanijsmachine-model-jmyy-40-met-ce-certificaat\/\" \/>\n<meta property=\"og:site_name\" content=\"KengMing | Manufacturer of Commercial Kitchen Equipment\" \/>\n<meta property=\"article:modified_time\" content=\"2025-12-30T08:28:27+00:00\" \/>\n<meta property=\"og:image\" content=\"https:\/\/kengmingcn.com\/wp-content\/uploads\/2025\/09\/JMYY-40_1_11zon.webp\" \/>\n\t<meta property=\"og:image:width\" content=\"800\" \/>\n\t<meta property=\"og:image:height\" content=\"800\" \/>\n\t<meta property=\"og:image:type\" content=\"image\/webp\" \/>\n<meta name=\"twitter:card\" content=\"summary_large_image\" \/>\n<meta name=\"twitter:label1\" content=\"Prijs\" \/>\n\t<meta name=\"twitter:data1\" content=\"\" \/>\n\t<meta name=\"twitter:label2\" content=\"Beschikbaarheid\" \/>\n\t<meta name=\"twitter:data2\" content=\"Op voorraad\" \/>\n<script type=\"application\/ld+json\" class=\"yoast-schema-graph\">{\"@context\":\"https:\/\/schema.org\",\"@graph\":[{\"@type\":\"WebPage\",\"@id\":\"https:\/\/kengmingcn.com\/ja\/product\/ce-%e3%81%ae%e8%a8%bc%e6%98%8e%e6%9b%b8%e3%81%8c%e4%bb%98%e3%81%84%e3%81%a6%e3%81%84%e3%82%8b-40kg-24h-%e3%81%ae%e4%b8%89%e6%97%a5%e6%9c%88%e3%81%ae%e8%a3%bd%e6%b0%b7%e6%a9%9f%e3%83%a2%e3%83%87\/\",\"url\":\"https:\/\/kengmingcn.com\/ja\/product\/ce-%e3%81%ae%e8%a8%bc%e6%98%8e%e6%9b%b8%e3%81%8c%e4%bb%98%e3%81%84%e3%81%a6%e3%81%84%e3%82%8b-40kg-24h-%e3%81%ae%e4%b8%89%e6%97%a5%e6%9c%88%e3%81%ae%e8%a3%bd%e6%b0%b7%e6%a9%9f%e3%83%a2%e3%83%87\/\",\"name\":\"40kg\/24h Crescent Ice Machine, Model JMYY-40 with CE Certificate - KengMing | Manufacturer of Commercial Kitchen Equipment\",\"isPartOf\":{\"@id\":\"https:\/\/kengmingcn.com\/#website\"},\"primaryImageOfPage\":{\"@id\":\"https:\/\/kengmingcn.com\/ja\/product\/ce-%e3%81%ae%e8%a8%bc%e6%98%8e%e6%9b%b8%e3%81%8c%e4%bb%98%e3%81%84%e3%81%a6%e3%81%84%e3%82%8b-40kg-24h-%e3%81%ae%e4%b8%89%e6%97%a5%e6%9c%88%e3%81%ae%e8%a3%bd%e6%b0%b7%e6%a9%9f%e3%83%a2%e3%83%87\/#primaryimage\"},\"image\":{\"@id\":\"https:\/\/kengmingcn.com\/ja\/product\/ce-%e3%81%ae%e8%a8%bc%e6%98%8e%e6%9b%b8%e3%81%8c%e4%bb%98%e3%81%84%e3%81%a6%e3%81%84%e3%82%8b-40kg-24h-%e3%81%ae%e4%b8%89%e6%97%a5%e6%9c%88%e3%81%ae%e8%a3%bd%e6%b0%b7%e6%a9%9f%e3%83%a2%e3%83%87\/#primaryimage\"},\"thumbnailUrl\":\"https:\/\/kengmingcn.com\/wp-content\/uploads\/2025\/09\/JMYY-40_1_11zon.webp\",\"datePublished\":\"2025-09-28T08:46:41+00:00\",\"dateModified\":\"2025-12-30T08:28:27+00:00\",\"description\":\"CE certified 40kg\/24h Crescent Ice Machine JMYy-40! Efficient ice making suitable for beverage and convenience stores, with crescent shaped ice that is easy to use and stable output to meet daily ice needs!\",\"breadcrumb\":{\"@id\":\"https:\/\/kengmingcn.com\/ja\/product\/ce-%e3%81%ae%e8%a8%bc%e6%98%8e%e6%9b%b8%e3%81%8c%e4%bb%98%e3%81%84%e3%81%a6%e3%81%84%e3%82%8b-40kg-24h-%e3%81%ae%e4%b8%89%e6%97%a5%e6%9c%88%e3%81%ae%e8%a3%bd%e6%b0%b7%e6%a9%9f%e3%83%a2%e3%83%87\/#breadcrumb\"},\"inLanguage\":\"nl-NL\",\"potentialAction\":[{\"@type\":\"ReadAction\",\"target\":[\"https:\/\/kengmingcn.com\/ja\/product\/ce-%e3%81%ae%e8%a8%bc%e6%98%8e%e6%9b%b8%e3%81%8c%e4%bb%98%e3%81%84%e3%81%a6%e3%81%84%e3%82%8b-40kg-24h-%e3%81%ae%e4%b8%89%e6%97%a5%e6%9c%88%e3%81%ae%e8%a3%bd%e6%b0%b7%e6%a9%9f%e3%83%a2%e3%83%87\/\"]}]},{\"@type\":\"ImageObject\",\"inLanguage\":\"nl-NL\",\"@id\":\"https:\/\/kengmingcn.com\/ja\/product\/ce-%e3%81%ae%e8%a8%bc%e6%98%8e%e6%9b%b8%e3%81%8c%e4%bb%98%e3%81%84%e3%81%a6%e3%81%84%e3%82%8b-40kg-24h-%e3%81%ae%e4%b8%89%e6%97%a5%e6%9c%88%e3%81%ae%e8%a3%bd%e6%b0%b7%e6%a9%9f%e3%83%a2%e3%83%87\/#primaryimage\",\"url\":\"https:\/\/kengmingcn.com\/wp-content\/uploads\/2025\/09\/JMYY-40_1_11zon.webp\",\"contentUrl\":\"https:\/\/kengmingcn.com\/wp-content\/uploads\/2025\/09\/JMYY-40_1_11zon.webp\",\"width\":800,\"height\":800,\"caption\":\"40kg\/24h Crescent ice machine\"},{\"@type\":\"BreadcrumbList\",\"@id\":\"https:\/\/kengmingcn.com\/ja\/product\/ce-%e3%81%ae%e8%a8%bc%e6%98%8e%e6%9b%b8%e3%81%8c%e4%bb%98%e3%81%84%e3%81%a6%e3%81%84%e3%82%8b-40kg-24h-%e3%81%ae%e4%b8%89%e6%97%a5%e6%9c%88%e3%81%ae%e8%a3%bd%e6%b0%b7%e6%a9%9f%e3%83%a2%e3%83%87\/#breadcrumb\",\"itemListElement\":[{\"@type\":\"ListItem\",\"position\":1,\"name\":\"Home\",\"item\":\"https:\/\/kengmingcn.com\/\"},{\"@type\":\"ListItem\",\"position\":2,\"name\":\"Catalogue\",\"item\":\"https:\/\/kengmingcn.com\/?page_id=27131\"},{\"@type\":\"ListItem\",\"position\":3,\"name\":\"40kg\/24h Crescent Ice Machine, Model JMYY-40 with CE Certificate\"}]},{\"@type\":\"WebSite\",\"@id\":\"https:\/\/kengmingcn.com\/#website\",\"url\":\"https:\/\/kengmingcn.com\/\",\"name\":\"Kitchen Equipment\",\"description\":\"KengMing is a professional commercial kitchen equipment manufacturer and wholesale supplier, offering cooking, food prep and bakery equipment with OEM &amp; ODM service for global distributors.\",\"publisher\":{\"@id\":\"https:\/\/kengmingcn.com\/#organization\"},\"potentialAction\":[{\"@type\":\"SearchAction\",\"target\":{\"@type\":\"EntryPoint\",\"urlTemplate\":\"https:\/\/kengmingcn.com\/?s={search_term_string}\"},\"query-input\":{\"@type\":\"PropertyValueSpecification\",\"valueRequired\":true,\"valueName\":\"search_term_string\"}}],\"inLanguage\":\"nl-NL\"},{\"@type\":\"Organization\",\"@id\":\"https:\/\/kengmingcn.com\/#organization\",\"name\":\"GuangZhou KengMing\",\"url\":\"https:\/\/kengmingcn.com\/\",\"logo\":{\"@type\":\"ImageObject\",\"inLanguage\":\"nl-NL\",\"@id\":\"https:\/\/kengmingcn.com\/#\/schema\/logo\/image\/\",\"url\":\"https:\/\/kengmingcn.com\/wp-content\/uploads\/2025\/04\/cropped-1744508604969-removebg-preview.png\",\"contentUrl\":\"https:\/\/kengmingcn.com\/wp-content\/uploads\/2025\/04\/cropped-1744508604969-removebg-preview.png\",\"width\":512,\"height\":512,\"caption\":\"GuangZhou KengMing\"},\"image\":{\"@id\":\"https:\/\/kengmingcn.com\/#\/schema\/logo\/image\/\"}}]}<\/script>\n<meta property=\"product:price:amount\" content=\"0.00\" \/>\n<meta property=\"product:price:currency\" content=\"USD\" \/>\n<meta property=\"og:availability\" content=\"instock\" \/>\n<meta property=\"product:availability\" content=\"instock\" \/>\n<meta property=\"product:condition\" content=\"new\" \/>\n<!-- \/ Yoast SEO Premium plugin. -->","yoast_head_json":{"title":"40kg\/24h Halve maan ijsmachine, Model JMYY-40 met CE-certificaat - KengMing | Fabrikant van commerci\u00eble keukenapparatuur","description":"CE-gecertificeerde 40kg\/24h Halvemaanijsmachine JMYy-40! Effici\u00ebnte ijsmachine geschikt voor drank- en gemakswinkels, met halvemaanvormig ijs dat gemakkelijk te gebruiken is en een stabiele uitvoer heeft om aan de dagelijkse ijsbehoefte te voldoen!","robots":{"index":"index","follow":"follow","max-snippet":"max-snippet:-1","max-image-preview":"max-image-preview:large","max-video-preview":"max-video-preview:-1"},"canonical":"https:\/\/kengmingcn.com\/nl\/product\/40kg-24h-halvemaanijsmachine-model-jmyy-40-met-ce-certificaat\/","og_locale":"nl_NL","og_type":"article","og_title":"40kg\/24h Crescent Ice Machine, Model JMYY-40 with CE Certificate","og_description":"CE certified 40kg\/24h Crescent Ice Machine JMYy-40! Efficient ice making suitable for beverage and convenience stores, with crescent shaped ice that is easy to use and stable output to meet daily ice needs!","og_url":"https:\/\/kengmingcn.com\/nl\/product\/40kg-24h-halvemaanijsmachine-model-jmyy-40-met-ce-certificaat\/","og_site_name":"KengMing | Manufacturer of Commercial Kitchen Equipment","article_modified_time":"2025-12-30T08:28:27+00:00","og_image":[{"width":800,"height":800,"url":"https:\/\/kengmingcn.com\/wp-content\/uploads\/2025\/09\/JMYY-40_1_11zon.webp","type":"image\/webp"}],"twitter_card":"summary_large_image","twitter_misc":{"Prijs":"","Beschikbaarheid":"Op voorraad"},"schema":{"@context":"https:\/\/schema.org","@graph":[{"@type":"WebPage","@id":"https:\/\/kengmingcn.com\/ja\/product\/ce-%e3%81%ae%e8%a8%bc%e6%98%8e%e6%9b%b8%e3%81%8c%e4%bb%98%e3%81%84%e3%81%a6%e3%81%84%e3%82%8b-40kg-24h-%e3%81%ae%e4%b8%89%e6%97%a5%e6%9c%88%e3%81%ae%e8%a3%bd%e6%b0%b7%e6%a9%9f%e3%83%a2%e3%83%87\/","url":"https:\/\/kengmingcn.com\/ja\/product\/ce-%e3%81%ae%e8%a8%bc%e6%98%8e%e6%9b%b8%e3%81%8c%e4%bb%98%e3%81%84%e3%81%a6%e3%81%84%e3%82%8b-40kg-24h-%e3%81%ae%e4%b8%89%e6%97%a5%e6%9c%88%e3%81%ae%e8%a3%bd%e6%b0%b7%e6%a9%9f%e3%83%a2%e3%83%87\/","name":"40kg\/24h Halve maan ijsmachine, Model JMYY-40 met CE-certificaat - KengMing | Fabrikant van commerci\u00eble keukenapparatuur","isPartOf":{"@id":"https:\/\/kengmingcn.com\/#website"},"primaryImageOfPage":{"@id":"https:\/\/kengmingcn.com\/ja\/product\/ce-%e3%81%ae%e8%a8%bc%e6%98%8e%e6%9b%b8%e3%81%8c%e4%bb%98%e3%81%84%e3%81%a6%e3%81%84%e3%82%8b-40kg-24h-%e3%81%ae%e4%b8%89%e6%97%a5%e6%9c%88%e3%81%ae%e8%a3%bd%e6%b0%b7%e6%a9%9f%e3%83%a2%e3%83%87\/#primaryimage"},"image":{"@id":"https:\/\/kengmingcn.com\/ja\/product\/ce-%e3%81%ae%e8%a8%bc%e6%98%8e%e6%9b%b8%e3%81%8c%e4%bb%98%e3%81%84%e3%81%a6%e3%81%84%e3%82%8b-40kg-24h-%e3%81%ae%e4%b8%89%e6%97%a5%e6%9c%88%e3%81%ae%e8%a3%bd%e6%b0%b7%e6%a9%9f%e3%83%a2%e3%83%87\/#primaryimage"},"thumbnailUrl":"https:\/\/kengmingcn.com\/wp-content\/uploads\/2025\/09\/JMYY-40_1_11zon.webp","datePublished":"2025-09-28T08:46:41+00:00","dateModified":"2025-12-30T08:28:27+00:00","description":"CE-gecertificeerde 40kg\/24h Halvemaanijsmachine JMYy-40! Effici\u00ebnte ijsmachine geschikt voor drank- en gemakswinkels, met halvemaanvormig ijs dat gemakkelijk te gebruiken is en een stabiele uitvoer heeft om aan de dagelijkse ijsbehoefte te voldoen!","breadcrumb":{"@id":"https:\/\/kengmingcn.com\/ja\/product\/ce-%e3%81%ae%e8%a8%bc%e6%98%8e%e6%9b%b8%e3%81%8c%e4%bb%98%e3%81%84%e3%81%a6%e3%81%84%e3%82%8b-40kg-24h-%e3%81%ae%e4%b8%89%e6%97%a5%e6%9c%88%e3%81%ae%e8%a3%bd%e6%b0%b7%e6%a9%9f%e3%83%a2%e3%83%87\/#breadcrumb"},"inLanguage":"nl-NL","potentialAction":[{"@type":"ReadAction","target":["https:\/\/kengmingcn.com\/ja\/product\/ce-%e3%81%ae%e8%a8%bc%e6%98%8e%e6%9b%b8%e3%81%8c%e4%bb%98%e3%81%84%e3%81%a6%e3%81%84%e3%82%8b-40kg-24h-%e3%81%ae%e4%b8%89%e6%97%a5%e6%9c%88%e3%81%ae%e8%a3%bd%e6%b0%b7%e6%a9%9f%e3%83%a2%e3%83%87\/"]}]},{"@type":"ImageObject","inLanguage":"nl-NL","@id":"https:\/\/kengmingcn.com\/ja\/product\/ce-%e3%81%ae%e8%a8%bc%e6%98%8e%e6%9b%b8%e3%81%8c%e4%bb%98%e3%81%84%e3%81%a6%e3%81%84%e3%82%8b-40kg-24h-%e3%81%ae%e4%b8%89%e6%97%a5%e6%9c%88%e3%81%ae%e8%a3%bd%e6%b0%b7%e6%a9%9f%e3%83%a2%e3%83%87\/#primaryimage","url":"https:\/\/kengmingcn.com\/wp-content\/uploads\/2025\/09\/JMYY-40_1_11zon.webp","contentUrl":"https:\/\/kengmingcn.com\/wp-content\/uploads\/2025\/09\/JMYY-40_1_11zon.webp","width":800,"height":800,"caption":"40kg\/24h Crescent ice machine"},{"@type":"BreadcrumbList","@id":"https:\/\/kengmingcn.com\/ja\/product\/ce-%e3%81%ae%e8%a8%bc%e6%98%8e%e6%9b%b8%e3%81%8c%e4%bb%98%e3%81%84%e3%81%a6%e3%81%84%e3%82%8b-40kg-24h-%e3%81%ae%e4%b8%89%e6%97%a5%e6%9c%88%e3%81%ae%e8%a3%bd%e6%b0%b7%e6%a9%9f%e3%83%a2%e3%83%87\/#breadcrumb","itemListElement":[{"@type":"ListItem","position":1,"name":"Home","item":"https:\/\/kengmingcn.com\/"},{"@type":"ListItem","position":2,"name":"Catalogue","item":"https:\/\/kengmingcn.com\/?page_id=27131"},{"@type":"ListItem","position":3,"name":"40kg\/24h Crescent Ice Machine, Model JMYY-40 with CE Certificate"}]},{"@type":"WebSite","@id":"https:\/\/kengmingcn.com\/#website","url":"https:\/\/kengmingcn.com\/","name":"Keukenapparatuur","description":"KengMing is een professionele fabrikant van commerci\u00eble keukenapparatuur en groothandelsleverancier, die kook-, voedselvoorbereidings- en bakkerijapparatuur met OEM &amp; ODM service aanbiedt aan wereldwijde distributeurs.","publisher":{"@id":"https:\/\/kengmingcn.com\/#organization"},"potentialAction":[{"@type":"SearchAction","target":{"@type":"EntryPoint","urlTemplate":"https:\/\/kengmingcn.com\/?s={search_term_string}"},"query-input":{"@type":"PropertyValueSpecification","valueRequired":true,"valueName":"search_term_string"}}],"inLanguage":"nl-NL"},{"@type":"Organization","@id":"https:\/\/kengmingcn.com\/#organization","name":"GuangZhou KengMing","url":"https:\/\/kengmingcn.com\/","logo":{"@type":"ImageObject","inLanguage":"nl-NL","@id":"https:\/\/kengmingcn.com\/#\/schema\/logo\/image\/","url":"https:\/\/kengmingcn.com\/wp-content\/uploads\/2025\/04\/cropped-1744508604969-removebg-preview.png","contentUrl":"https:\/\/kengmingcn.com\/wp-content\/uploads\/2025\/04\/cropped-1744508604969-removebg-preview.png","width":512,"height":512,"caption":"GuangZhou KengMing"},"image":{"@id":"https:\/\/kengmingcn.com\/#\/schema\/logo\/image\/"}}]},"product_price_amount":"0.00","product_price_currency":"USD","og_availability":"instock","product_availability":"instock","product_condition":"new"},"_links":{"self":[{"href":"https:\/\/kengmingcn.com\/nl\/wp-json\/wp\/v2\/product\/52120","targetHints":{"allow":["GET"]}}],"collection":[{"href":"https:\/\/kengmingcn.com\/nl\/wp-json\/wp\/v2\/product"}],"about":[{"href":"https:\/\/kengmingcn.com\/nl\/wp-json\/wp\/v2\/types\/product"}],"replies":[{"embeddable":true,"href":"https:\/\/kengmingcn.com\/nl\/wp-json\/wp\/v2\/comments?post=52120"}],"wp:featuredmedia":[{"embeddable":true,"href":"https:\/\/kengmingcn.com\/nl\/wp-json\/wp\/v2\/media\/52889"}],"wp:attachment":[{"href":"https:\/\/kengmingcn.com\/nl\/wp-json\/wp\/v2\/media?parent=52120"}],"wp:term":[{"taxonomy":"product_brand","embeddable":true,"href":"https:\/\/kengmingcn.com\/nl\/wp-json\/wp\/v2\/product_brand?post=52120"},{"taxonomy":"product_cat","embeddable":true,"href":"https:\/\/kengmingcn.com\/nl\/wp-json\/wp\/v2\/product_cat?post=52120"},{"taxonomy":"product_tag","embeddable":true,"href":"https:\/\/kengmingcn.com\/nl\/wp-json\/wp\/v2\/product_tag?post=52120"}],"curies":[{"name":"wp","href":"https:\/\/api.w.org\/{rel}","templated":true}]}}