{"id":51872,"date":"2025-07-25T09:50:47","date_gmt":"2025-07-25T01:50:47","guid":{"rendered":"https:\/\/kengmingcn.com\/?post_type=product&#038;p=51872"},"modified":"2025-12-26T13:31:37","modified_gmt":"2025-12-26T05:31:37","slug":"16-18l-h-tafel-softijsmachine-jm-n16e","status":"publish","type":"product","link":"https:\/\/kengmingcn.com\/nl\/product\/16-18l-h-tafel-softijsmachine-jm-n16e\/","title":{"rendered":"16-18L\/H Tafel Softijs Machine JM-N16E"},"content":{"rendered":"<h3 class=\"wp-block-heading\" id=\"h-description\">Beschrijving<\/h3>\n\n\n\n<p>De <strong>JM-N16E Mini Softijsmachine<\/strong> is een compacte commerci\u00eble eenheid met \u00e9\u00e9n smaak, ontworpen voor kleine bedrijven en soft serve-toepassingen op instapniveau. Met een productiecapaciteit van <strong>16-18 liter per uur<\/strong> Met zijn ruimtebesparende tafelontwerp is hij ideaal voor caf\u00e9s, kiosken, dessertbalies en mobiele eetgelegenheden. Aangedreven door een <strong>1000W systeem<\/strong> en verkrijgbaar in <strong>drie opties voor de uiterlijke kleur<\/strong>, De JM-N16E combineert praktische prestaties met een flexibele presentatie.<\/p>\n\n\n\n<div style=\"height:30px\" aria-hidden=\"true\" class=\"wp-block-spacer\"><\/div>\n\n\n\n<figure class=\"wp-block-table is-style-stripes\"><table><thead><tr><th>Model<\/th><th>JM-N16E<\/th><\/tr><\/thead><tbody><tr><td>Machinegrootte<\/td><td>220*660*720mm<\/td><\/tr><tr><td>Stroom<\/td><td>1kw<\/td><\/tr><tr><td>Uitgang<\/td><td>18L\/H<\/td><\/tr><tr><td>Druk herhaaldelijk op het getal 66g<\/td><td>16-18 keer<\/td><\/tr><tr><td>Inhoud vriestank<\/td><td>1.5L<\/td><\/tr><tr><td>Tankinhoud materiaal<\/td><td>6L<\/td><\/tr><tr><td>Paardenkracht compressor<\/td><td>1 PK<\/td><\/tr><tr><td>Koelmiddel<\/td><td>R404a<\/td><\/tr><tr><td>Eerste vormingstijd \/ Tweede vormingstijd<\/td><td>17 minuten \/ 6 minuten<\/td><\/tr><tr><td>Gewicht<\/td><td>50 kg<\/td><\/tr><tr><td>Aantal compressoren<\/td><td>Enkel<\/td><\/tr><\/tbody><\/table><\/figure>\n\n\n\n<div style=\"height:30px\" aria-hidden=\"true\" class=\"wp-block-spacer\"><\/div>\n\n\n\n<div class=\"wp-block-columns is-layout-flex wp-container-core-columns-is-layout-9d6595d7 wp-block-columns-is-layout-flex dt-cr-1\">\n<div class=\"wp-block-column is-layout-flow wp-block-column-is-layout-flow\">\n<h3 class=\"wp-block-heading has-medium-font-size\" id=\"h-stable-16-18l-h-output-for-small-scale-commercial-use\">Stabiel debiet van 16-18 liter per uur voor kleinschalig commercieel gebruik<\/h3>\n\n\n\n<p>De JM-N16E levert een consistente <strong>16-18L\/H uitvoer<\/strong>, geschikt voor locaties met een lichte tot gemiddelde vraag. Het systeem ondersteunt een continue dosering tijdens de dagelijkse diensturen met behoud van een stabiele textuur en soepele extrusie, waardoor het een betrouwbare oplossing is voor kleine winkels en proefproducties.<\/p>\n<\/div>\n\n\n\n<div class=\"wp-block-column is-layout-flow wp-block-column-is-layout-flow\">\n<h3 class=\"wp-block-heading has-medium-font-size\" id=\"h-single-hopper-and-cylinder-for-simplified-operation\"><strong>E\u00e9n trechter en cilinder voor eenvoudige bediening<\/strong><\/h3>\n\n\n\n<p>Uitgerust met een <strong>6L mengtrechter<\/strong> en een <strong>1,5L vriescilinder<\/strong>, Deze configuratie met \u00e9\u00e9n kop vereenvoudigt de bediening en vermindert het ingredi\u00ebntenbeheer. Het is vooral geschikt voor operators die zich richten op \u00e9\u00e9n kernsmaak of een wisselend seizoensaanbod zonder complexe systeemaanpassingen.<\/p>\n<\/div>\n<\/div>\n\n\n\n<div style=\"height:30px\" aria-hidden=\"true\" class=\"wp-block-spacer\"><\/div>\n\n\n\n<div class=\"wp-block-columns is-layout-flex wp-container-core-columns-is-layout-9d6595d7 wp-block-columns-is-layout-flex dt-cr-2\">\n<div class=\"wp-block-column is-layout-flow wp-block-column-is-layout-flow\">\n<h3 class=\"wp-block-heading has-medium-font-size\" id=\"h-compact-tabletop-design-for-limited-spaces\"><strong>Compact tafelontwerp voor beperkte ruimtes<\/strong><\/h3>\n\n\n\n<p>Met een slanke voetafdruk van <strong>220 \u00d7 660 \u00d7 720 mm<\/strong>, De JM-N16E past gemakkelijk op aanrechten en werktafels. De compacte structuur maakt hem ideaal voor winkels met beperkte ruimte, pop-up locaties en mobiele cateringopstellingen, terwijl hij toch echte commerci\u00eble soft serve prestaties levert.<\/p>\n<\/div>\n\n\n\n<div class=\"wp-block-column is-layout-flow wp-block-column-is-layout-flow\">\n<h3 class=\"wp-block-heading has-medium-font-size\" id=\"h-energy-efficient-air-cooling-system\"><strong>Energie-effici\u00ebnt luchtkoelsysteem<\/strong><\/h3>\n\n\n\n<p>De machine gebruikt een <strong>luchtkoelende condensatiemethode<\/strong> gecombineerd met <strong>Koelmiddel R404a<\/strong>, voor een betrouwbare koeling zonder wateraansluitingen. De <strong>1000W voedingssysteem<\/strong> brengt energie-effici\u00ebntie en prestaties in balans en helpt zo de bedrijfskosten voor kleine bedrijven te verlagen.<\/p>\n<\/div>\n<\/div>\n\n\n\n<div style=\"height:30px\" aria-hidden=\"true\" class=\"wp-block-spacer\"><\/div>\n\n\n\n<div class=\"wp-block-columns is-layout-flex wp-container-core-columns-is-layout-9d6595d7 wp-block-columns-is-layout-flex dt-cr-3\">\n<div class=\"wp-block-column is-layout-flow wp-block-column-is-layout-flow\">\n<h3 class=\"wp-block-heading has-medium-font-size\" id=\"h-more-detail\">Meer informatie<\/h3>\n\n\n\n<figure class=\"wp-block-gallery has-nested-images columns-2 is-cropped wp-block-gallery-1 is-layout-flex wp-block-gallery-is-layout-flex\">\n<figure data-wp-context=\"{&quot;imageId&quot;:&quot;69d2997357c46&quot;}\" data-wp-interactive=\"core\/image\" class=\"wp-block-image size-full wp-lightbox-container\"><img decoding=\"async\" width=\"800\" height=\"800\" data-wp-class--hide=\"state.isContentHidden\" data-wp-class--show=\"state.isContentVisible\" data-wp-init=\"callbacks.setButtonStyles\" data-wp-on-async--click=\"actions.showLightbox\" data-wp-on-async--load=\"callbacks.setButtonStyles\" data-wp-on-async-window--resize=\"callbacks.setButtonStyles\" data-id=\"51874\" src=\"https:\/\/kengmingcn.com\/wp-content\/uploads\/2025\/07\/JM-N16E.webp\" alt=\"JM-S16E IJsmachine\" class=\"wp-image-51874\" srcset=\"https:\/\/kengmingcn.com\/wp-content\/uploads\/2025\/07\/JM-N16E.webp 800w, https:\/\/kengmingcn.com\/wp-content\/uploads\/2025\/07\/JM-N16E-300x300.webp 300w, https:\/\/kengmingcn.com\/wp-content\/uploads\/2025\/07\/JM-N16E-150x150.webp 150w, https:\/\/kengmingcn.com\/wp-content\/uploads\/2025\/07\/JM-N16E-768x768.webp 768w, https:\/\/kengmingcn.com\/wp-content\/uploads\/2025\/07\/JM-N16E-200x200.webp 200w\" sizes=\"(max-width: 800px) 100vw, 800px\" \/><button\n\t\t\tclass=\"lightbox-trigger\"\n\t\t\ttype=\"button\"\n\t\t\taria-haspopup=\"dialog\"\n\t\t\taria-label=\"Vergroten\"\n\t\t\tdata-wp-init=\"callbacks.initTriggerButton\"\n\t\t\tdata-wp-on-async--click=\"actions.showLightbox\"\n\t\t\tdata-wp-style--right=\"state.imageButtonRight\"\n\t\t\tdata-wp-style--top=\"state.imageButtonTop\"\n\t\t>\n\t\t\t<svg xmlns=\"http:\/\/www.w3.org\/2000\/svg\" width=\"12\" height=\"12\" fill=\"none\" viewbox=\"0 0 12 12\">\n\t\t\t\t<path fill=\"#fff\" d=\"M2 0a2 2 0 0 0-2 2v2h1.5V2a.5.5 0 0 1 .5-.5h2V0H2Zm2 10.5H2a.5.5 0 0 1-.5-.5V8H0v2a2 2 0 0 0 2 2h2v-1.5ZM8 12v-1.5h2a.5.5 0 0 0 .5-.5V8H12v2a2 2 0 0 1-2 2H8Zm2-12a2 2 0 0 1 2 2v2h-1.5V2a.5.5 0 0 0-.5-.5H8V0h2Z\" \/>\n\t\t\t<\/svg>\n\t\t<\/button><\/figure>\n\n\n\n<figure data-wp-context=\"{&quot;imageId&quot;:&quot;69d2997357fda&quot;}\" data-wp-interactive=\"core\/image\" class=\"wp-block-image size-large wp-lightbox-container\"><img decoding=\"async\" width=\"1024\" height=\"683\" data-wp-class--hide=\"state.isContentHidden\" data-wp-class--show=\"state.isContentVisible\" data-wp-init=\"callbacks.setButtonStyles\" data-wp-on-async--click=\"actions.showLightbox\" data-wp-on-async--load=\"callbacks.setButtonStyles\" data-wp-on-async-window--resize=\"callbacks.setButtonStyles\" data-id=\"51882\" src=\"https:\/\/kengmingcn.com\/wp-content\/uploads\/2025\/07\/JM-N16E-8-1024x683.webp\" alt=\"\" class=\"wp-image-51882\" srcset=\"https:\/\/kengmingcn.com\/wp-content\/uploads\/2025\/07\/JM-N16E-8-1024x683.webp 1024w, https:\/\/kengmingcn.com\/wp-content\/uploads\/2025\/07\/JM-N16E-8-300x200.webp 300w, https:\/\/kengmingcn.com\/wp-content\/uploads\/2025\/07\/JM-N16E-8-768x512.webp 768w, https:\/\/kengmingcn.com\/wp-content\/uploads\/2025\/07\/JM-N16E-8-1536x1024.webp 1536w, https:\/\/kengmingcn.com\/wp-content\/uploads\/2025\/07\/JM-N16E-8-2048x1365.webp 2048w, https:\/\/kengmingcn.com\/wp-content\/uploads\/2025\/07\/JM-N16E-8-1200x800.webp 1200w\" sizes=\"(max-width: 1024px) 100vw, 1024px\" \/><button\n\t\t\tclass=\"lightbox-trigger\"\n\t\t\ttype=\"button\"\n\t\t\taria-haspopup=\"dialog\"\n\t\t\taria-label=\"Vergroten\"\n\t\t\tdata-wp-init=\"callbacks.initTriggerButton\"\n\t\t\tdata-wp-on-async--click=\"actions.showLightbox\"\n\t\t\tdata-wp-style--right=\"state.imageButtonRight\"\n\t\t\tdata-wp-style--top=\"state.imageButtonTop\"\n\t\t>\n\t\t\t<svg xmlns=\"http:\/\/www.w3.org\/2000\/svg\" width=\"12\" height=\"12\" fill=\"none\" viewbox=\"0 0 12 12\">\n\t\t\t\t<path fill=\"#fff\" d=\"M2 0a2 2 0 0 0-2 2v2h1.5V2a.5.5 0 0 1 .5-.5h2V0H2Zm2 10.5H2a.5.5 0 0 1-.5-.5V8H0v2a2 2 0 0 0 2 2h2v-1.5ZM8 12v-1.5h2a.5.5 0 0 0 .5-.5V8H12v2a2 2 0 0 1-2 2H8Zm2-12a2 2 0 0 1 2 2v2h-1.5V2a.5.5 0 0 0-.5-.5H8V0h2Z\" \/>\n\t\t\t<\/svg>\n\t\t<\/button><\/figure>\n\n\n\n<figure data-wp-context=\"{&quot;imageId&quot;:&quot;69d29973582a0&quot;}\" data-wp-interactive=\"core\/image\" class=\"wp-block-image size-large wp-lightbox-container\"><img decoding=\"async\" width=\"1024\" height=\"683\" data-wp-class--hide=\"state.isContentHidden\" data-wp-class--show=\"state.isContentVisible\" data-wp-init=\"callbacks.setButtonStyles\" data-wp-on-async--click=\"actions.showLightbox\" data-wp-on-async--load=\"callbacks.setButtonStyles\" data-wp-on-async-window--resize=\"callbacks.setButtonStyles\" data-id=\"51881\" src=\"https:\/\/kengmingcn.com\/wp-content\/uploads\/2025\/07\/JM-N16E-7-1024x683.webp\" alt=\"\" class=\"wp-image-51881\" srcset=\"https:\/\/kengmingcn.com\/wp-content\/uploads\/2025\/07\/JM-N16E-7-1024x683.webp 1024w, https:\/\/kengmingcn.com\/wp-content\/uploads\/2025\/07\/JM-N16E-7-300x200.webp 300w, https:\/\/kengmingcn.com\/wp-content\/uploads\/2025\/07\/JM-N16E-7-768x512.webp 768w, https:\/\/kengmingcn.com\/wp-content\/uploads\/2025\/07\/JM-N16E-7-1536x1024.webp 1536w, https:\/\/kengmingcn.com\/wp-content\/uploads\/2025\/07\/JM-N16E-7-2048x1365.webp 2048w, https:\/\/kengmingcn.com\/wp-content\/uploads\/2025\/07\/JM-N16E-7-1200x800.webp 1200w\" sizes=\"(max-width: 1024px) 100vw, 1024px\" \/><button\n\t\t\tclass=\"lightbox-trigger\"\n\t\t\ttype=\"button\"\n\t\t\taria-haspopup=\"dialog\"\n\t\t\taria-label=\"Vergroten\"\n\t\t\tdata-wp-init=\"callbacks.initTriggerButton\"\n\t\t\tdata-wp-on-async--click=\"actions.showLightbox\"\n\t\t\tdata-wp-style--right=\"state.imageButtonRight\"\n\t\t\tdata-wp-style--top=\"state.imageButtonTop\"\n\t\t>\n\t\t\t<svg xmlns=\"http:\/\/www.w3.org\/2000\/svg\" width=\"12\" height=\"12\" fill=\"none\" viewbox=\"0 0 12 12\">\n\t\t\t\t<path fill=\"#fff\" d=\"M2 0a2 2 0 0 0-2 2v2h1.5V2a.5.5 0 0 1 .5-.5h2V0H2Zm2 10.5H2a.5.5 0 0 1-.5-.5V8H0v2a2 2 0 0 0 2 2h2v-1.5ZM8 12v-1.5h2a.5.5 0 0 0 .5-.5V8H12v2a2 2 0 0 1-2 2H8Zm2-12a2 2 0 0 1 2 2v2h-1.5V2a.5.5 0 0 0-.5-.5H8V0h2Z\" \/>\n\t\t\t<\/svg>\n\t\t<\/button><\/figure>\n\n\n\n<figure data-wp-context=\"{&quot;imageId&quot;:&quot;69d29973585b6&quot;}\" data-wp-interactive=\"core\/image\" class=\"wp-block-image size-large wp-lightbox-container\"><img decoding=\"async\" width=\"1024\" height=\"683\" data-wp-class--hide=\"state.isContentHidden\" data-wp-class--show=\"state.isContentVisible\" data-wp-init=\"callbacks.setButtonStyles\" data-wp-on-async--click=\"actions.showLightbox\" data-wp-on-async--load=\"callbacks.setButtonStyles\" data-wp-on-async-window--resize=\"callbacks.setButtonStyles\" data-id=\"51880\" src=\"https:\/\/kengmingcn.com\/wp-content\/uploads\/2025\/07\/JM-N16E-2-1024x683.webp\" alt=\"\" class=\"wp-image-51880\" srcset=\"https:\/\/kengmingcn.com\/wp-content\/uploads\/2025\/07\/JM-N16E-2-1024x683.webp 1024w, https:\/\/kengmingcn.com\/wp-content\/uploads\/2025\/07\/JM-N16E-2-300x200.webp 300w, https:\/\/kengmingcn.com\/wp-content\/uploads\/2025\/07\/JM-N16E-2-768x512.webp 768w, https:\/\/kengmingcn.com\/wp-content\/uploads\/2025\/07\/JM-N16E-2-1536x1024.webp 1536w, https:\/\/kengmingcn.com\/wp-content\/uploads\/2025\/07\/JM-N16E-2-2048x1365.webp 2048w, https:\/\/kengmingcn.com\/wp-content\/uploads\/2025\/07\/JM-N16E-2-1200x800.webp 1200w\" sizes=\"(max-width: 1024px) 100vw, 1024px\" \/><button\n\t\t\tclass=\"lightbox-trigger\"\n\t\t\ttype=\"button\"\n\t\t\taria-haspopup=\"dialog\"\n\t\t\taria-label=\"Vergroten\"\n\t\t\tdata-wp-init=\"callbacks.initTriggerButton\"\n\t\t\tdata-wp-on-async--click=\"actions.showLightbox\"\n\t\t\tdata-wp-style--right=\"state.imageButtonRight\"\n\t\t\tdata-wp-style--top=\"state.imageButtonTop\"\n\t\t>\n\t\t\t<svg xmlns=\"http:\/\/www.w3.org\/2000\/svg\" width=\"12\" height=\"12\" fill=\"none\" viewbox=\"0 0 12 12\">\n\t\t\t\t<path fill=\"#fff\" d=\"M2 0a2 2 0 0 0-2 2v2h1.5V2a.5.5 0 0 1 .5-.5h2V0H2Zm2 10.5H2a.5.5 0 0 1-.5-.5V8H0v2a2 2 0 0 0 2 2h2v-1.5ZM8 12v-1.5h2a.5.5 0 0 0 .5-.5V8H12v2a2 2 0 0 1-2 2H8Zm2-12a2 2 0 0 1 2 2v2h-1.5V2a.5.5 0 0 0-.5-.5H8V0h2Z\" \/>\n\t\t\t<\/svg>\n\t\t<\/button><\/figure>\n<\/figure>\n<\/div>\n<\/div>\n\n\n\n<div class=\"wp-block-columns is-layout-flex wp-container-core-columns-is-layout-9d6595d7 wp-block-columns-is-layout-flex dt-cr-4\">\n<div class=\"wp-block-column is-layout-flow wp-block-column-is-layout-flow\">\n<div style=\"height:30px\" aria-hidden=\"true\" class=\"wp-block-spacer\"><\/div>\n\n\n\n<div style=\"height:30px\" aria-hidden=\"true\" class=\"wp-block-spacer\"><\/div>\n\n\n\n<h3 class=\"wp-block-heading\" id=\"h-why-choose-us\">Waarom voor ons kiezen?<\/h3>\n\n\n\n<p>De <strong>JM-N16E \u00e9\u00e9n-kops Mini Softijsmachine<\/strong> biedt compacte afmetingen, stabiele prestaties en eenvoudige bediening in een visueel flexibel ontwerp. De machine is ideaal voor kleine commerci\u00eble gelegenheden en soft serve-toepassingen op instapniveau en biedt een praktische en kosteneffectieve oplossing voor bedrijven en B2B-distributeurs die op zoek zijn naar een betrouwbare softijsmachine voor op tafel.<\/p>\n<\/div>\n<\/div>","protected":false},"excerpt":{"rendered":"<ul>\n<li class=\"ai-optimize-46\">Vermogen: 1000W<\/li>\n<li class=\"ai-optimize-47\">Vermogen: 16L\/H<\/li>\n<li class=\"ai-optimize-48\">Afmeting: 220*<em>660*<\/em>720 mm<\/li>\n<li class=\"ai-optimize-49\">Mengtrechter: 6L<\/li>\n<li class=\"ai-optimize-50\">Cilinder: 1.5L<\/li>\n<\/ul>","protected":false},"featured_media":51874,"comment_status":"open","ping_status":"closed","template":"","meta":{"_acf_changed":false},"product_brand":[252],"product_cat":[245,275],"product_tag":[],"class_list":{"0":"post-51872","1":"product","2":"type-product","3":"status-publish","4":"has-post-thumbnail","6":"product_brand-juanming","7":"product_cat-ice-cream-machine","8":"product_cat-refrigeration-equipment","9":"description-off","11":"first","12":"instock","13":"shipping-taxable","14":"product-type-simple"},"acf":[],"yoast_head":"<!-- This site is optimized with the Yoast SEO Premium plugin v25.3 (Yoast SEO v26.3) - https:\/\/yoast.com\/wordpress\/plugins\/seo\/ -->\n<title>16-18L\/H Mini Soft Ice Cream Machine JM-N16E<\/title>\n<meta name=\"description\" content=\"Intelligent, puffing, separate outlet; voltage can be customized, common voltage: 220V, 110V, can deliver flowers worldwide\" \/>\n<meta name=\"robots\" content=\"index, follow, max-snippet:-1, max-image-preview:large, max-video-preview:-1\" \/>\n<link rel=\"canonical\" href=\"https:\/\/kengmingcn.com\/nl\/product\/16-18l-h-tafel-softijsmachine-jm-n16e\/\" \/>\n<meta property=\"og:locale\" content=\"nl_NL\" \/>\n<meta property=\"og:type\" content=\"article\" \/>\n<meta property=\"og:title\" content=\"16-18L\/H Table Soft Ice Cream Machine JM-N16E\" \/>\n<meta property=\"og:description\" content=\"Intelligent, puffing, separate outlet; voltage can be customized, common voltage: 220V, 110V, can deliver flowers worldwide\" \/>\n<meta property=\"og:url\" content=\"https:\/\/kengmingcn.com\/nl\/product\/16-18l-h-tafel-softijsmachine-jm-n16e\/\" \/>\n<meta property=\"og:site_name\" content=\"KengMing | Manufacturer of Commercial Kitchen Equipment\" \/>\n<meta property=\"article:modified_time\" content=\"2025-12-26T05:31:37+00:00\" \/>\n<meta property=\"og:image\" content=\"https:\/\/kengmingcn.com\/wp-content\/uploads\/2025\/07\/JM-N16E.webp\" \/>\n\t<meta property=\"og:image:width\" content=\"800\" \/>\n\t<meta property=\"og:image:height\" content=\"800\" \/>\n\t<meta property=\"og:image:type\" content=\"image\/webp\" \/>\n<meta name=\"twitter:card\" content=\"summary_large_image\" \/>\n<meta name=\"twitter:label1\" content=\"Prijs\" \/>\n\t<meta name=\"twitter:data1\" content=\"\" \/>\n\t<meta name=\"twitter:label2\" content=\"Beschikbaarheid\" \/>\n\t<meta name=\"twitter:data2\" content=\"Op voorraad\" \/>\n<script type=\"application\/ld+json\" class=\"yoast-schema-graph\">{\"@context\":\"https:\/\/schema.org\",\"@graph\":[{\"@type\":\"WebPage\",\"@id\":\"https:\/\/kengmingcn.com\/es\/product\/16-18l-h-mesa-suave-maquina-de-helados-jm-n16e\/\",\"url\":\"https:\/\/kengmingcn.com\/es\/product\/16-18l-h-mesa-suave-maquina-de-helados-jm-n16e\/\",\"name\":\"16-18L\/H Mini Soft Ice Cream Machine JM-N16E\",\"isPartOf\":{\"@id\":\"https:\/\/kengmingcn.com\/#website\"},\"primaryImageOfPage\":{\"@id\":\"https:\/\/kengmingcn.com\/es\/product\/16-18l-h-mesa-suave-maquina-de-helados-jm-n16e\/#primaryimage\"},\"image\":{\"@id\":\"https:\/\/kengmingcn.com\/es\/product\/16-18l-h-mesa-suave-maquina-de-helados-jm-n16e\/#primaryimage\"},\"thumbnailUrl\":\"https:\/\/kengmingcn.com\/wp-content\/uploads\/2025\/07\/JM-N16E.webp\",\"datePublished\":\"2025-07-25T01:50:47+00:00\",\"dateModified\":\"2025-12-26T05:31:37+00:00\",\"description\":\"Intelligent, puffing, separate outlet; voltage can be customized, common voltage: 220V, 110V, can deliver flowers worldwide\",\"breadcrumb\":{\"@id\":\"https:\/\/kengmingcn.com\/es\/product\/16-18l-h-mesa-suave-maquina-de-helados-jm-n16e\/#breadcrumb\"},\"inLanguage\":\"nl-NL\",\"potentialAction\":[{\"@type\":\"ReadAction\",\"target\":[\"https:\/\/kengmingcn.com\/es\/product\/16-18l-h-mesa-suave-maquina-de-helados-jm-n16e\/\"]}]},{\"@type\":\"ImageObject\",\"inLanguage\":\"nl-NL\",\"@id\":\"https:\/\/kengmingcn.com\/es\/product\/16-18l-h-mesa-suave-maquina-de-helados-jm-n16e\/#primaryimage\",\"url\":\"https:\/\/kengmingcn.com\/wp-content\/uploads\/2025\/07\/JM-N16E.webp\",\"contentUrl\":\"https:\/\/kengmingcn.com\/wp-content\/uploads\/2025\/07\/JM-N16E.webp\",\"width\":800,\"height\":800,\"caption\":\"JM-S16E Ice cream machine\"},{\"@type\":\"BreadcrumbList\",\"@id\":\"https:\/\/kengmingcn.com\/es\/product\/16-18l-h-mesa-suave-maquina-de-helados-jm-n16e\/#breadcrumb\",\"itemListElement\":[{\"@type\":\"ListItem\",\"position\":1,\"name\":\"Home\",\"item\":\"https:\/\/kengmingcn.com\/\"},{\"@type\":\"ListItem\",\"position\":2,\"name\":\"Catalogue\",\"item\":\"https:\/\/kengmingcn.com\/?page_id=27131\"},{\"@type\":\"ListItem\",\"position\":3,\"name\":\"16-18L\/H Table Soft Ice Cream Machine JM-N16E\"}]},{\"@type\":\"WebSite\",\"@id\":\"https:\/\/kengmingcn.com\/#website\",\"url\":\"https:\/\/kengmingcn.com\/\",\"name\":\"Kitchen Equipment\",\"description\":\"KengMing is a professional commercial kitchen equipment manufacturer and wholesale supplier, offering cooking, food prep and bakery equipment with OEM &amp; ODM service for global distributors.\",\"publisher\":{\"@id\":\"https:\/\/kengmingcn.com\/#organization\"},\"potentialAction\":[{\"@type\":\"SearchAction\",\"target\":{\"@type\":\"EntryPoint\",\"urlTemplate\":\"https:\/\/kengmingcn.com\/?s={search_term_string}\"},\"query-input\":{\"@type\":\"PropertyValueSpecification\",\"valueRequired\":true,\"valueName\":\"search_term_string\"}}],\"inLanguage\":\"nl-NL\"},{\"@type\":\"Organization\",\"@id\":\"https:\/\/kengmingcn.com\/#organization\",\"name\":\"GuangZhou KengMing\",\"url\":\"https:\/\/kengmingcn.com\/\",\"logo\":{\"@type\":\"ImageObject\",\"inLanguage\":\"nl-NL\",\"@id\":\"https:\/\/kengmingcn.com\/#\/schema\/logo\/image\/\",\"url\":\"https:\/\/kengmingcn.com\/wp-content\/uploads\/2025\/04\/cropped-1744508604969-removebg-preview.png\",\"contentUrl\":\"https:\/\/kengmingcn.com\/wp-content\/uploads\/2025\/04\/cropped-1744508604969-removebg-preview.png\",\"width\":512,\"height\":512,\"caption\":\"GuangZhou KengMing\"},\"image\":{\"@id\":\"https:\/\/kengmingcn.com\/#\/schema\/logo\/image\/\"}}]}<\/script>\n<meta property=\"product:price:amount\" content=\"0.00\" \/>\n<meta property=\"product:price:currency\" content=\"USD\" \/>\n<meta property=\"og:availability\" content=\"instock\" \/>\n<meta property=\"product:availability\" content=\"instock\" \/>\n<meta property=\"product:condition\" content=\"new\" \/>\n<!-- \/ Yoast SEO Premium plugin. -->","yoast_head_json":{"title":"16-18L\/H Mini Zacht IJsmachine JM-N16E","description":"Intelligent, blazen, aparte uitlaat; spanning kan worden aangepast, gemeenschappelijke spanning: 220V, 110V, kan bloemen leveren over de hele wereld","robots":{"index":"index","follow":"follow","max-snippet":"max-snippet:-1","max-image-preview":"max-image-preview:large","max-video-preview":"max-video-preview:-1"},"canonical":"https:\/\/kengmingcn.com\/nl\/product\/16-18l-h-tafel-softijsmachine-jm-n16e\/","og_locale":"nl_NL","og_type":"article","og_title":"16-18L\/H Table Soft Ice Cream Machine JM-N16E","og_description":"Intelligent, puffing, separate outlet; voltage can be customized, common voltage: 220V, 110V, can deliver flowers worldwide","og_url":"https:\/\/kengmingcn.com\/nl\/product\/16-18l-h-tafel-softijsmachine-jm-n16e\/","og_site_name":"KengMing | Manufacturer of Commercial Kitchen Equipment","article_modified_time":"2025-12-26T05:31:37+00:00","og_image":[{"width":800,"height":800,"url":"https:\/\/kengmingcn.com\/wp-content\/uploads\/2025\/07\/JM-N16E.webp","type":"image\/webp"}],"twitter_card":"summary_large_image","twitter_misc":{"Prijs":"","Beschikbaarheid":"Op voorraad"},"schema":{"@context":"https:\/\/schema.org","@graph":[{"@type":"WebPage","@id":"https:\/\/kengmingcn.com\/es\/product\/16-18l-h-mesa-suave-maquina-de-helados-jm-n16e\/","url":"https:\/\/kengmingcn.com\/es\/product\/16-18l-h-mesa-suave-maquina-de-helados-jm-n16e\/","name":"16-18L\/H Mini Zacht IJsmachine JM-N16E","isPartOf":{"@id":"https:\/\/kengmingcn.com\/#website"},"primaryImageOfPage":{"@id":"https:\/\/kengmingcn.com\/es\/product\/16-18l-h-mesa-suave-maquina-de-helados-jm-n16e\/#primaryimage"},"image":{"@id":"https:\/\/kengmingcn.com\/es\/product\/16-18l-h-mesa-suave-maquina-de-helados-jm-n16e\/#primaryimage"},"thumbnailUrl":"https:\/\/kengmingcn.com\/wp-content\/uploads\/2025\/07\/JM-N16E.webp","datePublished":"2025-07-25T01:50:47+00:00","dateModified":"2025-12-26T05:31:37+00:00","description":"Intelligent, blazen, aparte uitlaat; spanning kan worden aangepast, gemeenschappelijke spanning: 220V, 110V, kan bloemen leveren over de hele wereld","breadcrumb":{"@id":"https:\/\/kengmingcn.com\/es\/product\/16-18l-h-mesa-suave-maquina-de-helados-jm-n16e\/#breadcrumb"},"inLanguage":"nl-NL","potentialAction":[{"@type":"ReadAction","target":["https:\/\/kengmingcn.com\/es\/product\/16-18l-h-mesa-suave-maquina-de-helados-jm-n16e\/"]}]},{"@type":"ImageObject","inLanguage":"nl-NL","@id":"https:\/\/kengmingcn.com\/es\/product\/16-18l-h-mesa-suave-maquina-de-helados-jm-n16e\/#primaryimage","url":"https:\/\/kengmingcn.com\/wp-content\/uploads\/2025\/07\/JM-N16E.webp","contentUrl":"https:\/\/kengmingcn.com\/wp-content\/uploads\/2025\/07\/JM-N16E.webp","width":800,"height":800,"caption":"JM-S16E Ice cream machine"},{"@type":"BreadcrumbList","@id":"https:\/\/kengmingcn.com\/es\/product\/16-18l-h-mesa-suave-maquina-de-helados-jm-n16e\/#breadcrumb","itemListElement":[{"@type":"ListItem","position":1,"name":"Home","item":"https:\/\/kengmingcn.com\/"},{"@type":"ListItem","position":2,"name":"Catalogue","item":"https:\/\/kengmingcn.com\/?page_id=27131"},{"@type":"ListItem","position":3,"name":"16-18L\/H Table Soft Ice Cream Machine JM-N16E"}]},{"@type":"WebSite","@id":"https:\/\/kengmingcn.com\/#website","url":"https:\/\/kengmingcn.com\/","name":"Keukenapparatuur","description":"KengMing is een professionele fabrikant van commerci\u00eble keukenapparatuur en groothandelsleverancier, die kook-, voedselvoorbereidings- en bakkerijapparatuur met OEM &amp; ODM service aanbiedt aan wereldwijde distributeurs.","publisher":{"@id":"https:\/\/kengmingcn.com\/#organization"},"potentialAction":[{"@type":"SearchAction","target":{"@type":"EntryPoint","urlTemplate":"https:\/\/kengmingcn.com\/?s={search_term_string}"},"query-input":{"@type":"PropertyValueSpecification","valueRequired":true,"valueName":"search_term_string"}}],"inLanguage":"nl-NL"},{"@type":"Organization","@id":"https:\/\/kengmingcn.com\/#organization","name":"GuangZhou KengMing","url":"https:\/\/kengmingcn.com\/","logo":{"@type":"ImageObject","inLanguage":"nl-NL","@id":"https:\/\/kengmingcn.com\/#\/schema\/logo\/image\/","url":"https:\/\/kengmingcn.com\/wp-content\/uploads\/2025\/04\/cropped-1744508604969-removebg-preview.png","contentUrl":"https:\/\/kengmingcn.com\/wp-content\/uploads\/2025\/04\/cropped-1744508604969-removebg-preview.png","width":512,"height":512,"caption":"GuangZhou KengMing"},"image":{"@id":"https:\/\/kengmingcn.com\/#\/schema\/logo\/image\/"}}]},"product_price_amount":"0.00","product_price_currency":"USD","og_availability":"instock","product_availability":"instock","product_condition":"new"},"_links":{"self":[{"href":"https:\/\/kengmingcn.com\/nl\/wp-json\/wp\/v2\/product\/51872","targetHints":{"allow":["GET"]}}],"collection":[{"href":"https:\/\/kengmingcn.com\/nl\/wp-json\/wp\/v2\/product"}],"about":[{"href":"https:\/\/kengmingcn.com\/nl\/wp-json\/wp\/v2\/types\/product"}],"replies":[{"embeddable":true,"href":"https:\/\/kengmingcn.com\/nl\/wp-json\/wp\/v2\/comments?post=51872"}],"wp:featuredmedia":[{"embeddable":true,"href":"https:\/\/kengmingcn.com\/nl\/wp-json\/wp\/v2\/media\/51874"}],"wp:attachment":[{"href":"https:\/\/kengmingcn.com\/nl\/wp-json\/wp\/v2\/media?parent=51872"}],"wp:term":[{"taxonomy":"product_brand","embeddable":true,"href":"https:\/\/kengmingcn.com\/nl\/wp-json\/wp\/v2\/product_brand?post=51872"},{"taxonomy":"product_cat","embeddable":true,"href":"https:\/\/kengmingcn.com\/nl\/wp-json\/wp\/v2\/product_cat?post=51872"},{"taxonomy":"product_tag","embeddable":true,"href":"https:\/\/kengmingcn.com\/nl\/wp-json\/wp\/v2\/product_tag?post=51872"}],"curies":[{"name":"wp","href":"https:\/\/api.w.org\/{rel}","templated":true}]}}