{"id":50128,"date":"2025-05-06T18:40:40","date_gmt":"2025-05-06T10:40:40","guid":{"rendered":"https:\/\/kengmingcn.com\/?post_type=product&#038;p=50128"},"modified":"2025-06-12T17:40:51","modified_gmt":"2025-06-12T09:40:51","slug":"dik-gesneden-yoghurt-machine-2000w-hoge-prestaties-gebakken-ijs-machine-gerold-ijs-machine-ljs2050af","status":"publish","type":"product","link":"https:\/\/kengmingcn.com\/nl\/product\/dik-gesneden-yoghurt-machine-2000w-hoge-prestaties-gebakken-ijs-machine-gerold-ijs-machine-ljs2050af\/","title":{"rendered":"Dikke gesneden yoghurt machine 2000W hoge prestaties gebakken ijs machine gerold ijs machine LJS2050AF"},"content":{"rendered":"<div style=\"width: 640px;\" class=\"wp-video\"><!--[if lt IE 9]><script>document.createElement('video');<\/script><![endif]-->\n<video class=\"wp-video-shortcode\" id=\"video-50128-1\" width=\"640\" height=\"360\" preload=\"metadata\" controls=\"controls\"><source type=\"video\/mp4\" src=\"https:\/\/cdn-gzkm.b-cdn.net\/Model\/LJS2050AF\/Yogurt%20Machine.mp4?_=1\" \/><a href=\"https:\/\/cdn-gzkm.b-cdn.net\/Model\/LJS2050AF\/Yogurt%20Machine.mp4\">https:\/\/cdn-gzkm.b-cdn.net\/Model\/LJS2050AF\/Yogurt%20Machine.mp4<\/a><\/video><\/div>\n<p>Roerbakijsmachine is een apparaat dat gebruikt wordt om vers geroerbakt ijs te maken. Het apparaat bevriest en roert ijsingredi\u00ebnten snel, inclusief de oorspronkelijke vloeistof en verschillende toppings zoals fruit en noten, door ze op een vriezerplaat te gieten. De vriezer zorgt voor koude temperaturen waardoor de ingredi\u00ebnten snel bevriezen, terwijl de operator met een spatel de ingredi\u00ebnten voortdurend roert en draait om ervoor te zorgen dat het ijs gelijkmatig wordt gemengd en de gewenste textuur krijgt. Dit proces maakt het mogelijk om verschillende ijssmaken te maken en draagt bij aan het interactieve en leuke karakter van het productieproces.<\/p>\n<figure class=\"wp-block-image\"><img decoding=\"async\" src=\"https:\/\/image.made-in-china.com\/226f3j00AcBCNGsqcvoj\/2000W-High-Performance-Fried-Ice-Cream-Machine-Rolled-Ice-Machine-LJS2050AF-220V50Hz-.webp\" alt=\"2000W Hoge prestaties Gebakken ijs Machine gerold ijs Machine (LJS2050AF-220V50Hz)\" \/><\/figure>\n<p>1.Snelvriestechnologie: De vrieslade bevriest de ingredi\u00ebnten snel bij een zeer lage temperatuur, waardoor een delicate ijstextuur ontstaat.<br \/>\n2. Gediversifieerde ingredi\u00ebntenverwerking: Het kan een verscheidenheid aan toppings en ingredi\u00ebnten verwerken, zoals fruit, chocolade, noten, enz. om ijs met rijke smaken te cre\u00ebren.<br \/>\n3.Interactief: IJs wordt ter plekke gemaakt, waardoor klanten kunnen deelnemen aan het kiezen en bekijken van het productieproces, waardoor het belevingsgevoel toeneemt.<br \/>\n4.Gelijkmatig mengen: Constant roeren en omdraaien door de spatel zorgt voor een gelijkmatige menging en consistente smaak van het ijs.<br \/>\n5. Materialen van hoge kwaliteit: Duurzame bevriezingsmaterialen en -structuren worden gewoonlijk gebruikt om een langdurige stabiele werking te garanderen.<br \/>\n6. Eenvoudige bediening: Uitgerust met een intu\u00eftief bedieningspaneel is het productieproces eenvoudig te bedienen en aan te passen.<\/p>\n<figure class=\"wp-block-image\"><img decoding=\"async\" src=\"https:\/\/image.made-in-china.com\/226f3j00dbMvnLZytBkS\/2000W-High-Performance-Fried-Ice-Cream-Machine-Rolled-Ice-Machine-LJS2050AF-220V50Hz-.webp\" alt=\"2000W Hoge prestaties Gebakken ijs Machine gerold ijs Machine (LJS2050AF-220V50Hz)\" \/><\/figure>\n<figure class=\"wp-block-image\"><img decoding=\"async\" src=\"https:\/\/image.made-in-china.com\/226f3j00doCMNkKBtvqS\/2000W-High-Performance-Fried-Ice-Cream-Machine-Rolled-Ice-Machine-LJS2050AF-220V50Hz-.webp\" alt=\"2000W Hoge prestaties Gebakken ijs Machine gerold ijs Machine (LJS2050AF-220V50Hz)\" \/><\/figure>\n<p><img decoding=\"async\" class=\"alignnone size-full wp-image-50876\" src=\"http:\/\/kengmingcn.com\/wp-content\/uploads\/2025\/05\/Fried-Ice-Cream-Machine-Rolled-Ice-Machine-LJS2050AF_11zon.webp\" alt=\"Gebakken ijsmachine Gerold ijsmachine LJS2050AF\" width=\"1060\" height=\"500\" srcset=\"https:\/\/kengmingcn.com\/wp-content\/uploads\/2025\/05\/Fried-Ice-Cream-Machine-Rolled-Ice-Machine-LJS2050AF_11zon.webp 1060w, https:\/\/kengmingcn.com\/wp-content\/uploads\/2025\/05\/Fried-Ice-Cream-Machine-Rolled-Ice-Machine-LJS2050AF_11zon-300x142.webp 300w, https:\/\/kengmingcn.com\/wp-content\/uploads\/2025\/05\/Fried-Ice-Cream-Machine-Rolled-Ice-Machine-LJS2050AF_11zon-1024x483.webp 1024w, https:\/\/kengmingcn.com\/wp-content\/uploads\/2025\/05\/Fried-Ice-Cream-Machine-Rolled-Ice-Machine-LJS2050AF_11zon-768x362.webp 768w\" sizes=\"(max-width: 1060px) 100vw, 1060px\" \/><\/p>\n<p>1. Melkthee winkel:<br \/>\nDoel: Maak snel verschillende smaken gebakken smoothie melk thee om de diversiteit van het menu te vergroten.<br \/>\nVoorbeeld: Melkthee winkel met automatische gebakken smoothie machine om mango gebakken smoothie melkthee, aardbei gebakken smoothie melkthee te maken om klanten aan te trekken.<br \/>\n2. Ijswinkel:<br \/>\nDoel: Gebakken ijs maken en klanten een unieke ijservaring bieden.<br \/>\nVoorbeeld: IJssalons gebruiken de fried smoothie machine om chocolade fried ijs of gemengd fruit fried ijs te maken om de productvari\u00ebteit te vergroten.<br \/>\n3. Restaurantketen:<br \/>\nDoel: Het productieproces standaardiseren om ervoor te zorgen dat alle winkels smoothies van consistente kwaliteit aanbieden.<br \/>\nVoorbeeld: Een restaurantketen lanceert in de zomer een reeks gefrituurde smoothies, zoals Strawberry Banana Fried Smoothie, om in elk verkooppunt dezelfde kwaliteit te garanderen.<br \/>\n4. Cafetaria:<br \/>\nDoel: Klanten de mogelijkheid bieden om ter plekke gebakken smoothies te maken om de interactiviteit van het eten te verhogen.<br \/>\nVoorbeeld: cafetaria zet gebakken smoothiemachine op, klanten kunnen verschillende ingredi\u00ebnten en smaken kiezen om ter plekke smoothies te maken.<br \/>\n5. Evenementen en tentoonstellingen:<br \/>\nDoel: Snel grote hoeveelheden smoothies produceren om te voldoen aan de grote vraag tijdens evenementen.<br \/>\nVoorbeeld: Een gefrituurde smoothiemachine gebruiken op zomerse muziekfestivals of tentoonstellingen om grote hoeveelheden smoothiedrankjes te serveren, zoals fruitblended gefrituurde smoothies.<\/p>\n<figure class=\"wp-block-image\"><img decoding=\"async\" src=\"https:\/\/image.made-in-china.com\/226f3j00doBvnJslzMbS\/2000W-High-Performance-Fried-Ice-Cream-Machine-Rolled-Ice-Machine-LJS2050AF-220V50Hz-.webp\" alt=\"2000W Hoge prestaties Gebakken ijs Machine gerold ijs Machine (LJS2050AF-220V50Hz)\" \/><\/figure>\n<figure class=\"wp-block-image\"><img decoding=\"async\" src=\"https:\/\/image.made-in-china.com\/226f3j00akCvNYjsweoO\/2000W-High-Performance-Fried-Ice-Cream-Machine-Rolled-Ice-Machine-LJS2050AF-220V50Hz-.webp\" alt=\"2000W Hoge prestaties Gebakken ijs Machine gerold ijs Machine (LJS2050AF-220V50Hz)\" \/><\/figure>","protected":false},"excerpt":{"rendered":"<ul>\n<li>Vermogen: 2000W<\/li>\n<li>Koelmiddel: R22<\/li>\n<li>Grootte koekenpan: 50*50*3.5cm<\/li>\n<li>Toebehoren: Deksel1\/Vorm1\/Spatula2<\/li>\n<li>Methode om ijs te maken: Compressor voor snelle koeling<\/li>\n<li>Grondstoffen: Fruit\/Yoghurt\/Dranken\/Ice Cream<\/li>\n<li>Toepasselijke plaatsen: Ijswinkel\/Hotspot\/Horeca<\/li>\n<\/ul>","protected":false},"featured_media":50130,"comment_status":"open","ping_status":"closed","template":"","meta":{"_acf_changed":false},"product_brand":[],"product_cat":[251,275],"product_tag":[],"class_list":{"0":"post-50128","1":"product","2":"type-product","3":"status-publish","4":"has-post-thumbnail","6":"product_cat-fried-lce-cream-machine","7":"product_cat-refrigeration-equipment","8":"description-off","10":"first","11":"instock","12":"shipping-taxable","13":"product-type-simple"},"acf":[],"yoast_head":"<!-- This site is optimized with the Yoast SEO Premium plugin v25.3 (Yoast SEO v26.3) - https:\/\/yoast.com\/wordpress\/plugins\/seo\/ -->\n<title>Thick Cut Yogurt Machine 2000W<\/title>\n<meta name=\"description\" content=\"Thick Cut Yogurt Machine 2000W High Performance Fried Ice Cream Machine Rolled Ice Machine LJS2050AF\" \/>\n<meta name=\"robots\" content=\"index, follow, max-snippet:-1, max-image-preview:large, max-video-preview:-1\" \/>\n<link rel=\"canonical\" href=\"https:\/\/kengmingcn.com\/nl\/product\/dik-gesneden-yoghurt-machine-2000w-hoge-prestaties-gebakken-ijs-machine-gerold-ijs-machine-ljs2050af\/\" \/>\n<meta property=\"og:locale\" content=\"nl_NL\" \/>\n<meta property=\"og:type\" content=\"article\" \/>\n<meta property=\"og:title\" content=\"Thick Cut Yogurt Machine 2000W High Performance Fried Ice Cream Machine Rolled Ice Machine LJS2050AF\" \/>\n<meta property=\"og:description\" content=\"Thick Cut Yogurt Machine 2000W High Performance Fried Ice Cream Machine Rolled Ice Machine LJS2050AF\" \/>\n<meta property=\"og:url\" content=\"https:\/\/kengmingcn.com\/nl\/product\/dik-gesneden-yoghurt-machine-2000w-hoge-prestaties-gebakken-ijs-machine-gerold-ijs-machine-ljs2050af\/\" \/>\n<meta property=\"og:site_name\" content=\"KengMing | Manufacturer of Commercial Kitchen Equipment\" \/>\n<meta property=\"article:modified_time\" content=\"2025-06-12T09:40:51+00:00\" \/>\n<meta property=\"og:image\" content=\"https:\/\/kengmingcn.com\/wp-content\/uploads\/2025\/05\/1-1.png\" \/>\n\t<meta property=\"og:image:width\" content=\"550\" \/>\n\t<meta property=\"og:image:height\" content=\"550\" \/>\n\t<meta property=\"og:image:type\" content=\"image\/png\" \/>\n<meta name=\"twitter:card\" content=\"summary_large_image\" \/>\n<meta name=\"twitter:label1\" content=\"Prijs\" \/>\n\t<meta name=\"twitter:data1\" content=\"\" \/>\n\t<meta name=\"twitter:label2\" content=\"Beschikbaarheid\" \/>\n\t<meta name=\"twitter:data2\" content=\"Op voorraad\" \/>\n<script type=\"application\/ld+json\" class=\"yoast-schema-graph\">{\"@context\":\"https:\/\/schema.org\",\"@graph\":[{\"@type\":\"WebPage\",\"@id\":\"https:\/\/kengmingcn.com\/ar\/product\/%d8%a2%d9%84%d8%a9-%d8%b5%d9%86%d8%b9-%d8%a7%d9%84%d8%b2%d8%a8%d8%a7%d8%af%d9%8a-%d8%a7%d9%84%d9%85%d9%82%d8%b7%d9%88%d8%b9-%d8%a7%d9%84%d8%b3%d9%85%d9%8a%d9%83-2000-%d9%88%d8%a7%d8%b7-%d8%a2%d9%84\/\",\"url\":\"https:\/\/kengmingcn.com\/ar\/product\/%d8%a2%d9%84%d8%a9-%d8%b5%d9%86%d8%b9-%d8%a7%d9%84%d8%b2%d8%a8%d8%a7%d8%af%d9%8a-%d8%a7%d9%84%d9%85%d9%82%d8%b7%d9%88%d8%b9-%d8%a7%d9%84%d8%b3%d9%85%d9%8a%d9%83-2000-%d9%88%d8%a7%d8%b7-%d8%a2%d9%84\/\",\"name\":\"Thick Cut Yogurt Machine 2000W\",\"isPartOf\":{\"@id\":\"https:\/\/kengmingcn.com\/#website\"},\"primaryImageOfPage\":{\"@id\":\"https:\/\/kengmingcn.com\/ar\/product\/%d8%a2%d9%84%d8%a9-%d8%b5%d9%86%d8%b9-%d8%a7%d9%84%d8%b2%d8%a8%d8%a7%d8%af%d9%8a-%d8%a7%d9%84%d9%85%d9%82%d8%b7%d9%88%d8%b9-%d8%a7%d9%84%d8%b3%d9%85%d9%8a%d9%83-2000-%d9%88%d8%a7%d8%b7-%d8%a2%d9%84\/#primaryimage\"},\"image\":{\"@id\":\"https:\/\/kengmingcn.com\/ar\/product\/%d8%a2%d9%84%d8%a9-%d8%b5%d9%86%d8%b9-%d8%a7%d9%84%d8%b2%d8%a8%d8%a7%d8%af%d9%8a-%d8%a7%d9%84%d9%85%d9%82%d8%b7%d9%88%d8%b9-%d8%a7%d9%84%d8%b3%d9%85%d9%8a%d9%83-2000-%d9%88%d8%a7%d8%b7-%d8%a2%d9%84\/#primaryimage\"},\"thumbnailUrl\":\"https:\/\/kengmingcn.com\/wp-content\/uploads\/2025\/05\/1-1.png\",\"datePublished\":\"2025-05-06T10:40:40+00:00\",\"dateModified\":\"2025-06-12T09:40:51+00:00\",\"description\":\"Thick Cut Yogurt Machine 2000W High Performance Fried Ice Cream Machine Rolled Ice Machine LJS2050AF\",\"breadcrumb\":{\"@id\":\"https:\/\/kengmingcn.com\/ar\/product\/%d8%a2%d9%84%d8%a9-%d8%b5%d9%86%d8%b9-%d8%a7%d9%84%d8%b2%d8%a8%d8%a7%d8%af%d9%8a-%d8%a7%d9%84%d9%85%d9%82%d8%b7%d9%88%d8%b9-%d8%a7%d9%84%d8%b3%d9%85%d9%8a%d9%83-2000-%d9%88%d8%a7%d8%b7-%d8%a2%d9%84\/#breadcrumb\"},\"inLanguage\":\"nl-NL\",\"potentialAction\":[{\"@type\":\"ReadAction\",\"target\":[\"https:\/\/kengmingcn.com\/ar\/product\/%d8%a2%d9%84%d8%a9-%d8%b5%d9%86%d8%b9-%d8%a7%d9%84%d8%b2%d8%a8%d8%a7%d8%af%d9%8a-%d8%a7%d9%84%d9%85%d9%82%d8%b7%d9%88%d8%b9-%d8%a7%d9%84%d8%b3%d9%85%d9%8a%d9%83-2000-%d9%88%d8%a7%d8%b7-%d8%a2%d9%84\/\"]}]},{\"@type\":\"ImageObject\",\"inLanguage\":\"nl-NL\",\"@id\":\"https:\/\/kengmingcn.com\/ar\/product\/%d8%a2%d9%84%d8%a9-%d8%b5%d9%86%d8%b9-%d8%a7%d9%84%d8%b2%d8%a8%d8%a7%d8%af%d9%8a-%d8%a7%d9%84%d9%85%d9%82%d8%b7%d9%88%d8%b9-%d8%a7%d9%84%d8%b3%d9%85%d9%8a%d9%83-2000-%d9%88%d8%a7%d8%b7-%d8%a2%d9%84\/#primaryimage\",\"url\":\"https:\/\/kengmingcn.com\/wp-content\/uploads\/2025\/05\/1-1.png\",\"contentUrl\":\"https:\/\/kengmingcn.com\/wp-content\/uploads\/2025\/05\/1-1.png\",\"width\":550,\"height\":550,\"caption\":\"Yogurt Machine LJS2050AF\"},{\"@type\":\"BreadcrumbList\",\"@id\":\"https:\/\/kengmingcn.com\/ar\/product\/%d8%a2%d9%84%d8%a9-%d8%b5%d9%86%d8%b9-%d8%a7%d9%84%d8%b2%d8%a8%d8%a7%d8%af%d9%8a-%d8%a7%d9%84%d9%85%d9%82%d8%b7%d9%88%d8%b9-%d8%a7%d9%84%d8%b3%d9%85%d9%8a%d9%83-2000-%d9%88%d8%a7%d8%b7-%d8%a2%d9%84\/#breadcrumb\",\"itemListElement\":[{\"@type\":\"ListItem\",\"position\":1,\"name\":\"Home\",\"item\":\"https:\/\/kengmingcn.com\/\"},{\"@type\":\"ListItem\",\"position\":2,\"name\":\"Catalogue\",\"item\":\"https:\/\/kengmingcn.com\/?page_id=27131\"},{\"@type\":\"ListItem\",\"position\":3,\"name\":\"Thick Cut Yogurt Machine 2000W High Performance Fried Ice Cream Machine Rolled Ice Machine LJS2050AF\"}]},{\"@type\":\"WebSite\",\"@id\":\"https:\/\/kengmingcn.com\/#website\",\"url\":\"https:\/\/kengmingcn.com\/\",\"name\":\"Kitchen Equipment\",\"description\":\"KengMing is a professional commercial kitchen equipment manufacturer and wholesale supplier, offering cooking, food prep and bakery equipment with OEM &amp; ODM service for global distributors.\",\"publisher\":{\"@id\":\"https:\/\/kengmingcn.com\/#organization\"},\"potentialAction\":[{\"@type\":\"SearchAction\",\"target\":{\"@type\":\"EntryPoint\",\"urlTemplate\":\"https:\/\/kengmingcn.com\/?s={search_term_string}\"},\"query-input\":{\"@type\":\"PropertyValueSpecification\",\"valueRequired\":true,\"valueName\":\"search_term_string\"}}],\"inLanguage\":\"nl-NL\"},{\"@type\":\"Organization\",\"@id\":\"https:\/\/kengmingcn.com\/#organization\",\"name\":\"GuangZhou KengMing\",\"url\":\"https:\/\/kengmingcn.com\/\",\"logo\":{\"@type\":\"ImageObject\",\"inLanguage\":\"nl-NL\",\"@id\":\"https:\/\/kengmingcn.com\/#\/schema\/logo\/image\/\",\"url\":\"https:\/\/kengmingcn.com\/wp-content\/uploads\/2025\/04\/cropped-1744508604969-removebg-preview.png\",\"contentUrl\":\"https:\/\/kengmingcn.com\/wp-content\/uploads\/2025\/04\/cropped-1744508604969-removebg-preview.png\",\"width\":512,\"height\":512,\"caption\":\"GuangZhou KengMing\"},\"image\":{\"@id\":\"https:\/\/kengmingcn.com\/#\/schema\/logo\/image\/\"}}]}<\/script>\n<meta property=\"product:price:amount\" content=\"0.00\" \/>\n<meta property=\"product:price:currency\" content=\"USD\" \/>\n<meta property=\"og:availability\" content=\"instock\" \/>\n<meta property=\"product:availability\" content=\"instock\" \/>\n<meta property=\"product:condition\" content=\"new\" \/>\n<!-- \/ Yoast SEO Premium plugin. -->","yoast_head_json":{"title":"Dikke Yoghurt Snijmachine 2000W","description":"Dikke gesneden yoghurt machine 2000W hoge prestaties gebakken ijs machine gerold ijs machine LJS2050AF","robots":{"index":"index","follow":"follow","max-snippet":"max-snippet:-1","max-image-preview":"max-image-preview:large","max-video-preview":"max-video-preview:-1"},"canonical":"https:\/\/kengmingcn.com\/nl\/product\/dik-gesneden-yoghurt-machine-2000w-hoge-prestaties-gebakken-ijs-machine-gerold-ijs-machine-ljs2050af\/","og_locale":"nl_NL","og_type":"article","og_title":"Thick Cut Yogurt Machine 2000W High Performance Fried Ice Cream Machine Rolled Ice Machine LJS2050AF","og_description":"Thick Cut Yogurt Machine 2000W High Performance Fried Ice Cream Machine Rolled Ice Machine LJS2050AF","og_url":"https:\/\/kengmingcn.com\/nl\/product\/dik-gesneden-yoghurt-machine-2000w-hoge-prestaties-gebakken-ijs-machine-gerold-ijs-machine-ljs2050af\/","og_site_name":"KengMing | Manufacturer of Commercial Kitchen Equipment","article_modified_time":"2025-06-12T09:40:51+00:00","og_image":[{"width":550,"height":550,"url":"https:\/\/kengmingcn.com\/wp-content\/uploads\/2025\/05\/1-1.png","type":"image\/png"}],"twitter_card":"summary_large_image","twitter_misc":{"Prijs":"","Beschikbaarheid":"Op voorraad"},"schema":{"@context":"https:\/\/schema.org","@graph":[{"@type":"WebPage","@id":"https:\/\/kengmingcn.com\/ar\/product\/%d8%a2%d9%84%d8%a9-%d8%b5%d9%86%d8%b9-%d8%a7%d9%84%d8%b2%d8%a8%d8%a7%d8%af%d9%8a-%d8%a7%d9%84%d9%85%d9%82%d8%b7%d9%88%d8%b9-%d8%a7%d9%84%d8%b3%d9%85%d9%8a%d9%83-2000-%d9%88%d8%a7%d8%b7-%d8%a2%d9%84\/","url":"https:\/\/kengmingcn.com\/ar\/product\/%d8%a2%d9%84%d8%a9-%d8%b5%d9%86%d8%b9-%d8%a7%d9%84%d8%b2%d8%a8%d8%a7%d8%af%d9%8a-%d8%a7%d9%84%d9%85%d9%82%d8%b7%d9%88%d8%b9-%d8%a7%d9%84%d8%b3%d9%85%d9%8a%d9%83-2000-%d9%88%d8%a7%d8%b7-%d8%a2%d9%84\/","name":"Dikke Yoghurt Snijmachine 2000W","isPartOf":{"@id":"https:\/\/kengmingcn.com\/#website"},"primaryImageOfPage":{"@id":"https:\/\/kengmingcn.com\/ar\/product\/%d8%a2%d9%84%d8%a9-%d8%b5%d9%86%d8%b9-%d8%a7%d9%84%d8%b2%d8%a8%d8%a7%d8%af%d9%8a-%d8%a7%d9%84%d9%85%d9%82%d8%b7%d9%88%d8%b9-%d8%a7%d9%84%d8%b3%d9%85%d9%8a%d9%83-2000-%d9%88%d8%a7%d8%b7-%d8%a2%d9%84\/#primaryimage"},"image":{"@id":"https:\/\/kengmingcn.com\/ar\/product\/%d8%a2%d9%84%d8%a9-%d8%b5%d9%86%d8%b9-%d8%a7%d9%84%d8%b2%d8%a8%d8%a7%d8%af%d9%8a-%d8%a7%d9%84%d9%85%d9%82%d8%b7%d9%88%d8%b9-%d8%a7%d9%84%d8%b3%d9%85%d9%8a%d9%83-2000-%d9%88%d8%a7%d8%b7-%d8%a2%d9%84\/#primaryimage"},"thumbnailUrl":"https:\/\/kengmingcn.com\/wp-content\/uploads\/2025\/05\/1-1.png","datePublished":"2025-05-06T10:40:40+00:00","dateModified":"2025-06-12T09:40:51+00:00","description":"Dikke gesneden yoghurt machine 2000W hoge prestaties gebakken ijs machine gerold ijs machine LJS2050AF","breadcrumb":{"@id":"https:\/\/kengmingcn.com\/ar\/product\/%d8%a2%d9%84%d8%a9-%d8%b5%d9%86%d8%b9-%d8%a7%d9%84%d8%b2%d8%a8%d8%a7%d8%af%d9%8a-%d8%a7%d9%84%d9%85%d9%82%d8%b7%d9%88%d8%b9-%d8%a7%d9%84%d8%b3%d9%85%d9%8a%d9%83-2000-%d9%88%d8%a7%d8%b7-%d8%a2%d9%84\/#breadcrumb"},"inLanguage":"nl-NL","potentialAction":[{"@type":"ReadAction","target":["https:\/\/kengmingcn.com\/ar\/product\/%d8%a2%d9%84%d8%a9-%d8%b5%d9%86%d8%b9-%d8%a7%d9%84%d8%b2%d8%a8%d8%a7%d8%af%d9%8a-%d8%a7%d9%84%d9%85%d9%82%d8%b7%d9%88%d8%b9-%d8%a7%d9%84%d8%b3%d9%85%d9%8a%d9%83-2000-%d9%88%d8%a7%d8%b7-%d8%a2%d9%84\/"]}]},{"@type":"ImageObject","inLanguage":"nl-NL","@id":"https:\/\/kengmingcn.com\/ar\/product\/%d8%a2%d9%84%d8%a9-%d8%b5%d9%86%d8%b9-%d8%a7%d9%84%d8%b2%d8%a8%d8%a7%d8%af%d9%8a-%d8%a7%d9%84%d9%85%d9%82%d8%b7%d9%88%d8%b9-%d8%a7%d9%84%d8%b3%d9%85%d9%8a%d9%83-2000-%d9%88%d8%a7%d8%b7-%d8%a2%d9%84\/#primaryimage","url":"https:\/\/kengmingcn.com\/wp-content\/uploads\/2025\/05\/1-1.png","contentUrl":"https:\/\/kengmingcn.com\/wp-content\/uploads\/2025\/05\/1-1.png","width":550,"height":550,"caption":"Yogurt Machine LJS2050AF"},{"@type":"BreadcrumbList","@id":"https:\/\/kengmingcn.com\/ar\/product\/%d8%a2%d9%84%d8%a9-%d8%b5%d9%86%d8%b9-%d8%a7%d9%84%d8%b2%d8%a8%d8%a7%d8%af%d9%8a-%d8%a7%d9%84%d9%85%d9%82%d8%b7%d9%88%d8%b9-%d8%a7%d9%84%d8%b3%d9%85%d9%8a%d9%83-2000-%d9%88%d8%a7%d8%b7-%d8%a2%d9%84\/#breadcrumb","itemListElement":[{"@type":"ListItem","position":1,"name":"Home","item":"https:\/\/kengmingcn.com\/"},{"@type":"ListItem","position":2,"name":"Catalogue","item":"https:\/\/kengmingcn.com\/?page_id=27131"},{"@type":"ListItem","position":3,"name":"Thick Cut Yogurt Machine 2000W High Performance Fried Ice Cream Machine Rolled Ice Machine LJS2050AF"}]},{"@type":"WebSite","@id":"https:\/\/kengmingcn.com\/#website","url":"https:\/\/kengmingcn.com\/","name":"Keukenapparatuur","description":"KengMing is een professionele fabrikant van commerci\u00eble keukenapparatuur en groothandelsleverancier, die kook-, voedselvoorbereidings- en bakkerijapparatuur met OEM &amp; ODM service aanbiedt aan wereldwijde distributeurs.","publisher":{"@id":"https:\/\/kengmingcn.com\/#organization"},"potentialAction":[{"@type":"SearchAction","target":{"@type":"EntryPoint","urlTemplate":"https:\/\/kengmingcn.com\/?s={search_term_string}"},"query-input":{"@type":"PropertyValueSpecification","valueRequired":true,"valueName":"search_term_string"}}],"inLanguage":"nl-NL"},{"@type":"Organization","@id":"https:\/\/kengmingcn.com\/#organization","name":"GuangZhou KengMing","url":"https:\/\/kengmingcn.com\/","logo":{"@type":"ImageObject","inLanguage":"nl-NL","@id":"https:\/\/kengmingcn.com\/#\/schema\/logo\/image\/","url":"https:\/\/kengmingcn.com\/wp-content\/uploads\/2025\/04\/cropped-1744508604969-removebg-preview.png","contentUrl":"https:\/\/kengmingcn.com\/wp-content\/uploads\/2025\/04\/cropped-1744508604969-removebg-preview.png","width":512,"height":512,"caption":"GuangZhou KengMing"},"image":{"@id":"https:\/\/kengmingcn.com\/#\/schema\/logo\/image\/"}}]},"product_price_amount":"0.00","product_price_currency":"USD","og_availability":"instock","product_availability":"instock","product_condition":"new"},"_links":{"self":[{"href":"https:\/\/kengmingcn.com\/nl\/wp-json\/wp\/v2\/product\/50128","targetHints":{"allow":["GET"]}}],"collection":[{"href":"https:\/\/kengmingcn.com\/nl\/wp-json\/wp\/v2\/product"}],"about":[{"href":"https:\/\/kengmingcn.com\/nl\/wp-json\/wp\/v2\/types\/product"}],"replies":[{"embeddable":true,"href":"https:\/\/kengmingcn.com\/nl\/wp-json\/wp\/v2\/comments?post=50128"}],"wp:featuredmedia":[{"embeddable":true,"href":"https:\/\/kengmingcn.com\/nl\/wp-json\/wp\/v2\/media\/50130"}],"wp:attachment":[{"href":"https:\/\/kengmingcn.com\/nl\/wp-json\/wp\/v2\/media?parent=50128"}],"wp:term":[{"taxonomy":"product_brand","embeddable":true,"href":"https:\/\/kengmingcn.com\/nl\/wp-json\/wp\/v2\/product_brand?post=50128"},{"taxonomy":"product_cat","embeddable":true,"href":"https:\/\/kengmingcn.com\/nl\/wp-json\/wp\/v2\/product_cat?post=50128"},{"taxonomy":"product_tag","embeddable":true,"href":"https:\/\/kengmingcn.com\/nl\/wp-json\/wp\/v2\/product_tag?post=50128"}],"curies":[{"name":"wp","href":"https:\/\/api.w.org\/{rel}","templated":true}]}}