{"id":53340,"date":"2026-03-21T17:40:09","date_gmt":"2026-03-21T09:40:09","guid":{"rendered":"https:\/\/kengmingcn.com\/?post_type=product&#038;p=53340"},"modified":"2026-03-21T18:01:48","modified_gmt":"2026-03-21T10:01:48","slug":"380v-commerciale-forno-elettrico-12-vassoio-in-acciaio-inox-per-la-cottura-di-pane-torta-nuova-panetteria-tostapane-cb-certificato","status":"publish","type":"product","link":"https:\/\/kengmingcn.com\/it\/product\/380v-commerciale-forno-elettrico-12-vassoio-in-acciaio-inox-per-la-cottura-di-pane-torta-nuova-panetteria-tostapane-cb-certificato\/","title":{"rendered":"380V commerciale forno elettrico 20-traccia in acciaio inox per la cottura di torta pane-nuovo panificio tostapane certificato CB"},"content":{"rendered":"<p><strong>Direzione per la macchina<\/strong><\/p>\n<p>1. Tre modalit\u00e0: modalit\u00e0 solo vapore, modalit\u00e0 cottura e modalit\u00e0 doppia, ognuna con 6 serie di timer per la temporizzazione e i promemoria.<\/p>\n<p>2. Funzione di umidificazione spray.<\/p>\n<p>3. Interno della cavit\u00e0 del forno in acciaio inox 304.<\/p>\n<p>4. Tubo di riscaldamento in acciaio inox 321.<\/p>\n<p>5. 20 strati, con una distanza tra i rack di 70 mm.<\/p>\n<p>6. 20 vassoi, ogni dimensione del vassoio: 530*325*65mm.<\/p>\n<p>7. Spessore del guscio di 1,0 mm, spessore interno della cavit\u00e0 del forno di 1,2 mm.<\/p>\n<p>8. Vetro a doppio strato, con uno strato interno di 6 mm e uno esterno di 5 mm.<\/p>\n<p>9. Porta di scarico con diametro di 1 pollice<\/p>\n<p>10. Funzionamento a sfioramento e pulizia automatica<\/p>\n\n\n<figure class=\"wp-block-image size-full\"><img decoding=\"async\" width=\"1060\" height=\"500\" src=\"https:\/\/kengmingcn.com\/wp-content\/uploads\/2026\/03\/1-10.jpg\" alt=\"\" class=\"wp-image-53341\" srcset=\"https:\/\/kengmingcn.com\/wp-content\/uploads\/2026\/03\/1-10.jpg 1060w, https:\/\/kengmingcn.com\/wp-content\/uploads\/2026\/03\/1-10-300x142.jpg 300w, https:\/\/kengmingcn.com\/wp-content\/uploads\/2026\/03\/1-10-1024x483.jpg 1024w, https:\/\/kengmingcn.com\/wp-content\/uploads\/2026\/03\/1-10-768x362.jpg 768w, https:\/\/kengmingcn.com\/wp-content\/uploads\/2026\/03\/1-10-18x8.jpg 18w\" sizes=\"(max-width: 1060px) 100vw, 1060px\" \/><\/figure>\n\n\n\n<figure class=\"wp-block-image size-large\"><img decoding=\"async\" width=\"1024\" height=\"483\" src=\"https:\/\/kengmingcn.com\/wp-content\/uploads\/2026\/03\/2-10-1024x483.jpg\" alt=\"\" class=\"wp-image-53342\" srcset=\"https:\/\/kengmingcn.com\/wp-content\/uploads\/2026\/03\/2-10-1024x483.jpg 1024w, https:\/\/kengmingcn.com\/wp-content\/uploads\/2026\/03\/2-10-300x142.jpg 300w, https:\/\/kengmingcn.com\/wp-content\/uploads\/2026\/03\/2-10-768x362.jpg 768w, https:\/\/kengmingcn.com\/wp-content\/uploads\/2026\/03\/2-10-18x8.jpg 18w, https:\/\/kengmingcn.com\/wp-content\/uploads\/2026\/03\/2-10.jpg 1060w\" sizes=\"(max-width: 1024px) 100vw, 1024px\" \/><\/figure>\n\n\n\n<figure class=\"wp-block-image size-large\"><img decoding=\"async\" width=\"1024\" height=\"483\" src=\"https:\/\/kengmingcn.com\/wp-content\/uploads\/2026\/03\/3-5-1024x483.jpg\" alt=\"\" class=\"wp-image-53308\" srcset=\"https:\/\/kengmingcn.com\/wp-content\/uploads\/2026\/03\/3-5-1024x483.jpg 1024w, https:\/\/kengmingcn.com\/wp-content\/uploads\/2026\/03\/3-5-300x142.jpg 300w, https:\/\/kengmingcn.com\/wp-content\/uploads\/2026\/03\/3-5-768x362.jpg 768w, https:\/\/kengmingcn.com\/wp-content\/uploads\/2026\/03\/3-5-18x8.jpg 18w, https:\/\/kengmingcn.com\/wp-content\/uploads\/2026\/03\/3-5.jpg 1060w\" sizes=\"(max-width: 1024px) 100vw, 1024px\" \/><\/figure>\n\n\n\n<figure class=\"wp-block-image size-large\"><img decoding=\"async\" width=\"1024\" height=\"483\" src=\"https:\/\/kengmingcn.com\/wp-content\/uploads\/2026\/03\/4-5-1024x483.jpg\" alt=\"\" class=\"wp-image-53309\" srcset=\"https:\/\/kengmingcn.com\/wp-content\/uploads\/2026\/03\/4-5-1024x483.jpg 1024w, https:\/\/kengmingcn.com\/wp-content\/uploads\/2026\/03\/4-5-300x142.jpg 300w, https:\/\/kengmingcn.com\/wp-content\/uploads\/2026\/03\/4-5-768x362.jpg 768w, https:\/\/kengmingcn.com\/wp-content\/uploads\/2026\/03\/4-5-18x8.jpg 18w, https:\/\/kengmingcn.com\/wp-content\/uploads\/2026\/03\/4-5.jpg 1060w\" sizes=\"(max-width: 1024px) 100vw, 1024px\" \/><\/figure>\n\n\n\n<figure class=\"wp-block-image size-large\"><img decoding=\"async\" width=\"1024\" height=\"483\" src=\"https:\/\/kengmingcn.com\/wp-content\/uploads\/2026\/03\/5-1-1024x483.jpg\" alt=\"\" class=\"wp-image-53278\" srcset=\"https:\/\/kengmingcn.com\/wp-content\/uploads\/2026\/03\/5-1-1024x483.jpg 1024w, https:\/\/kengmingcn.com\/wp-content\/uploads\/2026\/03\/5-1-300x142.jpg 300w, https:\/\/kengmingcn.com\/wp-content\/uploads\/2026\/03\/5-1-768x362.jpg 768w, https:\/\/kengmingcn.com\/wp-content\/uploads\/2026\/03\/5-1-18x8.jpg 18w, https:\/\/kengmingcn.com\/wp-content\/uploads\/2026\/03\/5-1.jpg 1060w\" sizes=\"(max-width: 1024px) 100vw, 1024px\" \/><\/figure>\n\n\n\n<figure class=\"wp-block-image size-large\"><img decoding=\"async\" width=\"1024\" height=\"483\" src=\"https:\/\/kengmingcn.com\/wp-content\/uploads\/2026\/03\/6-10-1024x483.jpg\" alt=\"\" class=\"wp-image-53343\" srcset=\"https:\/\/kengmingcn.com\/wp-content\/uploads\/2026\/03\/6-10-1024x483.jpg 1024w, https:\/\/kengmingcn.com\/wp-content\/uploads\/2026\/03\/6-10-300x142.jpg 300w, https:\/\/kengmingcn.com\/wp-content\/uploads\/2026\/03\/6-10-768x362.jpg 768w, https:\/\/kengmingcn.com\/wp-content\/uploads\/2026\/03\/6-10-18x8.jpg 18w, https:\/\/kengmingcn.com\/wp-content\/uploads\/2026\/03\/6-10.jpg 1060w\" sizes=\"(max-width: 1024px) 100vw, 1024px\" \/><\/figure>\n\n\n\n<figure class=\"wp-block-image size-large\"><img decoding=\"async\" width=\"1024\" height=\"483\" src=\"https:\/\/kengmingcn.com\/wp-content\/uploads\/2026\/03\/7-1024x483.jpg\" alt=\"\" class=\"wp-image-53280\" srcset=\"https:\/\/kengmingcn.com\/wp-content\/uploads\/2026\/03\/7-1024x483.jpg 1024w, https:\/\/kengmingcn.com\/wp-content\/uploads\/2026\/03\/7-300x142.jpg 300w, https:\/\/kengmingcn.com\/wp-content\/uploads\/2026\/03\/7-768x362.jpg 768w, https:\/\/kengmingcn.com\/wp-content\/uploads\/2026\/03\/7-18x8.jpg 18w, https:\/\/kengmingcn.com\/wp-content\/uploads\/2026\/03\/7.jpg 1060w\" sizes=\"(max-width: 1024px) 100vw, 1024px\" \/><\/figure>","protected":false},"excerpt":{"rendered":"<ul style=\"--tw-scale-x: 1;--tw-scale-y: 1;--tw-scroll-snap-strictness: proximity;--tw-ring-offset-width: 0px;--tw-ring-offset-color: #fff;--tw-ring-color: #3b82f680;--tw-ring-offset-shadow: 0 0 #0000;--tw-ring-shadow: 0 0 #0000;--tw-shadow: 0 0 #0000;--tw-shadow-colored: 0 0 #0000\">\n<li>\n<div style=\"position: relative\" data-slate-node=\"element\"><span data-slate-node=\"text\">Forno elettrico commerciale Adatto a panetterie artigianali, caff\u00e8, ristoranti occidentali, mense e cucine centrali.<\/span><\/div>\n<\/li>\n<li>\n<div style=\"position: relative\" data-slate-node=\"element\"><span data-slate-node=\"text\">Disponibili da 4 a 20 vassoi.<\/span><span data-slate-node=\"text\" data-slate-fragment=\"JTVCJTdCJTIydHlwZSUyMiUzQSUyMnBhcmFncmFwaCUyMiUyQyUyMmNoaWxkcmVuJTIyJTNBJTVCJTdCJTIyaWQlMjIlM0ElMjJWUWJQck9rMk16JTIyJTJDJTIycGFyYUlkeCUyMiUzQTAlMkMlMjJzcmMlMjIlM0ElMjJDb21tZXJjaWFsJTIwZWxlY3RyaWMlMjBPdmVuJTIwU3VpdGFibGUlMjBmb3IlMjBhcnRpc2FuYWwlMjBiYWtlcmllcyUyQyUyMGNhZiVDMyVBOXMlMkMlMjBXZXN0ZXJuJTIwcmVzdGF1cmFudHMlMkMlMjBjYW50ZWVucyUyQyUyMGFuZCUyMGNlbnRyYWwlMjBraXRjaGVucy4lMjIlMkMlMjJkc3QlMjIlM0ElMjIlRTUlOTUlODYlRTclOTQlQTglRTclOTQlQjUlRTclODMlQTQlRTclQUUlQjElRTklODAlODIlRTclOTQlQTglRTQlQkElOEUlRTYlODklOEIlRTUlQjclQTUlRTklOUQlQTIlRTUlOEMlODUlRTUlQkElOTclRTMlODAlODElRTUlOTIlOTYlRTUlOTUlQTElRTklQTYlODYlRTMlODAlODElRTglQTUlQkYlRTklQTQlOTAlRTUlOEUlODUlRTMlODAlODElRTklQTMlOUYlRTUlQTAlODIlRTUlOTIlOEMlRTQlQjglQUQlRTUlQTQlQUUlRTUlOEUlQTglRTYlODglQkYlRTMlODAlODIlMjIlMkMlMjJtZXRhZGF0YSUyMiUzQSUyMiUyMiUyQyUyMm1hdGNoZXMlMjIlM0FudWxsJTJDJTIydHJhbnNsYXRlZEJ5JTIyJTNBbnVsbCUyQyUyMm1ldGFEYXRhJTIyJTNBJTVCJTVEJTJDJTIydGV4dCUyMiUzQSUyMkNvbW1lcmNpYWwlMjBlbGVjdHJpYyUyME92ZW4lMjBTdWl0YWJsZSUyMGZvciUyMGFydGlzYW5hbCUyMGJha2VyaWVzJTJDJTIwY2FmJUMzJUE5cyUyQyUyMFdlc3Rlcm4lMjByZXN0YXVyYW50cyUyQyUyMGNhbnRlZW5zJTJDJTIwYW5kJTIwY2VudHJhbCUyMGtpdGNoZW5zLiUyMiU3RCUyQyU3QiUyMmlkJTIyJTNBJTIyVnA0bzBibHZiViUyMiUyQyUyMnBhcmFJZHglMjIlM0EwJTJDJTIyc3JjJTIyJTNBJTIyJTIwQXZhaWxhYmxlJTIwaW4lMjA0JTIwdG8lMjAyMCUyMHRyYXlzLiUyMiUyQyUyMmRzdCUyMiUzQSUyMiVFNiU4RiU5MCVFNCVCRSU5QjQlRTglODclQjMyMCVFNCVCOCVBQSVFNiU4OSU5OCVFNyU5QiU5OCVFMyU4MCU4MiUyMiUyQyUyMm1ldGFkYXRhJTIyJTNBJTIyJTIyJTJDJTIybWF0Y2hlcyUyMiUzQW51bGwlMkMlMjJ0cmFuc2xhdGVkQnklMjIlM0FudWxsJTJDJTIybWV0YURhdGElMjIlM0ElNUIlNUQlMkMlMjJ0ZXh0JTIyJTNBJTIyJTIwQXZhaWxhYmxlJTIwaW4lMjA0JTIwdG8lMjAyMCUyMHRyYXlzLiUyMiU3RCUyQyU3QiUyMmlkJTIyJTNBJTIyVldXdndSajBBViUyMiUyQyUyMnBhcmFJZHglMjIlM0EwJTJDJTIyc3JjJTIyJTNBJTIyJTIwc3RlYW0lMkNyb2FzdCUyQ29tYmluYXRpb24lMjBjb29raW5nJTIwbW9kZXMlMjB0byUyMG1lZXQlMjBoaWdoLWVmZmljaWVuY3klMjBzZXJ2aWNlJTIwYW5kJTIwc3RhbmRhcmRpemVkJTIwcXVhbGl0eSUyMG5lZWRzLiUyMiUyQyUyMmRzdCUyMiUzQSUyMiVFOCU5MiVCOCVFNiVCMSVCRCVFMyU4MCU4MSVFNyU4MyU5OCVFNyU4MyVBNCVFMyU4MCU4MSVFNyVCQiU4NCVFNSU5MCU4OCVFNyU4MyVCOSVFOSVBNSVBQSVFNiVBOCVBMSVFNSVCQyU4RiVFRiVCQyU4QyVFNiVCQiVBMSVFOCVCNiVCMyVFOSVBQiU5OCVFNiU5NSU4OCVFNiU5QyU4RCVFNSU4QSVBMSVFNSU5MiU4QyVFNiVBMCU4NyVFNSU4NyU4NiVFNSU4QyU5NiVFOCVCNCVBOCVFOSU4NyU4RiVFOSU5QyU4MCVFNiVCMSU4MiVFMyU4MCU4MiUyMiUyQyUyMm1ldGFkYXRhJTIyJTNBJTIyJTIyJTJDJTIybWF0Y2hlcyUyMiUzQW51bGwlMkMlMjJ0cmFuc2xhdGVkQnklMjIlM0FudWxsJTJDJTIybWV0YURhdGElMjIlM0ElNUIlNUQlMkMlMjJ0ZXh0JTIyJTNBJTIyJTIwc3RlYW0lMkNyb2FzdCUyQ29tYmluYXRpb24lMjBjb29raW5nJTIwbW9kZXMlMjB0byUyMG1lZXQlMjBoaWdoLWVmZmljaWVuY3klMjBzZXJ2aWNlJTIwYW5kJTIwc3RhbmRhcmRpemVkJTIwcXVhbGl0eSUyMG5lZWRzLiUyMiU3RCU1RCU3RCU1RA==\"> modalit\u00e0 di cottura a vapore, arrosto e combinata per soddisfare le esigenze di servizio ad alta efficienza e di qualit\u00e0 standardizzata.<\/span><\/div>\n<\/li>\n<li style=\"--tw-scale-x: 1;--tw-scale-y: 1;--tw-scroll-snap-strictness: proximity;--tw-ring-offset-width: 0px;--tw-ring-offset-color: #fff;--tw-ring-color: #3b82f680;--tw-ring-offset-shadow: 0 0 #0000;--tw-ring-shadow: 0 0 #0000;--tw-shadow: 0 0 #0000;--tw-shadow-colored: 0 0 #0000\"><span style=\"--tw-scale-x: 1;--tw-scale-y: 1;--tw-scroll-snap-strictness: proximity;--tw-ring-offset-width: 0px;--tw-ring-offset-color: #fff;--tw-ring-color: #3b82f680;--tw-ring-offset-shadow: 0 0 #0000;--tw-ring-shadow: 0 0 #0000;--tw-shadow: 0 0 #0000;--tw-shadow-colored: 0 0 #0000;color: #000000;font-family: Poppins\">Questa macchina \u00e8 dotata di serie di una spina per l'aria condizionata. Se avete domande, contattateci.<\/span><\/li>\n<\/ul>","protected":false},"featured_media":53344,"comment_status":"open","ping_status":"closed","template":"","meta":{"_acf_changed":true},"product_brand":[],"product_cat":[338,276],"product_tag":[],"class_list":{"0":"post-53340","1":"product","2":"type-product","3":"status-publish","4":"has-post-thumbnail","6":"product_cat-oven-heating-catering-equipment","7":"product_cat-heating-catering-equipment","8":"description-off","10":"first","11":"instock","12":"shipping-taxable","13":"product-type-simple"},"acf":[],"yoast_head":"<!-- This site is optimized with the Yoast SEO Premium plugin v25.3 (Yoast SEO v26.3) - https:\/\/yoast.com\/wordpress\/plugins\/seo\/ -->\n<title>380V Commercial Electric Oven 20-Tray Stainless Steel for Baking Cake Bread-New Bakery Toaster CB Certificate - KengMing | Manufacturer of Commercial Kitchen Equipment<\/title>\n<meta name=\"description\" content=\"Bakery Toaster\" \/>\n<meta name=\"robots\" content=\"index, follow, max-snippet:-1, max-image-preview:large, max-video-preview:-1\" \/>\n<link rel=\"canonical\" href=\"https:\/\/kengmingcn.com\/it\/product\/380v-commerciale-forno-elettrico-12-vassoio-in-acciaio-inox-per-la-cottura-di-pane-torta-nuova-panetteria-tostapane-cb-certificato\/\" \/>\n<meta property=\"og:locale\" content=\"it_IT\" \/>\n<meta property=\"og:type\" content=\"article\" \/>\n<meta property=\"og:title\" content=\"380V Commercial Electric Oven 20-Tray Stainless Steel for Baking Cake Bread-New Bakery Toaster CB Certificate\" \/>\n<meta property=\"og:description\" content=\"Bakery Toaster\" \/>\n<meta property=\"og:url\" content=\"https:\/\/kengmingcn.com\/it\/product\/380v-commerciale-forno-elettrico-12-vassoio-in-acciaio-inox-per-la-cottura-di-pane-torta-nuova-panetteria-tostapane-cb-certificato\/\" \/>\n<meta property=\"og:site_name\" content=\"KengMing | Manufacturer of Commercial Kitchen Equipment\" \/>\n<meta property=\"article:modified_time\" content=\"2026-03-21T10:01:48+00:00\" \/>\n<meta property=\"og:image\" content=\"https:\/\/kengmingcn.com\/wp-content\/uploads\/2026\/03\/1-11.jpg\" \/>\n\t<meta property=\"og:image:width\" content=\"800\" \/>\n\t<meta property=\"og:image:height\" content=\"800\" \/>\n\t<meta property=\"og:image:type\" content=\"image\/jpeg\" \/>\n<meta name=\"twitter:card\" content=\"summary_large_image\" \/>\n<meta name=\"twitter:label1\" content=\"Prezzo\" \/>\n\t<meta name=\"twitter:data1\" content=\"\" \/>\n\t<meta name=\"twitter:label2\" content=\"Disponibilit\u00e0\" \/>\n\t<meta name=\"twitter:data2\" content=\"In stock\" \/>\n<script type=\"application\/ld+json\" class=\"yoast-schema-graph\">{\"@context\":\"https:\/\/schema.org\",\"@graph\":[{\"@type\":\"WebPage\",\"@id\":\"https:\/\/kengmingcn.com\/ar\/product\/380v-commercial-electric-oven-12-tray-stainless-steel-for-baking-cake-bread-new-bakery-toaster-cb-certificate\/\",\"url\":\"https:\/\/kengmingcn.com\/ar\/product\/380v-commercial-electric-oven-12-tray-stainless-steel-for-baking-cake-bread-new-bakery-toaster-cb-certificate\/\",\"name\":\"380V Commercial Electric Oven 20-Tray Stainless Steel for Baking Cake Bread-New Bakery Toaster CB Certificate - KengMing | Manufacturer of Commercial Kitchen Equipment\",\"isPartOf\":{\"@id\":\"https:\/\/kengmingcn.com\/#website\"},\"primaryImageOfPage\":{\"@id\":\"https:\/\/kengmingcn.com\/ar\/product\/380v-commercial-electric-oven-12-tray-stainless-steel-for-baking-cake-bread-new-bakery-toaster-cb-certificate\/#primaryimage\"},\"image\":{\"@id\":\"https:\/\/kengmingcn.com\/ar\/product\/380v-commercial-electric-oven-12-tray-stainless-steel-for-baking-cake-bread-new-bakery-toaster-cb-certificate\/#primaryimage\"},\"thumbnailUrl\":\"https:\/\/kengmingcn.com\/wp-content\/uploads\/2026\/03\/1-11.jpg\",\"datePublished\":\"2026-03-21T09:40:09+00:00\",\"dateModified\":\"2026-03-21T10:01:48+00:00\",\"description\":\"Bakery Toaster\",\"breadcrumb\":{\"@id\":\"https:\/\/kengmingcn.com\/ar\/product\/380v-commercial-electric-oven-12-tray-stainless-steel-for-baking-cake-bread-new-bakery-toaster-cb-certificate\/#breadcrumb\"},\"inLanguage\":\"it-IT\",\"potentialAction\":[{\"@type\":\"ReadAction\",\"target\":[\"https:\/\/kengmingcn.com\/ar\/product\/380v-commercial-electric-oven-12-tray-stainless-steel-for-baking-cake-bread-new-bakery-toaster-cb-certificate\/\"]}]},{\"@type\":\"ImageObject\",\"inLanguage\":\"it-IT\",\"@id\":\"https:\/\/kengmingcn.com\/ar\/product\/380v-commercial-electric-oven-12-tray-stainless-steel-for-baking-cake-bread-new-bakery-toaster-cb-certificate\/#primaryimage\",\"url\":\"https:\/\/kengmingcn.com\/wp-content\/uploads\/2026\/03\/1-11.jpg\",\"contentUrl\":\"https:\/\/kengmingcn.com\/wp-content\/uploads\/2026\/03\/1-11.jpg\",\"width\":800,\"height\":800},{\"@type\":\"BreadcrumbList\",\"@id\":\"https:\/\/kengmingcn.com\/ar\/product\/380v-commercial-electric-oven-12-tray-stainless-steel-for-baking-cake-bread-new-bakery-toaster-cb-certificate\/#breadcrumb\",\"itemListElement\":[{\"@type\":\"ListItem\",\"position\":1,\"name\":\"Home\",\"item\":\"https:\/\/kengmingcn.com\/\"},{\"@type\":\"ListItem\",\"position\":2,\"name\":\"Catalogue\",\"item\":\"https:\/\/kengmingcn.com\/?page_id=27131\"},{\"@type\":\"ListItem\",\"position\":3,\"name\":\"380V Commercial Electric Oven 20-Tray Stainless Steel for Baking Cake Bread-New Bakery Toaster CB Certificate\"}]},{\"@type\":\"WebSite\",\"@id\":\"https:\/\/kengmingcn.com\/#website\",\"url\":\"https:\/\/kengmingcn.com\/\",\"name\":\"Kitchen Equipment\",\"description\":\"KengMing is a professional commercial kitchen equipment manufacturer and wholesale supplier, offering cooking, food prep and bakery equipment with OEM &amp; ODM service for global distributors.\",\"publisher\":{\"@id\":\"https:\/\/kengmingcn.com\/#organization\"},\"potentialAction\":[{\"@type\":\"SearchAction\",\"target\":{\"@type\":\"EntryPoint\",\"urlTemplate\":\"https:\/\/kengmingcn.com\/?s={search_term_string}\"},\"query-input\":{\"@type\":\"PropertyValueSpecification\",\"valueRequired\":true,\"valueName\":\"search_term_string\"}}],\"inLanguage\":\"it-IT\"},{\"@type\":\"Organization\",\"@id\":\"https:\/\/kengmingcn.com\/#organization\",\"name\":\"GuangZhou KengMing\",\"url\":\"https:\/\/kengmingcn.com\/\",\"logo\":{\"@type\":\"ImageObject\",\"inLanguage\":\"it-IT\",\"@id\":\"https:\/\/kengmingcn.com\/#\/schema\/logo\/image\/\",\"url\":\"https:\/\/kengmingcn.com\/wp-content\/uploads\/2025\/04\/cropped-1744508604969-removebg-preview.png\",\"contentUrl\":\"https:\/\/kengmingcn.com\/wp-content\/uploads\/2025\/04\/cropped-1744508604969-removebg-preview.png\",\"width\":512,\"height\":512,\"caption\":\"GuangZhou KengMing\"},\"image\":{\"@id\":\"https:\/\/kengmingcn.com\/#\/schema\/logo\/image\/\"}}]}<\/script>\n<meta property=\"product:price:amount\" content=\"0.00\" \/>\n<meta property=\"product:price:currency\" content=\"USD\" \/>\n<meta property=\"og:availability\" content=\"instock\" \/>\n<meta property=\"product:availability\" content=\"instock\" \/>\n<meta property=\"product:condition\" content=\"new\" \/>\n<!-- \/ Yoast SEO Premium plugin. -->","yoast_head_json":{"title":"380V commerciale forno elettrico 20-traccia in acciaio inox per cottura torta pane-nuovo panificio tostapane CB certificato - KengMing | Produttore di attrezzature da cucina commerciale","description":"Tostapane da forno","robots":{"index":"index","follow":"follow","max-snippet":"max-snippet:-1","max-image-preview":"max-image-preview:large","max-video-preview":"max-video-preview:-1"},"canonical":"https:\/\/kengmingcn.com\/it\/product\/380v-commerciale-forno-elettrico-12-vassoio-in-acciaio-inox-per-la-cottura-di-pane-torta-nuova-panetteria-tostapane-cb-certificato\/","og_locale":"it_IT","og_type":"article","og_title":"380V Commercial Electric Oven 20-Tray Stainless Steel for Baking Cake Bread-New Bakery Toaster CB Certificate","og_description":"Bakery Toaster","og_url":"https:\/\/kengmingcn.com\/it\/product\/380v-commerciale-forno-elettrico-12-vassoio-in-acciaio-inox-per-la-cottura-di-pane-torta-nuova-panetteria-tostapane-cb-certificato\/","og_site_name":"KengMing | Manufacturer of Commercial Kitchen Equipment","article_modified_time":"2026-03-21T10:01:48+00:00","og_image":[{"width":800,"height":800,"url":"https:\/\/kengmingcn.com\/wp-content\/uploads\/2026\/03\/1-11.jpg","type":"image\/jpeg"}],"twitter_card":"summary_large_image","twitter_misc":{"Prezzo":"","Disponibilit\u00e0":"In stock"},"schema":{"@context":"https:\/\/schema.org","@graph":[{"@type":"WebPage","@id":"https:\/\/kengmingcn.com\/ar\/product\/380v-commercial-electric-oven-12-tray-stainless-steel-for-baking-cake-bread-new-bakery-toaster-cb-certificate\/","url":"https:\/\/kengmingcn.com\/ar\/product\/380v-commercial-electric-oven-12-tray-stainless-steel-for-baking-cake-bread-new-bakery-toaster-cb-certificate\/","name":"380V commerciale forno elettrico 20-traccia in acciaio inox per cottura torta pane-nuovo panificio tostapane CB certificato - KengMing | Produttore di attrezzature da cucina commerciale","isPartOf":{"@id":"https:\/\/kengmingcn.com\/#website"},"primaryImageOfPage":{"@id":"https:\/\/kengmingcn.com\/ar\/product\/380v-commercial-electric-oven-12-tray-stainless-steel-for-baking-cake-bread-new-bakery-toaster-cb-certificate\/#primaryimage"},"image":{"@id":"https:\/\/kengmingcn.com\/ar\/product\/380v-commercial-electric-oven-12-tray-stainless-steel-for-baking-cake-bread-new-bakery-toaster-cb-certificate\/#primaryimage"},"thumbnailUrl":"https:\/\/kengmingcn.com\/wp-content\/uploads\/2026\/03\/1-11.jpg","datePublished":"2026-03-21T09:40:09+00:00","dateModified":"2026-03-21T10:01:48+00:00","description":"Tostapane da forno","breadcrumb":{"@id":"https:\/\/kengmingcn.com\/ar\/product\/380v-commercial-electric-oven-12-tray-stainless-steel-for-baking-cake-bread-new-bakery-toaster-cb-certificate\/#breadcrumb"},"inLanguage":"it-IT","potentialAction":[{"@type":"ReadAction","target":["https:\/\/kengmingcn.com\/ar\/product\/380v-commercial-electric-oven-12-tray-stainless-steel-for-baking-cake-bread-new-bakery-toaster-cb-certificate\/"]}]},{"@type":"ImageObject","inLanguage":"it-IT","@id":"https:\/\/kengmingcn.com\/ar\/product\/380v-commercial-electric-oven-12-tray-stainless-steel-for-baking-cake-bread-new-bakery-toaster-cb-certificate\/#primaryimage","url":"https:\/\/kengmingcn.com\/wp-content\/uploads\/2026\/03\/1-11.jpg","contentUrl":"https:\/\/kengmingcn.com\/wp-content\/uploads\/2026\/03\/1-11.jpg","width":800,"height":800},{"@type":"BreadcrumbList","@id":"https:\/\/kengmingcn.com\/ar\/product\/380v-commercial-electric-oven-12-tray-stainless-steel-for-baking-cake-bread-new-bakery-toaster-cb-certificate\/#breadcrumb","itemListElement":[{"@type":"ListItem","position":1,"name":"Home","item":"https:\/\/kengmingcn.com\/"},{"@type":"ListItem","position":2,"name":"Catalogue","item":"https:\/\/kengmingcn.com\/?page_id=27131"},{"@type":"ListItem","position":3,"name":"380V Commercial Electric Oven 20-Tray Stainless Steel for Baking Cake Bread-New Bakery Toaster CB Certificate"}]},{"@type":"WebSite","@id":"https:\/\/kengmingcn.com\/#website","url":"https:\/\/kengmingcn.com\/","name":"Attrezzature da cucina","description":"KengMing \u00e8 un produttore di attrezzature per cucine commerciali e un fornitore all'ingrosso che offre attrezzature per la cottura, la preparazione degli alimenti e la panificazione con servizio OEM e ODM per i distributori globali.","publisher":{"@id":"https:\/\/kengmingcn.com\/#organization"},"potentialAction":[{"@type":"SearchAction","target":{"@type":"EntryPoint","urlTemplate":"https:\/\/kengmingcn.com\/?s={search_term_string}"},"query-input":{"@type":"PropertyValueSpecification","valueRequired":true,"valueName":"search_term_string"}}],"inLanguage":"it-IT"},{"@type":"Organization","@id":"https:\/\/kengmingcn.com\/#organization","name":"GuangZhou KengMing","url":"https:\/\/kengmingcn.com\/","logo":{"@type":"ImageObject","inLanguage":"it-IT","@id":"https:\/\/kengmingcn.com\/#\/schema\/logo\/image\/","url":"https:\/\/kengmingcn.com\/wp-content\/uploads\/2025\/04\/cropped-1744508604969-removebg-preview.png","contentUrl":"https:\/\/kengmingcn.com\/wp-content\/uploads\/2025\/04\/cropped-1744508604969-removebg-preview.png","width":512,"height":512,"caption":"GuangZhou KengMing"},"image":{"@id":"https:\/\/kengmingcn.com\/#\/schema\/logo\/image\/"}}]},"product_price_amount":"0.00","product_price_currency":"USD","og_availability":"instock","product_availability":"instock","product_condition":"new"},"_links":{"self":[{"href":"https:\/\/kengmingcn.com\/it\/wp-json\/wp\/v2\/product\/53340","targetHints":{"allow":["GET"]}}],"collection":[{"href":"https:\/\/kengmingcn.com\/it\/wp-json\/wp\/v2\/product"}],"about":[{"href":"https:\/\/kengmingcn.com\/it\/wp-json\/wp\/v2\/types\/product"}],"replies":[{"embeddable":true,"href":"https:\/\/kengmingcn.com\/it\/wp-json\/wp\/v2\/comments?post=53340"}],"wp:featuredmedia":[{"embeddable":true,"href":"https:\/\/kengmingcn.com\/it\/wp-json\/wp\/v2\/media\/53344"}],"wp:attachment":[{"href":"https:\/\/kengmingcn.com\/it\/wp-json\/wp\/v2\/media?parent=53340"}],"wp:term":[{"taxonomy":"product_brand","embeddable":true,"href":"https:\/\/kengmingcn.com\/it\/wp-json\/wp\/v2\/product_brand?post=53340"},{"taxonomy":"product_cat","embeddable":true,"href":"https:\/\/kengmingcn.com\/it\/wp-json\/wp\/v2\/product_cat?post=53340"},{"taxonomy":"product_tag","embeddable":true,"href":"https:\/\/kengmingcn.com\/it\/wp-json\/wp\/v2\/product_tag?post=53340"}],"curies":[{"name":"wp","href":"https:\/\/api.w.org\/{rel}","templated":true}]}}