{"id":53243,"date":"2026-03-09T11:24:38","date_gmt":"2026-03-09T03:24:38","guid":{"rendered":"https:\/\/kengmingcn.com\/?post_type=product&#038;p=53243"},"modified":"2026-03-09T18:07:17","modified_gmt":"2026-03-09T10:07:17","slug":"220v-110v-360w-660w-780w-neve-ghiaccio-rasatura-macchina-bingsu-macchina-fiocco-di-neve-macchina-per-fare-il-ghiaccio-%ef%bc%88jmxc80f%ef%bc%89","status":"publish","type":"product","link":"https:\/\/kengmingcn.com\/it\/product\/220v-110v-360w-660w-780w-neve-ghiaccio-rasatura-macchina-bingsu-macchina-fiocco-di-neve-macchina-per-fare-il-ghiaccio-%ef%bc%88jmxc80f%ef%bc%89\/","title":{"rendered":"220V\/110V 360W\/660W\/780W neve ghiaccio Shave macchina Bingsu-macchina fiocco di neve che fa macchina \uff08JMXC80F\uff09"},"content":{"rendered":"<h2 class=\"wp-block-heading\" id=\"h-description\">Descrizione<\/h2>\n\n\n\n<p>Questa macchina per il ghiaccio da neve \u00e8 caratterizzata da una rapida produzione di ghiaccio, da una consistenza fine e soffice, da un funzionamento stabile e silenzioso, da un materiale di grado alimentare, sicuro e facile da pulire e da un funzionamento continuo per molte ore. \u00c8 ampiamente utilizzata in contesti commerciali come negozi di t\u00e8 al latte, caffetterie, negozi di dolci, ristoranti, supermercati, bancarelle del mercato notturno, ecc., ideale per la produzione di ghiaccio di neve, ghiaccio per tagliatelle, ghiaccio a fiocchi, bevande ghiacciate e vari prodotti surgelati.<\/p>\n\n\n\n<figure class=\"wp-block-table is-style-stripes\"><table><thead><tr><th>Modello<\/th><th>JMXC80F<\/th><\/tr><\/thead><tbody><tr><td>Uscita<\/td><td>80KG\/24H (176,4lbs\/24ora)<\/td><\/tr><tr><td>Potenza<\/td><td>360W<\/td><\/tr><tr><td>Lunghezza del rullo<\/td><td>9,5 CM<\/td><\/tr><tr><td>Sistema di raffreddamento<\/td><td>Raffreddamento ad aria<\/td><\/tr><tr><td>Peso netto<\/td><td>23KG (circa)<\/td><\/tr><tr><td>Compressore<\/td><td>Compressore di marca<\/td><\/tr><tr><td>Refrigerante<\/td><td>R290<\/td><\/tr><tr><td>Dimensione<\/td><td>320 x 460 x 400 mm<\/td><\/tr><tr><td>Tensione<\/td><td>220V\/110V, 50HZ\/60HZ<\/td><\/tr><\/tbody><\/table><\/figure>\n\n\n\n<div style=\"height:30px\" aria-hidden=\"true\" class=\"wp-block-spacer\"><\/div>\n\n\n\n<div class=\"wp-block-columns is-layout-flex wp-container-core-columns-is-layout-9d6595d7 wp-block-columns-is-layout-flex dt-cr-1\">\n<div class=\"wp-block-column is-layout-flow wp-block-column-is-layout-flow\">\n<h3 class=\"wp-block-heading has-medium-font-size\" id=\"h-food-grade-roller\"><strong>RULLO PER USO ALIMENTARE<\/strong><\/h3>\n\n\n\n<p>Realizzato in acciaio inox 304 per uso alimentare, \u00e8 pi\u00f9 sano ed ecologico e consente ai clienti di gustare il ghiaccio in tutta tranquillit\u00e0\u3002<\/p>\n<\/div>\n\n\n\n<div class=\"wp-block-column is-layout-flow wp-block-column-is-layout-flow\">\n<h3 class=\"wp-block-heading has-medium-font-size\" id=\"h-knob-control\"><strong>COMANDO A MANOPOLA<\/strong><\/h3>\n\n\n\n<p>Interruttore one-touch e controllo a manopola, la velocit\u00e0 del rullo \u00e8 regolabile, la macchina \u00e8 facile da usare.<\/p>\n<\/div>\n<\/div>\n\n\n\n<div style=\"height:30px\" aria-hidden=\"true\" class=\"wp-block-spacer\"><\/div>\n\n\n\n<div class=\"wp-block-columns is-layout-flex wp-container-core-columns-is-layout-9d6595d7 wp-block-columns-is-layout-flex dt-cr-2\">\n<div class=\"wp-block-column is-layout-flow wp-block-column-is-layout-flow\">\n<h3 class=\"wp-block-heading has-medium-font-size\" id=\"h-efficient-air-cooling\"><strong>RAFFREDDAMENTO AD ARIA EFFICIENTE<\/strong><\/h3>\n\n\n\n<p>Ventola di alta qualit\u00e0, efficiente dissipazione del calore, maggiore velocit\u00e0 di produzione del ghiaccio e maggiore durata della macchina.<\/p>\n<\/div>\n\n\n\n<div class=\"wp-block-column is-layout-flow wp-block-column-is-layout-flow\">\n<h3 class=\"wp-block-heading has-medium-font-size\" id=\"h-powerful-compressor\"><strong>Potente compressore<\/strong><\/h3>\n\n\n\n<p>compressori di alta qualit\u00e0 prodotti in Cina, dal funzionamento stabile, in grado di lavorare ininterrottamente per 24 ore, a bassa rumorosit\u00e0 e con una lunga durata.<\/p>\n<\/div>\n<\/div>\n\n\n\n<div style=\"height:30px\" aria-hidden=\"true\" class=\"wp-block-spacer\"><\/div>\n\n\n\n<div class=\"wp-block-columns is-layout-flex wp-container-core-columns-is-layout-9d6595d7 wp-block-columns-is-layout-flex dt-cr-3\">\n<div class=\"wp-block-column is-layout-flow wp-block-column-is-layout-flow\">\n<h3 class=\"wp-block-heading has-medium-font-size\" id=\"h-more-detail\">Maggiori dettagli<\/h3>\n\n\n\n<figure class=\"wp-block-image size-full\"><img decoding=\"async\" width=\"790\" height=\"527\" src=\"https:\/\/kengmingcn.com\/wp-content\/uploads\/2026\/03\/\u8be6\u60c51-1.jpg\" alt=\"\" class=\"wp-image-53244\" srcset=\"https:\/\/kengmingcn.com\/wp-content\/uploads\/2026\/03\/\u8be6\u60c51-1.jpg 790w, https:\/\/kengmingcn.com\/wp-content\/uploads\/2026\/03\/\u8be6\u60c51-1-300x200.jpg 300w, https:\/\/kengmingcn.com\/wp-content\/uploads\/2026\/03\/\u8be6\u60c51-1-768x512.jpg 768w, https:\/\/kengmingcn.com\/wp-content\/uploads\/2026\/03\/\u8be6\u60c51-1-18x12.jpg 18w\" sizes=\"(max-width: 790px) 100vw, 790px\" \/><\/figure>\n\n\n\n<figure class=\"wp-block-image size-full\"><img decoding=\"async\" width=\"790\" height=\"527\" src=\"https:\/\/kengmingcn.com\/wp-content\/uploads\/2026\/03\/\u8be6\u60c52.jpg\" alt=\"\" class=\"wp-image-53245\" srcset=\"https:\/\/kengmingcn.com\/wp-content\/uploads\/2026\/03\/\u8be6\u60c52.jpg 790w, https:\/\/kengmingcn.com\/wp-content\/uploads\/2026\/03\/\u8be6\u60c52-300x200.jpg 300w, https:\/\/kengmingcn.com\/wp-content\/uploads\/2026\/03\/\u8be6\u60c52-768x512.jpg 768w, https:\/\/kengmingcn.com\/wp-content\/uploads\/2026\/03\/\u8be6\u60c52-18x12.jpg 18w\" sizes=\"(max-width: 790px) 100vw, 790px\" \/><\/figure>\n\n\n\n<figure class=\"wp-block-image size-full\"><img decoding=\"async\" width=\"790\" height=\"527\" src=\"https:\/\/kengmingcn.com\/wp-content\/uploads\/2026\/03\/\u8be6\u60c53.jpg\" alt=\"\" class=\"wp-image-53246\" srcset=\"https:\/\/kengmingcn.com\/wp-content\/uploads\/2026\/03\/\u8be6\u60c53.jpg 790w, https:\/\/kengmingcn.com\/wp-content\/uploads\/2026\/03\/\u8be6\u60c53-300x200.jpg 300w, https:\/\/kengmingcn.com\/wp-content\/uploads\/2026\/03\/\u8be6\u60c53-768x512.jpg 768w, https:\/\/kengmingcn.com\/wp-content\/uploads\/2026\/03\/\u8be6\u60c53-18x12.jpg 18w\" sizes=\"(max-width: 790px) 100vw, 790px\" \/><\/figure>\n\n\n\n<figure class=\"wp-block-image size-full\"><img decoding=\"async\" width=\"790\" height=\"527\" src=\"https:\/\/kengmingcn.com\/wp-content\/uploads\/2026\/03\/\u8be6\u60c54.jpg\" alt=\"\" class=\"wp-image-53247\" srcset=\"https:\/\/kengmingcn.com\/wp-content\/uploads\/2026\/03\/\u8be6\u60c54.jpg 790w, https:\/\/kengmingcn.com\/wp-content\/uploads\/2026\/03\/\u8be6\u60c54-300x200.jpg 300w, https:\/\/kengmingcn.com\/wp-content\/uploads\/2026\/03\/\u8be6\u60c54-768x512.jpg 768w, https:\/\/kengmingcn.com\/wp-content\/uploads\/2026\/03\/\u8be6\u60c54-18x12.jpg 18w\" sizes=\"(max-width: 790px) 100vw, 790px\" \/><\/figure>\n\n\n\n<figure class=\"wp-block-image size-full\"><img decoding=\"async\" width=\"790\" height=\"527\" src=\"https:\/\/kengmingcn.com\/wp-content\/uploads\/2026\/03\/\u8be6\u60c55.jpg\" alt=\"\" class=\"wp-image-53248\" srcset=\"https:\/\/kengmingcn.com\/wp-content\/uploads\/2026\/03\/\u8be6\u60c55.jpg 790w, https:\/\/kengmingcn.com\/wp-content\/uploads\/2026\/03\/\u8be6\u60c55-300x200.jpg 300w, https:\/\/kengmingcn.com\/wp-content\/uploads\/2026\/03\/\u8be6\u60c55-768x512.jpg 768w, https:\/\/kengmingcn.com\/wp-content\/uploads\/2026\/03\/\u8be6\u60c55-18x12.jpg 18w\" sizes=\"(max-width: 790px) 100vw, 790px\" \/><\/figure>\n<\/div>\n<\/div>\n\n\n\n<figure class=\"wp-block-image size-full\"><img decoding=\"async\" width=\"790\" height=\"527\" src=\"https:\/\/kengmingcn.com\/wp-content\/uploads\/2026\/03\/\u8be6\u60c56.jpg\" alt=\"\" class=\"wp-image-53249\" srcset=\"https:\/\/kengmingcn.com\/wp-content\/uploads\/2026\/03\/\u8be6\u60c56.jpg 790w, https:\/\/kengmingcn.com\/wp-content\/uploads\/2026\/03\/\u8be6\u60c56-300x200.jpg 300w, https:\/\/kengmingcn.com\/wp-content\/uploads\/2026\/03\/\u8be6\u60c56-768x512.jpg 768w, https:\/\/kengmingcn.com\/wp-content\/uploads\/2026\/03\/\u8be6\u60c56-18x12.jpg 18w\" sizes=\"(max-width: 790px) 100vw, 790px\" \/><\/figure>\n\n\n\n<figure class=\"wp-block-image size-full\"><img decoding=\"async\" width=\"790\" height=\"527\" src=\"https:\/\/kengmingcn.com\/wp-content\/uploads\/2026\/03\/\u8be6\u60c57.jpg\" alt=\"\" class=\"wp-image-53250\" srcset=\"https:\/\/kengmingcn.com\/wp-content\/uploads\/2026\/03\/\u8be6\u60c57.jpg 790w, https:\/\/kengmingcn.com\/wp-content\/uploads\/2026\/03\/\u8be6\u60c57-300x200.jpg 300w, https:\/\/kengmingcn.com\/wp-content\/uploads\/2026\/03\/\u8be6\u60c57-768x512.jpg 768w, https:\/\/kengmingcn.com\/wp-content\/uploads\/2026\/03\/\u8be6\u60c57-18x12.jpg 18w\" sizes=\"(max-width: 790px) 100vw, 790px\" \/><\/figure>\n\n\n\n<div class=\"wp-block-columns is-layout-flex wp-container-core-columns-is-layout-9d6595d7 wp-block-columns-is-layout-flex dt-cr-4\">\n<div class=\"wp-block-column is-layout-flow wp-block-column-is-layout-flow\">\n<h3 class=\"wp-block-heading\" id=\"h-why-choose-us\">Perch\u00e9 scegliere noi?<\/h3>\n\n\n\n<p>La macchina per la produzione di ghiaccio da neve JMXC80F \u00e8 progettata per l'uso domestico e commerciale. Con un funzionamento stabile, una produzione di ghiaccio veloce e una consistenza ultra-fine e soffice del ghiaccio da neve, e la produzione di ghiaccio in forme diverse, come il ghiaccio a fiocco di neve, il ghiaccio a spaghetti e il ghiaccio a scaglie, garantisce una produzione costante e di alta qualit\u00e0 per la vostra attivit\u00e0.<\/p>\n<\/div>\n<\/div>\n\n\n\n<p><\/p>\n\n\n\n<p><\/p>","protected":false},"excerpt":{"rendered":"<ul>\n<li style=\"list-style-type: none\">\n<ul>\n<li class=\"ai-optimize-27\">\n<div class=\"paragraph\">potenza: 360W<\/div>\n<\/li>\n<li class=\"ai-optimize-28\">\n<div class=\"paragraph\">Produzione di ghiaccio: 80KG\/24H<\/div>\n<\/li>\n<\/ul>\n<\/li>\n<\/ul>","protected":false},"featured_media":53251,"comment_status":"open","ping_status":"closed","template":"","meta":{"_acf_changed":false},"product_brand":[],"product_cat":[246,275],"product_tag":[],"class_list":{"0":"post-53243","1":"product","2":"type-product","3":"status-publish","4":"has-post-thumbnail","6":"product_cat-ice-maker","7":"product_cat-refrigeration-equipment","8":"description-off","10":"first","11":"instock","12":"shipping-taxable","13":"product-type-simple"},"acf":[],"yoast_head":"<!-- This site is optimized with the Yoast SEO Premium plugin v25.3 (Yoast SEO v26.3) - https:\/\/yoast.com\/wordpress\/plugins\/seo\/ -->\n<title>220V\/110V 360W\/660W\/780W Snow Ice Shave Machine Bingsu-machine Snowflake Ice Making Machine \uff08JMXC80F\uff09 - KengMing | Manufacturer of Commercial Kitchen Equipment<\/title>\n<meta name=\"description\" content=\"CE certified 40kg\/24h Crescent Ice Machine JMYy-40! Efficient ice making suitable for beverage and convenience stores, with crescent shaped ice that is easy to use and stable output to meet daily ice needs!\" \/>\n<meta name=\"robots\" content=\"index, follow, max-snippet:-1, max-image-preview:large, max-video-preview:-1\" \/>\n<link rel=\"canonical\" href=\"https:\/\/kengmingcn.com\/it\/product\/220v-110v-360w-660w-780w-neve-ghiaccio-rasatura-macchina-bingsu-macchina-fiocco-di-neve-macchina-per-fare-il-ghiaccio-\uff08jmxc80f\uff09\/\" \/>\n<meta property=\"og:locale\" content=\"it_IT\" \/>\n<meta property=\"og:type\" content=\"article\" \/>\n<meta property=\"og:title\" content=\"220V\/110V 360W\/660W\/780W Snow Ice Shave Machine Bingsu-machine Snowflake Ice Making Machine \uff08JMXC80F\uff09\" \/>\n<meta property=\"og:description\" content=\"CE certified 40kg\/24h Crescent Ice Machine JMYy-40! Efficient ice making suitable for beverage and convenience stores, with crescent shaped ice that is easy to use and stable output to meet daily ice needs!\" \/>\n<meta property=\"og:url\" content=\"https:\/\/kengmingcn.com\/it\/product\/220v-110v-360w-660w-780w-neve-ghiaccio-rasatura-macchina-bingsu-macchina-fiocco-di-neve-macchina-per-fare-il-ghiaccio-\uff08jmxc80f\uff09\/\" \/>\n<meta property=\"og:site_name\" content=\"KengMing | Manufacturer of Commercial Kitchen Equipment\" \/>\n<meta property=\"article:modified_time\" content=\"2026-03-09T10:07:17+00:00\" \/>\n<meta property=\"og:image\" content=\"https:\/\/kengmingcn.com\/wp-content\/uploads\/2026\/03\/1-1.jpg\" \/>\n\t<meta property=\"og:image:width\" content=\"800\" \/>\n\t<meta property=\"og:image:height\" content=\"800\" \/>\n\t<meta property=\"og:image:type\" content=\"image\/jpeg\" \/>\n<meta name=\"twitter:card\" content=\"summary_large_image\" \/>\n<meta name=\"twitter:label1\" content=\"Prezzo\" \/>\n\t<meta name=\"twitter:data1\" content=\"\" \/>\n\t<meta name=\"twitter:label2\" content=\"Disponibilit\u00e0\" \/>\n\t<meta name=\"twitter:data2\" content=\"In stock\" \/>\n<script type=\"application\/ld+json\" class=\"yoast-schema-graph\">{\"@context\":\"https:\/\/schema.org\",\"@graph\":[{\"@type\":\"WebPage\",\"@id\":\"https:\/\/kengmingcn.com\/product\/220v-110v-360w-660w-780w-snow-ice-shave-machine-bingsu-machine-snowflake-ice-making-machine-%ef%bc%88jmxc80f%ef%bc%89\/\",\"url\":\"https:\/\/kengmingcn.com\/product\/220v-110v-360w-660w-780w-snow-ice-shave-machine-bingsu-machine-snowflake-ice-making-machine-%ef%bc%88jmxc80f%ef%bc%89\/\",\"name\":\"220V\/110V 360W\/660W\/780W Snow Ice Shave Machine Bingsu-machine Snowflake Ice Making Machine \uff08JMXC80F\uff09 - KengMing | Manufacturer of Commercial Kitchen Equipment\",\"isPartOf\":{\"@id\":\"https:\/\/kengmingcn.com\/#website\"},\"primaryImageOfPage\":{\"@id\":\"https:\/\/kengmingcn.com\/product\/220v-110v-360w-660w-780w-snow-ice-shave-machine-bingsu-machine-snowflake-ice-making-machine-%ef%bc%88jmxc80f%ef%bc%89\/#primaryimage\"},\"image\":{\"@id\":\"https:\/\/kengmingcn.com\/product\/220v-110v-360w-660w-780w-snow-ice-shave-machine-bingsu-machine-snowflake-ice-making-machine-%ef%bc%88jmxc80f%ef%bc%89\/#primaryimage\"},\"thumbnailUrl\":\"https:\/\/kengmingcn.com\/wp-content\/uploads\/2026\/03\/1-1.jpg\",\"datePublished\":\"2026-03-09T03:24:38+00:00\",\"dateModified\":\"2026-03-09T10:07:17+00:00\",\"description\":\"CE certified 40kg\/24h Crescent Ice Machine JMYy-40! Efficient ice making suitable for beverage and convenience stores, with crescent shaped ice that is easy to use and stable output to meet daily ice needs!\",\"breadcrumb\":{\"@id\":\"https:\/\/kengmingcn.com\/product\/220v-110v-360w-660w-780w-snow-ice-shave-machine-bingsu-machine-snowflake-ice-making-machine-%ef%bc%88jmxc80f%ef%bc%89\/#breadcrumb\"},\"inLanguage\":\"it-IT\",\"potentialAction\":[{\"@type\":\"ReadAction\",\"target\":[\"https:\/\/kengmingcn.com\/product\/220v-110v-360w-660w-780w-snow-ice-shave-machine-bingsu-machine-snowflake-ice-making-machine-%ef%bc%88jmxc80f%ef%bc%89\/\"]}]},{\"@type\":\"ImageObject\",\"inLanguage\":\"it-IT\",\"@id\":\"https:\/\/kengmingcn.com\/product\/220v-110v-360w-660w-780w-snow-ice-shave-machine-bingsu-machine-snowflake-ice-making-machine-%ef%bc%88jmxc80f%ef%bc%89\/#primaryimage\",\"url\":\"https:\/\/kengmingcn.com\/wp-content\/uploads\/2026\/03\/1-1.jpg\",\"contentUrl\":\"https:\/\/kengmingcn.com\/wp-content\/uploads\/2026\/03\/1-1.jpg\",\"width\":800,\"height\":800},{\"@type\":\"BreadcrumbList\",\"@id\":\"https:\/\/kengmingcn.com\/product\/220v-110v-360w-660w-780w-snow-ice-shave-machine-bingsu-machine-snowflake-ice-making-machine-%ef%bc%88jmxc80f%ef%bc%89\/#breadcrumb\",\"itemListElement\":[{\"@type\":\"ListItem\",\"position\":1,\"name\":\"Home\",\"item\":\"https:\/\/kengmingcn.com\/\"},{\"@type\":\"ListItem\",\"position\":2,\"name\":\"Catalogue\",\"item\":\"https:\/\/kengmingcn.com\/?page_id=27131\"},{\"@type\":\"ListItem\",\"position\":3,\"name\":\"220V\/110V 360W\/660W\/780W Snow Ice Shave Machine Bingsu-machine Snowflake Ice Making Machine \uff08JMXC80F\uff09\"}]},{\"@type\":\"WebSite\",\"@id\":\"https:\/\/kengmingcn.com\/#website\",\"url\":\"https:\/\/kengmingcn.com\/\",\"name\":\"Kitchen Equipment\",\"description\":\"KengMing is a professional commercial kitchen equipment manufacturer and wholesale supplier, offering cooking, food prep and bakery equipment with OEM &amp; ODM service for global distributors.\",\"publisher\":{\"@id\":\"https:\/\/kengmingcn.com\/#organization\"},\"potentialAction\":[{\"@type\":\"SearchAction\",\"target\":{\"@type\":\"EntryPoint\",\"urlTemplate\":\"https:\/\/kengmingcn.com\/?s={search_term_string}\"},\"query-input\":{\"@type\":\"PropertyValueSpecification\",\"valueRequired\":true,\"valueName\":\"search_term_string\"}}],\"inLanguage\":\"it-IT\"},{\"@type\":\"Organization\",\"@id\":\"https:\/\/kengmingcn.com\/#organization\",\"name\":\"GuangZhou KengMing\",\"url\":\"https:\/\/kengmingcn.com\/\",\"logo\":{\"@type\":\"ImageObject\",\"inLanguage\":\"it-IT\",\"@id\":\"https:\/\/kengmingcn.com\/#\/schema\/logo\/image\/\",\"url\":\"https:\/\/kengmingcn.com\/wp-content\/uploads\/2025\/04\/cropped-1744508604969-removebg-preview.png\",\"contentUrl\":\"https:\/\/kengmingcn.com\/wp-content\/uploads\/2025\/04\/cropped-1744508604969-removebg-preview.png\",\"width\":512,\"height\":512,\"caption\":\"GuangZhou KengMing\"},\"image\":{\"@id\":\"https:\/\/kengmingcn.com\/#\/schema\/logo\/image\/\"}}]}<\/script>\n<meta property=\"product:price:amount\" content=\"0.00\" \/>\n<meta property=\"product:price:currency\" content=\"USD\" \/>\n<meta property=\"og:availability\" content=\"instock\" \/>\n<meta property=\"product:availability\" content=\"instock\" \/>\n<meta property=\"product:condition\" content=\"new\" \/>\n<!-- \/ Yoast SEO Premium plugin. -->","yoast_head_json":{"title":"220V\/110V 360W\/660W\/780W Snow Ice Shave Machine Bingsu-machine Snowflake Ice Making Machine (JMXC80F\uff09) - KengMing | Produttore di attrezzature da cucina commerciali","description":"Macchina per il ghiaccio a mezzaluna JMYy-40 certificata CE da 40 kg\/24h! Efficiente macchina per la produzione di ghiaccio, adatta per i negozi di bevande e i minimarket, con ghiaccio a forma di mezzaluna, facile da usare e con una produzione stabile per soddisfare le esigenze quotidiane di ghiaccio!","robots":{"index":"index","follow":"follow","max-snippet":"max-snippet:-1","max-image-preview":"max-image-preview:large","max-video-preview":"max-video-preview:-1"},"canonical":"https:\/\/kengmingcn.com\/it\/product\/220v-110v-360w-660w-780w-neve-ghiaccio-rasatura-macchina-bingsu-macchina-fiocco-di-neve-macchina-per-fare-il-ghiaccio-\uff08jmxc80f\uff09\/","og_locale":"it_IT","og_type":"article","og_title":"220V\/110V 360W\/660W\/780W Snow Ice Shave Machine Bingsu-machine Snowflake Ice Making Machine \uff08JMXC80F\uff09","og_description":"CE certified 40kg\/24h Crescent Ice Machine JMYy-40! Efficient ice making suitable for beverage and convenience stores, with crescent shaped ice that is easy to use and stable output to meet daily ice needs!","og_url":"https:\/\/kengmingcn.com\/it\/product\/220v-110v-360w-660w-780w-neve-ghiaccio-rasatura-macchina-bingsu-macchina-fiocco-di-neve-macchina-per-fare-il-ghiaccio-\uff08jmxc80f\uff09\/","og_site_name":"KengMing | Manufacturer of Commercial Kitchen Equipment","article_modified_time":"2026-03-09T10:07:17+00:00","og_image":[{"width":800,"height":800,"url":"https:\/\/kengmingcn.com\/wp-content\/uploads\/2026\/03\/1-1.jpg","type":"image\/jpeg"}],"twitter_card":"summary_large_image","twitter_misc":{"Prezzo":"","Disponibilit\u00e0":"In stock"},"schema":{"@context":"https:\/\/schema.org","@graph":[{"@type":"WebPage","@id":"https:\/\/kengmingcn.com\/product\/220v-110v-360w-660w-780w-snow-ice-shave-machine-bingsu-machine-snowflake-ice-making-machine-%ef%bc%88jmxc80f%ef%bc%89\/","url":"https:\/\/kengmingcn.com\/product\/220v-110v-360w-660w-780w-snow-ice-shave-machine-bingsu-machine-snowflake-ice-making-machine-%ef%bc%88jmxc80f%ef%bc%89\/","name":"220V\/110V 360W\/660W\/780W Snow Ice Shave Machine Bingsu-machine Snowflake Ice Making Machine (JMXC80F\uff09) - KengMing | Produttore di attrezzature da cucina commerciali","isPartOf":{"@id":"https:\/\/kengmingcn.com\/#website"},"primaryImageOfPage":{"@id":"https:\/\/kengmingcn.com\/product\/220v-110v-360w-660w-780w-snow-ice-shave-machine-bingsu-machine-snowflake-ice-making-machine-%ef%bc%88jmxc80f%ef%bc%89\/#primaryimage"},"image":{"@id":"https:\/\/kengmingcn.com\/product\/220v-110v-360w-660w-780w-snow-ice-shave-machine-bingsu-machine-snowflake-ice-making-machine-%ef%bc%88jmxc80f%ef%bc%89\/#primaryimage"},"thumbnailUrl":"https:\/\/kengmingcn.com\/wp-content\/uploads\/2026\/03\/1-1.jpg","datePublished":"2026-03-09T03:24:38+00:00","dateModified":"2026-03-09T10:07:17+00:00","description":"Macchina per il ghiaccio a mezzaluna JMYy-40 certificata CE da 40 kg\/24h! Efficiente macchina per la produzione di ghiaccio, adatta per i negozi di bevande e i minimarket, con ghiaccio a forma di mezzaluna, facile da usare e con una produzione stabile per soddisfare le esigenze quotidiane di ghiaccio!","breadcrumb":{"@id":"https:\/\/kengmingcn.com\/product\/220v-110v-360w-660w-780w-snow-ice-shave-machine-bingsu-machine-snowflake-ice-making-machine-%ef%bc%88jmxc80f%ef%bc%89\/#breadcrumb"},"inLanguage":"it-IT","potentialAction":[{"@type":"ReadAction","target":["https:\/\/kengmingcn.com\/product\/220v-110v-360w-660w-780w-snow-ice-shave-machine-bingsu-machine-snowflake-ice-making-machine-%ef%bc%88jmxc80f%ef%bc%89\/"]}]},{"@type":"ImageObject","inLanguage":"it-IT","@id":"https:\/\/kengmingcn.com\/product\/220v-110v-360w-660w-780w-snow-ice-shave-machine-bingsu-machine-snowflake-ice-making-machine-%ef%bc%88jmxc80f%ef%bc%89\/#primaryimage","url":"https:\/\/kengmingcn.com\/wp-content\/uploads\/2026\/03\/1-1.jpg","contentUrl":"https:\/\/kengmingcn.com\/wp-content\/uploads\/2026\/03\/1-1.jpg","width":800,"height":800},{"@type":"BreadcrumbList","@id":"https:\/\/kengmingcn.com\/product\/220v-110v-360w-660w-780w-snow-ice-shave-machine-bingsu-machine-snowflake-ice-making-machine-%ef%bc%88jmxc80f%ef%bc%89\/#breadcrumb","itemListElement":[{"@type":"ListItem","position":1,"name":"Home","item":"https:\/\/kengmingcn.com\/"},{"@type":"ListItem","position":2,"name":"Catalogue","item":"https:\/\/kengmingcn.com\/?page_id=27131"},{"@type":"ListItem","position":3,"name":"220V\/110V 360W\/660W\/780W Snow Ice Shave Machine Bingsu-machine Snowflake Ice Making Machine \uff08JMXC80F\uff09"}]},{"@type":"WebSite","@id":"https:\/\/kengmingcn.com\/#website","url":"https:\/\/kengmingcn.com\/","name":"Attrezzature da cucina","description":"KengMing is a professional commercial kitchen equipment manufacturer and wholesale supplier, offering cooking, food prep and bakery equipment with OEM &amp; ODM service for global distributors.","publisher":{"@id":"https:\/\/kengmingcn.com\/#organization"},"potentialAction":[{"@type":"SearchAction","target":{"@type":"EntryPoint","urlTemplate":"https:\/\/kengmingcn.com\/?s={search_term_string}"},"query-input":{"@type":"PropertyValueSpecification","valueRequired":true,"valueName":"search_term_string"}}],"inLanguage":"it-IT"},{"@type":"Organization","@id":"https:\/\/kengmingcn.com\/#organization","name":"GuangZhou KengMing","url":"https:\/\/kengmingcn.com\/","logo":{"@type":"ImageObject","inLanguage":"it-IT","@id":"https:\/\/kengmingcn.com\/#\/schema\/logo\/image\/","url":"https:\/\/kengmingcn.com\/wp-content\/uploads\/2025\/04\/cropped-1744508604969-removebg-preview.png","contentUrl":"https:\/\/kengmingcn.com\/wp-content\/uploads\/2025\/04\/cropped-1744508604969-removebg-preview.png","width":512,"height":512,"caption":"GuangZhou KengMing"},"image":{"@id":"https:\/\/kengmingcn.com\/#\/schema\/logo\/image\/"}}]},"product_price_amount":"0.00","product_price_currency":"USD","og_availability":"instock","product_availability":"instock","product_condition":"new"},"_links":{"self":[{"href":"https:\/\/kengmingcn.com\/it\/wp-json\/wp\/v2\/product\/53243","targetHints":{"allow":["GET"]}}],"collection":[{"href":"https:\/\/kengmingcn.com\/it\/wp-json\/wp\/v2\/product"}],"about":[{"href":"https:\/\/kengmingcn.com\/it\/wp-json\/wp\/v2\/types\/product"}],"replies":[{"embeddable":true,"href":"https:\/\/kengmingcn.com\/it\/wp-json\/wp\/v2\/comments?post=53243"}],"wp:featuredmedia":[{"embeddable":true,"href":"https:\/\/kengmingcn.com\/it\/wp-json\/wp\/v2\/media\/53251"}],"wp:attachment":[{"href":"https:\/\/kengmingcn.com\/it\/wp-json\/wp\/v2\/media?parent=53243"}],"wp:term":[{"taxonomy":"product_brand","embeddable":true,"href":"https:\/\/kengmingcn.com\/it\/wp-json\/wp\/v2\/product_brand?post=53243"},{"taxonomy":"product_cat","embeddable":true,"href":"https:\/\/kengmingcn.com\/it\/wp-json\/wp\/v2\/product_cat?post=53243"},{"taxonomy":"product_tag","embeddable":true,"href":"https:\/\/kengmingcn.com\/it\/wp-json\/wp\/v2\/product_tag?post=53243"}],"curies":[{"name":"wp","href":"https:\/\/api.w.org\/{rel}","templated":true}]}}