{"id":53193,"date":"2026-02-10T15:43:27","date_gmt":"2026-02-10T07:43:27","guid":{"rendered":"https:\/\/kengmingcn.com\/?post_type=product&#038;p=53193"},"modified":"2026-02-10T15:48:16","modified_gmt":"2026-02-10T07:48:16","slug":"xhj168fp-300kg-24h-fiocco-di-neve-macchina-del-ghiaccio-con-ce","status":"publish","type":"product","link":"https:\/\/kengmingcn.com\/it\/product\/xhj168fp-300kg-24h-fiocco-di-neve-macchina-del-ghiaccio-con-ce\/","title":{"rendered":"XHJ168FP 300kg\/24H Macchina del ghiaccio a fiocco di neve"},"content":{"rendered":"<h2 class=\"wp-block-heading\" id=\"h-description\">Descrizione<\/h2>\n\n\n\n<p>La macchina per il ghiaccio a fiocco di neve \u00e8 un'efficiente apparecchiatura per la produzione di bevande fredde, progettata per produrre ghiaccio a fiocco di neve delicato, fresco e croccante. Grazie all'avanzata tecnologia di congelamento e al preciso meccanismo di raschiamento del ghiaccio, \u00e8 in grado di congelare e raschiare rapidamente le materie prime liquide (come succhi di frutta, t\u00e8 al latte, cocktail, ecc.) in particelle morbide e delicate simili a fiocchi di neve, mantenendo il sapore originale e le sostanze nutritive dell'alimento, rendendola un'attrezzatura per bevande fredde indispensabile per l'estate e per ogni tipo di attivit\u00e0.<\/p>\n\n\n\n<div style=\"height:30px\" aria-hidden=\"true\" class=\"wp-block-spacer\"><\/div>\n\n\n\n<figure class=\"wp-block-table is-style-stripes\"><table><thead><tr><th>Modello<\/th><th>XHJ168FP<\/th><\/tr><\/thead><tbody><tr><td>Uscita<\/td><td>300 kg\/24 ore (374 libbre\/24 ore)<\/td><\/tr><tr><td>Potenza<\/td><td>1300w<\/td><\/tr><tr><td>Lunghezza del rullo<\/td><td>16 cm<\/td><\/tr><tr><td>Modo di raffreddamento<\/td><td>Raffreddamento ad aria<\/td><\/tr><tr><td>Dimensione<\/td><td>45*55,5*52,5 cm<\/td><\/tr><tr><td>Dimensione della confezione<\/td><td>71*54*74cm (0,23cbm)<\/td><\/tr><tr><td>Peso netto<\/td><td>51 kg<\/td><\/tr><tr><td>Peso della confezione<\/td><td>68 kg<\/td><\/tr><tr><td>Compressore<\/td><td>GMCC o altro marchio cinese<\/td><\/tr><\/tbody><\/table><\/figure>\n\n\n\n<div style=\"height:30px\" aria-hidden=\"true\" class=\"wp-block-spacer\"><\/div>\n\n\n\n<div class=\"wp-block-columns is-layout-flex wp-container-core-columns-is-layout-9d6595d7 wp-block-columns-is-layout-flex dt-cr-1\">\n<div class=\"wp-block-column is-layout-flow wp-block-column-is-layout-flow\">\n<h3 class=\"wp-block-heading has-medium-font-size\" id=\"h-impressive-production-capacity\"><strong>Impressionante capacit\u00e0 produttiva<\/strong><\/h3>\n\n\n\n<p>Refrigerazione ad alta efficienza, raffreddamento ad aria, solo 1 minuto di pre-raffreddamento pu\u00f2 essere 3 secondi di ghiaccio, capacit\u00e0 di produzione giornaliera di ghiaccio di 661Ib.<\/p>\n<\/div>\n\n\n\n<div class=\"wp-block-column is-layout-flow wp-block-column-is-layout-flow\">\n<h3 class=\"wp-block-heading has-medium-font-size\" id=\"h-premium-304-stainless-steel-construction\"><strong>Costruzione in acciaio inox 304 premium<\/strong><\/h3>\n\n\n\n<p>Il corpo della macchina e tutte le parti a contatto con gli alimenti sono realizzate in acciaio inox 304, resistente alla corrosione, facile da pulire e resistente al calore. Sia in ambienti ad alta umidit\u00e0 che in caso di uso prolungato, la macchina rimane robusta e durevole, garantendo la sicurezza alimentare e una lunga durata. Il materiale liscio facilita inoltre la manutenzione quotidiana, riduce la crescita batterica e semplifica la gestione dell'igiene.<\/p>\n<\/div>\n<\/div>\n\n\n\n<div style=\"height:30px\" aria-hidden=\"true\" class=\"wp-block-spacer\"><\/div>\n\n\n\n<div class=\"wp-block-columns is-layout-flex wp-container-core-columns-is-layout-9d6595d7 wp-block-columns-is-layout-flex dt-cr-2\">\n<div class=\"wp-block-column is-layout-flow wp-block-column-is-layout-flow\">\n<h3 class=\"wp-block-heading has-medium-font-size\" id=\"h-user-friendly-operation\"><strong>Funzionamento facile da usare<\/strong><\/h3>\n\n\n\n<p>Il modello XHJ168FP \u00e8 dotato di un sistema di alimentazione a gravit\u00e0 e di un pannello di controllo intuitivo, che ne facilita l'utilizzo anche per i nuovi dipendenti. Il sistema di raffreddamento a controllo indipendente riduce le fasi manuali, rendendo il processo produttivo pi\u00f9 semplice ed efficiente, migliorando la velocit\u00e0 del servizio e la soddisfazione dei clienti.<\/p>\n<\/div>\n\n\n\n<div class=\"wp-block-column is-layout-flow wp-block-column-is-layout-flow\">\n<h3 class=\"wp-block-heading has-medium-font-size\" id=\"h-adjustable-ice-shape\"><strong>Forma del ghiaccio regolabile<\/strong><\/h3>\n\n\n\n<p>Regolando le materie prime e controllando la velocit\u00e0 dell'evaporatore, \u00e8 possibile ottenere una variet\u00e0 di forme di ghiaccio, come il ghiaccio di neve, il ghiaccio di pasta, il ghiaccio a scaglie, il ghiaccio di pecora, il ghiaccio ad aghi di varie forme, realizzando un gusto che va dal leggero e liscio al ricco e delicato.<\/p>\n<\/div>\n<\/div>\n\n\n\n<div style=\"height:30px\" aria-hidden=\"true\" class=\"wp-block-spacer\"><\/div>\n\n\n\n<div class=\"wp-block-columns is-layout-flex wp-container-core-columns-is-layout-9d6595d7 wp-block-columns-is-layout-flex dt-cr-3\">\n<div class=\"wp-block-column is-layout-flow wp-block-column-is-layout-flow\">\n<h3 class=\"wp-block-heading has-medium-font-size\" id=\"h-more-detail\">Maggiori dettagli<\/h3>\n\n\n\n<figure class=\"wp-block-gallery has-nested-images columns-default is-cropped wp-block-gallery-1 is-layout-flex wp-block-gallery-is-layout-flex\">\n<figure class=\"wp-block-image size-large\"><img decoding=\"async\" width=\"550\" height=\"550\" data-id=\"47952\" src=\"https:\/\/kengmingcn.com\/wp-content\/uploads\/2025\/03\/1736303096772_3_11zon.webp\" alt=\"\" class=\"wp-image-47952\" srcset=\"https:\/\/kengmingcn.com\/wp-content\/uploads\/2025\/03\/1736303096772_3_11zon.webp 550w, https:\/\/kengmingcn.com\/wp-content\/uploads\/2025\/03\/1736303096772_3_11zon-300x300.webp 300w, https:\/\/kengmingcn.com\/wp-content\/uploads\/2025\/03\/1736303096772_3_11zon-150x150.webp 150w, https:\/\/kengmingcn.com\/wp-content\/uploads\/2025\/03\/1736303096772_3_11zon-200x200.webp 200w\" sizes=\"(max-width: 550px) 100vw, 550px\" \/><\/figure>\n\n\n\n<figure class=\"wp-block-image size-large\"><img decoding=\"async\" width=\"750\" height=\"873\" data-id=\"52104\" src=\"https:\/\/kengmingcn.com\/wp-content\/uploads\/2025\/09\/XHJ128fp-bingsu-machine-\u8be6\u60c5\u56fe-10.jpg\" alt=\"4\u79cd\u96ea\u82b1\u51b0\" class=\"wp-image-52104\" srcset=\"https:\/\/kengmingcn.com\/wp-content\/uploads\/2025\/09\/XHJ128fp-bingsu-machine-\u8be6\u60c5\u56fe-10.jpg 750w, https:\/\/kengmingcn.com\/wp-content\/uploads\/2025\/09\/XHJ128fp-bingsu-machine-\u8be6\u60c5\u56fe-10-258x300.jpg 258w, https:\/\/kengmingcn.com\/wp-content\/uploads\/2025\/09\/XHJ128fp-bingsu-machine-\u8be6\u60c5\u56fe-10-10x12.jpg 10w\" sizes=\"(max-width: 750px) 100vw, 750px\" \/><\/figure>\n<\/figure>\n<\/div>\n<\/div>\n\n\n\n<div class=\"wp-block-columns is-layout-flex wp-container-core-columns-is-layout-9d6595d7 wp-block-columns-is-layout-flex dt-cr-4\">\n<div class=\"wp-block-column is-layout-flow wp-block-column-is-layout-flow\">\n<div style=\"height:30px\" aria-hidden=\"true\" class=\"wp-block-spacer\"><\/div>\n\n\n\n<h2 class=\"wp-block-heading\" id=\"h-video\">Video<\/h2>\n\n\n\n<figure class=\"wp-block-video\"><video controls src=\"https:\/\/cdn-gzkm.b-cdn.net\/Model\/XHJ268_168_series\/XHJ268P_Video.mp4\"><\/video><\/figure>\n<\/div>\n\n\n\n<div class=\"wp-block-column is-layout-flow wp-block-column-is-layout-flow\"><\/div>\n<\/div>\n\n\n\n<div class=\"wp-block-columns is-layout-flex wp-container-core-columns-is-layout-9d6595d7 wp-block-columns-is-layout-flex dt-cr-5\">\n<div class=\"wp-block-column is-layout-flow wp-block-column-is-layout-flow\">\n<div style=\"height:30px\" aria-hidden=\"true\" class=\"wp-block-spacer\"><\/div>\n\n\n\n<h3 class=\"wp-block-heading\" id=\"h-why-choose-us\">Perch\u00e9 scegliere noi?<\/h3>\n\n\n\n<p>In breve, la nostra macchina per il ghiaccio a fiocchi di neve, con una capacit\u00e0 produttiva di 300 chilogrammi ogni 24 ore, \u00e8 un must per qualsiasi azienda che voglia distinguersi nel settore dei dessert. Sia che vi troviate in un'area vivace come Guangzhou, dove si mescolano negozi locali e grandi imprese, sia che siate in qualsiasi altro luogo, questa macchina offre tutte le caratteristiche e le prestazioni superiori necessarie per il successo. Investite in questa macchina oggi stesso e regalate dolci sorrisi ai vostri clienti con ogni deliziosa pallina di ghiaccio a forma di fiocco di neve!<\/p>\n<\/div>\n<\/div>","protected":false},"excerpt":{"rendered":"<ul>\n<li>Potenza: 1300W<\/li>\n<li>Produzione: 300kg\/24H<\/li>\n<li>CE<\/li>\n<li>Lunghezza del rullo: 16 cm<\/li>\n<li>Compressore: GMCC<\/li>\n<li>Raffreddamento ad aria<\/li>\n<\/ul>","protected":false},"featured_media":53035,"comment_status":"open","ping_status":"closed","template":"","meta":{"_acf_changed":false},"product_brand":[],"product_cat":[244,275],"product_tag":[253],"class_list":{"0":"post-53193","1":"product","2":"type-product","3":"status-publish","4":"has-post-thumbnail","6":"product_cat-bingsu-machine","7":"product_cat-refrigeration-equipment","8":"product_tag-air-cooling","9":"description-off","11":"first","12":"instock","13":"shipping-taxable","14":"product-type-simple"},"acf":[],"yoast_head":"<!-- This site is optimized with the Yoast SEO Premium plugin v25.3 (Yoast SEO v26.3) - https:\/\/yoast.com\/wordpress\/plugins\/seo\/ -->\n<title>XHJ168FP 300kg\/24h Snowflake ice machine with ce<\/title>\n<meta name=\"description\" content=\"Model: XHJ168FP capacity: 300kg\/24h, pre-cooling for 1 minute, and quick production of flake ice immediately after pouring in raw materials.\" \/>\n<meta name=\"robots\" content=\"index, follow, max-snippet:-1, max-image-preview:large, max-video-preview:-1\" \/>\n<link rel=\"canonical\" href=\"https:\/\/kengmingcn.com\/it\/product\/xhj168fp-300kg-24h-fiocco-di-neve-macchina-del-ghiaccio-con-ce\/\" \/>\n<meta property=\"og:locale\" content=\"it_IT\" \/>\n<meta property=\"og:type\" content=\"article\" \/>\n<meta property=\"og:title\" content=\"XHJ168FP 300kg\/24H Snowflake Ice Machine\" \/>\n<meta property=\"og:description\" content=\"Model: XHJ168FP capacity: 300kg\/24h, pre-cooling for 1 minute, and quick production of flake ice immediately after pouring in raw materials.\" \/>\n<meta property=\"og:url\" content=\"https:\/\/kengmingcn.com\/it\/product\/xhj168fp-300kg-24h-fiocco-di-neve-macchina-del-ghiaccio-con-ce\/\" \/>\n<meta property=\"og:site_name\" content=\"KengMing | Manufacturer of Commercial Kitchen Equipment\" \/>\n<meta property=\"article:modified_time\" content=\"2026-02-10T07:48:16+00:00\" \/>\n<meta property=\"og:image\" content=\"https:\/\/kengmingcn.com\/wp-content\/uploads\/2026\/01\/XHJ168FP_8_11zon.webp\" \/>\n\t<meta property=\"og:image:width\" content=\"800\" \/>\n\t<meta property=\"og:image:height\" content=\"800\" \/>\n\t<meta property=\"og:image:type\" content=\"image\/webp\" \/>\n<meta name=\"twitter:card\" content=\"summary_large_image\" \/>\n<meta name=\"twitter:label1\" content=\"Prezzo\" \/>\n\t<meta name=\"twitter:data1\" content=\"\" \/>\n\t<meta name=\"twitter:label2\" content=\"Disponibilit\u00e0\" \/>\n\t<meta name=\"twitter:data2\" content=\"In stock\" \/>\n<script type=\"application\/ld+json\" class=\"yoast-schema-graph\">{\"@context\":\"https:\/\/schema.org\",\"@graph\":[{\"@type\":\"WebPage\",\"@id\":\"https:\/\/kengmingcn.com\/product\/xhj168fp-300kg-24h-snowflake-ice-machine-with-ce\/\",\"url\":\"https:\/\/kengmingcn.com\/product\/xhj168fp-300kg-24h-snowflake-ice-machine-with-ce\/\",\"name\":\"XHJ168FP 300kg\/24h Snowflake ice machine with ce\",\"isPartOf\":{\"@id\":\"https:\/\/kengmingcn.com\/#website\"},\"primaryImageOfPage\":{\"@id\":\"https:\/\/kengmingcn.com\/product\/xhj168fp-300kg-24h-snowflake-ice-machine-with-ce\/#primaryimage\"},\"image\":{\"@id\":\"https:\/\/kengmingcn.com\/product\/xhj168fp-300kg-24h-snowflake-ice-machine-with-ce\/#primaryimage\"},\"thumbnailUrl\":\"https:\/\/kengmingcn.com\/wp-content\/uploads\/2026\/01\/XHJ168FP_8_11zon.webp\",\"datePublished\":\"2026-02-10T07:43:27+00:00\",\"dateModified\":\"2026-02-10T07:48:16+00:00\",\"description\":\"Model: XHJ168FP capacity: 300kg\/24h, pre-cooling for 1 minute, and quick production of flake ice immediately after pouring in raw materials.\",\"breadcrumb\":{\"@id\":\"https:\/\/kengmingcn.com\/product\/xhj168fp-300kg-24h-snowflake-ice-machine-with-ce\/#breadcrumb\"},\"inLanguage\":\"it-IT\",\"potentialAction\":[{\"@type\":\"ReadAction\",\"target\":[\"https:\/\/kengmingcn.com\/product\/xhj168fp-300kg-24h-snowflake-ice-machine-with-ce\/\"]}]},{\"@type\":\"ImageObject\",\"inLanguage\":\"it-IT\",\"@id\":\"https:\/\/kengmingcn.com\/product\/xhj168fp-300kg-24h-snowflake-ice-machine-with-ce\/#primaryimage\",\"url\":\"https:\/\/kengmingcn.com\/wp-content\/uploads\/2026\/01\/XHJ168FP_8_11zon.webp\",\"contentUrl\":\"https:\/\/kengmingcn.com\/wp-content\/uploads\/2026\/01\/XHJ168FP_8_11zon.webp\",\"width\":800,\"height\":800,\"caption\":\"XHJ168FP 300kg\/24h Snowflake ice machine with ce\"},{\"@type\":\"BreadcrumbList\",\"@id\":\"https:\/\/kengmingcn.com\/product\/xhj168fp-300kg-24h-snowflake-ice-machine-with-ce\/#breadcrumb\",\"itemListElement\":[{\"@type\":\"ListItem\",\"position\":1,\"name\":\"Home\",\"item\":\"https:\/\/kengmingcn.com\/\"},{\"@type\":\"ListItem\",\"position\":2,\"name\":\"Catalogue\",\"item\":\"https:\/\/kengmingcn.com\/?page_id=27131\"},{\"@type\":\"ListItem\",\"position\":3,\"name\":\"XHJ168FP 300kg\/24H Snowflake Ice Machine\"}]},{\"@type\":\"WebSite\",\"@id\":\"https:\/\/kengmingcn.com\/#website\",\"url\":\"https:\/\/kengmingcn.com\/\",\"name\":\"Kitchen Equipment\",\"description\":\"KengMing is a professional commercial kitchen equipment manufacturer and wholesale supplier, offering cooking, food prep and bakery equipment with OEM &amp; ODM service for global distributors.\",\"publisher\":{\"@id\":\"https:\/\/kengmingcn.com\/#organization\"},\"potentialAction\":[{\"@type\":\"SearchAction\",\"target\":{\"@type\":\"EntryPoint\",\"urlTemplate\":\"https:\/\/kengmingcn.com\/?s={search_term_string}\"},\"query-input\":{\"@type\":\"PropertyValueSpecification\",\"valueRequired\":true,\"valueName\":\"search_term_string\"}}],\"inLanguage\":\"it-IT\"},{\"@type\":\"Organization\",\"@id\":\"https:\/\/kengmingcn.com\/#organization\",\"name\":\"GuangZhou KengMing\",\"url\":\"https:\/\/kengmingcn.com\/\",\"logo\":{\"@type\":\"ImageObject\",\"inLanguage\":\"it-IT\",\"@id\":\"https:\/\/kengmingcn.com\/#\/schema\/logo\/image\/\",\"url\":\"https:\/\/kengmingcn.com\/wp-content\/uploads\/2025\/04\/cropped-1744508604969-removebg-preview.png\",\"contentUrl\":\"https:\/\/kengmingcn.com\/wp-content\/uploads\/2025\/04\/cropped-1744508604969-removebg-preview.png\",\"width\":512,\"height\":512,\"caption\":\"GuangZhou KengMing\"},\"image\":{\"@id\":\"https:\/\/kengmingcn.com\/#\/schema\/logo\/image\/\"}}]}<\/script>\n<meta property=\"product:price:amount\" content=\"0.00\" \/>\n<meta property=\"product:price:currency\" content=\"USD\" \/>\n<meta property=\"og:availability\" content=\"instock\" \/>\n<meta property=\"product:availability\" content=\"instock\" \/>\n<meta property=\"product:condition\" content=\"new\" \/>\n<!-- \/ Yoast SEO Premium plugin. -->","yoast_head_json":{"title":"XHJ168FP 300kg\/24h Macchina del ghiaccio a fiocco di neve con ce","description":"Modello: XHJ168FP capacit\u00e0: 300 kg\/24h, pre-raffreddamento per 1 minuto e produzione rapida di ghiaccio in scaglie subito dopo il versamento delle materie prime.","robots":{"index":"index","follow":"follow","max-snippet":"max-snippet:-1","max-image-preview":"max-image-preview:large","max-video-preview":"max-video-preview:-1"},"canonical":"https:\/\/kengmingcn.com\/it\/product\/xhj168fp-300kg-24h-fiocco-di-neve-macchina-del-ghiaccio-con-ce\/","og_locale":"it_IT","og_type":"article","og_title":"XHJ168FP 300kg\/24H Snowflake Ice Machine","og_description":"Model: XHJ168FP capacity: 300kg\/24h, pre-cooling for 1 minute, and quick production of flake ice immediately after pouring in raw materials.","og_url":"https:\/\/kengmingcn.com\/it\/product\/xhj168fp-300kg-24h-fiocco-di-neve-macchina-del-ghiaccio-con-ce\/","og_site_name":"KengMing | Manufacturer of Commercial Kitchen Equipment","article_modified_time":"2026-02-10T07:48:16+00:00","og_image":[{"width":800,"height":800,"url":"https:\/\/kengmingcn.com\/wp-content\/uploads\/2026\/01\/XHJ168FP_8_11zon.webp","type":"image\/webp"}],"twitter_card":"summary_large_image","twitter_misc":{"Prezzo":"","Disponibilit\u00e0":"In stock"},"schema":{"@context":"https:\/\/schema.org","@graph":[{"@type":"WebPage","@id":"https:\/\/kengmingcn.com\/product\/xhj168fp-300kg-24h-snowflake-ice-machine-with-ce\/","url":"https:\/\/kengmingcn.com\/product\/xhj168fp-300kg-24h-snowflake-ice-machine-with-ce\/","name":"XHJ168FP 300kg\/24h Macchina del ghiaccio a fiocco di neve con ce","isPartOf":{"@id":"https:\/\/kengmingcn.com\/#website"},"primaryImageOfPage":{"@id":"https:\/\/kengmingcn.com\/product\/xhj168fp-300kg-24h-snowflake-ice-machine-with-ce\/#primaryimage"},"image":{"@id":"https:\/\/kengmingcn.com\/product\/xhj168fp-300kg-24h-snowflake-ice-machine-with-ce\/#primaryimage"},"thumbnailUrl":"https:\/\/kengmingcn.com\/wp-content\/uploads\/2026\/01\/XHJ168FP_8_11zon.webp","datePublished":"2026-02-10T07:43:27+00:00","dateModified":"2026-02-10T07:48:16+00:00","description":"Modello: XHJ168FP capacit\u00e0: 300 kg\/24h, pre-raffreddamento per 1 minuto e produzione rapida di ghiaccio in scaglie subito dopo il versamento delle materie prime.","breadcrumb":{"@id":"https:\/\/kengmingcn.com\/product\/xhj168fp-300kg-24h-snowflake-ice-machine-with-ce\/#breadcrumb"},"inLanguage":"it-IT","potentialAction":[{"@type":"ReadAction","target":["https:\/\/kengmingcn.com\/product\/xhj168fp-300kg-24h-snowflake-ice-machine-with-ce\/"]}]},{"@type":"ImageObject","inLanguage":"it-IT","@id":"https:\/\/kengmingcn.com\/product\/xhj168fp-300kg-24h-snowflake-ice-machine-with-ce\/#primaryimage","url":"https:\/\/kengmingcn.com\/wp-content\/uploads\/2026\/01\/XHJ168FP_8_11zon.webp","contentUrl":"https:\/\/kengmingcn.com\/wp-content\/uploads\/2026\/01\/XHJ168FP_8_11zon.webp","width":800,"height":800,"caption":"XHJ168FP 300kg\/24h Snowflake ice machine with ce"},{"@type":"BreadcrumbList","@id":"https:\/\/kengmingcn.com\/product\/xhj168fp-300kg-24h-snowflake-ice-machine-with-ce\/#breadcrumb","itemListElement":[{"@type":"ListItem","position":1,"name":"Home","item":"https:\/\/kengmingcn.com\/"},{"@type":"ListItem","position":2,"name":"Catalogue","item":"https:\/\/kengmingcn.com\/?page_id=27131"},{"@type":"ListItem","position":3,"name":"XHJ168FP 300kg\/24H Snowflake Ice Machine"}]},{"@type":"WebSite","@id":"https:\/\/kengmingcn.com\/#website","url":"https:\/\/kengmingcn.com\/","name":"Attrezzature da cucina","description":"KengMing \u00e8 un produttore di attrezzature per cucine commerciali e un fornitore all'ingrosso che offre attrezzature per la cottura, la preparazione degli alimenti e la panificazione con servizio OEM e ODM per i distributori globali.","publisher":{"@id":"https:\/\/kengmingcn.com\/#organization"},"potentialAction":[{"@type":"SearchAction","target":{"@type":"EntryPoint","urlTemplate":"https:\/\/kengmingcn.com\/?s={search_term_string}"},"query-input":{"@type":"PropertyValueSpecification","valueRequired":true,"valueName":"search_term_string"}}],"inLanguage":"it-IT"},{"@type":"Organization","@id":"https:\/\/kengmingcn.com\/#organization","name":"GuangZhou KengMing","url":"https:\/\/kengmingcn.com\/","logo":{"@type":"ImageObject","inLanguage":"it-IT","@id":"https:\/\/kengmingcn.com\/#\/schema\/logo\/image\/","url":"https:\/\/kengmingcn.com\/wp-content\/uploads\/2025\/04\/cropped-1744508604969-removebg-preview.png","contentUrl":"https:\/\/kengmingcn.com\/wp-content\/uploads\/2025\/04\/cropped-1744508604969-removebg-preview.png","width":512,"height":512,"caption":"GuangZhou KengMing"},"image":{"@id":"https:\/\/kengmingcn.com\/#\/schema\/logo\/image\/"}}]},"product_price_amount":"0.00","product_price_currency":"USD","og_availability":"instock","product_availability":"instock","product_condition":"new"},"_links":{"self":[{"href":"https:\/\/kengmingcn.com\/it\/wp-json\/wp\/v2\/product\/53193","targetHints":{"allow":["GET"]}}],"collection":[{"href":"https:\/\/kengmingcn.com\/it\/wp-json\/wp\/v2\/product"}],"about":[{"href":"https:\/\/kengmingcn.com\/it\/wp-json\/wp\/v2\/types\/product"}],"replies":[{"embeddable":true,"href":"https:\/\/kengmingcn.com\/it\/wp-json\/wp\/v2\/comments?post=53193"}],"wp:featuredmedia":[{"embeddable":true,"href":"https:\/\/kengmingcn.com\/it\/wp-json\/wp\/v2\/media\/53035"}],"wp:attachment":[{"href":"https:\/\/kengmingcn.com\/it\/wp-json\/wp\/v2\/media?parent=53193"}],"wp:term":[{"taxonomy":"product_brand","embeddable":true,"href":"https:\/\/kengmingcn.com\/it\/wp-json\/wp\/v2\/product_brand?post=53193"},{"taxonomy":"product_cat","embeddable":true,"href":"https:\/\/kengmingcn.com\/it\/wp-json\/wp\/v2\/product_cat?post=53193"},{"taxonomy":"product_tag","embeddable":true,"href":"https:\/\/kengmingcn.com\/it\/wp-json\/wp\/v2\/product_tag?post=53193"}],"curies":[{"name":"wp","href":"https:\/\/api.w.org\/{rel}","templated":true}]}}