{"id":51921,"date":"2025-07-28T11:59:47","date_gmt":"2025-07-28T03:59:47","guid":{"rendered":"https:\/\/kengmingcn.com\/?post_type=product&#038;p=51921"},"modified":"2025-12-26T10:55:06","modified_gmt":"2025-12-26T02:55:06","slug":"42-48l-h-macchina-per-gelato-multi-funzione-colori-opzionali","status":"publish","type":"product","link":"https:\/\/kengmingcn.com\/it\/product\/42-48l-h-macchina-per-gelato-multi-funzione-colori-opzionali\/","title":{"rendered":"Macchina per gelato 42-48L\/H, multifunzione, colori opzionali"},"content":{"rendered":"<h3 class=\"wp-block-heading\" id=\"h-description\">Descrizione<\/h3>\n\n\n\n<p>Il <strong>Macchina per gelato soft serie JM-N42<\/strong> \u00e8 una soluzione commerciale ad alta produttivit\u00e0 progettata per le aziende che richiedono prestazioni e flessibilit\u00e0 di layout. Con una capacit\u00e0 produttiva di <strong>42-48 litri all'ora<\/strong>, Questo modello \u00e8 disponibile in <strong>da tavolo (JM-N42A)<\/strong> e <strong>verticale (JM-N42)<\/strong> per consentire agli operatori di scegliere la configurazione che meglio si adatta al loro spazio e al loro flusso di lavoro. Alimentato da un <strong>Sistema da 2650 W<\/strong> e dotata di una stabile refrigerazione ad aria, la serie JM-N42 supporta la produzione continua di soft serve durante le ore di punta del servizio.<\/p>\n\n\n\n<div style=\"height:30px\" aria-hidden=\"true\" class=\"wp-block-spacer\"><\/div>\n\n\n\n<figure class=\"wp-block-table is-style-stripes\"><table><thead><tr><th>Modello<\/th><th><strong>JM-N42A (da tavolo) | JM-N42 (verticale)<\/strong><\/th><\/tr><\/thead><tbody><tr><td>Dimensioni della macchina<\/td><td><sup>610*816*850 mm (piano d'appoggio) | 610*816*1480 mm (verticale)<\/sup><\/td><\/tr><tr><td>Potenza<\/td><td>2,65kw<\/td><\/tr><tr><td>Uscita<\/td><td>42-48L\/H<\/td><\/tr><tr><td>Colpire ripetutamente il numero 66g<\/td><td>26-38 volte<\/td><\/tr><tr><td>Capacit\u00e0 del serbatoio di congelamento<\/td><td>2.2L*2<\/td><\/tr><tr><td>Capacit\u00e0 del serbatoio del materiale<\/td><td>6L*2<\/td><\/tr><tr><td>Potenza del compressore<\/td><td>2HP<\/td><\/tr><tr><td>Refrigerante<\/td><td><sup>R22\/R404a\/R410<\/sup><\/td><\/tr><tr><td>Tempo di primo stampaggio \/ Tempo di secondo stampaggio<\/td><td>17 minuti \/ 6 minuti<\/td><\/tr><tr><td>Peso<\/td><td><sup>95kg (da tavolo) | 102kg (verticale)<\/sup><\/td><\/tr><tr><td>Numero di compressori<\/td><td>Doppio<\/td><\/tr><\/tbody><\/table><\/figure>\n\n\n\n<div style=\"height:30px\" aria-hidden=\"true\" class=\"wp-block-spacer\"><\/div>\n\n\n\n<div class=\"wp-block-columns is-layout-flex wp-container-core-columns-is-layout-9d6595d7 wp-block-columns-is-layout-flex dt-cr-1\">\n<div class=\"wp-block-column is-layout-flow wp-block-column-is-layout-flow\">\n<h3 class=\"wp-block-heading has-medium-font-size\" id=\"h-high-capacity-42-48l-h-output-for-peak-demand\">Uscita ad alta capacit\u00e0 42-48L\/H per i picchi di domanda<\/h3>\n\n\n\n<p>La serie JM-N42 offre una forte <strong>42-48 litri all'ora<\/strong> capacit\u00e0 di produzione, rendendolo adatto ad ambienti ad alto traffico come pasticcerie, buffet, punti di ristoro e luoghi di intrattenimento. Il potente <strong>Sistema da 2650 W<\/strong> garantisce prestazioni di congelamento stabili durante l'erogazione continua, consentendo agli operatori di servire grandi volumi senza compromettere la consistenza o la velocit\u00e0.<\/p>\n<\/div>\n\n\n\n<div class=\"wp-block-column is-layout-flow wp-block-column-is-layout-flow\">\n<h3 class=\"wp-block-heading has-medium-font-size\" id=\"h-tabletop-or-vertical-configuration-for-flexible-installation\">Configurazione da tavolo o verticale per un'installazione flessibile<\/h3>\n\n\n\n<p>Questo modello \u00e8 offerto in <strong>due opzioni strutturali<\/strong>: il <strong>JM-N42A versione da tavolo<\/strong> per il posizionamento del contatore e il <strong>JM-N42 versione verticale<\/strong> per installazione a pavimento. Entrambe le versioni condividono le stesse prestazioni di base e la stessa resa, offrendo agli acquirenti la flessibilit\u00e0 di scegliere il formato che meglio si adatta allo spazio disponibile, al flusso di clienti e al layout del punto vendita senza modificare le specifiche dell'apparecchiatura.<\/p>\n<\/div>\n<\/div>\n\n\n\n<div style=\"height:30px\" aria-hidden=\"true\" class=\"wp-block-spacer\"><\/div>\n\n\n\n<div class=\"wp-block-columns is-layout-flex wp-container-core-columns-is-layout-9d6595d7 wp-block-columns-is-layout-flex dt-cr-2\">\n<div class=\"wp-block-column is-layout-flow wp-block-column-is-layout-flow\">\n<h3 class=\"wp-block-heading has-medium-font-size\" id=\"h-stable-air-cooling-system-with-multiple-refrigerant-options\"><strong>Sistema di raffreddamento ad aria stabile con diverse opzioni di refrigerante<\/strong><\/h3>\n\n\n\n<p>La serie JM-N42 adotta un <strong>Sistema di condensazione ad aria<\/strong>, semplificando l'installazione e riducendo la dipendenza dalle connessioni idriche. Supporta diversi refrigeranti, tra cui <strong>R22, R404a e R410<\/strong>, che consente di soddisfare i diversi standard regionali e i requisiti di mercato. Questo garantisce prestazioni di raffreddamento affidabili e una facile implementazione nei mercati globali.<\/p>\n<\/div>\n\n\n\n<div class=\"wp-block-column is-layout-flow wp-block-column-is-layout-flow\">\n<h3 class=\"wp-block-heading has-medium-font-size\" id=\"h-commercial-grade-structure-for-continuous-operation\"><strong>Struttura di livello commerciale per un funzionamento continuo<\/strong><\/h3>\n\n\n\n<p>Costruita per un uso commerciale quotidiano, la macchina mantiene un funzionamento stabile durante le lunghe ore di lavoro. Il sistema interno \u00e8 progettato per supportare il congelamento e l'erogazione continui, riducendo i tempi di inattivit\u00e0 nei periodi di punta. Questa affidabilit\u00e0 aiuta le aziende a mantenere costante la qualit\u00e0 del servizio, riducendo al minimo le interruzioni operative.<\/p>\n<\/div>\n<\/div>\n\n\n\n<div style=\"height:30px\" aria-hidden=\"true\" class=\"wp-block-spacer\"><\/div>\n\n\n\n<div class=\"wp-block-columns is-layout-flex wp-container-core-columns-is-layout-9d6595d7 wp-block-columns-is-layout-flex dt-cr-3\">\n<div class=\"wp-block-column is-layout-flow wp-block-column-is-layout-flow\">\n<h3 class=\"wp-block-heading has-medium-font-size\" id=\"h-more-detail\">Maggiori dettagli<\/h3>\n\n\n\n<figure class=\"wp-block-gallery has-nested-images columns-2 is-cropped wp-block-gallery-1 is-layout-flex wp-block-gallery-is-layout-flex\">\n<figure data-wp-context=\"{&quot;imageId&quot;:&quot;69cff9c404af0&quot;}\" data-wp-interactive=\"core\/image\" class=\"wp-block-image size-large wp-lightbox-container\"><img decoding=\"async\" width=\"1024\" height=\"483\" data-wp-class--hide=\"state.isContentHidden\" data-wp-class--show=\"state.isContentVisible\" data-wp-init=\"callbacks.setButtonStyles\" data-wp-on-async--click=\"actions.showLightbox\" data-wp-on-async--load=\"callbacks.setButtonStyles\" data-wp-on-async-window--resize=\"callbacks.setButtonStyles\" data-id=\"51505\" src=\"https:\/\/kengmingcn.com\/wp-content\/uploads\/2025\/06\/JM-S28AB-detail-4-1024x483.webp\" alt=\"\" class=\"wp-image-51505\" srcset=\"https:\/\/kengmingcn.com\/wp-content\/uploads\/2025\/06\/JM-S28AB-detail-4-1024x483.webp 1024w, https:\/\/kengmingcn.com\/wp-content\/uploads\/2025\/06\/JM-S28AB-detail-4-300x142.webp 300w, https:\/\/kengmingcn.com\/wp-content\/uploads\/2025\/06\/JM-S28AB-detail-4-768x362.webp 768w, https:\/\/kengmingcn.com\/wp-content\/uploads\/2025\/06\/JM-S28AB-detail-4.webp 1060w\" sizes=\"(max-width: 1024px) 100vw, 1024px\" \/><button\n\t\t\tclass=\"lightbox-trigger\"\n\t\t\ttype=\"button\"\n\t\t\taria-haspopup=\"dialog\"\n\t\t\taria-label=\"Ingrandisci\"\n\t\t\tdata-wp-init=\"callbacks.initTriggerButton\"\n\t\t\tdata-wp-on-async--click=\"actions.showLightbox\"\n\t\t\tdata-wp-style--right=\"state.imageButtonRight\"\n\t\t\tdata-wp-style--top=\"state.imageButtonTop\"\n\t\t>\n\t\t\t<svg xmlns=\"http:\/\/www.w3.org\/2000\/svg\" width=\"12\" height=\"12\" fill=\"none\" viewbox=\"0 0 12 12\">\n\t\t\t\t<path fill=\"#fff\" d=\"M2 0a2 2 0 0 0-2 2v2h1.5V2a.5.5 0 0 1 .5-.5h2V0H2Zm2 10.5H2a.5.5 0 0 1-.5-.5V8H0v2a2 2 0 0 0 2 2h2v-1.5ZM8 12v-1.5h2a.5.5 0 0 0 .5-.5V8H12v2a2 2 0 0 1-2 2H8Zm2-12a2 2 0 0 1 2 2v2h-1.5V2a.5.5 0 0 0-.5-.5H8V0h2Z\" \/>\n\t\t\t<\/svg>\n\t\t<\/button><\/figure>\n\n\n\n<figure data-wp-context=\"{&quot;imageId&quot;:&quot;69cff9c404e63&quot;}\" data-wp-interactive=\"core\/image\" class=\"wp-block-image size-large wp-lightbox-container\"><img decoding=\"async\" width=\"1024\" height=\"483\" data-wp-class--hide=\"state.isContentHidden\" data-wp-class--show=\"state.isContentVisible\" data-wp-init=\"callbacks.setButtonStyles\" data-wp-on-async--click=\"actions.showLightbox\" data-wp-on-async--load=\"callbacks.setButtonStyles\" data-wp-on-async-window--resize=\"callbacks.setButtonStyles\" data-id=\"51498\" src=\"https:\/\/kengmingcn.com\/wp-content\/uploads\/2025\/06\/JM-S28B-Ice-Cream-Machine-detail-5-1024x483.webp\" alt=\"\" class=\"wp-image-51498\" srcset=\"https:\/\/kengmingcn.com\/wp-content\/uploads\/2025\/06\/JM-S28B-Ice-Cream-Machine-detail-5-1024x483.webp 1024w, https:\/\/kengmingcn.com\/wp-content\/uploads\/2025\/06\/JM-S28B-Ice-Cream-Machine-detail-5-300x142.webp 300w, https:\/\/kengmingcn.com\/wp-content\/uploads\/2025\/06\/JM-S28B-Ice-Cream-Machine-detail-5-768x362.webp 768w, https:\/\/kengmingcn.com\/wp-content\/uploads\/2025\/06\/JM-S28B-Ice-Cream-Machine-detail-5.webp 1060w\" sizes=\"(max-width: 1024px) 100vw, 1024px\" \/><button\n\t\t\tclass=\"lightbox-trigger\"\n\t\t\ttype=\"button\"\n\t\t\taria-haspopup=\"dialog\"\n\t\t\taria-label=\"Ingrandisci\"\n\t\t\tdata-wp-init=\"callbacks.initTriggerButton\"\n\t\t\tdata-wp-on-async--click=\"actions.showLightbox\"\n\t\t\tdata-wp-style--right=\"state.imageButtonRight\"\n\t\t\tdata-wp-style--top=\"state.imageButtonTop\"\n\t\t>\n\t\t\t<svg xmlns=\"http:\/\/www.w3.org\/2000\/svg\" width=\"12\" height=\"12\" fill=\"none\" viewbox=\"0 0 12 12\">\n\t\t\t\t<path fill=\"#fff\" d=\"M2 0a2 2 0 0 0-2 2v2h1.5V2a.5.5 0 0 1 .5-.5h2V0H2Zm2 10.5H2a.5.5 0 0 1-.5-.5V8H0v2a2 2 0 0 0 2 2h2v-1.5ZM8 12v-1.5h2a.5.5 0 0 0 .5-.5V8H12v2a2 2 0 0 1-2 2H8Zm2-12a2 2 0 0 1 2 2v2h-1.5V2a.5.5 0 0 0-.5-.5H8V0h2Z\" \/>\n\t\t\t<\/svg>\n\t\t<\/button><\/figure>\n<\/figure>\n<\/div>\n<\/div>\n\n\n\n<div class=\"wp-block-columns is-layout-flex wp-container-core-columns-is-layout-9d6595d7 wp-block-columns-is-layout-flex dt-cr-4\">\n<div class=\"wp-block-column is-layout-flow wp-block-column-is-layout-flow\">\n<div style=\"height:30px\" aria-hidden=\"true\" class=\"wp-block-spacer\"><\/div>\n\n\n\n<h3 class=\"wp-block-heading has-medium-font-size\" id=\"h-why-choose-us\">Perch\u00e9 scegliere noi?<\/h3>\n\n\n\n<p>Sia che si scelga il <strong>compatto da tavolo JM-N42A<\/strong> o il <strong>verticale a tutta altezza JM-N42<\/strong>, Questa serie offre lo stesso rendimento ad alta efficienza, le stesse prestazioni di raffreddamento affidabili e la stessa durata commerciale. Progettata per negozi di dolci, caffetterie, punti di ristoro e luoghi ad alta frequentazione, la macchina per gelato soft JM-N42 offre una consistenza omogenea, un recupero rapido e un'installazione flessibile: una scelta affidabile per gli operatori e i distributori che cercano soluzioni scalabili per il servizio soft.<\/p>\n<\/div>\n<\/div>","protected":false},"excerpt":{"rendered":"<ul>\n<li class=\"ai-optimize-46\">Potenza: 2650W<\/li>\n<li class=\"ai-optimize-47\">Uscita: 42-48L\/H<\/li>\n<li class=\"ai-optimize-48\">Dimensioni: 610*816*850 mm (da tavolo) | 610*816*1480 mm (verticale)<\/li>\n<li class=\"ai-optimize-49\">Tramoggia di miscelazione: 6L*2<\/li>\n<li class=\"ai-optimize-50\">Cilindro: 2.2L*2<\/li>\n<\/ul>","protected":false},"featured_media":51918,"comment_status":"open","ping_status":"closed","template":"","meta":{"_acf_changed":false},"product_brand":[252],"product_cat":[245,275],"product_tag":[],"class_list":{"0":"post-51921","1":"product","2":"type-product","3":"status-publish","4":"has-post-thumbnail","6":"product_brand-juanming","7":"product_cat-ice-cream-machine","8":"product_cat-refrigeration-equipment","9":"description-off","11":"first","12":"instock","13":"shipping-taxable","14":"product-type-simple"},"acf":[],"yoast_head":"<!-- This site is optimized with the Yoast SEO Premium plugin v25.3 (Yoast SEO v26.3) - https:\/\/yoast.com\/wordpress\/plugins\/seo\/ -->\n<title>42-48L\/H Ice Cream Machine, Multi-function, Optional Colors - KengMing | Manufacturer of Commercial Kitchen Equipment<\/title>\n<meta name=\"description\" content=\"High-capacity soft serve ice cream machine with pre-cooling, puffing, and 7-day no-clean system. Multiple colors available. Ideal for dessert shops and restaurants.\" \/>\n<meta name=\"robots\" content=\"index, follow, max-snippet:-1, max-image-preview:large, max-video-preview:-1\" \/>\n<link rel=\"canonical\" href=\"https:\/\/kengmingcn.com\/it\/product\/42-48l-h-macchina-per-gelato-multi-funzione-colori-opzionali\/\" \/>\n<meta property=\"og:locale\" content=\"it_IT\" \/>\n<meta property=\"og:type\" content=\"article\" \/>\n<meta property=\"og:title\" content=\"42-48L\/H Ice Cream Machine, Multi-function, Optional Colors\" \/>\n<meta property=\"og:description\" content=\"High-capacity soft serve ice cream machine with pre-cooling, puffing, and 7-day no-clean system. Multiple colors available. Ideal for dessert shops and restaurants.\" \/>\n<meta property=\"og:url\" content=\"https:\/\/kengmingcn.com\/it\/product\/42-48l-h-macchina-per-gelato-multi-funzione-colori-opzionali\/\" \/>\n<meta property=\"og:site_name\" content=\"KengMing | Manufacturer of Commercial Kitchen Equipment\" \/>\n<meta property=\"article:modified_time\" content=\"2025-12-26T02:55:06+00:00\" \/>\n<meta property=\"og:image\" content=\"https:\/\/kengmingcn.com\/wp-content\/uploads\/2025\/07\/D28-42-\u6a59\u8272\u548c\u7d2b\u8272.webp\" \/>\n\t<meta property=\"og:image:width\" content=\"1228\" \/>\n\t<meta property=\"og:image:height\" content=\"1231\" \/>\n\t<meta property=\"og:image:type\" content=\"image\/webp\" \/>\n<meta name=\"twitter:card\" content=\"summary_large_image\" \/>\n<meta name=\"twitter:label1\" content=\"Prezzo\" \/>\n\t<meta name=\"twitter:data1\" content=\"\" \/>\n\t<meta name=\"twitter:label2\" content=\"Disponibilit\u00e0\" \/>\n\t<meta name=\"twitter:data2\" content=\"In stock\" \/>\n<script type=\"application\/ld+json\" class=\"yoast-schema-graph\">{\"@context\":\"https:\/\/schema.org\",\"@graph\":[{\"@type\":\"WebPage\",\"@id\":\"https:\/\/kengmingcn.com\/fr\/product\/42-48l-h-machine-a-glace-multifonctionnelle-couleurs-optionnelles\/\",\"url\":\"https:\/\/kengmingcn.com\/fr\/product\/42-48l-h-machine-a-glace-multifonctionnelle-couleurs-optionnelles\/\",\"name\":\"42-48L\/H Ice Cream Machine, Multi-function, Optional Colors - KengMing | Manufacturer of Commercial Kitchen Equipment\",\"isPartOf\":{\"@id\":\"https:\/\/kengmingcn.com\/#website\"},\"primaryImageOfPage\":{\"@id\":\"https:\/\/kengmingcn.com\/fr\/product\/42-48l-h-machine-a-glace-multifonctionnelle-couleurs-optionnelles\/#primaryimage\"},\"image\":{\"@id\":\"https:\/\/kengmingcn.com\/fr\/product\/42-48l-h-machine-a-glace-multifonctionnelle-couleurs-optionnelles\/#primaryimage\"},\"thumbnailUrl\":\"https:\/\/kengmingcn.com\/wp-content\/uploads\/2025\/07\/D28-42-\u6a59\u8272\u548c\u7d2b\u8272.webp\",\"datePublished\":\"2025-07-28T03:59:47+00:00\",\"dateModified\":\"2025-12-26T02:55:06+00:00\",\"description\":\"High-capacity soft serve ice cream machine with pre-cooling, puffing, and 7-day no-clean system. Multiple colors available. Ideal for dessert shops and restaurants.\",\"breadcrumb\":{\"@id\":\"https:\/\/kengmingcn.com\/fr\/product\/42-48l-h-machine-a-glace-multifonctionnelle-couleurs-optionnelles\/#breadcrumb\"},\"inLanguage\":\"it-IT\",\"potentialAction\":[{\"@type\":\"ReadAction\",\"target\":[\"https:\/\/kengmingcn.com\/fr\/product\/42-48l-h-machine-a-glace-multifonctionnelle-couleurs-optionnelles\/\"]}]},{\"@type\":\"ImageObject\",\"inLanguage\":\"it-IT\",\"@id\":\"https:\/\/kengmingcn.com\/fr\/product\/42-48l-h-machine-a-glace-multifonctionnelle-couleurs-optionnelles\/#primaryimage\",\"url\":\"https:\/\/kengmingcn.com\/wp-content\/uploads\/2025\/07\/D28-42-\u6a59\u8272\u548c\u7d2b\u8272.webp\",\"contentUrl\":\"https:\/\/kengmingcn.com\/wp-content\/uploads\/2025\/07\/D28-42-\u6a59\u8272\u548c\u7d2b\u8272.webp\",\"width\":1228,\"height\":1231},{\"@type\":\"BreadcrumbList\",\"@id\":\"https:\/\/kengmingcn.com\/fr\/product\/42-48l-h-machine-a-glace-multifonctionnelle-couleurs-optionnelles\/#breadcrumb\",\"itemListElement\":[{\"@type\":\"ListItem\",\"position\":1,\"name\":\"Home\",\"item\":\"https:\/\/kengmingcn.com\/\"},{\"@type\":\"ListItem\",\"position\":2,\"name\":\"Catalogue\",\"item\":\"https:\/\/kengmingcn.com\/?page_id=27131\"},{\"@type\":\"ListItem\",\"position\":3,\"name\":\"42-48L\/H Ice Cream Machine, Multi-function, Optional Colors\"}]},{\"@type\":\"WebSite\",\"@id\":\"https:\/\/kengmingcn.com\/#website\",\"url\":\"https:\/\/kengmingcn.com\/\",\"name\":\"Kitchen Equipment\",\"description\":\"KengMing is a professional commercial kitchen equipment manufacturer and wholesale supplier, offering cooking, food prep and bakery equipment with OEM &amp; ODM service for global distributors.\",\"publisher\":{\"@id\":\"https:\/\/kengmingcn.com\/#organization\"},\"potentialAction\":[{\"@type\":\"SearchAction\",\"target\":{\"@type\":\"EntryPoint\",\"urlTemplate\":\"https:\/\/kengmingcn.com\/?s={search_term_string}\"},\"query-input\":{\"@type\":\"PropertyValueSpecification\",\"valueRequired\":true,\"valueName\":\"search_term_string\"}}],\"inLanguage\":\"it-IT\"},{\"@type\":\"Organization\",\"@id\":\"https:\/\/kengmingcn.com\/#organization\",\"name\":\"GuangZhou KengMing\",\"url\":\"https:\/\/kengmingcn.com\/\",\"logo\":{\"@type\":\"ImageObject\",\"inLanguage\":\"it-IT\",\"@id\":\"https:\/\/kengmingcn.com\/#\/schema\/logo\/image\/\",\"url\":\"https:\/\/kengmingcn.com\/wp-content\/uploads\/2025\/04\/cropped-1744508604969-removebg-preview.png\",\"contentUrl\":\"https:\/\/kengmingcn.com\/wp-content\/uploads\/2025\/04\/cropped-1744508604969-removebg-preview.png\",\"width\":512,\"height\":512,\"caption\":\"GuangZhou KengMing\"},\"image\":{\"@id\":\"https:\/\/kengmingcn.com\/#\/schema\/logo\/image\/\"}}]}<\/script>\n<meta property=\"product:price:amount\" content=\"0.00\" \/>\n<meta property=\"product:price:currency\" content=\"USD\" \/>\n<meta property=\"og:availability\" content=\"instock\" \/>\n<meta property=\"product:availability\" content=\"instock\" \/>\n<meta property=\"product:condition\" content=\"new\" \/>\n<!-- \/ Yoast SEO Premium plugin. -->","yoast_head_json":{"title":"Macchina per gelato 42-48L\/H, multifunzione, colori opzionali - KengMing | Produttore di attrezzature da cucina commerciali","description":"Macchina per gelato soft serve ad alta capacit\u00e0 con sistema di pre-raffreddamento, soffiatura e sistema no-clean per 7 giorni. Disponibile in pi\u00f9 colori. Ideale per negozi di dolci e ristoranti.","robots":{"index":"index","follow":"follow","max-snippet":"max-snippet:-1","max-image-preview":"max-image-preview:large","max-video-preview":"max-video-preview:-1"},"canonical":"https:\/\/kengmingcn.com\/it\/product\/42-48l-h-macchina-per-gelato-multi-funzione-colori-opzionali\/","og_locale":"it_IT","og_type":"article","og_title":"42-48L\/H Ice Cream Machine, Multi-function, Optional Colors","og_description":"High-capacity soft serve ice cream machine with pre-cooling, puffing, and 7-day no-clean system. Multiple colors available. Ideal for dessert shops and restaurants.","og_url":"https:\/\/kengmingcn.com\/it\/product\/42-48l-h-macchina-per-gelato-multi-funzione-colori-opzionali\/","og_site_name":"KengMing | Manufacturer of Commercial Kitchen Equipment","article_modified_time":"2025-12-26T02:55:06+00:00","og_image":[{"width":1228,"height":1231,"url":"https:\/\/kengmingcn.com\/wp-content\/uploads\/2025\/07\/D28-42-\u6a59\u8272\u548c\u7d2b\u8272.webp","type":"image\/webp"}],"twitter_card":"summary_large_image","twitter_misc":{"Prezzo":"","Disponibilit\u00e0":"In stock"},"schema":{"@context":"https:\/\/schema.org","@graph":[{"@type":"WebPage","@id":"https:\/\/kengmingcn.com\/fr\/product\/42-48l-h-machine-a-glace-multifonctionnelle-couleurs-optionnelles\/","url":"https:\/\/kengmingcn.com\/fr\/product\/42-48l-h-machine-a-glace-multifonctionnelle-couleurs-optionnelles\/","name":"Macchina per gelato 42-48L\/H, multifunzione, colori opzionali - KengMing | Produttore di attrezzature da cucina commerciali","isPartOf":{"@id":"https:\/\/kengmingcn.com\/#website"},"primaryImageOfPage":{"@id":"https:\/\/kengmingcn.com\/fr\/product\/42-48l-h-machine-a-glace-multifonctionnelle-couleurs-optionnelles\/#primaryimage"},"image":{"@id":"https:\/\/kengmingcn.com\/fr\/product\/42-48l-h-machine-a-glace-multifonctionnelle-couleurs-optionnelles\/#primaryimage"},"thumbnailUrl":"https:\/\/kengmingcn.com\/wp-content\/uploads\/2025\/07\/D28-42-\u6a59\u8272\u548c\u7d2b\u8272.webp","datePublished":"2025-07-28T03:59:47+00:00","dateModified":"2025-12-26T02:55:06+00:00","description":"Macchina per gelato soft serve ad alta capacit\u00e0 con sistema di pre-raffreddamento, soffiatura e sistema no-clean per 7 giorni. Disponibile in pi\u00f9 colori. Ideale per negozi di dolci e ristoranti.","breadcrumb":{"@id":"https:\/\/kengmingcn.com\/fr\/product\/42-48l-h-machine-a-glace-multifonctionnelle-couleurs-optionnelles\/#breadcrumb"},"inLanguage":"it-IT","potentialAction":[{"@type":"ReadAction","target":["https:\/\/kengmingcn.com\/fr\/product\/42-48l-h-machine-a-glace-multifonctionnelle-couleurs-optionnelles\/"]}]},{"@type":"ImageObject","inLanguage":"it-IT","@id":"https:\/\/kengmingcn.com\/fr\/product\/42-48l-h-machine-a-glace-multifonctionnelle-couleurs-optionnelles\/#primaryimage","url":"https:\/\/kengmingcn.com\/wp-content\/uploads\/2025\/07\/D28-42-\u6a59\u8272\u548c\u7d2b\u8272.webp","contentUrl":"https:\/\/kengmingcn.com\/wp-content\/uploads\/2025\/07\/D28-42-\u6a59\u8272\u548c\u7d2b\u8272.webp","width":1228,"height":1231},{"@type":"BreadcrumbList","@id":"https:\/\/kengmingcn.com\/fr\/product\/42-48l-h-machine-a-glace-multifonctionnelle-couleurs-optionnelles\/#breadcrumb","itemListElement":[{"@type":"ListItem","position":1,"name":"Home","item":"https:\/\/kengmingcn.com\/"},{"@type":"ListItem","position":2,"name":"Catalogue","item":"https:\/\/kengmingcn.com\/?page_id=27131"},{"@type":"ListItem","position":3,"name":"42-48L\/H Ice Cream Machine, Multi-function, Optional Colors"}]},{"@type":"WebSite","@id":"https:\/\/kengmingcn.com\/#website","url":"https:\/\/kengmingcn.com\/","name":"Attrezzature da cucina","description":"KengMing is a professional commercial kitchen equipment manufacturer and wholesale supplier, offering cooking, food prep and bakery equipment with OEM &amp; ODM service for global distributors.","publisher":{"@id":"https:\/\/kengmingcn.com\/#organization"},"potentialAction":[{"@type":"SearchAction","target":{"@type":"EntryPoint","urlTemplate":"https:\/\/kengmingcn.com\/?s={search_term_string}"},"query-input":{"@type":"PropertyValueSpecification","valueRequired":true,"valueName":"search_term_string"}}],"inLanguage":"it-IT"},{"@type":"Organization","@id":"https:\/\/kengmingcn.com\/#organization","name":"GuangZhou KengMing","url":"https:\/\/kengmingcn.com\/","logo":{"@type":"ImageObject","inLanguage":"it-IT","@id":"https:\/\/kengmingcn.com\/#\/schema\/logo\/image\/","url":"https:\/\/kengmingcn.com\/wp-content\/uploads\/2025\/04\/cropped-1744508604969-removebg-preview.png","contentUrl":"https:\/\/kengmingcn.com\/wp-content\/uploads\/2025\/04\/cropped-1744508604969-removebg-preview.png","width":512,"height":512,"caption":"GuangZhou KengMing"},"image":{"@id":"https:\/\/kengmingcn.com\/#\/schema\/logo\/image\/"}}]},"product_price_amount":"0.00","product_price_currency":"USD","og_availability":"instock","product_availability":"instock","product_condition":"new"},"_links":{"self":[{"href":"https:\/\/kengmingcn.com\/it\/wp-json\/wp\/v2\/product\/51921","targetHints":{"allow":["GET"]}}],"collection":[{"href":"https:\/\/kengmingcn.com\/it\/wp-json\/wp\/v2\/product"}],"about":[{"href":"https:\/\/kengmingcn.com\/it\/wp-json\/wp\/v2\/types\/product"}],"replies":[{"embeddable":true,"href":"https:\/\/kengmingcn.com\/it\/wp-json\/wp\/v2\/comments?post=51921"}],"wp:featuredmedia":[{"embeddable":true,"href":"https:\/\/kengmingcn.com\/it\/wp-json\/wp\/v2\/media\/51918"}],"wp:attachment":[{"href":"https:\/\/kengmingcn.com\/it\/wp-json\/wp\/v2\/media?parent=51921"}],"wp:term":[{"taxonomy":"product_brand","embeddable":true,"href":"https:\/\/kengmingcn.com\/it\/wp-json\/wp\/v2\/product_brand?post=51921"},{"taxonomy":"product_cat","embeddable":true,"href":"https:\/\/kengmingcn.com\/it\/wp-json\/wp\/v2\/product_cat?post=51921"},{"taxonomy":"product_tag","embeddable":true,"href":"https:\/\/kengmingcn.com\/it\/wp-json\/wp\/v2\/product_tag?post=51921"}],"curies":[{"name":"wp","href":"https:\/\/api.w.org\/{rel}","templated":true}]}}