{"id":51792,"date":"2025-07-10T16:40:25","date_gmt":"2025-07-10T08:40:25","guid":{"rendered":"https:\/\/kengmingcn.com\/?post_type=product&#038;p=51792"},"modified":"2025-12-24T14:36:06","modified_gmt":"2025-12-24T06:36:06","slug":"macchina-per-gelato-duro-intelligente-verticale-a-sei-teste-jmlyb-30","status":"publish","type":"product","link":"https:\/\/kengmingcn.com\/it\/product\/macchina-per-gelato-duro-intelligente-verticale-a-sei-teste-jmlyb-30\/","title":{"rendered":"Macchina per gelato duro verticale intelligente a sei teste JMLYB-30"},"content":{"rendered":"<h3 class=\"wp-block-heading\" id=\"h-description\">Descrizione<\/h3>\n\n\n\n<p>Questa macchina per gelato italiano a 6 teste \u00e8 una macchina intelligente per gelato duro che integra produzione, conservazione e vendita. Ogni contenitore \u00e8 dotato di un sistema di produzione indipendente. \u00c8 sufficiente versare gli ingredienti nel contenitore e premere il pulsante di avvio per completare rapidamente la produzione.<\/p>\n\n\n\n<p>Dopo la produzione, la macchina passa automaticamente alla modalit\u00e0 di conservazione per garantire la refrigerazione a lungo termine e la freschezza del gelato.<\/p>\n\n\n\n<div style=\"height:30px\" aria-hidden=\"true\" class=\"wp-block-spacer\"><\/div>\n\n\n\n<figure class=\"wp-block-table is-style-stripes\"><table><thead><tr><th>Modello<\/th><th>JMTYB-30<\/th><\/tr><\/thead><tbody><tr><td>Dimensioni della macchina<\/td><td>150<em>x98x<\/em>110 cm<\/td><\/tr><tr><td>Potenza<\/td><td>6kw<\/td><\/tr><tr><td>Uscita<\/td><td>60L\/H<\/td><\/tr><tr><td>Intervallo di temperatura di raffreddamento<\/td><td>-25\u2103<\/td><\/tr><tr><td>Materiale del serbatoio di miscelazione<\/td><td>304<\/td><\/tr><tr><td>Capacit\u00e0 del serbatoio del materiale<\/td><td>6Lx6<\/td><\/tr><tr><td>Potenza del compressore<\/td><td>1HP*6<\/td><\/tr><tr><td>Quantit\u00e0 di refrigerante\/carico (g)<\/td><td>R22\/600gx6<\/td><\/tr><tr><td>Configurazione della modalit\u00e0 dispositivo<\/td><td>Raffreddamento, conservazione, pulizia, notte<\/td><\/tr><tr><td>Dimensione dell'imballaggio<\/td><td>154x100x107cm<\/td><\/tr><tr><td>Peso \/ Peso lordo<\/td><td>380 kg \/ 392 kg<\/td><\/tr><tr><td>compressore<\/td><td>GMCC<\/td><\/tr><\/tbody><\/table><\/figure>\n\n\n\n<div style=\"height:30px\" aria-hidden=\"true\" class=\"wp-block-spacer\"><\/div>\n\n\n\n<div class=\"wp-block-columns is-layout-flex wp-container-core-columns-is-layout-9d6595d7 wp-block-columns-is-layout-flex dt-cr-1\">\n<div class=\"wp-block-column is-layout-flow wp-block-column-is-layout-flow\">\n<h3 class=\"wp-block-heading has-medium-font-size\" id=\"h-impressive-production-capacity\"><strong>Impressionante capacit\u00e0 produttiva<\/strong><\/h3>\n\n\n\n<p>Refrigerazione ad alta efficienza, raffreddamento ad aria, il tempo di stampaggio iniziale \u00e8 di 25 minuti e il tempo di stampaggio successivo \u00e8 di 18 minuti. La capacit\u00e0 produttiva \u00e8 di 60 L\/H.<\/p>\n<\/div>\n\n\n\n<div class=\"wp-block-column is-layout-flow wp-block-column-is-layout-flow\">\n<h3 class=\"wp-block-heading has-medium-font-size\" id=\"h-safe-operating-design\"><strong>Design operativo sicuro<\/strong><\/h3>\n\n\n\n<p>Durante il funzionamento, il raschiatore smette automaticamente di funzionare quando il coperchio viene aperto, evitando cos\u00ec lesioni accidentali.<\/p>\n<\/div>\n<\/div>\n\n\n\n<div style=\"height:30px\" aria-hidden=\"true\" class=\"wp-block-spacer\"><\/div>\n\n\n\n<div class=\"wp-block-columns is-layout-flex wp-container-core-columns-is-layout-9d6595d7 wp-block-columns-is-layout-flex dt-cr-2\">\n<div class=\"wp-block-column is-layout-flow wp-block-column-is-layout-flow\">\n<h3 class=\"wp-block-heading has-medium-font-size\" id=\"h-independent-6-head-configuration\"><strong>Configurazione indipendente a 6 teste<\/strong><\/h3>\n\n\n\n<p>L'apparecchiatura \u00e8 dotata di un sistema di raffreddamento e miscelazione indipendente a tre teste (6L x 6 vasche di miscelazione, 1HP x 6 compressori), che consente a ciascun cilindro di operare simultaneamente o indipendentemente senza interferenze. Supporta la produzione e l'esposizione simultanea di pi\u00f9 gusti, soddisfacendo le esigenze di negozi con linee di prodotti diverse, ed \u00e8 particolarmente adatto alle gelaterie italiane, alle catene di negozi di dolci e agli ambienti di vendita commerciali di tipo espositivo.<\/p>\n<\/div>\n\n\n\n<div class=\"wp-block-column is-layout-flow wp-block-column-is-layout-flow\">\n<h3 class=\"wp-block-heading has-medium-font-size\" id=\"h-dynamic-freezing-amp-texture-control\"><strong>Congelamento dinamico e controllo della texture<\/strong><\/h3>\n\n\n\n<p>Il JMYLB-30 \u00e8 dotato di un sistema dinamico di congelamento e conservazione, in grado di raggiungere una temperatura minima di raffreddamento di -25\u2103, bloccando efficacemente la freschezza e la consistenza del gelato. Il design adattivo del raschiatore antigelo regola automaticamente l'azione di raschiatura in base alla durezza del gelato, impedendo l'accumulo di ghiaccio e il danneggiamento del cilindro, garantendo al contempo una consistenza omogenea e una densit\u00e0 costante nel prodotto finito, migliorando cos\u00ec la consistenza del prodotto.<\/p>\n<\/div>\n<\/div>\n\n\n\n<div style=\"height:30px\" aria-hidden=\"true\" class=\"wp-block-spacer\"><\/div>\n\n\n\n<div class=\"wp-block-columns is-layout-flex wp-container-core-columns-is-layout-9d6595d7 wp-block-columns-is-layout-flex dt-cr-3\">\n<div class=\"wp-block-column is-layout-flow wp-block-column-is-layout-flow\">\n<h3 class=\"wp-block-heading has-medium-font-size\" id=\"h-more-detail\">Maggiori dettagli<\/h3>\n\n\n\n<figure class=\"wp-block-gallery has-nested-images columns-2 is-cropped wp-block-gallery-1 is-layout-flex wp-block-gallery-is-layout-flex\">\n<figure data-wp-context=\"{&quot;imageId&quot;:&quot;69d4e786b935c&quot;}\" data-wp-interactive=\"core\/image\" class=\"wp-block-image size-large is-style-default wp-lightbox-container\"><img decoding=\"async\" width=\"1024\" height=\"483\" data-wp-class--hide=\"state.isContentHidden\" data-wp-class--show=\"state.isContentVisible\" data-wp-init=\"callbacks.setButtonStyles\" data-wp-on-async--click=\"actions.showLightbox\" data-wp-on-async--load=\"callbacks.setButtonStyles\" data-wp-on-async-window--resize=\"callbacks.setButtonStyles\" data-id=\"51800\" src=\"https:\/\/kengmingcn.com\/wp-content\/uploads\/2025\/07\/JMLYB-30\u8be6\u60c5-1-1024x483.webp\" alt=\"Macchina per gelato JMLYB-30\" class=\"wp-image-51800\" srcset=\"https:\/\/kengmingcn.com\/wp-content\/uploads\/2025\/07\/JMLYB-30\u8be6\u60c5-1-1024x483.webp 1024w, https:\/\/kengmingcn.com\/wp-content\/uploads\/2025\/07\/JMLYB-30\u8be6\u60c5-1-300x142.webp 300w, https:\/\/kengmingcn.com\/wp-content\/uploads\/2025\/07\/JMLYB-30\u8be6\u60c5-1-768x362.webp 768w, https:\/\/kengmingcn.com\/wp-content\/uploads\/2025\/07\/JMLYB-30\u8be6\u60c5-1.webp 1060w\" sizes=\"(max-width: 1024px) 100vw, 1024px\" \/><button\n\t\t\tclass=\"lightbox-trigger\"\n\t\t\ttype=\"button\"\n\t\t\taria-haspopup=\"dialog\"\n\t\t\taria-label=\"Ingrandisci\"\n\t\t\tdata-wp-init=\"callbacks.initTriggerButton\"\n\t\t\tdata-wp-on-async--click=\"actions.showLightbox\"\n\t\t\tdata-wp-style--right=\"state.imageButtonRight\"\n\t\t\tdata-wp-style--top=\"state.imageButtonTop\"\n\t\t>\n\t\t\t<svg xmlns=\"http:\/\/www.w3.org\/2000\/svg\" width=\"12\" height=\"12\" fill=\"none\" viewbox=\"0 0 12 12\">\n\t\t\t\t<path fill=\"#fff\" d=\"M2 0a2 2 0 0 0-2 2v2h1.5V2a.5.5 0 0 1 .5-.5h2V0H2Zm2 10.5H2a.5.5 0 0 1-.5-.5V8H0v2a2 2 0 0 0 2 2h2v-1.5ZM8 12v-1.5h2a.5.5 0 0 0 .5-.5V8H12v2a2 2 0 0 1-2 2H8Zm2-12a2 2 0 0 1 2 2v2h-1.5V2a.5.5 0 0 0-.5-.5H8V0h2Z\" \/>\n\t\t\t<\/svg>\n\t\t<\/button><\/figure>\n\n\n\n<figure data-wp-context=\"{&quot;imageId&quot;:&quot;69d4e786b96b9&quot;}\" data-wp-interactive=\"core\/image\" class=\"wp-block-image size-large wp-lightbox-container\"><img decoding=\"async\" width=\"1024\" height=\"483\" data-wp-class--hide=\"state.isContentHidden\" data-wp-class--show=\"state.isContentVisible\" data-wp-init=\"callbacks.setButtonStyles\" data-wp-on-async--click=\"actions.showLightbox\" data-wp-on-async--load=\"callbacks.setButtonStyles\" data-wp-on-async-window--resize=\"callbacks.setButtonStyles\" data-id=\"52341\" src=\"https:\/\/kengmingcn.com\/wp-content\/uploads\/2025\/11\/4_4_11zon-1024x483.webp\" alt=\"macchina per gelato\" class=\"wp-image-52341\" srcset=\"https:\/\/kengmingcn.com\/wp-content\/uploads\/2025\/11\/4_4_11zon-1024x483.webp 1024w, https:\/\/kengmingcn.com\/wp-content\/uploads\/2025\/11\/4_4_11zon-300x142.webp 300w, https:\/\/kengmingcn.com\/wp-content\/uploads\/2025\/11\/4_4_11zon-768x362.webp 768w, https:\/\/kengmingcn.com\/wp-content\/uploads\/2025\/11\/4_4_11zon-18x8.webp 18w, https:\/\/kengmingcn.com\/wp-content\/uploads\/2025\/11\/4_4_11zon.webp 1060w\" sizes=\"(max-width: 1024px) 100vw, 1024px\" \/><button\n\t\t\tclass=\"lightbox-trigger\"\n\t\t\ttype=\"button\"\n\t\t\taria-haspopup=\"dialog\"\n\t\t\taria-label=\"Ingrandisci\"\n\t\t\tdata-wp-init=\"callbacks.initTriggerButton\"\n\t\t\tdata-wp-on-async--click=\"actions.showLightbox\"\n\t\t\tdata-wp-style--right=\"state.imageButtonRight\"\n\t\t\tdata-wp-style--top=\"state.imageButtonTop\"\n\t\t>\n\t\t\t<svg xmlns=\"http:\/\/www.w3.org\/2000\/svg\" width=\"12\" height=\"12\" fill=\"none\" viewbox=\"0 0 12 12\">\n\t\t\t\t<path fill=\"#fff\" d=\"M2 0a2 2 0 0 0-2 2v2h1.5V2a.5.5 0 0 1 .5-.5h2V0H2Zm2 10.5H2a.5.5 0 0 1-.5-.5V8H0v2a2 2 0 0 0 2 2h2v-1.5ZM8 12v-1.5h2a.5.5 0 0 0 .5-.5V8H12v2a2 2 0 0 1-2 2H8Zm2-12a2 2 0 0 1 2 2v2h-1.5V2a.5.5 0 0 0-.5-.5H8V0h2Z\" \/>\n\t\t\t<\/svg>\n\t\t<\/button><\/figure>\n\n\n\n<figure data-wp-context=\"{&quot;imageId&quot;:&quot;69d4e786b99f0&quot;}\" data-wp-interactive=\"core\/image\" class=\"wp-block-image size-full wp-lightbox-container\"><img decoding=\"async\" width=\"1060\" height=\"500\" data-wp-class--hide=\"state.isContentHidden\" data-wp-class--show=\"state.isContentVisible\" data-wp-init=\"callbacks.setButtonStyles\" data-wp-on-async--click=\"actions.showLightbox\" data-wp-on-async--load=\"callbacks.setButtonStyles\" data-wp-on-async-window--resize=\"callbacks.setButtonStyles\" data-id=\"51802\" src=\"https:\/\/kengmingcn.com\/wp-content\/uploads\/2025\/07\/JMLYB-30\u8be6\u60c5-3.webp\" alt=\"Macchina per gelato JMLYB-30\" class=\"wp-image-51802\" srcset=\"https:\/\/kengmingcn.com\/wp-content\/uploads\/2025\/07\/JMLYB-30\u8be6\u60c5-3.webp 1060w, https:\/\/kengmingcn.com\/wp-content\/uploads\/2025\/07\/JMLYB-30\u8be6\u60c5-3-300x142.webp 300w, https:\/\/kengmingcn.com\/wp-content\/uploads\/2025\/07\/JMLYB-30\u8be6\u60c5-3-1024x483.webp 1024w, https:\/\/kengmingcn.com\/wp-content\/uploads\/2025\/07\/JMLYB-30\u8be6\u60c5-3-768x362.webp 768w\" sizes=\"(max-width: 1060px) 100vw, 1060px\" \/><button\n\t\t\tclass=\"lightbox-trigger\"\n\t\t\ttype=\"button\"\n\t\t\taria-haspopup=\"dialog\"\n\t\t\taria-label=\"Ingrandisci\"\n\t\t\tdata-wp-init=\"callbacks.initTriggerButton\"\n\t\t\tdata-wp-on-async--click=\"actions.showLightbox\"\n\t\t\tdata-wp-style--right=\"state.imageButtonRight\"\n\t\t\tdata-wp-style--top=\"state.imageButtonTop\"\n\t\t>\n\t\t\t<svg xmlns=\"http:\/\/www.w3.org\/2000\/svg\" width=\"12\" height=\"12\" fill=\"none\" viewbox=\"0 0 12 12\">\n\t\t\t\t<path fill=\"#fff\" d=\"M2 0a2 2 0 0 0-2 2v2h1.5V2a.5.5 0 0 1 .5-.5h2V0H2Zm2 10.5H2a.5.5 0 0 1-.5-.5V8H0v2a2 2 0 0 0 2 2h2v-1.5ZM8 12v-1.5h2a.5.5 0 0 0 .5-.5V8H12v2a2 2 0 0 1-2 2H8Zm2-12a2 2 0 0 1 2 2v2h-1.5V2a.5.5 0 0 0-.5-.5H8V0h2Z\" \/>\n\t\t\t<\/svg>\n\t\t<\/button><\/figure>\n\n\n\n<figure data-wp-context=\"{&quot;imageId&quot;:&quot;69d4e786b9d3e&quot;}\" data-wp-interactive=\"core\/image\" class=\"wp-block-image size-large wp-lightbox-container\"><img decoding=\"async\" width=\"1024\" height=\"483\" data-wp-class--hide=\"state.isContentHidden\" data-wp-class--show=\"state.isContentVisible\" data-wp-init=\"callbacks.setButtonStyles\" data-wp-on-async--click=\"actions.showLightbox\" data-wp-on-async--load=\"callbacks.setButtonStyles\" data-wp-on-async-window--resize=\"callbacks.setButtonStyles\" data-id=\"52339\" src=\"https:\/\/kengmingcn.com\/wp-content\/uploads\/2025\/11\/2_2_11zon-1024x483.webp\" alt=\"macchina per gelato\" class=\"wp-image-52339\" srcset=\"https:\/\/kengmingcn.com\/wp-content\/uploads\/2025\/11\/2_2_11zon-1024x483.webp 1024w, https:\/\/kengmingcn.com\/wp-content\/uploads\/2025\/11\/2_2_11zon-300x142.webp 300w, https:\/\/kengmingcn.com\/wp-content\/uploads\/2025\/11\/2_2_11zon-768x362.webp 768w, https:\/\/kengmingcn.com\/wp-content\/uploads\/2025\/11\/2_2_11zon-18x8.webp 18w, https:\/\/kengmingcn.com\/wp-content\/uploads\/2025\/11\/2_2_11zon.webp 1060w\" sizes=\"(max-width: 1024px) 100vw, 1024px\" \/><button\n\t\t\tclass=\"lightbox-trigger\"\n\t\t\ttype=\"button\"\n\t\t\taria-haspopup=\"dialog\"\n\t\t\taria-label=\"Ingrandisci\"\n\t\t\tdata-wp-init=\"callbacks.initTriggerButton\"\n\t\t\tdata-wp-on-async--click=\"actions.showLightbox\"\n\t\t\tdata-wp-style--right=\"state.imageButtonRight\"\n\t\t\tdata-wp-style--top=\"state.imageButtonTop\"\n\t\t>\n\t\t\t<svg xmlns=\"http:\/\/www.w3.org\/2000\/svg\" width=\"12\" height=\"12\" fill=\"none\" viewbox=\"0 0 12 12\">\n\t\t\t\t<path fill=\"#fff\" d=\"M2 0a2 2 0 0 0-2 2v2h1.5V2a.5.5 0 0 1 .5-.5h2V0H2Zm2 10.5H2a.5.5 0 0 1-.5-.5V8H0v2a2 2 0 0 0 2 2h2v-1.5ZM8 12v-1.5h2a.5.5 0 0 0 .5-.5V8H12v2a2 2 0 0 1-2 2H8Zm2-12a2 2 0 0 1 2 2v2h-1.5V2a.5.5 0 0 0-.5-.5H8V0h2Z\" \/>\n\t\t\t<\/svg>\n\t\t<\/button><\/figure>\n<\/figure>\n<\/div>\n<\/div>\n\n\n\n<div class=\"wp-block-columns is-layout-flex wp-container-core-columns-is-layout-9d6595d7 wp-block-columns-is-layout-flex dt-cr-4\">\n<div class=\"wp-block-column is-layout-flow wp-block-column-is-layout-flow\">\n<div style=\"height:30px\" aria-hidden=\"true\" class=\"wp-block-spacer\"><\/div>\n\n\n\n<h3 class=\"wp-block-heading\" id=\"h-why-choose-us\">Perch\u00e9 scegliere noi?<\/h3>\n\n\n\n<p>In sintesi, la macchina per gelato duro all'italiana JMYLB-30 \u00e8 un dispositivo ad alte prestazioni progettato appositamente per il mercato commerciale. Integra produzione intelligente, funzionamento indipendente a pi\u00f9 teste, congelamento e conservazione stabili, esposizione e vendita davanti al locale. Grazie all'elevata capacit\u00e0 produttiva di 60 litri all'ora, alla struttura affidabile e al design di facile manutenzione, aiuta i ristoranti e i distributori a migliorare l'efficienza operativa e i tassi di conversione delle vendite, garantendo al contempo una qualit\u00e0 costante del prodotto. \u00c8 la scelta ideale per gelaterie italiane, catene di ristoranti e progetti commerciali.<\/p>\n<\/div>\n<\/div>","protected":false},"excerpt":{"rendered":"<ul>\n<li class=\"ai-optimize-31\">Stile: sei teste<\/li>\n<li class=\"ai-optimize-32\">Capacit\u00e0: 6L*6<\/li>\n<li class=\"ai-optimize-33\">Compressore: 1HP*6<\/li>\n<\/ul>","protected":false},"featured_media":52294,"comment_status":"open","ping_status":"closed","template":"","meta":{"_acf_changed":false},"product_brand":[],"product_cat":[326,275],"product_tag":[],"class_list":{"0":"post-51792","1":"product","2":"type-product","3":"status-publish","4":"has-post-thumbnail","6":"product_cat-gelato-machine","7":"product_cat-refrigeration-equipment","8":"description-off","10":"first","11":"instock","12":"shipping-taxable","13":"product-type-simple"},"acf":[],"yoast_head":"<!-- This site is optimized with the Yoast SEO Premium plugin v25.3 (Yoast SEO v26.3) - https:\/\/yoast.com\/wordpress\/plugins\/seo\/ -->\n<title>Intelligent vertical six head hard ice cream machine JMLYB-30<\/title>\n<meta name=\"description\" content=\"The material tanks of the 6 independent station system will automatically perform fresh-keeping treatment after the machine reaches a certain temperature.\" \/>\n<meta name=\"robots\" content=\"index, follow, max-snippet:-1, max-image-preview:large, max-video-preview:-1\" \/>\n<link rel=\"canonical\" href=\"https:\/\/kengmingcn.com\/it\/product\/macchina-per-gelato-duro-intelligente-verticale-a-sei-teste-jmlyb-30\/\" \/>\n<meta property=\"og:locale\" content=\"it_IT\" \/>\n<meta property=\"og:type\" content=\"article\" \/>\n<meta property=\"og:title\" content=\"Intelligent vertical six head hard ice cream machine JMLYB-30\" \/>\n<meta property=\"og:description\" content=\"The material tanks of the 6 independent station system will automatically perform fresh-keeping treatment after the machine reaches a certain temperature.\" \/>\n<meta property=\"og:url\" content=\"https:\/\/kengmingcn.com\/it\/product\/macchina-per-gelato-duro-intelligente-verticale-a-sei-teste-jmlyb-30\/\" \/>\n<meta property=\"og:site_name\" content=\"KengMing | Manufacturer of Commercial Kitchen Equipment\" \/>\n<meta property=\"article:modified_time\" content=\"2025-12-24T06:36:06+00:00\" \/>\n<meta property=\"og:image\" content=\"https:\/\/kengmingcn.com\/wp-content\/uploads\/2025\/07\/1.1.webp\" \/>\n\t<meta property=\"og:image:width\" content=\"800\" \/>\n\t<meta property=\"og:image:height\" content=\"800\" \/>\n\t<meta property=\"og:image:type\" content=\"image\/webp\" \/>\n<meta name=\"twitter:card\" content=\"summary_large_image\" \/>\n<meta name=\"twitter:label1\" content=\"Prezzo\" \/>\n\t<meta name=\"twitter:data1\" content=\"\" \/>\n\t<meta name=\"twitter:label2\" content=\"Disponibilit\u00e0\" \/>\n\t<meta name=\"twitter:data2\" content=\"In stock\" \/>\n<script type=\"application\/ld+json\" class=\"yoast-schema-graph\">{\"@context\":\"https:\/\/schema.org\",\"@graph\":[{\"@type\":\"WebPage\",\"@id\":\"https:\/\/kengmingcn.com\/it\/product\/macchina-per-gelato-duro-intelligente-verticale-a-sei-teste-jmlyb-30\/\",\"url\":\"https:\/\/kengmingcn.com\/it\/product\/macchina-per-gelato-duro-intelligente-verticale-a-sei-teste-jmlyb-30\/\",\"name\":\"Intelligent vertical six head hard ice cream machine JMLYB-30\",\"isPartOf\":{\"@id\":\"https:\/\/kengmingcn.com\/#website\"},\"primaryImageOfPage\":{\"@id\":\"https:\/\/kengmingcn.com\/it\/product\/macchina-per-gelato-duro-intelligente-verticale-a-sei-teste-jmlyb-30\/#primaryimage\"},\"image\":{\"@id\":\"https:\/\/kengmingcn.com\/it\/product\/macchina-per-gelato-duro-intelligente-verticale-a-sei-teste-jmlyb-30\/#primaryimage\"},\"thumbnailUrl\":\"https:\/\/kengmingcn.com\/wp-content\/uploads\/2025\/07\/1.1.webp\",\"datePublished\":\"2025-07-10T08:40:25+00:00\",\"dateModified\":\"2025-12-24T06:36:06+00:00\",\"description\":\"The material tanks of the 6 independent station system will automatically perform fresh-keeping treatment after the machine reaches a certain temperature.\",\"breadcrumb\":{\"@id\":\"https:\/\/kengmingcn.com\/it\/product\/macchina-per-gelato-duro-intelligente-verticale-a-sei-teste-jmlyb-30\/#breadcrumb\"},\"inLanguage\":\"it-IT\",\"potentialAction\":[{\"@type\":\"ReadAction\",\"target\":[\"https:\/\/kengmingcn.com\/it\/product\/macchina-per-gelato-duro-intelligente-verticale-a-sei-teste-jmlyb-30\/\"]}]},{\"@type\":\"ImageObject\",\"inLanguage\":\"it-IT\",\"@id\":\"https:\/\/kengmingcn.com\/it\/product\/macchina-per-gelato-duro-intelligente-verticale-a-sei-teste-jmlyb-30\/#primaryimage\",\"url\":\"https:\/\/kengmingcn.com\/wp-content\/uploads\/2025\/07\/1.1.webp\",\"contentUrl\":\"https:\/\/kengmingcn.com\/wp-content\/uploads\/2025\/07\/1.1.webp\",\"width\":800,\"height\":800,\"caption\":\"gelato machine\"},{\"@type\":\"BreadcrumbList\",\"@id\":\"https:\/\/kengmingcn.com\/it\/product\/macchina-per-gelato-duro-intelligente-verticale-a-sei-teste-jmlyb-30\/#breadcrumb\",\"itemListElement\":[{\"@type\":\"ListItem\",\"position\":1,\"name\":\"Home\",\"item\":\"https:\/\/kengmingcn.com\/\"},{\"@type\":\"ListItem\",\"position\":2,\"name\":\"Catalogue\",\"item\":\"https:\/\/kengmingcn.com\/?page_id=27131\"},{\"@type\":\"ListItem\",\"position\":3,\"name\":\"Intelligent vertical six head hard ice cream machine JMLYB-30\"}]},{\"@type\":\"WebSite\",\"@id\":\"https:\/\/kengmingcn.com\/#website\",\"url\":\"https:\/\/kengmingcn.com\/\",\"name\":\"Kitchen Equipment\",\"description\":\"KengMing is a professional commercial kitchen equipment manufacturer and wholesale supplier, offering cooking, food prep and bakery equipment with OEM &amp; ODM service for global distributors.\",\"publisher\":{\"@id\":\"https:\/\/kengmingcn.com\/#organization\"},\"potentialAction\":[{\"@type\":\"SearchAction\",\"target\":{\"@type\":\"EntryPoint\",\"urlTemplate\":\"https:\/\/kengmingcn.com\/?s={search_term_string}\"},\"query-input\":{\"@type\":\"PropertyValueSpecification\",\"valueRequired\":true,\"valueName\":\"search_term_string\"}}],\"inLanguage\":\"it-IT\"},{\"@type\":\"Organization\",\"@id\":\"https:\/\/kengmingcn.com\/#organization\",\"name\":\"GuangZhou KengMing\",\"url\":\"https:\/\/kengmingcn.com\/\",\"logo\":{\"@type\":\"ImageObject\",\"inLanguage\":\"it-IT\",\"@id\":\"https:\/\/kengmingcn.com\/#\/schema\/logo\/image\/\",\"url\":\"https:\/\/kengmingcn.com\/wp-content\/uploads\/2025\/04\/cropped-1744508604969-removebg-preview.png\",\"contentUrl\":\"https:\/\/kengmingcn.com\/wp-content\/uploads\/2025\/04\/cropped-1744508604969-removebg-preview.png\",\"width\":512,\"height\":512,\"caption\":\"GuangZhou KengMing\"},\"image\":{\"@id\":\"https:\/\/kengmingcn.com\/#\/schema\/logo\/image\/\"}}]}<\/script>\n<meta property=\"product:price:amount\" content=\"0.00\" \/>\n<meta property=\"product:price:currency\" content=\"USD\" \/>\n<meta property=\"og:availability\" content=\"instock\" \/>\n<meta property=\"product:availability\" content=\"instock\" \/>\n<meta property=\"product:condition\" content=\"new\" \/>\n<!-- \/ Yoast SEO Premium plugin. -->","yoast_head_json":{"title":"Macchina per gelato duro verticale intelligente a sei teste JMLYB-30","description":"I serbatoi del materiale del sistema a 6 stazioni indipendenti eseguono automaticamente il trattamento di mantenimento del fresco dopo che la macchina ha raggiunto una determinata temperatura.","robots":{"index":"index","follow":"follow","max-snippet":"max-snippet:-1","max-image-preview":"max-image-preview:large","max-video-preview":"max-video-preview:-1"},"canonical":"https:\/\/kengmingcn.com\/it\/product\/macchina-per-gelato-duro-intelligente-verticale-a-sei-teste-jmlyb-30\/","og_locale":"it_IT","og_type":"article","og_title":"Intelligent vertical six head hard ice cream machine JMLYB-30","og_description":"The material tanks of the 6 independent station system will automatically perform fresh-keeping treatment after the machine reaches a certain temperature.","og_url":"https:\/\/kengmingcn.com\/it\/product\/macchina-per-gelato-duro-intelligente-verticale-a-sei-teste-jmlyb-30\/","og_site_name":"KengMing | Manufacturer of Commercial Kitchen Equipment","article_modified_time":"2025-12-24T06:36:06+00:00","og_image":[{"width":800,"height":800,"url":"https:\/\/kengmingcn.com\/wp-content\/uploads\/2025\/07\/1.1.webp","type":"image\/webp"}],"twitter_card":"summary_large_image","twitter_misc":{"Prezzo":"","Disponibilit\u00e0":"In stock"},"schema":{"@context":"https:\/\/schema.org","@graph":[{"@type":"WebPage","@id":"https:\/\/kengmingcn.com\/it\/product\/macchina-per-gelato-duro-intelligente-verticale-a-sei-teste-jmlyb-30\/","url":"https:\/\/kengmingcn.com\/it\/product\/macchina-per-gelato-duro-intelligente-verticale-a-sei-teste-jmlyb-30\/","name":"Macchina per gelato duro verticale intelligente a sei teste JMLYB-30","isPartOf":{"@id":"https:\/\/kengmingcn.com\/#website"},"primaryImageOfPage":{"@id":"https:\/\/kengmingcn.com\/it\/product\/macchina-per-gelato-duro-intelligente-verticale-a-sei-teste-jmlyb-30\/#primaryimage"},"image":{"@id":"https:\/\/kengmingcn.com\/it\/product\/macchina-per-gelato-duro-intelligente-verticale-a-sei-teste-jmlyb-30\/#primaryimage"},"thumbnailUrl":"https:\/\/kengmingcn.com\/wp-content\/uploads\/2025\/07\/1.1.webp","datePublished":"2025-07-10T08:40:25+00:00","dateModified":"2025-12-24T06:36:06+00:00","description":"I serbatoi del materiale del sistema a 6 stazioni indipendenti eseguono automaticamente il trattamento di mantenimento del fresco dopo che la macchina ha raggiunto una determinata temperatura.","breadcrumb":{"@id":"https:\/\/kengmingcn.com\/it\/product\/macchina-per-gelato-duro-intelligente-verticale-a-sei-teste-jmlyb-30\/#breadcrumb"},"inLanguage":"it-IT","potentialAction":[{"@type":"ReadAction","target":["https:\/\/kengmingcn.com\/it\/product\/macchina-per-gelato-duro-intelligente-verticale-a-sei-teste-jmlyb-30\/"]}]},{"@type":"ImageObject","inLanguage":"it-IT","@id":"https:\/\/kengmingcn.com\/it\/product\/macchina-per-gelato-duro-intelligente-verticale-a-sei-teste-jmlyb-30\/#primaryimage","url":"https:\/\/kengmingcn.com\/wp-content\/uploads\/2025\/07\/1.1.webp","contentUrl":"https:\/\/kengmingcn.com\/wp-content\/uploads\/2025\/07\/1.1.webp","width":800,"height":800,"caption":"gelato machine"},{"@type":"BreadcrumbList","@id":"https:\/\/kengmingcn.com\/it\/product\/macchina-per-gelato-duro-intelligente-verticale-a-sei-teste-jmlyb-30\/#breadcrumb","itemListElement":[{"@type":"ListItem","position":1,"name":"Home","item":"https:\/\/kengmingcn.com\/"},{"@type":"ListItem","position":2,"name":"Catalogue","item":"https:\/\/kengmingcn.com\/?page_id=27131"},{"@type":"ListItem","position":3,"name":"Intelligent vertical six head hard ice cream machine JMLYB-30"}]},{"@type":"WebSite","@id":"https:\/\/kengmingcn.com\/#website","url":"https:\/\/kengmingcn.com\/","name":"Attrezzature da cucina","description":"KengMing is a professional commercial kitchen equipment manufacturer and wholesale supplier, offering cooking, food prep and bakery equipment with OEM &amp; ODM service for global distributors.","publisher":{"@id":"https:\/\/kengmingcn.com\/#organization"},"potentialAction":[{"@type":"SearchAction","target":{"@type":"EntryPoint","urlTemplate":"https:\/\/kengmingcn.com\/?s={search_term_string}"},"query-input":{"@type":"PropertyValueSpecification","valueRequired":true,"valueName":"search_term_string"}}],"inLanguage":"it-IT"},{"@type":"Organization","@id":"https:\/\/kengmingcn.com\/#organization","name":"GuangZhou KengMing","url":"https:\/\/kengmingcn.com\/","logo":{"@type":"ImageObject","inLanguage":"it-IT","@id":"https:\/\/kengmingcn.com\/#\/schema\/logo\/image\/","url":"https:\/\/kengmingcn.com\/wp-content\/uploads\/2025\/04\/cropped-1744508604969-removebg-preview.png","contentUrl":"https:\/\/kengmingcn.com\/wp-content\/uploads\/2025\/04\/cropped-1744508604969-removebg-preview.png","width":512,"height":512,"caption":"GuangZhou KengMing"},"image":{"@id":"https:\/\/kengmingcn.com\/#\/schema\/logo\/image\/"}}]},"product_price_amount":"0.00","product_price_currency":"USD","og_availability":"instock","product_availability":"instock","product_condition":"new"},"_links":{"self":[{"href":"https:\/\/kengmingcn.com\/it\/wp-json\/wp\/v2\/product\/51792","targetHints":{"allow":["GET"]}}],"collection":[{"href":"https:\/\/kengmingcn.com\/it\/wp-json\/wp\/v2\/product"}],"about":[{"href":"https:\/\/kengmingcn.com\/it\/wp-json\/wp\/v2\/types\/product"}],"replies":[{"embeddable":true,"href":"https:\/\/kengmingcn.com\/it\/wp-json\/wp\/v2\/comments?post=51792"}],"wp:featuredmedia":[{"embeddable":true,"href":"https:\/\/kengmingcn.com\/it\/wp-json\/wp\/v2\/media\/52294"}],"wp:attachment":[{"href":"https:\/\/kengmingcn.com\/it\/wp-json\/wp\/v2\/media?parent=51792"}],"wp:term":[{"taxonomy":"product_brand","embeddable":true,"href":"https:\/\/kengmingcn.com\/it\/wp-json\/wp\/v2\/product_brand?post=51792"},{"taxonomy":"product_cat","embeddable":true,"href":"https:\/\/kengmingcn.com\/it\/wp-json\/wp\/v2\/product_cat?post=51792"},{"taxonomy":"product_tag","embeddable":true,"href":"https:\/\/kengmingcn.com\/it\/wp-json\/wp\/v2\/product_tag?post=51792"}],"curies":[{"name":"wp","href":"https:\/\/api.w.org\/{rel}","templated":true}]}}