{"id":51125,"date":"2025-06-13T10:34:10","date_gmt":"2025-06-13T02:34:10","guid":{"rendered":"https:\/\/kengmingcn.com\/?post_type=product&#038;p=51125"},"modified":"2025-12-10T15:05:23","modified_gmt":"2025-12-10T07:05:23","slug":"jmx1602-245kg-24h-macchina-per-gelato-coreana-1600w-compressore-embraco","status":"publish","type":"product","link":"https:\/\/kengmingcn.com\/it\/product\/jmx1602-245kg-24h-macchina-per-gelato-coreana-1600w-compressore-embraco\/","title":{"rendered":"JMX1602 245KG\/24H macchina per gelato coreana 1600W Embraco Compressore"},"content":{"rendered":"<p>La macchina del ghiaccio a fiocco di neve \u00e8 un'efficiente apparecchiatura per la produzione di bevande fredde, progettata per produrre ghiaccio a fiocco di neve delicato, fresco e croccante.<\/p>\n<p>Grazie all'avanzata tecnologia di congelamento e al preciso meccanismo di raschiamento del ghiaccio, \u00e8 in grado di congelare e raschiare rapidamente le materie prime liquide (come succhi di frutta, t\u00e8 al latte, cocktail, ecc.) in particelle morbide e delicate simili a fiocchi di neve, mantenendo il sapore e le sostanze nutritive originali degli alimenti.<\/p>\n<p><img decoding=\"async\" class=\"alignnone size-large wp-image-51132\" src=\"https:\/\/kengmingcn.com\/wp-content\/uploads\/2025\/06\/JMX1602A-1-1024x483.webp\" alt=\"JMX1602A (1)\" width=\"1024\" height=\"483\" srcset=\"https:\/\/kengmingcn.com\/wp-content\/uploads\/2025\/06\/JMX1602A-1-1024x483.webp 1024w, https:\/\/kengmingcn.com\/wp-content\/uploads\/2025\/06\/JMX1602A-1-300x142.webp 300w, https:\/\/kengmingcn.com\/wp-content\/uploads\/2025\/06\/JMX1602A-1-768x362.webp 768w, https:\/\/kengmingcn.com\/wp-content\/uploads\/2025\/06\/JMX1602A-1.webp 1060w\" sizes=\"(max-width: 1024px) 100vw, 1024px\" \/><\/p>\n<p>1. Tecnologia di congelamento avanzata: Dotato di un compressore e di un condensatore di marca ad alta efficienza e di un ventilatore di alta qualit\u00e0, garantisce la dissipazione del calore del sistema di refrigerazione per assicurare che le materie prime liquide possano essere congelate rapidamente per mantenere la freschezza e la nutrizione degli ingredienti.<\/p>\n<p>Forma del ghiaccio 2.Adjustable: Gli utenti possono regolare la forma del ghiaccio della neve secondo il loro gusto personale e la preferenza, regolando le materie prime e controllando la velocit\u00e0 dell'evaporatore, pu\u00f2 fare una variet\u00e0 di forme dei prodotti del ghiaccio, quali il ghiaccio della neve, il ghiaccio della tagliatella, il ghiaccio del fiocco, il ghiaccio puro, il ghiaccio del ghiaccio dell'ago delle varie forme dei prodotti del ghiaccio, la struttura dalla luce e dalla seta al ricco e delicato sono tutti raggiungibili.<\/p>\n<p>3.Multi-sapore: Adatto a tutti i tipi di materie prime liquide, tra cui succo di frutta, t\u00e8 al latte, ingredienti per dessert, cocktail, ecc., pu\u00f2 produrre una ricca variet\u00e0 di gusti di ghiaccio di neve per soddisfare le esigenze dei diversi gusti dei consumatori.<\/p>\n<p>4. Sistema operativo intelligente: L'apparecchiatura \u00e8 dotata di un pannello di controllo intelligente, che include funzioni di temporizzazione e regolazione manuale, facili e intuitive da utilizzare, per garantire ogni volta risultati di produzione coerenti.<\/p>\n<p>5.Design durevole: Realizzata in acciaio inox 201 e acciaio inox 304 di alta qualit\u00e0, la struttura \u00e8 solida e facile da pulire e mantenere, adattandosi all'uso a lungo termine e ad alta intensit\u00e0 dell'ambiente.<\/p>\n<p><img decoding=\"async\" class=\"alignnone size-large wp-image-51133\" src=\"https:\/\/kengmingcn.com\/wp-content\/uploads\/2025\/06\/JMX1602A-2-1024x483.webp\" alt=\"\" width=\"1024\" height=\"483\" srcset=\"https:\/\/kengmingcn.com\/wp-content\/uploads\/2025\/06\/JMX1602A-2-1024x483.webp 1024w, https:\/\/kengmingcn.com\/wp-content\/uploads\/2025\/06\/JMX1602A-2-300x142.webp 300w, https:\/\/kengmingcn.com\/wp-content\/uploads\/2025\/06\/JMX1602A-2-768x362.webp 768w, https:\/\/kengmingcn.com\/wp-content\/uploads\/2025\/06\/JMX1602A-2.webp 1060w\" sizes=\"(max-width: 1024px) 100vw, 1024px\" \/> <img decoding=\"async\" class=\"alignnone size-large wp-image-51135\" src=\"https:\/\/kengmingcn.com\/wp-content\/uploads\/2025\/06\/JMX1602A-4-1024x483.webp\" alt=\"\" width=\"1024\" height=\"483\" srcset=\"https:\/\/kengmingcn.com\/wp-content\/uploads\/2025\/06\/JMX1602A-4-1024x483.webp 1024w, https:\/\/kengmingcn.com\/wp-content\/uploads\/2025\/06\/JMX1602A-4-300x142.webp 300w, https:\/\/kengmingcn.com\/wp-content\/uploads\/2025\/06\/JMX1602A-4-768x362.webp 768w, https:\/\/kengmingcn.com\/wp-content\/uploads\/2025\/06\/JMX1602A-4.webp 1060w\" sizes=\"(max-width: 1024px) 100vw, 1024px\" \/> <img decoding=\"async\" class=\"alignnone size-large wp-image-51134\" src=\"https:\/\/kengmingcn.com\/wp-content\/uploads\/2025\/06\/JMX1602A-3-1024x483.webp\" alt=\"\" width=\"1024\" height=\"483\" srcset=\"https:\/\/kengmingcn.com\/wp-content\/uploads\/2025\/06\/JMX1602A-3-1024x483.webp 1024w, https:\/\/kengmingcn.com\/wp-content\/uploads\/2025\/06\/JMX1602A-3-300x142.webp 300w, https:\/\/kengmingcn.com\/wp-content\/uploads\/2025\/06\/JMX1602A-3-768x362.webp 768w, https:\/\/kengmingcn.com\/wp-content\/uploads\/2025\/06\/JMX1602A-3.webp 1060w\" sizes=\"(max-width: 1024px) 100vw, 1024px\" \/><\/p>\n<p>1. Negozi di dolci e ghiaccio: Scopo: Produrre fiocchi di neve e granite in una variet\u00e0 di gusti per attirare i clienti e offrire scelte di ghiaccio innovative.<br \/>\nEsempio: Il negozio fornisce diversi condimenti e aromi per consentire ai clienti di personalizzare il proprio fiocco di neve.<\/p>\n<p>2. Ristoranti e caff\u00e8: scopo: come parte del dessert, offrire opzioni di ghiaccio uniche per migliorare la diversit\u00e0 del menu del ristorante.<br \/>\nEsempio: I ristoranti possono aggiungere il ghiaccio a fiocchi di neve al loro menu come dessert dopo cena o usarlo per preparare speciali bevande fredde.<\/p>\n<p>3. Bancarelle e mercati di street food: Scopo: il ghiaccio a fiocchi di neve viene prodotto sul posto per attirare i clienti di passaggio e fornire prodotti freschi e gustosi.<br \/>\nEsempio: Allestimento di bancarelle di ghiaccio a forma di fiocco di neve nei mercati notturni o nei bazar gastronomici per produrre e vendere ghiaccio a forma di fiocco di neve appena prodotto.<\/p>\n<p>4. Riunioni di famiglia ed eventi privati: Scopo: utilizzare in occasione di riunioni di famiglia o eventi privati per offrire agli ospiti un'esperienza di ghiaccio fresco e fai-da-te.<br \/>\nEsempio: Utilizzo di una macchina per la produzione di ghiaccio a fiocchi di neve come parte di un dessert o di una bevanda rinfrescante in occasione di una riunione di famiglia.<\/p>\n<p>5. Eventi e mostre su larga scala: Utilizzo: Fornire ai visitatori della mostra o ai partecipanti all'evento fiocchi di ghiaccio realizzati in loco per aumentare l'attrattiva e l'interattivit\u00e0 dell'evento.<br \/>\nEsempio: Gli stand per la creazione di fiocchi di neve vengono allestiti in occasione di mostre o festival per attirare i visitatori e offrire ai partecipanti delizie fresche e deliziose.<\/p>\n<p><img decoding=\"async\" class=\"alignnone size-large wp-image-50815\" src=\"https:\/\/kengmingcn.com\/wp-content\/uploads\/2025\/04\/3_11zon-1-1024x483.webp\" alt=\"\" width=\"1024\" height=\"483\" srcset=\"https:\/\/kengmingcn.com\/wp-content\/uploads\/2025\/04\/3_11zon-1-1024x483.webp 1024w, https:\/\/kengmingcn.com\/wp-content\/uploads\/2025\/04\/3_11zon-1-300x142.webp 300w, https:\/\/kengmingcn.com\/wp-content\/uploads\/2025\/04\/3_11zon-1-768x362.webp 768w, https:\/\/kengmingcn.com\/wp-content\/uploads\/2025\/04\/3_11zon-1.webp 1060w\" sizes=\"(max-width: 1024px) 100vw, 1024px\" \/> <img decoding=\"async\" class=\"alignnone size-large wp-image-50814\" src=\"https:\/\/kengmingcn.com\/wp-content\/uploads\/2025\/04\/2_11zon-1-1024x483.webp\" alt=\"\" width=\"1024\" height=\"483\" srcset=\"https:\/\/kengmingcn.com\/wp-content\/uploads\/2025\/04\/2_11zon-1-1024x483.webp 1024w, https:\/\/kengmingcn.com\/wp-content\/uploads\/2025\/04\/2_11zon-1-300x142.webp 300w, https:\/\/kengmingcn.com\/wp-content\/uploads\/2025\/04\/2_11zon-1-768x362.webp 768w, https:\/\/kengmingcn.com\/wp-content\/uploads\/2025\/04\/2_11zon-1.webp 1060w\" sizes=\"(max-width: 1024px) 100vw, 1024px\" \/><\/p>","protected":false},"excerpt":{"rendered":"<ul>\n<li>Potenza: 1600W<\/li>\n<li>Produzione: 245~250kg\/H<\/li>\n<li>Compressori: Embraco<\/li>\n<\/ul>","protected":false},"featured_media":52602,"comment_status":"open","ping_status":"closed","template":"","meta":{"_acf_changed":false},"product_brand":[],"product_cat":[244,275],"product_tag":[312],"class_list":{"0":"post-51125","1":"product","2":"type-product","3":"status-publish","4":"has-post-thumbnail","6":"product_cat-bingsu-machine","7":"product_cat-refrigeration-equipment","8":"product_tag-water-cooling","9":"description-off","11":"first","12":"instock","13":"shipping-taxable","14":"product-type-simple"},"acf":[],"yoast_head":"<!-- This site is optimized with the Yoast SEO Premium plugin v25.3 (Yoast SEO v26.3) - https:\/\/yoast.com\/wordpress\/plugins\/seo\/ -->\n<title>245KG\/24H korean ice cream machine Embraco Compressor<\/title>\n<meta name=\"description\" content=\"1600W Embraco Compressor, Fast ice production, stable performance, water cooling, very suitable for various catering stores\" \/>\n<meta name=\"robots\" content=\"index, follow, max-snippet:-1, max-image-preview:large, max-video-preview:-1\" \/>\n<link rel=\"canonical\" href=\"https:\/\/kengmingcn.com\/it\/product\/jmx1602-245kg-24h-macchina-per-gelato-coreana-1600w-compressore-embraco\/\" \/>\n<meta property=\"og:locale\" content=\"it_IT\" \/>\n<meta property=\"og:type\" content=\"article\" \/>\n<meta property=\"og:title\" content=\"JMX1602 245KG\/24H korean ice cream machine 1600W Embraco Compressor\" \/>\n<meta property=\"og:description\" content=\"1600W Embraco Compressor, Fast ice production, stable performance, water cooling, very suitable for various catering stores\" \/>\n<meta property=\"og:url\" content=\"https:\/\/kengmingcn.com\/it\/product\/jmx1602-245kg-24h-macchina-per-gelato-coreana-1600w-compressore-embraco\/\" \/>\n<meta property=\"og:site_name\" content=\"KengMing | Manufacturer of Commercial Kitchen Equipment\" \/>\n<meta property=\"article:modified_time\" content=\"2025-12-10T07:05:23+00:00\" \/>\n<meta property=\"og:image\" content=\"https:\/\/kengmingcn.com\/wp-content\/uploads\/2025\/06\/JMX1602-1.jpg\" \/>\n\t<meta property=\"og:image:width\" content=\"800\" \/>\n\t<meta property=\"og:image:height\" content=\"800\" \/>\n\t<meta property=\"og:image:type\" content=\"image\/jpeg\" \/>\n<meta name=\"twitter:card\" content=\"summary_large_image\" \/>\n<meta name=\"twitter:label1\" content=\"Prezzo\" \/>\n\t<meta name=\"twitter:data1\" content=\"\" \/>\n\t<meta name=\"twitter:label2\" content=\"Disponibilit\u00e0\" \/>\n\t<meta name=\"twitter:data2\" content=\"In stock\" \/>\n<script type=\"application\/ld+json\" class=\"yoast-schema-graph\">{\"@context\":\"https:\/\/schema.org\",\"@graph\":[{\"@type\":\"WebPage\",\"@id\":\"https:\/\/kengmingcn.com\/it\/product\/jmx1602-245kg-24h-macchina-per-gelato-coreana-1600w-compressore-embraco\/\",\"url\":\"https:\/\/kengmingcn.com\/it\/product\/jmx1602-245kg-24h-macchina-per-gelato-coreana-1600w-compressore-embraco\/\",\"name\":\"245KG\/24H korean ice cream machine Embraco Compressor\",\"isPartOf\":{\"@id\":\"https:\/\/kengmingcn.com\/#website\"},\"primaryImageOfPage\":{\"@id\":\"https:\/\/kengmingcn.com\/it\/product\/jmx1602-245kg-24h-macchina-per-gelato-coreana-1600w-compressore-embraco\/#primaryimage\"},\"image\":{\"@id\":\"https:\/\/kengmingcn.com\/it\/product\/jmx1602-245kg-24h-macchina-per-gelato-coreana-1600w-compressore-embraco\/#primaryimage\"},\"thumbnailUrl\":\"https:\/\/kengmingcn.com\/wp-content\/uploads\/2025\/06\/JMX1602-1.jpg\",\"datePublished\":\"2025-06-13T02:34:10+00:00\",\"dateModified\":\"2025-12-10T07:05:23+00:00\",\"description\":\"1600W Embraco Compressor, Fast ice production, stable performance, water cooling, very suitable for various catering stores\",\"breadcrumb\":{\"@id\":\"https:\/\/kengmingcn.com\/it\/product\/jmx1602-245kg-24h-macchina-per-gelato-coreana-1600w-compressore-embraco\/#breadcrumb\"},\"inLanguage\":\"it-IT\",\"potentialAction\":[{\"@type\":\"ReadAction\",\"target\":[\"https:\/\/kengmingcn.com\/it\/product\/jmx1602-245kg-24h-macchina-per-gelato-coreana-1600w-compressore-embraco\/\"]}]},{\"@type\":\"ImageObject\",\"inLanguage\":\"it-IT\",\"@id\":\"https:\/\/kengmingcn.com\/it\/product\/jmx1602-245kg-24h-macchina-per-gelato-coreana-1600w-compressore-embraco\/#primaryimage\",\"url\":\"https:\/\/kengmingcn.com\/wp-content\/uploads\/2025\/06\/JMX1602-1.jpg\",\"contentUrl\":\"https:\/\/kengmingcn.com\/wp-content\/uploads\/2025\/06\/JMX1602-1.jpg\",\"width\":800,\"height\":800,\"caption\":\"JMX1602B Snow ice cream machine\"},{\"@type\":\"BreadcrumbList\",\"@id\":\"https:\/\/kengmingcn.com\/it\/product\/jmx1602-245kg-24h-macchina-per-gelato-coreana-1600w-compressore-embraco\/#breadcrumb\",\"itemListElement\":[{\"@type\":\"ListItem\",\"position\":1,\"name\":\"Home\",\"item\":\"https:\/\/kengmingcn.com\/\"},{\"@type\":\"ListItem\",\"position\":2,\"name\":\"Catalogue\",\"item\":\"https:\/\/kengmingcn.com\/?page_id=27131\"},{\"@type\":\"ListItem\",\"position\":3,\"name\":\"JMX1602 245KG\/24H korean ice cream machine 1600W Embraco Compressor\"}]},{\"@type\":\"WebSite\",\"@id\":\"https:\/\/kengmingcn.com\/#website\",\"url\":\"https:\/\/kengmingcn.com\/\",\"name\":\"Kitchen Equipment\",\"description\":\"KengMing is a professional commercial kitchen equipment manufacturer and wholesale supplier, offering cooking, food prep and bakery equipment with OEM &amp; ODM service for global distributors.\",\"publisher\":{\"@id\":\"https:\/\/kengmingcn.com\/#organization\"},\"potentialAction\":[{\"@type\":\"SearchAction\",\"target\":{\"@type\":\"EntryPoint\",\"urlTemplate\":\"https:\/\/kengmingcn.com\/?s={search_term_string}\"},\"query-input\":{\"@type\":\"PropertyValueSpecification\",\"valueRequired\":true,\"valueName\":\"search_term_string\"}}],\"inLanguage\":\"it-IT\"},{\"@type\":\"Organization\",\"@id\":\"https:\/\/kengmingcn.com\/#organization\",\"name\":\"GuangZhou KengMing\",\"url\":\"https:\/\/kengmingcn.com\/\",\"logo\":{\"@type\":\"ImageObject\",\"inLanguage\":\"it-IT\",\"@id\":\"https:\/\/kengmingcn.com\/#\/schema\/logo\/image\/\",\"url\":\"https:\/\/kengmingcn.com\/wp-content\/uploads\/2025\/04\/cropped-1744508604969-removebg-preview.png\",\"contentUrl\":\"https:\/\/kengmingcn.com\/wp-content\/uploads\/2025\/04\/cropped-1744508604969-removebg-preview.png\",\"width\":512,\"height\":512,\"caption\":\"GuangZhou KengMing\"},\"image\":{\"@id\":\"https:\/\/kengmingcn.com\/#\/schema\/logo\/image\/\"}}]}<\/script>\n<meta property=\"product:price:amount\" content=\"0.00\" \/>\n<meta property=\"product:price:currency\" content=\"USD\" \/>\n<meta property=\"og:availability\" content=\"instock\" \/>\n<meta property=\"product:availability\" content=\"instock\" \/>\n<meta property=\"product:condition\" content=\"new\" \/>\n<!-- \/ Yoast SEO Premium plugin. -->","yoast_head_json":{"title":"245KG\/24H macchina per gelato coreana Embraco Compressor","description":"Compressore Embraco da 1600W, produzione rapida di ghiaccio, prestazioni stabili, raffreddamento ad acqua, molto adatto a vari negozi di ristorazione.","robots":{"index":"index","follow":"follow","max-snippet":"max-snippet:-1","max-image-preview":"max-image-preview:large","max-video-preview":"max-video-preview:-1"},"canonical":"https:\/\/kengmingcn.com\/it\/product\/jmx1602-245kg-24h-macchina-per-gelato-coreana-1600w-compressore-embraco\/","og_locale":"it_IT","og_type":"article","og_title":"JMX1602 245KG\/24H korean ice cream machine 1600W Embraco Compressor","og_description":"1600W Embraco Compressor, Fast ice production, stable performance, water cooling, very suitable for various catering stores","og_url":"https:\/\/kengmingcn.com\/it\/product\/jmx1602-245kg-24h-macchina-per-gelato-coreana-1600w-compressore-embraco\/","og_site_name":"KengMing | Manufacturer of Commercial Kitchen Equipment","article_modified_time":"2025-12-10T07:05:23+00:00","og_image":[{"width":800,"height":800,"url":"https:\/\/kengmingcn.com\/wp-content\/uploads\/2025\/06\/JMX1602-1.jpg","type":"image\/jpeg"}],"twitter_card":"summary_large_image","twitter_misc":{"Prezzo":"","Disponibilit\u00e0":"In stock"},"schema":{"@context":"https:\/\/schema.org","@graph":[{"@type":"WebPage","@id":"https:\/\/kengmingcn.com\/it\/product\/jmx1602-245kg-24h-macchina-per-gelato-coreana-1600w-compressore-embraco\/","url":"https:\/\/kengmingcn.com\/it\/product\/jmx1602-245kg-24h-macchina-per-gelato-coreana-1600w-compressore-embraco\/","name":"245KG\/24H macchina per gelato coreana Embraco Compressor","isPartOf":{"@id":"https:\/\/kengmingcn.com\/#website"},"primaryImageOfPage":{"@id":"https:\/\/kengmingcn.com\/it\/product\/jmx1602-245kg-24h-macchina-per-gelato-coreana-1600w-compressore-embraco\/#primaryimage"},"image":{"@id":"https:\/\/kengmingcn.com\/it\/product\/jmx1602-245kg-24h-macchina-per-gelato-coreana-1600w-compressore-embraco\/#primaryimage"},"thumbnailUrl":"https:\/\/kengmingcn.com\/wp-content\/uploads\/2025\/06\/JMX1602-1.jpg","datePublished":"2025-06-13T02:34:10+00:00","dateModified":"2025-12-10T07:05:23+00:00","description":"Compressore Embraco da 1600W, produzione rapida di ghiaccio, prestazioni stabili, raffreddamento ad acqua, molto adatto a vari negozi di ristorazione.","breadcrumb":{"@id":"https:\/\/kengmingcn.com\/it\/product\/jmx1602-245kg-24h-macchina-per-gelato-coreana-1600w-compressore-embraco\/#breadcrumb"},"inLanguage":"it-IT","potentialAction":[{"@type":"ReadAction","target":["https:\/\/kengmingcn.com\/it\/product\/jmx1602-245kg-24h-macchina-per-gelato-coreana-1600w-compressore-embraco\/"]}]},{"@type":"ImageObject","inLanguage":"it-IT","@id":"https:\/\/kengmingcn.com\/it\/product\/jmx1602-245kg-24h-macchina-per-gelato-coreana-1600w-compressore-embraco\/#primaryimage","url":"https:\/\/kengmingcn.com\/wp-content\/uploads\/2025\/06\/JMX1602-1.jpg","contentUrl":"https:\/\/kengmingcn.com\/wp-content\/uploads\/2025\/06\/JMX1602-1.jpg","width":800,"height":800,"caption":"JMX1602B Snow ice cream machine"},{"@type":"BreadcrumbList","@id":"https:\/\/kengmingcn.com\/it\/product\/jmx1602-245kg-24h-macchina-per-gelato-coreana-1600w-compressore-embraco\/#breadcrumb","itemListElement":[{"@type":"ListItem","position":1,"name":"Home","item":"https:\/\/kengmingcn.com\/"},{"@type":"ListItem","position":2,"name":"Catalogue","item":"https:\/\/kengmingcn.com\/?page_id=27131"},{"@type":"ListItem","position":3,"name":"JMX1602 245KG\/24H korean ice cream machine 1600W Embraco Compressor"}]},{"@type":"WebSite","@id":"https:\/\/kengmingcn.com\/#website","url":"https:\/\/kengmingcn.com\/","name":"Attrezzature da cucina","description":"KengMing \u00e8 un produttore di attrezzature per cucine commerciali e un fornitore all'ingrosso che offre attrezzature per la cottura, la preparazione degli alimenti e la panificazione con servizio OEM e ODM per i distributori globali.","publisher":{"@id":"https:\/\/kengmingcn.com\/#organization"},"potentialAction":[{"@type":"SearchAction","target":{"@type":"EntryPoint","urlTemplate":"https:\/\/kengmingcn.com\/?s={search_term_string}"},"query-input":{"@type":"PropertyValueSpecification","valueRequired":true,"valueName":"search_term_string"}}],"inLanguage":"it-IT"},{"@type":"Organization","@id":"https:\/\/kengmingcn.com\/#organization","name":"GuangZhou KengMing","url":"https:\/\/kengmingcn.com\/","logo":{"@type":"ImageObject","inLanguage":"it-IT","@id":"https:\/\/kengmingcn.com\/#\/schema\/logo\/image\/","url":"https:\/\/kengmingcn.com\/wp-content\/uploads\/2025\/04\/cropped-1744508604969-removebg-preview.png","contentUrl":"https:\/\/kengmingcn.com\/wp-content\/uploads\/2025\/04\/cropped-1744508604969-removebg-preview.png","width":512,"height":512,"caption":"GuangZhou KengMing"},"image":{"@id":"https:\/\/kengmingcn.com\/#\/schema\/logo\/image\/"}}]},"product_price_amount":"0.00","product_price_currency":"USD","og_availability":"instock","product_availability":"instock","product_condition":"new"},"_links":{"self":[{"href":"https:\/\/kengmingcn.com\/it\/wp-json\/wp\/v2\/product\/51125","targetHints":{"allow":["GET"]}}],"collection":[{"href":"https:\/\/kengmingcn.com\/it\/wp-json\/wp\/v2\/product"}],"about":[{"href":"https:\/\/kengmingcn.com\/it\/wp-json\/wp\/v2\/types\/product"}],"replies":[{"embeddable":true,"href":"https:\/\/kengmingcn.com\/it\/wp-json\/wp\/v2\/comments?post=51125"}],"wp:featuredmedia":[{"embeddable":true,"href":"https:\/\/kengmingcn.com\/it\/wp-json\/wp\/v2\/media\/52602"}],"wp:attachment":[{"href":"https:\/\/kengmingcn.com\/it\/wp-json\/wp\/v2\/media?parent=51125"}],"wp:term":[{"taxonomy":"product_brand","embeddable":true,"href":"https:\/\/kengmingcn.com\/it\/wp-json\/wp\/v2\/product_brand?post=51125"},{"taxonomy":"product_cat","embeddable":true,"href":"https:\/\/kengmingcn.com\/it\/wp-json\/wp\/v2\/product_cat?post=51125"},{"taxonomy":"product_tag","embeddable":true,"href":"https:\/\/kengmingcn.com\/it\/wp-json\/wp\/v2\/product_tag?post=51125"}],"curies":[{"name":"wp","href":"https:\/\/api.w.org\/{rel}","templated":true}]}}