{"id":50854,"date":"2025-05-19T17:01:38","date_gmt":"2025-05-19T09:01:38","guid":{"rendered":"https:\/\/kengmingcn.com\/?post_type=product&#038;p=50854"},"modified":"2025-07-15T18:00:39","modified_gmt":"2025-07-15T10:00:39","slug":"sigillatrice-automatica-di-lattine-macchina-sigillatrice-intelligente-di-lattine-nere-qls-180b-180w-220v-50hz","status":"publish","type":"product","link":"https:\/\/kengmingcn.com\/it\/product\/sigillatrice-automatica-di-lattine-macchina-sigillatrice-intelligente-di-lattine-nere-qls-180b-180w-220v-50hz\/","title":{"rendered":"Macchina sigillante automatica per lattine in nero intelligente QLS-180B-180W-220V\/50Hz"},"content":{"rendered":"<div style=\"width: 640px;\" class=\"wp-video\"><!--[if lt IE 9]><script>document.createElement('video');<\/script><![endif]-->\n<video class=\"wp-video-shortcode\" id=\"video-50854-1\" width=\"640\" height=\"360\" preload=\"metadata\" controls=\"controls\"><source type=\"video\/mp4\" src=\"https:\/\/cdn-gzkm.b-cdn.net\/video\/Can%20Sealing%20Machine\/Can%20Sealing%20Machine.mp4?_=1\" \/><a href=\"https:\/\/cdn-gzkm.b-cdn.net\/video\/Can%20Sealing%20Machine\/Can%20Sealing%20Machine.mp4\">https:\/\/cdn-gzkm.b-cdn.net\/video\/Can%20Sealing%20Machine\/Can%20Sealing%20Machine.mp4<\/a><\/video><\/div>\n<p>La nostra sigillatrice di lattine semiautomatica \u00e8 una macchina progettata per chiudere le lattine in modo efficiente e affidabile, pensata per l'industria alimentare e delle bevande. Combina una tecnologia avanzata con un funzionamento semplice ed \u00e8 progettata per aumentare la produttivit\u00e0 e garantire la qualit\u00e0 del prodotto. La macchina \u00e8 adatta a un'ampia gamma di esigenze di sigillatura, come la chiusura di conserve alimentari, bevande e altri prodotti liquidi o semisolidi.<\/p>\n<p><img decoding=\"async\" class=\"alignnone size-full wp-image-50856\" src=\"http:\/\/kengmingcn.com\/wp-content\/uploads\/2025\/05\/Automatic-Can-Sealer-Intelligent-Black-Can-Sealing-Machine-1-1.webp\" alt=\"\" width=\"1060\" height=\"500\" srcset=\"https:\/\/kengmingcn.com\/wp-content\/uploads\/2025\/05\/Automatic-Can-Sealer-Intelligent-Black-Can-Sealing-Machine-1-1.webp 1060w, https:\/\/kengmingcn.com\/wp-content\/uploads\/2025\/05\/Automatic-Can-Sealer-Intelligent-Black-Can-Sealing-Machine-1-1-300x142.webp 300w, https:\/\/kengmingcn.com\/wp-content\/uploads\/2025\/05\/Automatic-Can-Sealer-Intelligent-Black-Can-Sealing-Machine-1-1-1024x483.webp 1024w, https:\/\/kengmingcn.com\/wp-content\/uploads\/2025\/05\/Automatic-Can-Sealer-Intelligent-Black-Can-Sealing-Machine-1-1-768x362.webp 768w\" sizes=\"(max-width: 1060px) 100vw, 1060px\" \/><\/p>\n<p>1. Funzionamento semplice: design semplice, funzionamento intuitivo, non \u00e8 necessario un addestramento complesso per iniziare a utilizzarlo.<br \/>\n2. Produzione efficiente: fornire una velocit\u00e0 di sigillatura veloce della lattina, migliorare efficacemente l'efficienza della produzione.<br \/>\n3. Applicazione multifunzionale: Adatto a diversi tipi e dimensioni di lattine e bottiglie, pu\u00f2 essere regolato in modo flessibile per soddisfare le varie esigenze di produzione.<br \/>\n4. Stabilit\u00e0 e affidabilit\u00e0: Il design strutturale durevole garantisce un funzionamento stabile per lungo tempo, riducendo i costi di manutenzione e i tempi di inattivit\u00e0.<br \/>\n5. Conformit\u00e0 agli standard igienici: Realizzato con materiali per uso alimentare, \u00e8 facile da pulire e da mantenere e soddisfa i requisiti di igiene e sicurezza.<\/p>\n<p><img decoding=\"async\" class=\"alignnone size-full wp-image-50857\" src=\"http:\/\/kengmingcn.com\/wp-content\/uploads\/2025\/05\/Automatic-Can-Sealer-Intelligent-Black-Can-Sealing-Machine-5.webp\" alt=\"Macchina sigillante automatica per barattoli di latta nera intelligente (5)\" width=\"1060\" height=\"500\" srcset=\"https:\/\/kengmingcn.com\/wp-content\/uploads\/2025\/05\/Automatic-Can-Sealer-Intelligent-Black-Can-Sealing-Machine-5.webp 1060w, https:\/\/kengmingcn.com\/wp-content\/uploads\/2025\/05\/Automatic-Can-Sealer-Intelligent-Black-Can-Sealing-Machine-5-300x142.webp 300w, https:\/\/kengmingcn.com\/wp-content\/uploads\/2025\/05\/Automatic-Can-Sealer-Intelligent-Black-Can-Sealing-Machine-5-1024x483.webp 1024w, https:\/\/kengmingcn.com\/wp-content\/uploads\/2025\/05\/Automatic-Can-Sealer-Intelligent-Black-Can-Sealing-Machine-5-768x362.webp 768w\" sizes=\"(max-width: 1060px) 100vw, 1060px\" \/> <img decoding=\"async\" class=\"alignnone size-full wp-image-50858\" src=\"http:\/\/kengmingcn.com\/wp-content\/uploads\/2025\/05\/Automatic-Can-Sealer-Intelligent-Black-Can-Sealing-Machine-3.webp\" alt=\"\" width=\"1060\" height=\"500\" srcset=\"https:\/\/kengmingcn.com\/wp-content\/uploads\/2025\/05\/Automatic-Can-Sealer-Intelligent-Black-Can-Sealing-Machine-3.webp 1060w, https:\/\/kengmingcn.com\/wp-content\/uploads\/2025\/05\/Automatic-Can-Sealer-Intelligent-Black-Can-Sealing-Machine-3-300x142.webp 300w, https:\/\/kengmingcn.com\/wp-content\/uploads\/2025\/05\/Automatic-Can-Sealer-Intelligent-Black-Can-Sealing-Machine-3-1024x483.webp 1024w, https:\/\/kengmingcn.com\/wp-content\/uploads\/2025\/05\/Automatic-Can-Sealer-Intelligent-Black-Can-Sealing-Machine-3-768x362.webp 768w\" sizes=\"(max-width: 1060px) 100vw, 1060px\" \/> <img decoding=\"async\" class=\"alignnone size-full wp-image-50859\" src=\"http:\/\/kengmingcn.com\/wp-content\/uploads\/2025\/05\/Automatic-Can-Sealer-Intelligent-Black-Can-Sealing-Machine-4.webp\" alt=\"\" width=\"1060\" height=\"500\" srcset=\"https:\/\/kengmingcn.com\/wp-content\/uploads\/2025\/05\/Automatic-Can-Sealer-Intelligent-Black-Can-Sealing-Machine-4.webp 1060w, https:\/\/kengmingcn.com\/wp-content\/uploads\/2025\/05\/Automatic-Can-Sealer-Intelligent-Black-Can-Sealing-Machine-4-300x142.webp 300w, https:\/\/kengmingcn.com\/wp-content\/uploads\/2025\/05\/Automatic-Can-Sealer-Intelligent-Black-Can-Sealing-Machine-4-1024x483.webp 1024w, https:\/\/kengmingcn.com\/wp-content\/uploads\/2025\/05\/Automatic-Can-Sealer-Intelligent-Black-Can-Sealing-Machine-4-768x362.webp 768w\" sizes=\"(max-width: 1060px) 100vw, 1060px\" \/><\/p>\n<p>1. Impianto di trasformazione alimentare<br \/>\nUso: si usa per sigillare i cibi in scatola per mantenerli freschi e sicuri.<br \/>\nEsempio: Utilizzare una sigillatrice semiautomatica per lattine nella linea di produzione di zuppe o marmellate in scatola per garantire la sigillatura e la qualit\u00e0 dei prodotti.<br \/>\n2. Fabbrica di bevande:<br \/>\nScopo: sigillare le bevande in scatola per evitare perdite e contaminazioni.<br \/>\nEsempio: Utilizzare una sigillatrice semiautomatica per chiudere bottiglie e lattine nel processo di produzione di succhi di frutta o bevande analcoliche.<br \/>\n3. Imprese di produzione su piccola scala:<br \/>\nScopo: \u00e8 adatto alla produzione su piccola e media scala per attivit\u00e0 di inscatolamento con requisiti di produzione ridotti.<br \/>\nEsempio: Per incapsulare salse casalinghe o bevande fatte in casa, facile da usare per le famiglie o le piccole imprese.<br \/>\n4. Impianto farmaceutico:<br \/>\nScopo: incapsulare l'inscatolamento farmaceutico per garantire la sicurezza e l'efficacia dei farmaci.<br \/>\nEsempio: Utilizzato per l'inscatolamento di medicinali in polvere o liquidi per mantenere la sterilit\u00e0 dei farmaci.<br \/>\n5. Impianto di trasformazione di prodotti agricoli:<br \/>\nScopo: Inscatolamento chiuso di prodotti agricoli per prolungare il periodo di conservazione.<br \/>\nEsempio: Utilizzato per l'inscatolamento di verdure o frutta per la conservazione e la vendita a lungo termine.<\/p>\n<p><img decoding=\"async\" class=\"alignnone size-full wp-image-50860\" src=\"http:\/\/kengmingcn.com\/wp-content\/uploads\/2025\/05\/Automatic-Can-Sealer-Intelligent-Black-Can-Sealing-Machine-2.webp\" alt=\"\" width=\"1060\" height=\"500\" srcset=\"https:\/\/kengmingcn.com\/wp-content\/uploads\/2025\/05\/Automatic-Can-Sealer-Intelligent-Black-Can-Sealing-Machine-2.webp 1060w, https:\/\/kengmingcn.com\/wp-content\/uploads\/2025\/05\/Automatic-Can-Sealer-Intelligent-Black-Can-Sealing-Machine-2-300x142.webp 300w, https:\/\/kengmingcn.com\/wp-content\/uploads\/2025\/05\/Automatic-Can-Sealer-Intelligent-Black-Can-Sealing-Machine-2-1024x483.webp 1024w, https:\/\/kengmingcn.com\/wp-content\/uploads\/2025\/05\/Automatic-Can-Sealer-Intelligent-Black-Can-Sealing-Machine-2-768x362.webp 768w\" sizes=\"(max-width: 1060px) 100vw, 1060px\" \/><\/p>\n<div id=\"1733389706824\" class=\"cke-navigation\" contenteditable=\"false\">\n<p>Parametri del prodotto<\/p>\n<\/div>\n<div class=\"rich-text-table\">\n<table>\n<colgroup>\n<col \/><\/colgroup>\n<tbody>\n<tr>\n<td colspan=\"2\">Modello<\/td>\n<td colspan=\"2\">Supporto Calibro<\/td>\n<td colspan=\"2\">Tensione (personalizzabile)<\/td>\n<td colspan=\"2\">interfaccia utente<\/td>\n<td colspan=\"2\">Peso<\/td>\n<td colspan=\"2\">Dimensione<\/td>\n<td colspan=\"2\">Capacit\u00e0 di supporto<\/td>\n<td colspan=\"2\">colore della carrozzeria<\/td>\n<\/tr>\n<tr>\n<td colspan=\"2\">QLS-180A<\/td>\n<td colspan=\"2\">55MM<\/td>\n<td colspan=\"2\">220V\/50Hz<\/td>\n<td colspan=\"2\">Pulsanti intelligenti<\/td>\n<td colspan=\"2\">17,2KG<\/td>\n<td colspan=\"2\">38*21*56CM<\/td>\n<td colspan=\"2\">Sono possibili molti tipi.<\/td>\n<td colspan=\"2\">bianco<\/td>\n<\/tr>\n<tr>\n<td colspan=\"2\">QLS-180B<\/td>\n<td colspan=\"2\">55MM<\/td>\n<td colspan=\"2\">220V\/50Hz<\/td>\n<td colspan=\"2\">Pulsanti intelligenti<\/td>\n<td colspan=\"2\">17,2KG<\/td>\n<td colspan=\"2\">38*21*56CM<\/td>\n<td colspan=\"2\">Sono possibili molti tipi.<\/td>\n<td colspan=\"2\">Nero<\/td>\n<\/tr>\n<\/tbody>\n<\/table>\n<\/div>","protected":false},"excerpt":{"rendered":"<ul>\n<li class=\"ai-optimize-27\">\n<div class=\"paragraph\"><strong class=\"\">Garanzia<\/strong>: Fornire accessori 1%<\/div>\n<\/li>\n<li class=\"ai-optimize-28\">\n<div class=\"paragraph\"><strong class=\"\">Punti di forza<\/strong>: Alta efficienza, semiautomatico<\/div>\n<\/li>\n<li class=\"ai-optimize-28\">\n<div class=\"paragraph\"><strong class=\"\">Dimensioni della confezione di cartone\/peso lordo<\/strong>: 45cm * 29cm * 61.5cm<\/div>\n<\/li>\n<li class=\"ai-optimize-28\">\n<div class=\"paragraph\"><strong class=\"\">Specifiche<\/strong>: 0,045metro cubo<\/div>\n<\/li>\n<li class=\"ai-optimize-28\">\n<div class=\"paragraph\"><strong>Industrie applicabili<\/strong>: Alberghi, Fabbrica di alimenti e bevande<\/p>\n<div class=\"paragraph\"><\/div>\n<\/div>\n<\/li>\n<\/ul>","protected":false},"featured_media":50861,"comment_status":"open","ping_status":"closed","template":"","meta":{"_acf_changed":false},"product_brand":[],"product_cat":[322,277],"product_tag":[],"class_list":{"0":"post-50854","1":"product","2":"type-product","3":"status-publish","4":"has-post-thumbnail","6":"product_cat-can-sealing-machine","7":"product_cat-food-processing-equipment","8":"description-off","10":"first","11":"instock","12":"shipping-taxable","13":"product-type-simple"},"acf":[],"yoast_head":"<!-- This site is optimized with the Yoast SEO Premium plugin v25.3 (Yoast SEO v26.3) - https:\/\/yoast.com\/wordpress\/plugins\/seo\/ -->\n<title>Automatic Can Sealer Intelligent Black Can Sealing Machine QLS-180B-180W-220V\/50Hz - KengMing | Manufacturer of Commercial Kitchen Equipment<\/title>\n<meta name=\"robots\" content=\"index, follow, max-snippet:-1, max-image-preview:large, max-video-preview:-1\" \/>\n<link rel=\"canonical\" href=\"https:\/\/kengmingcn.com\/it\/product\/sigillatrice-automatica-di-lattine-macchina-sigillatrice-intelligente-di-lattine-nere-qls-180b-180w-220v-50hz\/\" \/>\n<meta property=\"og:locale\" content=\"it_IT\" \/>\n<meta property=\"og:type\" content=\"article\" \/>\n<meta property=\"og:title\" content=\"Automatic Can Sealer Intelligent Black Can Sealing Machine QLS-180B-180W-220V\/50Hz\" \/>\n<meta property=\"og:description\" content=\"Warranty: Provide 1% Accessories   Key Selling Points: High Efficiency, Semi-Automatic   Carton Package Size\/Gross Weight: 45cm * 29cm * 61.5cm   Specification: 0.045cubic meter   Applicable Industries: Hotels, Manufacturing Food &amp; Beverage Factory\" \/>\n<meta property=\"og:url\" content=\"https:\/\/kengmingcn.com\/it\/product\/sigillatrice-automatica-di-lattine-macchina-sigillatrice-intelligente-di-lattine-nere-qls-180b-180w-220v-50hz\/\" \/>\n<meta property=\"og:site_name\" content=\"KengMing | Manufacturer of Commercial Kitchen Equipment\" \/>\n<meta property=\"article:modified_time\" content=\"2025-07-15T10:00:39+00:00\" \/>\n<meta property=\"og:image\" content=\"https:\/\/kengmingcn.com\/wp-content\/uploads\/2025\/05\/Black-Can-Sealing-Machine-2.webp\" \/>\n\t<meta property=\"og:image:width\" content=\"550\" \/>\n\t<meta property=\"og:image:height\" content=\"550\" \/>\n\t<meta property=\"og:image:type\" content=\"image\/webp\" \/>\n<meta name=\"twitter:card\" content=\"summary_large_image\" \/>\n<meta name=\"twitter:label1\" content=\"Prezzo\" \/>\n\t<meta name=\"twitter:data1\" content=\"\" \/>\n\t<meta name=\"twitter:label2\" content=\"Disponibilit\u00e0\" \/>\n\t<meta name=\"twitter:data2\" content=\"In stock\" \/>\n<script type=\"application\/ld+json\" class=\"yoast-schema-graph\">{\"@context\":\"https:\/\/schema.org\",\"@graph\":[{\"@type\":\"WebPage\",\"@id\":\"https:\/\/kengmingcn.com\/it\/product\/sigillatrice-automatica-di-lattine-macchina-sigillatrice-intelligente-di-lattine-nere-qls-180b-180w-220v-50hz\/\",\"url\":\"https:\/\/kengmingcn.com\/it\/product\/sigillatrice-automatica-di-lattine-macchina-sigillatrice-intelligente-di-lattine-nere-qls-180b-180w-220v-50hz\/\",\"name\":\"Automatic Can Sealer Intelligent Black Can Sealing Machine QLS-180B-180W-220V\/50Hz - KengMing | Manufacturer of Commercial Kitchen Equipment\",\"isPartOf\":{\"@id\":\"https:\/\/kengmingcn.com\/#website\"},\"primaryImageOfPage\":{\"@id\":\"https:\/\/kengmingcn.com\/it\/product\/sigillatrice-automatica-di-lattine-macchina-sigillatrice-intelligente-di-lattine-nere-qls-180b-180w-220v-50hz\/#primaryimage\"},\"image\":{\"@id\":\"https:\/\/kengmingcn.com\/it\/product\/sigillatrice-automatica-di-lattine-macchina-sigillatrice-intelligente-di-lattine-nere-qls-180b-180w-220v-50hz\/#primaryimage\"},\"thumbnailUrl\":\"https:\/\/kengmingcn.com\/wp-content\/uploads\/2025\/05\/Black-Can-Sealing-Machine-2.webp\",\"datePublished\":\"2025-05-19T09:01:38+00:00\",\"dateModified\":\"2025-07-15T10:00:39+00:00\",\"breadcrumb\":{\"@id\":\"https:\/\/kengmingcn.com\/it\/product\/sigillatrice-automatica-di-lattine-macchina-sigillatrice-intelligente-di-lattine-nere-qls-180b-180w-220v-50hz\/#breadcrumb\"},\"inLanguage\":\"it-IT\",\"potentialAction\":[{\"@type\":\"ReadAction\",\"target\":[\"https:\/\/kengmingcn.com\/it\/product\/sigillatrice-automatica-di-lattine-macchina-sigillatrice-intelligente-di-lattine-nere-qls-180b-180w-220v-50hz\/\"]}]},{\"@type\":\"ImageObject\",\"inLanguage\":\"it-IT\",\"@id\":\"https:\/\/kengmingcn.com\/it\/product\/sigillatrice-automatica-di-lattine-macchina-sigillatrice-intelligente-di-lattine-nere-qls-180b-180w-220v-50hz\/#primaryimage\",\"url\":\"https:\/\/kengmingcn.com\/wp-content\/uploads\/2025\/05\/Black-Can-Sealing-Machine-2.webp\",\"contentUrl\":\"https:\/\/kengmingcn.com\/wp-content\/uploads\/2025\/05\/Black-Can-Sealing-Machine-2.webp\",\"width\":550,\"height\":550},{\"@type\":\"BreadcrumbList\",\"@id\":\"https:\/\/kengmingcn.com\/it\/product\/sigillatrice-automatica-di-lattine-macchina-sigillatrice-intelligente-di-lattine-nere-qls-180b-180w-220v-50hz\/#breadcrumb\",\"itemListElement\":[{\"@type\":\"ListItem\",\"position\":1,\"name\":\"Home\",\"item\":\"https:\/\/kengmingcn.com\/\"},{\"@type\":\"ListItem\",\"position\":2,\"name\":\"Catalogue\",\"item\":\"https:\/\/kengmingcn.com\/?page_id=27131\"},{\"@type\":\"ListItem\",\"position\":3,\"name\":\"Automatic Can Sealer Intelligent Black Can Sealing Machine QLS-180B-180W-220V\/50Hz\"}]},{\"@type\":\"WebSite\",\"@id\":\"https:\/\/kengmingcn.com\/#website\",\"url\":\"https:\/\/kengmingcn.com\/\",\"name\":\"Kitchen Equipment\",\"description\":\"KengMing is a professional commercial kitchen equipment manufacturer and wholesale supplier, offering cooking, food prep and bakery equipment with OEM &amp; ODM service for global distributors.\",\"publisher\":{\"@id\":\"https:\/\/kengmingcn.com\/#organization\"},\"potentialAction\":[{\"@type\":\"SearchAction\",\"target\":{\"@type\":\"EntryPoint\",\"urlTemplate\":\"https:\/\/kengmingcn.com\/?s={search_term_string}\"},\"query-input\":{\"@type\":\"PropertyValueSpecification\",\"valueRequired\":true,\"valueName\":\"search_term_string\"}}],\"inLanguage\":\"it-IT\"},{\"@type\":\"Organization\",\"@id\":\"https:\/\/kengmingcn.com\/#organization\",\"name\":\"GuangZhou KengMing\",\"url\":\"https:\/\/kengmingcn.com\/\",\"logo\":{\"@type\":\"ImageObject\",\"inLanguage\":\"it-IT\",\"@id\":\"https:\/\/kengmingcn.com\/#\/schema\/logo\/image\/\",\"url\":\"https:\/\/kengmingcn.com\/wp-content\/uploads\/2025\/04\/cropped-1744508604969-removebg-preview.png\",\"contentUrl\":\"https:\/\/kengmingcn.com\/wp-content\/uploads\/2025\/04\/cropped-1744508604969-removebg-preview.png\",\"width\":512,\"height\":512,\"caption\":\"GuangZhou KengMing\"},\"image\":{\"@id\":\"https:\/\/kengmingcn.com\/#\/schema\/logo\/image\/\"}}]}<\/script>\n<meta property=\"product:price:amount\" content=\"0.00\" \/>\n<meta property=\"product:price:currency\" content=\"USD\" \/>\n<meta property=\"og:availability\" content=\"instock\" \/>\n<meta property=\"product:availability\" content=\"instock\" \/>\n<meta property=\"product:condition\" content=\"new\" \/>\n<!-- \/ Yoast SEO Premium plugin. -->","yoast_head_json":{"title":"Macchina sigillatrice automatica di lattine nera intelligente QLS-180B-180W-220V\/50Hz - KengMing | Produttore di attrezzature da cucina commerciali","robots":{"index":"index","follow":"follow","max-snippet":"max-snippet:-1","max-image-preview":"max-image-preview:large","max-video-preview":"max-video-preview:-1"},"canonical":"https:\/\/kengmingcn.com\/it\/product\/sigillatrice-automatica-di-lattine-macchina-sigillatrice-intelligente-di-lattine-nere-qls-180b-180w-220v-50hz\/","og_locale":"it_IT","og_type":"article","og_title":"Automatic Can Sealer Intelligent Black Can Sealing Machine QLS-180B-180W-220V\/50Hz","og_description":"Warranty: Provide 1% Accessories   Key Selling Points: High Efficiency, Semi-Automatic   Carton Package Size\/Gross Weight: 45cm * 29cm * 61.5cm   Specification: 0.045cubic meter   Applicable Industries: Hotels, Manufacturing Food &amp; Beverage Factory","og_url":"https:\/\/kengmingcn.com\/it\/product\/sigillatrice-automatica-di-lattine-macchina-sigillatrice-intelligente-di-lattine-nere-qls-180b-180w-220v-50hz\/","og_site_name":"KengMing | Manufacturer of Commercial Kitchen Equipment","article_modified_time":"2025-07-15T10:00:39+00:00","og_image":[{"width":550,"height":550,"url":"https:\/\/kengmingcn.com\/wp-content\/uploads\/2025\/05\/Black-Can-Sealing-Machine-2.webp","type":"image\/webp"}],"twitter_card":"summary_large_image","twitter_misc":{"Prezzo":"","Disponibilit\u00e0":"In stock"},"schema":{"@context":"https:\/\/schema.org","@graph":[{"@type":"WebPage","@id":"https:\/\/kengmingcn.com\/it\/product\/sigillatrice-automatica-di-lattine-macchina-sigillatrice-intelligente-di-lattine-nere-qls-180b-180w-220v-50hz\/","url":"https:\/\/kengmingcn.com\/it\/product\/sigillatrice-automatica-di-lattine-macchina-sigillatrice-intelligente-di-lattine-nere-qls-180b-180w-220v-50hz\/","name":"Macchina sigillatrice automatica di lattine nera intelligente QLS-180B-180W-220V\/50Hz - KengMing | Produttore di attrezzature da cucina commerciali","isPartOf":{"@id":"https:\/\/kengmingcn.com\/#website"},"primaryImageOfPage":{"@id":"https:\/\/kengmingcn.com\/it\/product\/sigillatrice-automatica-di-lattine-macchina-sigillatrice-intelligente-di-lattine-nere-qls-180b-180w-220v-50hz\/#primaryimage"},"image":{"@id":"https:\/\/kengmingcn.com\/it\/product\/sigillatrice-automatica-di-lattine-macchina-sigillatrice-intelligente-di-lattine-nere-qls-180b-180w-220v-50hz\/#primaryimage"},"thumbnailUrl":"https:\/\/kengmingcn.com\/wp-content\/uploads\/2025\/05\/Black-Can-Sealing-Machine-2.webp","datePublished":"2025-05-19T09:01:38+00:00","dateModified":"2025-07-15T10:00:39+00:00","breadcrumb":{"@id":"https:\/\/kengmingcn.com\/it\/product\/sigillatrice-automatica-di-lattine-macchina-sigillatrice-intelligente-di-lattine-nere-qls-180b-180w-220v-50hz\/#breadcrumb"},"inLanguage":"it-IT","potentialAction":[{"@type":"ReadAction","target":["https:\/\/kengmingcn.com\/it\/product\/sigillatrice-automatica-di-lattine-macchina-sigillatrice-intelligente-di-lattine-nere-qls-180b-180w-220v-50hz\/"]}]},{"@type":"ImageObject","inLanguage":"it-IT","@id":"https:\/\/kengmingcn.com\/it\/product\/sigillatrice-automatica-di-lattine-macchina-sigillatrice-intelligente-di-lattine-nere-qls-180b-180w-220v-50hz\/#primaryimage","url":"https:\/\/kengmingcn.com\/wp-content\/uploads\/2025\/05\/Black-Can-Sealing-Machine-2.webp","contentUrl":"https:\/\/kengmingcn.com\/wp-content\/uploads\/2025\/05\/Black-Can-Sealing-Machine-2.webp","width":550,"height":550},{"@type":"BreadcrumbList","@id":"https:\/\/kengmingcn.com\/it\/product\/sigillatrice-automatica-di-lattine-macchina-sigillatrice-intelligente-di-lattine-nere-qls-180b-180w-220v-50hz\/#breadcrumb","itemListElement":[{"@type":"ListItem","position":1,"name":"Home","item":"https:\/\/kengmingcn.com\/"},{"@type":"ListItem","position":2,"name":"Catalogue","item":"https:\/\/kengmingcn.com\/?page_id=27131"},{"@type":"ListItem","position":3,"name":"Automatic Can Sealer Intelligent Black Can Sealing Machine QLS-180B-180W-220V\/50Hz"}]},{"@type":"WebSite","@id":"https:\/\/kengmingcn.com\/#website","url":"https:\/\/kengmingcn.com\/","name":"Attrezzature da cucina","description":"KengMing is a professional commercial kitchen equipment manufacturer and wholesale supplier, offering cooking, food prep and bakery equipment with OEM &amp; ODM service for global distributors.","publisher":{"@id":"https:\/\/kengmingcn.com\/#organization"},"potentialAction":[{"@type":"SearchAction","target":{"@type":"EntryPoint","urlTemplate":"https:\/\/kengmingcn.com\/?s={search_term_string}"},"query-input":{"@type":"PropertyValueSpecification","valueRequired":true,"valueName":"search_term_string"}}],"inLanguage":"it-IT"},{"@type":"Organization","@id":"https:\/\/kengmingcn.com\/#organization","name":"GuangZhou KengMing","url":"https:\/\/kengmingcn.com\/","logo":{"@type":"ImageObject","inLanguage":"it-IT","@id":"https:\/\/kengmingcn.com\/#\/schema\/logo\/image\/","url":"https:\/\/kengmingcn.com\/wp-content\/uploads\/2025\/04\/cropped-1744508604969-removebg-preview.png","contentUrl":"https:\/\/kengmingcn.com\/wp-content\/uploads\/2025\/04\/cropped-1744508604969-removebg-preview.png","width":512,"height":512,"caption":"GuangZhou KengMing"},"image":{"@id":"https:\/\/kengmingcn.com\/#\/schema\/logo\/image\/"}}]},"product_price_amount":"0.00","product_price_currency":"USD","og_availability":"instock","product_availability":"instock","product_condition":"new"},"_links":{"self":[{"href":"https:\/\/kengmingcn.com\/it\/wp-json\/wp\/v2\/product\/50854","targetHints":{"allow":["GET"]}}],"collection":[{"href":"https:\/\/kengmingcn.com\/it\/wp-json\/wp\/v2\/product"}],"about":[{"href":"https:\/\/kengmingcn.com\/it\/wp-json\/wp\/v2\/types\/product"}],"replies":[{"embeddable":true,"href":"https:\/\/kengmingcn.com\/it\/wp-json\/wp\/v2\/comments?post=50854"}],"wp:featuredmedia":[{"embeddable":true,"href":"https:\/\/kengmingcn.com\/it\/wp-json\/wp\/v2\/media\/50861"}],"wp:attachment":[{"href":"https:\/\/kengmingcn.com\/it\/wp-json\/wp\/v2\/media?parent=50854"}],"wp:term":[{"taxonomy":"product_brand","embeddable":true,"href":"https:\/\/kengmingcn.com\/it\/wp-json\/wp\/v2\/product_brand?post=50854"},{"taxonomy":"product_cat","embeddable":true,"href":"https:\/\/kengmingcn.com\/it\/wp-json\/wp\/v2\/product_cat?post=50854"},{"taxonomy":"product_tag","embeddable":true,"href":"https:\/\/kengmingcn.com\/it\/wp-json\/wp\/v2\/product_tag?post=50854"}],"curies":[{"name":"wp","href":"https:\/\/api.w.org\/{rel}","templated":true}]}}