{"id":50741,"date":"2025-05-18T11:50:48","date_gmt":"2025-05-18T03:50:48","guid":{"rendered":"https:\/\/kengmingcn.com\/?post_type=product&#038;p=50741"},"modified":"2025-05-18T12:00:37","modified_gmt":"2025-05-18T04:00:37","slug":"affettaverdure-e-frutta-manuale-a-pressione-esterna-affetta-cipolla-patata-limone-pompelmo-prosciutto-affetta-frutta-da-cucina","status":"publish","type":"product","link":"https:\/\/kengmingcn.com\/it\/product\/affettaverdure-e-frutta-manuale-a-pressione-esterna-affetta-cipolla-patata-limone-pompelmo-prosciutto-affetta-frutta-da-cucina\/","title":{"rendered":"Affettatrice manuale di frutta e verdura a pressione esterna Cipolla Patata Limone Pompelmo Prosciutto Affettatrice di frutta da cucina"},"content":{"rendered":"<div style=\"width: 640px;\" class=\"wp-video\"><!--[if lt IE 9]><script>document.createElement('video');<\/script><![endif]-->\n<video class=\"wp-video-shortcode\" id=\"video-50741-1\" width=\"640\" height=\"360\" preload=\"metadata\" controls=\"controls\"><source type=\"video\/mp4\" src=\"https:\/\/cdn-gzkm.b-cdn.net\/video\/Kitchen%20Fruit%20Slicer%20video.mp4?_=1\" \/><a href=\"https:\/\/cdn-gzkm.b-cdn.net\/video\/Kitchen%20Fruit%20Slicer%20video.mp4\">https:\/\/cdn-gzkm.b-cdn.net\/video\/Kitchen%20Fruit%20Slicer%20video.mp4<\/a><\/video><\/div>\n<p>L'affettatrice manuale a pressione \u00e8 uno strumento che taglia gli ingredienti applicando una pressione. Di solito \u00e8 composta da una base, una lama da taglio regolabile e un dispositivo di applicazione della pressione. Per utilizzarla, gli ingredienti vengono posti su una superficie di taglio e spinti e tirati attraverso il dispositivo di applicazione della pressione, che preme gli ingredienti contro la lama per un taglio uniforme. I vantaggi di questo tipo di affettatrice sono che pu\u00f2 tagliare rapidamente grandi quantit\u00e0 di ingredienti e che lo spessore del taglio pu\u00f2 essere controllato regolando l'altezza della lama, rendendola adatta a trattare un'ampia gamma di tipi di ingredienti.<\/p>\n<p><img decoding=\"async\" class=\"alignnone size-full wp-image-50748\" src=\"http:\/\/kengmingcn.com\/wp-content\/uploads\/2025\/05\/Kitchen-Fruit-Slicer-7_11zon.webp\" alt=\"\" width=\"1060\" height=\"500\" srcset=\"https:\/\/kengmingcn.com\/wp-content\/uploads\/2025\/05\/Kitchen-Fruit-Slicer-7_11zon.webp 1060w, https:\/\/kengmingcn.com\/wp-content\/uploads\/2025\/05\/Kitchen-Fruit-Slicer-7_11zon-300x142.webp 300w, https:\/\/kengmingcn.com\/wp-content\/uploads\/2025\/05\/Kitchen-Fruit-Slicer-7_11zon-1024x483.webp 1024w, https:\/\/kengmingcn.com\/wp-content\/uploads\/2025\/05\/Kitchen-Fruit-Slicer-7_11zon-768x362.webp 768w\" sizes=\"(max-width: 1060px) 100vw, 1060px\" \/><\/p>\n<p>1.Lama regolabile: L'altezza regolabile della lama consente agli utenti di controllare lo spessore del taglio.<br \/>\n2. Taglio efficiente: Il dispositivo di applicazione della pressione aiuta ad applicare la forza in modo uniforme e a tagliare rapidamente gli ingredienti.<br \/>\n3.Facile da usare: Non richiede elettricit\u00e0, \u00e8 adatto a cucine domestiche e commerciali.<br \/>\n4.Design sicuro: Dotato di base antiscivolo e di protezioni per le mani per garantire stabilit\u00e0 e sicurezza durante l'uso.<br \/>\n5.Materiale durevole: Realizzato in acciaio inossidabile combinato con plastica ad alta resistenza, resistente e facile da pulire.<\/p>\n<p><img decoding=\"async\" class=\"alignnone size-full wp-image-50749\" src=\"http:\/\/kengmingcn.com\/wp-content\/uploads\/2025\/05\/Kitchen-Fruit-Slicer-2_11zon.webp\" alt=\"\" width=\"1060\" height=\"500\" srcset=\"https:\/\/kengmingcn.com\/wp-content\/uploads\/2025\/05\/Kitchen-Fruit-Slicer-2_11zon.webp 1060w, https:\/\/kengmingcn.com\/wp-content\/uploads\/2025\/05\/Kitchen-Fruit-Slicer-2_11zon-300x142.webp 300w, https:\/\/kengmingcn.com\/wp-content\/uploads\/2025\/05\/Kitchen-Fruit-Slicer-2_11zon-1024x483.webp 1024w, https:\/\/kengmingcn.com\/wp-content\/uploads\/2025\/05\/Kitchen-Fruit-Slicer-2_11zon-768x362.webp 768w\" sizes=\"(max-width: 1060px) 100vw, 1060px\" \/> \u00a0<img decoding=\"async\" class=\"alignnone size-full wp-image-50751\" src=\"http:\/\/kengmingcn.com\/wp-content\/uploads\/2025\/05\/Kitchen-Fruit-Slicer-6_11zon.webp\" alt=\"\" width=\"1060\" height=\"500\" srcset=\"https:\/\/kengmingcn.com\/wp-content\/uploads\/2025\/05\/Kitchen-Fruit-Slicer-6_11zon.webp 1060w, https:\/\/kengmingcn.com\/wp-content\/uploads\/2025\/05\/Kitchen-Fruit-Slicer-6_11zon-300x142.webp 300w, https:\/\/kengmingcn.com\/wp-content\/uploads\/2025\/05\/Kitchen-Fruit-Slicer-6_11zon-1024x483.webp 1024w, https:\/\/kengmingcn.com\/wp-content\/uploads\/2025\/05\/Kitchen-Fruit-Slicer-6_11zon-768x362.webp 768w\" sizes=\"(max-width: 1060px) 100vw, 1060px\" \/><img decoding=\"async\" class=\"alignnone size-full wp-image-50752\" src=\"http:\/\/kengmingcn.com\/wp-content\/uploads\/2025\/05\/Kitchen-Fruit-Slicer-1_11zon.webp\" alt=\"\" width=\"1060\" height=\"500\" srcset=\"https:\/\/kengmingcn.com\/wp-content\/uploads\/2025\/05\/Kitchen-Fruit-Slicer-1_11zon.webp 1060w, https:\/\/kengmingcn.com\/wp-content\/uploads\/2025\/05\/Kitchen-Fruit-Slicer-1_11zon-300x142.webp 300w, https:\/\/kengmingcn.com\/wp-content\/uploads\/2025\/05\/Kitchen-Fruit-Slicer-1_11zon-1024x483.webp 1024w, https:\/\/kengmingcn.com\/wp-content\/uploads\/2025\/05\/Kitchen-Fruit-Slicer-1_11zon-768x362.webp 768w\" sizes=\"(max-width: 1060px) 100vw, 1060px\" \/><img decoding=\"async\" class=\"alignnone size-full wp-image-50750\" src=\"http:\/\/kengmingcn.com\/wp-content\/uploads\/2025\/05\/Kitchen-Fruit-Slicer-5_11zon.webp\" alt=\"\" width=\"1060\" height=\"500\" srcset=\"https:\/\/kengmingcn.com\/wp-content\/uploads\/2025\/05\/Kitchen-Fruit-Slicer-5_11zon.webp 1060w, https:\/\/kengmingcn.com\/wp-content\/uploads\/2025\/05\/Kitchen-Fruit-Slicer-5_11zon-300x142.webp 300w, https:\/\/kengmingcn.com\/wp-content\/uploads\/2025\/05\/Kitchen-Fruit-Slicer-5_11zon-1024x483.webp 1024w, https:\/\/kengmingcn.com\/wp-content\/uploads\/2025\/05\/Kitchen-Fruit-Slicer-5_11zon-768x362.webp 768w\" sizes=\"(max-width: 1060px) 100vw, 1060px\" \/><\/p>\n<p>1.Cucina commerciale:<br \/>\nUso: per migliorare l'efficienza della manipolazione degli ingredienti e ridurre i costi di manodopera.<br \/>\nEsempio: Nei ristoranti, l'uso di affettatrici per tagliare rapidamente grandi quantit\u00e0 di verdura e frutta garantisce un servizio efficiente e riduce i tempi di attesa.<br \/>\n2.Latte Tea Shop:<br \/>\nUtilizzo: Preparazione efficiente di vari ingredienti tagliati necessari per il t\u00e8 al latte, garantendo la qualit\u00e0 e la consistenza del prodotto.<br \/>\nEsempio: Tagliare la frutta fresca (ad esempio, fragole e mango) per utilizzarla nel t\u00e8 al latte assicura che ogni tazza di t\u00e8 al latte abbia un sapore costante e possa soddisfare rapidamente le esigenze dei clienti.<br \/>\n3.Impianto di trasformazione alimentare:<br \/>\nUtilizzo: Migliorare l'efficienza della lavorazione degli ingredienti nella produzione di massa.<br \/>\nEsempio: Taglio di grandi quantit\u00e0 di ingredienti (ad es. fagioli rossi, taro) per soddisfare le richieste della linea di produzione durante il processo produttivo, riducendo i tempi di lavorazione e aumentando la capacit\u00e0 produttiva.<br \/>\n4.Cucina di casa:<br \/>\nScopo: semplificare il processo di preparazione degli ingredienti nella cucina di casa.<br \/>\nEsempio: Risparmiate tempo e manodopera usando l'affettatrice per tagliare patate e carote per preparare grandi porzioni di verdure saltate in padella o arrostite durante le riunioni di famiglia.<\/p>\n<p><img decoding=\"async\" class=\"alignnone size-full wp-image-50754\" src=\"http:\/\/kengmingcn.com\/wp-content\/uploads\/2025\/05\/Kitchen-Fruit-Slicer-4_11zon.webp\" alt=\"\" width=\"1060\" height=\"500\" srcset=\"https:\/\/kengmingcn.com\/wp-content\/uploads\/2025\/05\/Kitchen-Fruit-Slicer-4_11zon.webp 1060w, https:\/\/kengmingcn.com\/wp-content\/uploads\/2025\/05\/Kitchen-Fruit-Slicer-4_11zon-300x142.webp 300w, https:\/\/kengmingcn.com\/wp-content\/uploads\/2025\/05\/Kitchen-Fruit-Slicer-4_11zon-1024x483.webp 1024w, https:\/\/kengmingcn.com\/wp-content\/uploads\/2025\/05\/Kitchen-Fruit-Slicer-4_11zon-768x362.webp 768w\" sizes=\"(max-width: 1060px) 100vw, 1060px\" \/><img decoding=\"async\" class=\"alignnone size-full wp-image-50753\" src=\"http:\/\/kengmingcn.com\/wp-content\/uploads\/2025\/05\/Kitchen-Fruit-Slicer-3_11zon.webp\" alt=\"\" width=\"1060\" height=\"500\" srcset=\"https:\/\/kengmingcn.com\/wp-content\/uploads\/2025\/05\/Kitchen-Fruit-Slicer-3_11zon.webp 1060w, https:\/\/kengmingcn.com\/wp-content\/uploads\/2025\/05\/Kitchen-Fruit-Slicer-3_11zon-300x142.webp 300w, https:\/\/kengmingcn.com\/wp-content\/uploads\/2025\/05\/Kitchen-Fruit-Slicer-3_11zon-1024x483.webp 1024w, https:\/\/kengmingcn.com\/wp-content\/uploads\/2025\/05\/Kitchen-Fruit-Slicer-3_11zon-768x362.webp 768w\" sizes=\"(max-width: 1060px) 100vw, 1060px\" \/><\/p>\n<div id=\"1724923150471\" class=\"cke-navigation\" contenteditable=\"false\">Parametri del prodotto<\/div>\n<div class=\"rich-text-table\">\n<table>\n<colgroup>\n<col \/>\n<col \/>\n<col \/>\n<col \/>\n<col \/>\n<col \/><\/colgroup>\n<tbody>\n<tr>\n<td colspan=\"2\">Modello<\/td>\n<td colspan=\"2\">Materiali tagliabili<\/td>\n<td colspan=\"2\">Regolazione dello spessore di affettatura<\/td>\n<td colspan=\"2\">Dimensione del metallo nudo<\/td>\n<td colspan=\"2\">peso netto<\/td>\n<td colspan=\"2\">Materiale principale<\/td>\n<td colspan=\"2\">metodo operativo<\/td>\n<\/tr>\n<tr>\n<td colspan=\"2\">DBS-139<\/td>\n<td colspan=\"2\">Limone\/pompelmo\/cetriolo\/pane\/patate\/frutta\/verdura<\/td>\n<td colspan=\"2\">0-15<\/td>\n<td colspan=\"2\">41*17*22CM<\/td>\n<td colspan=\"2\">1,25KG<\/td>\n<td colspan=\"2\">parte in plastica<\/td>\n<td colspan=\"2\">bottiglia push-pull<\/td>\n<\/tr>\n<\/tbody>\n<\/table>\n<\/div>","protected":false},"excerpt":{"rendered":"<p>Un modo pi\u00f9 sicuro e comodo per maneggiare la frutta.<\/p>","protected":false},"featured_media":50755,"comment_status":"open","ping_status":"closed","template":"","meta":{"_acf_changed":false},"product_brand":[],"product_cat":[277,321],"product_tag":[],"class_list":{"0":"post-50741","1":"product","2":"type-product","3":"status-publish","4":"has-post-thumbnail","6":"product_cat-food-processing-equipment","7":"product_cat-fruit-and-vegetable-slicer","8":"description-off","10":"first","11":"instock","12":"shipping-taxable","13":"product-type-simple"},"acf":[],"yoast_head":"<!-- This site is optimized with the Yoast SEO Premium plugin v25.3 (Yoast SEO v26.3) - https:\/\/yoast.com\/wordpress\/plugins\/seo\/ -->\n<title>External Pressure Manual Vegetable and Fruit Slicer Onion Potato Lemon Grapefruit Ham Kitchen Fruit Slicer - KengMing | Manufacturer of Commercial Kitchen Equipment<\/title>\n<meta name=\"robots\" content=\"index, follow, max-snippet:-1, max-image-preview:large, max-video-preview:-1\" \/>\n<link rel=\"canonical\" href=\"https:\/\/kengmingcn.com\/it\/product\/affettaverdure-e-frutta-manuale-a-pressione-esterna-affetta-cipolla-patata-limone-pompelmo-prosciutto-affetta-frutta-da-cucina\/\" \/>\n<meta property=\"og:locale\" content=\"it_IT\" \/>\n<meta property=\"og:type\" content=\"article\" \/>\n<meta property=\"og:title\" content=\"External Pressure Manual Vegetable and Fruit Slicer Onion Potato Lemon Grapefruit Ham Kitchen Fruit Slicer\" \/>\n<meta property=\"og:description\" content=\"Safer and more convenient way to handle your fruits.\" \/>\n<meta property=\"og:url\" content=\"https:\/\/kengmingcn.com\/it\/product\/affettaverdure-e-frutta-manuale-a-pressione-esterna-affetta-cipolla-patata-limone-pompelmo-prosciutto-affetta-frutta-da-cucina\/\" \/>\n<meta property=\"og:site_name\" content=\"KengMing | Manufacturer of Commercial Kitchen Equipment\" \/>\n<meta property=\"article:modified_time\" content=\"2025-05-18T04:00:37+00:00\" \/>\n<meta property=\"og:image\" content=\"https:\/\/kengmingcn.com\/wp-content\/uploads\/2025\/05\/Kitchen-Fruit-Slicer-1_11zon-1.webp\" \/>\n\t<meta property=\"og:image:width\" content=\"550\" \/>\n\t<meta property=\"og:image:height\" content=\"550\" \/>\n\t<meta property=\"og:image:type\" content=\"image\/webp\" \/>\n<meta name=\"twitter:card\" content=\"summary_large_image\" \/>\n<meta name=\"twitter:label1\" content=\"Prezzo\" \/>\n\t<meta name=\"twitter:data1\" content=\"\" \/>\n\t<meta name=\"twitter:label2\" content=\"Disponibilit\u00e0\" \/>\n\t<meta name=\"twitter:data2\" content=\"In stock\" \/>\n<script type=\"application\/ld+json\" class=\"yoast-schema-graph\">{\"@context\":\"https:\/\/schema.org\",\"@graph\":[{\"@type\":\"WebPage\",\"@id\":\"https:\/\/kengmingcn.com\/es\/product\/cortadora-de-verduras-y-frutas-manual-de-presion-externa-cebolla-patata-limon-pomelo-jamon-cortadora-de-frutas-de-cocina\/\",\"url\":\"https:\/\/kengmingcn.com\/es\/product\/cortadora-de-verduras-y-frutas-manual-de-presion-externa-cebolla-patata-limon-pomelo-jamon-cortadora-de-frutas-de-cocina\/\",\"name\":\"External Pressure Manual Vegetable and Fruit Slicer Onion Potato Lemon Grapefruit Ham Kitchen Fruit Slicer - KengMing | Manufacturer of Commercial Kitchen Equipment\",\"isPartOf\":{\"@id\":\"https:\/\/kengmingcn.com\/#website\"},\"primaryImageOfPage\":{\"@id\":\"https:\/\/kengmingcn.com\/es\/product\/cortadora-de-verduras-y-frutas-manual-de-presion-externa-cebolla-patata-limon-pomelo-jamon-cortadora-de-frutas-de-cocina\/#primaryimage\"},\"image\":{\"@id\":\"https:\/\/kengmingcn.com\/es\/product\/cortadora-de-verduras-y-frutas-manual-de-presion-externa-cebolla-patata-limon-pomelo-jamon-cortadora-de-frutas-de-cocina\/#primaryimage\"},\"thumbnailUrl\":\"https:\/\/kengmingcn.com\/wp-content\/uploads\/2025\/05\/Kitchen-Fruit-Slicer-1_11zon-1.webp\",\"datePublished\":\"2025-05-18T03:50:48+00:00\",\"dateModified\":\"2025-05-18T04:00:37+00:00\",\"breadcrumb\":{\"@id\":\"https:\/\/kengmingcn.com\/es\/product\/cortadora-de-verduras-y-frutas-manual-de-presion-externa-cebolla-patata-limon-pomelo-jamon-cortadora-de-frutas-de-cocina\/#breadcrumb\"},\"inLanguage\":\"it-IT\",\"potentialAction\":[{\"@type\":\"ReadAction\",\"target\":[\"https:\/\/kengmingcn.com\/es\/product\/cortadora-de-verduras-y-frutas-manual-de-presion-externa-cebolla-patata-limon-pomelo-jamon-cortadora-de-frutas-de-cocina\/\"]}]},{\"@type\":\"ImageObject\",\"inLanguage\":\"it-IT\",\"@id\":\"https:\/\/kengmingcn.com\/es\/product\/cortadora-de-verduras-y-frutas-manual-de-presion-externa-cebolla-patata-limon-pomelo-jamon-cortadora-de-frutas-de-cocina\/#primaryimage\",\"url\":\"https:\/\/kengmingcn.com\/wp-content\/uploads\/2025\/05\/Kitchen-Fruit-Slicer-1_11zon-1.webp\",\"contentUrl\":\"https:\/\/kengmingcn.com\/wp-content\/uploads\/2025\/05\/Kitchen-Fruit-Slicer-1_11zon-1.webp\",\"width\":550,\"height\":550},{\"@type\":\"BreadcrumbList\",\"@id\":\"https:\/\/kengmingcn.com\/es\/product\/cortadora-de-verduras-y-frutas-manual-de-presion-externa-cebolla-patata-limon-pomelo-jamon-cortadora-de-frutas-de-cocina\/#breadcrumb\",\"itemListElement\":[{\"@type\":\"ListItem\",\"position\":1,\"name\":\"Home\",\"item\":\"https:\/\/kengmingcn.com\/\"},{\"@type\":\"ListItem\",\"position\":2,\"name\":\"Catalogue\",\"item\":\"https:\/\/kengmingcn.com\/?page_id=27131\"},{\"@type\":\"ListItem\",\"position\":3,\"name\":\"External Pressure Manual Vegetable and Fruit Slicer Onion Potato Lemon Grapefruit Ham Kitchen Fruit Slicer\"}]},{\"@type\":\"WebSite\",\"@id\":\"https:\/\/kengmingcn.com\/#website\",\"url\":\"https:\/\/kengmingcn.com\/\",\"name\":\"Kitchen Equipment\",\"description\":\"KengMing is a professional commercial kitchen equipment manufacturer and wholesale supplier, offering cooking, food prep and bakery equipment with OEM &amp; ODM service for global distributors.\",\"publisher\":{\"@id\":\"https:\/\/kengmingcn.com\/#organization\"},\"potentialAction\":[{\"@type\":\"SearchAction\",\"target\":{\"@type\":\"EntryPoint\",\"urlTemplate\":\"https:\/\/kengmingcn.com\/?s={search_term_string}\"},\"query-input\":{\"@type\":\"PropertyValueSpecification\",\"valueRequired\":true,\"valueName\":\"search_term_string\"}}],\"inLanguage\":\"it-IT\"},{\"@type\":\"Organization\",\"@id\":\"https:\/\/kengmingcn.com\/#organization\",\"name\":\"GuangZhou KengMing\",\"url\":\"https:\/\/kengmingcn.com\/\",\"logo\":{\"@type\":\"ImageObject\",\"inLanguage\":\"it-IT\",\"@id\":\"https:\/\/kengmingcn.com\/#\/schema\/logo\/image\/\",\"url\":\"https:\/\/kengmingcn.com\/wp-content\/uploads\/2025\/04\/cropped-1744508604969-removebg-preview.png\",\"contentUrl\":\"https:\/\/kengmingcn.com\/wp-content\/uploads\/2025\/04\/cropped-1744508604969-removebg-preview.png\",\"width\":512,\"height\":512,\"caption\":\"GuangZhou KengMing\"},\"image\":{\"@id\":\"https:\/\/kengmingcn.com\/#\/schema\/logo\/image\/\"}}]}<\/script>\n<meta property=\"product:price:amount\" content=\"0.00\" \/>\n<meta property=\"product:price:currency\" content=\"USD\" \/>\n<meta property=\"og:availability\" content=\"instock\" \/>\n<meta property=\"product:availability\" content=\"instock\" \/>\n<meta property=\"product:condition\" content=\"new\" \/>\n<!-- \/ Yoast SEO Premium plugin. -->","yoast_head_json":{"title":"Affettatrice manuale a pressione esterna per verdure e frutta Cipolla Patata Limone Pompelmo Prosciutto Affettatrice per frutta da cucina - KengMing | Produttore di attrezzature da cucina commerciali","robots":{"index":"index","follow":"follow","max-snippet":"max-snippet:-1","max-image-preview":"max-image-preview:large","max-video-preview":"max-video-preview:-1"},"canonical":"https:\/\/kengmingcn.com\/it\/product\/affettaverdure-e-frutta-manuale-a-pressione-esterna-affetta-cipolla-patata-limone-pompelmo-prosciutto-affetta-frutta-da-cucina\/","og_locale":"it_IT","og_type":"article","og_title":"External Pressure Manual Vegetable and Fruit Slicer Onion Potato Lemon Grapefruit Ham Kitchen Fruit Slicer","og_description":"Safer and more convenient way to handle your fruits.","og_url":"https:\/\/kengmingcn.com\/it\/product\/affettaverdure-e-frutta-manuale-a-pressione-esterna-affetta-cipolla-patata-limone-pompelmo-prosciutto-affetta-frutta-da-cucina\/","og_site_name":"KengMing | Manufacturer of Commercial Kitchen Equipment","article_modified_time":"2025-05-18T04:00:37+00:00","og_image":[{"width":550,"height":550,"url":"https:\/\/kengmingcn.com\/wp-content\/uploads\/2025\/05\/Kitchen-Fruit-Slicer-1_11zon-1.webp","type":"image\/webp"}],"twitter_card":"summary_large_image","twitter_misc":{"Prezzo":"","Disponibilit\u00e0":"In stock"},"schema":{"@context":"https:\/\/schema.org","@graph":[{"@type":"WebPage","@id":"https:\/\/kengmingcn.com\/es\/product\/cortadora-de-verduras-y-frutas-manual-de-presion-externa-cebolla-patata-limon-pomelo-jamon-cortadora-de-frutas-de-cocina\/","url":"https:\/\/kengmingcn.com\/es\/product\/cortadora-de-verduras-y-frutas-manual-de-presion-externa-cebolla-patata-limon-pomelo-jamon-cortadora-de-frutas-de-cocina\/","name":"Affettatrice manuale a pressione esterna per verdure e frutta Cipolla Patata Limone Pompelmo Prosciutto Affettatrice per frutta da cucina - KengMing | Produttore di attrezzature da cucina commerciali","isPartOf":{"@id":"https:\/\/kengmingcn.com\/#website"},"primaryImageOfPage":{"@id":"https:\/\/kengmingcn.com\/es\/product\/cortadora-de-verduras-y-frutas-manual-de-presion-externa-cebolla-patata-limon-pomelo-jamon-cortadora-de-frutas-de-cocina\/#primaryimage"},"image":{"@id":"https:\/\/kengmingcn.com\/es\/product\/cortadora-de-verduras-y-frutas-manual-de-presion-externa-cebolla-patata-limon-pomelo-jamon-cortadora-de-frutas-de-cocina\/#primaryimage"},"thumbnailUrl":"https:\/\/kengmingcn.com\/wp-content\/uploads\/2025\/05\/Kitchen-Fruit-Slicer-1_11zon-1.webp","datePublished":"2025-05-18T03:50:48+00:00","dateModified":"2025-05-18T04:00:37+00:00","breadcrumb":{"@id":"https:\/\/kengmingcn.com\/es\/product\/cortadora-de-verduras-y-frutas-manual-de-presion-externa-cebolla-patata-limon-pomelo-jamon-cortadora-de-frutas-de-cocina\/#breadcrumb"},"inLanguage":"it-IT","potentialAction":[{"@type":"ReadAction","target":["https:\/\/kengmingcn.com\/es\/product\/cortadora-de-verduras-y-frutas-manual-de-presion-externa-cebolla-patata-limon-pomelo-jamon-cortadora-de-frutas-de-cocina\/"]}]},{"@type":"ImageObject","inLanguage":"it-IT","@id":"https:\/\/kengmingcn.com\/es\/product\/cortadora-de-verduras-y-frutas-manual-de-presion-externa-cebolla-patata-limon-pomelo-jamon-cortadora-de-frutas-de-cocina\/#primaryimage","url":"https:\/\/kengmingcn.com\/wp-content\/uploads\/2025\/05\/Kitchen-Fruit-Slicer-1_11zon-1.webp","contentUrl":"https:\/\/kengmingcn.com\/wp-content\/uploads\/2025\/05\/Kitchen-Fruit-Slicer-1_11zon-1.webp","width":550,"height":550},{"@type":"BreadcrumbList","@id":"https:\/\/kengmingcn.com\/es\/product\/cortadora-de-verduras-y-frutas-manual-de-presion-externa-cebolla-patata-limon-pomelo-jamon-cortadora-de-frutas-de-cocina\/#breadcrumb","itemListElement":[{"@type":"ListItem","position":1,"name":"Home","item":"https:\/\/kengmingcn.com\/"},{"@type":"ListItem","position":2,"name":"Catalogue","item":"https:\/\/kengmingcn.com\/?page_id=27131"},{"@type":"ListItem","position":3,"name":"External Pressure Manual Vegetable and Fruit Slicer Onion Potato Lemon Grapefruit Ham Kitchen Fruit Slicer"}]},{"@type":"WebSite","@id":"https:\/\/kengmingcn.com\/#website","url":"https:\/\/kengmingcn.com\/","name":"Attrezzature da cucina","description":"KengMing \u00e8 un produttore di attrezzature per cucine commerciali e un fornitore all'ingrosso che offre attrezzature per la cottura, la preparazione degli alimenti e la panificazione con servizio OEM e ODM per i distributori globali.","publisher":{"@id":"https:\/\/kengmingcn.com\/#organization"},"potentialAction":[{"@type":"SearchAction","target":{"@type":"EntryPoint","urlTemplate":"https:\/\/kengmingcn.com\/?s={search_term_string}"},"query-input":{"@type":"PropertyValueSpecification","valueRequired":true,"valueName":"search_term_string"}}],"inLanguage":"it-IT"},{"@type":"Organization","@id":"https:\/\/kengmingcn.com\/#organization","name":"GuangZhou KengMing","url":"https:\/\/kengmingcn.com\/","logo":{"@type":"ImageObject","inLanguage":"it-IT","@id":"https:\/\/kengmingcn.com\/#\/schema\/logo\/image\/","url":"https:\/\/kengmingcn.com\/wp-content\/uploads\/2025\/04\/cropped-1744508604969-removebg-preview.png","contentUrl":"https:\/\/kengmingcn.com\/wp-content\/uploads\/2025\/04\/cropped-1744508604969-removebg-preview.png","width":512,"height":512,"caption":"GuangZhou KengMing"},"image":{"@id":"https:\/\/kengmingcn.com\/#\/schema\/logo\/image\/"}}]},"product_price_amount":"0.00","product_price_currency":"USD","og_availability":"instock","product_availability":"instock","product_condition":"new"},"_links":{"self":[{"href":"https:\/\/kengmingcn.com\/it\/wp-json\/wp\/v2\/product\/50741","targetHints":{"allow":["GET"]}}],"collection":[{"href":"https:\/\/kengmingcn.com\/it\/wp-json\/wp\/v2\/product"}],"about":[{"href":"https:\/\/kengmingcn.com\/it\/wp-json\/wp\/v2\/types\/product"}],"replies":[{"embeddable":true,"href":"https:\/\/kengmingcn.com\/it\/wp-json\/wp\/v2\/comments?post=50741"}],"wp:featuredmedia":[{"embeddable":true,"href":"https:\/\/kengmingcn.com\/it\/wp-json\/wp\/v2\/media\/50755"}],"wp:attachment":[{"href":"https:\/\/kengmingcn.com\/it\/wp-json\/wp\/v2\/media?parent=50741"}],"wp:term":[{"taxonomy":"product_brand","embeddable":true,"href":"https:\/\/kengmingcn.com\/it\/wp-json\/wp\/v2\/product_brand?post=50741"},{"taxonomy":"product_cat","embeddable":true,"href":"https:\/\/kengmingcn.com\/it\/wp-json\/wp\/v2\/product_cat?post=50741"},{"taxonomy":"product_tag","embeddable":true,"href":"https:\/\/kengmingcn.com\/it\/wp-json\/wp\/v2\/product_tag?post=50741"}],"curies":[{"name":"wp","href":"https:\/\/api.w.org\/{rel}","templated":true}]}}