{"id":50464,"date":"2025-05-08T19:43:07","date_gmt":"2025-05-08T11:43:07","guid":{"rendered":"https:\/\/kengmingcn.com\/?post_type=product&#038;p=50464"},"modified":"2025-12-29T17:33:56","modified_gmt":"2025-12-29T09:33:56","slug":"macchina-del-ghiaccio-a-blocchi-20kg-24h-320w","status":"publish","type":"product","link":"https:\/\/kengmingcn.com\/it\/product\/macchina-del-ghiaccio-a-blocchi-20kg-24h-320w\/","title":{"rendered":"20kg\/24H Macchina del ghiaccio a blocchi 320w, certificato CE whit"},"content":{"rendered":"<h2 class=\"wp-block-heading\" id=\"h-description\">Descrizione<\/h2>\n\n\n\n<p>Il <strong>Fabbricatore di ghiaccio automatico commerciale in piedi<\/strong> fornisce cubetti di ghiaccio cristallino e di alta qualit\u00e0 in modo efficiente sia per l'uso professionale che domestico. Con un design compatto e una capacit\u00e0 di produzione di <strong>20 kg per 24 ore<\/strong>, Il sistema di drenaggio a sifone brevettato impedisce l'accumulo di calcare, mantenendo ogni cubetto di ghiaccio immacolato e migliorando l'esperienza del bere con bevande fresche e pulite. Il suo sistema di drenaggio a sifone brevettato impedisce l'accumulo di calcare, mantenendo ogni cubetto di ghiaccio immacolato e migliorando l'esperienza del bere con ghiaccio rinfrescante, croccante e pulito.<\/p>\n\n\n\n<div style=\"height:30px\" aria-hidden=\"true\" class=\"wp-block-spacer\"><\/div>\n\n\n\n<figure class=\"wp-block-table is-style-stripes\"><table><thead><tr><th>Modello<\/th><th>JMFK-20<\/th><\/tr><\/thead><tbody><tr><td>Uscita<\/td><td>20 kg\/24 ore (44 libbre\/24 ore)<\/td><\/tr><tr><td>Potenza<\/td><td>320w<\/td><\/tr><tr><td>Stoccaggio del ghiaccio<\/td><td>13L<\/td><\/tr><tr><td>Modo di raffreddamento<\/td><td>Raffreddamento ad aria<\/td><\/tr><tr><td>Numero di ghiaccio<\/td><td>4&#215;8 = 32<\/td><\/tr><tr><td>Dimensione<\/td><td>403*510*773 mm<\/td><\/tr><tr><td>Peso netto<\/td><td>36kg\/79lbs<\/td><\/tr><\/tbody><\/table><\/figure>\n\n\n\n<div style=\"height:30px\" aria-hidden=\"true\" class=\"wp-block-spacer\"><\/div>\n\n\n\n<div class=\"wp-block-columns is-layout-flex wp-container-core-columns-is-layout-9d6595d7 wp-block-columns-is-layout-flex dt-cr-1\">\n<div class=\"wp-block-column is-layout-flow wp-block-column-is-layout-flow\">\n<h3 class=\"wp-block-heading has-medium-font-size\" id=\"h-patented-siphon-drainage-system\"><strong>Sistema di drenaggio a sifone brevettato<\/strong><\/h3>\n\n\n\n<p>L'esclusivo design del drenaggio a sifone impedisce l'accumulo di calcare, garantendo sempre cubetti di ghiaccio cristallino. Questo sistema abbassa la temperatura del centro del ghiaccio, prolunga il tempo di fusione e migliora il gusto delle bevande.<\/p>\n<\/div>\n\n\n\n<div class=\"wp-block-column is-layout-flow wp-block-column-is-layout-flow\">\n<h3 class=\"wp-block-heading has-medium-font-size\" id=\"h-overflow-drainage-for-harder-ice\"><strong>Drenaggio del troppopieno per il ghiaccio pi\u00f9 duro<\/strong><\/h3>\n\n\n\n<p>Drena costantemente le impurit\u00e0 e il calcare dal serbatoio dell'acqua, producendo cubetti di ghiaccio trasparenti e duri che rimangono freschi pi\u00f9 a lungo nelle bevande, rendendo ogni sorso pi\u00f9 rinfrescante e piacevole.<\/p>\n<\/div>\n<\/div>\n\n\n\n<div style=\"height:30px\" aria-hidden=\"true\" class=\"wp-block-spacer\"><\/div>\n\n\n\n<div class=\"wp-block-columns is-layout-flex wp-container-core-columns-is-layout-9d6595d7 wp-block-columns-is-layout-flex dt-cr-2\">\n<div class=\"wp-block-column is-layout-flow wp-block-column-is-layout-flow\">\n<h3 class=\"wp-block-heading has-medium-font-size\" id=\"h-user-friendly-design\"><strong>Design facile da usare<\/strong><\/h3>\n\n\n\n<p>La lampada a luce fredda consente agli utenti di prendere liberamente il ghiaccio in condizioni di scarsa illuminazione senza disturbare gli altri. I pannelli facili da rimuovere consentono una manutenzione semplice e una pulizia rapida.<\/p>\n<\/div>\n\n\n\n<div class=\"wp-block-column is-layout-flow wp-block-column-is-layout-flow\">\n<h3 class=\"wp-block-heading has-medium-font-size\" id=\"h-elegant-vertical-design\"><strong>Elegante design verticale<\/strong><\/h3>\n\n\n\n<p>La porta e il telaio a forma di arco conferiscono alla macchina un aspetto elegante e moderno, che si adatta perfettamente sia agli ambienti commerciali che a quelli domestici.<\/p>\n<\/div>\n<\/div>\n\n\n\n<div style=\"height:30px\" aria-hidden=\"true\" class=\"wp-block-spacer\"><\/div>\n\n\n\n<div class=\"wp-block-columns is-layout-flex wp-container-core-columns-is-layout-9d6595d7 wp-block-columns-is-layout-flex dt-cr-3\">\n<div class=\"wp-block-column is-layout-flow wp-block-column-is-layout-flow\">\n<h3 class=\"wp-block-heading has-medium-font-size\" id=\"h-more-detail\">Maggiori dettagli<\/h3>\n\n\n\n<figure class=\"wp-block-gallery has-nested-images columns-2 is-cropped wp-block-gallery-1 is-layout-flex wp-block-gallery-is-layout-flex\">\n<figure class=\"wp-block-image size-full\"><img decoding=\"async\" width=\"790\" height=\"948\" data-id=\"52893\" src=\"https:\/\/kengmingcn.com\/wp-content\/uploads\/2025\/05\/\u8be6\u60c5_03_3.webp\" alt=\"Dettagli dei cubetti di ghiaccio (immagine)\" class=\"wp-image-52893\" srcset=\"https:\/\/kengmingcn.com\/wp-content\/uploads\/2025\/05\/\u8be6\u60c5_03_3.webp 790w, https:\/\/kengmingcn.com\/wp-content\/uploads\/2025\/05\/\u8be6\u60c5_03_3-250x300.webp 250w, https:\/\/kengmingcn.com\/wp-content\/uploads\/2025\/05\/\u8be6\u60c5_03_3-768x922.webp 768w, https:\/\/kengmingcn.com\/wp-content\/uploads\/2025\/05\/\u8be6\u60c5_03_3-10x12.webp 10w\" sizes=\"(max-width: 790px) 100vw, 790px\" \/><\/figure>\n\n\n\n<figure class=\"wp-block-image size-full\"><img decoding=\"async\" width=\"790\" height=\"910\" data-id=\"52894\" src=\"https:\/\/kengmingcn.com\/wp-content\/uploads\/2025\/05\/\u8be6\u60c5_04_4.webp\" alt=\"Dettagli dei cubetti di ghiaccio (immagine)\" class=\"wp-image-52894\" srcset=\"https:\/\/kengmingcn.com\/wp-content\/uploads\/2025\/05\/\u8be6\u60c5_04_4.webp 790w, https:\/\/kengmingcn.com\/wp-content\/uploads\/2025\/05\/\u8be6\u60c5_04_4-260x300.webp 260w, https:\/\/kengmingcn.com\/wp-content\/uploads\/2025\/05\/\u8be6\u60c5_04_4-768x885.webp 768w, https:\/\/kengmingcn.com\/wp-content\/uploads\/2025\/05\/\u8be6\u60c5_04_4-10x12.webp 10w\" sizes=\"(max-width: 790px) 100vw, 790px\" \/><\/figure>\n\n\n\n<figure class=\"wp-block-image size-full\"><img decoding=\"async\" width=\"790\" height=\"709\" data-id=\"52895\" src=\"https:\/\/kengmingcn.com\/wp-content\/uploads\/2025\/05\/\u8be6\u60c5_05_5.webp\" alt=\"Dettagli dei cubetti di ghiaccio (immagine)\" class=\"wp-image-52895\" srcset=\"https:\/\/kengmingcn.com\/wp-content\/uploads\/2025\/05\/\u8be6\u60c5_05_5.webp 790w, https:\/\/kengmingcn.com\/wp-content\/uploads\/2025\/05\/\u8be6\u60c5_05_5-300x269.webp 300w, https:\/\/kengmingcn.com\/wp-content\/uploads\/2025\/05\/\u8be6\u60c5_05_5-768x689.webp 768w, https:\/\/kengmingcn.com\/wp-content\/uploads\/2025\/05\/\u8be6\u60c5_05_5-13x12.webp 13w\" sizes=\"(max-width: 790px) 100vw, 790px\" \/><\/figure>\n\n\n\n<figure class=\"wp-block-image size-full\"><img decoding=\"async\" width=\"790\" height=\"1025\" data-id=\"52896\" src=\"https:\/\/kengmingcn.com\/wp-content\/uploads\/2025\/05\/\u8be6\u60c5_06_6.webp\" alt=\"Dettagli dei cubetti di ghiaccio (immagine)\" class=\"wp-image-52896\" srcset=\"https:\/\/kengmingcn.com\/wp-content\/uploads\/2025\/05\/\u8be6\u60c5_06_6.webp 790w, https:\/\/kengmingcn.com\/wp-content\/uploads\/2025\/05\/\u8be6\u60c5_06_6-231x300.webp 231w, https:\/\/kengmingcn.com\/wp-content\/uploads\/2025\/05\/\u8be6\u60c5_06_6-768x996.webp 768w, https:\/\/kengmingcn.com\/wp-content\/uploads\/2025\/05\/\u8be6\u60c5_06_6-9x12.webp 9w\" sizes=\"(max-width: 790px) 100vw, 790px\" \/><\/figure>\n\n\n\n<figure class=\"wp-block-image size-full\"><img decoding=\"async\" width=\"790\" height=\"1347\" data-id=\"52897\" src=\"https:\/\/kengmingcn.com\/wp-content\/uploads\/2025\/05\/\u8be6\u60c5_07_7.webp\" alt=\"Dettagli dei cubetti di ghiaccio (immagine)\" class=\"wp-image-52897\" srcset=\"https:\/\/kengmingcn.com\/wp-content\/uploads\/2025\/05\/\u8be6\u60c5_07_7.webp 790w, https:\/\/kengmingcn.com\/wp-content\/uploads\/2025\/05\/\u8be6\u60c5_07_7-176x300.webp 176w, https:\/\/kengmingcn.com\/wp-content\/uploads\/2025\/05\/\u8be6\u60c5_07_7-601x1024.webp 601w, https:\/\/kengmingcn.com\/wp-content\/uploads\/2025\/05\/\u8be6\u60c5_07_7-768x1309.webp 768w, https:\/\/kengmingcn.com\/wp-content\/uploads\/2025\/05\/\u8be6\u60c5_07_7-7x12.webp 7w\" sizes=\"(max-width: 790px) 100vw, 790px\" \/><\/figure>\n\n\n\n<figure class=\"wp-block-image size-full\"><img decoding=\"async\" width=\"790\" height=\"1163\" data-id=\"52898\" src=\"https:\/\/kengmingcn.com\/wp-content\/uploads\/2025\/05\/\u8be6\u60c5_08_8.webp\" alt=\"Dettagli dei cubetti di ghiaccio (immagine)\" class=\"wp-image-52898\" srcset=\"https:\/\/kengmingcn.com\/wp-content\/uploads\/2025\/05\/\u8be6\u60c5_08_8.webp 790w, https:\/\/kengmingcn.com\/wp-content\/uploads\/2025\/05\/\u8be6\u60c5_08_8-204x300.webp 204w, https:\/\/kengmingcn.com\/wp-content\/uploads\/2025\/05\/\u8be6\u60c5_08_8-696x1024.webp 696w, https:\/\/kengmingcn.com\/wp-content\/uploads\/2025\/05\/\u8be6\u60c5_08_8-768x1131.webp 768w, https:\/\/kengmingcn.com\/wp-content\/uploads\/2025\/05\/\u8be6\u60c5_08_8-8x12.webp 8w\" sizes=\"(max-width: 790px) 100vw, 790px\" \/><\/figure>\n<\/figure>\n<\/div>\n<\/div>\n\n\n\n<div class=\"wp-block-columns is-layout-flex wp-container-core-columns-is-layout-9d6595d7 wp-block-columns-is-layout-flex dt-cr-4\">\n<div class=\"wp-block-column is-layout-flow wp-block-column-is-layout-flow\">\n<div style=\"height:30px\" aria-hidden=\"true\" class=\"wp-block-spacer\"><\/div>\n\n\n\n<h2 class=\"wp-block-heading\" id=\"h-video\">Video<\/h2>\n\n\n\n<figure class=\"wp-block-video\"><video controls src=\"https:\/\/cdn-gzkm.b-cdn.net\/Model\/Ice%20Maker\/60kg%20ice%20maker.mp4\"><\/video><\/figure>\n<\/div>\n\n\n\n<div class=\"wp-block-column is-layout-flow wp-block-column-is-layout-flow\"><\/div>\n<\/div>\n\n\n\n<div class=\"wp-block-columns is-layout-flex wp-container-core-columns-is-layout-9d6595d7 wp-block-columns-is-layout-flex dt-cr-5\">\n<div class=\"wp-block-column is-layout-flow wp-block-column-is-layout-flow\">\n<div style=\"height:30px\" aria-hidden=\"true\" class=\"wp-block-spacer\"><\/div>\n\n\n\n<h3 class=\"wp-block-heading\" id=\"h-why-choose-us\">Perch\u00e9 scegliere noi?<\/h3>\n\n\n\n<p>Progettata pensando alla comodit\u00e0 dell'utente, questa macchina per il ghiaccio verticale presenta un'elegante porta ad arco, pannelli di facile manutenzione e avvisi vocali intelligenti opzionali per la segnalazione dei guasti. Dotata di una lampada germicida a raggi ultravioletti opzionale, garantisce una produzione di ghiaccio igienica e al tempo stesso efficiente dal punto di vista energetico e rispettosa dell'ambiente. Perfetto per caff\u00e8, ristoranti, bar o cucine domestiche, unisce prestazioni, sicurezza e stile in un unico versatile produttore di ghiaccio.<\/p>\n<\/div>\n<\/div>","protected":false},"excerpt":{"rendered":"<ul>\n<li class=\"ai-optimize-44\">potenza: 320W<\/li>\n<li class=\"ai-optimize-45\">\n<div class=\"paragraph\">Produzione di ghiaccio: 20KG\/24H<\/div>\n<\/li>\n<li class=\"ai-optimize-28\">Conservazione del ghiaccio: 13L<\/li>\n<li class=\"ai-optimize-31\">Numero di ghiaccio: 4\u00d78<\/li>\n<\/ul>","protected":false},"featured_media":52884,"comment_status":"open","ping_status":"closed","template":"","meta":{"_acf_changed":false},"product_brand":[],"product_cat":[246,275],"product_tag":[],"class_list":{"0":"post-50464","1":"product","2":"type-product","3":"status-publish","4":"has-post-thumbnail","6":"product_cat-ice-maker","7":"product_cat-refrigeration-equipment","8":"description-off","10":"first","11":"instock","12":"shipping-taxable","13":"product-type-simple"},"acf":[],"yoast_head":"<!-- This site is optimized with the Yoast SEO Premium plugin v25.3 (Yoast SEO v26.3) - https:\/\/yoast.com\/wordpress\/plugins\/seo\/ -->\n<title>20kg\/24H Block Ice Machine 320w, whit CE certificate - KengMing | Manufacturer of Commercial Kitchen Equipment<\/title>\n<meta name=\"description\" content=\"JMFK-20 Block Ice Machine: output :20kg\/24H, 320w, CE certified.\" \/>\n<meta name=\"robots\" content=\"index, follow, max-snippet:-1, max-image-preview:large, max-video-preview:-1\" \/>\n<link rel=\"canonical\" href=\"https:\/\/kengmingcn.com\/it\/product\/macchina-del-ghiaccio-a-blocchi-20kg-24h-320w\/\" \/>\n<meta property=\"og:locale\" content=\"it_IT\" \/>\n<meta property=\"og:type\" content=\"article\" \/>\n<meta property=\"og:title\" content=\"20kg\/24H Block Ice Machine 320w, whit CE certificate\" \/>\n<meta property=\"og:description\" content=\"JMFK-20 Block Ice Machine: output :20kg\/24H, 320w, CE certified.\" \/>\n<meta property=\"og:url\" content=\"https:\/\/kengmingcn.com\/it\/product\/macchina-del-ghiaccio-a-blocchi-20kg-24h-320w\/\" \/>\n<meta property=\"og:site_name\" content=\"KengMing | Manufacturer of Commercial Kitchen Equipment\" \/>\n<meta property=\"article:modified_time\" content=\"2025-12-29T09:33:56+00:00\" \/>\n<meta property=\"og:image\" content=\"https:\/\/kengmingcn.com\/wp-content\/uploads\/2025\/05\/JMFK-20_1_11zon.webp\" \/>\n\t<meta property=\"og:image:width\" content=\"800\" \/>\n\t<meta property=\"og:image:height\" content=\"800\" \/>\n\t<meta property=\"og:image:type\" content=\"image\/webp\" \/>\n<meta name=\"twitter:card\" content=\"summary_large_image\" \/>\n<meta name=\"twitter:label1\" content=\"Prezzo\" \/>\n\t<meta name=\"twitter:data1\" content=\"\" \/>\n\t<meta name=\"twitter:label2\" content=\"Disponibilit\u00e0\" \/>\n\t<meta name=\"twitter:data2\" content=\"In stock\" \/>\n<script type=\"application\/ld+json\" class=\"yoast-schema-graph\">{\"@context\":\"https:\/\/schema.org\",\"@graph\":[{\"@type\":\"WebPage\",\"@id\":\"https:\/\/kengmingcn.com\/de_de\/product\/20kg-24h-blockeismaschine-320w\/\",\"url\":\"https:\/\/kengmingcn.com\/de_de\/product\/20kg-24h-blockeismaschine-320w\/\",\"name\":\"20kg\/24H Block Ice Machine 320w, whit CE certificate - KengMing | Manufacturer of Commercial Kitchen Equipment\",\"isPartOf\":{\"@id\":\"https:\/\/kengmingcn.com\/#website\"},\"primaryImageOfPage\":{\"@id\":\"https:\/\/kengmingcn.com\/de_de\/product\/20kg-24h-blockeismaschine-320w\/#primaryimage\"},\"image\":{\"@id\":\"https:\/\/kengmingcn.com\/de_de\/product\/20kg-24h-blockeismaschine-320w\/#primaryimage\"},\"thumbnailUrl\":\"https:\/\/kengmingcn.com\/wp-content\/uploads\/2025\/05\/JMFK-20_1_11zon.webp\",\"datePublished\":\"2025-05-08T11:43:07+00:00\",\"dateModified\":\"2025-12-29T09:33:56+00:00\",\"description\":\"JMFK-20 Block Ice Machine: output :20kg\/24H, 320w, CE certified.\",\"breadcrumb\":{\"@id\":\"https:\/\/kengmingcn.com\/de_de\/product\/20kg-24h-blockeismaschine-320w\/#breadcrumb\"},\"inLanguage\":\"it-IT\",\"potentialAction\":[{\"@type\":\"ReadAction\",\"target\":[\"https:\/\/kengmingcn.com\/de_de\/product\/20kg-24h-blockeismaschine-320w\/\"]}]},{\"@type\":\"ImageObject\",\"inLanguage\":\"it-IT\",\"@id\":\"https:\/\/kengmingcn.com\/de_de\/product\/20kg-24h-blockeismaschine-320w\/#primaryimage\",\"url\":\"https:\/\/kengmingcn.com\/wp-content\/uploads\/2025\/05\/JMFK-20_1_11zon.webp\",\"contentUrl\":\"https:\/\/kengmingcn.com\/wp-content\/uploads\/2025\/05\/JMFK-20_1_11zon.webp\",\"width\":800,\"height\":800,\"caption\":\"JMFK-20 cube ice machine\"},{\"@type\":\"BreadcrumbList\",\"@id\":\"https:\/\/kengmingcn.com\/de_de\/product\/20kg-24h-blockeismaschine-320w\/#breadcrumb\",\"itemListElement\":[{\"@type\":\"ListItem\",\"position\":1,\"name\":\"Home\",\"item\":\"https:\/\/kengmingcn.com\/\"},{\"@type\":\"ListItem\",\"position\":2,\"name\":\"Catalogue\",\"item\":\"https:\/\/kengmingcn.com\/?page_id=27131\"},{\"@type\":\"ListItem\",\"position\":3,\"name\":\"20kg\/24H Block Ice Machine 320w, whit CE certificate\"}]},{\"@type\":\"WebSite\",\"@id\":\"https:\/\/kengmingcn.com\/#website\",\"url\":\"https:\/\/kengmingcn.com\/\",\"name\":\"Kitchen Equipment\",\"description\":\"KengMing is a professional commercial kitchen equipment manufacturer and wholesale supplier, offering cooking, food prep and bakery equipment with OEM &amp; ODM service for global distributors.\",\"publisher\":{\"@id\":\"https:\/\/kengmingcn.com\/#organization\"},\"potentialAction\":[{\"@type\":\"SearchAction\",\"target\":{\"@type\":\"EntryPoint\",\"urlTemplate\":\"https:\/\/kengmingcn.com\/?s={search_term_string}\"},\"query-input\":{\"@type\":\"PropertyValueSpecification\",\"valueRequired\":true,\"valueName\":\"search_term_string\"}}],\"inLanguage\":\"it-IT\"},{\"@type\":\"Organization\",\"@id\":\"https:\/\/kengmingcn.com\/#organization\",\"name\":\"GuangZhou KengMing\",\"url\":\"https:\/\/kengmingcn.com\/\",\"logo\":{\"@type\":\"ImageObject\",\"inLanguage\":\"it-IT\",\"@id\":\"https:\/\/kengmingcn.com\/#\/schema\/logo\/image\/\",\"url\":\"https:\/\/kengmingcn.com\/wp-content\/uploads\/2025\/04\/cropped-1744508604969-removebg-preview.png\",\"contentUrl\":\"https:\/\/kengmingcn.com\/wp-content\/uploads\/2025\/04\/cropped-1744508604969-removebg-preview.png\",\"width\":512,\"height\":512,\"caption\":\"GuangZhou KengMing\"},\"image\":{\"@id\":\"https:\/\/kengmingcn.com\/#\/schema\/logo\/image\/\"}}]}<\/script>\n<meta property=\"product:price:amount\" content=\"0.00\" \/>\n<meta property=\"product:price:currency\" content=\"USD\" \/>\n<meta property=\"og:availability\" content=\"instock\" \/>\n<meta property=\"product:availability\" content=\"instock\" \/>\n<meta property=\"product:condition\" content=\"new\" \/>\n<!-- \/ Yoast SEO Premium plugin. -->","yoast_head_json":{"title":"20kg\/24H Macchina del ghiaccio a blocchi 320w, con certificato CE - KengMing | Produttore di attrezzature da cucina commerciali","description":"JMFK-20 Macchina del ghiaccio a blocchi: produzione: 20kg\/24H, 320w, certificato CE.","robots":{"index":"index","follow":"follow","max-snippet":"max-snippet:-1","max-image-preview":"max-image-preview:large","max-video-preview":"max-video-preview:-1"},"canonical":"https:\/\/kengmingcn.com\/it\/product\/macchina-del-ghiaccio-a-blocchi-20kg-24h-320w\/","og_locale":"it_IT","og_type":"article","og_title":"20kg\/24H Block Ice Machine 320w, whit CE certificate","og_description":"JMFK-20 Block Ice Machine: output :20kg\/24H, 320w, CE certified.","og_url":"https:\/\/kengmingcn.com\/it\/product\/macchina-del-ghiaccio-a-blocchi-20kg-24h-320w\/","og_site_name":"KengMing | Manufacturer of Commercial Kitchen Equipment","article_modified_time":"2025-12-29T09:33:56+00:00","og_image":[{"width":800,"height":800,"url":"https:\/\/kengmingcn.com\/wp-content\/uploads\/2025\/05\/JMFK-20_1_11zon.webp","type":"image\/webp"}],"twitter_card":"summary_large_image","twitter_misc":{"Prezzo":"","Disponibilit\u00e0":"In stock"},"schema":{"@context":"https:\/\/schema.org","@graph":[{"@type":"WebPage","@id":"https:\/\/kengmingcn.com\/de_de\/product\/20kg-24h-blockeismaschine-320w\/","url":"https:\/\/kengmingcn.com\/de_de\/product\/20kg-24h-blockeismaschine-320w\/","name":"20kg\/24H Macchina del ghiaccio a blocchi 320w, con certificato CE - KengMing | Produttore di attrezzature da cucina commerciali","isPartOf":{"@id":"https:\/\/kengmingcn.com\/#website"},"primaryImageOfPage":{"@id":"https:\/\/kengmingcn.com\/de_de\/product\/20kg-24h-blockeismaschine-320w\/#primaryimage"},"image":{"@id":"https:\/\/kengmingcn.com\/de_de\/product\/20kg-24h-blockeismaschine-320w\/#primaryimage"},"thumbnailUrl":"https:\/\/kengmingcn.com\/wp-content\/uploads\/2025\/05\/JMFK-20_1_11zon.webp","datePublished":"2025-05-08T11:43:07+00:00","dateModified":"2025-12-29T09:33:56+00:00","description":"JMFK-20 Macchina del ghiaccio a blocchi: produzione: 20kg\/24H, 320w, certificato CE.","breadcrumb":{"@id":"https:\/\/kengmingcn.com\/de_de\/product\/20kg-24h-blockeismaschine-320w\/#breadcrumb"},"inLanguage":"it-IT","potentialAction":[{"@type":"ReadAction","target":["https:\/\/kengmingcn.com\/de_de\/product\/20kg-24h-blockeismaschine-320w\/"]}]},{"@type":"ImageObject","inLanguage":"it-IT","@id":"https:\/\/kengmingcn.com\/de_de\/product\/20kg-24h-blockeismaschine-320w\/#primaryimage","url":"https:\/\/kengmingcn.com\/wp-content\/uploads\/2025\/05\/JMFK-20_1_11zon.webp","contentUrl":"https:\/\/kengmingcn.com\/wp-content\/uploads\/2025\/05\/JMFK-20_1_11zon.webp","width":800,"height":800,"caption":"JMFK-20 cube ice machine"},{"@type":"BreadcrumbList","@id":"https:\/\/kengmingcn.com\/de_de\/product\/20kg-24h-blockeismaschine-320w\/#breadcrumb","itemListElement":[{"@type":"ListItem","position":1,"name":"Home","item":"https:\/\/kengmingcn.com\/"},{"@type":"ListItem","position":2,"name":"Catalogue","item":"https:\/\/kengmingcn.com\/?page_id=27131"},{"@type":"ListItem","position":3,"name":"20kg\/24H Block Ice Machine 320w, whit CE certificate"}]},{"@type":"WebSite","@id":"https:\/\/kengmingcn.com\/#website","url":"https:\/\/kengmingcn.com\/","name":"Attrezzature da cucina","description":"KengMing \u00e8 un produttore di attrezzature per cucine commerciali e un fornitore all'ingrosso che offre attrezzature per la cottura, la preparazione degli alimenti e la panificazione con servizio OEM e ODM per i distributori globali.","publisher":{"@id":"https:\/\/kengmingcn.com\/#organization"},"potentialAction":[{"@type":"SearchAction","target":{"@type":"EntryPoint","urlTemplate":"https:\/\/kengmingcn.com\/?s={search_term_string}"},"query-input":{"@type":"PropertyValueSpecification","valueRequired":true,"valueName":"search_term_string"}}],"inLanguage":"it-IT"},{"@type":"Organization","@id":"https:\/\/kengmingcn.com\/#organization","name":"GuangZhou KengMing","url":"https:\/\/kengmingcn.com\/","logo":{"@type":"ImageObject","inLanguage":"it-IT","@id":"https:\/\/kengmingcn.com\/#\/schema\/logo\/image\/","url":"https:\/\/kengmingcn.com\/wp-content\/uploads\/2025\/04\/cropped-1744508604969-removebg-preview.png","contentUrl":"https:\/\/kengmingcn.com\/wp-content\/uploads\/2025\/04\/cropped-1744508604969-removebg-preview.png","width":512,"height":512,"caption":"GuangZhou KengMing"},"image":{"@id":"https:\/\/kengmingcn.com\/#\/schema\/logo\/image\/"}}]},"product_price_amount":"0.00","product_price_currency":"USD","og_availability":"instock","product_availability":"instock","product_condition":"new"},"_links":{"self":[{"href":"https:\/\/kengmingcn.com\/it\/wp-json\/wp\/v2\/product\/50464","targetHints":{"allow":["GET"]}}],"collection":[{"href":"https:\/\/kengmingcn.com\/it\/wp-json\/wp\/v2\/product"}],"about":[{"href":"https:\/\/kengmingcn.com\/it\/wp-json\/wp\/v2\/types\/product"}],"replies":[{"embeddable":true,"href":"https:\/\/kengmingcn.com\/it\/wp-json\/wp\/v2\/comments?post=50464"}],"wp:featuredmedia":[{"embeddable":true,"href":"https:\/\/kengmingcn.com\/it\/wp-json\/wp\/v2\/media\/52884"}],"wp:attachment":[{"href":"https:\/\/kengmingcn.com\/it\/wp-json\/wp\/v2\/media?parent=50464"}],"wp:term":[{"taxonomy":"product_brand","embeddable":true,"href":"https:\/\/kengmingcn.com\/it\/wp-json\/wp\/v2\/product_brand?post=50464"},{"taxonomy":"product_cat","embeddable":true,"href":"https:\/\/kengmingcn.com\/it\/wp-json\/wp\/v2\/product_cat?post=50464"},{"taxonomy":"product_tag","embeddable":true,"href":"https:\/\/kengmingcn.com\/it\/wp-json\/wp\/v2\/product_tag?post=50464"}],"curies":[{"name":"wp","href":"https:\/\/api.w.org\/{rel}","templated":true}]}}