{"id":50446,"date":"2025-05-08T19:37:56","date_gmt":"2025-05-08T11:37:56","guid":{"rendered":"https:\/\/kengmingcn.com\/?post_type=product&#038;p=50446"},"modified":"2025-06-12T17:56:34","modified_gmt":"2025-06-12T09:56:34","slug":"350ml-750ml-singola-tazza-latte-te-agitazione-macchina-milkshake-macchina-bevanda-rendendo-attrezzature-ljy120-1-120w-220v","status":"publish","type":"product","link":"https:\/\/kengmingcn.com\/it\/product\/350ml-750ml-singola-tazza-latte-te-agitazione-macchina-milkshake-macchina-bevanda-rendendo-attrezzature-ljy120-1-120w-220v\/","title":{"rendered":"350ml-750ml singola tazza latte t\u00e8 agitazione macchina Milkshake macchina bevanda rendendo attrezzature LJY120-1-120W-220V"},"content":{"rendered":"<div style=\"width: 640px;\" class=\"wp-video\"><!--[if lt IE 9]><script>document.createElement('video');<\/script><![endif]-->\n<video class=\"wp-video-shortcode\" id=\"video-50446-1\" width=\"640\" height=\"360\" preload=\"metadata\" controls=\"controls\"><source type=\"video\/mp4\" src=\"https:\/\/cdn-gzkm.b-cdn.net\/Model\/Milk%20Tea%20Shaking%20Machine\/single%20milk%20tea%20shaker%20750ml.mp4?_=1\" \/><a href=\"https:\/\/cdn-gzkm.b-cdn.net\/Model\/Milk%20Tea%20Shaking%20Machine\/single%20milk%20tea%20shaker%20750ml.mp4\">https:\/\/cdn-gzkm.b-cdn.net\/Model\/Milk%20Tea%20Shaking%20Machine\/single%20milk%20tea%20shaker%20750ml.mp4<\/a><\/video><\/div>\n<p>La macchina per la preparazione del t\u00e8 al latte \u00e8 un'efficiente apparecchiatura per la produzione di bevande progettata per la preparazione di t\u00e8 al latte dal gusto delicato e morbido. Grazie all'avanzata tecnologia del motore e all'efficiente braccio rotante a 360\u00b0, \u00e8 in grado di mescolare uniformemente gli ingredienti del t\u00e8 al latte (come t\u00e8, latte in polvere, sciroppo, ecc.) per ottenere rapidamente t\u00e8 al latte dal gusto ricco e pieno, per soddisfare la domanda di bevande di alta qualit\u00e0 da parte dei consumatori.<\/p>\n<figure class=\"wp-block-image size-large\"><img decoding=\"async\" class=\"alignnone size-full wp-image-51110\" src=\"https:\/\/kengmingcn.com\/wp-content\/uploads\/2025\/05\/1_11zon.webp\" alt=\"\u5355\u5934\u5976\u8336\u6447\u6447\u673a\" width=\"1060\" height=\"500\" srcset=\"https:\/\/kengmingcn.com\/wp-content\/uploads\/2025\/05\/1_11zon.webp 1060w, https:\/\/kengmingcn.com\/wp-content\/uploads\/2025\/05\/1_11zon-300x142.webp 300w, https:\/\/kengmingcn.com\/wp-content\/uploads\/2025\/05\/1_11zon-1024x483.webp 1024w, https:\/\/kengmingcn.com\/wp-content\/uploads\/2025\/05\/1_11zon-768x362.webp 768w\" sizes=\"(max-width: 1060px) 100vw, 1060px\" \/><\/figure>\n<p>1. Agitazione efficiente: il nostro agitatore per t\u00e8 al latte \u00e8 dotato di un motore efficiente da 120 watt per un funzionamento silenzioso e potente. Agita in modo uniforme e rapido a 313 giri al minuto, preparando una tazza di t\u00e8 al latte in soli 10 secondi. Questo migliora notevolmente la velocit\u00e0 e la qualit\u00e0 della produzione di bevande, rendendolo ideale per gli ambienti di lavoro pi\u00f9 frenetici.<br \/>\nCompatibile con tazze per frullati di diverse dimensioni: \u00c8 possibile regolare rapidamente l'altezza del supporto per shakerare tazze di diverse dimensioni, da 350 ml a 1000 ml, per garantire che ogni bevanda sia agitata in modo uniforme e rapido. Include due tazze shaker da 750 ml per PC, facili da pulire e che non lasciano residui di sapore, adatte all'uso in tutti i tipi di ristoranti.<br \/>\n3.Braccio girevole a 360\u00b0: il nostro design \u00e8 caratterizzato da un braccio omnidirezionale a 360\u00b0 che garantisce un'agitazione uniforme e regolare ogni volta, sia per il t\u00e8 al latte, il caff\u00e8, i cocktail o le bevande alla frutta. La staffa progettata con precisione impedisce le perdite quando si agita con una rotazione di 360\u00b0.<br \/>\n4. Regolazione precisa del tempo: Con la regolazione precisa del tempo da 0 a 180 secondi, \u00e8 possibile impostare il tempo di agitazione secondo le necessit\u00e0 per ottenere l'effetto di miscelazione ideale per ogni bevanda. Il design di avvio con un solo pulsante rende il funzionamento semplice e intuitivo.<br \/>\n5. Scelta commerciale professionale: la tazza dell'agitatore per il t\u00e8 al latte \u00e8 realizzata in acciaio inossidabile, resistente alla corrosione e facile da pulire. Il design stabile del cuscino a quattro piedi garantisce un funzionamento stabile mantenendo una buona dissipazione del calore. Adatto per mescolare t\u00e8 al latte, cocktail, bevande, caff\u00e8, ecc. Ideale per ristoranti, pasticcerie, caffetterie, panetterie, negozi di alimentari e bevande.<\/p>\n<figure class=\"wp-block-image\"><img decoding=\"async\" src=\"https:\/\/image.made-in-china.com\/226f3j00wkeMPfAUEqbE\/Good-Quality-Single-Cup-Milk-Tea-Shaking-Machine-Milkshake-Machine-Beverage-Making-Equipment-LJY120-1-120W-220V-50Hz-.webp\" alt=\"Di buona qualit\u00e0 Singola tazza di latte t\u00e8 agitazione macchina Milkshake macchina bevanda rendendo attrezzature (LJY120-1-120W-220V\/50Hz)\" \/><\/figure>\n<p><img decoding=\"async\" class=\"alignnone size-full wp-image-51111\" src=\"https:\/\/kengmingcn.com\/wp-content\/uploads\/2025\/05\/2_11zon.webp\" alt=\"\u5355\u5934\u5976\u8336\u6447\u6447\u673a\" width=\"1060\" height=\"500\" srcset=\"https:\/\/kengmingcn.com\/wp-content\/uploads\/2025\/05\/2_11zon.webp 1060w, https:\/\/kengmingcn.com\/wp-content\/uploads\/2025\/05\/2_11zon-300x142.webp 300w, https:\/\/kengmingcn.com\/wp-content\/uploads\/2025\/05\/2_11zon-1024x483.webp 1024w, https:\/\/kengmingcn.com\/wp-content\/uploads\/2025\/05\/2_11zon-768x362.webp 768w\" sizes=\"(max-width: 1060px) 100vw, 1060px\" \/> <img decoding=\"async\" class=\"alignnone size-full wp-image-51112\" src=\"https:\/\/kengmingcn.com\/wp-content\/uploads\/2025\/05\/3_11zon.webp\" alt=\"\u5355\u5934\u5976\u8336\u6447\u6447\u673a\" width=\"1060\" height=\"500\" srcset=\"https:\/\/kengmingcn.com\/wp-content\/uploads\/2025\/05\/3_11zon.webp 1060w, https:\/\/kengmingcn.com\/wp-content\/uploads\/2025\/05\/3_11zon-300x142.webp 300w, https:\/\/kengmingcn.com\/wp-content\/uploads\/2025\/05\/3_11zon-1024x483.webp 1024w, https:\/\/kengmingcn.com\/wp-content\/uploads\/2025\/05\/3_11zon-768x362.webp 768w\" sizes=\"(max-width: 1060px) 100vw, 1060px\" \/><\/p>\n<p><img decoding=\"async\" class=\"alignnone size-full wp-image-49422\" src=\"https:\/\/kengmingcn.com\/wp-content\/uploads\/2025\/04\/Double-Cup-Milk-Tea-Shaking-Machine-9_11zon.webp\" alt=\"Doppia tazza di latte t\u00e8 agitazione macchina\" width=\"550\" height=\"550\" srcset=\"https:\/\/kengmingcn.com\/wp-content\/uploads\/2025\/04\/Double-Cup-Milk-Tea-Shaking-Machine-9_11zon.webp 550w, https:\/\/kengmingcn.com\/wp-content\/uploads\/2025\/04\/Double-Cup-Milk-Tea-Shaking-Machine-9_11zon-300x300.webp 300w, https:\/\/kengmingcn.com\/wp-content\/uploads\/2025\/04\/Double-Cup-Milk-Tea-Shaking-Machine-9_11zon-150x150.webp 150w, https:\/\/kengmingcn.com\/wp-content\/uploads\/2025\/04\/Double-Cup-Milk-Tea-Shaking-Machine-9_11zon-200x200.webp 200w\" sizes=\"(max-width: 550px) 100vw, 550px\" \/><\/p>\n<figure class=\"wp-block-image size-large\"><\/figure>\n<figure class=\"wp-block-image size-large\"><\/figure>\n<p>1. Negozi di t\u00e8 e bevande a base di latte:<br \/>\nUtilizzo: Preparare rapidamente grandi quantit\u00e0 di t\u00e8 al latte mescolate in modo uniforme per migliorare l'efficienza del servizio e la qualit\u00e0 della bevanda.<br \/>\nEsempio: I negozi di t\u00e8 al latte utilizzano gli shaker per evadere rapidamente gli ordini durante le ore di punta, per garantire un gusto uniforme di ogni tazza di t\u00e8 al latte.<br \/>\n2. Caff\u00e8:<br \/>\nUtilizzo: Per preparare t\u00e8 al latte o altre bevande mescolate e arricchire le scelte del menu.<br \/>\nEsempio: Le caffetterie possono utilizzare l'agitatore per preparare t\u00e8 al latte, frullati, ecc. per aumentare la variet\u00e0 delle bevande.<br \/>\n3. Ristorante:<br \/>\nScopo: servire il t\u00e8 al latte ben mescolato nell'ambito della preparazione di dessert o bevande.<br \/>\nEsempio: Un ristorante serve il t\u00e8 al latte dopo il pasto, utilizzando uno shaker per garantire un gusto e un effetto schiuma uniformi.<br \/>\n4. Bancarelle e mercati di cibo di strada:<br \/>\nUtilizzo: Il t\u00e8 al latte fresco viene preparato in loco per attirare i clienti e incrementare le vendite.<br \/>\nEsempio: I venditori ambulanti utilizzano gli shaker per preparare il t\u00e8 al latte e fornire bevande istantanee e di qualit\u00e0.<br \/>\n5. Riunioni di famiglia ed eventi privati:<br \/>\nUtilizzo: Preparare il t\u00e8 al latte durante le riunioni di famiglia o gli eventi per aumentare la variet\u00e0 delle bevande.<br \/>\nEsempio: Gli shaker vengono utilizzati per preparare il t\u00e8 al latte durante le riunioni di famiglia, per offrire agli ospiti bevande fresche e spumose.<\/p>\n<p><img decoding=\"async\" class=\"alignnone size-full wp-image-51113\" src=\"https:\/\/kengmingcn.com\/wp-content\/uploads\/2025\/05\/4_11zon.webp\" alt=\"\u5976\u8336\u6447\u6447\u673a\" width=\"1060\" height=\"500\" srcset=\"https:\/\/kengmingcn.com\/wp-content\/uploads\/2025\/05\/4_11zon.webp 1060w, https:\/\/kengmingcn.com\/wp-content\/uploads\/2025\/05\/4_11zon-300x142.webp 300w, https:\/\/kengmingcn.com\/wp-content\/uploads\/2025\/05\/4_11zon-1024x483.webp 1024w, https:\/\/kengmingcn.com\/wp-content\/uploads\/2025\/05\/4_11zon-768x362.webp 768w\" sizes=\"(max-width: 1060px) 100vw, 1060px\" \/><\/p>","protected":false},"excerpt":{"rendered":"<ul>\n<li>750 ml Agitatore monotesta per t\u00e8 al latte<\/li>\n<\/ul>","protected":false},"featured_media":50448,"comment_status":"open","ping_status":"closed","template":"","meta":{"_acf_changed":false},"product_brand":[],"product_cat":[277,248],"product_tag":[],"class_list":{"0":"post-50446","1":"product","2":"type-product","3":"status-publish","4":"has-post-thumbnail","6":"product_cat-food-processing-equipment","7":"product_cat-milk-tea-shaking-machine","8":"description-off","10":"first","11":"instock","12":"shipping-taxable","13":"product-type-simple"},"acf":[],"yoast_head":"<!-- This site is optimized with the Yoast SEO Premium plugin v25.3 (Yoast SEO v26.3) - https:\/\/yoast.com\/wordpress\/plugins\/seo\/ -->\n<title>350ml-750ml Single Cup Milk Tea Shaking Machine<\/title>\n<meta name=\"description\" content=\"350ml-750ml Single Cup Milk Tea Shaking Machine\" \/>\n<meta name=\"robots\" content=\"index, follow, max-snippet:-1, max-image-preview:large, max-video-preview:-1\" \/>\n<link rel=\"canonical\" href=\"https:\/\/kengmingcn.com\/it\/product\/350ml-750ml-singola-tazza-latte-te-agitazione-macchina-milkshake-macchina-bevanda-rendendo-attrezzature-ljy120-1-120w-220v\/\" \/>\n<meta property=\"og:locale\" content=\"it_IT\" \/>\n<meta property=\"og:type\" content=\"article\" \/>\n<meta property=\"og:title\" content=\"350ml-750ml Single Cup Milk Tea Shaking Machine Milkshake Machine Beverage Making Equipment LJY120-1-120W-220V\" \/>\n<meta property=\"og:description\" content=\"350ml-750ml Single Cup Milk Tea Shaking Machine\" \/>\n<meta property=\"og:url\" content=\"https:\/\/kengmingcn.com\/it\/product\/350ml-750ml-singola-tazza-latte-te-agitazione-macchina-milkshake-macchina-bevanda-rendendo-attrezzature-ljy120-1-120w-220v\/\" \/>\n<meta property=\"og:site_name\" content=\"KengMing | Manufacturer of Commercial Kitchen Equipment\" \/>\n<meta property=\"article:modified_time\" content=\"2025-06-12T09:56:34+00:00\" \/>\n<meta property=\"og:image\" content=\"https:\/\/kengmingcn.com\/wp-content\/uploads\/2025\/05\/7.png\" \/>\n\t<meta property=\"og:image:width\" content=\"550\" \/>\n\t<meta property=\"og:image:height\" content=\"550\" \/>\n\t<meta property=\"og:image:type\" content=\"image\/png\" \/>\n<meta name=\"twitter:card\" content=\"summary_large_image\" \/>\n<meta name=\"twitter:label1\" content=\"Prezzo\" \/>\n\t<meta name=\"twitter:data1\" content=\"\" \/>\n\t<meta name=\"twitter:label2\" content=\"Disponibilit\u00e0\" \/>\n\t<meta name=\"twitter:data2\" content=\"In stock\" \/>\n<script type=\"application\/ld+json\" class=\"yoast-schema-graph\">{\"@context\":\"https:\/\/schema.org\",\"@graph\":[{\"@type\":\"WebPage\",\"@id\":\"https:\/\/kengmingcn.com\/ar\/product\/350-%d9%85%d9%84%d9%84%d9%8a-750-%d9%85%d9%84%d9%84%d9%8a-750-%d9%85%d9%84%d9%84%d9%8a-%d9%83%d9%88%d8%a8-%d9%88%d8%a7%d8%ad%d8%af-%d9%84%d8%b1%d8%ac-%d8%a7%d9%84%d8%b4%d8%a7%d9%8a-%d8%a8%d8%a7%d9%84\/\",\"url\":\"https:\/\/kengmingcn.com\/ar\/product\/350-%d9%85%d9%84%d9%84%d9%8a-750-%d9%85%d9%84%d9%84%d9%8a-750-%d9%85%d9%84%d9%84%d9%8a-%d9%83%d9%88%d8%a8-%d9%88%d8%a7%d8%ad%d8%af-%d9%84%d8%b1%d8%ac-%d8%a7%d9%84%d8%b4%d8%a7%d9%8a-%d8%a8%d8%a7%d9%84\/\",\"name\":\"350ml-750ml Single Cup Milk Tea Shaking Machine\",\"isPartOf\":{\"@id\":\"https:\/\/kengmingcn.com\/#website\"},\"primaryImageOfPage\":{\"@id\":\"https:\/\/kengmingcn.com\/ar\/product\/350-%d9%85%d9%84%d9%84%d9%8a-750-%d9%85%d9%84%d9%84%d9%8a-750-%d9%85%d9%84%d9%84%d9%8a-%d9%83%d9%88%d8%a8-%d9%88%d8%a7%d8%ad%d8%af-%d9%84%d8%b1%d8%ac-%d8%a7%d9%84%d8%b4%d8%a7%d9%8a-%d8%a8%d8%a7%d9%84\/#primaryimage\"},\"image\":{\"@id\":\"https:\/\/kengmingcn.com\/ar\/product\/350-%d9%85%d9%84%d9%84%d9%8a-750-%d9%85%d9%84%d9%84%d9%8a-750-%d9%85%d9%84%d9%84%d9%8a-%d9%83%d9%88%d8%a8-%d9%88%d8%a7%d8%ad%d8%af-%d9%84%d8%b1%d8%ac-%d8%a7%d9%84%d8%b4%d8%a7%d9%8a-%d8%a8%d8%a7%d9%84\/#primaryimage\"},\"thumbnailUrl\":\"https:\/\/kengmingcn.com\/wp-content\/uploads\/2025\/05\/7.png\",\"datePublished\":\"2025-05-08T11:37:56+00:00\",\"dateModified\":\"2025-06-12T09:56:34+00:00\",\"description\":\"350ml-750ml Single Cup Milk Tea Shaking Machine\",\"breadcrumb\":{\"@id\":\"https:\/\/kengmingcn.com\/ar\/product\/350-%d9%85%d9%84%d9%84%d9%8a-750-%d9%85%d9%84%d9%84%d9%8a-750-%d9%85%d9%84%d9%84%d9%8a-%d9%83%d9%88%d8%a8-%d9%88%d8%a7%d8%ad%d8%af-%d9%84%d8%b1%d8%ac-%d8%a7%d9%84%d8%b4%d8%a7%d9%8a-%d8%a8%d8%a7%d9%84\/#breadcrumb\"},\"inLanguage\":\"it-IT\",\"potentialAction\":[{\"@type\":\"ReadAction\",\"target\":[\"https:\/\/kengmingcn.com\/ar\/product\/350-%d9%85%d9%84%d9%84%d9%8a-750-%d9%85%d9%84%d9%84%d9%8a-750-%d9%85%d9%84%d9%84%d9%8a-%d9%83%d9%88%d8%a8-%d9%88%d8%a7%d8%ad%d8%af-%d9%84%d8%b1%d8%ac-%d8%a7%d9%84%d8%b4%d8%a7%d9%8a-%d8%a8%d8%a7%d9%84\/\"]}]},{\"@type\":\"ImageObject\",\"inLanguage\":\"it-IT\",\"@id\":\"https:\/\/kengmingcn.com\/ar\/product\/350-%d9%85%d9%84%d9%84%d9%8a-750-%d9%85%d9%84%d9%84%d9%8a-750-%d9%85%d9%84%d9%84%d9%8a-%d9%83%d9%88%d8%a8-%d9%88%d8%a7%d8%ad%d8%af-%d9%84%d8%b1%d8%ac-%d8%a7%d9%84%d8%b4%d8%a7%d9%8a-%d8%a8%d8%a7%d9%84\/#primaryimage\",\"url\":\"https:\/\/kengmingcn.com\/wp-content\/uploads\/2025\/05\/7.png\",\"contentUrl\":\"https:\/\/kengmingcn.com\/wp-content\/uploads\/2025\/05\/7.png\",\"width\":550,\"height\":550,\"caption\":\"single milk tea shaker 750ml\"},{\"@type\":\"BreadcrumbList\",\"@id\":\"https:\/\/kengmingcn.com\/ar\/product\/350-%d9%85%d9%84%d9%84%d9%8a-750-%d9%85%d9%84%d9%84%d9%8a-750-%d9%85%d9%84%d9%84%d9%8a-%d9%83%d9%88%d8%a8-%d9%88%d8%a7%d8%ad%d8%af-%d9%84%d8%b1%d8%ac-%d8%a7%d9%84%d8%b4%d8%a7%d9%8a-%d8%a8%d8%a7%d9%84\/#breadcrumb\",\"itemListElement\":[{\"@type\":\"ListItem\",\"position\":1,\"name\":\"Home\",\"item\":\"https:\/\/kengmingcn.com\/\"},{\"@type\":\"ListItem\",\"position\":2,\"name\":\"Catalogue\",\"item\":\"https:\/\/kengmingcn.com\/?page_id=27131\"},{\"@type\":\"ListItem\",\"position\":3,\"name\":\"350ml-750ml Single Cup Milk Tea Shaking Machine Milkshake Machine Beverage Making Equipment LJY120-1-120W-220V\"}]},{\"@type\":\"WebSite\",\"@id\":\"https:\/\/kengmingcn.com\/#website\",\"url\":\"https:\/\/kengmingcn.com\/\",\"name\":\"Kitchen Equipment\",\"description\":\"KengMing is a professional commercial kitchen equipment manufacturer and wholesale supplier, offering cooking, food prep and bakery equipment with OEM &amp; ODM service for global distributors.\",\"publisher\":{\"@id\":\"https:\/\/kengmingcn.com\/#organization\"},\"potentialAction\":[{\"@type\":\"SearchAction\",\"target\":{\"@type\":\"EntryPoint\",\"urlTemplate\":\"https:\/\/kengmingcn.com\/?s={search_term_string}\"},\"query-input\":{\"@type\":\"PropertyValueSpecification\",\"valueRequired\":true,\"valueName\":\"search_term_string\"}}],\"inLanguage\":\"it-IT\"},{\"@type\":\"Organization\",\"@id\":\"https:\/\/kengmingcn.com\/#organization\",\"name\":\"GuangZhou KengMing\",\"url\":\"https:\/\/kengmingcn.com\/\",\"logo\":{\"@type\":\"ImageObject\",\"inLanguage\":\"it-IT\",\"@id\":\"https:\/\/kengmingcn.com\/#\/schema\/logo\/image\/\",\"url\":\"https:\/\/kengmingcn.com\/wp-content\/uploads\/2025\/04\/cropped-1744508604969-removebg-preview.png\",\"contentUrl\":\"https:\/\/kengmingcn.com\/wp-content\/uploads\/2025\/04\/cropped-1744508604969-removebg-preview.png\",\"width\":512,\"height\":512,\"caption\":\"GuangZhou KengMing\"},\"image\":{\"@id\":\"https:\/\/kengmingcn.com\/#\/schema\/logo\/image\/\"}}]}<\/script>\n<meta property=\"product:price:amount\" content=\"0.00\" \/>\n<meta property=\"product:price:currency\" content=\"USD\" \/>\n<meta property=\"og:availability\" content=\"instock\" \/>\n<meta property=\"product:availability\" content=\"instock\" \/>\n<meta property=\"product:condition\" content=\"new\" \/>\n<!-- \/ Yoast SEO Premium plugin. -->","yoast_head_json":{"title":"350ml-750ml singola tazza latte t\u00e8 agitazione macchina","description":"350ml-750ml singola tazza latte t\u00e8 agitazione macchina","robots":{"index":"index","follow":"follow","max-snippet":"max-snippet:-1","max-image-preview":"max-image-preview:large","max-video-preview":"max-video-preview:-1"},"canonical":"https:\/\/kengmingcn.com\/it\/product\/350ml-750ml-singola-tazza-latte-te-agitazione-macchina-milkshake-macchina-bevanda-rendendo-attrezzature-ljy120-1-120w-220v\/","og_locale":"it_IT","og_type":"article","og_title":"350ml-750ml Single Cup Milk Tea Shaking Machine Milkshake Machine Beverage Making Equipment LJY120-1-120W-220V","og_description":"350ml-750ml Single Cup Milk Tea Shaking Machine","og_url":"https:\/\/kengmingcn.com\/it\/product\/350ml-750ml-singola-tazza-latte-te-agitazione-macchina-milkshake-macchina-bevanda-rendendo-attrezzature-ljy120-1-120w-220v\/","og_site_name":"KengMing | Manufacturer of Commercial Kitchen Equipment","article_modified_time":"2025-06-12T09:56:34+00:00","og_image":[{"width":550,"height":550,"url":"https:\/\/kengmingcn.com\/wp-content\/uploads\/2025\/05\/7.png","type":"image\/png"}],"twitter_card":"summary_large_image","twitter_misc":{"Prezzo":"","Disponibilit\u00e0":"In stock"},"schema":{"@context":"https:\/\/schema.org","@graph":[{"@type":"WebPage","@id":"https:\/\/kengmingcn.com\/ar\/product\/350-%d9%85%d9%84%d9%84%d9%8a-750-%d9%85%d9%84%d9%84%d9%8a-750-%d9%85%d9%84%d9%84%d9%8a-%d9%83%d9%88%d8%a8-%d9%88%d8%a7%d8%ad%d8%af-%d9%84%d8%b1%d8%ac-%d8%a7%d9%84%d8%b4%d8%a7%d9%8a-%d8%a8%d8%a7%d9%84\/","url":"https:\/\/kengmingcn.com\/ar\/product\/350-%d9%85%d9%84%d9%84%d9%8a-750-%d9%85%d9%84%d9%84%d9%8a-750-%d9%85%d9%84%d9%84%d9%8a-%d9%83%d9%88%d8%a8-%d9%88%d8%a7%d8%ad%d8%af-%d9%84%d8%b1%d8%ac-%d8%a7%d9%84%d8%b4%d8%a7%d9%8a-%d8%a8%d8%a7%d9%84\/","name":"350ml-750ml singola tazza latte t\u00e8 agitazione macchina","isPartOf":{"@id":"https:\/\/kengmingcn.com\/#website"},"primaryImageOfPage":{"@id":"https:\/\/kengmingcn.com\/ar\/product\/350-%d9%85%d9%84%d9%84%d9%8a-750-%d9%85%d9%84%d9%84%d9%8a-750-%d9%85%d9%84%d9%84%d9%8a-%d9%83%d9%88%d8%a8-%d9%88%d8%a7%d8%ad%d8%af-%d9%84%d8%b1%d8%ac-%d8%a7%d9%84%d8%b4%d8%a7%d9%8a-%d8%a8%d8%a7%d9%84\/#primaryimage"},"image":{"@id":"https:\/\/kengmingcn.com\/ar\/product\/350-%d9%85%d9%84%d9%84%d9%8a-750-%d9%85%d9%84%d9%84%d9%8a-750-%d9%85%d9%84%d9%84%d9%8a-%d9%83%d9%88%d8%a8-%d9%88%d8%a7%d8%ad%d8%af-%d9%84%d8%b1%d8%ac-%d8%a7%d9%84%d8%b4%d8%a7%d9%8a-%d8%a8%d8%a7%d9%84\/#primaryimage"},"thumbnailUrl":"https:\/\/kengmingcn.com\/wp-content\/uploads\/2025\/05\/7.png","datePublished":"2025-05-08T11:37:56+00:00","dateModified":"2025-06-12T09:56:34+00:00","description":"350ml-750ml singola tazza latte t\u00e8 agitazione macchina","breadcrumb":{"@id":"https:\/\/kengmingcn.com\/ar\/product\/350-%d9%85%d9%84%d9%84%d9%8a-750-%d9%85%d9%84%d9%84%d9%8a-750-%d9%85%d9%84%d9%84%d9%8a-%d9%83%d9%88%d8%a8-%d9%88%d8%a7%d8%ad%d8%af-%d9%84%d8%b1%d8%ac-%d8%a7%d9%84%d8%b4%d8%a7%d9%8a-%d8%a8%d8%a7%d9%84\/#breadcrumb"},"inLanguage":"it-IT","potentialAction":[{"@type":"ReadAction","target":["https:\/\/kengmingcn.com\/ar\/product\/350-%d9%85%d9%84%d9%84%d9%8a-750-%d9%85%d9%84%d9%84%d9%8a-750-%d9%85%d9%84%d9%84%d9%8a-%d9%83%d9%88%d8%a8-%d9%88%d8%a7%d8%ad%d8%af-%d9%84%d8%b1%d8%ac-%d8%a7%d9%84%d8%b4%d8%a7%d9%8a-%d8%a8%d8%a7%d9%84\/"]}]},{"@type":"ImageObject","inLanguage":"it-IT","@id":"https:\/\/kengmingcn.com\/ar\/product\/350-%d9%85%d9%84%d9%84%d9%8a-750-%d9%85%d9%84%d9%84%d9%8a-750-%d9%85%d9%84%d9%84%d9%8a-%d9%83%d9%88%d8%a8-%d9%88%d8%a7%d8%ad%d8%af-%d9%84%d8%b1%d8%ac-%d8%a7%d9%84%d8%b4%d8%a7%d9%8a-%d8%a8%d8%a7%d9%84\/#primaryimage","url":"https:\/\/kengmingcn.com\/wp-content\/uploads\/2025\/05\/7.png","contentUrl":"https:\/\/kengmingcn.com\/wp-content\/uploads\/2025\/05\/7.png","width":550,"height":550,"caption":"single milk tea shaker 750ml"},{"@type":"BreadcrumbList","@id":"https:\/\/kengmingcn.com\/ar\/product\/350-%d9%85%d9%84%d9%84%d9%8a-750-%d9%85%d9%84%d9%84%d9%8a-750-%d9%85%d9%84%d9%84%d9%8a-%d9%83%d9%88%d8%a8-%d9%88%d8%a7%d8%ad%d8%af-%d9%84%d8%b1%d8%ac-%d8%a7%d9%84%d8%b4%d8%a7%d9%8a-%d8%a8%d8%a7%d9%84\/#breadcrumb","itemListElement":[{"@type":"ListItem","position":1,"name":"Home","item":"https:\/\/kengmingcn.com\/"},{"@type":"ListItem","position":2,"name":"Catalogue","item":"https:\/\/kengmingcn.com\/?page_id=27131"},{"@type":"ListItem","position":3,"name":"350ml-750ml Single Cup Milk Tea Shaking Machine Milkshake Machine Beverage Making Equipment LJY120-1-120W-220V"}]},{"@type":"WebSite","@id":"https:\/\/kengmingcn.com\/#website","url":"https:\/\/kengmingcn.com\/","name":"Attrezzature da cucina","description":"KengMing \u00e8 un produttore di attrezzature per cucine commerciali e un fornitore all'ingrosso che offre attrezzature per la cottura, la preparazione degli alimenti e la panificazione con servizio OEM e ODM per i distributori globali.","publisher":{"@id":"https:\/\/kengmingcn.com\/#organization"},"potentialAction":[{"@type":"SearchAction","target":{"@type":"EntryPoint","urlTemplate":"https:\/\/kengmingcn.com\/?s={search_term_string}"},"query-input":{"@type":"PropertyValueSpecification","valueRequired":true,"valueName":"search_term_string"}}],"inLanguage":"it-IT"},{"@type":"Organization","@id":"https:\/\/kengmingcn.com\/#organization","name":"GuangZhou KengMing","url":"https:\/\/kengmingcn.com\/","logo":{"@type":"ImageObject","inLanguage":"it-IT","@id":"https:\/\/kengmingcn.com\/#\/schema\/logo\/image\/","url":"https:\/\/kengmingcn.com\/wp-content\/uploads\/2025\/04\/cropped-1744508604969-removebg-preview.png","contentUrl":"https:\/\/kengmingcn.com\/wp-content\/uploads\/2025\/04\/cropped-1744508604969-removebg-preview.png","width":512,"height":512,"caption":"GuangZhou KengMing"},"image":{"@id":"https:\/\/kengmingcn.com\/#\/schema\/logo\/image\/"}}]},"product_price_amount":"0.00","product_price_currency":"USD","og_availability":"instock","product_availability":"instock","product_condition":"new"},"_links":{"self":[{"href":"https:\/\/kengmingcn.com\/it\/wp-json\/wp\/v2\/product\/50446","targetHints":{"allow":["GET"]}}],"collection":[{"href":"https:\/\/kengmingcn.com\/it\/wp-json\/wp\/v2\/product"}],"about":[{"href":"https:\/\/kengmingcn.com\/it\/wp-json\/wp\/v2\/types\/product"}],"replies":[{"embeddable":true,"href":"https:\/\/kengmingcn.com\/it\/wp-json\/wp\/v2\/comments?post=50446"}],"wp:featuredmedia":[{"embeddable":true,"href":"https:\/\/kengmingcn.com\/it\/wp-json\/wp\/v2\/media\/50448"}],"wp:attachment":[{"href":"https:\/\/kengmingcn.com\/it\/wp-json\/wp\/v2\/media?parent=50446"}],"wp:term":[{"taxonomy":"product_brand","embeddable":true,"href":"https:\/\/kengmingcn.com\/it\/wp-json\/wp\/v2\/product_brand?post=50446"},{"taxonomy":"product_cat","embeddable":true,"href":"https:\/\/kengmingcn.com\/it\/wp-json\/wp\/v2\/product_cat?post=50446"},{"taxonomy":"product_tag","embeddable":true,"href":"https:\/\/kengmingcn.com\/it\/wp-json\/wp\/v2\/product_tag?post=50446"}],"curies":[{"name":"wp","href":"https:\/\/api.w.org\/{rel}","templated":true}]}}