{"id":50162,"date":"2025-05-06T19:04:21","date_gmt":"2025-05-06T11:04:21","guid":{"rendered":"https:\/\/kengmingcn.com\/?post_type=product&#038;p=50162"},"modified":"2026-01-13T11:27:44","modified_gmt":"2026-01-13T03:27:44","slug":"macchina-automatica-del-ghiaccio-della-macchina-del-frullato-del-singolo-vaso-macchina-fritta-del-gelato-per-la-macchina-della-granita-con-gli-acciai-inossidabili","status":"publish","type":"product","link":"https:\/\/kengmingcn.com\/it\/product\/macchina-automatica-del-ghiaccio-della-macchina-del-frullato-del-singolo-vaso-macchina-fritta-del-gelato-per-la-macchina-della-granita-con-gli-acciai-inossidabili\/","title":{"rendered":"Automatic Single Pot Smoothie Machine Ice Maker Fried Ice Cream Machine per la macchina granita con acciai inossidabili"},"content":{"rendered":"<figure class=\"wp-block-image\"><img decoding=\"async\" src=\"https:\/\/image.made-in-china.com\/226f3j00gFVBMOrsPnoS\/-1200W-220V-50Hz-7L-1-Automatic-Single-Pot-Smoothie-Machine-Ice-Maker-Fried-Ice-Cream-Machine-for-Slushie-Machine-with-Stainless-Steels.webp\" alt=\"(1200W-220V\/50Hz-7L*1) Automatic Single Pot Smoothie Machine Ice Maker Fried Ice Cream Machine per macchina granita con acciai inossidabili\" \/><\/figure>\n<p class=\"ai-optimize-28 ai-optimize-introduction\">1. Tecnologia innovativa: Tecnologia unica per la frittura del ghiaccio, il motore elettrico ad alta efficienza aziona il telaio del coltello per mescolare le materie prime, in modo che ogni parte delle materie prime possa essere uniformemente raffreddata, cos\u00ec che il processo di congelamento sia pi\u00f9 uniforme e rapido e la consistenza e il sapore delle materie prime possano essere meglio conservati.<br \/>\n2. Gusti diversificati: In base alla domanda, \u00e8 possibile realizzare prodotti di ghiaccio di vari gusti con diversi ingredienti liquidi, tra cui ghiaccio alla frutta, ghiaccio al cioccolato, ghiaccio al t\u00e8 al latte, ecc.<br \/>\n3. Funzionamento efficiente: La frittura automatizzata del ghiaccio consente un ciclo di produzione rapido, riduce le operazioni di manodopera e migliora l'efficienza del lavoro e la capacit\u00e0 produttiva.<br \/>\n4. Facile pulizia e manutenzione: Design semplice, facile da pulire e da mantenere per garantire un funzionamento stabile a lungo termine.<br \/>\n5. Protezione ambientale e risparmio energetico: Adozione di un design a risparmio energetico, riduzione del consumo energetico, in linea con i moderni requisiti di protezione ambientale.<\/p>\n<figure class=\"wp-block-image\"><img decoding=\"async\" src=\"https:\/\/image.made-in-china.com\/226f3j00PnlBCTgclOoK\/-1200W-220V-50Hz-7L-1-Automatic-Single-Pot-Smoothie-Machine-Ice-Maker-Fried-Ice-Cream-Machine-for-Slushie-Machine-with-Stainless-Steels.webp\" alt=\"(1200W-220V\/50Hz-7L*1) Automatic Single Pot Smoothie Machine Ice Maker Fried Ice Cream Machine per macchina granita con acciai inossidabili\" \/><\/figure>\n<figure class=\"wp-block-image\"><img decoding=\"async\" src=\"https:\/\/image.made-in-china.com\/226f3j00IyhCMrpRrNqS\/-1200W-220V-50Hz-7L-1-Automatic-Single-Pot-Smoothie-Machine-Ice-Maker-Fried-Ice-Cream-Machine-for-Slushie-Machine-with-Stainless-Steels.webp\" alt=\"(1200W-220V\/50Hz-7L*1) Automatic Single Pot Smoothie Machine Ice Maker Fried Ice Cream Machine per macchina granita con acciai inossidabili\" \/><\/figure>\n<figure class=\"wp-block-image\"><img decoding=\"async\" src=\"https:\/\/image.made-in-china.com\/226f3j00PFhBvlzIMyoj\/-1200W-220V-50Hz-7L-1-Automatic-Single-Pot-Smoothie-Machine-Ice-Maker-Fried-Ice-Cream-Machine-for-Slushie-Machine-with-Stainless-Steels.webp\" alt=\"(1200W-220V\/50Hz-7L*1) Automatic Single Pot Smoothie Machine Ice Maker Fried Ice Cream Machine per macchina granita con acciai inossidabili\" \/><\/figure>\n<p>&nbsp;<\/p>\n<figure class=\"wp-block-image size-full\"><\/figure>\n<p class=\"ai-optimize-29\">1. Negozio di t\u00e8 al latte:<br \/>\nScopo: Preparare rapidamente vari gusti di frullati fritti e t\u00e8 al latte per aumentare la variet\u00e0 del menu.<br \/>\nEsempio: Negozio di t\u00e8 al latte che utilizza una macchina automatica per frullati fritti per preparare t\u00e8 al latte fritto al mango e t\u00e8 al latte fritto alla fragola per attirare i clienti.<br \/>\n2. Gelateria:<br \/>\nScopo: produrre gelato fritto e offrire ai clienti un'esperienza di gelato unica.<br \/>\nEsempio: Le gelaterie utilizzano la macchina per frullati fritti per produrre gelato fritto al cioccolato o gelato fritto alla frutta mista per aumentare la variet\u00e0 dei prodotti.<br \/>\n3. Catena di ristoranti:<br \/>\nScopo: standardizzare il processo di produzione per garantire che tutti i punti vendita offrano frullati di qualit\u00e0 costante.<br \/>\nEsempio: Una catena di ristoranti lancia una serie di frullati fritti in estate, come Strawberry Banana Fried Smoothie, per garantire la stessa qualit\u00e0 in ogni punto vendita.<br \/>\n4. Caffetteria:<br \/>\nScopo: offrire ai clienti la possibilit\u00e0 di preparare frullati fritti in loco per migliorare l'interattivit\u00e0 del ristorante.<br \/>\nEsempio: la caffetteria allestisce una macchina per frullati fritti, i clienti possono scegliere diversi ingredienti e sapori per preparare frullati in loco.<br \/>\n5. Eventi e mostre:<br \/>\nScopo: Produrre rapidamente grandi quantit\u00e0 di frullati per soddisfare la forte domanda durante gli eventi.<br \/>\nEsempio: Utilizzo di una macchina per frullati fritti in occasione di festival musicali estivi o mostre per servire grandi quantit\u00e0 di bevande frullate, come frullati fritti alla frutta.<\/p>\n<figure class=\"wp-block-image\"><img decoding=\"async\" src=\"https:\/\/image.made-in-china.com\/226f3j00RoVvDlkabebB\/-1200W-220V-50Hz-7L-1-Automatic-Single-Pot-Smoothie-Machine-Ice-Maker-Fried-Ice-Cream-Machine-for-Slushie-Machine-with-Stainless-Steels.webp\" alt=\"(1200W-220V\/50Hz-7L*1) Automatic Single Pot Smoothie Machine Ice Maker Fried Ice Cream Machine per macchina granita con acciai inossidabili\" \/><\/figure>\n<figure class=\"wp-block-image\"><img decoding=\"async\" src=\"https:\/\/image.made-in-china.com\/226f3j00PyWBeMzGMNcj\/-1200W-220V-50Hz-7L-1-Automatic-Single-Pot-Smoothie-Machine-Ice-Maker-Fried-Ice-Cream-Machine-for-Slushie-Machine-with-Stainless-Steels.webp\" alt=\"(1200W-220V\/50Hz-7L*1) Automatic Single Pot Smoothie Machine Ice Maker Fried Ice Cream Machine per macchina granita con acciai inossidabili\" \/><\/figure>\n<figure class=\"wp-block-image\"><img decoding=\"async\" src=\"https:\/\/image.made-in-china.com\/226f3j00fklvDeqKlMbB\/-1200W-220V-50Hz-7L-1-Automatic-Single-Pot-Smoothie-Machine-Ice-Maker-Fried-Ice-Cream-Machine-for-Slushie-Machine-with-Stainless-Steels.webp\" alt=\"(1200W-220V\/50Hz-7L*1) Automatic Single Pot Smoothie Machine Ice Maker Fried Ice Cream Machine per macchina granita con acciai inossidabili\" \/><\/figure>\n<figure class=\"wp-block-image\"><img decoding=\"async\" src=\"https:\/\/image.made-in-china.com\/226f3j00LNiMByzjincS\/-1200W-220V-50Hz-7L-1-Automatic-Single-Pot-Smoothie-Machine-Ice-Maker-Fried-Ice-Cream-Machine-for-Slushie-Machine-with-Stainless-Steels.webp\" alt=\"(1200W-220V\/50Hz-7L*1) Automatic Single Pot Smoothie Machine Ice Maker Fried Ice Cream Machine per macchina granita con acciai inossidabili\" \/><\/figure>","protected":false},"excerpt":{"rendered":"<ul>\n<li>Potenza: 1200W<\/li>\n<li>Accessorio: Supporto per raschietto*1\/ un dado per il ripiano*1<\/li>\n<li>Materie prime: Frutta\/yogurt\/bevande\/gelato<\/li>\n<li>Punti di forza: Buon gusto del frullato<\/li>\n<li>Capacit\u00e0: 7L*1<\/li>\n<\/ul>","protected":false},"featured_media":50166,"comment_status":"open","ping_status":"closed","template":"","meta":{"_acf_changed":false},"product_brand":[],"product_cat":[251,275],"product_tag":[],"class_list":{"0":"post-50162","1":"product","2":"type-product","3":"status-publish","4":"has-post-thumbnail","6":"product_cat-fried-lce-cream-machine","7":"product_cat-refrigeration-equipment","8":"description-off","10":"first","11":"instock","12":"shipping-taxable","13":"product-type-simple"},"acf":[],"yoast_head":"<!-- This site is optimized with the Yoast SEO Premium plugin v25.3 (Yoast SEO v26.3) - https:\/\/yoast.com\/wordpress\/plugins\/seo\/ -->\n<title>Automatic Single Pot Smoothie Machine<\/title>\n<meta name=\"description\" content=\"Automatic Single Pot Smoothie Machine Ice Maker Fried Ice Cream Machine for Slushie Machine with Stainless Steels\" \/>\n<meta name=\"robots\" content=\"index, follow, max-snippet:-1, max-image-preview:large, max-video-preview:-1\" \/>\n<link rel=\"canonical\" href=\"https:\/\/kengmingcn.com\/it\/product\/macchina-automatica-del-ghiaccio-della-macchina-del-frullato-del-singolo-vaso-macchina-fritta-del-gelato-per-la-macchina-della-granita-con-gli-acciai-inossidabili\/\" \/>\n<meta property=\"og:locale\" content=\"it_IT\" \/>\n<meta property=\"og:type\" content=\"article\" \/>\n<meta property=\"og:title\" content=\"Automatic Single Pot Smoothie Machine Ice Maker Fried Ice Cream Machine for Slushie Machine with Stainless Steels\" \/>\n<meta property=\"og:description\" content=\"Automatic Single Pot Smoothie Machine Ice Maker Fried Ice Cream Machine for Slushie Machine with Stainless Steels\" \/>\n<meta property=\"og:url\" content=\"https:\/\/kengmingcn.com\/it\/product\/macchina-automatica-del-ghiaccio-della-macchina-del-frullato-del-singolo-vaso-macchina-fritta-del-gelato-per-la-macchina-della-granita-con-gli-acciai-inossidabili\/\" \/>\n<meta property=\"og:site_name\" content=\"KengMing | Manufacturer of Commercial Kitchen Equipment\" \/>\n<meta property=\"article:modified_time\" content=\"2026-01-13T03:27:44+00:00\" \/>\n<meta property=\"og:image\" content=\"https:\/\/kengmingcn.com\/wp-content\/uploads\/2025\/05\/1-3.png\" \/>\n\t<meta property=\"og:image:width\" content=\"550\" \/>\n\t<meta property=\"og:image:height\" content=\"550\" \/>\n\t<meta property=\"og:image:type\" content=\"image\/png\" \/>\n<meta name=\"twitter:card\" content=\"summary_large_image\" \/>\n<meta name=\"twitter:label1\" content=\"Prezzo\" \/>\n\t<meta name=\"twitter:data1\" content=\"\" \/>\n\t<meta name=\"twitter:label2\" content=\"Disponibilit\u00e0\" \/>\n\t<meta name=\"twitter:data2\" content=\"In stock\" \/>\n<script type=\"application\/ld+json\" class=\"yoast-schema-graph\">{\"@context\":\"https:\/\/schema.org\",\"@graph\":[{\"@type\":\"WebPage\",\"@id\":\"https:\/\/kengmingcn.com\/product\/automatic-single-pot-smoothie-machine-ice-maker-fried-ice-cream-machine-for-slushie-machine-with-stainless-steels\/\",\"url\":\"https:\/\/kengmingcn.com\/product\/automatic-single-pot-smoothie-machine-ice-maker-fried-ice-cream-machine-for-slushie-machine-with-stainless-steels\/\",\"name\":\"Automatic Single Pot Smoothie Machine\",\"isPartOf\":{\"@id\":\"https:\/\/kengmingcn.com\/#website\"},\"primaryImageOfPage\":{\"@id\":\"https:\/\/kengmingcn.com\/product\/automatic-single-pot-smoothie-machine-ice-maker-fried-ice-cream-machine-for-slushie-machine-with-stainless-steels\/#primaryimage\"},\"image\":{\"@id\":\"https:\/\/kengmingcn.com\/product\/automatic-single-pot-smoothie-machine-ice-maker-fried-ice-cream-machine-for-slushie-machine-with-stainless-steels\/#primaryimage\"},\"thumbnailUrl\":\"https:\/\/kengmingcn.com\/wp-content\/uploads\/2025\/05\/1-3.png\",\"datePublished\":\"2025-05-06T11:04:21+00:00\",\"dateModified\":\"2026-01-13T03:27:44+00:00\",\"description\":\"Automatic Single Pot Smoothie Machine Ice Maker Fried Ice Cream Machine for Slushie Machine with Stainless Steels\",\"breadcrumb\":{\"@id\":\"https:\/\/kengmingcn.com\/product\/automatic-single-pot-smoothie-machine-ice-maker-fried-ice-cream-machine-for-slushie-machine-with-stainless-steels\/#breadcrumb\"},\"inLanguage\":\"it-IT\",\"potentialAction\":[{\"@type\":\"ReadAction\",\"target\":[\"https:\/\/kengmingcn.com\/product\/automatic-single-pot-smoothie-machine-ice-maker-fried-ice-cream-machine-for-slushie-machine-with-stainless-steels\/\"]}]},{\"@type\":\"ImageObject\",\"inLanguage\":\"it-IT\",\"@id\":\"https:\/\/kengmingcn.com\/product\/automatic-single-pot-smoothie-machine-ice-maker-fried-ice-cream-machine-for-slushie-machine-with-stainless-steels\/#primaryimage\",\"url\":\"https:\/\/kengmingcn.com\/wp-content\/uploads\/2025\/05\/1-3.png\",\"contentUrl\":\"https:\/\/kengmingcn.com\/wp-content\/uploads\/2025\/05\/1-3.png\",\"width\":550,\"height\":550,\"caption\":\"LJZ120A-1 Automatic Single Pot Smoothie Machine\"},{\"@type\":\"BreadcrumbList\",\"@id\":\"https:\/\/kengmingcn.com\/product\/automatic-single-pot-smoothie-machine-ice-maker-fried-ice-cream-machine-for-slushie-machine-with-stainless-steels\/#breadcrumb\",\"itemListElement\":[{\"@type\":\"ListItem\",\"position\":1,\"name\":\"Home\",\"item\":\"https:\/\/kengmingcn.com\/\"},{\"@type\":\"ListItem\",\"position\":2,\"name\":\"Catalogue\",\"item\":\"https:\/\/kengmingcn.com\/?page_id=27131\"},{\"@type\":\"ListItem\",\"position\":3,\"name\":\"Automatic Single Pot Smoothie Machine Ice Maker Fried Ice Cream Machine for Slushie Machine with Stainless Steels\"}]},{\"@type\":\"WebSite\",\"@id\":\"https:\/\/kengmingcn.com\/#website\",\"url\":\"https:\/\/kengmingcn.com\/\",\"name\":\"Kitchen Equipment\",\"description\":\"KengMing is a professional commercial kitchen equipment manufacturer and wholesale supplier, offering cooking, food prep and bakery equipment with OEM &amp; ODM service for global distributors.\",\"publisher\":{\"@id\":\"https:\/\/kengmingcn.com\/#organization\"},\"potentialAction\":[{\"@type\":\"SearchAction\",\"target\":{\"@type\":\"EntryPoint\",\"urlTemplate\":\"https:\/\/kengmingcn.com\/?s={search_term_string}\"},\"query-input\":{\"@type\":\"PropertyValueSpecification\",\"valueRequired\":true,\"valueName\":\"search_term_string\"}}],\"inLanguage\":\"it-IT\"},{\"@type\":\"Organization\",\"@id\":\"https:\/\/kengmingcn.com\/#organization\",\"name\":\"GuangZhou KengMing\",\"url\":\"https:\/\/kengmingcn.com\/\",\"logo\":{\"@type\":\"ImageObject\",\"inLanguage\":\"it-IT\",\"@id\":\"https:\/\/kengmingcn.com\/#\/schema\/logo\/image\/\",\"url\":\"https:\/\/kengmingcn.com\/wp-content\/uploads\/2025\/04\/cropped-1744508604969-removebg-preview.png\",\"contentUrl\":\"https:\/\/kengmingcn.com\/wp-content\/uploads\/2025\/04\/cropped-1744508604969-removebg-preview.png\",\"width\":512,\"height\":512,\"caption\":\"GuangZhou KengMing\"},\"image\":{\"@id\":\"https:\/\/kengmingcn.com\/#\/schema\/logo\/image\/\"}}]}<\/script>\n<meta property=\"product:price:amount\" content=\"0.00\" \/>\n<meta property=\"product:price:currency\" content=\"USD\" \/>\n<meta property=\"og:availability\" content=\"instock\" \/>\n<meta property=\"product:availability\" content=\"instock\" \/>\n<meta property=\"product:condition\" content=\"new\" \/>\n<!-- \/ Yoast SEO Premium plugin. -->","yoast_head_json":{"title":"Macchina automatica per frullati a vaso singolo","description":"Automatic Single Pot Smoothie Machine Ice Maker Fried Ice Cream Machine per la macchina granita con acciai inossidabili","robots":{"index":"index","follow":"follow","max-snippet":"max-snippet:-1","max-image-preview":"max-image-preview:large","max-video-preview":"max-video-preview:-1"},"canonical":"https:\/\/kengmingcn.com\/it\/product\/macchina-automatica-del-ghiaccio-della-macchina-del-frullato-del-singolo-vaso-macchina-fritta-del-gelato-per-la-macchina-della-granita-con-gli-acciai-inossidabili\/","og_locale":"it_IT","og_type":"article","og_title":"Automatic Single Pot Smoothie Machine Ice Maker Fried Ice Cream Machine for Slushie Machine with Stainless Steels","og_description":"Automatic Single Pot Smoothie Machine Ice Maker Fried Ice Cream Machine for Slushie Machine with Stainless Steels","og_url":"https:\/\/kengmingcn.com\/it\/product\/macchina-automatica-del-ghiaccio-della-macchina-del-frullato-del-singolo-vaso-macchina-fritta-del-gelato-per-la-macchina-della-granita-con-gli-acciai-inossidabili\/","og_site_name":"KengMing | Manufacturer of Commercial Kitchen Equipment","article_modified_time":"2026-01-13T03:27:44+00:00","og_image":[{"width":550,"height":550,"url":"https:\/\/kengmingcn.com\/wp-content\/uploads\/2025\/05\/1-3.png","type":"image\/png"}],"twitter_card":"summary_large_image","twitter_misc":{"Prezzo":"","Disponibilit\u00e0":"In stock"},"schema":{"@context":"https:\/\/schema.org","@graph":[{"@type":"WebPage","@id":"https:\/\/kengmingcn.com\/product\/automatic-single-pot-smoothie-machine-ice-maker-fried-ice-cream-machine-for-slushie-machine-with-stainless-steels\/","url":"https:\/\/kengmingcn.com\/product\/automatic-single-pot-smoothie-machine-ice-maker-fried-ice-cream-machine-for-slushie-machine-with-stainless-steels\/","name":"Macchina automatica per frullati a vaso singolo","isPartOf":{"@id":"https:\/\/kengmingcn.com\/#website"},"primaryImageOfPage":{"@id":"https:\/\/kengmingcn.com\/product\/automatic-single-pot-smoothie-machine-ice-maker-fried-ice-cream-machine-for-slushie-machine-with-stainless-steels\/#primaryimage"},"image":{"@id":"https:\/\/kengmingcn.com\/product\/automatic-single-pot-smoothie-machine-ice-maker-fried-ice-cream-machine-for-slushie-machine-with-stainless-steels\/#primaryimage"},"thumbnailUrl":"https:\/\/kengmingcn.com\/wp-content\/uploads\/2025\/05\/1-3.png","datePublished":"2025-05-06T11:04:21+00:00","dateModified":"2026-01-13T03:27:44+00:00","description":"Automatic Single Pot Smoothie Machine Ice Maker Fried Ice Cream Machine per la macchina granita con acciai inossidabili","breadcrumb":{"@id":"https:\/\/kengmingcn.com\/product\/automatic-single-pot-smoothie-machine-ice-maker-fried-ice-cream-machine-for-slushie-machine-with-stainless-steels\/#breadcrumb"},"inLanguage":"it-IT","potentialAction":[{"@type":"ReadAction","target":["https:\/\/kengmingcn.com\/product\/automatic-single-pot-smoothie-machine-ice-maker-fried-ice-cream-machine-for-slushie-machine-with-stainless-steels\/"]}]},{"@type":"ImageObject","inLanguage":"it-IT","@id":"https:\/\/kengmingcn.com\/product\/automatic-single-pot-smoothie-machine-ice-maker-fried-ice-cream-machine-for-slushie-machine-with-stainless-steels\/#primaryimage","url":"https:\/\/kengmingcn.com\/wp-content\/uploads\/2025\/05\/1-3.png","contentUrl":"https:\/\/kengmingcn.com\/wp-content\/uploads\/2025\/05\/1-3.png","width":550,"height":550,"caption":"LJZ120A-1 Automatic Single Pot Smoothie Machine"},{"@type":"BreadcrumbList","@id":"https:\/\/kengmingcn.com\/product\/automatic-single-pot-smoothie-machine-ice-maker-fried-ice-cream-machine-for-slushie-machine-with-stainless-steels\/#breadcrumb","itemListElement":[{"@type":"ListItem","position":1,"name":"Home","item":"https:\/\/kengmingcn.com\/"},{"@type":"ListItem","position":2,"name":"Catalogue","item":"https:\/\/kengmingcn.com\/?page_id=27131"},{"@type":"ListItem","position":3,"name":"Automatic Single Pot Smoothie Machine Ice Maker Fried Ice Cream Machine for Slushie Machine with Stainless Steels"}]},{"@type":"WebSite","@id":"https:\/\/kengmingcn.com\/#website","url":"https:\/\/kengmingcn.com\/","name":"Attrezzature da cucina","description":"KengMing is a professional commercial kitchen equipment manufacturer and wholesale supplier, offering cooking, food prep and bakery equipment with OEM &amp; ODM service for global distributors.","publisher":{"@id":"https:\/\/kengmingcn.com\/#organization"},"potentialAction":[{"@type":"SearchAction","target":{"@type":"EntryPoint","urlTemplate":"https:\/\/kengmingcn.com\/?s={search_term_string}"},"query-input":{"@type":"PropertyValueSpecification","valueRequired":true,"valueName":"search_term_string"}}],"inLanguage":"it-IT"},{"@type":"Organization","@id":"https:\/\/kengmingcn.com\/#organization","name":"GuangZhou KengMing","url":"https:\/\/kengmingcn.com\/","logo":{"@type":"ImageObject","inLanguage":"it-IT","@id":"https:\/\/kengmingcn.com\/#\/schema\/logo\/image\/","url":"https:\/\/kengmingcn.com\/wp-content\/uploads\/2025\/04\/cropped-1744508604969-removebg-preview.png","contentUrl":"https:\/\/kengmingcn.com\/wp-content\/uploads\/2025\/04\/cropped-1744508604969-removebg-preview.png","width":512,"height":512,"caption":"GuangZhou KengMing"},"image":{"@id":"https:\/\/kengmingcn.com\/#\/schema\/logo\/image\/"}}]},"product_price_amount":"0.00","product_price_currency":"USD","og_availability":"instock","product_availability":"instock","product_condition":"new"},"_links":{"self":[{"href":"https:\/\/kengmingcn.com\/it\/wp-json\/wp\/v2\/product\/50162","targetHints":{"allow":["GET"]}}],"collection":[{"href":"https:\/\/kengmingcn.com\/it\/wp-json\/wp\/v2\/product"}],"about":[{"href":"https:\/\/kengmingcn.com\/it\/wp-json\/wp\/v2\/types\/product"}],"replies":[{"embeddable":true,"href":"https:\/\/kengmingcn.com\/it\/wp-json\/wp\/v2\/comments?post=50162"}],"wp:featuredmedia":[{"embeddable":true,"href":"https:\/\/kengmingcn.com\/it\/wp-json\/wp\/v2\/media\/50166"}],"wp:attachment":[{"href":"https:\/\/kengmingcn.com\/it\/wp-json\/wp\/v2\/media?parent=50162"}],"wp:term":[{"taxonomy":"product_brand","embeddable":true,"href":"https:\/\/kengmingcn.com\/it\/wp-json\/wp\/v2\/product_brand?post=50162"},{"taxonomy":"product_cat","embeddable":true,"href":"https:\/\/kengmingcn.com\/it\/wp-json\/wp\/v2\/product_cat?post=50162"},{"taxonomy":"product_tag","embeddable":true,"href":"https:\/\/kengmingcn.com\/it\/wp-json\/wp\/v2\/product_tag?post=50162"}],"curies":[{"name":"wp","href":"https:\/\/api.w.org\/{rel}","templated":true}]}}