{"id":50154,"date":"2025-05-06T19:00:01","date_gmt":"2025-05-06T11:00:01","guid":{"rendered":"https:\/\/kengmingcn.com\/?post_type=product&#038;p=50154"},"modified":"2026-01-13T11:27:34","modified_gmt":"2026-01-13T03:27:34","slug":"macchina-automatica-del-ghiaccio-della-macchina-del-frullato-del-doppio-vaso-macchina-fritta-del-gelato-per-la-macchina-della-granita-con-gli-acciai-inossidabili-2000w-7l2","status":"publish","type":"product","link":"https:\/\/kengmingcn.com\/it\/product\/macchina-automatica-del-ghiaccio-della-macchina-del-frullato-del-doppio-vaso-macchina-fritta-del-gelato-per-la-macchina-della-granita-con-gli-acciai-inossidabili-2000w-7l2\/","title":{"rendered":"Automatico doppio piatto Smoothie macchina Ice Maker gelato fritto macchina per granita macchina con acciai inossidabili 2000W 7L * 2"},"content":{"rendered":"<div style=\"width: 640px;\" class=\"wp-video\"><!--[if lt IE 9]><script>document.createElement('video');<\/script><![endif]-->\n<video class=\"wp-video-shortcode\" id=\"video-50154-1\" width=\"640\" height=\"360\" preload=\"metadata\" controls=\"controls\"><source type=\"video\/mp4\" src=\"https:\/\/cdn-gzkm.b-cdn.net\/Model\/LJZ200A-2\/LJZ200A-2%20Double%20Pot%20Smoothie%20Machine.mp4?_=1\" \/><a href=\"https:\/\/cdn-gzkm.b-cdn.net\/Model\/LJZ200A-2\/LJZ200A-2%20Double%20Pot%20Smoothie%20Machine.mp4\">https:\/\/cdn-gzkm.b-cdn.net\/Model\/LJZ200A-2\/LJZ200A-2%20Double%20Pot%20Smoothie%20Machine.mp4<\/a><\/video><\/div>\n<figure class=\"wp-block-image\"><img decoding=\"async\" src=\"https:\/\/image.made-in-china.com\/226f3j00nFVMdeEIGybW\/-220V-50Hz-2000W-7L-2-Automatic-Double-Pot-Smoothie-Machine-Ice-Maker-Fried-Ice-Cream-Machine-for-Slushie-Machine-with-Stainless-Steels.webp\" alt=\"(220V\/50Hz-2000W-7L*2) Automatic Double Pot Smoothie Machine Ice Maker Fried Ice Cream Machine per la macchina granita con acciai inossidabili\" \/><\/figure>\n<p>1. Tecnologia innovativa: Tecnologia unica per la frittura del ghiaccio, il motore elettrico ad alta efficienza aziona il telaio del coltello per mescolare le materie prime, in modo che ogni parte delle materie prime possa essere uniformemente raffreddata, cos\u00ec che il processo di congelamento sia pi\u00f9 uniforme e rapido e la consistenza e il sapore delle materie prime possano essere meglio conservati.<br \/>\n2. Gusti diversificati: In base alla domanda, \u00e8 possibile realizzare prodotti di ghiaccio di vari gusti con diversi ingredienti liquidi, tra cui ghiaccio alla frutta, ghiaccio al cioccolato, ghiaccio al t\u00e8 al latte, ecc.<br \/>\n3. Funzionamento efficiente: La frittura automatizzata del ghiaccio consente un ciclo di produzione rapido, riduce le operazioni di manodopera e migliora l'efficienza del lavoro e la capacit\u00e0 produttiva.<br \/>\n4. Facile pulizia e manutenzione: Design semplice, facile da pulire e da mantenere per garantire un funzionamento stabile a lungo termine.<br \/>\n5. Protezione ambientale e risparmio energetico: Adozione di un design a risparmio energetico, riduzione del consumo energetico, in linea con i moderni requisiti di protezione ambientale.<\/p>\n<figure class=\"wp-block-image\"><img decoding=\"async\" src=\"https:\/\/image.made-in-china.com\/226f3j00ZkieRrjthMbY\/-220V-50Hz-2000W-7L-2-Automatic-Double-Pot-Smoothie-Machine-Ice-Maker-Fried-Ice-Cream-Machine-for-Slushie-Machine-with-Stainless-Steels.webp\" alt=\"(220V\/50Hz-2000W-7L*2) Automatic Double Pot Smoothie Machine Ice Maker Fried Ice Cream Machine per la macchina granita con acciai inossidabili\" \/><\/figure>\n<figure class=\"wp-block-image\"><img decoding=\"async\" src=\"https:\/\/image.made-in-china.com\/226f3j00FylMwnTEQNbi\/-220V-50Hz-2000W-7L-2-Automatic-Double-Pot-Smoothie-Machine-Ice-Maker-Fried-Ice-Cream-Machine-for-Slushie-Machine-with-Stainless-Steels.webp\" alt=\"(220V\/50Hz-2000W-7L*2) Automatic Double Pot Smoothie Machine Ice Maker Fried Ice Cream Machine per la macchina granita con acciai inossidabili\" \/><\/figure>\n<figure class=\"wp-block-image\"><img decoding=\"async\" src=\"https:\/\/image.made-in-china.com\/226f3j00mNhMwQEKQOcW\/-220V-50Hz-2000W-7L-2-Automatic-Double-Pot-Smoothie-Machine-Ice-Maker-Fried-Ice-Cream-Machine-for-Slushie-Machine-with-Stainless-Steels.webp\" alt=\"(220V\/50Hz-2000W-7L*2) Automatic Double Pot Smoothie Machine Ice Maker Fried Ice Cream Machine per la macchina granita con acciai inossidabili\" \/><\/figure>\n<p>1. Negozio di t\u00e8 al latte:<br \/>\nScopo: Preparare rapidamente vari gusti di frullati fritti e t\u00e8 al latte per aumentare la variet\u00e0 del menu.<br \/>\nEsempio: Negozio di t\u00e8 al latte che utilizza una macchina automatica per frullati fritti per preparare t\u00e8 al latte fritto al mango e t\u00e8 al latte fritto alla fragola per attirare i clienti.<br \/>\n2. Gelateria:<br \/>\nScopo: produrre gelato fritto e offrire ai clienti un'esperienza di gelato unica.<br \/>\nEsempio: Le gelaterie utilizzano la macchina per frullati fritti per produrre gelato fritto al cioccolato o gelato fritto alla frutta mista per aumentare la variet\u00e0 dei prodotti.<br \/>\n3. Catena di ristoranti:<br \/>\nScopo: standardizzare il processo di produzione per garantire che tutti i punti vendita offrano frullati di qualit\u00e0 costante.<br \/>\nEsempio: Una catena di ristoranti lancia una serie di frullati fritti in estate, come Strawberry Banana Fried Smoothie, per garantire la stessa qualit\u00e0 in ogni punto vendita.<br \/>\n4. Caffetteria:<br \/>\nScopo: offrire ai clienti la possibilit\u00e0 di preparare frullati fritti in loco per migliorare l'interattivit\u00e0 del ristorante.<br \/>\nEsempio: la caffetteria allestisce una macchina per frullati fritti, i clienti possono scegliere diversi ingredienti e sapori per preparare frullati in loco.<br \/>\n5. Eventi e mostre:<br \/>\nScopo: Produrre rapidamente grandi quantit\u00e0 di frullati per soddisfare la forte domanda durante gli eventi.<br \/>\nEsempio: Utilizzo di una macchina per frullati fritti in occasione di festival musicali estivi o mostre per servire grandi quantit\u00e0 di bevande frullate, come frullati fritti alla frutta.<\/p>\n<figure class=\"wp-block-image\"><img decoding=\"async\" src=\"https:\/\/image.made-in-china.com\/226f3j00UkiBgtvrseoE\/-220V-50Hz-2000W-7L-2-Automatic-Double-Pot-Smoothie-Machine-Ice-Maker-Fried-Ice-Cream-Machine-for-Slushie-Machine-with-Stainless-Steels.webp\" alt=\"(220V\/50Hz-2000W-7L*2) Automatic Double Pot Smoothie Machine Ice Maker Fried Ice Cream Machine per la macchina granita con acciai inossidabili\" \/><\/figure>\n<figure class=\"wp-block-image\"><img decoding=\"async\" src=\"https:\/\/image.made-in-china.com\/226f3j00JFlewzaWwykV\/-220V-50Hz-2000W-7L-2-Automatic-Double-Pot-Smoothie-Machine-Ice-Maker-Fried-Ice-Cream-Machine-for-Slushie-Machine-with-Stainless-Steels.webp\" alt=\"(220V\/50Hz-2000W-7L*2) Automatic Double Pot Smoothie Machine Ice Maker Fried Ice Cream Machine per la macchina granita con acciai inossidabili\" \/><\/figure>\n<figure class=\"wp-block-image\"><img decoding=\"async\" src=\"https:\/\/image.made-in-china.com\/226f3j00GblezgCJCBoE\/-220V-50Hz-2000W-7L-2-Automatic-Double-Pot-Smoothie-Machine-Ice-Maker-Fried-Ice-Cream-Machine-for-Slushie-Machine-with-Stainless-Steels.webp\" alt=\"(220V\/50Hz-2000W-7L*2) Automatic Double Pot Smoothie Machine Ice Maker Fried Ice Cream Machine per la macchina granita con acciai inossidabili\" \/><\/figure>\n<figure class=\"wp-block-image\"><img decoding=\"async\" src=\"https:\/\/image.made-in-china.com\/226f3j00mnlCJWTMPNch\/-220V-50Hz-2000W-7L-2-Automatic-Double-Pot-Smoothie-Machine-Ice-Maker-Fried-Ice-Cream-Machine-for-Slushie-Machine-with-Stainless-Steels.webp\" alt=\"(220V\/50Hz-2000W-7L*2) Automatic Double Pot Smoothie Machine Ice Maker Fried Ice Cream Machine per la macchina granita con acciai inossidabili\" \/><\/figure>","protected":false},"excerpt":{"rendered":"<ul>\n<li>Potenza: 2000W<\/li>\n<li>Accessorio: Supporto per raschietto*1\/ un dado per il ripiano*1<\/li>\n<li>Materie prime: Frutta\/yogurt\/bevande\/gelato<\/li>\n<li>Capacit\u00e0: 7L*2<\/li>\n<li>Metodo di produzione del ghiaccio: Refrigerazione<\/li>\n<\/ul>","protected":false},"featured_media":50156,"comment_status":"open","ping_status":"closed","template":"","meta":{"_acf_changed":false},"product_brand":[],"product_cat":[251,275],"product_tag":[],"class_list":{"0":"post-50154","1":"product","2":"type-product","3":"status-publish","4":"has-post-thumbnail","6":"product_cat-fried-lce-cream-machine","7":"product_cat-refrigeration-equipment","8":"description-off","10":"first","11":"instock","12":"shipping-taxable","13":"product-type-simple"},"acf":[],"yoast_head":"<!-- This site is optimized with the Yoast SEO Premium plugin v25.3 (Yoast SEO v26.3) - https:\/\/yoast.com\/wordpress\/plugins\/seo\/ -->\n<title>Automatic Double Pot Smoothie Machine Ice Maker Fried Ice Cream Machine for Slushie Machine with Stainless Steels 2000W 7L*2 - KengMing | Manufacturer of Commercial Kitchen Equipment<\/title>\n<meta name=\"description\" content=\"Automatic Double Pot Smoothie Machine Ice Maker Fried Ice Cream Machine for Slushie Machine with Stainless Steels 2000W 7L*2\" \/>\n<meta name=\"robots\" content=\"index, follow, max-snippet:-1, max-image-preview:large, max-video-preview:-1\" \/>\n<link rel=\"canonical\" href=\"https:\/\/kengmingcn.com\/it\/product\/macchina-automatica-del-ghiaccio-della-macchina-del-frullato-del-doppio-vaso-macchina-fritta-del-gelato-per-la-macchina-della-granita-con-gli-acciai-inossidabili-2000w-7l2\/\" \/>\n<meta property=\"og:locale\" content=\"it_IT\" \/>\n<meta property=\"og:type\" content=\"article\" \/>\n<meta property=\"og:title\" content=\"Automatic Double Pot Smoothie Machine Ice Maker Fried Ice Cream Machine for Slushie Machine with Stainless Steels 2000W 7L*2\" \/>\n<meta property=\"og:description\" content=\"Automatic Double Pot Smoothie Machine Ice Maker Fried Ice Cream Machine for Slushie Machine with Stainless Steels 2000W 7L*2\" \/>\n<meta property=\"og:url\" content=\"https:\/\/kengmingcn.com\/it\/product\/macchina-automatica-del-ghiaccio-della-macchina-del-frullato-del-doppio-vaso-macchina-fritta-del-gelato-per-la-macchina-della-granita-con-gli-acciai-inossidabili-2000w-7l2\/\" \/>\n<meta property=\"og:site_name\" content=\"KengMing | Manufacturer of Commercial Kitchen Equipment\" \/>\n<meta property=\"article:modified_time\" content=\"2026-01-13T03:27:34+00:00\" \/>\n<meta property=\"og:image\" content=\"https:\/\/kengmingcn.com\/wp-content\/uploads\/2025\/05\/4-1.png\" \/>\n\t<meta property=\"og:image:width\" content=\"550\" \/>\n\t<meta property=\"og:image:height\" content=\"550\" \/>\n\t<meta property=\"og:image:type\" content=\"image\/png\" \/>\n<meta name=\"twitter:card\" content=\"summary_large_image\" \/>\n<meta name=\"twitter:label1\" content=\"Prezzo\" \/>\n\t<meta name=\"twitter:data1\" content=\"\" \/>\n\t<meta name=\"twitter:label2\" content=\"Disponibilit\u00e0\" \/>\n\t<meta name=\"twitter:data2\" content=\"In stock\" \/>\n<script type=\"application\/ld+json\" class=\"yoast-schema-graph\">{\"@context\":\"https:\/\/schema.org\",\"@graph\":[{\"@type\":\"WebPage\",\"@id\":\"https:\/\/kengmingcn.com\/product\/automatic-double-pot-smoothie-machine-ice-maker-fried-ice-cream-machine-for-slushie-machine-with-stainless-steels-2000w-7l2\/\",\"url\":\"https:\/\/kengmingcn.com\/product\/automatic-double-pot-smoothie-machine-ice-maker-fried-ice-cream-machine-for-slushie-machine-with-stainless-steels-2000w-7l2\/\",\"name\":\"Automatic Double Pot Smoothie Machine Ice Maker Fried Ice Cream Machine for Slushie Machine with Stainless Steels 2000W 7L*2 - KengMing | Manufacturer of Commercial Kitchen Equipment\",\"isPartOf\":{\"@id\":\"https:\/\/kengmingcn.com\/#website\"},\"primaryImageOfPage\":{\"@id\":\"https:\/\/kengmingcn.com\/product\/automatic-double-pot-smoothie-machine-ice-maker-fried-ice-cream-machine-for-slushie-machine-with-stainless-steels-2000w-7l2\/#primaryimage\"},\"image\":{\"@id\":\"https:\/\/kengmingcn.com\/product\/automatic-double-pot-smoothie-machine-ice-maker-fried-ice-cream-machine-for-slushie-machine-with-stainless-steels-2000w-7l2\/#primaryimage\"},\"thumbnailUrl\":\"https:\/\/kengmingcn.com\/wp-content\/uploads\/2025\/05\/4-1.png\",\"datePublished\":\"2025-05-06T11:00:01+00:00\",\"dateModified\":\"2026-01-13T03:27:34+00:00\",\"description\":\"Automatic Double Pot Smoothie Machine Ice Maker Fried Ice Cream Machine for Slushie Machine with Stainless Steels 2000W 7L*2\",\"breadcrumb\":{\"@id\":\"https:\/\/kengmingcn.com\/product\/automatic-double-pot-smoothie-machine-ice-maker-fried-ice-cream-machine-for-slushie-machine-with-stainless-steels-2000w-7l2\/#breadcrumb\"},\"inLanguage\":\"it-IT\",\"potentialAction\":[{\"@type\":\"ReadAction\",\"target\":[\"https:\/\/kengmingcn.com\/product\/automatic-double-pot-smoothie-machine-ice-maker-fried-ice-cream-machine-for-slushie-machine-with-stainless-steels-2000w-7l2\/\"]}]},{\"@type\":\"ImageObject\",\"inLanguage\":\"it-IT\",\"@id\":\"https:\/\/kengmingcn.com\/product\/automatic-double-pot-smoothie-machine-ice-maker-fried-ice-cream-machine-for-slushie-machine-with-stainless-steels-2000w-7l2\/#primaryimage\",\"url\":\"https:\/\/kengmingcn.com\/wp-content\/uploads\/2025\/05\/4-1.png\",\"contentUrl\":\"https:\/\/kengmingcn.com\/wp-content\/uploads\/2025\/05\/4-1.png\",\"width\":550,\"height\":550,\"caption\":\"LJZ200A-2 Double Pot Smoothie Machine\"},{\"@type\":\"BreadcrumbList\",\"@id\":\"https:\/\/kengmingcn.com\/product\/automatic-double-pot-smoothie-machine-ice-maker-fried-ice-cream-machine-for-slushie-machine-with-stainless-steels-2000w-7l2\/#breadcrumb\",\"itemListElement\":[{\"@type\":\"ListItem\",\"position\":1,\"name\":\"Home\",\"item\":\"https:\/\/kengmingcn.com\/\"},{\"@type\":\"ListItem\",\"position\":2,\"name\":\"Catalogue\",\"item\":\"https:\/\/kengmingcn.com\/?page_id=27131\"},{\"@type\":\"ListItem\",\"position\":3,\"name\":\"Automatic Double Pot Smoothie Machine Ice Maker Fried Ice Cream Machine for Slushie Machine with Stainless Steels 2000W 7L*2\"}]},{\"@type\":\"WebSite\",\"@id\":\"https:\/\/kengmingcn.com\/#website\",\"url\":\"https:\/\/kengmingcn.com\/\",\"name\":\"Kitchen Equipment\",\"description\":\"KengMing is a professional commercial kitchen equipment manufacturer and wholesale supplier, offering cooking, food prep and bakery equipment with OEM &amp; ODM service for global distributors.\",\"publisher\":{\"@id\":\"https:\/\/kengmingcn.com\/#organization\"},\"potentialAction\":[{\"@type\":\"SearchAction\",\"target\":{\"@type\":\"EntryPoint\",\"urlTemplate\":\"https:\/\/kengmingcn.com\/?s={search_term_string}\"},\"query-input\":{\"@type\":\"PropertyValueSpecification\",\"valueRequired\":true,\"valueName\":\"search_term_string\"}}],\"inLanguage\":\"it-IT\"},{\"@type\":\"Organization\",\"@id\":\"https:\/\/kengmingcn.com\/#organization\",\"name\":\"GuangZhou KengMing\",\"url\":\"https:\/\/kengmingcn.com\/\",\"logo\":{\"@type\":\"ImageObject\",\"inLanguage\":\"it-IT\",\"@id\":\"https:\/\/kengmingcn.com\/#\/schema\/logo\/image\/\",\"url\":\"https:\/\/kengmingcn.com\/wp-content\/uploads\/2025\/04\/cropped-1744508604969-removebg-preview.png\",\"contentUrl\":\"https:\/\/kengmingcn.com\/wp-content\/uploads\/2025\/04\/cropped-1744508604969-removebg-preview.png\",\"width\":512,\"height\":512,\"caption\":\"GuangZhou KengMing\"},\"image\":{\"@id\":\"https:\/\/kengmingcn.com\/#\/schema\/logo\/image\/\"}}]}<\/script>\n<meta property=\"product:price:amount\" content=\"0.00\" \/>\n<meta property=\"product:price:currency\" content=\"USD\" \/>\n<meta property=\"og:availability\" content=\"instock\" \/>\n<meta property=\"product:availability\" content=\"instock\" \/>\n<meta property=\"product:condition\" content=\"new\" \/>\n<!-- \/ Yoast SEO Premium plugin. -->","yoast_head_json":{"title":"Automatico doppio Pot Smoothie macchina Ice Maker gelato fritto macchina per granita macchina con acciai inossidabili 2000W 7L * 2 - KengMing | Produttore di attrezzature da cucina commerciale","description":"Automatico doppio piatto Smoothie macchina Ice Maker gelato fritto macchina per granita macchina con acciai inossidabili 2000W 7L * 2","robots":{"index":"index","follow":"follow","max-snippet":"max-snippet:-1","max-image-preview":"max-image-preview:large","max-video-preview":"max-video-preview:-1"},"canonical":"https:\/\/kengmingcn.com\/it\/product\/macchina-automatica-del-ghiaccio-della-macchina-del-frullato-del-doppio-vaso-macchina-fritta-del-gelato-per-la-macchina-della-granita-con-gli-acciai-inossidabili-2000w-7l2\/","og_locale":"it_IT","og_type":"article","og_title":"Automatic Double Pot Smoothie Machine Ice Maker Fried Ice Cream Machine for Slushie Machine with Stainless Steels 2000W 7L*2","og_description":"Automatic Double Pot Smoothie Machine Ice Maker Fried Ice Cream Machine for Slushie Machine with Stainless Steels 2000W 7L*2","og_url":"https:\/\/kengmingcn.com\/it\/product\/macchina-automatica-del-ghiaccio-della-macchina-del-frullato-del-doppio-vaso-macchina-fritta-del-gelato-per-la-macchina-della-granita-con-gli-acciai-inossidabili-2000w-7l2\/","og_site_name":"KengMing | Manufacturer of Commercial Kitchen Equipment","article_modified_time":"2026-01-13T03:27:34+00:00","og_image":[{"width":550,"height":550,"url":"https:\/\/kengmingcn.com\/wp-content\/uploads\/2025\/05\/4-1.png","type":"image\/png"}],"twitter_card":"summary_large_image","twitter_misc":{"Prezzo":"","Disponibilit\u00e0":"In stock"},"schema":{"@context":"https:\/\/schema.org","@graph":[{"@type":"WebPage","@id":"https:\/\/kengmingcn.com\/product\/automatic-double-pot-smoothie-machine-ice-maker-fried-ice-cream-machine-for-slushie-machine-with-stainless-steels-2000w-7l2\/","url":"https:\/\/kengmingcn.com\/product\/automatic-double-pot-smoothie-machine-ice-maker-fried-ice-cream-machine-for-slushie-machine-with-stainless-steels-2000w-7l2\/","name":"Automatico doppio Pot Smoothie macchina Ice Maker gelato fritto macchina per granita macchina con acciai inossidabili 2000W 7L * 2 - KengMing | Produttore di attrezzature da cucina commerciale","isPartOf":{"@id":"https:\/\/kengmingcn.com\/#website"},"primaryImageOfPage":{"@id":"https:\/\/kengmingcn.com\/product\/automatic-double-pot-smoothie-machine-ice-maker-fried-ice-cream-machine-for-slushie-machine-with-stainless-steels-2000w-7l2\/#primaryimage"},"image":{"@id":"https:\/\/kengmingcn.com\/product\/automatic-double-pot-smoothie-machine-ice-maker-fried-ice-cream-machine-for-slushie-machine-with-stainless-steels-2000w-7l2\/#primaryimage"},"thumbnailUrl":"https:\/\/kengmingcn.com\/wp-content\/uploads\/2025\/05\/4-1.png","datePublished":"2025-05-06T11:00:01+00:00","dateModified":"2026-01-13T03:27:34+00:00","description":"Automatico doppio piatto Smoothie macchina Ice Maker gelato fritto macchina per granita macchina con acciai inossidabili 2000W 7L * 2","breadcrumb":{"@id":"https:\/\/kengmingcn.com\/product\/automatic-double-pot-smoothie-machine-ice-maker-fried-ice-cream-machine-for-slushie-machine-with-stainless-steels-2000w-7l2\/#breadcrumb"},"inLanguage":"it-IT","potentialAction":[{"@type":"ReadAction","target":["https:\/\/kengmingcn.com\/product\/automatic-double-pot-smoothie-machine-ice-maker-fried-ice-cream-machine-for-slushie-machine-with-stainless-steels-2000w-7l2\/"]}]},{"@type":"ImageObject","inLanguage":"it-IT","@id":"https:\/\/kengmingcn.com\/product\/automatic-double-pot-smoothie-machine-ice-maker-fried-ice-cream-machine-for-slushie-machine-with-stainless-steels-2000w-7l2\/#primaryimage","url":"https:\/\/kengmingcn.com\/wp-content\/uploads\/2025\/05\/4-1.png","contentUrl":"https:\/\/kengmingcn.com\/wp-content\/uploads\/2025\/05\/4-1.png","width":550,"height":550,"caption":"LJZ200A-2 Double Pot Smoothie Machine"},{"@type":"BreadcrumbList","@id":"https:\/\/kengmingcn.com\/product\/automatic-double-pot-smoothie-machine-ice-maker-fried-ice-cream-machine-for-slushie-machine-with-stainless-steels-2000w-7l2\/#breadcrumb","itemListElement":[{"@type":"ListItem","position":1,"name":"Home","item":"https:\/\/kengmingcn.com\/"},{"@type":"ListItem","position":2,"name":"Catalogue","item":"https:\/\/kengmingcn.com\/?page_id=27131"},{"@type":"ListItem","position":3,"name":"Automatic Double Pot Smoothie Machine Ice Maker Fried Ice Cream Machine for Slushie Machine with Stainless Steels 2000W 7L*2"}]},{"@type":"WebSite","@id":"https:\/\/kengmingcn.com\/#website","url":"https:\/\/kengmingcn.com\/","name":"Attrezzature da cucina","description":"KengMing is a professional commercial kitchen equipment manufacturer and wholesale supplier, offering cooking, food prep and bakery equipment with OEM &amp; ODM service for global distributors.","publisher":{"@id":"https:\/\/kengmingcn.com\/#organization"},"potentialAction":[{"@type":"SearchAction","target":{"@type":"EntryPoint","urlTemplate":"https:\/\/kengmingcn.com\/?s={search_term_string}"},"query-input":{"@type":"PropertyValueSpecification","valueRequired":true,"valueName":"search_term_string"}}],"inLanguage":"it-IT"},{"@type":"Organization","@id":"https:\/\/kengmingcn.com\/#organization","name":"GuangZhou KengMing","url":"https:\/\/kengmingcn.com\/","logo":{"@type":"ImageObject","inLanguage":"it-IT","@id":"https:\/\/kengmingcn.com\/#\/schema\/logo\/image\/","url":"https:\/\/kengmingcn.com\/wp-content\/uploads\/2025\/04\/cropped-1744508604969-removebg-preview.png","contentUrl":"https:\/\/kengmingcn.com\/wp-content\/uploads\/2025\/04\/cropped-1744508604969-removebg-preview.png","width":512,"height":512,"caption":"GuangZhou KengMing"},"image":{"@id":"https:\/\/kengmingcn.com\/#\/schema\/logo\/image\/"}}]},"product_price_amount":"0.00","product_price_currency":"USD","og_availability":"instock","product_availability":"instock","product_condition":"new"},"_links":{"self":[{"href":"https:\/\/kengmingcn.com\/it\/wp-json\/wp\/v2\/product\/50154","targetHints":{"allow":["GET"]}}],"collection":[{"href":"https:\/\/kengmingcn.com\/it\/wp-json\/wp\/v2\/product"}],"about":[{"href":"https:\/\/kengmingcn.com\/it\/wp-json\/wp\/v2\/types\/product"}],"replies":[{"embeddable":true,"href":"https:\/\/kengmingcn.com\/it\/wp-json\/wp\/v2\/comments?post=50154"}],"wp:featuredmedia":[{"embeddable":true,"href":"https:\/\/kengmingcn.com\/it\/wp-json\/wp\/v2\/media\/50156"}],"wp:attachment":[{"href":"https:\/\/kengmingcn.com\/it\/wp-json\/wp\/v2\/media?parent=50154"}],"wp:term":[{"taxonomy":"product_brand","embeddable":true,"href":"https:\/\/kengmingcn.com\/it\/wp-json\/wp\/v2\/product_brand?post=50154"},{"taxonomy":"product_cat","embeddable":true,"href":"https:\/\/kengmingcn.com\/it\/wp-json\/wp\/v2\/product_cat?post=50154"},{"taxonomy":"product_tag","embeddable":true,"href":"https:\/\/kengmingcn.com\/it\/wp-json\/wp\/v2\/product_tag?post=50154"}],"curies":[{"name":"wp","href":"https:\/\/api.w.org\/{rel}","templated":true}]}}