{"id":50066,"date":"2025-05-06T17:34:13","date_gmt":"2025-05-06T09:34:13","guid":{"rendered":"https:\/\/kengmingcn.com\/?post_type=product&#038;p=50066"},"modified":"2026-01-11T11:37:27","modified_gmt":"2026-01-11T03:37:27","slug":"220kg-giorno-aria-raffreddamento-neve-ice-maker-rapida-produzione-bingsu-fiocco-di-neve-macchina-con-ce-xhj128f-1200w-220v-110v","status":"publish","type":"product","link":"https:\/\/kengmingcn.com\/it\/product\/220kg-giorno-aria-raffreddamento-neve-ice-maker-rapida-produzione-bingsu-fiocco-di-neve-macchina-con-ce-xhj128f-1200w-220v-110v\/","title":{"rendered":"220kg\/giorno aria-raffreddamento neve Ice Maker produzione rapida Bingsu Snowflake macchina con CE XHJ128F-1200W-220V\/110V"},"content":{"rendered":"<h2 class=\"wp-block-heading\" id=\"h-description\">Descrizione<\/h2>\n\n\n\n<p>Il <strong>Macchina per il ghiaccio da neve con raffreddamento ad aria XHJ128F<\/strong> \u00e8 stato progettato per i negozi di dolci e le aziende di bevande che hanno bisogno di <strong>produzione rapida, prestazioni stabili e installazione flessibile<\/strong>.<br>Con una produzione giornaliera di <strong>220 kg<\/strong>, alimentato da un <strong>Sistema da 1200W e compressore Embraco<\/strong>, Questa macchina per bingsu commerciale produce ghiaccio a fiocchi di neve liscio e delicato con una consistenza costante, perfetto per bingsu, t\u00e8 al latte, ghiaccio alla frutta e dessert freddi creativi.<\/p>\n\n\n\n<p>Il suo <strong>Raffreddamento ad aria<\/strong> elimina la necessit\u00e0 di collegamenti idrici esterni, rendendolo ideale per negozi, chioschi e mercati con condizioni di installazione limitate.<\/p>\n\n\n\n<div style=\"height:30px\" aria-hidden=\"true\" class=\"wp-block-spacer\"><\/div>\n\n\n\n<figure class=\"wp-block-table is-style-stripes\"><table><thead><tr><th>Modello<\/th><th>XHJ128F<\/th><\/tr><\/thead><tbody><tr><td>Uscita<\/td><td>220kg\/24hour(485lbs\/24hour)<\/td><\/tr><tr><td>Potenza<\/td><td>1200w<\/td><\/tr><tr><td>Lunghezza del rullo<\/td><td>10 cm<\/td><\/tr><tr><td>Modo di raffreddamento<\/td><td>Raffreddamento ad aria<\/td><\/tr><tr><td>Dimensione<\/td><td>395*615*52 mm<\/td><\/tr><tr><td>Dimensione della confezione<\/td><td>67*47*67cm (0,22cbm)<\/td><\/tr><tr><td>Peso netto<\/td><td>42 kg<\/td><\/tr><tr><td>Peso della confezione<\/td><td>55kg\/121lbs<\/td><\/tr><tr><td>Compressore<\/td><td>Embraco<\/td><\/tr><\/tbody><\/table><\/figure>\n\n\n\n<div style=\"height:30px\" aria-hidden=\"true\" class=\"wp-block-spacer\"><\/div>\n\n\n\n<div class=\"wp-block-columns is-layout-flex wp-container-core-columns-is-layout-9d6595d7 wp-block-columns-is-layout-flex dt-cr-1\">\n<div class=\"wp-block-column is-layout-flow wp-block-column-is-layout-flow\">\n<h3 class=\"wp-block-heading has-medium-font-size\" id=\"h-rapid-production-for-daily-business-needs\">Produzione rapida per le esigenze aziendali quotidiane<\/h3>\n\n\n\n<p>Produzione fino a <strong>220 kg di ghiaccio da neve per 24 ore<\/strong>, XHJ128F supporta un funzionamento costante e continuo per tutto il giorno. Contribuisce a ridurre i tempi di attesa nelle ore di punta, garantendo al contempo una qualit\u00e0 costante del ghiaccio per ogni porzione.<\/p>\n<\/div>\n\n\n\n<div class=\"wp-block-column is-layout-flow wp-block-column-is-layout-flow\">\n<h3 class=\"wp-block-heading has-medium-font-size\" id=\"h-fine-amp-adjustable-snowflake-ice-texture\"><strong>Texture ghiaccio a fiocco di neve fine e regolabile<\/strong><\/h3>\n\n\n\n<p>Dotato di un <strong>Rullo di precisione da 10 cm<\/strong>, Questa macchina crea un ghiaccio morbido e soffice che si scioglie dolcemente in bocca. Regolando le materie prime e la velocit\u00e0 di funzionamento, gli utenti possono ottenere diverse consistenze di ghiaccio, da quelle leggere e setose a quelle pi\u00f9 ricche e dense, per soddisfare le diverse esigenze del menu.<\/p>\n<\/div>\n<\/div>\n\n\n\n<div style=\"height:30px\" aria-hidden=\"true\" class=\"wp-block-spacer\"><\/div>\n\n\n\n<div class=\"wp-block-columns is-layout-flex wp-container-core-columns-is-layout-9d6595d7 wp-block-columns-is-layout-flex dt-cr-2\">\n<div class=\"wp-block-column is-layout-flow wp-block-column-is-layout-flow\">\n<h3 class=\"wp-block-heading has-medium-font-size\" id=\"h-reliable-embraco-compressor\"><strong>Compressore Embraco affidabile<\/strong><\/h3>\n\n\n\n<p>Il sistema integrato <strong>Compressore Embraco<\/strong> offre prestazioni di raffreddamento elevate, funzionamento stabile e lunga durata. Garantisce un congelamento rapido e una raschiatura uniforme del ghiaccio, anche in caso di uso frequente in ambienti commerciali.<\/p>\n<\/div>\n\n\n\n<div class=\"wp-block-column is-layout-flow wp-block-column-is-layout-flow\">\n<h3 class=\"wp-block-heading has-medium-font-size\" id=\"h-air-cooling-system-for-easy-installation\">Sistema di raffreddamento ad aria per una facile installazione<\/h3>\n\n\n\n<p>Il <strong>Raffreddamento ad aria<\/strong> permette alla macchina di dissipare il calore in modo efficiente senza bisogno di alimentazione idrica. Ci\u00f2 la rende particolarmente adatta a piccoli negozi, bancarelle di street food, caff\u00e8 e allestimenti temporanei per eventi, dove la flessibilit\u00e0 di installazione \u00e8 essenziale.<\/p>\n<\/div>\n<\/div>\n\n\n\n<div class=\"wp-block-columns is-layout-flex wp-container-core-columns-is-layout-9d6595d7 wp-block-columns-is-layout-flex dt-cr-3\">\n<div class=\"wp-block-column is-layout-flow wp-block-column-is-layout-flow\">\n<h3 class=\"wp-block-heading has-medium-font-size\" id=\"h-multi-ingredient-compatibility\"><strong>Compatibilit\u00e0 con pi\u00f9 ingredienti<\/strong><\/h3>\n\n\n\n<p>La macchina funziona con un'ampia gamma di ingredienti liquidi, tra cui <strong>latte, succhi di frutta, t\u00e8 al latte, basi per dessert e cocktail<\/strong>, che consente alle aziende di espandere facilmente il proprio menu con pi\u00f9 sapori e creazioni stagionali.<\/p>\n<\/div>\n\n\n\n<div class=\"wp-block-column is-layout-flow wp-block-column-is-layout-flow\">\n<h3 class=\"wp-block-heading has-medium-font-size\" id=\"h-durable-stainless-steel-construction\">Struttura resistente in acciaio inox<\/h3>\n\n\n\n<p>Costruito con <strong>Acciaio inox 201 e 304<\/strong>, La macchina presenta una struttura solida, resistente alla corrosione e facile da pulire. \u00c8 progettata per un uso commerciale a lungo termine e ad alta frequenza, pur mantenendo gli standard igienici.<\/p>\n<\/div>\n<\/div>\n\n\n\n<div style=\"height:30px\" aria-hidden=\"true\" class=\"wp-block-spacer\"><\/div>\n\n\n\n<div class=\"wp-block-columns is-layout-flex wp-container-core-columns-is-layout-9d6595d7 wp-block-columns-is-layout-flex dt-cr-4\">\n<div class=\"wp-block-column is-layout-flow wp-block-column-is-layout-flow\">\n<h3 class=\"wp-block-heading has-medium-font-size\" id=\"h-more-detail\">Maggiori dettagli<\/h3>\n\n\n\n<figure class=\"wp-block-gallery has-nested-images columns-2 is-cropped wp-block-gallery-1 is-layout-flex wp-block-gallery-is-layout-flex\">\n<figure class=\"wp-block-image size-full\"><img decoding=\"async\" width=\"882\" height=\"767\" data-id=\"50061\" src=\"https:\/\/kengmingcn.com\/wp-content\/uploads\/2025\/05\/XHJ128F-\u64cd\u4f5c\u9762\u677f.png\" alt=\"\" class=\"wp-image-50061\" srcset=\"https:\/\/kengmingcn.com\/wp-content\/uploads\/2025\/05\/XHJ128F-\u64cd\u4f5c\u9762\u677f.png 882w, https:\/\/kengmingcn.com\/wp-content\/uploads\/2025\/05\/XHJ128F-\u64cd\u4f5c\u9762\u677f-300x261.png 300w, https:\/\/kengmingcn.com\/wp-content\/uploads\/2025\/05\/XHJ128F-\u64cd\u4f5c\u9762\u677f-768x668.png 768w\" sizes=\"(max-width: 882px) 100vw, 882px\" \/><\/figure>\n\n\n\n<figure class=\"wp-block-image size-full\"><img decoding=\"async\" width=\"500\" height=\"500\" data-id=\"50058\" src=\"https:\/\/kengmingcn.com\/wp-content\/uploads\/2025\/05\/3-removebg-preview.png\" alt=\"XHJ128F Macchina per il ghiaccio a fiocco di neve\" class=\"wp-image-50058\" srcset=\"https:\/\/kengmingcn.com\/wp-content\/uploads\/2025\/05\/3-removebg-preview.png 500w, https:\/\/kengmingcn.com\/wp-content\/uploads\/2025\/05\/3-removebg-preview-300x300.png 300w, https:\/\/kengmingcn.com\/wp-content\/uploads\/2025\/05\/3-removebg-preview-150x150.png 150w, https:\/\/kengmingcn.com\/wp-content\/uploads\/2025\/05\/3-removebg-preview-200x200.png 200w\" sizes=\"(max-width: 500px) 100vw, 500px\" \/><figcaption class=\"wp-element-caption\">XHJ128F Macchina per il ghiaccio a fiocco di neve<\/figcaption><\/figure>\n\n\n\n<figure class=\"wp-block-image size-large\"><img decoding=\"async\" width=\"550\" height=\"550\" data-id=\"47952\" src=\"https:\/\/kengmingcn.com\/wp-content\/uploads\/2025\/03\/1736303096772_3_11zon.webp\" alt=\"\" class=\"wp-image-47952\" srcset=\"https:\/\/kengmingcn.com\/wp-content\/uploads\/2025\/03\/1736303096772_3_11zon.webp 550w, https:\/\/kengmingcn.com\/wp-content\/uploads\/2025\/03\/1736303096772_3_11zon-300x300.webp 300w, https:\/\/kengmingcn.com\/wp-content\/uploads\/2025\/03\/1736303096772_3_11zon-150x150.webp 150w, https:\/\/kengmingcn.com\/wp-content\/uploads\/2025\/03\/1736303096772_3_11zon-200x200.webp 200w\" sizes=\"(max-width: 550px) 100vw, 550px\" \/><\/figure>\n\n\n\n<figure class=\"wp-block-image size-large\"><img decoding=\"async\" width=\"750\" height=\"873\" data-id=\"52104\" src=\"https:\/\/kengmingcn.com\/wp-content\/uploads\/2025\/09\/XHJ128fp-bingsu-machine-\u8be6\u60c5\u56fe-10.jpg\" alt=\"4\u79cd\u96ea\u82b1\u51b0\" class=\"wp-image-52104\" srcset=\"https:\/\/kengmingcn.com\/wp-content\/uploads\/2025\/09\/XHJ128fp-bingsu-machine-\u8be6\u60c5\u56fe-10.jpg 750w, https:\/\/kengmingcn.com\/wp-content\/uploads\/2025\/09\/XHJ128fp-bingsu-machine-\u8be6\u60c5\u56fe-10-258x300.jpg 258w, https:\/\/kengmingcn.com\/wp-content\/uploads\/2025\/09\/XHJ128fp-bingsu-machine-\u8be6\u60c5\u56fe-10-10x12.jpg 10w\" sizes=\"(max-width: 750px) 100vw, 750px\" \/><\/figure>\n<\/figure>\n<\/div>\n<\/div>\n\n\n\n<div class=\"wp-block-columns is-layout-flex wp-container-core-columns-is-layout-9d6595d7 wp-block-columns-is-layout-flex dt-cr-5\">\n<div class=\"wp-block-column is-layout-flow wp-block-column-is-layout-flow\">\n<div style=\"height:30px\" aria-hidden=\"true\" class=\"wp-block-spacer\"><\/div>\n\n\n\n<h2 class=\"wp-block-heading\" id=\"h-video\">Video<\/h2>\n\n\n\n<figure class=\"wp-block-video\"><video controls src=\"https:\/\/cdn-gzkm.b-cdn.net\/Model\/XHJ128F%20160F\/8%E6%9C%8814%E6%97%A5-4%E7%A7%8D%E5%BD%A2%E7%8A%B6%E5%86%B0%20.mp4\"><\/video><\/figure>\n<\/div>\n\n\n\n<div class=\"wp-block-column is-layout-flow wp-block-column-is-layout-flow\"><\/div>\n<\/div>\n\n\n\n<div class=\"wp-block-columns is-layout-flex wp-container-core-columns-is-layout-9d6595d7 wp-block-columns-is-layout-flex dt-cr-6\">\n<div class=\"wp-block-column is-layout-flow wp-block-column-is-layout-flow\">\n<div style=\"height:30px\" aria-hidden=\"true\" class=\"wp-block-spacer\"><\/div>\n\n\n\n<h3 class=\"wp-block-heading\" id=\"h-why-choose-us\">Perch\u00e9 scegliere noi?<\/h3>\n\n\n\n<p>Certificato con <strong>CE<\/strong>, compatto e facile da usare. <strong>Macchina per il ghiaccio a fiocco di neve con raffreddamento ad aria XHJ128F<\/strong> \u00e8 una soluzione efficiente per le aziende che desiderano una produzione affidabile di ghiaccio da neve senza dover effettuare installazioni complesse.<br>Che si tratti di negozi di dolci, caff\u00e8, mercati di strada o eventi, offre le prestazioni, la flessibilit\u00e0 e la qualit\u00e0 del ghiaccio necessarie per distinguersi in un mercato competitivo come quello dei dolci freddi.<\/p>\n<\/div>\n<\/div>","protected":false},"excerpt":{"rendered":"<ul>\n<li>Potenza: 1200W<\/li>\n<li>Produzione: 220kg\/24H<\/li>\n<li>CE<\/li>\n<li>Lunghezza del rullo: 10 cm<\/li>\n<li>Compressore: Embraco<\/li>\n<li>Modalit\u00e0 di raffreddamento: Raffreddamento ad aria<\/li>\n<\/ul>","protected":false},"featured_media":53005,"comment_status":"open","ping_status":"closed","template":"","meta":{"_acf_changed":false},"product_brand":[309],"product_cat":[244,275],"product_tag":[253,310,311],"class_list":{"0":"post-50066","1":"product","2":"type-product","3":"status-publish","4":"has-post-thumbnail","6":"product_brand-309","7":"product_cat-bingsu-machine","8":"product_cat-refrigeration-equipment","9":"product_tag-air-cooling","10":"product_tag-ce","11":"product_tag-display","12":"description-off","14":"first","15":"instock","16":"shipping-taxable","17":"product-type-simple"},"acf":[],"yoast_head":"<!-- This site is optimized with the Yoast SEO Premium plugin v25.3 (Yoast SEO v26.3) - https:\/\/yoast.com\/wordpress\/plugins\/seo\/ -->\n<title>220kg\/day Bingsu Machine<\/title>\n<meta name=\"description\" content=\"XHJ128F 220kg\/day Air- Cooling Snow Ice Maker Rapid Production Bingsu Snowflake Machine with CE 1200W-220V\/110V\" \/>\n<meta name=\"robots\" content=\"index, follow, max-snippet:-1, max-image-preview:large, max-video-preview:-1\" \/>\n<link rel=\"canonical\" href=\"https:\/\/kengmingcn.com\/it\/product\/220kg-giorno-aria-raffreddamento-neve-ice-maker-rapida-produzione-bingsu-fiocco-di-neve-macchina-con-ce-xhj128f-1200w-220v-110v\/\" \/>\n<meta property=\"og:locale\" content=\"it_IT\" \/>\n<meta property=\"og:type\" content=\"article\" \/>\n<meta property=\"og:title\" content=\"220kg\/day Air- Cooling Snow Ice Maker Rapid Production Bingsu Snowflake Machine with CE XHJ128F-1200W-220V\/110V\" \/>\n<meta property=\"og:description\" content=\"XHJ128F 220kg\/day Air- Cooling Snow Ice Maker Rapid Production Bingsu Snowflake Machine with CE 1200W-220V\/110V\" \/>\n<meta property=\"og:url\" content=\"https:\/\/kengmingcn.com\/it\/product\/220kg-giorno-aria-raffreddamento-neve-ice-maker-rapida-produzione-bingsu-fiocco-di-neve-macchina-con-ce-xhj128f-1200w-220v-110v\/\" \/>\n<meta property=\"og:site_name\" content=\"KengMing | Manufacturer of Commercial Kitchen Equipment\" \/>\n<meta property=\"article:modified_time\" content=\"2026-01-11T03:37:27+00:00\" \/>\n<meta property=\"og:image\" content=\"https:\/\/kengmingcn.com\/wp-content\/uploads\/2025\/05\/XHJ128F_3_11zon.webp\" \/>\n\t<meta property=\"og:image:width\" content=\"800\" \/>\n\t<meta property=\"og:image:height\" content=\"800\" \/>\n\t<meta property=\"og:image:type\" content=\"image\/webp\" \/>\n<meta name=\"twitter:card\" content=\"summary_large_image\" \/>\n<meta name=\"twitter:label1\" content=\"Prezzo\" \/>\n\t<meta name=\"twitter:data1\" content=\"\" \/>\n\t<meta name=\"twitter:label2\" content=\"Disponibilit\u00e0\" \/>\n\t<meta name=\"twitter:data2\" content=\"In stock\" \/>\n<script type=\"application\/ld+json\" class=\"yoast-schema-graph\">{\"@context\":\"https:\/\/schema.org\",\"@graph\":[{\"@type\":\"WebPage\",\"@id\":\"https:\/\/kengmingcn.com\/nl\/product\/220kg-dag-luchtkoeling-sneeuw-ijs-maker-snelle-productie-bingsu-sneeuwvlok-machine-met-ce-xhj128f-1200w-220v-110v\/\",\"url\":\"https:\/\/kengmingcn.com\/nl\/product\/220kg-dag-luchtkoeling-sneeuw-ijs-maker-snelle-productie-bingsu-sneeuwvlok-machine-met-ce-xhj128f-1200w-220v-110v\/\",\"name\":\"220kg\/day Bingsu Machine\",\"isPartOf\":{\"@id\":\"https:\/\/kengmingcn.com\/#website\"},\"primaryImageOfPage\":{\"@id\":\"https:\/\/kengmingcn.com\/nl\/product\/220kg-dag-luchtkoeling-sneeuw-ijs-maker-snelle-productie-bingsu-sneeuwvlok-machine-met-ce-xhj128f-1200w-220v-110v\/#primaryimage\"},\"image\":{\"@id\":\"https:\/\/kengmingcn.com\/nl\/product\/220kg-dag-luchtkoeling-sneeuw-ijs-maker-snelle-productie-bingsu-sneeuwvlok-machine-met-ce-xhj128f-1200w-220v-110v\/#primaryimage\"},\"thumbnailUrl\":\"https:\/\/kengmingcn.com\/wp-content\/uploads\/2025\/05\/XHJ128F_3_11zon.webp\",\"datePublished\":\"2025-05-06T09:34:13+00:00\",\"dateModified\":\"2026-01-11T03:37:27+00:00\",\"description\":\"XHJ128F 220kg\/day Air- Cooling Snow Ice Maker Rapid Production Bingsu Snowflake Machine with CE 1200W-220V\/110V\",\"breadcrumb\":{\"@id\":\"https:\/\/kengmingcn.com\/nl\/product\/220kg-dag-luchtkoeling-sneeuw-ijs-maker-snelle-productie-bingsu-sneeuwvlok-machine-met-ce-xhj128f-1200w-220v-110v\/#breadcrumb\"},\"inLanguage\":\"it-IT\",\"potentialAction\":[{\"@type\":\"ReadAction\",\"target\":[\"https:\/\/kengmingcn.com\/nl\/product\/220kg-dag-luchtkoeling-sneeuw-ijs-maker-snelle-productie-bingsu-sneeuwvlok-machine-met-ce-xhj128f-1200w-220v-110v\/\"]}]},{\"@type\":\"ImageObject\",\"inLanguage\":\"it-IT\",\"@id\":\"https:\/\/kengmingcn.com\/nl\/product\/220kg-dag-luchtkoeling-sneeuw-ijs-maker-snelle-productie-bingsu-sneeuwvlok-machine-met-ce-xhj128f-1200w-220v-110v\/#primaryimage\",\"url\":\"https:\/\/kengmingcn.com\/wp-content\/uploads\/2025\/05\/XHJ128F_3_11zon.webp\",\"contentUrl\":\"https:\/\/kengmingcn.com\/wp-content\/uploads\/2025\/05\/XHJ128F_3_11zon.webp\",\"width\":800,\"height\":800,\"caption\":\"XHJ128 220kg\/24h snow shaved ice machine\"},{\"@type\":\"BreadcrumbList\",\"@id\":\"https:\/\/kengmingcn.com\/nl\/product\/220kg-dag-luchtkoeling-sneeuw-ijs-maker-snelle-productie-bingsu-sneeuwvlok-machine-met-ce-xhj128f-1200w-220v-110v\/#breadcrumb\",\"itemListElement\":[{\"@type\":\"ListItem\",\"position\":1,\"name\":\"Home\",\"item\":\"https:\/\/kengmingcn.com\/\"},{\"@type\":\"ListItem\",\"position\":2,\"name\":\"Catalogue\",\"item\":\"https:\/\/kengmingcn.com\/?page_id=27131\"},{\"@type\":\"ListItem\",\"position\":3,\"name\":\"220kg\/day Air- Cooling Snow Ice Maker Rapid Production Bingsu Snowflake Machine with CE XHJ128F-1200W-220V\/110V\"}]},{\"@type\":\"WebSite\",\"@id\":\"https:\/\/kengmingcn.com\/#website\",\"url\":\"https:\/\/kengmingcn.com\/\",\"name\":\"Kitchen Equipment\",\"description\":\"KengMing is a professional commercial kitchen equipment manufacturer and wholesale supplier, offering cooking, food prep and bakery equipment with OEM &amp; ODM service for global distributors.\",\"publisher\":{\"@id\":\"https:\/\/kengmingcn.com\/#organization\"},\"potentialAction\":[{\"@type\":\"SearchAction\",\"target\":{\"@type\":\"EntryPoint\",\"urlTemplate\":\"https:\/\/kengmingcn.com\/?s={search_term_string}\"},\"query-input\":{\"@type\":\"PropertyValueSpecification\",\"valueRequired\":true,\"valueName\":\"search_term_string\"}}],\"inLanguage\":\"it-IT\"},{\"@type\":\"Organization\",\"@id\":\"https:\/\/kengmingcn.com\/#organization\",\"name\":\"GuangZhou KengMing\",\"url\":\"https:\/\/kengmingcn.com\/\",\"logo\":{\"@type\":\"ImageObject\",\"inLanguage\":\"it-IT\",\"@id\":\"https:\/\/kengmingcn.com\/#\/schema\/logo\/image\/\",\"url\":\"https:\/\/kengmingcn.com\/wp-content\/uploads\/2025\/04\/cropped-1744508604969-removebg-preview.png\",\"contentUrl\":\"https:\/\/kengmingcn.com\/wp-content\/uploads\/2025\/04\/cropped-1744508604969-removebg-preview.png\",\"width\":512,\"height\":512,\"caption\":\"GuangZhou KengMing\"},\"image\":{\"@id\":\"https:\/\/kengmingcn.com\/#\/schema\/logo\/image\/\"}}]}<\/script>\n<meta property=\"product:price:amount\" content=\"0.00\" \/>\n<meta property=\"product:price:currency\" content=\"USD\" \/>\n<meta property=\"og:availability\" content=\"instock\" \/>\n<meta property=\"product:availability\" content=\"instock\" \/>\n<meta property=\"product:condition\" content=\"new\" \/>\n<!-- \/ Yoast SEO Premium plugin. -->","yoast_head_json":{"title":"Macchina Bingsu da 220 kg al giorno","description":"XHJ128F 220kg\/giorno aria raffreddamento neve Ice Maker produzione rapida Bingsu Snowflake macchina con CE 1200W-220V\/110V","robots":{"index":"index","follow":"follow","max-snippet":"max-snippet:-1","max-image-preview":"max-image-preview:large","max-video-preview":"max-video-preview:-1"},"canonical":"https:\/\/kengmingcn.com\/it\/product\/220kg-giorno-aria-raffreddamento-neve-ice-maker-rapida-produzione-bingsu-fiocco-di-neve-macchina-con-ce-xhj128f-1200w-220v-110v\/","og_locale":"it_IT","og_type":"article","og_title":"220kg\/day Air- Cooling Snow Ice Maker Rapid Production Bingsu Snowflake Machine with CE XHJ128F-1200W-220V\/110V","og_description":"XHJ128F 220kg\/day Air- Cooling Snow Ice Maker Rapid Production Bingsu Snowflake Machine with CE 1200W-220V\/110V","og_url":"https:\/\/kengmingcn.com\/it\/product\/220kg-giorno-aria-raffreddamento-neve-ice-maker-rapida-produzione-bingsu-fiocco-di-neve-macchina-con-ce-xhj128f-1200w-220v-110v\/","og_site_name":"KengMing | Manufacturer of Commercial Kitchen Equipment","article_modified_time":"2026-01-11T03:37:27+00:00","og_image":[{"width":800,"height":800,"url":"https:\/\/kengmingcn.com\/wp-content\/uploads\/2025\/05\/XHJ128F_3_11zon.webp","type":"image\/webp"}],"twitter_card":"summary_large_image","twitter_misc":{"Prezzo":"","Disponibilit\u00e0":"In stock"},"schema":{"@context":"https:\/\/schema.org","@graph":[{"@type":"WebPage","@id":"https:\/\/kengmingcn.com\/nl\/product\/220kg-dag-luchtkoeling-sneeuw-ijs-maker-snelle-productie-bingsu-sneeuwvlok-machine-met-ce-xhj128f-1200w-220v-110v\/","url":"https:\/\/kengmingcn.com\/nl\/product\/220kg-dag-luchtkoeling-sneeuw-ijs-maker-snelle-productie-bingsu-sneeuwvlok-machine-met-ce-xhj128f-1200w-220v-110v\/","name":"Macchina Bingsu da 220 kg al giorno","isPartOf":{"@id":"https:\/\/kengmingcn.com\/#website"},"primaryImageOfPage":{"@id":"https:\/\/kengmingcn.com\/nl\/product\/220kg-dag-luchtkoeling-sneeuw-ijs-maker-snelle-productie-bingsu-sneeuwvlok-machine-met-ce-xhj128f-1200w-220v-110v\/#primaryimage"},"image":{"@id":"https:\/\/kengmingcn.com\/nl\/product\/220kg-dag-luchtkoeling-sneeuw-ijs-maker-snelle-productie-bingsu-sneeuwvlok-machine-met-ce-xhj128f-1200w-220v-110v\/#primaryimage"},"thumbnailUrl":"https:\/\/kengmingcn.com\/wp-content\/uploads\/2025\/05\/XHJ128F_3_11zon.webp","datePublished":"2025-05-06T09:34:13+00:00","dateModified":"2026-01-11T03:37:27+00:00","description":"XHJ128F 220kg\/giorno aria raffreddamento neve Ice Maker produzione rapida Bingsu Snowflake macchina con CE 1200W-220V\/110V","breadcrumb":{"@id":"https:\/\/kengmingcn.com\/nl\/product\/220kg-dag-luchtkoeling-sneeuw-ijs-maker-snelle-productie-bingsu-sneeuwvlok-machine-met-ce-xhj128f-1200w-220v-110v\/#breadcrumb"},"inLanguage":"it-IT","potentialAction":[{"@type":"ReadAction","target":["https:\/\/kengmingcn.com\/nl\/product\/220kg-dag-luchtkoeling-sneeuw-ijs-maker-snelle-productie-bingsu-sneeuwvlok-machine-met-ce-xhj128f-1200w-220v-110v\/"]}]},{"@type":"ImageObject","inLanguage":"it-IT","@id":"https:\/\/kengmingcn.com\/nl\/product\/220kg-dag-luchtkoeling-sneeuw-ijs-maker-snelle-productie-bingsu-sneeuwvlok-machine-met-ce-xhj128f-1200w-220v-110v\/#primaryimage","url":"https:\/\/kengmingcn.com\/wp-content\/uploads\/2025\/05\/XHJ128F_3_11zon.webp","contentUrl":"https:\/\/kengmingcn.com\/wp-content\/uploads\/2025\/05\/XHJ128F_3_11zon.webp","width":800,"height":800,"caption":"XHJ128 220kg\/24h snow shaved ice machine"},{"@type":"BreadcrumbList","@id":"https:\/\/kengmingcn.com\/nl\/product\/220kg-dag-luchtkoeling-sneeuw-ijs-maker-snelle-productie-bingsu-sneeuwvlok-machine-met-ce-xhj128f-1200w-220v-110v\/#breadcrumb","itemListElement":[{"@type":"ListItem","position":1,"name":"Home","item":"https:\/\/kengmingcn.com\/"},{"@type":"ListItem","position":2,"name":"Catalogue","item":"https:\/\/kengmingcn.com\/?page_id=27131"},{"@type":"ListItem","position":3,"name":"220kg\/day Air- Cooling Snow Ice Maker Rapid Production Bingsu Snowflake Machine with CE XHJ128F-1200W-220V\/110V"}]},{"@type":"WebSite","@id":"https:\/\/kengmingcn.com\/#website","url":"https:\/\/kengmingcn.com\/","name":"Attrezzature da cucina","description":"KengMing is a professional commercial kitchen equipment manufacturer and wholesale supplier, offering cooking, food prep and bakery equipment with OEM &amp; ODM service for global distributors.","publisher":{"@id":"https:\/\/kengmingcn.com\/#organization"},"potentialAction":[{"@type":"SearchAction","target":{"@type":"EntryPoint","urlTemplate":"https:\/\/kengmingcn.com\/?s={search_term_string}"},"query-input":{"@type":"PropertyValueSpecification","valueRequired":true,"valueName":"search_term_string"}}],"inLanguage":"it-IT"},{"@type":"Organization","@id":"https:\/\/kengmingcn.com\/#organization","name":"GuangZhou KengMing","url":"https:\/\/kengmingcn.com\/","logo":{"@type":"ImageObject","inLanguage":"it-IT","@id":"https:\/\/kengmingcn.com\/#\/schema\/logo\/image\/","url":"https:\/\/kengmingcn.com\/wp-content\/uploads\/2025\/04\/cropped-1744508604969-removebg-preview.png","contentUrl":"https:\/\/kengmingcn.com\/wp-content\/uploads\/2025\/04\/cropped-1744508604969-removebg-preview.png","width":512,"height":512,"caption":"GuangZhou KengMing"},"image":{"@id":"https:\/\/kengmingcn.com\/#\/schema\/logo\/image\/"}}]},"product_price_amount":"0.00","product_price_currency":"USD","og_availability":"instock","product_availability":"instock","product_condition":"new"},"_links":{"self":[{"href":"https:\/\/kengmingcn.com\/it\/wp-json\/wp\/v2\/product\/50066","targetHints":{"allow":["GET"]}}],"collection":[{"href":"https:\/\/kengmingcn.com\/it\/wp-json\/wp\/v2\/product"}],"about":[{"href":"https:\/\/kengmingcn.com\/it\/wp-json\/wp\/v2\/types\/product"}],"replies":[{"embeddable":true,"href":"https:\/\/kengmingcn.com\/it\/wp-json\/wp\/v2\/comments?post=50066"}],"wp:featuredmedia":[{"embeddable":true,"href":"https:\/\/kengmingcn.com\/it\/wp-json\/wp\/v2\/media\/53005"}],"wp:attachment":[{"href":"https:\/\/kengmingcn.com\/it\/wp-json\/wp\/v2\/media?parent=50066"}],"wp:term":[{"taxonomy":"product_brand","embeddable":true,"href":"https:\/\/kengmingcn.com\/it\/wp-json\/wp\/v2\/product_brand?post=50066"},{"taxonomy":"product_cat","embeddable":true,"href":"https:\/\/kengmingcn.com\/it\/wp-json\/wp\/v2\/product_cat?post=50066"},{"taxonomy":"product_tag","embeddable":true,"href":"https:\/\/kengmingcn.com\/it\/wp-json\/wp\/v2\/product_tag?post=50066"}],"curies":[{"name":"wp","href":"https:\/\/api.w.org\/{rel}","templated":true}]}}