{"id":50012,"date":"2025-05-06T11:23:12","date_gmt":"2025-05-06T03:23:12","guid":{"rendered":"https:\/\/kengmingcn.com\/?post_type=product&#038;p=50012"},"modified":"2026-01-11T11:38:01","modified_gmt":"2026-01-11T03:38:01","slug":"macchina-bingsu-400kg-24h","status":"publish","type":"product","link":"https:\/\/kengmingcn.com\/it\/product\/macchina-bingsu-400kg-24h\/","title":{"rendered":"XHJ268FP 400kg\/24H Macchina del ghiaccio a fiocco di neve"},"content":{"rendered":"<div style=\"width: 640px;\" class=\"wp-video\"><!--[if lt IE 9]><script>document.createElement('video');<\/script><![endif]-->\n<video class=\"wp-video-shortcode\" id=\"video-50012-1\" width=\"640\" height=\"360\" preload=\"metadata\" controls=\"controls\"><source type=\"video\/mp4\" src=\"https:\/\/cdn-gzkm.b-cdn.net\/Model\/XHJ268_168_series\/XHJ268P_Video.mp4?_=1\" \/><a href=\"https:\/\/cdn-gzkm.b-cdn.net\/Model\/XHJ268_168_series\/XHJ268P_Video.mp4\">https:\/\/cdn-gzkm.b-cdn.net\/Model\/XHJ268_168_series\/XHJ268P_Video.mp4<\/a><\/video><\/div>\n<p><strong>XHJ268FP<\/strong>\u00a0La macchina del ghiaccio a fiocco di neve \u00e8 un modello raffreddato ad aria, plug and play. Accendere la macchina per avviare la refrigerazione per 1 minuto, aggiungere un po' di acqua di rubinetto per far s\u00ec che il rullo diventi rotondo e liscio, a questo punto, aggiungere gli ingredienti, sar\u00e0 pi\u00f9 liscio, 3 secondi fuori dal ghiaccio.<\/p>\n<p>Macchina per il ghiaccio a fiocco di neve \u954c\u94edJM, marchio leader in Cina. La prima macchina cinese a rete rossa, molto popolare nei ristoranti hotpot, nei negozi di dolci, nelle caffetterie, nei negozi di snack, negli hamburger e nei buffet.<br \/>\nGrazie alle buone prestazioni delle macchine e alle idee innovative, fornisce un forte potere al consumatore nel settore della ristorazione.<\/p>\n<p><strong>Caratteristiche<\/strong>:<br \/>\nDopo l'avvio della macchina, il primo pre-raffreddamento per 1 minuto, non c'\u00e8 bisogno di pre-raffreddare di nuovo, si pu\u00f2 fare il ghiaccio fiocco di neve continuamente, il<br \/>\nGhiaccio in 3 secondi.<br \/>\nLavorare continuamente tutto il giorno.<\/p>\n<p><strong>Avvertenze<\/strong>:<br \/>\nLa macchina \u00e8 raffreddata ad aria (F); per mantenere un buon raffreddamento, tenere la macchina a pi\u00f9 di 25 cm di distanza dalla parete\/dagli ostacoli circostanti.<\/p>\n<h2 class=\"wp-block-heading\">Scenari d'uso<\/h2>\n<p>\u30101. Negozi di dolci e ghiaccio\u3011: Scopo: Produrre fiocchi di neve e granite in una variet\u00e0 di gusti per attirare i clienti e fornire scelte di ghiaccio innovative.<br \/>\nEsempio: Il negozio fornisce diversi condimenti e aromi per consentire ai clienti di personalizzare il proprio fiocco di neve.<br \/>\n\u30102. Ristoranti e caff\u00e8\u3011: Scopo: Come parte del dessert, offrire opzioni di ghiaccio uniche per migliorare la diversit\u00e0 del menu del ristorante.<br \/>\nEsempio: I ristoranti possono aggiungere il ghiaccio a fiocchi di neve al loro menu come dessert dopo cena o usarlo per preparare speciali bevande fredde.<br \/>\n\u30103. Bancarelle e mercati di cibo di strada\u3011: Scopo: Il ghiaccio a fiocchi di neve viene prodotto sul posto per attirare i clienti di passaggio e fornire prodotti di ghiaccio freschi e gustosi.<br \/>\nEsempio: Allestimento di bancarelle di ghiaccio a forma di fiocco di neve nei mercati notturni o nei bazar gastronomici per produrre e vendere ghiaccio a forma di fiocco di neve appena prodotto.<br \/>\n\u30104. Riunioni familiari ed eventi privati\u3011: Scopo: utilizzare in occasione di riunioni di famiglia o eventi privati per offrire agli ospiti un'esperienza di ghiaccio fresco e fai-da-te.<br \/>\nEsempio: Utilizzo di una macchina per la produzione di ghiaccio a fiocchi di neve come parte di un dessert o di una bevanda rinfrescante in occasione di una riunione di famiglia.<br \/>\n\u30105. Eventi e mostre su larga scala\u3011: Utilizzo: Fornire ghiaccio a forma di fiocco di neve realizzato in loco per i visitatori delle mostre o per i partecipanti agli eventi per aumentare l'attrattiva e l'interattivit\u00e0 dell'evento.<br \/>\nEsempio: Gli stand per la creazione di fiocchi di neve vengono allestiti in occasione di mostre o festival per attirare i visitatori e offrire ai partecipanti delizie fresche e deliziose.<\/p>\n<figure class=\"wp-block-image\"><img decoding=\"async\" class=\"wp-image-393\" src=\"https:\/\/lejieappliance.com\/wp-content\/uploads\/2024\/09\/NO5-%E5%A4%9A%E7%A7%8D%E5%86%B0%E5%9E%8B%E5%8F%AF%E8%B0%83%E3%80%90%E8%AF%A6%E6%83%85%E5%9B%BE%E3%80%91%E9%9B%AA%E8%8A%B1%E5%86%B0%E6%9C%BA-FC80FD220V.50Hz-1.png\" alt=\"Introduzione agli scenari applicativi e alle forme che si possono realizzare con la macchina del ghiaccio a fiocchi di neve\" \/><\/figure>\n<figure class=\"wp-block-image\"><img decoding=\"async\" class=\"wp-image-394\" src=\"https:\/\/lejieappliance.com\/wp-content\/uploads\/2024\/09\/NO6-%E5%BA%94%E7%94%A8%E5%9C%BA%E6%99%AF%E4%BB%8B%E7%BB%8D%E3%80%90%E8%AF%A6%E6%83%85%E5%9B%BE%E3%80%91%E9%9B%AA%E8%8A%B1%E5%86%B0%E6%9C%BA-FC80FD220V.50Hz-1.png\" alt=\"Introduzione agli scenari applicativi e alle forme che si possono realizzare con la macchina del ghiaccio a fiocchi di neve\" \/><\/figure>\n<figure class=\"wp-block-image\"><img decoding=\"async\" src=\"https:\/\/kengmingcn.com\/wp-content\/uploads\/2025\/01\/XHJ128FP-Snowflake-ice-4-shape.jpg.webp\" alt=\"\" \/><\/figure>\n<figure class=\"wp-block-image\"><img decoding=\"async\" src=\"https:\/\/kengmingcn.com\/wp-content\/uploads\/2025\/01\/128FP%E8%AF%A6%E6%83%85_13.jpg.webp\" alt=\"\" \/><\/figure>\n<figure class=\"wp-block-image\"><img decoding=\"async\" src=\"https:\/\/kengmingcn.com\/wp-content\/uploads\/2025\/01\/128FP%E8%AF%A6%E6%83%85_12.jpg.webp\" alt=\"\" \/><\/figure>\n<figure class=\"wp-block-image\"><img decoding=\"async\" src=\"https:\/\/kengmingcn.com\/wp-content\/uploads\/2025\/01\/128FP%E8%AF%A6%E6%83%85_09.jpg.webp\" alt=\"\" \/><\/figure>\n<figure class=\"wp-block-image\"><img decoding=\"async\" src=\"https:\/\/kengmingcn.com\/wp-content\/uploads\/2025\/01\/128FP%E8%AF%A6%E6%83%85_08.jpg.webp\" alt=\"\" \/><\/figure>\n<figure class=\"wp-block-image\"><img decoding=\"async\" src=\"https:\/\/kengmingcn.com\/wp-content\/uploads\/2025\/01\/128FP%E8%AF%A6%E6%83%85_14.jpeg.webp\" alt=\"\" \/><\/figure>\n<figure class=\"wp-block-image\"><img decoding=\"async\" src=\"https:\/\/kengmingcn.com\/wp-content\/uploads\/2025\/01\/128FP%E8%AF%A6%E6%83%85_16-635x1024.jpg.webp\" alt=\"\" \/><\/figure>\n<figure class=\"wp-block-image\"><img decoding=\"async\" src=\"https:\/\/kengmingcn.com\/wp-content\/uploads\/2025\/01\/128FP%E8%AF%A6%E6%83%85_15-699x1024.jpg.webp\" alt=\"\" \/><\/figure>","protected":false},"excerpt":{"rendered":"<ul>\n<li>Potenza: 1800W<\/li>\n<li>Produzione: 400kg\/24H<\/li>\n<li>CE<\/li>\n<li>Lunghezza del rullo: 16 cm<\/li>\n<li>Compressore: Embraco<\/li>\n<li>Raffreddamento ad aria<\/li>\n<\/ul>","protected":false},"featured_media":53007,"comment_status":"open","ping_status":"closed","template":"","meta":{"_acf_changed":false},"product_brand":[309],"product_cat":[244,275],"product_tag":[253,310,311],"class_list":{"0":"post-50012","1":"product","2":"type-product","3":"status-publish","4":"has-post-thumbnail","6":"product_brand-309","7":"product_cat-bingsu-machine","8":"product_cat-refrigeration-equipment","9":"product_tag-air-cooling","10":"product_tag-ce","11":"product_tag-display","12":"description-off","14":"first","15":"instock","16":"shipping-taxable","17":"product-type-simple"},"acf":[],"yoast_head":"<!-- This site is optimized with the Yoast SEO Premium plugin v25.3 (Yoast SEO v26.3) - https:\/\/yoast.com\/wordpress\/plugins\/seo\/ -->\n<title>XHJ268FP 400kg\/24H Snowflake Ice Machine - KengMing | Manufacturer of Commercial Kitchen Equipment<\/title>\n<meta name=\"description\" content=\"400kg-24h-bingsu-machine\" \/>\n<meta name=\"robots\" content=\"index, follow, max-snippet:-1, max-image-preview:large, max-video-preview:-1\" \/>\n<link rel=\"canonical\" href=\"https:\/\/kengmingcn.com\/it\/product\/macchina-bingsu-400kg-24h\/\" \/>\n<meta property=\"og:locale\" content=\"it_IT\" \/>\n<meta property=\"og:type\" content=\"article\" \/>\n<meta property=\"og:title\" content=\"XHJ268FP 400kg\/24H Snowflake Ice Machine\" \/>\n<meta property=\"og:description\" content=\"400kg-24h-bingsu-machine\" \/>\n<meta property=\"og:url\" content=\"https:\/\/kengmingcn.com\/it\/product\/macchina-bingsu-400kg-24h\/\" \/>\n<meta property=\"og:site_name\" content=\"KengMing | Manufacturer of Commercial Kitchen Equipment\" \/>\n<meta property=\"article:modified_time\" content=\"2026-01-11T03:38:01+00:00\" \/>\n<meta property=\"og:image\" content=\"https:\/\/kengmingcn.com\/wp-content\/uploads\/2025\/05\/XHJ268FP_10_11zon.webp\" \/>\n\t<meta property=\"og:image:width\" content=\"800\" \/>\n\t<meta property=\"og:image:height\" content=\"800\" \/>\n\t<meta property=\"og:image:type\" content=\"image\/webp\" \/>\n<meta name=\"twitter:card\" content=\"summary_large_image\" \/>\n<meta name=\"twitter:label1\" content=\"Prezzo\" \/>\n\t<meta name=\"twitter:data1\" content=\"\" \/>\n\t<meta name=\"twitter:label2\" content=\"Disponibilit\u00e0\" \/>\n\t<meta name=\"twitter:data2\" content=\"In stock\" \/>\n<script type=\"application\/ld+json\" class=\"yoast-schema-graph\">{\"@context\":\"https:\/\/schema.org\",\"@graph\":[{\"@type\":\"WebPage\",\"@id\":\"https:\/\/kengmingcn.com\/nl\/product\/400kg-24h-bingsu-machine\/\",\"url\":\"https:\/\/kengmingcn.com\/nl\/product\/400kg-24h-bingsu-machine\/\",\"name\":\"XHJ268FP 400kg\/24H Snowflake Ice Machine - KengMing | Manufacturer of Commercial Kitchen Equipment\",\"isPartOf\":{\"@id\":\"https:\/\/kengmingcn.com\/#website\"},\"primaryImageOfPage\":{\"@id\":\"https:\/\/kengmingcn.com\/nl\/product\/400kg-24h-bingsu-machine\/#primaryimage\"},\"image\":{\"@id\":\"https:\/\/kengmingcn.com\/nl\/product\/400kg-24h-bingsu-machine\/#primaryimage\"},\"thumbnailUrl\":\"https:\/\/kengmingcn.com\/wp-content\/uploads\/2025\/05\/XHJ268FP_10_11zon.webp\",\"datePublished\":\"2025-05-06T03:23:12+00:00\",\"dateModified\":\"2026-01-11T03:38:01+00:00\",\"description\":\"400kg-24h-bingsu-machine\",\"breadcrumb\":{\"@id\":\"https:\/\/kengmingcn.com\/nl\/product\/400kg-24h-bingsu-machine\/#breadcrumb\"},\"inLanguage\":\"it-IT\",\"potentialAction\":[{\"@type\":\"ReadAction\",\"target\":[\"https:\/\/kengmingcn.com\/nl\/product\/400kg-24h-bingsu-machine\/\"]}]},{\"@type\":\"ImageObject\",\"inLanguage\":\"it-IT\",\"@id\":\"https:\/\/kengmingcn.com\/nl\/product\/400kg-24h-bingsu-machine\/#primaryimage\",\"url\":\"https:\/\/kengmingcn.com\/wp-content\/uploads\/2025\/05\/XHJ268FP_10_11zon.webp\",\"contentUrl\":\"https:\/\/kengmingcn.com\/wp-content\/uploads\/2025\/05\/XHJ268FP_10_11zon.webp\",\"width\":800,\"height\":800,\"caption\":\"XHJ268FP 220kg\/24h snow shaved ice machine\"},{\"@type\":\"BreadcrumbList\",\"@id\":\"https:\/\/kengmingcn.com\/nl\/product\/400kg-24h-bingsu-machine\/#breadcrumb\",\"itemListElement\":[{\"@type\":\"ListItem\",\"position\":1,\"name\":\"Home\",\"item\":\"https:\/\/kengmingcn.com\/\"},{\"@type\":\"ListItem\",\"position\":2,\"name\":\"Catalogue\",\"item\":\"https:\/\/kengmingcn.com\/?page_id=27131\"},{\"@type\":\"ListItem\",\"position\":3,\"name\":\"XHJ268FP 400kg\/24H Snowflake Ice Machine\"}]},{\"@type\":\"WebSite\",\"@id\":\"https:\/\/kengmingcn.com\/#website\",\"url\":\"https:\/\/kengmingcn.com\/\",\"name\":\"Kitchen Equipment\",\"description\":\"KengMing is a professional commercial kitchen equipment manufacturer and wholesale supplier, offering cooking, food prep and bakery equipment with OEM &amp; ODM service for global distributors.\",\"publisher\":{\"@id\":\"https:\/\/kengmingcn.com\/#organization\"},\"potentialAction\":[{\"@type\":\"SearchAction\",\"target\":{\"@type\":\"EntryPoint\",\"urlTemplate\":\"https:\/\/kengmingcn.com\/?s={search_term_string}\"},\"query-input\":{\"@type\":\"PropertyValueSpecification\",\"valueRequired\":true,\"valueName\":\"search_term_string\"}}],\"inLanguage\":\"it-IT\"},{\"@type\":\"Organization\",\"@id\":\"https:\/\/kengmingcn.com\/#organization\",\"name\":\"GuangZhou KengMing\",\"url\":\"https:\/\/kengmingcn.com\/\",\"logo\":{\"@type\":\"ImageObject\",\"inLanguage\":\"it-IT\",\"@id\":\"https:\/\/kengmingcn.com\/#\/schema\/logo\/image\/\",\"url\":\"https:\/\/kengmingcn.com\/wp-content\/uploads\/2025\/04\/cropped-1744508604969-removebg-preview.png\",\"contentUrl\":\"https:\/\/kengmingcn.com\/wp-content\/uploads\/2025\/04\/cropped-1744508604969-removebg-preview.png\",\"width\":512,\"height\":512,\"caption\":\"GuangZhou KengMing\"},\"image\":{\"@id\":\"https:\/\/kengmingcn.com\/#\/schema\/logo\/image\/\"}}]}<\/script>\n<meta property=\"product:price:amount\" content=\"0.00\" \/>\n<meta property=\"product:price:currency\" content=\"USD\" \/>\n<meta property=\"og:availability\" content=\"instock\" \/>\n<meta property=\"product:availability\" content=\"instock\" \/>\n<meta property=\"product:condition\" content=\"new\" \/>\n<!-- \/ Yoast SEO Premium plugin. -->","yoast_head_json":{"title":"XHJ268FP 400kg\/24H Macchina del ghiaccio a fiocco di neve - KengMing | Produttore di attrezzature per cucine commerciali","description":"400kg-24h-bingsu-machine","robots":{"index":"index","follow":"follow","max-snippet":"max-snippet:-1","max-image-preview":"max-image-preview:large","max-video-preview":"max-video-preview:-1"},"canonical":"https:\/\/kengmingcn.com\/it\/product\/macchina-bingsu-400kg-24h\/","og_locale":"it_IT","og_type":"article","og_title":"XHJ268FP 400kg\/24H Snowflake Ice Machine","og_description":"400kg-24h-bingsu-machine","og_url":"https:\/\/kengmingcn.com\/it\/product\/macchina-bingsu-400kg-24h\/","og_site_name":"KengMing | Manufacturer of Commercial Kitchen Equipment","article_modified_time":"2026-01-11T03:38:01+00:00","og_image":[{"width":800,"height":800,"url":"https:\/\/kengmingcn.com\/wp-content\/uploads\/2025\/05\/XHJ268FP_10_11zon.webp","type":"image\/webp"}],"twitter_card":"summary_large_image","twitter_misc":{"Prezzo":"","Disponibilit\u00e0":"In stock"},"schema":{"@context":"https:\/\/schema.org","@graph":[{"@type":"WebPage","@id":"https:\/\/kengmingcn.com\/nl\/product\/400kg-24h-bingsu-machine\/","url":"https:\/\/kengmingcn.com\/nl\/product\/400kg-24h-bingsu-machine\/","name":"XHJ268FP 400kg\/24H Macchina del ghiaccio a fiocco di neve - KengMing | Produttore di attrezzature per cucine commerciali","isPartOf":{"@id":"https:\/\/kengmingcn.com\/#website"},"primaryImageOfPage":{"@id":"https:\/\/kengmingcn.com\/nl\/product\/400kg-24h-bingsu-machine\/#primaryimage"},"image":{"@id":"https:\/\/kengmingcn.com\/nl\/product\/400kg-24h-bingsu-machine\/#primaryimage"},"thumbnailUrl":"https:\/\/kengmingcn.com\/wp-content\/uploads\/2025\/05\/XHJ268FP_10_11zon.webp","datePublished":"2025-05-06T03:23:12+00:00","dateModified":"2026-01-11T03:38:01+00:00","description":"400kg-24h-bingsu-machine","breadcrumb":{"@id":"https:\/\/kengmingcn.com\/nl\/product\/400kg-24h-bingsu-machine\/#breadcrumb"},"inLanguage":"it-IT","potentialAction":[{"@type":"ReadAction","target":["https:\/\/kengmingcn.com\/nl\/product\/400kg-24h-bingsu-machine\/"]}]},{"@type":"ImageObject","inLanguage":"it-IT","@id":"https:\/\/kengmingcn.com\/nl\/product\/400kg-24h-bingsu-machine\/#primaryimage","url":"https:\/\/kengmingcn.com\/wp-content\/uploads\/2025\/05\/XHJ268FP_10_11zon.webp","contentUrl":"https:\/\/kengmingcn.com\/wp-content\/uploads\/2025\/05\/XHJ268FP_10_11zon.webp","width":800,"height":800,"caption":"XHJ268FP 220kg\/24h snow shaved ice machine"},{"@type":"BreadcrumbList","@id":"https:\/\/kengmingcn.com\/nl\/product\/400kg-24h-bingsu-machine\/#breadcrumb","itemListElement":[{"@type":"ListItem","position":1,"name":"Home","item":"https:\/\/kengmingcn.com\/"},{"@type":"ListItem","position":2,"name":"Catalogue","item":"https:\/\/kengmingcn.com\/?page_id=27131"},{"@type":"ListItem","position":3,"name":"XHJ268FP 400kg\/24H Snowflake Ice Machine"}]},{"@type":"WebSite","@id":"https:\/\/kengmingcn.com\/#website","url":"https:\/\/kengmingcn.com\/","name":"Attrezzature da cucina","description":"KengMing is a professional commercial kitchen equipment manufacturer and wholesale supplier, offering cooking, food prep and bakery equipment with OEM &amp; ODM service for global distributors.","publisher":{"@id":"https:\/\/kengmingcn.com\/#organization"},"potentialAction":[{"@type":"SearchAction","target":{"@type":"EntryPoint","urlTemplate":"https:\/\/kengmingcn.com\/?s={search_term_string}"},"query-input":{"@type":"PropertyValueSpecification","valueRequired":true,"valueName":"search_term_string"}}],"inLanguage":"it-IT"},{"@type":"Organization","@id":"https:\/\/kengmingcn.com\/#organization","name":"GuangZhou KengMing","url":"https:\/\/kengmingcn.com\/","logo":{"@type":"ImageObject","inLanguage":"it-IT","@id":"https:\/\/kengmingcn.com\/#\/schema\/logo\/image\/","url":"https:\/\/kengmingcn.com\/wp-content\/uploads\/2025\/04\/cropped-1744508604969-removebg-preview.png","contentUrl":"https:\/\/kengmingcn.com\/wp-content\/uploads\/2025\/04\/cropped-1744508604969-removebg-preview.png","width":512,"height":512,"caption":"GuangZhou KengMing"},"image":{"@id":"https:\/\/kengmingcn.com\/#\/schema\/logo\/image\/"}}]},"product_price_amount":"0.00","product_price_currency":"USD","og_availability":"instock","product_availability":"instock","product_condition":"new"},"_links":{"self":[{"href":"https:\/\/kengmingcn.com\/it\/wp-json\/wp\/v2\/product\/50012","targetHints":{"allow":["GET"]}}],"collection":[{"href":"https:\/\/kengmingcn.com\/it\/wp-json\/wp\/v2\/product"}],"about":[{"href":"https:\/\/kengmingcn.com\/it\/wp-json\/wp\/v2\/types\/product"}],"replies":[{"embeddable":true,"href":"https:\/\/kengmingcn.com\/it\/wp-json\/wp\/v2\/comments?post=50012"}],"wp:featuredmedia":[{"embeddable":true,"href":"https:\/\/kengmingcn.com\/it\/wp-json\/wp\/v2\/media\/53007"}],"wp:attachment":[{"href":"https:\/\/kengmingcn.com\/it\/wp-json\/wp\/v2\/media?parent=50012"}],"wp:term":[{"taxonomy":"product_brand","embeddable":true,"href":"https:\/\/kengmingcn.com\/it\/wp-json\/wp\/v2\/product_brand?post=50012"},{"taxonomy":"product_cat","embeddable":true,"href":"https:\/\/kengmingcn.com\/it\/wp-json\/wp\/v2\/product_cat?post=50012"},{"taxonomy":"product_tag","embeddable":true,"href":"https:\/\/kengmingcn.com\/it\/wp-json\/wp\/v2\/product_tag?post=50012"}],"curies":[{"name":"wp","href":"https:\/\/api.w.org\/{rel}","templated":true}]}}