{"id":49820,"date":"2025-04-22T11:22:15","date_gmt":"2025-04-22T03:22:15","guid":{"rendered":"https:\/\/kengmingcn.com\/?post_type=product&#038;p=49820"},"modified":"2026-01-11T13:57:19","modified_gmt":"2026-01-11T05:57:19","slug":"125kg-24h-3-secondi-macchina-del-ghiaccio-fiocco-di-neve-produzione-rapida-bingsu-con-jmxc125fd-660w-220v-110v","status":"publish","type":"product","link":"https:\/\/kengmingcn.com\/it\/product\/125kg-24h-3-secondi-macchina-del-ghiaccio-fiocco-di-neve-produzione-rapida-bingsu-con-jmxc125fd-660w-220v-110v\/","title":{"rendered":"125kg\/24h 3 secondi Ice Maker Fiocco di neve macchina del ghiaccio produzione rapida Bingsu con JMXC125FD-660W-220V\/110V"},"content":{"rendered":"<div style=\"width: 640px;\" class=\"wp-video\"><!--[if lt IE 9]><script>document.createElement('video');<\/script><![endif]-->\n<video class=\"wp-video-shortcode\" id=\"video-49820-1\" width=\"640\" height=\"360\" preload=\"metadata\" controls=\"controls\"><source type=\"video\/mp4\" src=\"https:\/\/cdn-gzkm.b-cdn.net\/Model\/JMXC80FD%20125FD%20170FD\/JMXC80FD%20125FD%20170FD.mp4?_=1\" \/><a href=\"https:\/\/cdn-gzkm.b-cdn.net\/Model\/JMXC80FD%20125FD%20170FD\/JMXC80FD%20125FD%20170FD.mp4\">https:\/\/cdn-gzkm.b-cdn.net\/Model\/JMXC80FD%20125FD%20170FD\/JMXC80FD%20125FD%20170FD.mp4<\/a><\/video><\/div>\n<h2>Caratteristiche<\/h2>\n<p>1. Tecnologia di congelamento avanzata: Dotato di un compressore e di un condensatore di marca ad alta efficienza, nonch\u00e9 di una ventola di alta qualit\u00e0, che garantisce la dissipazione del calore del sistema di refrigerazione per assicurare che le materie prime liquide possano essere congelate rapidamente per mantenere la freschezza e la nutrizione degli ingredienti.<br \/>\n2. Regolazione della forma del ghiaccio: gli utenti possono regolare la forma del ghiaccio di neve in base ai loro gusti personali e alle loro preferenze; regolando le materie prime e controllando la velocit\u00e0 dell'evaporatore, \u00e8 possibile realizzare una variet\u00e0 di forme di ghiaccio, come il ghiaccio di neve, il ghiaccio a spaghetti, il ghiaccio a scaglie, il ghiaccio a pecorelle, il ghiaccio ad aghi di varie forme; il gusto pu\u00f2 essere realizzato da leggero e liscio a ricco e delicato.<br \/>\n3. Vari gusti da scegliere: \u00e8 adatto a tutti i tipi di materie prime liquide, tra cui succo di frutta, t\u00e8 al latte, materie prime per dessert, cocktail, ecc. e pu\u00f2 produrre una ricca variet\u00e0 di gusti di ghiaccio a fiocco di neve per soddisfare le esigenze di gusto dei diversi consumatori.<br \/>\n4. Design durevole: realizzata in acciaio inox 201 e acciaio inox 304 di alta qualit\u00e0, la struttura \u00e8 solida e facile da pulire e mantenere, adattandosi a un uso prolungato e ad alta intensit\u00e0 dell'ambiente.<\/p>\n<p><img decoding=\"async\" class=\"alignnone size-full wp-image-50820\" src=\"http:\/\/kengmingcn.com\/wp-content\/uploads\/2025\/04\/2-6-1024x483.jpg.webp\" alt=\"\" width=\"1024\" height=\"483\" srcset=\"https:\/\/kengmingcn.com\/wp-content\/uploads\/2025\/04\/2-6-1024x483.jpg.webp 1024w, https:\/\/kengmingcn.com\/wp-content\/uploads\/2025\/04\/2-6-1024x483.jpg-300x142.webp 300w, https:\/\/kengmingcn.com\/wp-content\/uploads\/2025\/04\/2-6-1024x483.jpg-768x362.webp 768w\" sizes=\"(max-width: 1024px) 100vw, 1024px\" \/> <img decoding=\"async\" class=\"alignnone size-full wp-image-50821\" src=\"http:\/\/kengmingcn.com\/wp-content\/uploads\/2025\/04\/3-3-1024x483.jpg.webp\" alt=\"\" width=\"1024\" height=\"483\" srcset=\"https:\/\/kengmingcn.com\/wp-content\/uploads\/2025\/04\/3-3-1024x483.jpg.webp 1024w, https:\/\/kengmingcn.com\/wp-content\/uploads\/2025\/04\/3-3-1024x483.jpg-300x142.webp 300w, https:\/\/kengmingcn.com\/wp-content\/uploads\/2025\/04\/3-3-1024x483.jpg-768x362.webp 768w\" sizes=\"(max-width: 1024px) 100vw, 1024px\" \/><\/p>\n<h2>Scenari d'uso<\/h2>\n<p>\u30101. Negozi di dolci e ghiaccio\u3011: Scopo: Produrre fiocchi di neve e granite in una variet\u00e0 di gusti per attirare i clienti e fornire scelte di ghiaccio innovative.<br \/>\nEsempio: Il negozio fornisce diversi condimenti e aromi per consentire ai clienti di personalizzare il proprio fiocco di neve.<br \/>\n\u30102. Ristoranti e caff\u00e8\u3011: Scopo: Come parte del dessert, offrire opzioni di ghiaccio uniche per migliorare la diversit\u00e0 del menu del ristorante.<br \/>\nEsempio: I ristoranti possono aggiungere il ghiaccio a fiocchi di neve al loro menu come dessert dopo cena o usarlo per preparare speciali bevande fredde.<br \/>\n\u30103. Bancarelle e mercati di cibo di strada\u3011: Scopo: Il ghiaccio a fiocchi di neve viene prodotto sul posto per attirare i clienti di passaggio e fornire prodotti di ghiaccio freschi e gustosi.<br \/>\nEsempio: Allestimento di bancarelle di ghiaccio a forma di fiocco di neve nei mercati notturni o nei bazar gastronomici per produrre e vendere ghiaccio a forma di fiocco di neve appena prodotto.<br \/>\n\u30104. Riunioni familiari ed eventi privati\u3011: Scopo: utilizzare in occasione di riunioni di famiglia o eventi privati per offrire agli ospiti un'esperienza di ghiaccio fresco e fai-da-te.<br \/>\nEsempio: Utilizzo di una macchina per la produzione di ghiaccio a fiocchi di neve come parte di un dessert o di una bevanda rinfrescante in occasione di una riunione di famiglia.<br \/>\n\u30105. Eventi e mostre su larga scala\u3011: Utilizzo: Fornire ghiaccio a forma di fiocco di neve realizzato in loco per i visitatori delle mostre o per i partecipanti agli eventi per aumentare l'attrattiva e l'interattivit\u00e0 dell'evento.<br \/>\nEsempio: Gli stand per la creazione di fiocchi di neve vengono allestiti in occasione di mostre o festival per attirare i visitatori e offrire ai partecipanti delizie fresche e deliziose.<\/p>\n<figure><img decoding=\"async\" src=\"https:\/\/lejieappliance.com\/wp-content\/uploads\/2024\/09\/NO5-%E5%A4%9A%E7%A7%8D%E5%86%B0%E5%9E%8B%E5%8F%AF%E8%B0%83%E3%80%90%E8%AF%A6%E6%83%85%E5%9B%BE%E3%80%91%E9%9B%AA%E8%8A%B1%E5%86%B0%E6%9C%BA-FC80FD220V.50Hz-1.png\" alt=\"Introduzione agli scenari applicativi e alle forme che si possono realizzare con la macchina del ghiaccio a fiocchi di neve\" \/><\/figure>\n<figure><img decoding=\"async\" src=\"https:\/\/lejieappliance.com\/wp-content\/uploads\/2024\/09\/NO6-%E5%BA%94%E7%94%A8%E5%9C%BA%E6%99%AF%E4%BB%8B%E7%BB%8D%E3%80%90%E8%AF%A6%E6%83%85%E5%9B%BE%E3%80%91%E9%9B%AA%E8%8A%B1%E5%86%B0%E6%9C%BA-FC80FD220V.50Hz-1.png\" alt=\"Introduzione agli scenari applicativi e alle forme che si possono realizzare con la macchina del ghiaccio a fiocchi di neve\" \/><\/figure>","protected":false},"excerpt":{"rendered":"<ul>\n<li>Potenza: 660 W<\/li>\n<li>Produzione: 125kg\/24H<\/li>\n<li>Lunghezza del rullo: 9 cm<\/li>\n<li>Modalit\u00e0 di raffreddamento: Raffreddamento ad aria<\/li>\n<li>Preraffreddamento per 1 minuto, rilascio rapido del ghiaccio in 3 secondi<\/li>\n<\/ul>","protected":false},"featured_media":53018,"comment_status":"open","ping_status":"closed","template":"","meta":{"_acf_changed":false},"product_brand":[],"product_cat":[244,275],"product_tag":[253],"class_list":{"0":"post-49820","1":"product","2":"type-product","3":"status-publish","4":"has-post-thumbnail","6":"product_cat-bingsu-machine","7":"product_cat-refrigeration-equipment","8":"product_tag-air-cooling","9":"description-off","11":"first","12":"instock","13":"shipping-taxable","14":"purchasable","15":"product-type-simple"},"acf":[],"yoast_head":"<!-- This site is optimized with the Yoast SEO Premium plugin v25.3 (Yoast SEO v26.3) - https:\/\/yoast.com\/wordpress\/plugins\/seo\/ -->\n<title>125kg\/24h 3 Seconds Ice Maker Snowflake ice machine Rapid Production Bingsu with JMXC125FD-660W-220V\/110V - KengMing | Manufacturer of Commercial Kitchen Equipment<\/title>\n<meta name=\"description\" content=\"125kg\/24h 3 Seconds Ice Maker Snowflake ice machine Rapid Production Bingsu with JMXC125FD-660W-220V\/110V\" \/>\n<meta name=\"robots\" content=\"index, follow, max-snippet:-1, max-image-preview:large, max-video-preview:-1\" \/>\n<link rel=\"canonical\" href=\"https:\/\/kengmingcn.com\/it\/product\/125kg-24h-3-secondi-macchina-del-ghiaccio-fiocco-di-neve-produzione-rapida-bingsu-con-jmxc125fd-660w-220v-110v\/\" \/>\n<meta property=\"og:locale\" content=\"it_IT\" \/>\n<meta property=\"og:type\" content=\"article\" \/>\n<meta property=\"og:title\" content=\"125kg\/24h 3 Seconds Ice Maker Snowflake ice machine Rapid Production Bingsu with JMXC125FD-660W-220V\/110V\" \/>\n<meta property=\"og:description\" content=\"125kg\/24h 3 Seconds Ice Maker Snowflake ice machine Rapid Production Bingsu with JMXC125FD-660W-220V\/110V\" \/>\n<meta property=\"og:url\" content=\"https:\/\/kengmingcn.com\/it\/product\/125kg-24h-3-secondi-macchina-del-ghiaccio-fiocco-di-neve-produzione-rapida-bingsu-con-jmxc125fd-660w-220v-110v\/\" \/>\n<meta property=\"og:site_name\" content=\"KengMing | Manufacturer of Commercial Kitchen Equipment\" \/>\n<meta property=\"article:modified_time\" content=\"2026-01-11T05:57:19+00:00\" \/>\n<meta property=\"og:image\" content=\"https:\/\/kengmingcn.com\/wp-content\/uploads\/2025\/04\/JMXC125FD_7_11zon.webp\" \/>\n\t<meta property=\"og:image:width\" content=\"800\" \/>\n\t<meta property=\"og:image:height\" content=\"800\" \/>\n\t<meta property=\"og:image:type\" content=\"image\/webp\" \/>\n<meta name=\"twitter:card\" content=\"summary_large_image\" \/>\n<meta name=\"twitter:label1\" content=\"Prezzo\" \/>\n\t<meta name=\"twitter:data1\" content=\"&#036;350.00\" \/>\n\t<meta name=\"twitter:label2\" content=\"Disponibilit\u00e0\" \/>\n\t<meta name=\"twitter:data2\" content=\"In stock\" \/>\n<script type=\"application\/ld+json\" class=\"yoast-schema-graph\">{\"@context\":\"https:\/\/schema.org\",\"@graph\":[{\"@type\":\"WebPage\",\"@id\":\"https:\/\/kengmingcn.com\/nl\/product\/125kg-24h-3-seconden-ijsmachine-sneeuwvlok-ijs-snelle-productie-bingsu-met-jmxc125fd-660w-220v-110v\/\",\"url\":\"https:\/\/kengmingcn.com\/nl\/product\/125kg-24h-3-seconden-ijsmachine-sneeuwvlok-ijs-snelle-productie-bingsu-met-jmxc125fd-660w-220v-110v\/\",\"name\":\"125kg\/24h 3 Seconds Ice Maker Snowflake ice machine Rapid Production Bingsu with JMXC125FD-660W-220V\/110V - KengMing | Manufacturer of Commercial Kitchen Equipment\",\"isPartOf\":{\"@id\":\"https:\/\/kengmingcn.com\/#website\"},\"primaryImageOfPage\":{\"@id\":\"https:\/\/kengmingcn.com\/nl\/product\/125kg-24h-3-seconden-ijsmachine-sneeuwvlok-ijs-snelle-productie-bingsu-met-jmxc125fd-660w-220v-110v\/#primaryimage\"},\"image\":{\"@id\":\"https:\/\/kengmingcn.com\/nl\/product\/125kg-24h-3-seconden-ijsmachine-sneeuwvlok-ijs-snelle-productie-bingsu-met-jmxc125fd-660w-220v-110v\/#primaryimage\"},\"thumbnailUrl\":\"https:\/\/kengmingcn.com\/wp-content\/uploads\/2025\/04\/JMXC125FD_7_11zon.webp\",\"datePublished\":\"2025-04-22T03:22:15+00:00\",\"dateModified\":\"2026-01-11T05:57:19+00:00\",\"description\":\"125kg\/24h 3 Seconds Ice Maker Snowflake ice machine Rapid Production Bingsu with JMXC125FD-660W-220V\/110V\",\"breadcrumb\":{\"@id\":\"https:\/\/kengmingcn.com\/nl\/product\/125kg-24h-3-seconden-ijsmachine-sneeuwvlok-ijs-snelle-productie-bingsu-met-jmxc125fd-660w-220v-110v\/#breadcrumb\"},\"inLanguage\":\"it-IT\",\"potentialAction\":[{\"@type\":\"ReadAction\",\"target\":[\"https:\/\/kengmingcn.com\/nl\/product\/125kg-24h-3-seconden-ijsmachine-sneeuwvlok-ijs-snelle-productie-bingsu-met-jmxc125fd-660w-220v-110v\/\"]}]},{\"@type\":\"ImageObject\",\"inLanguage\":\"it-IT\",\"@id\":\"https:\/\/kengmingcn.com\/nl\/product\/125kg-24h-3-seconden-ijsmachine-sneeuwvlok-ijs-snelle-productie-bingsu-met-jmxc125fd-660w-220v-110v\/#primaryimage\",\"url\":\"https:\/\/kengmingcn.com\/wp-content\/uploads\/2025\/04\/JMXC125FD_7_11zon.webp\",\"contentUrl\":\"https:\/\/kengmingcn.com\/wp-content\/uploads\/2025\/04\/JMXC125FD_7_11zon.webp\",\"width\":800,\"height\":800,\"caption\":\"JMXC125FD 125kg Bingu Machine\"},{\"@type\":\"BreadcrumbList\",\"@id\":\"https:\/\/kengmingcn.com\/nl\/product\/125kg-24h-3-seconden-ijsmachine-sneeuwvlok-ijs-snelle-productie-bingsu-met-jmxc125fd-660w-220v-110v\/#breadcrumb\",\"itemListElement\":[{\"@type\":\"ListItem\",\"position\":1,\"name\":\"Home\",\"item\":\"https:\/\/kengmingcn.com\/\"},{\"@type\":\"ListItem\",\"position\":2,\"name\":\"Catalogue\",\"item\":\"https:\/\/kengmingcn.com\/?page_id=27131\"},{\"@type\":\"ListItem\",\"position\":3,\"name\":\"125kg\/24h 3 Seconds Ice Maker Snowflake ice machine Rapid Production Bingsu with JMXC125FD-660W-220V\/110V\"}]},{\"@type\":\"WebSite\",\"@id\":\"https:\/\/kengmingcn.com\/#website\",\"url\":\"https:\/\/kengmingcn.com\/\",\"name\":\"Kitchen Equipment\",\"description\":\"KengMing is a professional commercial kitchen equipment manufacturer and wholesale supplier, offering cooking, food prep and bakery equipment with OEM &amp; ODM service for global distributors.\",\"publisher\":{\"@id\":\"https:\/\/kengmingcn.com\/#organization\"},\"potentialAction\":[{\"@type\":\"SearchAction\",\"target\":{\"@type\":\"EntryPoint\",\"urlTemplate\":\"https:\/\/kengmingcn.com\/?s={search_term_string}\"},\"query-input\":{\"@type\":\"PropertyValueSpecification\",\"valueRequired\":true,\"valueName\":\"search_term_string\"}}],\"inLanguage\":\"it-IT\"},{\"@type\":\"Organization\",\"@id\":\"https:\/\/kengmingcn.com\/#organization\",\"name\":\"GuangZhou KengMing\",\"url\":\"https:\/\/kengmingcn.com\/\",\"logo\":{\"@type\":\"ImageObject\",\"inLanguage\":\"it-IT\",\"@id\":\"https:\/\/kengmingcn.com\/#\/schema\/logo\/image\/\",\"url\":\"https:\/\/kengmingcn.com\/wp-content\/uploads\/2025\/04\/cropped-1744508604969-removebg-preview.png\",\"contentUrl\":\"https:\/\/kengmingcn.com\/wp-content\/uploads\/2025\/04\/cropped-1744508604969-removebg-preview.png\",\"width\":512,\"height\":512,\"caption\":\"GuangZhou KengMing\"},\"image\":{\"@id\":\"https:\/\/kengmingcn.com\/#\/schema\/logo\/image\/\"}}]}<\/script>\n<meta property=\"product:price:amount\" content=\"350.00\" \/>\n<meta property=\"product:price:currency\" content=\"USD\" \/>\n<meta property=\"og:availability\" content=\"instock\" \/>\n<meta property=\"product:availability\" content=\"instock\" \/>\n<meta property=\"product:condition\" content=\"new\" \/>\n<!-- \/ Yoast SEO Premium plugin. -->","yoast_head_json":{"title":"125kg\/24h 3 secondi Ice Maker Fiocco di neve macchina del ghiaccio produzione rapida Bingsu con JMXC125FD-660W-220V\/110V - KengMing | Produttore di attrezzature da cucina commerciale","description":"125kg\/24h 3 secondi Ice Maker Fiocco di neve macchina del ghiaccio produzione rapida Bingsu con JMXC125FD-660W-220V\/110V","robots":{"index":"index","follow":"follow","max-snippet":"max-snippet:-1","max-image-preview":"max-image-preview:large","max-video-preview":"max-video-preview:-1"},"canonical":"https:\/\/kengmingcn.com\/it\/product\/125kg-24h-3-secondi-macchina-del-ghiaccio-fiocco-di-neve-produzione-rapida-bingsu-con-jmxc125fd-660w-220v-110v\/","og_locale":"it_IT","og_type":"article","og_title":"125kg\/24h 3 Seconds Ice Maker Snowflake ice machine Rapid Production Bingsu with JMXC125FD-660W-220V\/110V","og_description":"125kg\/24h 3 Seconds Ice Maker Snowflake ice machine Rapid Production Bingsu with JMXC125FD-660W-220V\/110V","og_url":"https:\/\/kengmingcn.com\/it\/product\/125kg-24h-3-secondi-macchina-del-ghiaccio-fiocco-di-neve-produzione-rapida-bingsu-con-jmxc125fd-660w-220v-110v\/","og_site_name":"KengMing | Manufacturer of Commercial Kitchen Equipment","article_modified_time":"2026-01-11T05:57:19+00:00","og_image":[{"width":800,"height":800,"url":"https:\/\/kengmingcn.com\/wp-content\/uploads\/2025\/04\/JMXC125FD_7_11zon.webp","type":"image\/webp"}],"twitter_card":"summary_large_image","twitter_misc":{"Prezzo":"&#36;350.00","Disponibilit\u00e0":"In stock"},"schema":{"@context":"https:\/\/schema.org","@graph":[{"@type":"WebPage","@id":"https:\/\/kengmingcn.com\/nl\/product\/125kg-24h-3-seconden-ijsmachine-sneeuwvlok-ijs-snelle-productie-bingsu-met-jmxc125fd-660w-220v-110v\/","url":"https:\/\/kengmingcn.com\/nl\/product\/125kg-24h-3-seconden-ijsmachine-sneeuwvlok-ijs-snelle-productie-bingsu-met-jmxc125fd-660w-220v-110v\/","name":"125kg\/24h 3 secondi Ice Maker Fiocco di neve macchina del ghiaccio produzione rapida Bingsu con JMXC125FD-660W-220V\/110V - KengMing | Produttore di attrezzature da cucina commerciale","isPartOf":{"@id":"https:\/\/kengmingcn.com\/#website"},"primaryImageOfPage":{"@id":"https:\/\/kengmingcn.com\/nl\/product\/125kg-24h-3-seconden-ijsmachine-sneeuwvlok-ijs-snelle-productie-bingsu-met-jmxc125fd-660w-220v-110v\/#primaryimage"},"image":{"@id":"https:\/\/kengmingcn.com\/nl\/product\/125kg-24h-3-seconden-ijsmachine-sneeuwvlok-ijs-snelle-productie-bingsu-met-jmxc125fd-660w-220v-110v\/#primaryimage"},"thumbnailUrl":"https:\/\/kengmingcn.com\/wp-content\/uploads\/2025\/04\/JMXC125FD_7_11zon.webp","datePublished":"2025-04-22T03:22:15+00:00","dateModified":"2026-01-11T05:57:19+00:00","description":"125kg\/24h 3 secondi Ice Maker Fiocco di neve macchina del ghiaccio produzione rapida Bingsu con JMXC125FD-660W-220V\/110V","breadcrumb":{"@id":"https:\/\/kengmingcn.com\/nl\/product\/125kg-24h-3-seconden-ijsmachine-sneeuwvlok-ijs-snelle-productie-bingsu-met-jmxc125fd-660w-220v-110v\/#breadcrumb"},"inLanguage":"it-IT","potentialAction":[{"@type":"ReadAction","target":["https:\/\/kengmingcn.com\/nl\/product\/125kg-24h-3-seconden-ijsmachine-sneeuwvlok-ijs-snelle-productie-bingsu-met-jmxc125fd-660w-220v-110v\/"]}]},{"@type":"ImageObject","inLanguage":"it-IT","@id":"https:\/\/kengmingcn.com\/nl\/product\/125kg-24h-3-seconden-ijsmachine-sneeuwvlok-ijs-snelle-productie-bingsu-met-jmxc125fd-660w-220v-110v\/#primaryimage","url":"https:\/\/kengmingcn.com\/wp-content\/uploads\/2025\/04\/JMXC125FD_7_11zon.webp","contentUrl":"https:\/\/kengmingcn.com\/wp-content\/uploads\/2025\/04\/JMXC125FD_7_11zon.webp","width":800,"height":800,"caption":"JMXC125FD 125kg Bingu Machine"},{"@type":"BreadcrumbList","@id":"https:\/\/kengmingcn.com\/nl\/product\/125kg-24h-3-seconden-ijsmachine-sneeuwvlok-ijs-snelle-productie-bingsu-met-jmxc125fd-660w-220v-110v\/#breadcrumb","itemListElement":[{"@type":"ListItem","position":1,"name":"Home","item":"https:\/\/kengmingcn.com\/"},{"@type":"ListItem","position":2,"name":"Catalogue","item":"https:\/\/kengmingcn.com\/?page_id=27131"},{"@type":"ListItem","position":3,"name":"125kg\/24h 3 Seconds Ice Maker Snowflake ice machine Rapid Production Bingsu with JMXC125FD-660W-220V\/110V"}]},{"@type":"WebSite","@id":"https:\/\/kengmingcn.com\/#website","url":"https:\/\/kengmingcn.com\/","name":"Attrezzature da cucina","description":"KengMing is a professional commercial kitchen equipment manufacturer and wholesale supplier, offering cooking, food prep and bakery equipment with OEM &amp; ODM service for global distributors.","publisher":{"@id":"https:\/\/kengmingcn.com\/#organization"},"potentialAction":[{"@type":"SearchAction","target":{"@type":"EntryPoint","urlTemplate":"https:\/\/kengmingcn.com\/?s={search_term_string}"},"query-input":{"@type":"PropertyValueSpecification","valueRequired":true,"valueName":"search_term_string"}}],"inLanguage":"it-IT"},{"@type":"Organization","@id":"https:\/\/kengmingcn.com\/#organization","name":"GuangZhou KengMing","url":"https:\/\/kengmingcn.com\/","logo":{"@type":"ImageObject","inLanguage":"it-IT","@id":"https:\/\/kengmingcn.com\/#\/schema\/logo\/image\/","url":"https:\/\/kengmingcn.com\/wp-content\/uploads\/2025\/04\/cropped-1744508604969-removebg-preview.png","contentUrl":"https:\/\/kengmingcn.com\/wp-content\/uploads\/2025\/04\/cropped-1744508604969-removebg-preview.png","width":512,"height":512,"caption":"GuangZhou KengMing"},"image":{"@id":"https:\/\/kengmingcn.com\/#\/schema\/logo\/image\/"}}]},"product_price_amount":"350.00","product_price_currency":"USD","og_availability":"instock","product_availability":"instock","product_condition":"new"},"_links":{"self":[{"href":"https:\/\/kengmingcn.com\/it\/wp-json\/wp\/v2\/product\/49820","targetHints":{"allow":["GET"]}}],"collection":[{"href":"https:\/\/kengmingcn.com\/it\/wp-json\/wp\/v2\/product"}],"about":[{"href":"https:\/\/kengmingcn.com\/it\/wp-json\/wp\/v2\/types\/product"}],"replies":[{"embeddable":true,"href":"https:\/\/kengmingcn.com\/it\/wp-json\/wp\/v2\/comments?post=49820"}],"wp:featuredmedia":[{"embeddable":true,"href":"https:\/\/kengmingcn.com\/it\/wp-json\/wp\/v2\/media\/53018"}],"wp:attachment":[{"href":"https:\/\/kengmingcn.com\/it\/wp-json\/wp\/v2\/media?parent=49820"}],"wp:term":[{"taxonomy":"product_brand","embeddable":true,"href":"https:\/\/kengmingcn.com\/it\/wp-json\/wp\/v2\/product_brand?post=49820"},{"taxonomy":"product_cat","embeddable":true,"href":"https:\/\/kengmingcn.com\/it\/wp-json\/wp\/v2\/product_cat?post=49820"},{"taxonomy":"product_tag","embeddable":true,"href":"https:\/\/kengmingcn.com\/it\/wp-json\/wp\/v2\/product_tag?post=49820"}],"curies":[{"name":"wp","href":"https:\/\/api.w.org\/{rel}","templated":true}]}}