{"id":53495,"date":"2026-04-29T15:37:35","date_gmt":"2026-04-29T07:37:35","guid":{"rendered":"https:\/\/kengmingcn.com\/?post_type=product&#038;p=53495"},"modified":"2026-05-11T15:25:18","modified_gmt":"2026-05-11T07:25:18","slug":"212-litres-de-boissons-glacees-margarita-slush-machine-a-vendre-jm-212","status":"publish","type":"product","link":"https:\/\/kengmingcn.com\/fr\/product\/212-litres-de-boissons-glacees-margarita-slush-machine-a-vendre-jm-212\/","title":{"rendered":"2*12 Litres 2 Flavors Frozen Drink Margarita Slush Machine for Sale JM-212"},"content":{"rendered":"<figure class=\"wp-block-table\"><table class=\"has-fixed-layout\"><tbody><tr><td>Nom du produit<\/td><td>Machine \u00e0 bouillie<\/td><td>Mod\u00e8le<\/td><td>JM-212<\/td><\/tr><tr><td>Capacit\u00e9 max. Capacit\u00e9<\/td><td>12L*2<\/td><td>M\u00e9thode de chauffage<\/td><td>\u00c9lectrique<\/td><\/tr><tr><td>Puissance<\/td><td>1000W<\/td><td>Tension<\/td><td>220V\/110V, 50HZ\/60HZ<\/td><\/tr><tr><td>N.W \/ G.W<\/td><td>42kg \/ 60kg<\/td><td>Taille<\/td><td>400*630*800mm<\/td><\/tr><tr><td>R\u00e9frig\u00e9rant<\/td><td>R290 \/ 220g<\/td><td>Taille de l'emballage<\/td><td>500*730*950mm<\/td><\/tr><tr><td>condition<\/td><td>Nouveau<\/td><td>garantie<\/td><td>1 an<\/td><\/tr><tr><td>Principaux arguments de vente<\/td><td>faire de la glace rapidement<\/td><td>Dossier sp\u00e9cial<\/td><td>Productivit\u00e9 \u00e9lev\u00e9e<\/td><\/tr><tr><td>Mat\u00e9riau<\/td><td>Acier inoxydable, ABS, PC<\/td><td>lieu d'origine<\/td><td>Guangdong, Chine<\/td><\/tr><tr><td>Marque<\/td><td>JuanMing<\/td><td>Application<\/td><td>Salon de th\u00e9 \/ caf\u00e9 \/ restaurant \/ bar \/ cin\u00e9ma \/ caf\u00e9t\u00e9ria \/ h\u00f4tel, etc.<\/td><\/tr><tr><td>Certificat<\/td><td>CE<\/td><td>Personnaliser<\/td><td>Prise en charge de la personnalisation des produits et des marques<\/td><\/tr><\/tbody><\/table><\/figure>\n\n\n\n<figure class=\"wp-block-image size-full\"><img decoding=\"async\" width=\"800\" height=\"800\" src=\"https:\/\/kengmingcn.com\/wp-content\/uploads\/2026\/04\/JM-212.9.webp\" alt=\"\" class=\"wp-image-53498\" srcset=\"https:\/\/kengmingcn.com\/wp-content\/uploads\/2026\/04\/JM-212.9.webp 800w, https:\/\/kengmingcn.com\/wp-content\/uploads\/2026\/04\/JM-212.9-300x300.webp 300w, https:\/\/kengmingcn.com\/wp-content\/uploads\/2026\/04\/JM-212.9-150x150.webp 150w, https:\/\/kengmingcn.com\/wp-content\/uploads\/2026\/04\/JM-212.9-768x768.webp 768w, https:\/\/kengmingcn.com\/wp-content\/uploads\/2026\/04\/JM-212.9-12x12.webp 12w, https:\/\/kengmingcn.com\/wp-content\/uploads\/2026\/04\/JM-212.9-200x200.webp 200w\" sizes=\"(max-width: 800px) 100vw, 800px\" \/><\/figure>\n\n\n\n<figure class=\"wp-block-image size-full\"><img decoding=\"async\" width=\"800\" height=\"800\" src=\"https:\/\/kengmingcn.com\/wp-content\/uploads\/2026\/04\/3.webp\" alt=\"\" class=\"wp-image-53482\" srcset=\"https:\/\/kengmingcn.com\/wp-content\/uploads\/2026\/04\/3.webp 800w, https:\/\/kengmingcn.com\/wp-content\/uploads\/2026\/04\/3-300x300.webp 300w, https:\/\/kengmingcn.com\/wp-content\/uploads\/2026\/04\/3-150x150.webp 150w, https:\/\/kengmingcn.com\/wp-content\/uploads\/2026\/04\/3-768x768.webp 768w, https:\/\/kengmingcn.com\/wp-content\/uploads\/2026\/04\/3-12x12.webp 12w, https:\/\/kengmingcn.com\/wp-content\/uploads\/2026\/04\/3-200x200.webp 200w\" sizes=\"(max-width: 800px) 100vw, 800px\" \/><\/figure>\n\n\n\n<figure class=\"wp-block-image size-full\"><img decoding=\"async\" width=\"800\" height=\"800\" src=\"https:\/\/kengmingcn.com\/wp-content\/uploads\/2026\/04\/JM-212.8.webp\" alt=\"\" class=\"wp-image-53497\" srcset=\"https:\/\/kengmingcn.com\/wp-content\/uploads\/2026\/04\/JM-212.8.webp 800w, https:\/\/kengmingcn.com\/wp-content\/uploads\/2026\/04\/JM-212.8-300x300.webp 300w, https:\/\/kengmingcn.com\/wp-content\/uploads\/2026\/04\/JM-212.8-150x150.webp 150w, https:\/\/kengmingcn.com\/wp-content\/uploads\/2026\/04\/JM-212.8-768x768.webp 768w, https:\/\/kengmingcn.com\/wp-content\/uploads\/2026\/04\/JM-212.8-12x12.webp 12w, https:\/\/kengmingcn.com\/wp-content\/uploads\/2026\/04\/JM-212.8-200x200.webp 200w\" sizes=\"(max-width: 800px) 100vw, 800px\" \/><\/figure>\n\n\n\n<figure class=\"wp-block-image size-full\"><img decoding=\"async\" width=\"800\" height=\"800\" src=\"https:\/\/kengmingcn.com\/wp-content\/uploads\/2026\/04\/JM-212.7.webp\" alt=\"\" class=\"wp-image-53504\" srcset=\"https:\/\/kengmingcn.com\/wp-content\/uploads\/2026\/04\/JM-212.7.webp 800w, https:\/\/kengmingcn.com\/wp-content\/uploads\/2026\/04\/JM-212.7-300x300.webp 300w, https:\/\/kengmingcn.com\/wp-content\/uploads\/2026\/04\/JM-212.7-150x150.webp 150w, https:\/\/kengmingcn.com\/wp-content\/uploads\/2026\/04\/JM-212.7-768x768.webp 768w, https:\/\/kengmingcn.com\/wp-content\/uploads\/2026\/04\/JM-212.7-12x12.webp 12w, https:\/\/kengmingcn.com\/wp-content\/uploads\/2026\/04\/JM-212.7-200x200.webp 200w\" sizes=\"(max-width: 800px) 100vw, 800px\" \/><\/figure>\n\n\n\n<figure class=\"wp-block-image size-full\"><img decoding=\"async\" width=\"800\" height=\"800\" src=\"https:\/\/kengmingcn.com\/wp-content\/uploads\/2026\/04\/4.webp\" alt=\"\" class=\"wp-image-53483\" srcset=\"https:\/\/kengmingcn.com\/wp-content\/uploads\/2026\/04\/4.webp 800w, https:\/\/kengmingcn.com\/wp-content\/uploads\/2026\/04\/4-300x300.webp 300w, https:\/\/kengmingcn.com\/wp-content\/uploads\/2026\/04\/4-150x150.webp 150w, https:\/\/kengmingcn.com\/wp-content\/uploads\/2026\/04\/4-768x768.webp 768w, https:\/\/kengmingcn.com\/wp-content\/uploads\/2026\/04\/4-12x12.webp 12w, https:\/\/kengmingcn.com\/wp-content\/uploads\/2026\/04\/4-200x200.webp 200w\" sizes=\"(max-width: 800px) 100vw, 800px\" \/><\/figure>\n\n\n\n<figure class=\"wp-block-image size-full\"><img decoding=\"async\" width=\"800\" height=\"800\" src=\"https:\/\/kengmingcn.com\/wp-content\/uploads\/2026\/04\/JM-212.4.webp\" alt=\"\" class=\"wp-image-53501\" srcset=\"https:\/\/kengmingcn.com\/wp-content\/uploads\/2026\/04\/JM-212.4.webp 800w, https:\/\/kengmingcn.com\/wp-content\/uploads\/2026\/04\/JM-212.4-300x300.webp 300w, https:\/\/kengmingcn.com\/wp-content\/uploads\/2026\/04\/JM-212.4-150x150.webp 150w, https:\/\/kengmingcn.com\/wp-content\/uploads\/2026\/04\/JM-212.4-768x768.webp 768w, https:\/\/kengmingcn.com\/wp-content\/uploads\/2026\/04\/JM-212.4-12x12.webp 12w, https:\/\/kengmingcn.com\/wp-content\/uploads\/2026\/04\/JM-212.4-200x200.webp 200w\" sizes=\"(max-width: 800px) 100vw, 800px\" \/><\/figure>\n\n\n\n<figure class=\"wp-block-image size-full\"><img decoding=\"async\" width=\"800\" height=\"800\" src=\"https:\/\/kengmingcn.com\/wp-content\/uploads\/2026\/04\/6.webp\" alt=\"\" class=\"wp-image-53484\" srcset=\"https:\/\/kengmingcn.com\/wp-content\/uploads\/2026\/04\/6.webp 800w, https:\/\/kengmingcn.com\/wp-content\/uploads\/2026\/04\/6-300x300.webp 300w, https:\/\/kengmingcn.com\/wp-content\/uploads\/2026\/04\/6-150x150.webp 150w, https:\/\/kengmingcn.com\/wp-content\/uploads\/2026\/04\/6-768x768.webp 768w, https:\/\/kengmingcn.com\/wp-content\/uploads\/2026\/04\/6-12x12.webp 12w, https:\/\/kengmingcn.com\/wp-content\/uploads\/2026\/04\/6-200x200.webp 200w\" sizes=\"(max-width: 800px) 100vw, 800px\" \/><\/figure>\n\n\n\n<figure class=\"wp-block-image size-full\"><img decoding=\"async\" width=\"800\" height=\"800\" src=\"https:\/\/kengmingcn.com\/wp-content\/uploads\/2026\/04\/JM-212.3.webp\" alt=\"\" class=\"wp-image-53500\" srcset=\"https:\/\/kengmingcn.com\/wp-content\/uploads\/2026\/04\/JM-212.3.webp 800w, https:\/\/kengmingcn.com\/wp-content\/uploads\/2026\/04\/JM-212.3-300x300.webp 300w, https:\/\/kengmingcn.com\/wp-content\/uploads\/2026\/04\/JM-212.3-150x150.webp 150w, https:\/\/kengmingcn.com\/wp-content\/uploads\/2026\/04\/JM-212.3-768x768.webp 768w, https:\/\/kengmingcn.com\/wp-content\/uploads\/2026\/04\/JM-212.3-12x12.webp 12w, https:\/\/kengmingcn.com\/wp-content\/uploads\/2026\/04\/JM-212.3-200x200.webp 200w\" sizes=\"(max-width: 800px) 100vw, 800px\" \/><\/figure>\n\n\n\n<figure class=\"wp-block-image size-full\"><img decoding=\"async\" width=\"800\" height=\"800\" src=\"https:\/\/kengmingcn.com\/wp-content\/uploads\/2026\/04\/7.webp\" alt=\"\" class=\"wp-image-53485\" srcset=\"https:\/\/kengmingcn.com\/wp-content\/uploads\/2026\/04\/7.webp 800w, https:\/\/kengmingcn.com\/wp-content\/uploads\/2026\/04\/7-300x300.webp 300w, https:\/\/kengmingcn.com\/wp-content\/uploads\/2026\/04\/7-150x150.webp 150w, https:\/\/kengmingcn.com\/wp-content\/uploads\/2026\/04\/7-768x768.webp 768w, https:\/\/kengmingcn.com\/wp-content\/uploads\/2026\/04\/7-12x12.webp 12w, https:\/\/kengmingcn.com\/wp-content\/uploads\/2026\/04\/7-200x200.webp 200w\" sizes=\"(max-width: 800px) 100vw, 800px\" \/><\/figure>\n\n\n\n<figure class=\"wp-block-image size-full\"><img decoding=\"async\" width=\"800\" height=\"800\" src=\"https:\/\/kengmingcn.com\/wp-content\/uploads\/2026\/04\/8.webp\" alt=\"\" class=\"wp-image-53486\" srcset=\"https:\/\/kengmingcn.com\/wp-content\/uploads\/2026\/04\/8.webp 800w, https:\/\/kengmingcn.com\/wp-content\/uploads\/2026\/04\/8-300x300.webp 300w, https:\/\/kengmingcn.com\/wp-content\/uploads\/2026\/04\/8-150x150.webp 150w, https:\/\/kengmingcn.com\/wp-content\/uploads\/2026\/04\/8-768x768.webp 768w, https:\/\/kengmingcn.com\/wp-content\/uploads\/2026\/04\/8-12x12.webp 12w, https:\/\/kengmingcn.com\/wp-content\/uploads\/2026\/04\/8-200x200.webp 200w\" sizes=\"(max-width: 800px) 100vw, 800px\" \/><\/figure>\n\n\n\n<figure class=\"wp-block-image size-full\"><img decoding=\"async\" width=\"800\" height=\"800\" src=\"https:\/\/kengmingcn.com\/wp-content\/uploads\/2026\/04\/JM-212.5.webp\" alt=\"\" class=\"wp-image-53502\" srcset=\"https:\/\/kengmingcn.com\/wp-content\/uploads\/2026\/04\/JM-212.5.webp 800w, https:\/\/kengmingcn.com\/wp-content\/uploads\/2026\/04\/JM-212.5-300x300.webp 300w, https:\/\/kengmingcn.com\/wp-content\/uploads\/2026\/04\/JM-212.5-150x150.webp 150w, https:\/\/kengmingcn.com\/wp-content\/uploads\/2026\/04\/JM-212.5-768x768.webp 768w, https:\/\/kengmingcn.com\/wp-content\/uploads\/2026\/04\/JM-212.5-12x12.webp 12w, https:\/\/kengmingcn.com\/wp-content\/uploads\/2026\/04\/JM-212.5-200x200.webp 200w\" sizes=\"(max-width: 800px) 100vw, 800px\" \/><\/figure>\n\n\n\n<p><\/p>","protected":false},"excerpt":{"rendered":"<p><span data-mce-type=\"bookmark\" style=\"width: 0px;overflow: hidden;line-height: 0\" class=\"mce_SELRES_start\"><\/span>Machine \u00e0 bouillie avec refroidissement efficace du compresseur,<\/p>\n<p>1-3 grands r\u00e9servoirs, contr\u00f4le ind\u00e9pendant de la temp\u00e9rature et agitation automatique.<\/p>\n<p>pour les salons de th\u00e9 \u00e0 bulles, les restaurants, les cin\u00e9mas, les magasins de proximit\u00e9, ainsi que pour les f\u00eates \u00e0 domicile et les \u00e9v\u00e9nements en plein air.<\/p>\n<p>Permet de r\u00e9aliser facilement des boissons glac\u00e9es multi-saveurs.<\/p>\n<p>&nbsp;<\/p>","protected":false},"featured_media":53525,"comment_status":"open","ping_status":"closed","template":"","meta":{"_acf_changed":false},"product_brand":[252],"product_cat":[334],"product_tag":[253],"class_list":{"0":"post-53495","1":"product","2":"type-product","3":"status-publish","4":"has-post-thumbnail","6":"product_brand-juanming","7":"product_cat-slush-machine","8":"product_tag-air-cooling","9":"description-off","11":"first","12":"instock","13":"shipping-taxable","14":"product-type-simple"},"acf":[],"yoast_head":"<!-- This site is optimized with the Yoast SEO Premium plugin v25.3 (Yoast SEO v26.3) - https:\/\/yoast.com\/wordpress\/plugins\/seo\/ -->\n<title>2*12 Liters 2 Flavors Frozen Drink Margarita Slush Machine for Sale JM-212 - KengMing | Manufacturer of Commercial Kitchen Equipment<\/title>\n<meta name=\"robots\" content=\"index, follow, max-snippet:-1, max-image-preview:large, max-video-preview:-1\" \/>\n<link rel=\"canonical\" href=\"https:\/\/kengmingcn.com\/fr\/product\/212-litres-de-boissons-glacees-margarita-slush-machine-a-vendre-jm-212\/\" \/>\n<meta property=\"og:locale\" content=\"fr_FR\" \/>\n<meta property=\"og:type\" content=\"article\" \/>\n<meta property=\"og:title\" content=\"2*12 Liters 2 Flavors Frozen Drink Margarita Slush Machine for Sale JM-212\" \/>\n<meta property=\"og:description\" content=\"\ufeffSlush machine with efficient compressor cooling, 1-3 large tanks, independent temperature control &amp; auto stirring. for bubble tea shops, restaurants, cinemas, convenience stores, as well as home parties and outdoor events. Easily makes multi-flavor slush drinks. &nbsp;\" \/>\n<meta property=\"og:url\" content=\"https:\/\/kengmingcn.com\/fr\/product\/212-litres-de-boissons-glacees-margarita-slush-machine-a-vendre-jm-212\/\" \/>\n<meta property=\"og:site_name\" content=\"KengMing | Manufacturer of Commercial Kitchen Equipment\" \/>\n<meta property=\"article:modified_time\" content=\"2026-05-11T07:25:18+00:00\" \/>\n<meta property=\"og:image\" content=\"https:\/\/kengmingcn.com\/wp-content\/uploads\/2026\/04\/JM-212.1.0.webp\" \/>\n\t<meta property=\"og:image:width\" content=\"800\" \/>\n\t<meta property=\"og:image:height\" content=\"800\" \/>\n\t<meta property=\"og:image:type\" content=\"image\/webp\" \/>\n<meta name=\"twitter:card\" content=\"summary_large_image\" \/>\n<meta name=\"twitter:label1\" content=\"Prix\" \/>\n\t<meta name=\"twitter:data1\" content=\"\" \/>\n\t<meta name=\"twitter:label2\" content=\"Disponibilit\u00e9\" \/>\n\t<meta name=\"twitter:data2\" content=\"En stock\" \/>\n<script type=\"application\/ld+json\" class=\"yoast-schema-graph\">{\"@context\":\"https:\/\/schema.org\",\"@graph\":[{\"@type\":\"WebPage\",\"@id\":\"https:\/\/kengmingcn.com\/product\/212-liters-2-flavors-frozen-drink-margarita-slush-machine-for-sale-jm-212\/\",\"url\":\"https:\/\/kengmingcn.com\/product\/212-liters-2-flavors-frozen-drink-margarita-slush-machine-for-sale-jm-212\/\",\"name\":\"2*12 Liters 2 Flavors Frozen Drink Margarita Slush Machine for Sale JM-212 - KengMing | Manufacturer of Commercial Kitchen Equipment\",\"isPartOf\":{\"@id\":\"https:\/\/kengmingcn.com\/#website\"},\"primaryImageOfPage\":{\"@id\":\"https:\/\/kengmingcn.com\/product\/212-liters-2-flavors-frozen-drink-margarita-slush-machine-for-sale-jm-212\/#primaryimage\"},\"image\":{\"@id\":\"https:\/\/kengmingcn.com\/product\/212-liters-2-flavors-frozen-drink-margarita-slush-machine-for-sale-jm-212\/#primaryimage\"},\"thumbnailUrl\":\"https:\/\/kengmingcn.com\/wp-content\/uploads\/2026\/04\/JM-212.1.0.webp\",\"datePublished\":\"2026-04-29T07:37:35+00:00\",\"dateModified\":\"2026-05-11T07:25:18+00:00\",\"breadcrumb\":{\"@id\":\"https:\/\/kengmingcn.com\/product\/212-liters-2-flavors-frozen-drink-margarita-slush-machine-for-sale-jm-212\/#breadcrumb\"},\"inLanguage\":\"fr-FR\",\"potentialAction\":[{\"@type\":\"ReadAction\",\"target\":[\"https:\/\/kengmingcn.com\/product\/212-liters-2-flavors-frozen-drink-margarita-slush-machine-for-sale-jm-212\/\"]}]},{\"@type\":\"ImageObject\",\"inLanguage\":\"fr-FR\",\"@id\":\"https:\/\/kengmingcn.com\/product\/212-liters-2-flavors-frozen-drink-margarita-slush-machine-for-sale-jm-212\/#primaryimage\",\"url\":\"https:\/\/kengmingcn.com\/wp-content\/uploads\/2026\/04\/JM-212.1.0.webp\",\"contentUrl\":\"https:\/\/kengmingcn.com\/wp-content\/uploads\/2026\/04\/JM-212.1.0.webp\",\"width\":800,\"height\":800},{\"@type\":\"BreadcrumbList\",\"@id\":\"https:\/\/kengmingcn.com\/product\/212-liters-2-flavors-frozen-drink-margarita-slush-machine-for-sale-jm-212\/#breadcrumb\",\"itemListElement\":[{\"@type\":\"ListItem\",\"position\":1,\"name\":\"Home\",\"item\":\"https:\/\/kengmingcn.com\/\"},{\"@type\":\"ListItem\",\"position\":2,\"name\":\"Catalogue\",\"item\":\"https:\/\/kengmingcn.com\/?page_id=27131\"},{\"@type\":\"ListItem\",\"position\":3,\"name\":\"2*12 Liters 2 Flavors Frozen Drink Margarita Slush Machine for Sale JM-212\"}]},{\"@type\":\"WebSite\",\"@id\":\"https:\/\/kengmingcn.com\/#website\",\"url\":\"https:\/\/kengmingcn.com\/\",\"name\":\"Kitchen Equipment\",\"description\":\"KengMing is a professional commercial kitchen equipment manufacturer and wholesale supplier, offering cooking, food prep and bakery equipment with OEM &amp; ODM service for global distributors.\",\"publisher\":{\"@id\":\"https:\/\/kengmingcn.com\/#organization\"},\"potentialAction\":[{\"@type\":\"SearchAction\",\"target\":{\"@type\":\"EntryPoint\",\"urlTemplate\":\"https:\/\/kengmingcn.com\/?s={search_term_string}\"},\"query-input\":{\"@type\":\"PropertyValueSpecification\",\"valueRequired\":true,\"valueName\":\"search_term_string\"}}],\"inLanguage\":\"fr-FR\"},{\"@type\":\"Organization\",\"@id\":\"https:\/\/kengmingcn.com\/#organization\",\"name\":\"GuangZhou KengMing\",\"url\":\"https:\/\/kengmingcn.com\/\",\"logo\":{\"@type\":\"ImageObject\",\"inLanguage\":\"fr-FR\",\"@id\":\"https:\/\/kengmingcn.com\/#\/schema\/logo\/image\/\",\"url\":\"https:\/\/kengmingcn.com\/wp-content\/uploads\/2025\/04\/cropped-1744508604969-removebg-preview.png\",\"contentUrl\":\"https:\/\/kengmingcn.com\/wp-content\/uploads\/2025\/04\/cropped-1744508604969-removebg-preview.png\",\"width\":512,\"height\":512,\"caption\":\"GuangZhou KengMing\"},\"image\":{\"@id\":\"https:\/\/kengmingcn.com\/#\/schema\/logo\/image\/\"}}]}<\/script>\n<meta property=\"product:price:amount\" content=\"0.00\" \/>\n<meta property=\"product:price:currency\" content=\"USD\" \/>\n<meta property=\"og:availability\" content=\"instock\" \/>\n<meta property=\"product:availability\" content=\"instock\" \/>\n<meta property=\"product:condition\" content=\"new\" \/>\n<!-- \/ Yoast SEO Premium plugin. -->","yoast_head_json":{"title":"2*12 Litres 2 Saveurs Machine \u00e0 boissons glac\u00e9es Margarita Slush JM-212 - KengMing | Fabricant d'\u00e9quipement de cuisine commerciale","robots":{"index":"index","follow":"follow","max-snippet":"max-snippet:-1","max-image-preview":"max-image-preview:large","max-video-preview":"max-video-preview:-1"},"canonical":"https:\/\/kengmingcn.com\/fr\/product\/212-litres-de-boissons-glacees-margarita-slush-machine-a-vendre-jm-212\/","og_locale":"fr_FR","og_type":"article","og_title":"2*12 Liters 2 Flavors Frozen Drink Margarita Slush Machine for Sale JM-212","og_description":"\ufeffSlush machine with efficient compressor cooling, 1-3 large tanks, independent temperature control &amp; auto stirring. for bubble tea shops, restaurants, cinemas, convenience stores, as well as home parties and outdoor events. Easily makes multi-flavor slush drinks. &nbsp;","og_url":"https:\/\/kengmingcn.com\/fr\/product\/212-litres-de-boissons-glacees-margarita-slush-machine-a-vendre-jm-212\/","og_site_name":"KengMing | Manufacturer of Commercial Kitchen Equipment","article_modified_time":"2026-05-11T07:25:18+00:00","og_image":[{"width":800,"height":800,"url":"https:\/\/kengmingcn.com\/wp-content\/uploads\/2026\/04\/JM-212.1.0.webp","type":"image\/webp"}],"twitter_card":"summary_large_image","twitter_misc":{"Prix":"","Disponibilit\u00e9":"En stock"},"schema":{"@context":"https:\/\/schema.org","@graph":[{"@type":"WebPage","@id":"https:\/\/kengmingcn.com\/product\/212-liters-2-flavors-frozen-drink-margarita-slush-machine-for-sale-jm-212\/","url":"https:\/\/kengmingcn.com\/product\/212-liters-2-flavors-frozen-drink-margarita-slush-machine-for-sale-jm-212\/","name":"2*12 Litres 2 Saveurs Machine \u00e0 boissons glac\u00e9es Margarita Slush JM-212 - KengMing | Fabricant d'\u00e9quipement de cuisine commerciale","isPartOf":{"@id":"https:\/\/kengmingcn.com\/#website"},"primaryImageOfPage":{"@id":"https:\/\/kengmingcn.com\/product\/212-liters-2-flavors-frozen-drink-margarita-slush-machine-for-sale-jm-212\/#primaryimage"},"image":{"@id":"https:\/\/kengmingcn.com\/product\/212-liters-2-flavors-frozen-drink-margarita-slush-machine-for-sale-jm-212\/#primaryimage"},"thumbnailUrl":"https:\/\/kengmingcn.com\/wp-content\/uploads\/2026\/04\/JM-212.1.0.webp","datePublished":"2026-04-29T07:37:35+00:00","dateModified":"2026-05-11T07:25:18+00:00","breadcrumb":{"@id":"https:\/\/kengmingcn.com\/product\/212-liters-2-flavors-frozen-drink-margarita-slush-machine-for-sale-jm-212\/#breadcrumb"},"inLanguage":"fr-FR","potentialAction":[{"@type":"ReadAction","target":["https:\/\/kengmingcn.com\/product\/212-liters-2-flavors-frozen-drink-margarita-slush-machine-for-sale-jm-212\/"]}]},{"@type":"ImageObject","inLanguage":"fr-FR","@id":"https:\/\/kengmingcn.com\/product\/212-liters-2-flavors-frozen-drink-margarita-slush-machine-for-sale-jm-212\/#primaryimage","url":"https:\/\/kengmingcn.com\/wp-content\/uploads\/2026\/04\/JM-212.1.0.webp","contentUrl":"https:\/\/kengmingcn.com\/wp-content\/uploads\/2026\/04\/JM-212.1.0.webp","width":800,"height":800},{"@type":"BreadcrumbList","@id":"https:\/\/kengmingcn.com\/product\/212-liters-2-flavors-frozen-drink-margarita-slush-machine-for-sale-jm-212\/#breadcrumb","itemListElement":[{"@type":"ListItem","position":1,"name":"Home","item":"https:\/\/kengmingcn.com\/"},{"@type":"ListItem","position":2,"name":"Catalogue","item":"https:\/\/kengmingcn.com\/?page_id=27131"},{"@type":"ListItem","position":3,"name":"2*12 Liters 2 Flavors Frozen Drink Margarita Slush Machine for Sale JM-212"}]},{"@type":"WebSite","@id":"https:\/\/kengmingcn.com\/#website","url":"https:\/\/kengmingcn.com\/","name":"\u00c9quipement de cuisine","description":"KengMing est un fabricant professionnel d'\u00e9quipements de cuisine commerciale et un fournisseur en gros, proposant des \u00e9quipements de cuisine, de pr\u00e9paration des aliments et de boulangerie avec un service OEM et ODM pour les distributeurs mondiaux.","publisher":{"@id":"https:\/\/kengmingcn.com\/#organization"},"potentialAction":[{"@type":"SearchAction","target":{"@type":"EntryPoint","urlTemplate":"https:\/\/kengmingcn.com\/?s={search_term_string}"},"query-input":{"@type":"PropertyValueSpecification","valueRequired":true,"valueName":"search_term_string"}}],"inLanguage":"fr-FR"},{"@type":"Organization","@id":"https:\/\/kengmingcn.com\/#organization","name":"GuangZhou KengMing","url":"https:\/\/kengmingcn.com\/","logo":{"@type":"ImageObject","inLanguage":"fr-FR","@id":"https:\/\/kengmingcn.com\/#\/schema\/logo\/image\/","url":"https:\/\/kengmingcn.com\/wp-content\/uploads\/2025\/04\/cropped-1744508604969-removebg-preview.png","contentUrl":"https:\/\/kengmingcn.com\/wp-content\/uploads\/2025\/04\/cropped-1744508604969-removebg-preview.png","width":512,"height":512,"caption":"GuangZhou KengMing"},"image":{"@id":"https:\/\/kengmingcn.com\/#\/schema\/logo\/image\/"}}]},"product_price_amount":"0.00","product_price_currency":"USD","og_availability":"instock","product_availability":"instock","product_condition":"new"},"_links":{"self":[{"href":"https:\/\/kengmingcn.com\/fr\/wp-json\/wp\/v2\/product\/53495","targetHints":{"allow":["GET"]}}],"collection":[{"href":"https:\/\/kengmingcn.com\/fr\/wp-json\/wp\/v2\/product"}],"about":[{"href":"https:\/\/kengmingcn.com\/fr\/wp-json\/wp\/v2\/types\/product"}],"replies":[{"embeddable":true,"href":"https:\/\/kengmingcn.com\/fr\/wp-json\/wp\/v2\/comments?post=53495"}],"wp:featuredmedia":[{"embeddable":true,"href":"https:\/\/kengmingcn.com\/fr\/wp-json\/wp\/v2\/media\/53525"}],"wp:attachment":[{"href":"https:\/\/kengmingcn.com\/fr\/wp-json\/wp\/v2\/media?parent=53495"}],"wp:term":[{"taxonomy":"product_brand","embeddable":true,"href":"https:\/\/kengmingcn.com\/fr\/wp-json\/wp\/v2\/product_brand?post=53495"},{"taxonomy":"product_cat","embeddable":true,"href":"https:\/\/kengmingcn.com\/fr\/wp-json\/wp\/v2\/product_cat?post=53495"},{"taxonomy":"product_tag","embeddable":true,"href":"https:\/\/kengmingcn.com\/fr\/wp-json\/wp\/v2\/product_tag?post=53495"}],"curies":[{"name":"wp","href":"https:\/\/api.w.org\/{rel}","templated":true}]}}