{"id":53304,"date":"2026-03-21T11:06:52","date_gmt":"2026-03-21T03:06:52","guid":{"rendered":"https:\/\/kengmingcn.com\/?post_type=product&#038;p=53304"},"modified":"2026-03-21T17:25:53","modified_gmt":"2026-03-21T09:25:53","slug":"four-electrique-de-luxe-en-acier-inoxydable-dune-puissance-de-9300w-four-electrique-de-grande-capacite-grille-pain-four-a-pizza-four-electrique-multifonction-6-10-20-etages","status":"publish","type":"product","link":"https:\/\/kengmingcn.com\/fr\/product\/four-electrique-de-luxe-en-acier-inoxydable-dune-puissance-de-9300w-four-electrique-de-grande-capacite-grille-pain-four-a-pizza-four-electrique-multifonction-6-10-20-etages\/","title":{"rendered":"Four \u00e9lectrique commercial \u00e0 vapeur pour boulangerie Nouvel \u00e9tat Thermostat r\u00e9glable Contr\u00f4le pr\u00e9cis de la temp\u00e9rature 10 plaques"},"content":{"rendered":"<p><strong>Direction de la machine<\/strong><\/p>\n<p>1. Trois modes : mode vapeur seul, mode cuisson et mode double, chacun avec 6 s\u00e9ries de minuteries pour le chronom\u00e9trage et les rappels.<\/p>\n<p>2. Fonction d'humidification par pulv\u00e9risation.<\/p>\n<p>3. L'int\u00e9rieur de la cavit\u00e9 du four est en acier inoxydable 304.<\/p>\n<p>4. Tube de chauffage en acier inoxydable 321.<\/p>\n<p>5. 10 couches, avec un espacement de 70 mm entre les supports.<\/p>\n<p>6. 10 plateaux, chaque plateau a une taille de 530*325*65mm.<\/p>\n<p>7. \u00c9paisseur de la coque de 1,0 mm, \u00e9paisseur int\u00e9rieure de la cavit\u00e9 du four de 1,2 mm.<\/p>\n<p>8. Verre double couche, avec une couche int\u00e9rieure de 6 mm et une couche ext\u00e9rieure de 5 mm.<\/p>\n<p>9. Orifice d'\u00e9chappement d'un diam\u00e8tre de 1 pouce<\/p>\n<p>10. utilisation tactile et nettoyage automatique<\/p>\n\n\n<figure class=\"wp-block-image size-full\"><img decoding=\"async\" width=\"1060\" height=\"500\" src=\"https:\/\/kengmingcn.com\/wp-content\/uploads\/2026\/03\/1-9.jpg\" alt=\"\" class=\"wp-image-53330\" srcset=\"https:\/\/kengmingcn.com\/wp-content\/uploads\/2026\/03\/1-9.jpg 1060w, https:\/\/kengmingcn.com\/wp-content\/uploads\/2026\/03\/1-9-300x142.jpg 300w, https:\/\/kengmingcn.com\/wp-content\/uploads\/2026\/03\/1-9-1024x483.jpg 1024w, https:\/\/kengmingcn.com\/wp-content\/uploads\/2026\/03\/1-9-768x362.jpg 768w, https:\/\/kengmingcn.com\/wp-content\/uploads\/2026\/03\/1-9-18x8.jpg 18w\" sizes=\"(max-width: 1060px) 100vw, 1060px\" \/><\/figure>\n\n\n\n<figure class=\"wp-block-image size-large\"><img decoding=\"async\" width=\"1024\" height=\"483\" src=\"https:\/\/kengmingcn.com\/wp-content\/uploads\/2026\/03\/2-8-1024x483.jpg\" alt=\"\" class=\"wp-image-53331\" srcset=\"https:\/\/kengmingcn.com\/wp-content\/uploads\/2026\/03\/2-8-1024x483.jpg 1024w, https:\/\/kengmingcn.com\/wp-content\/uploads\/2026\/03\/2-8-300x142.jpg 300w, https:\/\/kengmingcn.com\/wp-content\/uploads\/2026\/03\/2-8-768x362.jpg 768w, https:\/\/kengmingcn.com\/wp-content\/uploads\/2026\/03\/2-8-18x8.jpg 18w, https:\/\/kengmingcn.com\/wp-content\/uploads\/2026\/03\/2-8.jpg 1060w\" sizes=\"(max-width: 1024px) 100vw, 1024px\" \/><\/figure>\n\n\n\n<figure class=\"wp-block-image size-large\"><img decoding=\"async\" width=\"1024\" height=\"483\" src=\"https:\/\/kengmingcn.com\/wp-content\/uploads\/2026\/03\/3-5-1024x483.jpg\" alt=\"\" class=\"wp-image-53308\" srcset=\"https:\/\/kengmingcn.com\/wp-content\/uploads\/2026\/03\/3-5-1024x483.jpg 1024w, https:\/\/kengmingcn.com\/wp-content\/uploads\/2026\/03\/3-5-300x142.jpg 300w, https:\/\/kengmingcn.com\/wp-content\/uploads\/2026\/03\/3-5-768x362.jpg 768w, https:\/\/kengmingcn.com\/wp-content\/uploads\/2026\/03\/3-5-18x8.jpg 18w, https:\/\/kengmingcn.com\/wp-content\/uploads\/2026\/03\/3-5.jpg 1060w\" sizes=\"(max-width: 1024px) 100vw, 1024px\" \/><\/figure>\n\n\n\n<figure class=\"wp-block-image size-large\"><img decoding=\"async\" width=\"1024\" height=\"483\" src=\"https:\/\/kengmingcn.com\/wp-content\/uploads\/2026\/03\/4-5-1024x483.jpg\" alt=\"\" class=\"wp-image-53309\" srcset=\"https:\/\/kengmingcn.com\/wp-content\/uploads\/2026\/03\/4-5-1024x483.jpg 1024w, https:\/\/kengmingcn.com\/wp-content\/uploads\/2026\/03\/4-5-300x142.jpg 300w, https:\/\/kengmingcn.com\/wp-content\/uploads\/2026\/03\/4-5-768x362.jpg 768w, https:\/\/kengmingcn.com\/wp-content\/uploads\/2026\/03\/4-5-18x8.jpg 18w, https:\/\/kengmingcn.com\/wp-content\/uploads\/2026\/03\/4-5.jpg 1060w\" sizes=\"(max-width: 1024px) 100vw, 1024px\" \/><\/figure>\n\n\n\n<figure class=\"wp-block-image size-large\"><img decoding=\"async\" width=\"1024\" height=\"483\" src=\"https:\/\/kengmingcn.com\/wp-content\/uploads\/2026\/03\/5-1-1024x483.jpg\" alt=\"\" class=\"wp-image-53278\" srcset=\"https:\/\/kengmingcn.com\/wp-content\/uploads\/2026\/03\/5-1-1024x483.jpg 1024w, https:\/\/kengmingcn.com\/wp-content\/uploads\/2026\/03\/5-1-300x142.jpg 300w, https:\/\/kengmingcn.com\/wp-content\/uploads\/2026\/03\/5-1-768x362.jpg 768w, https:\/\/kengmingcn.com\/wp-content\/uploads\/2026\/03\/5-1-18x8.jpg 18w, https:\/\/kengmingcn.com\/wp-content\/uploads\/2026\/03\/5-1.jpg 1060w\" sizes=\"(max-width: 1024px) 100vw, 1024px\" \/><\/figure>\n\n\n\n<figure class=\"wp-block-image size-large\"><img decoding=\"async\" width=\"1024\" height=\"483\" src=\"https:\/\/kengmingcn.com\/wp-content\/uploads\/2026\/03\/6-9-1024x483.jpg\" alt=\"\" class=\"wp-image-53332\" srcset=\"https:\/\/kengmingcn.com\/wp-content\/uploads\/2026\/03\/6-9-1024x483.jpg 1024w, https:\/\/kengmingcn.com\/wp-content\/uploads\/2026\/03\/6-9-300x142.jpg 300w, https:\/\/kengmingcn.com\/wp-content\/uploads\/2026\/03\/6-9-768x362.jpg 768w, https:\/\/kengmingcn.com\/wp-content\/uploads\/2026\/03\/6-9-18x8.jpg 18w, https:\/\/kengmingcn.com\/wp-content\/uploads\/2026\/03\/6-9.jpg 1060w\" sizes=\"(max-width: 1024px) 100vw, 1024px\" \/><\/figure>\n\n\n\n<figure class=\"wp-block-image size-large\"><img decoding=\"async\" width=\"1024\" height=\"483\" src=\"https:\/\/kengmingcn.com\/wp-content\/uploads\/2026\/03\/7-1024x483.jpg\" alt=\"\" class=\"wp-image-53280\" srcset=\"https:\/\/kengmingcn.com\/wp-content\/uploads\/2026\/03\/7-1024x483.jpg 1024w, https:\/\/kengmingcn.com\/wp-content\/uploads\/2026\/03\/7-300x142.jpg 300w, https:\/\/kengmingcn.com\/wp-content\/uploads\/2026\/03\/7-768x362.jpg 768w, https:\/\/kengmingcn.com\/wp-content\/uploads\/2026\/03\/7-18x8.jpg 18w, https:\/\/kengmingcn.com\/wp-content\/uploads\/2026\/03\/7.jpg 1060w\" sizes=\"(max-width: 1024px) 100vw, 1024px\" \/><\/figure>","protected":false},"excerpt":{"rendered":"<ul style=\"--tw-scale-x: 1;--tw-scale-y: 1;--tw-scroll-snap-strictness: proximity;--tw-ring-offset-width: 0px;--tw-ring-offset-color: #fff;--tw-ring-color: #3b82f680;--tw-ring-offset-shadow: 0 0 #0000;--tw-ring-shadow: 0 0 #0000;--tw-shadow: 0 0 #0000;--tw-shadow-colored: 0 0 #0000\">\n<li>\n<div style=\"position: relative\" data-slate-node=\"element\"><span data-slate-node=\"text\">Four \u00e9lectrique commercial Convient aux boulangeries artisanales, aux caf\u00e9s, aux restaurants occidentaux, aux cantines et aux cuisines centrales.<\/span><\/div>\n<\/li>\n<li>\n<div style=\"position: relative\" data-slate-node=\"element\"><span data-slate-node=\"text\">Disponible de 4 \u00e0 20 plateaux.<\/span><span data-slate-node=\"text\" data-slate-fragment=\"JTVCJTdCJTIydHlwZSUyMiUzQSUyMnBhcmFncmFwaCUyMiUyQyUyMmNoaWxkcmVuJTIyJTNBJTVCJTdCJTIyaWQlMjIlM0ElMjJWUWJQck9rMk16JTIyJTJDJTIycGFyYUlkeCUyMiUzQTAlMkMlMjJzcmMlMjIlM0ElMjJDb21tZXJjaWFsJTIwZWxlY3RyaWMlMjBPdmVuJTIwU3VpdGFibGUlMjBmb3IlMjBhcnRpc2FuYWwlMjBiYWtlcmllcyUyQyUyMGNhZiVDMyVBOXMlMkMlMjBXZXN0ZXJuJTIwcmVzdGF1cmFudHMlMkMlMjBjYW50ZWVucyUyQyUyMGFuZCUyMGNlbnRyYWwlMjBraXRjaGVucy4lMjIlMkMlMjJkc3QlMjIlM0ElMjIlRTUlOTUlODYlRTclOTQlQTglRTclOTQlQjUlRTclODMlQTQlRTclQUUlQjElRTklODAlODIlRTclOTQlQTglRTQlQkElOEUlRTYlODklOEIlRTUlQjclQTUlRTklOUQlQTIlRTUlOEMlODUlRTUlQkElOTclRTMlODAlODElRTUlOTIlOTYlRTUlOTUlQTElRTklQTYlODYlRTMlODAlODElRTglQTUlQkYlRTklQTQlOTAlRTUlOEUlODUlRTMlODAlODElRTklQTMlOUYlRTUlQTAlODIlRTUlOTIlOEMlRTQlQjglQUQlRTUlQTQlQUUlRTUlOEUlQTglRTYlODglQkYlRTMlODAlODIlMjIlMkMlMjJtZXRhZGF0YSUyMiUzQSUyMiUyMiUyQyUyMm1hdGNoZXMlMjIlM0FudWxsJTJDJTIydHJhbnNsYXRlZEJ5JTIyJTNBbnVsbCUyQyUyMm1ldGFEYXRhJTIyJTNBJTVCJTVEJTJDJTIydGV4dCUyMiUzQSUyMkNvbW1lcmNpYWwlMjBlbGVjdHJpYyUyME92ZW4lMjBTdWl0YWJsZSUyMGZvciUyMGFydGlzYW5hbCUyMGJha2VyaWVzJTJDJTIwY2FmJUMzJUE5cyUyQyUyMFdlc3Rlcm4lMjByZXN0YXVyYW50cyUyQyUyMGNhbnRlZW5zJTJDJTIwYW5kJTIwY2VudHJhbCUyMGtpdGNoZW5zLiUyMiU3RCUyQyU3QiUyMmlkJTIyJTNBJTIyVnA0bzBibHZiViUyMiUyQyUyMnBhcmFJZHglMjIlM0EwJTJDJTIyc3JjJTIyJTNBJTIyJTIwQXZhaWxhYmxlJTIwaW4lMjA0JTIwdG8lMjAyMCUyMHRyYXlzLiUyMiUyQyUyMmRzdCUyMiUzQSUyMiVFNiU4RiU5MCVFNCVCRSU5QjQlRTglODclQjMyMCVFNCVCOCVBQSVFNiU4OSU5OCVFNyU5QiU5OCVFMyU4MCU4MiUyMiUyQyUyMm1ldGFkYXRhJTIyJTNBJTIyJTIyJTJDJTIybWF0Y2hlcyUyMiUzQW51bGwlMkMlMjJ0cmFuc2xhdGVkQnklMjIlM0FudWxsJTJDJTIybWV0YURhdGElMjIlM0ElNUIlNUQlMkMlMjJ0ZXh0JTIyJTNBJTIyJTIwQXZhaWxhYmxlJTIwaW4lMjA0JTIwdG8lMjAyMCUyMHRyYXlzLiUyMiU3RCUyQyU3QiUyMmlkJTIyJTNBJTIyVldXdndSajBBViUyMiUyQyUyMnBhcmFJZHglMjIlM0EwJTJDJTIyc3JjJTIyJTNBJTIyJTIwc3RlYW0lMkNyb2FzdCUyQ29tYmluYXRpb24lMjBjb29raW5nJTIwbW9kZXMlMjB0byUyMG1lZXQlMjBoaWdoLWVmZmljaWVuY3klMjBzZXJ2aWNlJTIwYW5kJTIwc3RhbmRhcmRpemVkJTIwcXVhbGl0eSUyMG5lZWRzLiUyMiUyQyUyMmRzdCUyMiUzQSUyMiVFOCU5MiVCOCVFNiVCMSVCRCVFMyU4MCU4MSVFNyU4MyU5OCVFNyU4MyVBNCVFMyU4MCU4MSVFNyVCQiU4NCVFNSU5MCU4OCVFNyU4MyVCOSVFOSVBNSVBQSVFNiVBOCVBMSVFNSVCQyU4RiVFRiVCQyU4QyVFNiVCQiVBMSVFOCVCNiVCMyVFOSVBQiU5OCVFNiU5NSU4OCVFNiU5QyU4RCVFNSU4QSVBMSVFNSU5MiU4QyVFNiVBMCU4NyVFNSU4NyU4NiVFNSU4QyU5NiVFOCVCNCVBOCVFOSU4NyU4RiVFOSU5QyU4MCVFNiVCMSU4MiVFMyU4MCU4MiUyMiUyQyUyMm1ldGFkYXRhJTIyJTNBJTIyJTIyJTJDJTIybWF0Y2hlcyUyMiUzQW51bGwlMkMlMjJ0cmFuc2xhdGVkQnklMjIlM0FudWxsJTJDJTIybWV0YURhdGElMjIlM0ElNUIlNUQlMkMlMjJ0ZXh0JTIyJTNBJTIyJTIwc3RlYW0lMkNyb2FzdCUyQ29tYmluYXRpb24lMjBjb29raW5nJTIwbW9kZXMlMjB0byUyMG1lZXQlMjBoaWdoLWVmZmljaWVuY3klMjBzZXJ2aWNlJTIwYW5kJTIwc3RhbmRhcmRpemVkJTIwcXVhbGl0eSUyMG5lZWRzLiUyMiU3RCU1RCU3RCU1RA==\"> Les modes de cuisson vapeur, r\u00f4ti et combin\u00e9 permettent de r\u00e9pondre aux besoins de service \u00e0 haute efficacit\u00e9 et de qualit\u00e9 normalis\u00e9e.<\/span><\/div>\n<\/li>\n<li style=\"--tw-scale-x: 1;--tw-scale-y: 1;--tw-scroll-snap-strictness: proximity;--tw-ring-offset-width: 0px;--tw-ring-offset-color: #fff;--tw-ring-color: #3b82f680;--tw-ring-offset-shadow: 0 0 #0000;--tw-ring-shadow: 0 0 #0000;--tw-shadow: 0 0 #0000;--tw-shadow-colored: 0 0 #0000\"><span style=\"--tw-scale-x: 1;--tw-scale-y: 1;--tw-scroll-snap-strictness: proximity;--tw-ring-offset-width: 0px;--tw-ring-offset-color: #fff;--tw-ring-color: #3b82f680;--tw-ring-offset-shadow: 0 0 #0000;--tw-ring-shadow: 0 0 #0000;--tw-shadow: 0 0 #0000;--tw-shadow-colored: 0 0 #0000;color: #000000;font-family: Poppins\">Cette machine est \u00e9quip\u00e9e par d\u00e9faut d'une prise de climatisation. Si vous avez des questions, n'h\u00e9sitez pas \u00e0 nous contacter.<\/span><\/li>\n<\/ul>","protected":false},"featured_media":53333,"comment_status":"open","ping_status":"closed","template":"","meta":{"_acf_changed":true},"product_brand":[],"product_cat":[338,276],"product_tag":[],"class_list":{"0":"post-53304","1":"product","2":"type-product","3":"status-publish","4":"has-post-thumbnail","6":"product_cat-oven-heating-catering-equipment","7":"product_cat-heating-catering-equipment","8":"description-off","10":"first","11":"instock","12":"shipping-taxable","13":"product-type-simple"},"acf":[],"yoast_head":"<!-- This site is optimized with the Yoast SEO Premium plugin v25.3 (Yoast SEO v26.3) - https:\/\/yoast.com\/wordpress\/plugins\/seo\/ -->\n<title>Commercial Electric Steam Baking Oven Bakery New Condition Adjustable Thermostat Accurate Temperature Control 10-racks - KengMing | Manufacturer of Commercial Kitchen Equipment<\/title>\n<meta name=\"description\" content=\"WTP-8B 1.45KW Electric Popcorn Machine 6Oz\" \/>\n<meta name=\"robots\" content=\"index, follow, max-snippet:-1, max-image-preview:large, max-video-preview:-1\" \/>\n<link rel=\"canonical\" href=\"https:\/\/kengmingcn.com\/fr\/product\/four-electrique-de-luxe-en-acier-inoxydable-dune-puissance-de-9300w-four-electrique-de-grande-capacite-grille-pain-four-a-pizza-four-electrique-multifonction-6-10-20-etages\/\" \/>\n<meta property=\"og:locale\" content=\"fr_FR\" \/>\n<meta property=\"og:type\" content=\"article\" \/>\n<meta property=\"og:title\" content=\"Commercial Electric Steam Baking Oven Bakery New Condition Adjustable Thermostat Accurate Temperature Control 10-racks\" \/>\n<meta property=\"og:description\" content=\"WTP-8B 1.45KW Electric Popcorn Machine 6Oz\" \/>\n<meta property=\"og:url\" content=\"https:\/\/kengmingcn.com\/fr\/product\/four-electrique-de-luxe-en-acier-inoxydable-dune-puissance-de-9300w-four-electrique-de-grande-capacite-grille-pain-four-a-pizza-four-electrique-multifonction-6-10-20-etages\/\" \/>\n<meta property=\"og:site_name\" content=\"KengMing | Manufacturer of Commercial Kitchen Equipment\" \/>\n<meta property=\"article:modified_time\" content=\"2026-03-21T09:25:53+00:00\" \/>\n<meta property=\"og:image\" content=\"https:\/\/kengmingcn.com\/wp-content\/uploads\/2026\/03\/1.1-4.jpg\" \/>\n\t<meta property=\"og:image:width\" content=\"800\" \/>\n\t<meta property=\"og:image:height\" content=\"800\" \/>\n\t<meta property=\"og:image:type\" content=\"image\/jpeg\" \/>\n<meta name=\"twitter:card\" content=\"summary_large_image\" \/>\n<meta name=\"twitter:label1\" content=\"Prix\" \/>\n\t<meta name=\"twitter:data1\" content=\"\" \/>\n\t<meta name=\"twitter:label2\" content=\"Disponibilit\u00e9\" \/>\n\t<meta name=\"twitter:data2\" content=\"En stock\" \/>\n<script type=\"application\/ld+json\" class=\"yoast-schema-graph\">{\"@context\":\"https:\/\/schema.org\",\"@graph\":[{\"@type\":\"WebPage\",\"@id\":\"https:\/\/kengmingcn.com\/fr\/product\/luxury-stainless-steel-9300w-power-electric-oven-large-capacity-toasters-pizza-ovens-multi-function-electric-oven-6-10-20-layer\/\",\"url\":\"https:\/\/kengmingcn.com\/fr\/product\/luxury-stainless-steel-9300w-power-electric-oven-large-capacity-toasters-pizza-ovens-multi-function-electric-oven-6-10-20-layer\/\",\"name\":\"Commercial Electric Steam Baking Oven Bakery New Condition Adjustable Thermostat Accurate Temperature Control 10-racks - KengMing | Manufacturer of Commercial Kitchen Equipment\",\"isPartOf\":{\"@id\":\"https:\/\/kengmingcn.com\/#website\"},\"primaryImageOfPage\":{\"@id\":\"https:\/\/kengmingcn.com\/fr\/product\/luxury-stainless-steel-9300w-power-electric-oven-large-capacity-toasters-pizza-ovens-multi-function-electric-oven-6-10-20-layer\/#primaryimage\"},\"image\":{\"@id\":\"https:\/\/kengmingcn.com\/fr\/product\/luxury-stainless-steel-9300w-power-electric-oven-large-capacity-toasters-pizza-ovens-multi-function-electric-oven-6-10-20-layer\/#primaryimage\"},\"thumbnailUrl\":\"https:\/\/kengmingcn.com\/wp-content\/uploads\/2026\/03\/1.1-4.jpg\",\"datePublished\":\"2026-03-21T03:06:52+00:00\",\"dateModified\":\"2026-03-21T09:25:53+00:00\",\"description\":\"WTP-8B 1.45KW Electric Popcorn Machine 6Oz\",\"breadcrumb\":{\"@id\":\"https:\/\/kengmingcn.com\/fr\/product\/luxury-stainless-steel-9300w-power-electric-oven-large-capacity-toasters-pizza-ovens-multi-function-electric-oven-6-10-20-layer\/#breadcrumb\"},\"inLanguage\":\"fr-FR\",\"potentialAction\":[{\"@type\":\"ReadAction\",\"target\":[\"https:\/\/kengmingcn.com\/fr\/product\/luxury-stainless-steel-9300w-power-electric-oven-large-capacity-toasters-pizza-ovens-multi-function-electric-oven-6-10-20-layer\/\"]}]},{\"@type\":\"ImageObject\",\"inLanguage\":\"fr-FR\",\"@id\":\"https:\/\/kengmingcn.com\/fr\/product\/luxury-stainless-steel-9300w-power-electric-oven-large-capacity-toasters-pizza-ovens-multi-function-electric-oven-6-10-20-layer\/#primaryimage\",\"url\":\"https:\/\/kengmingcn.com\/wp-content\/uploads\/2026\/03\/1.1-4.jpg\",\"contentUrl\":\"https:\/\/kengmingcn.com\/wp-content\/uploads\/2026\/03\/1.1-4.jpg\",\"width\":800,\"height\":800},{\"@type\":\"BreadcrumbList\",\"@id\":\"https:\/\/kengmingcn.com\/fr\/product\/luxury-stainless-steel-9300w-power-electric-oven-large-capacity-toasters-pizza-ovens-multi-function-electric-oven-6-10-20-layer\/#breadcrumb\",\"itemListElement\":[{\"@type\":\"ListItem\",\"position\":1,\"name\":\"Home\",\"item\":\"https:\/\/kengmingcn.com\/\"},{\"@type\":\"ListItem\",\"position\":2,\"name\":\"Catalogue\",\"item\":\"https:\/\/kengmingcn.com\/?page_id=27131\"},{\"@type\":\"ListItem\",\"position\":3,\"name\":\"Commercial Electric Steam Baking Oven Bakery New Condition Adjustable Thermostat Accurate Temperature Control 10-racks\"}]},{\"@type\":\"WebSite\",\"@id\":\"https:\/\/kengmingcn.com\/#website\",\"url\":\"https:\/\/kengmingcn.com\/\",\"name\":\"Kitchen Equipment\",\"description\":\"KengMing is a professional commercial kitchen equipment manufacturer and wholesale supplier, offering cooking, food prep and bakery equipment with OEM &amp; ODM service for global distributors.\",\"publisher\":{\"@id\":\"https:\/\/kengmingcn.com\/#organization\"},\"potentialAction\":[{\"@type\":\"SearchAction\",\"target\":{\"@type\":\"EntryPoint\",\"urlTemplate\":\"https:\/\/kengmingcn.com\/?s={search_term_string}\"},\"query-input\":{\"@type\":\"PropertyValueSpecification\",\"valueRequired\":true,\"valueName\":\"search_term_string\"}}],\"inLanguage\":\"fr-FR\"},{\"@type\":\"Organization\",\"@id\":\"https:\/\/kengmingcn.com\/#organization\",\"name\":\"GuangZhou KengMing\",\"url\":\"https:\/\/kengmingcn.com\/\",\"logo\":{\"@type\":\"ImageObject\",\"inLanguage\":\"fr-FR\",\"@id\":\"https:\/\/kengmingcn.com\/#\/schema\/logo\/image\/\",\"url\":\"https:\/\/kengmingcn.com\/wp-content\/uploads\/2025\/04\/cropped-1744508604969-removebg-preview.png\",\"contentUrl\":\"https:\/\/kengmingcn.com\/wp-content\/uploads\/2025\/04\/cropped-1744508604969-removebg-preview.png\",\"width\":512,\"height\":512,\"caption\":\"GuangZhou KengMing\"},\"image\":{\"@id\":\"https:\/\/kengmingcn.com\/#\/schema\/logo\/image\/\"}}]}<\/script>\n<meta property=\"product:price:amount\" content=\"0.00\" \/>\n<meta property=\"product:price:currency\" content=\"USD\" \/>\n<meta property=\"og:availability\" content=\"instock\" \/>\n<meta property=\"product:availability\" content=\"instock\" \/>\n<meta property=\"product:condition\" content=\"new\" \/>\n<!-- \/ Yoast SEO Premium plugin. -->","yoast_head_json":{"title":"Four \u00e9lectrique commercial \u00e0 vapeur pour boulangerie Nouvelle condition Thermostat ajustable Contr\u00f4le pr\u00e9cis de la temp\u00e9rature 10 plaques - KengMing | Fabricant d'\u00e9quipement de cuisine commerciale","description":"WTP-8B 1.45KW Machine \u00e0 pop-corn \u00e9lectrique 6Oz","robots":{"index":"index","follow":"follow","max-snippet":"max-snippet:-1","max-image-preview":"max-image-preview:large","max-video-preview":"max-video-preview:-1"},"canonical":"https:\/\/kengmingcn.com\/fr\/product\/four-electrique-de-luxe-en-acier-inoxydable-dune-puissance-de-9300w-four-electrique-de-grande-capacite-grille-pain-four-a-pizza-four-electrique-multifonction-6-10-20-etages\/","og_locale":"fr_FR","og_type":"article","og_title":"Commercial Electric Steam Baking Oven Bakery New Condition Adjustable Thermostat Accurate Temperature Control 10-racks","og_description":"WTP-8B 1.45KW Electric Popcorn Machine 6Oz","og_url":"https:\/\/kengmingcn.com\/fr\/product\/four-electrique-de-luxe-en-acier-inoxydable-dune-puissance-de-9300w-four-electrique-de-grande-capacite-grille-pain-four-a-pizza-four-electrique-multifonction-6-10-20-etages\/","og_site_name":"KengMing | Manufacturer of Commercial Kitchen Equipment","article_modified_time":"2026-03-21T09:25:53+00:00","og_image":[{"width":800,"height":800,"url":"https:\/\/kengmingcn.com\/wp-content\/uploads\/2026\/03\/1.1-4.jpg","type":"image\/jpeg"}],"twitter_card":"summary_large_image","twitter_misc":{"Prix":"","Disponibilit\u00e9":"En stock"},"schema":{"@context":"https:\/\/schema.org","@graph":[{"@type":"WebPage","@id":"https:\/\/kengmingcn.com\/fr\/product\/luxury-stainless-steel-9300w-power-electric-oven-large-capacity-toasters-pizza-ovens-multi-function-electric-oven-6-10-20-layer\/","url":"https:\/\/kengmingcn.com\/fr\/product\/luxury-stainless-steel-9300w-power-electric-oven-large-capacity-toasters-pizza-ovens-multi-function-electric-oven-6-10-20-layer\/","name":"Four \u00e9lectrique commercial \u00e0 vapeur pour boulangerie Nouvelle condition Thermostat ajustable Contr\u00f4le pr\u00e9cis de la temp\u00e9rature 10 plaques - KengMing | Fabricant d'\u00e9quipement de cuisine commerciale","isPartOf":{"@id":"https:\/\/kengmingcn.com\/#website"},"primaryImageOfPage":{"@id":"https:\/\/kengmingcn.com\/fr\/product\/luxury-stainless-steel-9300w-power-electric-oven-large-capacity-toasters-pizza-ovens-multi-function-electric-oven-6-10-20-layer\/#primaryimage"},"image":{"@id":"https:\/\/kengmingcn.com\/fr\/product\/luxury-stainless-steel-9300w-power-electric-oven-large-capacity-toasters-pizza-ovens-multi-function-electric-oven-6-10-20-layer\/#primaryimage"},"thumbnailUrl":"https:\/\/kengmingcn.com\/wp-content\/uploads\/2026\/03\/1.1-4.jpg","datePublished":"2026-03-21T03:06:52+00:00","dateModified":"2026-03-21T09:25:53+00:00","description":"WTP-8B 1.45KW Machine \u00e0 pop-corn \u00e9lectrique 6Oz","breadcrumb":{"@id":"https:\/\/kengmingcn.com\/fr\/product\/luxury-stainless-steel-9300w-power-electric-oven-large-capacity-toasters-pizza-ovens-multi-function-electric-oven-6-10-20-layer\/#breadcrumb"},"inLanguage":"fr-FR","potentialAction":[{"@type":"ReadAction","target":["https:\/\/kengmingcn.com\/fr\/product\/luxury-stainless-steel-9300w-power-electric-oven-large-capacity-toasters-pizza-ovens-multi-function-electric-oven-6-10-20-layer\/"]}]},{"@type":"ImageObject","inLanguage":"fr-FR","@id":"https:\/\/kengmingcn.com\/fr\/product\/luxury-stainless-steel-9300w-power-electric-oven-large-capacity-toasters-pizza-ovens-multi-function-electric-oven-6-10-20-layer\/#primaryimage","url":"https:\/\/kengmingcn.com\/wp-content\/uploads\/2026\/03\/1.1-4.jpg","contentUrl":"https:\/\/kengmingcn.com\/wp-content\/uploads\/2026\/03\/1.1-4.jpg","width":800,"height":800},{"@type":"BreadcrumbList","@id":"https:\/\/kengmingcn.com\/fr\/product\/luxury-stainless-steel-9300w-power-electric-oven-large-capacity-toasters-pizza-ovens-multi-function-electric-oven-6-10-20-layer\/#breadcrumb","itemListElement":[{"@type":"ListItem","position":1,"name":"Home","item":"https:\/\/kengmingcn.com\/"},{"@type":"ListItem","position":2,"name":"Catalogue","item":"https:\/\/kengmingcn.com\/?page_id=27131"},{"@type":"ListItem","position":3,"name":"Commercial Electric Steam Baking Oven Bakery New Condition Adjustable Thermostat Accurate Temperature Control 10-racks"}]},{"@type":"WebSite","@id":"https:\/\/kengmingcn.com\/#website","url":"https:\/\/kengmingcn.com\/","name":"\u00c9quipement de cuisine","description":"KengMing est un fabricant professionnel d'\u00e9quipements de cuisine commerciale et un fournisseur en gros, proposant des \u00e9quipements de cuisine, de pr\u00e9paration des aliments et de boulangerie avec un service OEM et ODM pour les distributeurs mondiaux.","publisher":{"@id":"https:\/\/kengmingcn.com\/#organization"},"potentialAction":[{"@type":"SearchAction","target":{"@type":"EntryPoint","urlTemplate":"https:\/\/kengmingcn.com\/?s={search_term_string}"},"query-input":{"@type":"PropertyValueSpecification","valueRequired":true,"valueName":"search_term_string"}}],"inLanguage":"fr-FR"},{"@type":"Organization","@id":"https:\/\/kengmingcn.com\/#organization","name":"GuangZhou KengMing","url":"https:\/\/kengmingcn.com\/","logo":{"@type":"ImageObject","inLanguage":"fr-FR","@id":"https:\/\/kengmingcn.com\/#\/schema\/logo\/image\/","url":"https:\/\/kengmingcn.com\/wp-content\/uploads\/2025\/04\/cropped-1744508604969-removebg-preview.png","contentUrl":"https:\/\/kengmingcn.com\/wp-content\/uploads\/2025\/04\/cropped-1744508604969-removebg-preview.png","width":512,"height":512,"caption":"GuangZhou KengMing"},"image":{"@id":"https:\/\/kengmingcn.com\/#\/schema\/logo\/image\/"}}]},"product_price_amount":"0.00","product_price_currency":"USD","og_availability":"instock","product_availability":"instock","product_condition":"new"},"_links":{"self":[{"href":"https:\/\/kengmingcn.com\/fr\/wp-json\/wp\/v2\/product\/53304","targetHints":{"allow":["GET"]}}],"collection":[{"href":"https:\/\/kengmingcn.com\/fr\/wp-json\/wp\/v2\/product"}],"about":[{"href":"https:\/\/kengmingcn.com\/fr\/wp-json\/wp\/v2\/types\/product"}],"replies":[{"embeddable":true,"href":"https:\/\/kengmingcn.com\/fr\/wp-json\/wp\/v2\/comments?post=53304"}],"wp:featuredmedia":[{"embeddable":true,"href":"https:\/\/kengmingcn.com\/fr\/wp-json\/wp\/v2\/media\/53333"}],"wp:attachment":[{"href":"https:\/\/kengmingcn.com\/fr\/wp-json\/wp\/v2\/media?parent=53304"}],"wp:term":[{"taxonomy":"product_brand","embeddable":true,"href":"https:\/\/kengmingcn.com\/fr\/wp-json\/wp\/v2\/product_brand?post=53304"},{"taxonomy":"product_cat","embeddable":true,"href":"https:\/\/kengmingcn.com\/fr\/wp-json\/wp\/v2\/product_cat?post=53304"},{"taxonomy":"product_tag","embeddable":true,"href":"https:\/\/kengmingcn.com\/fr\/wp-json\/wp\/v2\/product_tag?post=53304"}],"curies":[{"name":"wp","href":"https:\/\/api.w.org\/{rel}","templated":true}]}}