{"id":53273,"date":"2026-03-20T13:23:50","date_gmt":"2026-03-20T05:23:50","guid":{"rendered":"https:\/\/kengmingcn.com\/?post_type=product&#038;p=53273"},"modified":"2026-03-21T11:06:13","modified_gmt":"2026-03-21T03:06:13","slug":"four-mixte-electrique-commercial-a-4-etages-certifie-par-la-ce-moteur-de-table-en-acier-inoxydable-a-haute-efficacite-pour-les-hotels-les-rotisseurs-et-les-boulangers","status":"publish","type":"product","link":"https:\/\/kengmingcn.com\/fr\/product\/four-mixte-electrique-commercial-a-4-etages-certifie-par-la-ce-moteur-de-table-en-acier-inoxydable-a-haute-efficacite-pour-les-hotels-les-rotisseurs-et-les-boulangers\/","title":{"rendered":"Four mixte \u00e9lectrique commercial \u00e0 4 \u00e9tages Certifi\u00e9 CE Moteur de table en acier inoxydable \u00e0 haute efficacit\u00e9 pour l'h\u00f4tel R\u00f4tisserie Boulangerie"},"content":{"rendered":"<p><strong>Direction de la machine<\/strong><\/p>\n<p>1. Trois modes : mode vapeur seul, mode cuisson et mode double, chacun avec 6 s\u00e9ries de minuteries pour le chronom\u00e9trage et les rappels.<\/p>\n<p>2. Fonction d'humidification par pulv\u00e9risation.<\/p>\n<p>3. L'int\u00e9rieur de la cavit\u00e9 du four est en acier inoxydable 304.<\/p>\n<p>4. Tube de chauffage en acier inoxydable 321.<\/p>\n<p>5. 4 couches, avec un espacement de 100 mm entre les supports.<\/p>\n<p>6. 4 plateaux, chaque plateau mesurant 445*295*16mm.<\/p>\n<p>7. \u00c9paisseur de la coque de 1,0 mm, \u00e9paisseur int\u00e9rieure de la cavit\u00e9 du four de 1,2 mm.<\/p>\n<p>8. Verre double couche, avec une couche int\u00e9rieure de 6 mm et une couche ext\u00e9rieure de 5 mm.<\/p>\n<p>9. Orifice d'\u00e9chappement d'un diam\u00e8tre de 0,6 pouce<\/p>\n<p>10.HE-04CN est une op\u00e9ration tactile\uff0cHE-04Y est une op\u00e9ration \u00e0 cl\u00e9<\/p>\n\n\n<figure class=\"wp-block-image size-large\"><img decoding=\"async\" width=\"1024\" height=\"483\" src=\"https:\/\/kengmingcn.com\/wp-content\/uploads\/2026\/03\/1-2-1024x483.jpg\" alt=\"\" class=\"wp-image-53274\" srcset=\"https:\/\/kengmingcn.com\/wp-content\/uploads\/2026\/03\/1-2-1024x483.jpg 1024w, https:\/\/kengmingcn.com\/wp-content\/uploads\/2026\/03\/1-2-300x142.jpg 300w, https:\/\/kengmingcn.com\/wp-content\/uploads\/2026\/03\/1-2-768x362.jpg 768w, https:\/\/kengmingcn.com\/wp-content\/uploads\/2026\/03\/1-2-18x8.jpg 18w, https:\/\/kengmingcn.com\/wp-content\/uploads\/2026\/03\/1-2.jpg 1060w\" sizes=\"(max-width: 1024px) 100vw, 1024px\" \/><\/figure>\n\n\n\n<figure class=\"wp-block-image size-large\"><img decoding=\"async\" width=\"1024\" height=\"483\" src=\"https:\/\/kengmingcn.com\/wp-content\/uploads\/2026\/03\/2-2-1024x483.jpg\" alt=\"\" class=\"wp-image-53275\" srcset=\"https:\/\/kengmingcn.com\/wp-content\/uploads\/2026\/03\/2-2-1024x483.jpg 1024w, https:\/\/kengmingcn.com\/wp-content\/uploads\/2026\/03\/2-2-300x142.jpg 300w, https:\/\/kengmingcn.com\/wp-content\/uploads\/2026\/03\/2-2-768x362.jpg 768w, https:\/\/kengmingcn.com\/wp-content\/uploads\/2026\/03\/2-2-18x8.jpg 18w, https:\/\/kengmingcn.com\/wp-content\/uploads\/2026\/03\/2-2.jpg 1060w\" sizes=\"(max-width: 1024px) 100vw, 1024px\" \/><\/figure>\n\n\n\n<figure class=\"wp-block-image size-large\"><img decoding=\"async\" width=\"1024\" height=\"483\" src=\"https:\/\/kengmingcn.com\/wp-content\/uploads\/2026\/03\/3-1-1024x483.jpg\" alt=\"\" class=\"wp-image-53276\" srcset=\"https:\/\/kengmingcn.com\/wp-content\/uploads\/2026\/03\/3-1-1024x483.jpg 1024w, https:\/\/kengmingcn.com\/wp-content\/uploads\/2026\/03\/3-1-300x142.jpg 300w, https:\/\/kengmingcn.com\/wp-content\/uploads\/2026\/03\/3-1-768x362.jpg 768w, https:\/\/kengmingcn.com\/wp-content\/uploads\/2026\/03\/3-1-18x8.jpg 18w, https:\/\/kengmingcn.com\/wp-content\/uploads\/2026\/03\/3-1.jpg 1060w\" sizes=\"(max-width: 1024px) 100vw, 1024px\" \/><\/figure>\n\n\n\n<figure class=\"wp-block-image size-large\"><img decoding=\"async\" width=\"1024\" height=\"483\" src=\"https:\/\/kengmingcn.com\/wp-content\/uploads\/2026\/03\/4-1-1024x483.jpg\" alt=\"\" class=\"wp-image-53277\" srcset=\"https:\/\/kengmingcn.com\/wp-content\/uploads\/2026\/03\/4-1-1024x483.jpg 1024w, https:\/\/kengmingcn.com\/wp-content\/uploads\/2026\/03\/4-1-300x142.jpg 300w, https:\/\/kengmingcn.com\/wp-content\/uploads\/2026\/03\/4-1-768x362.jpg 768w, https:\/\/kengmingcn.com\/wp-content\/uploads\/2026\/03\/4-1-18x8.jpg 18w, https:\/\/kengmingcn.com\/wp-content\/uploads\/2026\/03\/4-1.jpg 1060w\" sizes=\"(max-width: 1024px) 100vw, 1024px\" \/><\/figure>\n\n\n\n<figure class=\"wp-block-image size-large\"><img decoding=\"async\" width=\"1024\" height=\"483\" src=\"https:\/\/kengmingcn.com\/wp-content\/uploads\/2026\/03\/5-1-1024x483.jpg\" alt=\"\" class=\"wp-image-53278\" srcset=\"https:\/\/kengmingcn.com\/wp-content\/uploads\/2026\/03\/5-1-1024x483.jpg 1024w, https:\/\/kengmingcn.com\/wp-content\/uploads\/2026\/03\/5-1-300x142.jpg 300w, https:\/\/kengmingcn.com\/wp-content\/uploads\/2026\/03\/5-1-768x362.jpg 768w, https:\/\/kengmingcn.com\/wp-content\/uploads\/2026\/03\/5-1-18x8.jpg 18w, https:\/\/kengmingcn.com\/wp-content\/uploads\/2026\/03\/5-1.jpg 1060w\" sizes=\"(max-width: 1024px) 100vw, 1024px\" \/><\/figure>\n\n\n\n<figure class=\"wp-block-image size-large\"><img decoding=\"async\" width=\"1024\" height=\"483\" src=\"https:\/\/kengmingcn.com\/wp-content\/uploads\/2026\/03\/6-2-1024x483.jpg\" alt=\"\" class=\"wp-image-53279\" srcset=\"https:\/\/kengmingcn.com\/wp-content\/uploads\/2026\/03\/6-2-1024x483.jpg 1024w, https:\/\/kengmingcn.com\/wp-content\/uploads\/2026\/03\/6-2-300x142.jpg 300w, https:\/\/kengmingcn.com\/wp-content\/uploads\/2026\/03\/6-2-768x362.jpg 768w, https:\/\/kengmingcn.com\/wp-content\/uploads\/2026\/03\/6-2-18x8.jpg 18w, https:\/\/kengmingcn.com\/wp-content\/uploads\/2026\/03\/6-2.jpg 1060w\" sizes=\"(max-width: 1024px) 100vw, 1024px\" \/><\/figure>\n\n\n\n<figure class=\"wp-block-image size-large\"><img decoding=\"async\" width=\"1024\" height=\"483\" src=\"https:\/\/kengmingcn.com\/wp-content\/uploads\/2026\/03\/7-1024x483.jpg\" alt=\"\" class=\"wp-image-53280\" srcset=\"https:\/\/kengmingcn.com\/wp-content\/uploads\/2026\/03\/7-1024x483.jpg 1024w, https:\/\/kengmingcn.com\/wp-content\/uploads\/2026\/03\/7-300x142.jpg 300w, https:\/\/kengmingcn.com\/wp-content\/uploads\/2026\/03\/7-768x362.jpg 768w, https:\/\/kengmingcn.com\/wp-content\/uploads\/2026\/03\/7-18x8.jpg 18w, https:\/\/kengmingcn.com\/wp-content\/uploads\/2026\/03\/7.jpg 1060w\" sizes=\"(max-width: 1024px) 100vw, 1024px\" \/><\/figure>","protected":false},"excerpt":{"rendered":"<ul style=\"--tw-scale-x: 1;--tw-scale-y: 1;--tw-scroll-snap-strictness: proximity;--tw-ring-offset-width: 0px;--tw-ring-offset-color: #fff;--tw-ring-color: #3b82f680;--tw-ring-offset-shadow: 0 0 #0000;--tw-ring-shadow: 0 0 #0000;--tw-shadow: 0 0 #0000;--tw-shadow-colored: 0 0 #0000\">\n<li>\n<div style=\"position: relative\" data-slate-node=\"element\"><span data-slate-node=\"text\">Four \u00e9lectrique commercial Convient aux boulangeries artisanales, aux caf\u00e9s, aux restaurants occidentaux, aux cantines et aux cuisines centrales.<\/span><\/div>\n<\/li>\n<li>\n<div style=\"position: relative\" data-slate-node=\"element\"><span data-slate-node=\"text\">Disponible de 4 \u00e0 20 plateaux.<\/span><span data-slate-node=\"text\" data-slate-fragment=\"JTVCJTdCJTIydHlwZSUyMiUzQSUyMnBhcmFncmFwaCUyMiUyQyUyMmNoaWxkcmVuJTIyJTNBJTVCJTdCJTIyaWQlMjIlM0ElMjJWUWJQck9rMk16JTIyJTJDJTIycGFyYUlkeCUyMiUzQTAlMkMlMjJzcmMlMjIlM0ElMjJDb21tZXJjaWFsJTIwZWxlY3RyaWMlMjBPdmVuJTIwU3VpdGFibGUlMjBmb3IlMjBhcnRpc2FuYWwlMjBiYWtlcmllcyUyQyUyMGNhZiVDMyVBOXMlMkMlMjBXZXN0ZXJuJTIwcmVzdGF1cmFudHMlMkMlMjBjYW50ZWVucyUyQyUyMGFuZCUyMGNlbnRyYWwlMjBraXRjaGVucy4lMjIlMkMlMjJkc3QlMjIlM0ElMjIlRTUlOTUlODYlRTclOTQlQTglRTclOTQlQjUlRTclODMlQTQlRTclQUUlQjElRTklODAlODIlRTclOTQlQTglRTQlQkElOEUlRTYlODklOEIlRTUlQjclQTUlRTklOUQlQTIlRTUlOEMlODUlRTUlQkElOTclRTMlODAlODElRTUlOTIlOTYlRTUlOTUlQTElRTklQTYlODYlRTMlODAlODElRTglQTUlQkYlRTklQTQlOTAlRTUlOEUlODUlRTMlODAlODElRTklQTMlOUYlRTUlQTAlODIlRTUlOTIlOEMlRTQlQjglQUQlRTUlQTQlQUUlRTUlOEUlQTglRTYlODglQkYlRTMlODAlODIlMjIlMkMlMjJtZXRhZGF0YSUyMiUzQSUyMiUyMiUyQyUyMm1hdGNoZXMlMjIlM0FudWxsJTJDJTIydHJhbnNsYXRlZEJ5JTIyJTNBbnVsbCUyQyUyMm1ldGFEYXRhJTIyJTNBJTVCJTVEJTJDJTIydGV4dCUyMiUzQSUyMkNvbW1lcmNpYWwlMjBlbGVjdHJpYyUyME92ZW4lMjBTdWl0YWJsZSUyMGZvciUyMGFydGlzYW5hbCUyMGJha2VyaWVzJTJDJTIwY2FmJUMzJUE5cyUyQyUyMFdlc3Rlcm4lMjByZXN0YXVyYW50cyUyQyUyMGNhbnRlZW5zJTJDJTIwYW5kJTIwY2VudHJhbCUyMGtpdGNoZW5zLiUyMiU3RCUyQyU3QiUyMmlkJTIyJTNBJTIyVnA0bzBibHZiViUyMiUyQyUyMnBhcmFJZHglMjIlM0EwJTJDJTIyc3JjJTIyJTNBJTIyJTIwQXZhaWxhYmxlJTIwaW4lMjA0JTIwdG8lMjAyMCUyMHRyYXlzLiUyMiUyQyUyMmRzdCUyMiUzQSUyMiVFNiU4RiU5MCVFNCVCRSU5QjQlRTglODclQjMyMCVFNCVCOCVBQSVFNiU4OSU5OCVFNyU5QiU5OCVFMyU4MCU4MiUyMiUyQyUyMm1ldGFkYXRhJTIyJTNBJTIyJTIyJTJDJTIybWF0Y2hlcyUyMiUzQW51bGwlMkMlMjJ0cmFuc2xhdGVkQnklMjIlM0FudWxsJTJDJTIybWV0YURhdGElMjIlM0ElNUIlNUQlMkMlMjJ0ZXh0JTIyJTNBJTIyJTIwQXZhaWxhYmxlJTIwaW4lMjA0JTIwdG8lMjAyMCUyMHRyYXlzLiUyMiU3RCUyQyU3QiUyMmlkJTIyJTNBJTIyVldXdndSajBBViUyMiUyQyUyMnBhcmFJZHglMjIlM0EwJTJDJTIyc3JjJTIyJTNBJTIyJTIwc3RlYW0lMkNyb2FzdCUyQ29tYmluYXRpb24lMjBjb29raW5nJTIwbW9kZXMlMjB0byUyMG1lZXQlMjBoaWdoLWVmZmljaWVuY3klMjBzZXJ2aWNlJTIwYW5kJTIwc3RhbmRhcmRpemVkJTIwcXVhbGl0eSUyMG5lZWRzLiUyMiUyQyUyMmRzdCUyMiUzQSUyMiVFOCU5MiVCOCVFNiVCMSVCRCVFMyU4MCU4MSVFNyU4MyU5OCVFNyU4MyVBNCVFMyU4MCU4MSVFNyVCQiU4NCVFNSU5MCU4OCVFNyU4MyVCOSVFOSVBNSVBQSVFNiVBOCVBMSVFNSVCQyU4RiVFRiVCQyU4QyVFNiVCQiVBMSVFOCVCNiVCMyVFOSVBQiU5OCVFNiU5NSU4OCVFNiU5QyU4RCVFNSU4QSVBMSVFNSU5MiU4QyVFNiVBMCU4NyVFNSU4NyU4NiVFNSU4QyU5NiVFOCVCNCVBOCVFOSU4NyU4RiVFOSU5QyU4MCVFNiVCMSU4MiVFMyU4MCU4MiUyMiUyQyUyMm1ldGFkYXRhJTIyJTNBJTIyJTIyJTJDJTIybWF0Y2hlcyUyMiUzQW51bGwlMkMlMjJ0cmFuc2xhdGVkQnklMjIlM0FudWxsJTJDJTIybWV0YURhdGElMjIlM0ElNUIlNUQlMkMlMjJ0ZXh0JTIyJTNBJTIyJTIwc3RlYW0lMkNyb2FzdCUyQ29tYmluYXRpb24lMjBjb29raW5nJTIwbW9kZXMlMjB0byUyMG1lZXQlMjBoaWdoLWVmZmljaWVuY3klMjBzZXJ2aWNlJTIwYW5kJTIwc3RhbmRhcmRpemVkJTIwcXVhbGl0eSUyMG5lZWRzLiUyMiU3RCU1RCU3RCU1RA==\"> Les modes de cuisson vapeur, r\u00f4ti et combin\u00e9 permettent de r\u00e9pondre aux besoins de service \u00e0 haute efficacit\u00e9 et de qualit\u00e9 normalis\u00e9e.<\/span><\/div>\n<\/li>\n<li style=\"--tw-scale-x: 1;--tw-scale-y: 1;--tw-scroll-snap-strictness: proximity;--tw-ring-offset-width: 0px;--tw-ring-offset-color: #fff;--tw-ring-color: #3b82f680;--tw-ring-offset-shadow: 0 0 #0000;--tw-ring-shadow: 0 0 #0000;--tw-shadow: 0 0 #0000;--tw-shadow-colored: 0 0 #0000\"><span style=\"--tw-scale-x: 1;--tw-scale-y: 1;--tw-scroll-snap-strictness: proximity;--tw-ring-offset-width: 0px;--tw-ring-offset-color: #fff;--tw-ring-color: #3b82f680;--tw-ring-offset-shadow: 0 0 #0000;--tw-ring-shadow: 0 0 #0000;--tw-shadow: 0 0 #0000;--tw-shadow-colored: 0 0 #0000;color: #000000;font-family: Poppins\">Cette machine est \u00e9quip\u00e9e par d\u00e9faut d'une prise de climatisation. Si vous avez des questions, n'h\u00e9sitez pas \u00e0 nous contacter.<\/span><\/li>\n<\/ul>","protected":false},"featured_media":53281,"comment_status":"open","ping_status":"closed","template":"","meta":{"_acf_changed":true},"product_brand":[],"product_cat":[338,276],"product_tag":[],"class_list":{"0":"post-53273","1":"product","2":"type-product","3":"status-publish","4":"has-post-thumbnail","6":"product_cat-oven-heating-catering-equipment","7":"product_cat-heating-catering-equipment","8":"description-off","10":"first","11":"instock","12":"shipping-taxable","13":"product-type-simple"},"acf":[],"yoast_head":"<!-- This site is optimized with the Yoast SEO Premium plugin v25.3 (Yoast SEO v26.3) - https:\/\/yoast.com\/wordpress\/plugins\/seo\/ -->\n<title>4-layer Commercial Electric Combi Oven CE Certified High Efficiency Stainless Steel Table Top Motor for Hotel Roasting Baker - KengMing | Manufacturer of Commercial Kitchen Equipment<\/title>\n<meta name=\"description\" content=\"WTP-8B 1.45KW Electric Popcorn Machine 6Oz\" \/>\n<meta name=\"robots\" content=\"index, follow, max-snippet:-1, max-image-preview:large, max-video-preview:-1\" \/>\n<link rel=\"canonical\" href=\"https:\/\/kengmingcn.com\/fr\/product\/four-mixte-electrique-commercial-a-4-etages-certifie-par-la-ce-moteur-de-table-en-acier-inoxydable-a-haute-efficacite-pour-les-hotels-les-rotisseurs-et-les-boulangers\/\" \/>\n<meta property=\"og:locale\" content=\"fr_FR\" \/>\n<meta property=\"og:type\" content=\"article\" \/>\n<meta property=\"og:title\" content=\"4-layer Commercial Electric Combi Oven CE Certified High Efficiency Stainless Steel Table Top Motor for Hotel Roasting Baker\" \/>\n<meta property=\"og:description\" content=\"WTP-8B 1.45KW Electric Popcorn Machine 6Oz\" \/>\n<meta property=\"og:url\" content=\"https:\/\/kengmingcn.com\/fr\/product\/four-mixte-electrique-commercial-a-4-etages-certifie-par-la-ce-moteur-de-table-en-acier-inoxydable-a-haute-efficacite-pour-les-hotels-les-rotisseurs-et-les-boulangers\/\" \/>\n<meta property=\"og:site_name\" content=\"KengMing | Manufacturer of Commercial Kitchen Equipment\" \/>\n<meta property=\"article:modified_time\" content=\"2026-03-21T03:06:13+00:00\" \/>\n<meta property=\"og:image\" content=\"https:\/\/kengmingcn.com\/wp-content\/uploads\/2026\/03\/1-3.jpg\" \/>\n\t<meta property=\"og:image:width\" content=\"800\" \/>\n\t<meta property=\"og:image:height\" content=\"800\" \/>\n\t<meta property=\"og:image:type\" content=\"image\/jpeg\" \/>\n<meta name=\"twitter:card\" content=\"summary_large_image\" \/>\n<meta name=\"twitter:label1\" content=\"Prix\" \/>\n\t<meta name=\"twitter:data1\" content=\"\" \/>\n\t<meta name=\"twitter:label2\" content=\"Disponibilit\u00e9\" \/>\n\t<meta name=\"twitter:data2\" content=\"En stock\" \/>\n<script type=\"application\/ld+json\" class=\"yoast-schema-graph\">{\"@context\":\"https:\/\/schema.org\",\"@graph\":[{\"@type\":\"WebPage\",\"@id\":\"https:\/\/kengmingcn.com\/ar\/product\/%d9%81%d8%b1%d9%86-%d9%83%d9%88%d9%85%d8%a8%d9%8a-%d9%83%d9%87%d8%b1%d8%a8%d8%a7%d8%a6%d9%8a-%d8%aa%d8%ac%d8%a7%d8%b1%d9%8a-%d9%85%d9%86-4-%d8%b7%d8%a8%d9%82%d8%a7%d8%aa-%d9%85%d8%b9%d8%aa%d9%85%d8%af\/\",\"url\":\"https:\/\/kengmingcn.com\/ar\/product\/%d9%81%d8%b1%d9%86-%d9%83%d9%88%d9%85%d8%a8%d9%8a-%d9%83%d9%87%d8%b1%d8%a8%d8%a7%d8%a6%d9%8a-%d8%aa%d8%ac%d8%a7%d8%b1%d9%8a-%d9%85%d9%86-4-%d8%b7%d8%a8%d9%82%d8%a7%d8%aa-%d9%85%d8%b9%d8%aa%d9%85%d8%af\/\",\"name\":\"4-layer Commercial Electric Combi Oven CE Certified High Efficiency Stainless Steel Table Top Motor for Hotel Roasting Baker - KengMing | Manufacturer of Commercial Kitchen Equipment\",\"isPartOf\":{\"@id\":\"https:\/\/kengmingcn.com\/#website\"},\"primaryImageOfPage\":{\"@id\":\"https:\/\/kengmingcn.com\/ar\/product\/%d9%81%d8%b1%d9%86-%d9%83%d9%88%d9%85%d8%a8%d9%8a-%d9%83%d9%87%d8%b1%d8%a8%d8%a7%d8%a6%d9%8a-%d8%aa%d8%ac%d8%a7%d8%b1%d9%8a-%d9%85%d9%86-4-%d8%b7%d8%a8%d9%82%d8%a7%d8%aa-%d9%85%d8%b9%d8%aa%d9%85%d8%af\/#primaryimage\"},\"image\":{\"@id\":\"https:\/\/kengmingcn.com\/ar\/product\/%d9%81%d8%b1%d9%86-%d9%83%d9%88%d9%85%d8%a8%d9%8a-%d9%83%d9%87%d8%b1%d8%a8%d8%a7%d8%a6%d9%8a-%d8%aa%d8%ac%d8%a7%d8%b1%d9%8a-%d9%85%d9%86-4-%d8%b7%d8%a8%d9%82%d8%a7%d8%aa-%d9%85%d8%b9%d8%aa%d9%85%d8%af\/#primaryimage\"},\"thumbnailUrl\":\"https:\/\/kengmingcn.com\/wp-content\/uploads\/2026\/03\/1-3.jpg\",\"datePublished\":\"2026-03-20T05:23:50+00:00\",\"dateModified\":\"2026-03-21T03:06:13+00:00\",\"description\":\"WTP-8B 1.45KW Electric Popcorn Machine 6Oz\",\"breadcrumb\":{\"@id\":\"https:\/\/kengmingcn.com\/ar\/product\/%d9%81%d8%b1%d9%86-%d9%83%d9%88%d9%85%d8%a8%d9%8a-%d9%83%d9%87%d8%b1%d8%a8%d8%a7%d8%a6%d9%8a-%d8%aa%d8%ac%d8%a7%d8%b1%d9%8a-%d9%85%d9%86-4-%d8%b7%d8%a8%d9%82%d8%a7%d8%aa-%d9%85%d8%b9%d8%aa%d9%85%d8%af\/#breadcrumb\"},\"inLanguage\":\"fr-FR\",\"potentialAction\":[{\"@type\":\"ReadAction\",\"target\":[\"https:\/\/kengmingcn.com\/ar\/product\/%d9%81%d8%b1%d9%86-%d9%83%d9%88%d9%85%d8%a8%d9%8a-%d9%83%d9%87%d8%b1%d8%a8%d8%a7%d8%a6%d9%8a-%d8%aa%d8%ac%d8%a7%d8%b1%d9%8a-%d9%85%d9%86-4-%d8%b7%d8%a8%d9%82%d8%a7%d8%aa-%d9%85%d8%b9%d8%aa%d9%85%d8%af\/\"]}]},{\"@type\":\"ImageObject\",\"inLanguage\":\"fr-FR\",\"@id\":\"https:\/\/kengmingcn.com\/ar\/product\/%d9%81%d8%b1%d9%86-%d9%83%d9%88%d9%85%d8%a8%d9%8a-%d9%83%d9%87%d8%b1%d8%a8%d8%a7%d8%a6%d9%8a-%d8%aa%d8%ac%d8%a7%d8%b1%d9%8a-%d9%85%d9%86-4-%d8%b7%d8%a8%d9%82%d8%a7%d8%aa-%d9%85%d8%b9%d8%aa%d9%85%d8%af\/#primaryimage\",\"url\":\"https:\/\/kengmingcn.com\/wp-content\/uploads\/2026\/03\/1-3.jpg\",\"contentUrl\":\"https:\/\/kengmingcn.com\/wp-content\/uploads\/2026\/03\/1-3.jpg\",\"width\":800,\"height\":800},{\"@type\":\"BreadcrumbList\",\"@id\":\"https:\/\/kengmingcn.com\/ar\/product\/%d9%81%d8%b1%d9%86-%d9%83%d9%88%d9%85%d8%a8%d9%8a-%d9%83%d9%87%d8%b1%d8%a8%d8%a7%d8%a6%d9%8a-%d8%aa%d8%ac%d8%a7%d8%b1%d9%8a-%d9%85%d9%86-4-%d8%b7%d8%a8%d9%82%d8%a7%d8%aa-%d9%85%d8%b9%d8%aa%d9%85%d8%af\/#breadcrumb\",\"itemListElement\":[{\"@type\":\"ListItem\",\"position\":1,\"name\":\"Home\",\"item\":\"https:\/\/kengmingcn.com\/\"},{\"@type\":\"ListItem\",\"position\":2,\"name\":\"Catalogue\",\"item\":\"https:\/\/kengmingcn.com\/?page_id=27131\"},{\"@type\":\"ListItem\",\"position\":3,\"name\":\"4-layer Commercial Electric Combi Oven CE Certified High Efficiency Stainless Steel Table Top Motor for Hotel Roasting Baker\"}]},{\"@type\":\"WebSite\",\"@id\":\"https:\/\/kengmingcn.com\/#website\",\"url\":\"https:\/\/kengmingcn.com\/\",\"name\":\"Kitchen Equipment\",\"description\":\"KengMing is a professional commercial kitchen equipment manufacturer and wholesale supplier, offering cooking, food prep and bakery equipment with OEM &amp; ODM service for global distributors.\",\"publisher\":{\"@id\":\"https:\/\/kengmingcn.com\/#organization\"},\"potentialAction\":[{\"@type\":\"SearchAction\",\"target\":{\"@type\":\"EntryPoint\",\"urlTemplate\":\"https:\/\/kengmingcn.com\/?s={search_term_string}\"},\"query-input\":{\"@type\":\"PropertyValueSpecification\",\"valueRequired\":true,\"valueName\":\"search_term_string\"}}],\"inLanguage\":\"fr-FR\"},{\"@type\":\"Organization\",\"@id\":\"https:\/\/kengmingcn.com\/#organization\",\"name\":\"GuangZhou KengMing\",\"url\":\"https:\/\/kengmingcn.com\/\",\"logo\":{\"@type\":\"ImageObject\",\"inLanguage\":\"fr-FR\",\"@id\":\"https:\/\/kengmingcn.com\/#\/schema\/logo\/image\/\",\"url\":\"https:\/\/kengmingcn.com\/wp-content\/uploads\/2025\/04\/cropped-1744508604969-removebg-preview.png\",\"contentUrl\":\"https:\/\/kengmingcn.com\/wp-content\/uploads\/2025\/04\/cropped-1744508604969-removebg-preview.png\",\"width\":512,\"height\":512,\"caption\":\"GuangZhou KengMing\"},\"image\":{\"@id\":\"https:\/\/kengmingcn.com\/#\/schema\/logo\/image\/\"}}]}<\/script>\n<meta property=\"product:price:amount\" content=\"0.00\" \/>\n<meta property=\"product:price:currency\" content=\"USD\" \/>\n<meta property=\"og:availability\" content=\"instock\" \/>\n<meta property=\"product:availability\" content=\"instock\" \/>\n<meta property=\"product:condition\" content=\"new\" \/>\n<!-- \/ Yoast SEO Premium plugin. -->","yoast_head_json":{"title":"Four \u00e9lectrique combin\u00e9 \u00e0 4 \u00e9tages Certifi\u00e9 CE Moteur de table en acier inoxydable \u00e0 haute efficacit\u00e9 pour le r\u00f4tissage dans les h\u00f4tels - KengMing | Fabricant d'\u00e9quipement de cuisine commerciale","description":"WTP-8B 1.45KW Machine \u00e0 pop-corn \u00e9lectrique 6Oz","robots":{"index":"index","follow":"follow","max-snippet":"max-snippet:-1","max-image-preview":"max-image-preview:large","max-video-preview":"max-video-preview:-1"},"canonical":"https:\/\/kengmingcn.com\/fr\/product\/four-mixte-electrique-commercial-a-4-etages-certifie-par-la-ce-moteur-de-table-en-acier-inoxydable-a-haute-efficacite-pour-les-hotels-les-rotisseurs-et-les-boulangers\/","og_locale":"fr_FR","og_type":"article","og_title":"4-layer Commercial Electric Combi Oven CE Certified High Efficiency Stainless Steel Table Top Motor for Hotel Roasting Baker","og_description":"WTP-8B 1.45KW Electric Popcorn Machine 6Oz","og_url":"https:\/\/kengmingcn.com\/fr\/product\/four-mixte-electrique-commercial-a-4-etages-certifie-par-la-ce-moteur-de-table-en-acier-inoxydable-a-haute-efficacite-pour-les-hotels-les-rotisseurs-et-les-boulangers\/","og_site_name":"KengMing | Manufacturer of Commercial Kitchen Equipment","article_modified_time":"2026-03-21T03:06:13+00:00","og_image":[{"width":800,"height":800,"url":"https:\/\/kengmingcn.com\/wp-content\/uploads\/2026\/03\/1-3.jpg","type":"image\/jpeg"}],"twitter_card":"summary_large_image","twitter_misc":{"Prix":"","Disponibilit\u00e9":"En stock"},"schema":{"@context":"https:\/\/schema.org","@graph":[{"@type":"WebPage","@id":"https:\/\/kengmingcn.com\/ar\/product\/%d9%81%d8%b1%d9%86-%d9%83%d9%88%d9%85%d8%a8%d9%8a-%d9%83%d9%87%d8%b1%d8%a8%d8%a7%d8%a6%d9%8a-%d8%aa%d8%ac%d8%a7%d8%b1%d9%8a-%d9%85%d9%86-4-%d8%b7%d8%a8%d9%82%d8%a7%d8%aa-%d9%85%d8%b9%d8%aa%d9%85%d8%af\/","url":"https:\/\/kengmingcn.com\/ar\/product\/%d9%81%d8%b1%d9%86-%d9%83%d9%88%d9%85%d8%a8%d9%8a-%d9%83%d9%87%d8%b1%d8%a8%d8%a7%d8%a6%d9%8a-%d8%aa%d8%ac%d8%a7%d8%b1%d9%8a-%d9%85%d9%86-4-%d8%b7%d8%a8%d9%82%d8%a7%d8%aa-%d9%85%d8%b9%d8%aa%d9%85%d8%af\/","name":"Four \u00e9lectrique combin\u00e9 \u00e0 4 \u00e9tages Certifi\u00e9 CE Moteur de table en acier inoxydable \u00e0 haute efficacit\u00e9 pour le r\u00f4tissage dans les h\u00f4tels - KengMing | Fabricant d'\u00e9quipement de cuisine commerciale","isPartOf":{"@id":"https:\/\/kengmingcn.com\/#website"},"primaryImageOfPage":{"@id":"https:\/\/kengmingcn.com\/ar\/product\/%d9%81%d8%b1%d9%86-%d9%83%d9%88%d9%85%d8%a8%d9%8a-%d9%83%d9%87%d8%b1%d8%a8%d8%a7%d8%a6%d9%8a-%d8%aa%d8%ac%d8%a7%d8%b1%d9%8a-%d9%85%d9%86-4-%d8%b7%d8%a8%d9%82%d8%a7%d8%aa-%d9%85%d8%b9%d8%aa%d9%85%d8%af\/#primaryimage"},"image":{"@id":"https:\/\/kengmingcn.com\/ar\/product\/%d9%81%d8%b1%d9%86-%d9%83%d9%88%d9%85%d8%a8%d9%8a-%d9%83%d9%87%d8%b1%d8%a8%d8%a7%d8%a6%d9%8a-%d8%aa%d8%ac%d8%a7%d8%b1%d9%8a-%d9%85%d9%86-4-%d8%b7%d8%a8%d9%82%d8%a7%d8%aa-%d9%85%d8%b9%d8%aa%d9%85%d8%af\/#primaryimage"},"thumbnailUrl":"https:\/\/kengmingcn.com\/wp-content\/uploads\/2026\/03\/1-3.jpg","datePublished":"2026-03-20T05:23:50+00:00","dateModified":"2026-03-21T03:06:13+00:00","description":"WTP-8B 1.45KW Machine \u00e0 pop-corn \u00e9lectrique 6Oz","breadcrumb":{"@id":"https:\/\/kengmingcn.com\/ar\/product\/%d9%81%d8%b1%d9%86-%d9%83%d9%88%d9%85%d8%a8%d9%8a-%d9%83%d9%87%d8%b1%d8%a8%d8%a7%d8%a6%d9%8a-%d8%aa%d8%ac%d8%a7%d8%b1%d9%8a-%d9%85%d9%86-4-%d8%b7%d8%a8%d9%82%d8%a7%d8%aa-%d9%85%d8%b9%d8%aa%d9%85%d8%af\/#breadcrumb"},"inLanguage":"fr-FR","potentialAction":[{"@type":"ReadAction","target":["https:\/\/kengmingcn.com\/ar\/product\/%d9%81%d8%b1%d9%86-%d9%83%d9%88%d9%85%d8%a8%d9%8a-%d9%83%d9%87%d8%b1%d8%a8%d8%a7%d8%a6%d9%8a-%d8%aa%d8%ac%d8%a7%d8%b1%d9%8a-%d9%85%d9%86-4-%d8%b7%d8%a8%d9%82%d8%a7%d8%aa-%d9%85%d8%b9%d8%aa%d9%85%d8%af\/"]}]},{"@type":"ImageObject","inLanguage":"fr-FR","@id":"https:\/\/kengmingcn.com\/ar\/product\/%d9%81%d8%b1%d9%86-%d9%83%d9%88%d9%85%d8%a8%d9%8a-%d9%83%d9%87%d8%b1%d8%a8%d8%a7%d8%a6%d9%8a-%d8%aa%d8%ac%d8%a7%d8%b1%d9%8a-%d9%85%d9%86-4-%d8%b7%d8%a8%d9%82%d8%a7%d8%aa-%d9%85%d8%b9%d8%aa%d9%85%d8%af\/#primaryimage","url":"https:\/\/kengmingcn.com\/wp-content\/uploads\/2026\/03\/1-3.jpg","contentUrl":"https:\/\/kengmingcn.com\/wp-content\/uploads\/2026\/03\/1-3.jpg","width":800,"height":800},{"@type":"BreadcrumbList","@id":"https:\/\/kengmingcn.com\/ar\/product\/%d9%81%d8%b1%d9%86-%d9%83%d9%88%d9%85%d8%a8%d9%8a-%d9%83%d9%87%d8%b1%d8%a8%d8%a7%d8%a6%d9%8a-%d8%aa%d8%ac%d8%a7%d8%b1%d9%8a-%d9%85%d9%86-4-%d8%b7%d8%a8%d9%82%d8%a7%d8%aa-%d9%85%d8%b9%d8%aa%d9%85%d8%af\/#breadcrumb","itemListElement":[{"@type":"ListItem","position":1,"name":"Home","item":"https:\/\/kengmingcn.com\/"},{"@type":"ListItem","position":2,"name":"Catalogue","item":"https:\/\/kengmingcn.com\/?page_id=27131"},{"@type":"ListItem","position":3,"name":"4-layer Commercial Electric Combi Oven CE Certified High Efficiency Stainless Steel Table Top Motor for Hotel Roasting Baker"}]},{"@type":"WebSite","@id":"https:\/\/kengmingcn.com\/#website","url":"https:\/\/kengmingcn.com\/","name":"\u00c9quipement de cuisine","description":"KengMing est un fabricant professionnel d'\u00e9quipements de cuisine commerciale et un fournisseur en gros, proposant des \u00e9quipements de cuisine, de pr\u00e9paration des aliments et de boulangerie avec un service OEM et ODM pour les distributeurs mondiaux.","publisher":{"@id":"https:\/\/kengmingcn.com\/#organization"},"potentialAction":[{"@type":"SearchAction","target":{"@type":"EntryPoint","urlTemplate":"https:\/\/kengmingcn.com\/?s={search_term_string}"},"query-input":{"@type":"PropertyValueSpecification","valueRequired":true,"valueName":"search_term_string"}}],"inLanguage":"fr-FR"},{"@type":"Organization","@id":"https:\/\/kengmingcn.com\/#organization","name":"GuangZhou KengMing","url":"https:\/\/kengmingcn.com\/","logo":{"@type":"ImageObject","inLanguage":"fr-FR","@id":"https:\/\/kengmingcn.com\/#\/schema\/logo\/image\/","url":"https:\/\/kengmingcn.com\/wp-content\/uploads\/2025\/04\/cropped-1744508604969-removebg-preview.png","contentUrl":"https:\/\/kengmingcn.com\/wp-content\/uploads\/2025\/04\/cropped-1744508604969-removebg-preview.png","width":512,"height":512,"caption":"GuangZhou KengMing"},"image":{"@id":"https:\/\/kengmingcn.com\/#\/schema\/logo\/image\/"}}]},"product_price_amount":"0.00","product_price_currency":"USD","og_availability":"instock","product_availability":"instock","product_condition":"new"},"_links":{"self":[{"href":"https:\/\/kengmingcn.com\/fr\/wp-json\/wp\/v2\/product\/53273","targetHints":{"allow":["GET"]}}],"collection":[{"href":"https:\/\/kengmingcn.com\/fr\/wp-json\/wp\/v2\/product"}],"about":[{"href":"https:\/\/kengmingcn.com\/fr\/wp-json\/wp\/v2\/types\/product"}],"replies":[{"embeddable":true,"href":"https:\/\/kengmingcn.com\/fr\/wp-json\/wp\/v2\/comments?post=53273"}],"wp:featuredmedia":[{"embeddable":true,"href":"https:\/\/kengmingcn.com\/fr\/wp-json\/wp\/v2\/media\/53281"}],"wp:attachment":[{"href":"https:\/\/kengmingcn.com\/fr\/wp-json\/wp\/v2\/media?parent=53273"}],"wp:term":[{"taxonomy":"product_brand","embeddable":true,"href":"https:\/\/kengmingcn.com\/fr\/wp-json\/wp\/v2\/product_brand?post=53273"},{"taxonomy":"product_cat","embeddable":true,"href":"https:\/\/kengmingcn.com\/fr\/wp-json\/wp\/v2\/product_cat?post=53273"},{"taxonomy":"product_tag","embeddable":true,"href":"https:\/\/kengmingcn.com\/fr\/wp-json\/wp\/v2\/product_tag?post=53273"}],"curies":[{"name":"wp","href":"https:\/\/api.w.org\/{rel}","templated":true}]}}