{"id":53243,"date":"2026-03-09T11:24:38","date_gmt":"2026-03-09T03:24:38","guid":{"rendered":"https:\/\/kengmingcn.com\/?post_type=product&#038;p=53243"},"modified":"2026-03-09T18:07:17","modified_gmt":"2026-03-09T10:07:17","slug":"220v-110v-360w-660w-780w-machine-a-raser-la-glace-de-neige-machine-bingsu-machine-a-fabriquer-de-la-glace-de-flocon-%ef%bc%88jmxc80f%ef%bc%89","status":"publish","type":"product","link":"https:\/\/kengmingcn.com\/fr\/product\/220v-110v-360w-660w-780w-machine-a-raser-la-glace-de-neige-machine-bingsu-machine-a-fabriquer-de-la-glace-de-flocon-%ef%bc%88jmxc80f%ef%bc%89\/","title":{"rendered":"220V\/110V 360W\/660W\/780W Machine \u00e0 raser la glace Bingsu-machine \u00e0 fabriquer des flocons de neige \uff08JMXC80F\uff09"},"content":{"rendered":"<h2 class=\"wp-block-heading\" id=\"h-description\">Description<\/h2>\n\n\n\n<p>Cette machine \u00e0 glace se caract\u00e9rise par une fabrication rapide de la glace, une texture fine et moelleuse, un fonctionnement stable et silencieux, un mat\u00e9riau de qualit\u00e9 alimentaire, s\u00fbr et facile \u00e0 nettoyer, et permet de travailler en continu pendant de longues heures. Elle est largement utilis\u00e9e dans les commerces tels que les salons de th\u00e9, les caf\u00e9s, les magasins de desserts, les restaurants, les supermarch\u00e9s, les march\u00e9s nocturnes, etc., id\u00e9ale pour fabriquer de la glace de neige, de la glace de nouilles\uff0c de la glace de flocon\uff0c des boissons glac\u00e9es et diverses friandises congel\u00e9es.<\/p>\n\n\n\n<figure class=\"wp-block-table is-style-stripes\"><table><thead><tr><th>Mod\u00e8le<\/th><th>JMXC80F<\/th><\/tr><\/thead><tbody><tr><td>Sortie<\/td><td>80KG\/24H (176.4lbs\/24h)<\/td><\/tr><tr><td>Puissance<\/td><td>360W<\/td><\/tr><tr><td>Longueur du rouleau<\/td><td>9.5CM<\/td><\/tr><tr><td>Syst\u00e8me de refroidissement<\/td><td>Refroidissement par air<\/td><\/tr><tr><td>Poids net<\/td><td>23KG (environ)<\/td><\/tr><tr><td>Compresseur<\/td><td>Compresseur de marque<\/td><\/tr><tr><td>R\u00e9frig\u00e9rant<\/td><td>R290<\/td><\/tr><tr><td>Taille<\/td><td>320 x 460 x 400mm<\/td><\/tr><tr><td>Tension<\/td><td>220V\/110V, 50HZ\/60HZ<\/td><\/tr><\/tbody><\/table><\/figure>\n\n\n\n<div style=\"height:30px\" aria-hidden=\"true\" class=\"wp-block-spacer\"><\/div>\n\n\n\n<div class=\"wp-block-columns is-layout-flex wp-container-core-columns-is-layout-9d6595d7 wp-block-columns-is-layout-flex dt-cr-1\">\n<div class=\"wp-block-column is-layout-flow wp-block-column-is-layout-flow\">\n<h3 class=\"wp-block-heading has-medium-font-size\" id=\"h-food-grade-roller\"><strong>ROULEAU DE QUALIT\u00c9 ALIMENTAIRE<\/strong><\/h3>\n\n\n\n<p>Fabriqu\u00e9 en acier inoxydable 304 de qualit\u00e9 alimentaire, il est plus sain et plus respectueux de l'environnement, permettant aux clients de d\u00e9guster de la glace en toute confiance\u3002.<\/p>\n<\/div>\n\n\n\n<div class=\"wp-block-column is-layout-flow wp-block-column-is-layout-flow\">\n<h3 class=\"wp-block-heading has-medium-font-size\" id=\"h-knob-control\"><strong>BOUTON DE COMMANDE<\/strong><\/h3>\n\n\n\n<p>Interrupteur \u00e0 touche unique et bouton de commande, la vitesse du rouleau est r\u00e9glable\uff0cla machine est facile \u00e0 utiliser.<\/p>\n<\/div>\n<\/div>\n\n\n\n<div style=\"height:30px\" aria-hidden=\"true\" class=\"wp-block-spacer\"><\/div>\n\n\n\n<div class=\"wp-block-columns is-layout-flex wp-container-core-columns-is-layout-9d6595d7 wp-block-columns-is-layout-flex dt-cr-2\">\n<div class=\"wp-block-column is-layout-flow wp-block-column-is-layout-flow\">\n<h3 class=\"wp-block-heading has-medium-font-size\" id=\"h-efficient-air-cooling\"><strong>REFROIDISSEMENT EFFICACE DE L'AIR<\/strong><\/h3>\n\n\n\n<p>Ventilateur de haute qualit\u00e9, dissipation efficace de la chaleur, am\u00e9lioration de la vitesse de fabrication de la glace et prolongation de la dur\u00e9e de vie de la machine.<\/p>\n<\/div>\n\n\n\n<div class=\"wp-block-column is-layout-flow wp-block-column-is-layout-flow\">\n<h3 class=\"wp-block-heading has-medium-font-size\" id=\"h-powerful-compressor\"><strong>Compresseur puissant<\/strong><\/h3>\n\n\n\n<p>des compresseurs de haute qualit\u00e9 produits en Chine, au fonctionnement stable, capables de fonctionner en continu pendant 24 heures, peu bruyants et dot\u00e9s d'une longue dur\u00e9e de vie.<\/p>\n<\/div>\n<\/div>\n\n\n\n<div style=\"height:30px\" aria-hidden=\"true\" class=\"wp-block-spacer\"><\/div>\n\n\n\n<div class=\"wp-block-columns is-layout-flex wp-container-core-columns-is-layout-9d6595d7 wp-block-columns-is-layout-flex dt-cr-3\">\n<div class=\"wp-block-column is-layout-flow wp-block-column-is-layout-flow\">\n<h3 class=\"wp-block-heading has-medium-font-size\" id=\"h-more-detail\">Plus de d\u00e9tails<\/h3>\n\n\n\n<figure class=\"wp-block-image size-full\"><img decoding=\"async\" width=\"790\" height=\"527\" src=\"https:\/\/kengmingcn.com\/wp-content\/uploads\/2026\/03\/\u8be6\u60c51-1.jpg\" alt=\"\" class=\"wp-image-53244\" srcset=\"https:\/\/kengmingcn.com\/wp-content\/uploads\/2026\/03\/\u8be6\u60c51-1.jpg 790w, https:\/\/kengmingcn.com\/wp-content\/uploads\/2026\/03\/\u8be6\u60c51-1-300x200.jpg 300w, https:\/\/kengmingcn.com\/wp-content\/uploads\/2026\/03\/\u8be6\u60c51-1-768x512.jpg 768w, https:\/\/kengmingcn.com\/wp-content\/uploads\/2026\/03\/\u8be6\u60c51-1-18x12.jpg 18w\" sizes=\"(max-width: 790px) 100vw, 790px\" \/><\/figure>\n\n\n\n<figure class=\"wp-block-image size-full\"><img decoding=\"async\" width=\"790\" height=\"527\" src=\"https:\/\/kengmingcn.com\/wp-content\/uploads\/2026\/03\/\u8be6\u60c52.jpg\" alt=\"\" class=\"wp-image-53245\" srcset=\"https:\/\/kengmingcn.com\/wp-content\/uploads\/2026\/03\/\u8be6\u60c52.jpg 790w, https:\/\/kengmingcn.com\/wp-content\/uploads\/2026\/03\/\u8be6\u60c52-300x200.jpg 300w, https:\/\/kengmingcn.com\/wp-content\/uploads\/2026\/03\/\u8be6\u60c52-768x512.jpg 768w, https:\/\/kengmingcn.com\/wp-content\/uploads\/2026\/03\/\u8be6\u60c52-18x12.jpg 18w\" sizes=\"(max-width: 790px) 100vw, 790px\" \/><\/figure>\n\n\n\n<figure class=\"wp-block-image size-full\"><img decoding=\"async\" width=\"790\" height=\"527\" src=\"https:\/\/kengmingcn.com\/wp-content\/uploads\/2026\/03\/\u8be6\u60c53.jpg\" alt=\"\" class=\"wp-image-53246\" srcset=\"https:\/\/kengmingcn.com\/wp-content\/uploads\/2026\/03\/\u8be6\u60c53.jpg 790w, https:\/\/kengmingcn.com\/wp-content\/uploads\/2026\/03\/\u8be6\u60c53-300x200.jpg 300w, https:\/\/kengmingcn.com\/wp-content\/uploads\/2026\/03\/\u8be6\u60c53-768x512.jpg 768w, https:\/\/kengmingcn.com\/wp-content\/uploads\/2026\/03\/\u8be6\u60c53-18x12.jpg 18w\" sizes=\"(max-width: 790px) 100vw, 790px\" \/><\/figure>\n\n\n\n<figure class=\"wp-block-image size-full\"><img decoding=\"async\" width=\"790\" height=\"527\" src=\"https:\/\/kengmingcn.com\/wp-content\/uploads\/2026\/03\/\u8be6\u60c54.jpg\" alt=\"\" class=\"wp-image-53247\" srcset=\"https:\/\/kengmingcn.com\/wp-content\/uploads\/2026\/03\/\u8be6\u60c54.jpg 790w, https:\/\/kengmingcn.com\/wp-content\/uploads\/2026\/03\/\u8be6\u60c54-300x200.jpg 300w, https:\/\/kengmingcn.com\/wp-content\/uploads\/2026\/03\/\u8be6\u60c54-768x512.jpg 768w, https:\/\/kengmingcn.com\/wp-content\/uploads\/2026\/03\/\u8be6\u60c54-18x12.jpg 18w\" sizes=\"(max-width: 790px) 100vw, 790px\" \/><\/figure>\n\n\n\n<figure class=\"wp-block-image size-full\"><img decoding=\"async\" width=\"790\" height=\"527\" src=\"https:\/\/kengmingcn.com\/wp-content\/uploads\/2026\/03\/\u8be6\u60c55.jpg\" alt=\"\" class=\"wp-image-53248\" srcset=\"https:\/\/kengmingcn.com\/wp-content\/uploads\/2026\/03\/\u8be6\u60c55.jpg 790w, https:\/\/kengmingcn.com\/wp-content\/uploads\/2026\/03\/\u8be6\u60c55-300x200.jpg 300w, https:\/\/kengmingcn.com\/wp-content\/uploads\/2026\/03\/\u8be6\u60c55-768x512.jpg 768w, https:\/\/kengmingcn.com\/wp-content\/uploads\/2026\/03\/\u8be6\u60c55-18x12.jpg 18w\" sizes=\"(max-width: 790px) 100vw, 790px\" \/><\/figure>\n<\/div>\n<\/div>\n\n\n\n<figure class=\"wp-block-image size-full\"><img decoding=\"async\" width=\"790\" height=\"527\" src=\"https:\/\/kengmingcn.com\/wp-content\/uploads\/2026\/03\/\u8be6\u60c56.jpg\" alt=\"\" class=\"wp-image-53249\" srcset=\"https:\/\/kengmingcn.com\/wp-content\/uploads\/2026\/03\/\u8be6\u60c56.jpg 790w, https:\/\/kengmingcn.com\/wp-content\/uploads\/2026\/03\/\u8be6\u60c56-300x200.jpg 300w, https:\/\/kengmingcn.com\/wp-content\/uploads\/2026\/03\/\u8be6\u60c56-768x512.jpg 768w, https:\/\/kengmingcn.com\/wp-content\/uploads\/2026\/03\/\u8be6\u60c56-18x12.jpg 18w\" sizes=\"(max-width: 790px) 100vw, 790px\" \/><\/figure>\n\n\n\n<figure class=\"wp-block-image size-full\"><img decoding=\"async\" width=\"790\" height=\"527\" src=\"https:\/\/kengmingcn.com\/wp-content\/uploads\/2026\/03\/\u8be6\u60c57.jpg\" alt=\"\" class=\"wp-image-53250\" srcset=\"https:\/\/kengmingcn.com\/wp-content\/uploads\/2026\/03\/\u8be6\u60c57.jpg 790w, https:\/\/kengmingcn.com\/wp-content\/uploads\/2026\/03\/\u8be6\u60c57-300x200.jpg 300w, https:\/\/kengmingcn.com\/wp-content\/uploads\/2026\/03\/\u8be6\u60c57-768x512.jpg 768w, https:\/\/kengmingcn.com\/wp-content\/uploads\/2026\/03\/\u8be6\u60c57-18x12.jpg 18w\" sizes=\"(max-width: 790px) 100vw, 790px\" \/><\/figure>\n\n\n\n<div class=\"wp-block-columns is-layout-flex wp-container-core-columns-is-layout-9d6595d7 wp-block-columns-is-layout-flex dt-cr-4\">\n<div class=\"wp-block-column is-layout-flow wp-block-column-is-layout-flow\">\n<h3 class=\"wp-block-heading\" id=\"h-why-choose-us\">Pourquoi nous choisir ?<\/h3>\n\n\n\n<p>La machine \u00e0 glace JMXC80F est con\u00e7ue pour un usage domestique et commercial. Avec un fonctionnement stable, une production de glace rapide et une texture de glace ultra-fine et moelleuse, et une production de glace de diff\u00e9rentes formes, telles que la glace en flocon de neige, la glace en nouilles et la glace en \u00e9cailles, elle assure une production constante de haute qualit\u00e9 pour votre entreprise.<\/p>\n<\/div>\n<\/div>\n\n\n\n<p><\/p>\n\n\n\n<p><\/p>","protected":false},"excerpt":{"rendered":"<ul>\n<li style=\"list-style-type: none\">\n<ul>\n<li class=\"ai-optimize-27\">\n<div class=\"paragraph\">puissance : 360W<\/div>\n<\/li>\n<li class=\"ai-optimize-28\">\n<div class=\"paragraph\">Production de glace : 80KG\/24H<\/div>\n<\/li>\n<\/ul>\n<\/li>\n<\/ul>","protected":false},"featured_media":53251,"comment_status":"open","ping_status":"closed","template":"","meta":{"_acf_changed":false},"product_brand":[],"product_cat":[246,275],"product_tag":[],"class_list":{"0":"post-53243","1":"product","2":"type-product","3":"status-publish","4":"has-post-thumbnail","6":"product_cat-ice-maker","7":"product_cat-refrigeration-equipment","8":"description-off","10":"first","11":"instock","12":"shipping-taxable","13":"product-type-simple"},"acf":[],"yoast_head":"<!-- This site is optimized with the Yoast SEO Premium plugin v25.3 (Yoast SEO v26.3) - https:\/\/yoast.com\/wordpress\/plugins\/seo\/ -->\n<title>220V\/110V 360W\/660W\/780W Snow Ice Shave Machine Bingsu-machine Snowflake Ice Making Machine \uff08JMXC80F\uff09 - KengMing | Manufacturer of Commercial Kitchen Equipment<\/title>\n<meta name=\"description\" content=\"CE certified 40kg\/24h Crescent Ice Machine JMYy-40! Efficient ice making suitable for beverage and convenience stores, with crescent shaped ice that is easy to use and stable output to meet daily ice needs!\" \/>\n<meta name=\"robots\" content=\"index, follow, max-snippet:-1, max-image-preview:large, max-video-preview:-1\" \/>\n<link rel=\"canonical\" href=\"https:\/\/kengmingcn.com\/fr\/product\/220v-110v-360w-660w-780w-machine-a-raser-la-glace-de-neige-machine-bingsu-machine-a-fabriquer-de-la-glace-de-flocon-\uff08jmxc80f\uff09\/\" \/>\n<meta property=\"og:locale\" content=\"fr_FR\" \/>\n<meta property=\"og:type\" content=\"article\" \/>\n<meta property=\"og:title\" content=\"220V\/110V 360W\/660W\/780W Snow Ice Shave Machine Bingsu-machine Snowflake Ice Making Machine \uff08JMXC80F\uff09\" \/>\n<meta property=\"og:description\" content=\"CE certified 40kg\/24h Crescent Ice Machine JMYy-40! Efficient ice making suitable for beverage and convenience stores, with crescent shaped ice that is easy to use and stable output to meet daily ice needs!\" \/>\n<meta property=\"og:url\" content=\"https:\/\/kengmingcn.com\/fr\/product\/220v-110v-360w-660w-780w-machine-a-raser-la-glace-de-neige-machine-bingsu-machine-a-fabriquer-de-la-glace-de-flocon-\uff08jmxc80f\uff09\/\" \/>\n<meta property=\"og:site_name\" content=\"KengMing | Manufacturer of Commercial Kitchen Equipment\" \/>\n<meta property=\"article:modified_time\" content=\"2026-03-09T10:07:17+00:00\" \/>\n<meta property=\"og:image\" content=\"https:\/\/kengmingcn.com\/wp-content\/uploads\/2026\/03\/1-1.jpg\" \/>\n\t<meta property=\"og:image:width\" content=\"800\" \/>\n\t<meta property=\"og:image:height\" content=\"800\" \/>\n\t<meta property=\"og:image:type\" content=\"image\/jpeg\" \/>\n<meta name=\"twitter:card\" content=\"summary_large_image\" \/>\n<meta name=\"twitter:label1\" content=\"Prix\" \/>\n\t<meta name=\"twitter:data1\" content=\"\" \/>\n\t<meta name=\"twitter:label2\" content=\"Disponibilit\u00e9\" \/>\n\t<meta name=\"twitter:data2\" content=\"En stock\" \/>\n<script type=\"application\/ld+json\" class=\"yoast-schema-graph\">{\"@context\":\"https:\/\/schema.org\",\"@graph\":[{\"@type\":\"WebPage\",\"@id\":\"https:\/\/kengmingcn.com\/product\/220v-110v-360w-660w-780w-snow-ice-shave-machine-bingsu-machine-snowflake-ice-making-machine-%ef%bc%88jmxc80f%ef%bc%89\/\",\"url\":\"https:\/\/kengmingcn.com\/product\/220v-110v-360w-660w-780w-snow-ice-shave-machine-bingsu-machine-snowflake-ice-making-machine-%ef%bc%88jmxc80f%ef%bc%89\/\",\"name\":\"220V\/110V 360W\/660W\/780W Snow Ice Shave Machine Bingsu-machine Snowflake Ice Making Machine \uff08JMXC80F\uff09 - KengMing | Manufacturer of Commercial Kitchen Equipment\",\"isPartOf\":{\"@id\":\"https:\/\/kengmingcn.com\/#website\"},\"primaryImageOfPage\":{\"@id\":\"https:\/\/kengmingcn.com\/product\/220v-110v-360w-660w-780w-snow-ice-shave-machine-bingsu-machine-snowflake-ice-making-machine-%ef%bc%88jmxc80f%ef%bc%89\/#primaryimage\"},\"image\":{\"@id\":\"https:\/\/kengmingcn.com\/product\/220v-110v-360w-660w-780w-snow-ice-shave-machine-bingsu-machine-snowflake-ice-making-machine-%ef%bc%88jmxc80f%ef%bc%89\/#primaryimage\"},\"thumbnailUrl\":\"https:\/\/kengmingcn.com\/wp-content\/uploads\/2026\/03\/1-1.jpg\",\"datePublished\":\"2026-03-09T03:24:38+00:00\",\"dateModified\":\"2026-03-09T10:07:17+00:00\",\"description\":\"CE certified 40kg\/24h Crescent Ice Machine JMYy-40! Efficient ice making suitable for beverage and convenience stores, with crescent shaped ice that is easy to use and stable output to meet daily ice needs!\",\"breadcrumb\":{\"@id\":\"https:\/\/kengmingcn.com\/product\/220v-110v-360w-660w-780w-snow-ice-shave-machine-bingsu-machine-snowflake-ice-making-machine-%ef%bc%88jmxc80f%ef%bc%89\/#breadcrumb\"},\"inLanguage\":\"fr-FR\",\"potentialAction\":[{\"@type\":\"ReadAction\",\"target\":[\"https:\/\/kengmingcn.com\/product\/220v-110v-360w-660w-780w-snow-ice-shave-machine-bingsu-machine-snowflake-ice-making-machine-%ef%bc%88jmxc80f%ef%bc%89\/\"]}]},{\"@type\":\"ImageObject\",\"inLanguage\":\"fr-FR\",\"@id\":\"https:\/\/kengmingcn.com\/product\/220v-110v-360w-660w-780w-snow-ice-shave-machine-bingsu-machine-snowflake-ice-making-machine-%ef%bc%88jmxc80f%ef%bc%89\/#primaryimage\",\"url\":\"https:\/\/kengmingcn.com\/wp-content\/uploads\/2026\/03\/1-1.jpg\",\"contentUrl\":\"https:\/\/kengmingcn.com\/wp-content\/uploads\/2026\/03\/1-1.jpg\",\"width\":800,\"height\":800},{\"@type\":\"BreadcrumbList\",\"@id\":\"https:\/\/kengmingcn.com\/product\/220v-110v-360w-660w-780w-snow-ice-shave-machine-bingsu-machine-snowflake-ice-making-machine-%ef%bc%88jmxc80f%ef%bc%89\/#breadcrumb\",\"itemListElement\":[{\"@type\":\"ListItem\",\"position\":1,\"name\":\"Home\",\"item\":\"https:\/\/kengmingcn.com\/\"},{\"@type\":\"ListItem\",\"position\":2,\"name\":\"Catalogue\",\"item\":\"https:\/\/kengmingcn.com\/?page_id=27131\"},{\"@type\":\"ListItem\",\"position\":3,\"name\":\"220V\/110V 360W\/660W\/780W Snow Ice Shave Machine Bingsu-machine Snowflake Ice Making Machine \uff08JMXC80F\uff09\"}]},{\"@type\":\"WebSite\",\"@id\":\"https:\/\/kengmingcn.com\/#website\",\"url\":\"https:\/\/kengmingcn.com\/\",\"name\":\"Kitchen Equipment\",\"description\":\"KengMing is a professional commercial kitchen equipment manufacturer and wholesale supplier, offering cooking, food prep and bakery equipment with OEM &amp; ODM service for global distributors.\",\"publisher\":{\"@id\":\"https:\/\/kengmingcn.com\/#organization\"},\"potentialAction\":[{\"@type\":\"SearchAction\",\"target\":{\"@type\":\"EntryPoint\",\"urlTemplate\":\"https:\/\/kengmingcn.com\/?s={search_term_string}\"},\"query-input\":{\"@type\":\"PropertyValueSpecification\",\"valueRequired\":true,\"valueName\":\"search_term_string\"}}],\"inLanguage\":\"fr-FR\"},{\"@type\":\"Organization\",\"@id\":\"https:\/\/kengmingcn.com\/#organization\",\"name\":\"GuangZhou KengMing\",\"url\":\"https:\/\/kengmingcn.com\/\",\"logo\":{\"@type\":\"ImageObject\",\"inLanguage\":\"fr-FR\",\"@id\":\"https:\/\/kengmingcn.com\/#\/schema\/logo\/image\/\",\"url\":\"https:\/\/kengmingcn.com\/wp-content\/uploads\/2025\/04\/cropped-1744508604969-removebg-preview.png\",\"contentUrl\":\"https:\/\/kengmingcn.com\/wp-content\/uploads\/2025\/04\/cropped-1744508604969-removebg-preview.png\",\"width\":512,\"height\":512,\"caption\":\"GuangZhou KengMing\"},\"image\":{\"@id\":\"https:\/\/kengmingcn.com\/#\/schema\/logo\/image\/\"}}]}<\/script>\n<meta property=\"product:price:amount\" content=\"0.00\" \/>\n<meta property=\"product:price:currency\" content=\"USD\" \/>\n<meta property=\"og:availability\" content=\"instock\" \/>\n<meta property=\"product:availability\" content=\"instock\" \/>\n<meta property=\"product:condition\" content=\"new\" \/>\n<!-- \/ Yoast SEO Premium plugin. -->","yoast_head_json":{"title":"220V\/110V 360W\/660W\/780W Machine \u00e0 raser la glace Bingsu-machine \u00e0 fabriquer des flocons de neige \uff08JMXC80F\uff09 - KengMing | Fabricant d'\u00e9quipement de cuisine commerciale","description":"Machine \u00e0 glace en forme de croissant JMYy-40, certifi\u00e9e CE, 40kg\/24h ! Fabrication efficace de glace pour les magasins de boissons et les commerces de proximit\u00e9, avec une glace en forme de croissant facile \u00e0 utiliser et un rendement stable pour r\u00e9pondre aux besoins quotidiens en glace !","robots":{"index":"index","follow":"follow","max-snippet":"max-snippet:-1","max-image-preview":"max-image-preview:large","max-video-preview":"max-video-preview:-1"},"canonical":"https:\/\/kengmingcn.com\/fr\/product\/220v-110v-360w-660w-780w-machine-a-raser-la-glace-de-neige-machine-bingsu-machine-a-fabriquer-de-la-glace-de-flocon-\uff08jmxc80f\uff09\/","og_locale":"fr_FR","og_type":"article","og_title":"220V\/110V 360W\/660W\/780W Snow Ice Shave Machine Bingsu-machine Snowflake Ice Making Machine \uff08JMXC80F\uff09","og_description":"CE certified 40kg\/24h Crescent Ice Machine JMYy-40! Efficient ice making suitable for beverage and convenience stores, with crescent shaped ice that is easy to use and stable output to meet daily ice needs!","og_url":"https:\/\/kengmingcn.com\/fr\/product\/220v-110v-360w-660w-780w-machine-a-raser-la-glace-de-neige-machine-bingsu-machine-a-fabriquer-de-la-glace-de-flocon-\uff08jmxc80f\uff09\/","og_site_name":"KengMing | Manufacturer of Commercial Kitchen Equipment","article_modified_time":"2026-03-09T10:07:17+00:00","og_image":[{"width":800,"height":800,"url":"https:\/\/kengmingcn.com\/wp-content\/uploads\/2026\/03\/1-1.jpg","type":"image\/jpeg"}],"twitter_card":"summary_large_image","twitter_misc":{"Prix":"","Disponibilit\u00e9":"En stock"},"schema":{"@context":"https:\/\/schema.org","@graph":[{"@type":"WebPage","@id":"https:\/\/kengmingcn.com\/product\/220v-110v-360w-660w-780w-snow-ice-shave-machine-bingsu-machine-snowflake-ice-making-machine-%ef%bc%88jmxc80f%ef%bc%89\/","url":"https:\/\/kengmingcn.com\/product\/220v-110v-360w-660w-780w-snow-ice-shave-machine-bingsu-machine-snowflake-ice-making-machine-%ef%bc%88jmxc80f%ef%bc%89\/","name":"220V\/110V 360W\/660W\/780W Machine \u00e0 raser la glace Bingsu-machine \u00e0 fabriquer des flocons de neige \uff08JMXC80F\uff09 - KengMing | Fabricant d'\u00e9quipement de cuisine commerciale","isPartOf":{"@id":"https:\/\/kengmingcn.com\/#website"},"primaryImageOfPage":{"@id":"https:\/\/kengmingcn.com\/product\/220v-110v-360w-660w-780w-snow-ice-shave-machine-bingsu-machine-snowflake-ice-making-machine-%ef%bc%88jmxc80f%ef%bc%89\/#primaryimage"},"image":{"@id":"https:\/\/kengmingcn.com\/product\/220v-110v-360w-660w-780w-snow-ice-shave-machine-bingsu-machine-snowflake-ice-making-machine-%ef%bc%88jmxc80f%ef%bc%89\/#primaryimage"},"thumbnailUrl":"https:\/\/kengmingcn.com\/wp-content\/uploads\/2026\/03\/1-1.jpg","datePublished":"2026-03-09T03:24:38+00:00","dateModified":"2026-03-09T10:07:17+00:00","description":"Machine \u00e0 glace en forme de croissant JMYy-40, certifi\u00e9e CE, 40kg\/24h ! Fabrication efficace de glace pour les magasins de boissons et les commerces de proximit\u00e9, avec une glace en forme de croissant facile \u00e0 utiliser et un rendement stable pour r\u00e9pondre aux besoins quotidiens en glace !","breadcrumb":{"@id":"https:\/\/kengmingcn.com\/product\/220v-110v-360w-660w-780w-snow-ice-shave-machine-bingsu-machine-snowflake-ice-making-machine-%ef%bc%88jmxc80f%ef%bc%89\/#breadcrumb"},"inLanguage":"fr-FR","potentialAction":[{"@type":"ReadAction","target":["https:\/\/kengmingcn.com\/product\/220v-110v-360w-660w-780w-snow-ice-shave-machine-bingsu-machine-snowflake-ice-making-machine-%ef%bc%88jmxc80f%ef%bc%89\/"]}]},{"@type":"ImageObject","inLanguage":"fr-FR","@id":"https:\/\/kengmingcn.com\/product\/220v-110v-360w-660w-780w-snow-ice-shave-machine-bingsu-machine-snowflake-ice-making-machine-%ef%bc%88jmxc80f%ef%bc%89\/#primaryimage","url":"https:\/\/kengmingcn.com\/wp-content\/uploads\/2026\/03\/1-1.jpg","contentUrl":"https:\/\/kengmingcn.com\/wp-content\/uploads\/2026\/03\/1-1.jpg","width":800,"height":800},{"@type":"BreadcrumbList","@id":"https:\/\/kengmingcn.com\/product\/220v-110v-360w-660w-780w-snow-ice-shave-machine-bingsu-machine-snowflake-ice-making-machine-%ef%bc%88jmxc80f%ef%bc%89\/#breadcrumb","itemListElement":[{"@type":"ListItem","position":1,"name":"Home","item":"https:\/\/kengmingcn.com\/"},{"@type":"ListItem","position":2,"name":"Catalogue","item":"https:\/\/kengmingcn.com\/?page_id=27131"},{"@type":"ListItem","position":3,"name":"220V\/110V 360W\/660W\/780W Snow Ice Shave Machine Bingsu-machine Snowflake Ice Making Machine \uff08JMXC80F\uff09"}]},{"@type":"WebSite","@id":"https:\/\/kengmingcn.com\/#website","url":"https:\/\/kengmingcn.com\/","name":"\u00c9quipement de cuisine","description":"KengMing is a professional commercial kitchen equipment manufacturer and wholesale supplier, offering cooking, food prep and bakery equipment with OEM &amp; ODM service for global distributors.","publisher":{"@id":"https:\/\/kengmingcn.com\/#organization"},"potentialAction":[{"@type":"SearchAction","target":{"@type":"EntryPoint","urlTemplate":"https:\/\/kengmingcn.com\/?s={search_term_string}"},"query-input":{"@type":"PropertyValueSpecification","valueRequired":true,"valueName":"search_term_string"}}],"inLanguage":"fr-FR"},{"@type":"Organization","@id":"https:\/\/kengmingcn.com\/#organization","name":"GuangZhou KengMing","url":"https:\/\/kengmingcn.com\/","logo":{"@type":"ImageObject","inLanguage":"fr-FR","@id":"https:\/\/kengmingcn.com\/#\/schema\/logo\/image\/","url":"https:\/\/kengmingcn.com\/wp-content\/uploads\/2025\/04\/cropped-1744508604969-removebg-preview.png","contentUrl":"https:\/\/kengmingcn.com\/wp-content\/uploads\/2025\/04\/cropped-1744508604969-removebg-preview.png","width":512,"height":512,"caption":"GuangZhou KengMing"},"image":{"@id":"https:\/\/kengmingcn.com\/#\/schema\/logo\/image\/"}}]},"product_price_amount":"0.00","product_price_currency":"USD","og_availability":"instock","product_availability":"instock","product_condition":"new"},"_links":{"self":[{"href":"https:\/\/kengmingcn.com\/fr\/wp-json\/wp\/v2\/product\/53243","targetHints":{"allow":["GET"]}}],"collection":[{"href":"https:\/\/kengmingcn.com\/fr\/wp-json\/wp\/v2\/product"}],"about":[{"href":"https:\/\/kengmingcn.com\/fr\/wp-json\/wp\/v2\/types\/product"}],"replies":[{"embeddable":true,"href":"https:\/\/kengmingcn.com\/fr\/wp-json\/wp\/v2\/comments?post=53243"}],"wp:featuredmedia":[{"embeddable":true,"href":"https:\/\/kengmingcn.com\/fr\/wp-json\/wp\/v2\/media\/53251"}],"wp:attachment":[{"href":"https:\/\/kengmingcn.com\/fr\/wp-json\/wp\/v2\/media?parent=53243"}],"wp:term":[{"taxonomy":"product_brand","embeddable":true,"href":"https:\/\/kengmingcn.com\/fr\/wp-json\/wp\/v2\/product_brand?post=53243"},{"taxonomy":"product_cat","embeddable":true,"href":"https:\/\/kengmingcn.com\/fr\/wp-json\/wp\/v2\/product_cat?post=53243"},{"taxonomy":"product_tag","embeddable":true,"href":"https:\/\/kengmingcn.com\/fr\/wp-json\/wp\/v2\/product_tag?post=53243"}],"curies":[{"name":"wp","href":"https:\/\/api.w.org\/{rel}","templated":true}]}}