{"id":53239,"date":"2026-03-10T16:32:35","date_gmt":"2026-03-10T08:32:35","guid":{"rendered":"https:\/\/kengmingcn.com\/?post_type=product&#038;p=53239"},"modified":"2026-04-18T16:40:15","modified_gmt":"2026-04-18T08:40:15","slug":"bingsu-mahcine-80kg-24h-jmxc80f","status":"publish","type":"product","link":"https:\/\/kengmingcn.com\/fr\/product\/bingsu-mahcine-80kg-24h-jmxc80f\/","title":{"rendered":"bingsu mahcine 80KG\/24h JMXC80F"},"content":{"rendered":"<figure class=\"wp-block-image size-full\"><img decoding=\"async\" width=\"790\" height=\"527\" src=\"https:\/\/kengmingcn.com\/wp-content\/uploads\/2026\/03\/\u8be6\u60c51.jpg\" alt=\"\" class=\"wp-image-53240\" srcset=\"https:\/\/kengmingcn.com\/wp-content\/uploads\/2026\/03\/\u8be6\u60c51.jpg 790w, https:\/\/kengmingcn.com\/wp-content\/uploads\/2026\/03\/\u8be6\u60c51-300x200.jpg 300w, https:\/\/kengmingcn.com\/wp-content\/uploads\/2026\/03\/\u8be6\u60c51-768x512.jpg 768w, https:\/\/kengmingcn.com\/wp-content\/uploads\/2026\/03\/\u8be6\u60c51-18x12.jpg 18w\" sizes=\"(max-width: 790px) 100vw, 790px\" \/><\/figure>\n\n\n\n<figure class=\"wp-block-image size-full\"><img decoding=\"async\" width=\"790\" height=\"527\" src=\"https:\/\/kengmingcn.com\/wp-content\/uploads\/2026\/03\/\u8be6\u60c52.jpg\" alt=\"\" class=\"wp-image-53245\" srcset=\"https:\/\/kengmingcn.com\/wp-content\/uploads\/2026\/03\/\u8be6\u60c52.jpg 790w, https:\/\/kengmingcn.com\/wp-content\/uploads\/2026\/03\/\u8be6\u60c52-300x200.jpg 300w, https:\/\/kengmingcn.com\/wp-content\/uploads\/2026\/03\/\u8be6\u60c52-768x512.jpg 768w, https:\/\/kengmingcn.com\/wp-content\/uploads\/2026\/03\/\u8be6\u60c52-18x12.jpg 18w\" sizes=\"(max-width: 790px) 100vw, 790px\" \/><\/figure>\n\n\n\n<figure class=\"wp-block-image size-full\"><img decoding=\"async\" width=\"790\" height=\"527\" src=\"https:\/\/kengmingcn.com\/wp-content\/uploads\/2026\/03\/\u8be6\u60c53.jpg\" alt=\"\" class=\"wp-image-53246\" srcset=\"https:\/\/kengmingcn.com\/wp-content\/uploads\/2026\/03\/\u8be6\u60c53.jpg 790w, https:\/\/kengmingcn.com\/wp-content\/uploads\/2026\/03\/\u8be6\u60c53-300x200.jpg 300w, https:\/\/kengmingcn.com\/wp-content\/uploads\/2026\/03\/\u8be6\u60c53-768x512.jpg 768w, https:\/\/kengmingcn.com\/wp-content\/uploads\/2026\/03\/\u8be6\u60c53-18x12.jpg 18w\" sizes=\"(max-width: 790px) 100vw, 790px\" \/><\/figure>\n\n\n\n<figure class=\"wp-block-image size-full\"><img decoding=\"async\" width=\"790\" height=\"527\" src=\"https:\/\/kengmingcn.com\/wp-content\/uploads\/2026\/03\/\u8be6\u60c54.jpg\" alt=\"\" class=\"wp-image-53247\" srcset=\"https:\/\/kengmingcn.com\/wp-content\/uploads\/2026\/03\/\u8be6\u60c54.jpg 790w, https:\/\/kengmingcn.com\/wp-content\/uploads\/2026\/03\/\u8be6\u60c54-300x200.jpg 300w, https:\/\/kengmingcn.com\/wp-content\/uploads\/2026\/03\/\u8be6\u60c54-768x512.jpg 768w, https:\/\/kengmingcn.com\/wp-content\/uploads\/2026\/03\/\u8be6\u60c54-18x12.jpg 18w\" sizes=\"(max-width: 790px) 100vw, 790px\" \/><\/figure>\n\n\n\n<figure class=\"wp-block-image size-full\"><img decoding=\"async\" width=\"790\" height=\"527\" src=\"https:\/\/kengmingcn.com\/wp-content\/uploads\/2026\/03\/\u8be6\u60c55.jpg\" alt=\"\" class=\"wp-image-53248\" srcset=\"https:\/\/kengmingcn.com\/wp-content\/uploads\/2026\/03\/\u8be6\u60c55.jpg 790w, https:\/\/kengmingcn.com\/wp-content\/uploads\/2026\/03\/\u8be6\u60c55-300x200.jpg 300w, https:\/\/kengmingcn.com\/wp-content\/uploads\/2026\/03\/\u8be6\u60c55-768x512.jpg 768w, https:\/\/kengmingcn.com\/wp-content\/uploads\/2026\/03\/\u8be6\u60c55-18x12.jpg 18w\" sizes=\"(max-width: 790px) 100vw, 790px\" \/><\/figure>\n\n\n\n<figure class=\"wp-block-image size-full\"><img decoding=\"async\" width=\"790\" height=\"527\" src=\"https:\/\/kengmingcn.com\/wp-content\/uploads\/2026\/03\/\u8be6\u60c56.jpg\" alt=\"\" class=\"wp-image-53249\" srcset=\"https:\/\/kengmingcn.com\/wp-content\/uploads\/2026\/03\/\u8be6\u60c56.jpg 790w, https:\/\/kengmingcn.com\/wp-content\/uploads\/2026\/03\/\u8be6\u60c56-300x200.jpg 300w, https:\/\/kengmingcn.com\/wp-content\/uploads\/2026\/03\/\u8be6\u60c56-768x512.jpg 768w, https:\/\/kengmingcn.com\/wp-content\/uploads\/2026\/03\/\u8be6\u60c56-18x12.jpg 18w\" sizes=\"(max-width: 790px) 100vw, 790px\" \/><\/figure>","protected":false},"excerpt":{"rendered":"<p>REFROIDISSEMENT \u00c9LECTRIQUE DE L'AIR<\/p>","protected":false},"featured_media":53241,"comment_status":"open","ping_status":"closed","template":"","meta":{"_acf_changed":false},"product_brand":[252],"product_cat":[244],"product_tag":[253],"class_list":{"0":"post-53239","1":"product","2":"type-product","3":"status-publish","4":"has-post-thumbnail","6":"product_brand-juanming","7":"product_cat-bingsu-machine","8":"product_tag-air-cooling","9":"description-off","11":"first","12":"instock","13":"shipping-taxable","14":"product-type-simple"},"acf":[],"yoast_head":"<!-- This site is optimized with the Yoast SEO Premium plugin v25.3 (Yoast SEO v26.3) - https:\/\/yoast.com\/wordpress\/plugins\/seo\/ -->\n<title>bingsu mahcine 80KG\/24h JMXC80F - KengMing | Manufacturer of Commercial Kitchen Equipment<\/title>\n<meta name=\"robots\" content=\"index, follow, max-snippet:-1, max-image-preview:large, max-video-preview:-1\" \/>\n<link rel=\"canonical\" href=\"https:\/\/kengmingcn.com\/fr\/product\/bingsu-mahcine-80kg-24h-jmxc80f\/\" \/>\n<meta property=\"og:locale\" content=\"fr_FR\" \/>\n<meta property=\"og:type\" content=\"article\" \/>\n<meta property=\"og:title\" content=\"bingsu mahcine 80KG\/24h JMXC80F\" \/>\n<meta property=\"og:description\" content=\"ELETRIC\u00a0 AIR COOLING\" \/>\n<meta property=\"og:url\" content=\"https:\/\/kengmingcn.com\/fr\/product\/bingsu-mahcine-80kg-24h-jmxc80f\/\" \/>\n<meta property=\"og:site_name\" content=\"KengMing | Manufacturer of Commercial Kitchen Equipment\" \/>\n<meta property=\"article:modified_time\" content=\"2026-04-18T08:40:15+00:00\" \/>\n<meta property=\"og:image\" content=\"https:\/\/kengmingcn.com\/wp-content\/uploads\/2026\/03\/1.jpg\" \/>\n\t<meta property=\"og:image:width\" content=\"800\" \/>\n\t<meta property=\"og:image:height\" content=\"800\" \/>\n\t<meta property=\"og:image:type\" content=\"image\/jpeg\" \/>\n<meta name=\"twitter:card\" content=\"summary_large_image\" \/>\n<meta name=\"twitter:label1\" content=\"Prix\" \/>\n\t<meta name=\"twitter:data1\" content=\"\" \/>\n\t<meta name=\"twitter:label2\" content=\"Disponibilit\u00e9\" \/>\n\t<meta name=\"twitter:data2\" content=\"En stock\" \/>\n<script type=\"application\/ld+json\" class=\"yoast-schema-graph\">{\"@context\":\"https:\/\/schema.org\",\"@graph\":[{\"@type\":\"WebPage\",\"@id\":\"https:\/\/kengmingcn.com\/product\/bingsu-mahcine-80kg-24h-jmxc80f\/\",\"url\":\"https:\/\/kengmingcn.com\/product\/bingsu-mahcine-80kg-24h-jmxc80f\/\",\"name\":\"bingsu mahcine 80KG\/24h JMXC80F - KengMing | Manufacturer of Commercial Kitchen Equipment\",\"isPartOf\":{\"@id\":\"https:\/\/kengmingcn.com\/#website\"},\"primaryImageOfPage\":{\"@id\":\"https:\/\/kengmingcn.com\/product\/bingsu-mahcine-80kg-24h-jmxc80f\/#primaryimage\"},\"image\":{\"@id\":\"https:\/\/kengmingcn.com\/product\/bingsu-mahcine-80kg-24h-jmxc80f\/#primaryimage\"},\"thumbnailUrl\":\"https:\/\/kengmingcn.com\/wp-content\/uploads\/2026\/03\/1.jpg\",\"datePublished\":\"2026-03-10T08:32:35+00:00\",\"dateModified\":\"2026-04-18T08:40:15+00:00\",\"breadcrumb\":{\"@id\":\"https:\/\/kengmingcn.com\/product\/bingsu-mahcine-80kg-24h-jmxc80f\/#breadcrumb\"},\"inLanguage\":\"fr-FR\",\"potentialAction\":[{\"@type\":\"ReadAction\",\"target\":[\"https:\/\/kengmingcn.com\/product\/bingsu-mahcine-80kg-24h-jmxc80f\/\"]}]},{\"@type\":\"ImageObject\",\"inLanguage\":\"fr-FR\",\"@id\":\"https:\/\/kengmingcn.com\/product\/bingsu-mahcine-80kg-24h-jmxc80f\/#primaryimage\",\"url\":\"https:\/\/kengmingcn.com\/wp-content\/uploads\/2026\/03\/1.jpg\",\"contentUrl\":\"https:\/\/kengmingcn.com\/wp-content\/uploads\/2026\/03\/1.jpg\",\"width\":800,\"height\":800,\"caption\":\"JUAN MING JMXC80F 80KG\/24H BINGSU MACHINE\"},{\"@type\":\"BreadcrumbList\",\"@id\":\"https:\/\/kengmingcn.com\/product\/bingsu-mahcine-80kg-24h-jmxc80f\/#breadcrumb\",\"itemListElement\":[{\"@type\":\"ListItem\",\"position\":1,\"name\":\"Home\",\"item\":\"https:\/\/kengmingcn.com\/\"},{\"@type\":\"ListItem\",\"position\":2,\"name\":\"Catalogue\",\"item\":\"https:\/\/kengmingcn.com\/?page_id=27131\"},{\"@type\":\"ListItem\",\"position\":3,\"name\":\"bingsu mahcine 80KG\/24h JMXC80F\"}]},{\"@type\":\"WebSite\",\"@id\":\"https:\/\/kengmingcn.com\/#website\",\"url\":\"https:\/\/kengmingcn.com\/\",\"name\":\"Kitchen Equipment\",\"description\":\"KengMing is a professional commercial kitchen equipment manufacturer and wholesale supplier, offering cooking, food prep and bakery equipment with OEM &amp; ODM service for global distributors.\",\"publisher\":{\"@id\":\"https:\/\/kengmingcn.com\/#organization\"},\"potentialAction\":[{\"@type\":\"SearchAction\",\"target\":{\"@type\":\"EntryPoint\",\"urlTemplate\":\"https:\/\/kengmingcn.com\/?s={search_term_string}\"},\"query-input\":{\"@type\":\"PropertyValueSpecification\",\"valueRequired\":true,\"valueName\":\"search_term_string\"}}],\"inLanguage\":\"fr-FR\"},{\"@type\":\"Organization\",\"@id\":\"https:\/\/kengmingcn.com\/#organization\",\"name\":\"GuangZhou KengMing\",\"url\":\"https:\/\/kengmingcn.com\/\",\"logo\":{\"@type\":\"ImageObject\",\"inLanguage\":\"fr-FR\",\"@id\":\"https:\/\/kengmingcn.com\/#\/schema\/logo\/image\/\",\"url\":\"https:\/\/kengmingcn.com\/wp-content\/uploads\/2025\/04\/cropped-1744508604969-removebg-preview.png\",\"contentUrl\":\"https:\/\/kengmingcn.com\/wp-content\/uploads\/2025\/04\/cropped-1744508604969-removebg-preview.png\",\"width\":512,\"height\":512,\"caption\":\"GuangZhou KengMing\"},\"image\":{\"@id\":\"https:\/\/kengmingcn.com\/#\/schema\/logo\/image\/\"}}]}<\/script>\n<meta property=\"product:price:amount\" content=\"0.00\" \/>\n<meta property=\"product:price:currency\" content=\"USD\" \/>\n<meta property=\"og:availability\" content=\"instock\" \/>\n<meta property=\"product:availability\" content=\"instock\" \/>\n<meta property=\"product:condition\" content=\"new\" \/>\n<!-- \/ Yoast SEO Premium plugin. -->","yoast_head_json":{"title":"bingsu mahcine 80KG\/24h JMXC80F - KengMing | Fabricant de mat\u00e9riel de cuisine professionnelle","robots":{"index":"index","follow":"follow","max-snippet":"max-snippet:-1","max-image-preview":"max-image-preview:large","max-video-preview":"max-video-preview:-1"},"canonical":"https:\/\/kengmingcn.com\/fr\/product\/bingsu-mahcine-80kg-24h-jmxc80f\/","og_locale":"fr_FR","og_type":"article","og_title":"bingsu mahcine 80KG\/24h JMXC80F","og_description":"ELETRIC\u00a0 AIR COOLING","og_url":"https:\/\/kengmingcn.com\/fr\/product\/bingsu-mahcine-80kg-24h-jmxc80f\/","og_site_name":"KengMing | Manufacturer of Commercial Kitchen Equipment","article_modified_time":"2026-04-18T08:40:15+00:00","og_image":[{"width":800,"height":800,"url":"https:\/\/kengmingcn.com\/wp-content\/uploads\/2026\/03\/1.jpg","type":"image\/jpeg"}],"twitter_card":"summary_large_image","twitter_misc":{"Prix":"","Disponibilit\u00e9":"En stock"},"schema":{"@context":"https:\/\/schema.org","@graph":[{"@type":"WebPage","@id":"https:\/\/kengmingcn.com\/product\/bingsu-mahcine-80kg-24h-jmxc80f\/","url":"https:\/\/kengmingcn.com\/product\/bingsu-mahcine-80kg-24h-jmxc80f\/","name":"bingsu mahcine 80KG\/24h JMXC80F - KengMing | Fabricant de mat\u00e9riel de cuisine professionnelle","isPartOf":{"@id":"https:\/\/kengmingcn.com\/#website"},"primaryImageOfPage":{"@id":"https:\/\/kengmingcn.com\/product\/bingsu-mahcine-80kg-24h-jmxc80f\/#primaryimage"},"image":{"@id":"https:\/\/kengmingcn.com\/product\/bingsu-mahcine-80kg-24h-jmxc80f\/#primaryimage"},"thumbnailUrl":"https:\/\/kengmingcn.com\/wp-content\/uploads\/2026\/03\/1.jpg","datePublished":"2026-03-10T08:32:35+00:00","dateModified":"2026-04-18T08:40:15+00:00","breadcrumb":{"@id":"https:\/\/kengmingcn.com\/product\/bingsu-mahcine-80kg-24h-jmxc80f\/#breadcrumb"},"inLanguage":"fr-FR","potentialAction":[{"@type":"ReadAction","target":["https:\/\/kengmingcn.com\/product\/bingsu-mahcine-80kg-24h-jmxc80f\/"]}]},{"@type":"ImageObject","inLanguage":"fr-FR","@id":"https:\/\/kengmingcn.com\/product\/bingsu-mahcine-80kg-24h-jmxc80f\/#primaryimage","url":"https:\/\/kengmingcn.com\/wp-content\/uploads\/2026\/03\/1.jpg","contentUrl":"https:\/\/kengmingcn.com\/wp-content\/uploads\/2026\/03\/1.jpg","width":800,"height":800,"caption":"JUAN MING JMXC80F 80KG\/24H BINGSU MACHINE"},{"@type":"BreadcrumbList","@id":"https:\/\/kengmingcn.com\/product\/bingsu-mahcine-80kg-24h-jmxc80f\/#breadcrumb","itemListElement":[{"@type":"ListItem","position":1,"name":"Home","item":"https:\/\/kengmingcn.com\/"},{"@type":"ListItem","position":2,"name":"Catalogue","item":"https:\/\/kengmingcn.com\/?page_id=27131"},{"@type":"ListItem","position":3,"name":"bingsu mahcine 80KG\/24h JMXC80F"}]},{"@type":"WebSite","@id":"https:\/\/kengmingcn.com\/#website","url":"https:\/\/kengmingcn.com\/","name":"\u00c9quipement de cuisine","description":"KengMing est un fabricant professionnel d'\u00e9quipements de cuisine commerciale et un fournisseur en gros, proposant des \u00e9quipements de cuisine, de pr\u00e9paration des aliments et de boulangerie avec un service OEM et ODM pour les distributeurs mondiaux.","publisher":{"@id":"https:\/\/kengmingcn.com\/#organization"},"potentialAction":[{"@type":"SearchAction","target":{"@type":"EntryPoint","urlTemplate":"https:\/\/kengmingcn.com\/?s={search_term_string}"},"query-input":{"@type":"PropertyValueSpecification","valueRequired":true,"valueName":"search_term_string"}}],"inLanguage":"fr-FR"},{"@type":"Organization","@id":"https:\/\/kengmingcn.com\/#organization","name":"GuangZhou KengMing","url":"https:\/\/kengmingcn.com\/","logo":{"@type":"ImageObject","inLanguage":"fr-FR","@id":"https:\/\/kengmingcn.com\/#\/schema\/logo\/image\/","url":"https:\/\/kengmingcn.com\/wp-content\/uploads\/2025\/04\/cropped-1744508604969-removebg-preview.png","contentUrl":"https:\/\/kengmingcn.com\/wp-content\/uploads\/2025\/04\/cropped-1744508604969-removebg-preview.png","width":512,"height":512,"caption":"GuangZhou KengMing"},"image":{"@id":"https:\/\/kengmingcn.com\/#\/schema\/logo\/image\/"}}]},"product_price_amount":"0.00","product_price_currency":"USD","og_availability":"instock","product_availability":"instock","product_condition":"new"},"_links":{"self":[{"href":"https:\/\/kengmingcn.com\/fr\/wp-json\/wp\/v2\/product\/53239","targetHints":{"allow":["GET"]}}],"collection":[{"href":"https:\/\/kengmingcn.com\/fr\/wp-json\/wp\/v2\/product"}],"about":[{"href":"https:\/\/kengmingcn.com\/fr\/wp-json\/wp\/v2\/types\/product"}],"replies":[{"embeddable":true,"href":"https:\/\/kengmingcn.com\/fr\/wp-json\/wp\/v2\/comments?post=53239"}],"wp:featuredmedia":[{"embeddable":true,"href":"https:\/\/kengmingcn.com\/fr\/wp-json\/wp\/v2\/media\/53241"}],"wp:attachment":[{"href":"https:\/\/kengmingcn.com\/fr\/wp-json\/wp\/v2\/media?parent=53239"}],"wp:term":[{"taxonomy":"product_brand","embeddable":true,"href":"https:\/\/kengmingcn.com\/fr\/wp-json\/wp\/v2\/product_brand?post=53239"},{"taxonomy":"product_cat","embeddable":true,"href":"https:\/\/kengmingcn.com\/fr\/wp-json\/wp\/v2\/product_cat?post=53239"},{"taxonomy":"product_tag","embeddable":true,"href":"https:\/\/kengmingcn.com\/fr\/wp-json\/wp\/v2\/product_tag?post=53239"}],"curies":[{"name":"wp","href":"https:\/\/api.w.org\/{rel}","templated":true}]}}