{"id":53195,"date":"2026-02-10T16:31:39","date_gmt":"2026-02-10T08:31:39","guid":{"rendered":"https:\/\/kengmingcn.com\/?post_type=product&#038;p=53195"},"modified":"2026-02-10T16:37:17","modified_gmt":"2026-02-10T08:37:17","slug":"machine-a-glace-au-lait-220kg-entierement-automatique-machine-a-glace-bingsu-a-flocon-de-neige-commerciale-machine-a-glace-a-leau-xhj128-avec-ce","status":"publish","type":"product","link":"https:\/\/kengmingcn.com\/fr\/product\/machine-a-glace-au-lait-220kg-entierement-automatique-machine-a-glace-bingsu-a-flocon-de-neige-commerciale-machine-a-glace-a-leau-xhj128-avec-ce\/","title":{"rendered":"Machine \u00e0 glace automatique de 220 kg pour le lait Machine \u00e0 glace commerciale pour flocons de neige Bingsu Refroidissement par eau XHJ128 avec CE"},"content":{"rendered":"<h2 class=\"wp-block-heading\" id=\"h-description\">Description<\/h2>\n\n\n\n<p>Con\u00e7ue pour les op\u00e9rations de dessert en grande quantit\u00e9, la <strong>XHJ128 Machine \u00e0 glace automatique pour le lait et la neige<\/strong> fournit jusqu'\u00e0 <strong>220 kg de neige et de glace par jour<\/strong> avec une sortie stable et continue.<br>Aliment\u00e9 par un <strong>Syst\u00e8me 1200W et compresseur Embraco<\/strong>, Cette machine \u00e0 bingsu de qualit\u00e9 commerciale produit une texture de glace lisse et semblable \u00e0 du lait, id\u00e9ale pour les boutiques de bingsu, les cha\u00eenes de desserts, les caf\u00e9s et les aires de restauration.<\/p>\n\n\n\n<p>Son <strong>syst\u00e8me de refroidissement par eau<\/strong> garantit des performances constantes m\u00eame pendant les longues heures de travail, ce qui en fait un choix fiable pour les environnements \u00e0 forte demande.<\/p>\n\n\n\n<div style=\"height:30px\" aria-hidden=\"true\" class=\"wp-block-spacer\"><\/div>\n\n\n\n<figure class=\"wp-block-table is-style-stripes\"><table><thead><tr><th>Mod\u00e8le<\/th><th>XHJ128<\/th><\/tr><\/thead><tbody><tr><td>Sortie<\/td><td>220kg\/24hour(485lbs\/24hour)<\/td><\/tr><tr><td>Puissance<\/td><td>1200w<\/td><\/tr><tr><td>Longueur du rouleau<\/td><td>10cm<\/td><\/tr><tr><td>Mode de refroidissement<\/td><td>Refroidissement par eau<\/td><\/tr><tr><td>Taille<\/td><td>395*555*525mm<\/td><\/tr><tr><td>Taille de l'emballage<\/td><td>67*47*67cm (0.22cbm)<\/td><\/tr><tr><td>Poids net<\/td><td>41kg \/ 90lbs<\/td><\/tr><tr><td>Poids de l'emballage<\/td><td>55kg\/121lbs<\/td><\/tr><tr><td>Compresseur<\/td><td>Embraco<\/td><\/tr><\/tbody><\/table><\/figure>\n\n\n\n<div style=\"height:30px\" aria-hidden=\"true\" class=\"wp-block-spacer\"><\/div>\n\n\n\n<div class=\"wp-block-columns is-layout-flex wp-container-core-columns-is-layout-9d6595d7 wp-block-columns-is-layout-flex dt-cr-1\">\n<div class=\"wp-block-column is-layout-flow wp-block-column-is-layout-flow\">\n<h3 class=\"wp-block-heading has-medium-font-size\" id=\"h-high-output-for-commercial-demand\">Rendement \u00e9lev\u00e9 pour la demande commerciale<\/h3>\n\n\n\n<p>Avec une capacit\u00e9 de production impressionnante de <strong>220 kg par 24 heures<\/strong>, Le XHJ128 est con\u00e7u pour les magasins \u00e0 forte fr\u00e9quentation. Il permet un fonctionnement continu tout au long de la journ\u00e9e, r\u00e9duisant les temps d'attente et maximisant les ventes quotidiennes.<\/p>\n<\/div>\n\n\n\n<div class=\"wp-block-column is-layout-flow wp-block-column-is-layout-flow\">\n<h3 class=\"wp-block-heading has-medium-font-size\" id=\"h-premium-snow-ice-texture\"><strong>Texture de neige et de glace de premi\u00e8re qualit\u00e9<\/strong><\/h3>\n\n\n\n<p>\u00c9quip\u00e9 d'un <strong>Rouleau de pr\u00e9cision de 10 cm<\/strong>, La machine produit une glace d\u00e9licate et moelleuse qui fond en douceur dans la bouche. Parfaite pour la glace au lait, le bingsu aux fruits et les pr\u00e9sentations de desserts haut de gamme qui attirent les clients fid\u00e8les.<\/p>\n<\/div>\n<\/div>\n\n\n\n<div style=\"height:30px\" aria-hidden=\"true\" class=\"wp-block-spacer\"><\/div>\n\n\n\n<div class=\"wp-block-columns is-layout-flex wp-container-core-columns-is-layout-9d6595d7 wp-block-columns-is-layout-flex dt-cr-2\">\n<div class=\"wp-block-column is-layout-flow wp-block-column-is-layout-flow\">\n<h3 class=\"wp-block-heading has-medium-font-size\" id=\"h-reliable-embraco-compressor\"><strong>Compresseur Embraco fiable<\/strong><\/h3>\n\n\n\n<p>Les produits import\u00e9s <strong>Compresseur Embraco<\/strong> garantit des performances de refroidissement stables, un faible taux de d\u00e9faillance et une longue dur\u00e9e de vie. Il maintient une qualit\u00e9 de glace constante m\u00eame en cas de charge de travail \u00e9lev\u00e9e, ce qui le rend id\u00e9al pour une utilisation professionnelle.<\/p>\n<\/div>\n\n\n\n<div class=\"wp-block-column is-layout-flow wp-block-column-is-layout-flow\">\n<h3 class=\"wp-block-heading has-medium-font-size\" id=\"h-water-cooling-system-for-long-hours\">Syst\u00e8me de refroidissement par eau pour les longues heures de travail<\/h3>\n\n\n\n<p>Le <strong>conception du refroidissement par eau<\/strong> dissipe efficacement la chaleur, ce qui permet \u00e0 la machine de fonctionner sans probl\u00e8me pendant de longues heures. Cela am\u00e9liore consid\u00e9rablement la stabilit\u00e9 par rapport aux syst\u00e8mes refroidis par air dans les environnements de cuisine chauds ou tr\u00e8s fr\u00e9quent\u00e9s.<\/p>\n<\/div>\n<\/div>\n\n\n\n<div style=\"height:30px\" aria-hidden=\"true\" class=\"wp-block-spacer\"><\/div>\n\n\n\n<div class=\"wp-block-columns is-layout-flex wp-container-core-columns-is-layout-9d6595d7 wp-block-columns-is-layout-flex dt-cr-3\">\n<div class=\"wp-block-column is-layout-flow wp-block-column-is-layout-flow\">\n<h3 class=\"wp-block-heading has-medium-font-size\" id=\"h-more-detail\">Plus de d\u00e9tails<\/h3>\n\n\n\n<figure class=\"wp-block-gallery has-nested-images columns-2 is-cropped wp-block-gallery-1 is-layout-flex wp-block-gallery-is-layout-flex\">\n<figure class=\"wp-block-image size-large\"><img decoding=\"async\" width=\"550\" height=\"550\" data-id=\"47952\" src=\"https:\/\/kengmingcn.com\/wp-content\/uploads\/2025\/03\/1736303096772_3_11zon.webp\" alt=\"\" class=\"wp-image-47952\" srcset=\"https:\/\/kengmingcn.com\/wp-content\/uploads\/2025\/03\/1736303096772_3_11zon.webp 550w, https:\/\/kengmingcn.com\/wp-content\/uploads\/2025\/03\/1736303096772_3_11zon-300x300.webp 300w, https:\/\/kengmingcn.com\/wp-content\/uploads\/2025\/03\/1736303096772_3_11zon-150x150.webp 150w, https:\/\/kengmingcn.com\/wp-content\/uploads\/2025\/03\/1736303096772_3_11zon-200x200.webp 200w\" sizes=\"(max-width: 550px) 100vw, 550px\" \/><\/figure>\n\n\n\n<figure class=\"wp-block-image size-large\"><img decoding=\"async\" width=\"750\" height=\"873\" data-id=\"52104\" src=\"https:\/\/kengmingcn.com\/wp-content\/uploads\/2025\/09\/XHJ128fp-bingsu-machine-\u8be6\u60c5\u56fe-10.jpg\" alt=\"4\u79cd\u96ea\u82b1\u51b0\" class=\"wp-image-52104\" srcset=\"https:\/\/kengmingcn.com\/wp-content\/uploads\/2025\/09\/XHJ128fp-bingsu-machine-\u8be6\u60c5\u56fe-10.jpg 750w, https:\/\/kengmingcn.com\/wp-content\/uploads\/2025\/09\/XHJ128fp-bingsu-machine-\u8be6\u60c5\u56fe-10-258x300.jpg 258w, https:\/\/kengmingcn.com\/wp-content\/uploads\/2025\/09\/XHJ128fp-bingsu-machine-\u8be6\u60c5\u56fe-10-10x12.jpg 10w\" sizes=\"(max-width: 750px) 100vw, 750px\" \/><\/figure>\n<\/figure>\n<\/div>\n<\/div>\n\n\n\n<div class=\"wp-block-columns is-layout-flex wp-container-core-columns-is-layout-9d6595d7 wp-block-columns-is-layout-flex dt-cr-4\">\n<div class=\"wp-block-column is-layout-flow wp-block-column-is-layout-flow\"><\/div>\n<\/div>\n\n\n\n<div class=\"wp-block-columns is-layout-flex wp-container-core-columns-is-layout-9d6595d7 wp-block-columns-is-layout-flex dt-cr-5\">\n<div class=\"wp-block-column is-layout-flow wp-block-column-is-layout-flow\">\n<div style=\"height:30px\" aria-hidden=\"true\" class=\"wp-block-spacer\"><\/div>\n\n\n\n<h3 class=\"wp-block-heading\" id=\"h-why-choose-us\">Pourquoi nous choisir ?<\/h3>\n\n\n\n<p>Avec <strong>Certification CE<\/strong>, Gr\u00e2ce \u00e0 une construction durable et \u00e0 un syst\u00e8me de refroidissement professionnel, le <strong>XHJ128 Machine \u00e0 gla\u00e7ons pour le lait et la neige<\/strong> est une solution fiable pour les entreprises qui recherchent l'efficacit\u00e9, la coh\u00e9rence et une qualit\u00e9 de glace sup\u00e9rieure.<br>Que vous agrandissiez une boutique de desserts existante ou que vous lanciez un concept de bingsu haut de gamme, cette machine offre le rendement et la fiabilit\u00e9 n\u00e9cessaires \u00e0 un succ\u00e8s commercial \u00e0 long terme.<\/p>\n<\/div>\n<\/div>","protected":false},"excerpt":{"rendered":"<ul>\n<li>Puissance : 1200W<\/li>\n<li>Sortie : 220\/24H<\/li>\n<li>CE<\/li>\n<li>Longueur du rouleau : 10cm<\/li>\n<li>Compresseur : Embraco<\/li>\n<li>Mode de refroidissement : Refroidissement par eau<\/li>\n<\/ul>","protected":false},"featured_media":53028,"comment_status":"open","ping_status":"closed","template":"","meta":{"_acf_changed":false},"product_brand":[309],"product_cat":[244,275],"product_tag":[310,312],"class_list":{"0":"post-53195","1":"product","2":"type-product","3":"status-publish","4":"has-post-thumbnail","6":"product_brand-309","7":"product_cat-bingsu-machine","8":"product_cat-refrigeration-equipment","9":"product_tag-ce","10":"product_tag-water-cooling","11":"description-off","13":"first","14":"instock","15":"shipping-taxable","16":"product-type-simple"},"acf":[],"yoast_head":"<!-- This site is optimized with the Yoast SEO Premium plugin v25.3 (Yoast SEO v26.3) - https:\/\/yoast.com\/wordpress\/plugins\/seo\/ -->\n<title>XHJ128 220kg water cooling snowflake ice machine<\/title>\n<meta name=\"description\" content=\"Full Automatic 220kg Milk Snow Ice Machine Commercial Snowflake Bingsu Ice Machine Water-CoolingXHJ128 With CE\" \/>\n<meta name=\"robots\" content=\"index, follow, max-snippet:-1, max-image-preview:large, max-video-preview:-1\" \/>\n<link rel=\"canonical\" href=\"https:\/\/kengmingcn.com\/fr\/product\/machine-a-glace-au-lait-220kg-entierement-automatique-machine-a-glace-bingsu-a-flocon-de-neige-commerciale-machine-a-glace-a-leau-xhj128-avec-ce\/\" \/>\n<meta property=\"og:locale\" content=\"fr_FR\" \/>\n<meta property=\"og:type\" content=\"article\" \/>\n<meta property=\"og:title\" content=\"Full Automatic 220kg Milk Snow Ice Machine Commercial Snowflake Bingsu Ice Machine Water-Cooling XHJ128 With CE\" \/>\n<meta property=\"og:description\" content=\"Full Automatic 220kg Milk Snow Ice Machine Commercial Snowflake Bingsu Ice Machine Water-CoolingXHJ128 With CE\" \/>\n<meta property=\"og:url\" content=\"https:\/\/kengmingcn.com\/fr\/product\/machine-a-glace-au-lait-220kg-entierement-automatique-machine-a-glace-bingsu-a-flocon-de-neige-commerciale-machine-a-glace-a-leau-xhj128-avec-ce\/\" \/>\n<meta property=\"og:site_name\" content=\"KengMing | Manufacturer of Commercial Kitchen Equipment\" \/>\n<meta property=\"article:modified_time\" content=\"2026-02-10T08:37:17+00:00\" \/>\n<meta property=\"og:image\" content=\"https:\/\/kengmingcn.com\/wp-content\/uploads\/2026\/01\/XHJ128_1_11zon.webp\" \/>\n\t<meta property=\"og:image:width\" content=\"800\" \/>\n\t<meta property=\"og:image:height\" content=\"800\" \/>\n\t<meta property=\"og:image:type\" content=\"image\/webp\" \/>\n<meta name=\"twitter:card\" content=\"summary_large_image\" \/>\n<meta name=\"twitter:label1\" content=\"Prix\" \/>\n\t<meta name=\"twitter:data1\" content=\"\" \/>\n\t<meta name=\"twitter:label2\" content=\"Disponibilit\u00e9\" \/>\n\t<meta name=\"twitter:data2\" content=\"En stock\" \/>\n<script type=\"application\/ld+json\" class=\"yoast-schema-graph\">{\"@context\":\"https:\/\/schema.org\",\"@graph\":[{\"@type\":\"WebPage\",\"@id\":\"https:\/\/kengmingcn.com\/es\/product\/totalmente-automatico-220kg-leche-nieve-maquina-de-hielo-comercial-copo-de-nieve-bingsu-maquina-de-hielo-de-refrigeracion-por-aguaxhj128-con-ce\/\",\"url\":\"https:\/\/kengmingcn.com\/es\/product\/totalmente-automatico-220kg-leche-nieve-maquina-de-hielo-comercial-copo-de-nieve-bingsu-maquina-de-hielo-de-refrigeracion-por-aguaxhj128-con-ce\/\",\"name\":\"XHJ128 220kg water cooling snowflake ice machine\",\"isPartOf\":{\"@id\":\"https:\/\/kengmingcn.com\/#website\"},\"primaryImageOfPage\":{\"@id\":\"https:\/\/kengmingcn.com\/es\/product\/totalmente-automatico-220kg-leche-nieve-maquina-de-hielo-comercial-copo-de-nieve-bingsu-maquina-de-hielo-de-refrigeracion-por-aguaxhj128-con-ce\/#primaryimage\"},\"image\":{\"@id\":\"https:\/\/kengmingcn.com\/es\/product\/totalmente-automatico-220kg-leche-nieve-maquina-de-hielo-comercial-copo-de-nieve-bingsu-maquina-de-hielo-de-refrigeracion-por-aguaxhj128-con-ce\/#primaryimage\"},\"thumbnailUrl\":\"https:\/\/kengmingcn.com\/wp-content\/uploads\/2026\/01\/XHJ128_1_11zon.webp\",\"datePublished\":\"2026-02-10T08:31:39+00:00\",\"dateModified\":\"2026-02-10T08:37:17+00:00\",\"description\":\"Full Automatic 220kg Milk Snow Ice Machine Commercial Snowflake Bingsu Ice Machine Water-CoolingXHJ128 With CE\",\"breadcrumb\":{\"@id\":\"https:\/\/kengmingcn.com\/es\/product\/totalmente-automatico-220kg-leche-nieve-maquina-de-hielo-comercial-copo-de-nieve-bingsu-maquina-de-hielo-de-refrigeracion-por-aguaxhj128-con-ce\/#breadcrumb\"},\"inLanguage\":\"fr-FR\",\"potentialAction\":[{\"@type\":\"ReadAction\",\"target\":[\"https:\/\/kengmingcn.com\/es\/product\/totalmente-automatico-220kg-leche-nieve-maquina-de-hielo-comercial-copo-de-nieve-bingsu-maquina-de-hielo-de-refrigeracion-por-aguaxhj128-con-ce\/\"]}]},{\"@type\":\"ImageObject\",\"inLanguage\":\"fr-FR\",\"@id\":\"https:\/\/kengmingcn.com\/es\/product\/totalmente-automatico-220kg-leche-nieve-maquina-de-hielo-comercial-copo-de-nieve-bingsu-maquina-de-hielo-de-refrigeracion-por-aguaxhj128-con-ce\/#primaryimage\",\"url\":\"https:\/\/kengmingcn.com\/wp-content\/uploads\/2026\/01\/XHJ128_1_11zon.webp\",\"contentUrl\":\"https:\/\/kengmingcn.com\/wp-content\/uploads\/2026\/01\/XHJ128_1_11zon.webp\",\"width\":800,\"height\":800,\"caption\":\"XHJ128 220kg\/24h bingsu machine water cooling with ce\"},{\"@type\":\"BreadcrumbList\",\"@id\":\"https:\/\/kengmingcn.com\/es\/product\/totalmente-automatico-220kg-leche-nieve-maquina-de-hielo-comercial-copo-de-nieve-bingsu-maquina-de-hielo-de-refrigeracion-por-aguaxhj128-con-ce\/#breadcrumb\",\"itemListElement\":[{\"@type\":\"ListItem\",\"position\":1,\"name\":\"Home\",\"item\":\"https:\/\/kengmingcn.com\/\"},{\"@type\":\"ListItem\",\"position\":2,\"name\":\"Catalogue\",\"item\":\"https:\/\/kengmingcn.com\/?page_id=27131\"},{\"@type\":\"ListItem\",\"position\":3,\"name\":\"Full Automatic 220kg Milk Snow Ice Machine Commercial Snowflake Bingsu Ice Machine Water-Cooling XHJ128 With CE\"}]},{\"@type\":\"WebSite\",\"@id\":\"https:\/\/kengmingcn.com\/#website\",\"url\":\"https:\/\/kengmingcn.com\/\",\"name\":\"Kitchen Equipment\",\"description\":\"KengMing is a professional commercial kitchen equipment manufacturer and wholesale supplier, offering cooking, food prep and bakery equipment with OEM &amp; ODM service for global distributors.\",\"publisher\":{\"@id\":\"https:\/\/kengmingcn.com\/#organization\"},\"potentialAction\":[{\"@type\":\"SearchAction\",\"target\":{\"@type\":\"EntryPoint\",\"urlTemplate\":\"https:\/\/kengmingcn.com\/?s={search_term_string}\"},\"query-input\":{\"@type\":\"PropertyValueSpecification\",\"valueRequired\":true,\"valueName\":\"search_term_string\"}}],\"inLanguage\":\"fr-FR\"},{\"@type\":\"Organization\",\"@id\":\"https:\/\/kengmingcn.com\/#organization\",\"name\":\"GuangZhou KengMing\",\"url\":\"https:\/\/kengmingcn.com\/\",\"logo\":{\"@type\":\"ImageObject\",\"inLanguage\":\"fr-FR\",\"@id\":\"https:\/\/kengmingcn.com\/#\/schema\/logo\/image\/\",\"url\":\"https:\/\/kengmingcn.com\/wp-content\/uploads\/2025\/04\/cropped-1744508604969-removebg-preview.png\",\"contentUrl\":\"https:\/\/kengmingcn.com\/wp-content\/uploads\/2025\/04\/cropped-1744508604969-removebg-preview.png\",\"width\":512,\"height\":512,\"caption\":\"GuangZhou KengMing\"},\"image\":{\"@id\":\"https:\/\/kengmingcn.com\/#\/schema\/logo\/image\/\"}}]}<\/script>\n<meta property=\"product:price:amount\" content=\"0.00\" \/>\n<meta property=\"product:price:currency\" content=\"USD\" \/>\n<meta property=\"og:availability\" content=\"instock\" \/>\n<meta property=\"product:availability\" content=\"instock\" \/>\n<meta property=\"product:condition\" content=\"new\" \/>\n<!-- \/ Yoast SEO Premium plugin. -->","yoast_head_json":{"title":"XHJ128 220kg machine \u00e0 glace pour flocons de neige refroidie \u00e0 l'eau","description":"Machine \u00e0 glace automatique de 220 kg pour le lait Machine \u00e0 glace commerciale pour le flocon de neige Bingsu Refroidissement par eau XHJ128 avec CE","robots":{"index":"index","follow":"follow","max-snippet":"max-snippet:-1","max-image-preview":"max-image-preview:large","max-video-preview":"max-video-preview:-1"},"canonical":"https:\/\/kengmingcn.com\/fr\/product\/machine-a-glace-au-lait-220kg-entierement-automatique-machine-a-glace-bingsu-a-flocon-de-neige-commerciale-machine-a-glace-a-leau-xhj128-avec-ce\/","og_locale":"fr_FR","og_type":"article","og_title":"Full Automatic 220kg Milk Snow Ice Machine Commercial Snowflake Bingsu Ice Machine Water-Cooling XHJ128 With CE","og_description":"Full Automatic 220kg Milk Snow Ice Machine Commercial Snowflake Bingsu Ice Machine Water-CoolingXHJ128 With CE","og_url":"https:\/\/kengmingcn.com\/fr\/product\/machine-a-glace-au-lait-220kg-entierement-automatique-machine-a-glace-bingsu-a-flocon-de-neige-commerciale-machine-a-glace-a-leau-xhj128-avec-ce\/","og_site_name":"KengMing | Manufacturer of Commercial Kitchen Equipment","article_modified_time":"2026-02-10T08:37:17+00:00","og_image":[{"width":800,"height":800,"url":"https:\/\/kengmingcn.com\/wp-content\/uploads\/2026\/01\/XHJ128_1_11zon.webp","type":"image\/webp"}],"twitter_card":"summary_large_image","twitter_misc":{"Prix":"","Disponibilit\u00e9":"En stock"},"schema":{"@context":"https:\/\/schema.org","@graph":[{"@type":"WebPage","@id":"https:\/\/kengmingcn.com\/es\/product\/totalmente-automatico-220kg-leche-nieve-maquina-de-hielo-comercial-copo-de-nieve-bingsu-maquina-de-hielo-de-refrigeracion-por-aguaxhj128-con-ce\/","url":"https:\/\/kengmingcn.com\/es\/product\/totalmente-automatico-220kg-leche-nieve-maquina-de-hielo-comercial-copo-de-nieve-bingsu-maquina-de-hielo-de-refrigeracion-por-aguaxhj128-con-ce\/","name":"XHJ128 220kg machine \u00e0 glace pour flocons de neige refroidie \u00e0 l'eau","isPartOf":{"@id":"https:\/\/kengmingcn.com\/#website"},"primaryImageOfPage":{"@id":"https:\/\/kengmingcn.com\/es\/product\/totalmente-automatico-220kg-leche-nieve-maquina-de-hielo-comercial-copo-de-nieve-bingsu-maquina-de-hielo-de-refrigeracion-por-aguaxhj128-con-ce\/#primaryimage"},"image":{"@id":"https:\/\/kengmingcn.com\/es\/product\/totalmente-automatico-220kg-leche-nieve-maquina-de-hielo-comercial-copo-de-nieve-bingsu-maquina-de-hielo-de-refrigeracion-por-aguaxhj128-con-ce\/#primaryimage"},"thumbnailUrl":"https:\/\/kengmingcn.com\/wp-content\/uploads\/2026\/01\/XHJ128_1_11zon.webp","datePublished":"2026-02-10T08:31:39+00:00","dateModified":"2026-02-10T08:37:17+00:00","description":"Machine \u00e0 glace automatique de 220 kg pour le lait Machine \u00e0 glace commerciale pour le flocon de neige Bingsu Refroidissement par eau XHJ128 avec CE","breadcrumb":{"@id":"https:\/\/kengmingcn.com\/es\/product\/totalmente-automatico-220kg-leche-nieve-maquina-de-hielo-comercial-copo-de-nieve-bingsu-maquina-de-hielo-de-refrigeracion-por-aguaxhj128-con-ce\/#breadcrumb"},"inLanguage":"fr-FR","potentialAction":[{"@type":"ReadAction","target":["https:\/\/kengmingcn.com\/es\/product\/totalmente-automatico-220kg-leche-nieve-maquina-de-hielo-comercial-copo-de-nieve-bingsu-maquina-de-hielo-de-refrigeracion-por-aguaxhj128-con-ce\/"]}]},{"@type":"ImageObject","inLanguage":"fr-FR","@id":"https:\/\/kengmingcn.com\/es\/product\/totalmente-automatico-220kg-leche-nieve-maquina-de-hielo-comercial-copo-de-nieve-bingsu-maquina-de-hielo-de-refrigeracion-por-aguaxhj128-con-ce\/#primaryimage","url":"https:\/\/kengmingcn.com\/wp-content\/uploads\/2026\/01\/XHJ128_1_11zon.webp","contentUrl":"https:\/\/kengmingcn.com\/wp-content\/uploads\/2026\/01\/XHJ128_1_11zon.webp","width":800,"height":800,"caption":"XHJ128 220kg\/24h bingsu machine water cooling with ce"},{"@type":"BreadcrumbList","@id":"https:\/\/kengmingcn.com\/es\/product\/totalmente-automatico-220kg-leche-nieve-maquina-de-hielo-comercial-copo-de-nieve-bingsu-maquina-de-hielo-de-refrigeracion-por-aguaxhj128-con-ce\/#breadcrumb","itemListElement":[{"@type":"ListItem","position":1,"name":"Home","item":"https:\/\/kengmingcn.com\/"},{"@type":"ListItem","position":2,"name":"Catalogue","item":"https:\/\/kengmingcn.com\/?page_id=27131"},{"@type":"ListItem","position":3,"name":"Full Automatic 220kg Milk Snow Ice Machine Commercial Snowflake Bingsu Ice Machine Water-Cooling XHJ128 With CE"}]},{"@type":"WebSite","@id":"https:\/\/kengmingcn.com\/#website","url":"https:\/\/kengmingcn.com\/","name":"\u00c9quipement de cuisine","description":"KengMing est un fabricant professionnel d'\u00e9quipements de cuisine commerciale et un fournisseur en gros, proposant des \u00e9quipements de cuisine, de pr\u00e9paration des aliments et de boulangerie avec un service OEM et ODM pour les distributeurs mondiaux.","publisher":{"@id":"https:\/\/kengmingcn.com\/#organization"},"potentialAction":[{"@type":"SearchAction","target":{"@type":"EntryPoint","urlTemplate":"https:\/\/kengmingcn.com\/?s={search_term_string}"},"query-input":{"@type":"PropertyValueSpecification","valueRequired":true,"valueName":"search_term_string"}}],"inLanguage":"fr-FR"},{"@type":"Organization","@id":"https:\/\/kengmingcn.com\/#organization","name":"GuangZhou KengMing","url":"https:\/\/kengmingcn.com\/","logo":{"@type":"ImageObject","inLanguage":"fr-FR","@id":"https:\/\/kengmingcn.com\/#\/schema\/logo\/image\/","url":"https:\/\/kengmingcn.com\/wp-content\/uploads\/2025\/04\/cropped-1744508604969-removebg-preview.png","contentUrl":"https:\/\/kengmingcn.com\/wp-content\/uploads\/2025\/04\/cropped-1744508604969-removebg-preview.png","width":512,"height":512,"caption":"GuangZhou KengMing"},"image":{"@id":"https:\/\/kengmingcn.com\/#\/schema\/logo\/image\/"}}]},"product_price_amount":"0.00","product_price_currency":"USD","og_availability":"instock","product_availability":"instock","product_condition":"new"},"_links":{"self":[{"href":"https:\/\/kengmingcn.com\/fr\/wp-json\/wp\/v2\/product\/53195","targetHints":{"allow":["GET"]}}],"collection":[{"href":"https:\/\/kengmingcn.com\/fr\/wp-json\/wp\/v2\/product"}],"about":[{"href":"https:\/\/kengmingcn.com\/fr\/wp-json\/wp\/v2\/types\/product"}],"replies":[{"embeddable":true,"href":"https:\/\/kengmingcn.com\/fr\/wp-json\/wp\/v2\/comments?post=53195"}],"wp:featuredmedia":[{"embeddable":true,"href":"https:\/\/kengmingcn.com\/fr\/wp-json\/wp\/v2\/media\/53028"}],"wp:attachment":[{"href":"https:\/\/kengmingcn.com\/fr\/wp-json\/wp\/v2\/media?parent=53195"}],"wp:term":[{"taxonomy":"product_brand","embeddable":true,"href":"https:\/\/kengmingcn.com\/fr\/wp-json\/wp\/v2\/product_brand?post=53195"},{"taxonomy":"product_cat","embeddable":true,"href":"https:\/\/kengmingcn.com\/fr\/wp-json\/wp\/v2\/product_cat?post=53195"},{"taxonomy":"product_tag","embeddable":true,"href":"https:\/\/kengmingcn.com\/fr\/wp-json\/wp\/v2\/product_tag?post=53195"}],"curies":[{"name":"wp","href":"https:\/\/api.w.org\/{rel}","templated":true}]}}