{"id":51872,"date":"2025-07-25T09:50:47","date_gmt":"2025-07-25T01:50:47","guid":{"rendered":"https:\/\/kengmingcn.com\/?post_type=product&#038;p=51872"},"modified":"2025-12-26T13:31:37","modified_gmt":"2025-12-26T05:31:37","slug":"16-18l-h-machine-a-glace-molle-de-table-jm-n16e","status":"publish","type":"product","link":"https:\/\/kengmingcn.com\/fr\/product\/16-18l-h-machine-a-glace-molle-de-table-jm-n16e\/","title":{"rendered":"Machine \u00e0 cr\u00e8me glac\u00e9e de table 16-18L\/H JM-N16E"},"content":{"rendered":"<h3 class=\"wp-block-heading\" id=\"h-description\">Description<\/h3>\n\n\n\n<p>Le <strong>JM-N16E Mini machine \u00e0 glace molle<\/strong> est une unit\u00e9 commerciale compacte, \u00e0 ar\u00f4me unique, con\u00e7ue pour les petites entreprises et les applications de soft serve d'entr\u00e9e de gamme. Avec une capacit\u00e9 de production de <strong>16-18 litres par heure<\/strong> et un design de table peu encombrant, il est id\u00e9al pour les caf\u00e9s, les kiosques, les comptoirs de desserts et les installations de restauration mobile. Aliment\u00e9 par un <strong>Syst\u00e8me de 1000W<\/strong> et disponible en <strong>trois options de couleurs d'aspect<\/strong>, Le JM-N16E allie performances pratiques et souplesse de pr\u00e9sentation.<\/p>\n\n\n\n<div style=\"height:30px\" aria-hidden=\"true\" class=\"wp-block-spacer\"><\/div>\n\n\n\n<figure class=\"wp-block-table is-style-stripes\"><table><thead><tr><th>Mod\u00e8le<\/th><th>JM-N16E<\/th><\/tr><\/thead><tbody><tr><td>Taille de la machine<\/td><td>220*660*720mm<\/td><\/tr><tr><td>Puissance<\/td><td>1kw<\/td><\/tr><tr><td>Sortie<\/td><td>18L\/H<\/td><\/tr><tr><td>Frappez plusieurs fois le chiffre 66g<\/td><td>16-18 fois<\/td><\/tr><tr><td>Capacit\u00e9 du r\u00e9servoir de cong\u00e9lation<\/td><td>1.5L<\/td><\/tr><tr><td>Capacit\u00e9 du r\u00e9servoir de mat\u00e9riaux<\/td><td>6L<\/td><\/tr><tr><td>Puissance du compresseur<\/td><td>1HP<\/td><\/tr><tr><td>R\u00e9frig\u00e9rant<\/td><td>R404a<\/td><\/tr><tr><td>Premier temps de moulage \/ Deuxi\u00e8me temps de moulage<\/td><td>17 minutes \/ 6 minutes<\/td><\/tr><tr><td>Poids<\/td><td>50 kg<\/td><\/tr><tr><td>Nombre de compresseurs<\/td><td>Unique<\/td><\/tr><\/tbody><\/table><\/figure>\n\n\n\n<div style=\"height:30px\" aria-hidden=\"true\" class=\"wp-block-spacer\"><\/div>\n\n\n\n<div class=\"wp-block-columns is-layout-flex wp-container-core-columns-is-layout-9d6595d7 wp-block-columns-is-layout-flex dt-cr-1\">\n<div class=\"wp-block-column is-layout-flow wp-block-column-is-layout-flow\">\n<h3 class=\"wp-block-heading has-medium-font-size\" id=\"h-stable-16-18l-h-output-for-small-scale-commercial-use\">Rendement stable de 16-18L\/H pour une utilisation commerciale \u00e0 petite \u00e9chelle<\/h3>\n\n\n\n<p>Le JM-N16E fournit une <strong>Sortie 16-18L\/H<\/strong>, Il convient aux lieux o\u00f9 la demande est faible \u00e0 mod\u00e9r\u00e9e. Il permet une distribution continue pendant les heures de service quotidiennes tout en maintenant une texture stable et une extrusion r\u00e9guli\u00e8re, ce qui en fait une solution fiable pour les petits magasins et les op\u00e9rations d'essai.<\/p>\n<\/div>\n\n\n\n<div class=\"wp-block-column is-layout-flow wp-block-column-is-layout-flow\">\n<h3 class=\"wp-block-heading has-medium-font-size\" id=\"h-single-hopper-and-cylinder-for-simplified-operation\"><strong>Une seule tr\u00e9mie et un seul v\u00e9rin pour un fonctionnement simplifi\u00e9<\/strong><\/h3>\n\n\n\n<p>\u00c9quip\u00e9 d'un <strong>Tr\u00e9mie de m\u00e9lange de 6L<\/strong> et un <strong>Cylindre de cong\u00e9lation 1.5L<\/strong>, Cette configuration \u00e0 une seule t\u00eate simplifie les op\u00e9rations et r\u00e9duit la gestion des ingr\u00e9dients. Elle convient particuli\u00e8rement aux op\u00e9rateurs qui se concentrent sur une saveur principale ou sur des offres saisonni\u00e8res en rotation, sans avoir \u00e0 proc\u00e9der \u00e0 des ajustements complexes du syst\u00e8me.<\/p>\n<\/div>\n<\/div>\n\n\n\n<div style=\"height:30px\" aria-hidden=\"true\" class=\"wp-block-spacer\"><\/div>\n\n\n\n<div class=\"wp-block-columns is-layout-flex wp-container-core-columns-is-layout-9d6595d7 wp-block-columns-is-layout-flex dt-cr-2\">\n<div class=\"wp-block-column is-layout-flow wp-block-column-is-layout-flow\">\n<h3 class=\"wp-block-heading has-medium-font-size\" id=\"h-compact-tabletop-design-for-limited-spaces\"><strong>Conception compacte de la table pour les espaces limit\u00e9s<\/strong><\/h3>\n\n\n\n<p>Avec un encombrement r\u00e9duit de <strong>220 \u00d7 660 \u00d7 720 mm<\/strong>, Le JM-N16E s'installe facilement sur les comptoirs et les tables de travail. Sa structure compacte en fait un produit id\u00e9al pour les magasins disposant d'un espace limit\u00e9, les sites d'implantation et les installations de restauration mobiles, tout en offrant de v\u00e9ritables performances commerciales en mati\u00e8re de restauration rapide.<\/p>\n<\/div>\n\n\n\n<div class=\"wp-block-column is-layout-flow wp-block-column-is-layout-flow\">\n<h3 class=\"wp-block-heading has-medium-font-size\" id=\"h-energy-efficient-air-cooling-system\"><strong>Syst\u00e8me de refroidissement de l'air \u00e0 haute efficacit\u00e9 \u00e9nerg\u00e9tique<\/strong><\/h3>\n\n\n\n<p>La machine utilise un <strong>m\u00e9thode de condensation par refroidissement \u00e0 l'air<\/strong> combin\u00e9e avec <strong>R\u00e9frig\u00e9rant R404a<\/strong>, Le syst\u00e8me de refroidissement de l'eau de pluie est un syst\u00e8me de refroidissement fiable qui ne n\u00e9cessite pas de raccordements \u00e0 l'eau. Les <strong>Syst\u00e8me d'alimentation de 1000W<\/strong> \u00e9quilibre efficacit\u00e9 \u00e9nerg\u00e9tique et performance, contribuant ainsi \u00e0 r\u00e9duire les co\u00fbts d'exploitation des petites entreprises.<\/p>\n<\/div>\n<\/div>\n\n\n\n<div style=\"height:30px\" aria-hidden=\"true\" class=\"wp-block-spacer\"><\/div>\n\n\n\n<div class=\"wp-block-columns is-layout-flex wp-container-core-columns-is-layout-9d6595d7 wp-block-columns-is-layout-flex dt-cr-3\">\n<div class=\"wp-block-column is-layout-flow wp-block-column-is-layout-flow\">\n<h3 class=\"wp-block-heading has-medium-font-size\" id=\"h-more-detail\">Plus de d\u00e9tails<\/h3>\n\n\n\n<figure class=\"wp-block-gallery has-nested-images columns-2 is-cropped wp-block-gallery-1 is-layout-flex wp-block-gallery-is-layout-flex\">\n<figure data-wp-context=\"{&quot;imageId&quot;:&quot;69d2b325a68e4&quot;}\" data-wp-interactive=\"core\/image\" class=\"wp-block-image size-full wp-lightbox-container\"><img decoding=\"async\" width=\"800\" height=\"800\" data-wp-class--hide=\"state.isContentHidden\" data-wp-class--show=\"state.isContentVisible\" data-wp-init=\"callbacks.setButtonStyles\" data-wp-on-async--click=\"actions.showLightbox\" data-wp-on-async--load=\"callbacks.setButtonStyles\" data-wp-on-async-window--resize=\"callbacks.setButtonStyles\" data-id=\"51874\" src=\"https:\/\/kengmingcn.com\/wp-content\/uploads\/2025\/07\/JM-N16E.webp\" alt=\"JM-S16E Machine \u00e0 glace\" class=\"wp-image-51874\" srcset=\"https:\/\/kengmingcn.com\/wp-content\/uploads\/2025\/07\/JM-N16E.webp 800w, https:\/\/kengmingcn.com\/wp-content\/uploads\/2025\/07\/JM-N16E-300x300.webp 300w, https:\/\/kengmingcn.com\/wp-content\/uploads\/2025\/07\/JM-N16E-150x150.webp 150w, https:\/\/kengmingcn.com\/wp-content\/uploads\/2025\/07\/JM-N16E-768x768.webp 768w, https:\/\/kengmingcn.com\/wp-content\/uploads\/2025\/07\/JM-N16E-200x200.webp 200w\" sizes=\"(max-width: 800px) 100vw, 800px\" \/><button\n\t\t\tclass=\"lightbox-trigger\"\n\t\t\ttype=\"button\"\n\t\t\taria-haspopup=\"dialog\"\n\t\t\taria-label=\"Agrandir\"\n\t\t\tdata-wp-init=\"callbacks.initTriggerButton\"\n\t\t\tdata-wp-on-async--click=\"actions.showLightbox\"\n\t\t\tdata-wp-style--right=\"state.imageButtonRight\"\n\t\t\tdata-wp-style--top=\"state.imageButtonTop\"\n\t\t>\n\t\t\t<svg xmlns=\"http:\/\/www.w3.org\/2000\/svg\" width=\"12\" height=\"12\" fill=\"none\" viewbox=\"0 0 12 12\">\n\t\t\t\t<path fill=\"#fff\" d=\"M2 0a2 2 0 0 0-2 2v2h1.5V2a.5.5 0 0 1 .5-.5h2V0H2Zm2 10.5H2a.5.5 0 0 1-.5-.5V8H0v2a2 2 0 0 0 2 2h2v-1.5ZM8 12v-1.5h2a.5.5 0 0 0 .5-.5V8H12v2a2 2 0 0 1-2 2H8Zm2-12a2 2 0 0 1 2 2v2h-1.5V2a.5.5 0 0 0-.5-.5H8V0h2Z\" \/>\n\t\t\t<\/svg>\n\t\t<\/button><\/figure>\n\n\n\n<figure data-wp-context=\"{&quot;imageId&quot;:&quot;69d2b325a6be9&quot;}\" data-wp-interactive=\"core\/image\" class=\"wp-block-image size-large wp-lightbox-container\"><img decoding=\"async\" width=\"1024\" height=\"683\" data-wp-class--hide=\"state.isContentHidden\" data-wp-class--show=\"state.isContentVisible\" data-wp-init=\"callbacks.setButtonStyles\" data-wp-on-async--click=\"actions.showLightbox\" data-wp-on-async--load=\"callbacks.setButtonStyles\" data-wp-on-async-window--resize=\"callbacks.setButtonStyles\" data-id=\"51882\" src=\"https:\/\/kengmingcn.com\/wp-content\/uploads\/2025\/07\/JM-N16E-8-1024x683.webp\" alt=\"\" class=\"wp-image-51882\" srcset=\"https:\/\/kengmingcn.com\/wp-content\/uploads\/2025\/07\/JM-N16E-8-1024x683.webp 1024w, https:\/\/kengmingcn.com\/wp-content\/uploads\/2025\/07\/JM-N16E-8-300x200.webp 300w, https:\/\/kengmingcn.com\/wp-content\/uploads\/2025\/07\/JM-N16E-8-768x512.webp 768w, https:\/\/kengmingcn.com\/wp-content\/uploads\/2025\/07\/JM-N16E-8-1536x1024.webp 1536w, https:\/\/kengmingcn.com\/wp-content\/uploads\/2025\/07\/JM-N16E-8-2048x1365.webp 2048w, https:\/\/kengmingcn.com\/wp-content\/uploads\/2025\/07\/JM-N16E-8-1200x800.webp 1200w\" sizes=\"(max-width: 1024px) 100vw, 1024px\" \/><button\n\t\t\tclass=\"lightbox-trigger\"\n\t\t\ttype=\"button\"\n\t\t\taria-haspopup=\"dialog\"\n\t\t\taria-label=\"Agrandir\"\n\t\t\tdata-wp-init=\"callbacks.initTriggerButton\"\n\t\t\tdata-wp-on-async--click=\"actions.showLightbox\"\n\t\t\tdata-wp-style--right=\"state.imageButtonRight\"\n\t\t\tdata-wp-style--top=\"state.imageButtonTop\"\n\t\t>\n\t\t\t<svg xmlns=\"http:\/\/www.w3.org\/2000\/svg\" width=\"12\" height=\"12\" fill=\"none\" viewbox=\"0 0 12 12\">\n\t\t\t\t<path fill=\"#fff\" d=\"M2 0a2 2 0 0 0-2 2v2h1.5V2a.5.5 0 0 1 .5-.5h2V0H2Zm2 10.5H2a.5.5 0 0 1-.5-.5V8H0v2a2 2 0 0 0 2 2h2v-1.5ZM8 12v-1.5h2a.5.5 0 0 0 .5-.5V8H12v2a2 2 0 0 1-2 2H8Zm2-12a2 2 0 0 1 2 2v2h-1.5V2a.5.5 0 0 0-.5-.5H8V0h2Z\" \/>\n\t\t\t<\/svg>\n\t\t<\/button><\/figure>\n\n\n\n<figure data-wp-context=\"{&quot;imageId&quot;:&quot;69d2b325a6ead&quot;}\" data-wp-interactive=\"core\/image\" class=\"wp-block-image size-large wp-lightbox-container\"><img decoding=\"async\" width=\"1024\" height=\"683\" data-wp-class--hide=\"state.isContentHidden\" data-wp-class--show=\"state.isContentVisible\" data-wp-init=\"callbacks.setButtonStyles\" data-wp-on-async--click=\"actions.showLightbox\" data-wp-on-async--load=\"callbacks.setButtonStyles\" data-wp-on-async-window--resize=\"callbacks.setButtonStyles\" data-id=\"51881\" src=\"https:\/\/kengmingcn.com\/wp-content\/uploads\/2025\/07\/JM-N16E-7-1024x683.webp\" alt=\"\" class=\"wp-image-51881\" srcset=\"https:\/\/kengmingcn.com\/wp-content\/uploads\/2025\/07\/JM-N16E-7-1024x683.webp 1024w, https:\/\/kengmingcn.com\/wp-content\/uploads\/2025\/07\/JM-N16E-7-300x200.webp 300w, https:\/\/kengmingcn.com\/wp-content\/uploads\/2025\/07\/JM-N16E-7-768x512.webp 768w, https:\/\/kengmingcn.com\/wp-content\/uploads\/2025\/07\/JM-N16E-7-1536x1024.webp 1536w, https:\/\/kengmingcn.com\/wp-content\/uploads\/2025\/07\/JM-N16E-7-2048x1365.webp 2048w, https:\/\/kengmingcn.com\/wp-content\/uploads\/2025\/07\/JM-N16E-7-1200x800.webp 1200w\" sizes=\"(max-width: 1024px) 100vw, 1024px\" \/><button\n\t\t\tclass=\"lightbox-trigger\"\n\t\t\ttype=\"button\"\n\t\t\taria-haspopup=\"dialog\"\n\t\t\taria-label=\"Agrandir\"\n\t\t\tdata-wp-init=\"callbacks.initTriggerButton\"\n\t\t\tdata-wp-on-async--click=\"actions.showLightbox\"\n\t\t\tdata-wp-style--right=\"state.imageButtonRight\"\n\t\t\tdata-wp-style--top=\"state.imageButtonTop\"\n\t\t>\n\t\t\t<svg xmlns=\"http:\/\/www.w3.org\/2000\/svg\" width=\"12\" height=\"12\" fill=\"none\" viewbox=\"0 0 12 12\">\n\t\t\t\t<path fill=\"#fff\" d=\"M2 0a2 2 0 0 0-2 2v2h1.5V2a.5.5 0 0 1 .5-.5h2V0H2Zm2 10.5H2a.5.5 0 0 1-.5-.5V8H0v2a2 2 0 0 0 2 2h2v-1.5ZM8 12v-1.5h2a.5.5 0 0 0 .5-.5V8H12v2a2 2 0 0 1-2 2H8Zm2-12a2 2 0 0 1 2 2v2h-1.5V2a.5.5 0 0 0-.5-.5H8V0h2Z\" \/>\n\t\t\t<\/svg>\n\t\t<\/button><\/figure>\n\n\n\n<figure data-wp-context=\"{&quot;imageId&quot;:&quot;69d2b325a717a&quot;}\" data-wp-interactive=\"core\/image\" class=\"wp-block-image size-large wp-lightbox-container\"><img decoding=\"async\" width=\"1024\" height=\"683\" data-wp-class--hide=\"state.isContentHidden\" data-wp-class--show=\"state.isContentVisible\" data-wp-init=\"callbacks.setButtonStyles\" data-wp-on-async--click=\"actions.showLightbox\" data-wp-on-async--load=\"callbacks.setButtonStyles\" data-wp-on-async-window--resize=\"callbacks.setButtonStyles\" data-id=\"51880\" src=\"https:\/\/kengmingcn.com\/wp-content\/uploads\/2025\/07\/JM-N16E-2-1024x683.webp\" alt=\"\" class=\"wp-image-51880\" srcset=\"https:\/\/kengmingcn.com\/wp-content\/uploads\/2025\/07\/JM-N16E-2-1024x683.webp 1024w, https:\/\/kengmingcn.com\/wp-content\/uploads\/2025\/07\/JM-N16E-2-300x200.webp 300w, https:\/\/kengmingcn.com\/wp-content\/uploads\/2025\/07\/JM-N16E-2-768x512.webp 768w, https:\/\/kengmingcn.com\/wp-content\/uploads\/2025\/07\/JM-N16E-2-1536x1024.webp 1536w, https:\/\/kengmingcn.com\/wp-content\/uploads\/2025\/07\/JM-N16E-2-2048x1365.webp 2048w, https:\/\/kengmingcn.com\/wp-content\/uploads\/2025\/07\/JM-N16E-2-1200x800.webp 1200w\" sizes=\"(max-width: 1024px) 100vw, 1024px\" \/><button\n\t\t\tclass=\"lightbox-trigger\"\n\t\t\ttype=\"button\"\n\t\t\taria-haspopup=\"dialog\"\n\t\t\taria-label=\"Agrandir\"\n\t\t\tdata-wp-init=\"callbacks.initTriggerButton\"\n\t\t\tdata-wp-on-async--click=\"actions.showLightbox\"\n\t\t\tdata-wp-style--right=\"state.imageButtonRight\"\n\t\t\tdata-wp-style--top=\"state.imageButtonTop\"\n\t\t>\n\t\t\t<svg xmlns=\"http:\/\/www.w3.org\/2000\/svg\" width=\"12\" height=\"12\" fill=\"none\" viewbox=\"0 0 12 12\">\n\t\t\t\t<path fill=\"#fff\" d=\"M2 0a2 2 0 0 0-2 2v2h1.5V2a.5.5 0 0 1 .5-.5h2V0H2Zm2 10.5H2a.5.5 0 0 1-.5-.5V8H0v2a2 2 0 0 0 2 2h2v-1.5ZM8 12v-1.5h2a.5.5 0 0 0 .5-.5V8H12v2a2 2 0 0 1-2 2H8Zm2-12a2 2 0 0 1 2 2v2h-1.5V2a.5.5 0 0 0-.5-.5H8V0h2Z\" \/>\n\t\t\t<\/svg>\n\t\t<\/button><\/figure>\n<\/figure>\n<\/div>\n<\/div>\n\n\n\n<div class=\"wp-block-columns is-layout-flex wp-container-core-columns-is-layout-9d6595d7 wp-block-columns-is-layout-flex dt-cr-4\">\n<div class=\"wp-block-column is-layout-flow wp-block-column-is-layout-flow\">\n<div style=\"height:30px\" aria-hidden=\"true\" class=\"wp-block-spacer\"><\/div>\n\n\n\n<div style=\"height:30px\" aria-hidden=\"true\" class=\"wp-block-spacer\"><\/div>\n\n\n\n<h3 class=\"wp-block-heading\" id=\"h-why-choose-us\">Pourquoi nous choisir ?<\/h3>\n\n\n\n<p>Le <strong>JM-N16E Mini machine \u00e0 glace molle \u00e0 une t\u00eate<\/strong> offre une taille compacte, des performances stables et un fonctionnement facile dans un design visuellement flexible. Id\u00e9ale pour les petites salles commerciales et les applications d'entr\u00e9e de gamme, elle constitue une solution pratique et rentable pour les entreprises et les distributeurs B2B \u00e0 la recherche d'une machine \u00e0 glace molle de table fiable.<\/p>\n<\/div>\n<\/div>","protected":false},"excerpt":{"rendered":"<ul>\n<li class=\"ai-optimize-46\">Puissance : 1000W<\/li>\n<li class=\"ai-optimize-47\">Sortie : 16L\/H<\/li>\n<li class=\"ai-optimize-48\">Taille : 220*<em>660*<\/em>720mm<\/li>\n<li class=\"ai-optimize-49\">Tr\u00e9mie de m\u00e9lange : 6L<\/li>\n<li class=\"ai-optimize-50\">Cylindre : 1.5L<\/li>\n<\/ul>","protected":false},"featured_media":51874,"comment_status":"open","ping_status":"closed","template":"","meta":{"_acf_changed":false},"product_brand":[252],"product_cat":[245,275],"product_tag":[],"class_list":{"0":"post-51872","1":"product","2":"type-product","3":"status-publish","4":"has-post-thumbnail","6":"product_brand-juanming","7":"product_cat-ice-cream-machine","8":"product_cat-refrigeration-equipment","9":"description-off","11":"first","12":"instock","13":"shipping-taxable","14":"product-type-simple"},"acf":[],"yoast_head":"<!-- This site is optimized with the Yoast SEO Premium plugin v25.3 (Yoast SEO v26.3) - https:\/\/yoast.com\/wordpress\/plugins\/seo\/ -->\n<title>16-18L\/H Mini Soft Ice Cream Machine JM-N16E<\/title>\n<meta name=\"description\" content=\"Intelligent, puffing, separate outlet; voltage can be customized, common voltage: 220V, 110V, can deliver flowers worldwide\" \/>\n<meta name=\"robots\" content=\"index, follow, max-snippet:-1, max-image-preview:large, max-video-preview:-1\" \/>\n<link rel=\"canonical\" href=\"https:\/\/kengmingcn.com\/fr\/product\/16-18l-h-machine-a-glace-molle-de-table-jm-n16e\/\" \/>\n<meta property=\"og:locale\" content=\"fr_FR\" \/>\n<meta property=\"og:type\" content=\"article\" \/>\n<meta property=\"og:title\" content=\"16-18L\/H Table Soft Ice Cream Machine JM-N16E\" \/>\n<meta property=\"og:description\" content=\"Intelligent, puffing, separate outlet; voltage can be customized, common voltage: 220V, 110V, can deliver flowers worldwide\" \/>\n<meta property=\"og:url\" content=\"https:\/\/kengmingcn.com\/fr\/product\/16-18l-h-machine-a-glace-molle-de-table-jm-n16e\/\" \/>\n<meta property=\"og:site_name\" content=\"KengMing | Manufacturer of Commercial Kitchen Equipment\" \/>\n<meta property=\"article:modified_time\" content=\"2025-12-26T05:31:37+00:00\" \/>\n<meta property=\"og:image\" content=\"https:\/\/kengmingcn.com\/wp-content\/uploads\/2025\/07\/JM-N16E.webp\" \/>\n\t<meta property=\"og:image:width\" content=\"800\" \/>\n\t<meta property=\"og:image:height\" content=\"800\" \/>\n\t<meta property=\"og:image:type\" content=\"image\/webp\" \/>\n<meta name=\"twitter:card\" content=\"summary_large_image\" \/>\n<meta name=\"twitter:label1\" content=\"Prix\" \/>\n\t<meta name=\"twitter:data1\" content=\"\" \/>\n\t<meta name=\"twitter:label2\" content=\"Disponibilit\u00e9\" \/>\n\t<meta name=\"twitter:data2\" content=\"En stock\" \/>\n<script type=\"application\/ld+json\" class=\"yoast-schema-graph\">{\"@context\":\"https:\/\/schema.org\",\"@graph\":[{\"@type\":\"WebPage\",\"@id\":\"https:\/\/kengmingcn.com\/es\/product\/16-18l-h-mesa-suave-maquina-de-helados-jm-n16e\/\",\"url\":\"https:\/\/kengmingcn.com\/es\/product\/16-18l-h-mesa-suave-maquina-de-helados-jm-n16e\/\",\"name\":\"16-18L\/H Mini Soft Ice Cream Machine JM-N16E\",\"isPartOf\":{\"@id\":\"https:\/\/kengmingcn.com\/#website\"},\"primaryImageOfPage\":{\"@id\":\"https:\/\/kengmingcn.com\/es\/product\/16-18l-h-mesa-suave-maquina-de-helados-jm-n16e\/#primaryimage\"},\"image\":{\"@id\":\"https:\/\/kengmingcn.com\/es\/product\/16-18l-h-mesa-suave-maquina-de-helados-jm-n16e\/#primaryimage\"},\"thumbnailUrl\":\"https:\/\/kengmingcn.com\/wp-content\/uploads\/2025\/07\/JM-N16E.webp\",\"datePublished\":\"2025-07-25T01:50:47+00:00\",\"dateModified\":\"2025-12-26T05:31:37+00:00\",\"description\":\"Intelligent, puffing, separate outlet; voltage can be customized, common voltage: 220V, 110V, can deliver flowers worldwide\",\"breadcrumb\":{\"@id\":\"https:\/\/kengmingcn.com\/es\/product\/16-18l-h-mesa-suave-maquina-de-helados-jm-n16e\/#breadcrumb\"},\"inLanguage\":\"fr-FR\",\"potentialAction\":[{\"@type\":\"ReadAction\",\"target\":[\"https:\/\/kengmingcn.com\/es\/product\/16-18l-h-mesa-suave-maquina-de-helados-jm-n16e\/\"]}]},{\"@type\":\"ImageObject\",\"inLanguage\":\"fr-FR\",\"@id\":\"https:\/\/kengmingcn.com\/es\/product\/16-18l-h-mesa-suave-maquina-de-helados-jm-n16e\/#primaryimage\",\"url\":\"https:\/\/kengmingcn.com\/wp-content\/uploads\/2025\/07\/JM-N16E.webp\",\"contentUrl\":\"https:\/\/kengmingcn.com\/wp-content\/uploads\/2025\/07\/JM-N16E.webp\",\"width\":800,\"height\":800,\"caption\":\"JM-S16E Ice cream machine\"},{\"@type\":\"BreadcrumbList\",\"@id\":\"https:\/\/kengmingcn.com\/es\/product\/16-18l-h-mesa-suave-maquina-de-helados-jm-n16e\/#breadcrumb\",\"itemListElement\":[{\"@type\":\"ListItem\",\"position\":1,\"name\":\"Home\",\"item\":\"https:\/\/kengmingcn.com\/\"},{\"@type\":\"ListItem\",\"position\":2,\"name\":\"Catalogue\",\"item\":\"https:\/\/kengmingcn.com\/?page_id=27131\"},{\"@type\":\"ListItem\",\"position\":3,\"name\":\"16-18L\/H Table Soft Ice Cream Machine JM-N16E\"}]},{\"@type\":\"WebSite\",\"@id\":\"https:\/\/kengmingcn.com\/#website\",\"url\":\"https:\/\/kengmingcn.com\/\",\"name\":\"Kitchen Equipment\",\"description\":\"KengMing is a professional commercial kitchen equipment manufacturer and wholesale supplier, offering cooking, food prep and bakery equipment with OEM &amp; ODM service for global distributors.\",\"publisher\":{\"@id\":\"https:\/\/kengmingcn.com\/#organization\"},\"potentialAction\":[{\"@type\":\"SearchAction\",\"target\":{\"@type\":\"EntryPoint\",\"urlTemplate\":\"https:\/\/kengmingcn.com\/?s={search_term_string}\"},\"query-input\":{\"@type\":\"PropertyValueSpecification\",\"valueRequired\":true,\"valueName\":\"search_term_string\"}}],\"inLanguage\":\"fr-FR\"},{\"@type\":\"Organization\",\"@id\":\"https:\/\/kengmingcn.com\/#organization\",\"name\":\"GuangZhou KengMing\",\"url\":\"https:\/\/kengmingcn.com\/\",\"logo\":{\"@type\":\"ImageObject\",\"inLanguage\":\"fr-FR\",\"@id\":\"https:\/\/kengmingcn.com\/#\/schema\/logo\/image\/\",\"url\":\"https:\/\/kengmingcn.com\/wp-content\/uploads\/2025\/04\/cropped-1744508604969-removebg-preview.png\",\"contentUrl\":\"https:\/\/kengmingcn.com\/wp-content\/uploads\/2025\/04\/cropped-1744508604969-removebg-preview.png\",\"width\":512,\"height\":512,\"caption\":\"GuangZhou KengMing\"},\"image\":{\"@id\":\"https:\/\/kengmingcn.com\/#\/schema\/logo\/image\/\"}}]}<\/script>\n<meta property=\"product:price:amount\" content=\"0.00\" \/>\n<meta property=\"product:price:currency\" content=\"USD\" \/>\n<meta property=\"og:availability\" content=\"instock\" \/>\n<meta property=\"product:availability\" content=\"instock\" \/>\n<meta property=\"product:condition\" content=\"new\" \/>\n<!-- \/ Yoast SEO Premium plugin. -->","yoast_head_json":{"title":"16-18L\/H Mini machine \u00e0 cr\u00e8me glac\u00e9e JM-N16E","description":"Intelligent, soufflant, sortie s\u00e9par\u00e9e ; la tension peut \u00eatre personnalis\u00e9e, tension courante : 220V, 110V, peut livrer des fleurs dans le monde entier.","robots":{"index":"index","follow":"follow","max-snippet":"max-snippet:-1","max-image-preview":"max-image-preview:large","max-video-preview":"max-video-preview:-1"},"canonical":"https:\/\/kengmingcn.com\/fr\/product\/16-18l-h-machine-a-glace-molle-de-table-jm-n16e\/","og_locale":"fr_FR","og_type":"article","og_title":"16-18L\/H Table Soft Ice Cream Machine JM-N16E","og_description":"Intelligent, puffing, separate outlet; voltage can be customized, common voltage: 220V, 110V, can deliver flowers worldwide","og_url":"https:\/\/kengmingcn.com\/fr\/product\/16-18l-h-machine-a-glace-molle-de-table-jm-n16e\/","og_site_name":"KengMing | Manufacturer of Commercial Kitchen Equipment","article_modified_time":"2025-12-26T05:31:37+00:00","og_image":[{"width":800,"height":800,"url":"https:\/\/kengmingcn.com\/wp-content\/uploads\/2025\/07\/JM-N16E.webp","type":"image\/webp"}],"twitter_card":"summary_large_image","twitter_misc":{"Prix":"","Disponibilit\u00e9":"En stock"},"schema":{"@context":"https:\/\/schema.org","@graph":[{"@type":"WebPage","@id":"https:\/\/kengmingcn.com\/es\/product\/16-18l-h-mesa-suave-maquina-de-helados-jm-n16e\/","url":"https:\/\/kengmingcn.com\/es\/product\/16-18l-h-mesa-suave-maquina-de-helados-jm-n16e\/","name":"16-18L\/H Mini machine \u00e0 cr\u00e8me glac\u00e9e JM-N16E","isPartOf":{"@id":"https:\/\/kengmingcn.com\/#website"},"primaryImageOfPage":{"@id":"https:\/\/kengmingcn.com\/es\/product\/16-18l-h-mesa-suave-maquina-de-helados-jm-n16e\/#primaryimage"},"image":{"@id":"https:\/\/kengmingcn.com\/es\/product\/16-18l-h-mesa-suave-maquina-de-helados-jm-n16e\/#primaryimage"},"thumbnailUrl":"https:\/\/kengmingcn.com\/wp-content\/uploads\/2025\/07\/JM-N16E.webp","datePublished":"2025-07-25T01:50:47+00:00","dateModified":"2025-12-26T05:31:37+00:00","description":"Intelligent, soufflant, sortie s\u00e9par\u00e9e ; la tension peut \u00eatre personnalis\u00e9e, tension courante : 220V, 110V, peut livrer des fleurs dans le monde entier.","breadcrumb":{"@id":"https:\/\/kengmingcn.com\/es\/product\/16-18l-h-mesa-suave-maquina-de-helados-jm-n16e\/#breadcrumb"},"inLanguage":"fr-FR","potentialAction":[{"@type":"ReadAction","target":["https:\/\/kengmingcn.com\/es\/product\/16-18l-h-mesa-suave-maquina-de-helados-jm-n16e\/"]}]},{"@type":"ImageObject","inLanguage":"fr-FR","@id":"https:\/\/kengmingcn.com\/es\/product\/16-18l-h-mesa-suave-maquina-de-helados-jm-n16e\/#primaryimage","url":"https:\/\/kengmingcn.com\/wp-content\/uploads\/2025\/07\/JM-N16E.webp","contentUrl":"https:\/\/kengmingcn.com\/wp-content\/uploads\/2025\/07\/JM-N16E.webp","width":800,"height":800,"caption":"JM-S16E Ice cream machine"},{"@type":"BreadcrumbList","@id":"https:\/\/kengmingcn.com\/es\/product\/16-18l-h-mesa-suave-maquina-de-helados-jm-n16e\/#breadcrumb","itemListElement":[{"@type":"ListItem","position":1,"name":"Home","item":"https:\/\/kengmingcn.com\/"},{"@type":"ListItem","position":2,"name":"Catalogue","item":"https:\/\/kengmingcn.com\/?page_id=27131"},{"@type":"ListItem","position":3,"name":"16-18L\/H Table Soft Ice Cream Machine JM-N16E"}]},{"@type":"WebSite","@id":"https:\/\/kengmingcn.com\/#website","url":"https:\/\/kengmingcn.com\/","name":"\u00c9quipement de cuisine","description":"KengMing is a professional commercial kitchen equipment manufacturer and wholesale supplier, offering cooking, food prep and bakery equipment with OEM &amp; ODM service for global distributors.","publisher":{"@id":"https:\/\/kengmingcn.com\/#organization"},"potentialAction":[{"@type":"SearchAction","target":{"@type":"EntryPoint","urlTemplate":"https:\/\/kengmingcn.com\/?s={search_term_string}"},"query-input":{"@type":"PropertyValueSpecification","valueRequired":true,"valueName":"search_term_string"}}],"inLanguage":"fr-FR"},{"@type":"Organization","@id":"https:\/\/kengmingcn.com\/#organization","name":"GuangZhou KengMing","url":"https:\/\/kengmingcn.com\/","logo":{"@type":"ImageObject","inLanguage":"fr-FR","@id":"https:\/\/kengmingcn.com\/#\/schema\/logo\/image\/","url":"https:\/\/kengmingcn.com\/wp-content\/uploads\/2025\/04\/cropped-1744508604969-removebg-preview.png","contentUrl":"https:\/\/kengmingcn.com\/wp-content\/uploads\/2025\/04\/cropped-1744508604969-removebg-preview.png","width":512,"height":512,"caption":"GuangZhou KengMing"},"image":{"@id":"https:\/\/kengmingcn.com\/#\/schema\/logo\/image\/"}}]},"product_price_amount":"0.00","product_price_currency":"USD","og_availability":"instock","product_availability":"instock","product_condition":"new"},"_links":{"self":[{"href":"https:\/\/kengmingcn.com\/fr\/wp-json\/wp\/v2\/product\/51872","targetHints":{"allow":["GET"]}}],"collection":[{"href":"https:\/\/kengmingcn.com\/fr\/wp-json\/wp\/v2\/product"}],"about":[{"href":"https:\/\/kengmingcn.com\/fr\/wp-json\/wp\/v2\/types\/product"}],"replies":[{"embeddable":true,"href":"https:\/\/kengmingcn.com\/fr\/wp-json\/wp\/v2\/comments?post=51872"}],"wp:featuredmedia":[{"embeddable":true,"href":"https:\/\/kengmingcn.com\/fr\/wp-json\/wp\/v2\/media\/51874"}],"wp:attachment":[{"href":"https:\/\/kengmingcn.com\/fr\/wp-json\/wp\/v2\/media?parent=51872"}],"wp:term":[{"taxonomy":"product_brand","embeddable":true,"href":"https:\/\/kengmingcn.com\/fr\/wp-json\/wp\/v2\/product_brand?post=51872"},{"taxonomy":"product_cat","embeddable":true,"href":"https:\/\/kengmingcn.com\/fr\/wp-json\/wp\/v2\/product_cat?post=51872"},{"taxonomy":"product_tag","embeddable":true,"href":"https:\/\/kengmingcn.com\/fr\/wp-json\/wp\/v2\/product_tag?post=51872"}],"curies":[{"name":"wp","href":"https:\/\/api.w.org\/{rel}","templated":true}]}}