{"id":51736,"date":"2025-07-09T11:46:33","date_gmt":"2025-07-09T03:46:33","guid":{"rendered":"https:\/\/kengmingcn.com\/?post_type=product&#038;p=51736"},"modified":"2025-12-24T14:47:32","modified_gmt":"2025-12-24T06:47:32","slug":"machine-a-glace-dure-a-une-tete-jmlyb-16","status":"publish","type":"product","link":"https:\/\/kengmingcn.com\/fr\/product\/machine-a-glace-dure-a-une-tete-jmlyb-16\/","title":{"rendered":"Machine \u00e0 glace dure verticale intelligente \u00e0 une t\u00eate JMLYB-16"},"content":{"rendered":"<h3 class=\"wp-block-heading\" id=\"h-description\">Description<\/h3>\n\n\n\n<p>La machine \u00e0 gelato italienne verticale \u00e0 une t\u00eate est une machine \u00e0 glace dure intelligente qui int\u00e8gre la production, la conservation et la vente. Chaque r\u00e9cipient est \u00e9quip\u00e9 d'un syst\u00e8me de production ind\u00e9pendant. Il suffit de verser les ingr\u00e9dients bruts dans le r\u00e9cipient et d'appuyer sur le bouton de d\u00e9marrage pour achever rapidement la production.<\/p>\n\n\n\n<p>Apr\u00e8s la production, la machine passe automatiquement en mode conservation pour assurer la r\u00e9frig\u00e9ration et la fra\u00eecheur \u00e0 long terme de la cr\u00e8me glac\u00e9e.<\/p>\n\n\n\n<div style=\"height:30px\" aria-hidden=\"true\" class=\"wp-block-spacer\"><\/div>\n\n\n\n<figure class=\"wp-block-table is-style-stripes\"><table><thead><tr><th>Mod\u00e8le<\/th><th>JMTYB-16<\/th><\/tr><\/thead><tbody><tr><td>Taille de la machine<\/td><td>55<em>x58x<\/em>110cm<\/td><\/tr><tr><td>Puissance<\/td><td>1kw<\/td><\/tr><tr><td>Sortie<\/td><td>30L\/H<\/td><\/tr><tr><td>Plage de temp\u00e9rature de refroidissement<\/td><td>-25\u2103<\/td><\/tr><tr><td>Mat\u00e9riau de la cuve de m\u00e9lange<\/td><td>304<\/td><\/tr><tr><td>Capacit\u00e9 du r\u00e9servoir de mat\u00e9riaux<\/td><td>6L<\/td><\/tr><tr><td>Puissance du compresseur<\/td><td>1HP<\/td><\/tr><tr><td>Quantit\u00e9 de r\u00e9frig\u00e9rant\/charge (g)<\/td><td>R22\/600g<\/td><\/tr><tr><td>Configuration du mode de l'appareil<\/td><td>Refroidissement, conservation, nettoyage, nuit<\/td><\/tr><tr><td>Taille de l'emballage<\/td><td>59x60x109cm<\/td><\/tr><tr><td>Poids \/ Poids brut<\/td><td>95kg \/ 105kg<\/td><\/tr><tr><td>compresseur<\/td><td>CCGM<\/td><\/tr><\/tbody><\/table><\/figure>\n\n\n\n<div style=\"height:30px\" aria-hidden=\"true\" class=\"wp-block-spacer\"><\/div>\n\n\n\n<div class=\"wp-block-columns is-layout-flex wp-container-core-columns-is-layout-9d6595d7 wp-block-columns-is-layout-flex dt-cr-1\">\n<div class=\"wp-block-column is-layout-flow wp-block-column-is-layout-flow\">\n<h3 class=\"wp-block-heading has-medium-font-size\" id=\"h-impressive-production-capacity\"><strong>Une capacit\u00e9 de production impressionnante<\/strong><\/h3>\n\n\n\n<p>R\u00e9frig\u00e9ration \u00e0 haute efficacit\u00e9, refroidissement par air, le temps de moulage initial est de 25 minutes, et le temps de moulage suivant est de 18 minutes, la capacit\u00e9 de production peut atteindre 10 L\/H.<\/p>\n<\/div>\n\n\n\n<div class=\"wp-block-column is-layout-flow wp-block-column-is-layout-flow\">\n<h3 class=\"wp-block-heading has-medium-font-size\" id=\"h-safe-operating-design\"><strong>Une conception s\u00fbre<\/strong><\/h3>\n\n\n\n<p>En cours d'utilisation, le grattoir s'arr\u00eate automatiquement lorsque le couvercle est ouvert, ce qui \u00e9vite les blessures accidentelles.<\/p>\n<\/div>\n<\/div>\n\n\n\n<div style=\"height:30px\" aria-hidden=\"true\" class=\"wp-block-spacer\"><\/div>\n\n\n\n<div class=\"wp-block-columns is-layout-flex wp-container-core-columns-is-layout-9d6595d7 wp-block-columns-is-layout-flex dt-cr-2\">\n<div class=\"wp-block-column is-layout-flow wp-block-column-is-layout-flow\">\n<h3 class=\"wp-block-heading has-medium-font-size\" id=\"h-independent-vertical-single-head-configuration\"><strong>Configuration verticale ind\u00e9pendante \u00e0 t\u00eate unique<\/strong><\/h3>\n\n\n\n<p>L'\u00e9quipement est dot\u00e9 d'un syst\u00e8me de refroidissement et de m\u00e9lange ind\u00e9pendant \u00e0 trois t\u00eates (r\u00e9servoirs de m\u00e9lange de 6 litres, compresseurs de 1 CV), ce qui permet \u00e0 chaque cylindre de fonctionner simultan\u00e9ment ou ind\u00e9pendamment sans interf\u00e9rence. Il permet la production et la pr\u00e9sentation simultan\u00e9es de plusieurs parfums, ce qui r\u00e9pond aux besoins des magasins ayant des gammes de produits vari\u00e9es. Il est particuli\u00e8rement adapt\u00e9 aux magasins de glaces italiennes, aux cha\u00eenes de magasins de desserts et aux environnements de vente de type \u00e9talage commercial.<\/p>\n<\/div>\n\n\n\n<div class=\"wp-block-column is-layout-flow wp-block-column-is-layout-flow\">\n<h3 class=\"wp-block-heading has-medium-font-size\" id=\"h-dynamic-freezing-amp-texture-control\"><strong>Gel dynamique et contr\u00f4le de la texture<\/strong><\/h3>\n\n\n\n<p>Le JMYLB-16 est dot\u00e9 d'un syst\u00e8me de cong\u00e9lation et de conservation dynamique, capable d'atteindre une temp\u00e9rature de refroidissement minimale de -25\u2103, enfermant efficacement la fra\u00eecheur et la texture de la cr\u00e8me glac\u00e9e. La conception adaptative du racleur anti-givre ajuste automatiquement l'action de raclage en fonction de la duret\u00e9 de la cr\u00e8me glac\u00e9e, emp\u00eachant l'accumulation de glace et l'endommagement du cylindre, tout en garantissant une texture lisse et une densit\u00e9 constante dans le produit fini, am\u00e9liorant ainsi l'homog\u00e9n\u00e9it\u00e9 du produit.<\/p>\n<\/div>\n<\/div>\n\n\n\n<div style=\"height:30px\" aria-hidden=\"true\" class=\"wp-block-spacer\"><\/div>\n\n\n\n<div class=\"wp-block-columns is-layout-flex wp-container-core-columns-is-layout-9d6595d7 wp-block-columns-is-layout-flex dt-cr-3\">\n<div class=\"wp-block-column is-layout-flow wp-block-column-is-layout-flow\">\n<p><\/p>\n\n\n\n<h3 class=\"wp-block-heading has-medium-font-size\" id=\"h-more-detail\">Plus de d\u00e9tails<\/h3>\n\n\n\n<figure class=\"wp-block-gallery has-nested-images columns-2 is-cropped wp-block-gallery-1 is-layout-flex wp-block-gallery-is-layout-flex\">\n<figure data-wp-context=\"{&quot;imageId&quot;:&quot;69d29575d4140&quot;}\" data-wp-interactive=\"core\/image\" class=\"wp-block-image size-large is-style-default wp-lightbox-container\"><img decoding=\"async\" width=\"1024\" height=\"483\" data-wp-class--hide=\"state.isContentHidden\" data-wp-class--show=\"state.isContentVisible\" data-wp-init=\"callbacks.setButtonStyles\" data-wp-on-async--click=\"actions.showLightbox\" data-wp-on-async--load=\"callbacks.setButtonStyles\" data-wp-on-async-window--resize=\"callbacks.setButtonStyles\" data-id=\"52320\" src=\"https:\/\/kengmingcn.com\/wp-content\/uploads\/2025\/07\/3_3_11zon-2-1024x483.webp\" alt=\"Machine \u00e0 g\u00e9latine JMLYB-16\" class=\"wp-image-52320\" srcset=\"https:\/\/kengmingcn.com\/wp-content\/uploads\/2025\/07\/3_3_11zon-2-1024x483.webp 1024w, https:\/\/kengmingcn.com\/wp-content\/uploads\/2025\/07\/3_3_11zon-2-300x142.webp 300w, https:\/\/kengmingcn.com\/wp-content\/uploads\/2025\/07\/3_3_11zon-2-768x362.webp 768w, https:\/\/kengmingcn.com\/wp-content\/uploads\/2025\/07\/3_3_11zon-2-18x8.webp 18w, https:\/\/kengmingcn.com\/wp-content\/uploads\/2025\/07\/3_3_11zon-2.webp 1060w\" sizes=\"(max-width: 1024px) 100vw, 1024px\" \/><button\n\t\t\tclass=\"lightbox-trigger\"\n\t\t\ttype=\"button\"\n\t\t\taria-haspopup=\"dialog\"\n\t\t\taria-label=\"Agrandir\"\n\t\t\tdata-wp-init=\"callbacks.initTriggerButton\"\n\t\t\tdata-wp-on-async--click=\"actions.showLightbox\"\n\t\t\tdata-wp-style--right=\"state.imageButtonRight\"\n\t\t\tdata-wp-style--top=\"state.imageButtonTop\"\n\t\t>\n\t\t\t<svg xmlns=\"http:\/\/www.w3.org\/2000\/svg\" width=\"12\" height=\"12\" fill=\"none\" viewbox=\"0 0 12 12\">\n\t\t\t\t<path fill=\"#fff\" d=\"M2 0a2 2 0 0 0-2 2v2h1.5V2a.5.5 0 0 1 .5-.5h2V0H2Zm2 10.5H2a.5.5 0 0 1-.5-.5V8H0v2a2 2 0 0 0 2 2h2v-1.5ZM8 12v-1.5h2a.5.5 0 0 0 .5-.5V8H12v2a2 2 0 0 1-2 2H8Zm2-12a2 2 0 0 1 2 2v2h-1.5V2a.5.5 0 0 0-.5-.5H8V0h2Z\" \/>\n\t\t\t<\/svg>\n\t\t<\/button><\/figure>\n\n\n\n<figure data-wp-context=\"{&quot;imageId&quot;:&quot;69d29575d448a&quot;}\" data-wp-interactive=\"core\/image\" class=\"wp-block-image size-large wp-lightbox-container\"><img decoding=\"async\" width=\"1024\" height=\"483\" data-wp-class--hide=\"state.isContentHidden\" data-wp-class--show=\"state.isContentVisible\" data-wp-init=\"callbacks.setButtonStyles\" data-wp-on-async--click=\"actions.showLightbox\" data-wp-on-async--load=\"callbacks.setButtonStyles\" data-wp-on-async-window--resize=\"callbacks.setButtonStyles\" data-id=\"52341\" src=\"https:\/\/kengmingcn.com\/wp-content\/uploads\/2025\/11\/4_4_11zon-1024x483.webp\" alt=\"machine \u00e0 gelato\" class=\"wp-image-52341\" srcset=\"https:\/\/kengmingcn.com\/wp-content\/uploads\/2025\/11\/4_4_11zon-1024x483.webp 1024w, https:\/\/kengmingcn.com\/wp-content\/uploads\/2025\/11\/4_4_11zon-300x142.webp 300w, https:\/\/kengmingcn.com\/wp-content\/uploads\/2025\/11\/4_4_11zon-768x362.webp 768w, https:\/\/kengmingcn.com\/wp-content\/uploads\/2025\/11\/4_4_11zon-18x8.webp 18w, https:\/\/kengmingcn.com\/wp-content\/uploads\/2025\/11\/4_4_11zon.webp 1060w\" sizes=\"(max-width: 1024px) 100vw, 1024px\" \/><button\n\t\t\tclass=\"lightbox-trigger\"\n\t\t\ttype=\"button\"\n\t\t\taria-haspopup=\"dialog\"\n\t\t\taria-label=\"Agrandir\"\n\t\t\tdata-wp-init=\"callbacks.initTriggerButton\"\n\t\t\tdata-wp-on-async--click=\"actions.showLightbox\"\n\t\t\tdata-wp-style--right=\"state.imageButtonRight\"\n\t\t\tdata-wp-style--top=\"state.imageButtonTop\"\n\t\t>\n\t\t\t<svg xmlns=\"http:\/\/www.w3.org\/2000\/svg\" width=\"12\" height=\"12\" fill=\"none\" viewbox=\"0 0 12 12\">\n\t\t\t\t<path fill=\"#fff\" d=\"M2 0a2 2 0 0 0-2 2v2h1.5V2a.5.5 0 0 1 .5-.5h2V0H2Zm2 10.5H2a.5.5 0 0 1-.5-.5V8H0v2a2 2 0 0 0 2 2h2v-1.5ZM8 12v-1.5h2a.5.5 0 0 0 .5-.5V8H12v2a2 2 0 0 1-2 2H8Zm2-12a2 2 0 0 1 2 2v2h-1.5V2a.5.5 0 0 0-.5-.5H8V0h2Z\" \/>\n\t\t\t<\/svg>\n\t\t<\/button><\/figure>\n\n\n\n<figure data-wp-context=\"{&quot;imageId&quot;:&quot;69d29575d474a&quot;}\" data-wp-interactive=\"core\/image\" class=\"wp-block-image size-large wp-lightbox-container\"><img decoding=\"async\" width=\"1024\" height=\"483\" data-wp-class--hide=\"state.isContentHidden\" data-wp-class--show=\"state.isContentVisible\" data-wp-init=\"callbacks.setButtonStyles\" data-wp-on-async--click=\"actions.showLightbox\" data-wp-on-async--load=\"callbacks.setButtonStyles\" data-wp-on-async-window--resize=\"callbacks.setButtonStyles\" data-id=\"52318\" src=\"https:\/\/kengmingcn.com\/wp-content\/uploads\/2025\/07\/1_1_11zon-2-1024x483.webp\" alt=\"Machine \u00e0 g\u00e9latine JMLYB-16\" class=\"wp-image-52318\" srcset=\"https:\/\/kengmingcn.com\/wp-content\/uploads\/2025\/07\/1_1_11zon-2-1024x483.webp 1024w, https:\/\/kengmingcn.com\/wp-content\/uploads\/2025\/07\/1_1_11zon-2-300x142.webp 300w, https:\/\/kengmingcn.com\/wp-content\/uploads\/2025\/07\/1_1_11zon-2-768x362.webp 768w, https:\/\/kengmingcn.com\/wp-content\/uploads\/2025\/07\/1_1_11zon-2-18x8.webp 18w, https:\/\/kengmingcn.com\/wp-content\/uploads\/2025\/07\/1_1_11zon-2.webp 1060w\" sizes=\"(max-width: 1024px) 100vw, 1024px\" \/><button\n\t\t\tclass=\"lightbox-trigger\"\n\t\t\ttype=\"button\"\n\t\t\taria-haspopup=\"dialog\"\n\t\t\taria-label=\"Agrandir\"\n\t\t\tdata-wp-init=\"callbacks.initTriggerButton\"\n\t\t\tdata-wp-on-async--click=\"actions.showLightbox\"\n\t\t\tdata-wp-style--right=\"state.imageButtonRight\"\n\t\t\tdata-wp-style--top=\"state.imageButtonTop\"\n\t\t>\n\t\t\t<svg xmlns=\"http:\/\/www.w3.org\/2000\/svg\" width=\"12\" height=\"12\" fill=\"none\" viewbox=\"0 0 12 12\">\n\t\t\t\t<path fill=\"#fff\" d=\"M2 0a2 2 0 0 0-2 2v2h1.5V2a.5.5 0 0 1 .5-.5h2V0H2Zm2 10.5H2a.5.5 0 0 1-.5-.5V8H0v2a2 2 0 0 0 2 2h2v-1.5ZM8 12v-1.5h2a.5.5 0 0 0 .5-.5V8H12v2a2 2 0 0 1-2 2H8Zm2-12a2 2 0 0 1 2 2v2h-1.5V2a.5.5 0 0 0-.5-.5H8V0h2Z\" \/>\n\t\t\t<\/svg>\n\t\t<\/button><\/figure>\n\n\n\n<figure data-wp-context=\"{&quot;imageId&quot;:&quot;69d29575d4a03&quot;}\" data-wp-interactive=\"core\/image\" class=\"wp-block-image size-large wp-lightbox-container\"><img decoding=\"async\" width=\"1024\" height=\"483\" data-wp-class--hide=\"state.isContentHidden\" data-wp-class--show=\"state.isContentVisible\" data-wp-init=\"callbacks.setButtonStyles\" data-wp-on-async--click=\"actions.showLightbox\" data-wp-on-async--load=\"callbacks.setButtonStyles\" data-wp-on-async-window--resize=\"callbacks.setButtonStyles\" data-id=\"52339\" src=\"https:\/\/kengmingcn.com\/wp-content\/uploads\/2025\/11\/2_2_11zon-1024x483.webp\" alt=\"machine \u00e0 gelato\" class=\"wp-image-52339\" srcset=\"https:\/\/kengmingcn.com\/wp-content\/uploads\/2025\/11\/2_2_11zon-1024x483.webp 1024w, https:\/\/kengmingcn.com\/wp-content\/uploads\/2025\/11\/2_2_11zon-300x142.webp 300w, https:\/\/kengmingcn.com\/wp-content\/uploads\/2025\/11\/2_2_11zon-768x362.webp 768w, https:\/\/kengmingcn.com\/wp-content\/uploads\/2025\/11\/2_2_11zon-18x8.webp 18w, https:\/\/kengmingcn.com\/wp-content\/uploads\/2025\/11\/2_2_11zon.webp 1060w\" sizes=\"(max-width: 1024px) 100vw, 1024px\" \/><button\n\t\t\tclass=\"lightbox-trigger\"\n\t\t\ttype=\"button\"\n\t\t\taria-haspopup=\"dialog\"\n\t\t\taria-label=\"Agrandir\"\n\t\t\tdata-wp-init=\"callbacks.initTriggerButton\"\n\t\t\tdata-wp-on-async--click=\"actions.showLightbox\"\n\t\t\tdata-wp-style--right=\"state.imageButtonRight\"\n\t\t\tdata-wp-style--top=\"state.imageButtonTop\"\n\t\t>\n\t\t\t<svg xmlns=\"http:\/\/www.w3.org\/2000\/svg\" width=\"12\" height=\"12\" fill=\"none\" viewbox=\"0 0 12 12\">\n\t\t\t\t<path fill=\"#fff\" d=\"M2 0a2 2 0 0 0-2 2v2h1.5V2a.5.5 0 0 1 .5-.5h2V0H2Zm2 10.5H2a.5.5 0 0 1-.5-.5V8H0v2a2 2 0 0 0 2 2h2v-1.5ZM8 12v-1.5h2a.5.5 0 0 0 .5-.5V8H12v2a2 2 0 0 1-2 2H8Zm2-12a2 2 0 0 1 2 2v2h-1.5V2a.5.5 0 0 0-.5-.5H8V0h2Z\" \/>\n\t\t\t<\/svg>\n\t\t<\/button><\/figure>\n<\/figure>\n<\/div>\n<\/div>\n\n\n\n<div class=\"wp-block-columns is-layout-flex wp-container-core-columns-is-layout-9d6595d7 wp-block-columns-is-layout-flex dt-cr-4\">\n<div class=\"wp-block-column is-layout-flow wp-block-column-is-layout-flow\">\n<div style=\"height:30px\" aria-hidden=\"true\" class=\"wp-block-spacer\"><\/div>\n\n\n\n<h3 class=\"wp-block-heading\" id=\"h-why-choose-us\">Pourquoi nous choisir ?<\/h3>\n\n\n\n<p>En r\u00e9sum\u00e9, la machine \u00e0 glace dure italienne JMYLB-16 est un appareil tr\u00e8s performant con\u00e7u pour le march\u00e9 commercial, qui int\u00e8gre une production intelligente, un fonctionnement ind\u00e9pendant \u00e0 t\u00eates multiples, une cong\u00e9lation et une conservation stables, ainsi qu'une pr\u00e9sentation et une vente sur le devant de l'\u00e9tablissement. Avec une capacit\u00e9 de production \u00e9lev\u00e9e de 10L\/H, une structure fiable et une conception facile \u00e0 entretenir, elle aide les restaurants et les distributeurs \u00e0 am\u00e9liorer l'efficacit\u00e9 op\u00e9rationnelle et la conversion des ventes tout en garantissant une qualit\u00e9 de produit constante. C'est un choix id\u00e9al pour les glaciers italiens, les cha\u00eenes de restaurants et les projets commerciaux.<\/p>\n<\/div>\n<\/div>","protected":false},"excerpt":{"rendered":"<ul>\n<li class=\"ai-optimize-31\">Style : T\u00eate simple, verticale<\/li>\n<li class=\"ai-optimize-32\">Capacit\u00e9 : 6L*1<\/li>\n<li class=\"ai-optimize-33\">Compresseur : 1HP<\/li>\n<\/ul>","protected":false},"featured_media":52314,"comment_status":"open","ping_status":"closed","template":"","meta":{"_acf_changed":false},"product_brand":[],"product_cat":[326,275],"product_tag":[],"class_list":{"0":"post-51736","1":"product","2":"type-product","3":"status-publish","4":"has-post-thumbnail","6":"product_cat-gelato-machine","7":"product_cat-refrigeration-equipment","8":"description-off","10":"first","11":"instock","12":"shipping-taxable","13":"product-type-simple"},"acf":[],"yoast_head":"<!-- This site is optimized with the Yoast SEO Premium plugin v25.3 (Yoast SEO v26.3) - https:\/\/yoast.com\/wordpress\/plugins\/seo\/ -->\n<title>Intelligent vertical single-head hard ice cream machine<\/title>\n<meta name=\"description\" content=\"Intelligent hard ice cream machine, integrating production, preservation and sales. Each material tank has an independent production system.\" \/>\n<meta name=\"robots\" content=\"index, follow, max-snippet:-1, max-image-preview:large, max-video-preview:-1\" \/>\n<link rel=\"canonical\" href=\"https:\/\/kengmingcn.com\/fr\/product\/machine-a-glace-dure-a-une-tete-jmlyb-16\/\" \/>\n<meta property=\"og:locale\" content=\"fr_FR\" \/>\n<meta property=\"og:type\" content=\"article\" \/>\n<meta property=\"og:title\" content=\"Intelligent vertical single-head hard ice cream machine JMLYB-16\" \/>\n<meta property=\"og:description\" content=\"Intelligent hard ice cream machine, integrating production, preservation and sales. Each material tank has an independent production system.\" \/>\n<meta property=\"og:url\" content=\"https:\/\/kengmingcn.com\/fr\/product\/machine-a-glace-dure-a-une-tete-jmlyb-16\/\" \/>\n<meta property=\"og:site_name\" content=\"KengMing | Manufacturer of Commercial Kitchen Equipment\" \/>\n<meta property=\"article:modified_time\" content=\"2025-12-24T06:47:32+00:00\" \/>\n<meta property=\"og:image\" content=\"https:\/\/kengmingcn.com\/wp-content\/uploads\/2025\/07\/1.1_1_11zon-2.webp\" \/>\n\t<meta property=\"og:image:width\" content=\"800\" \/>\n\t<meta property=\"og:image:height\" content=\"800\" \/>\n\t<meta property=\"og:image:type\" content=\"image\/webp\" \/>\n<meta name=\"twitter:card\" content=\"summary_large_image\" \/>\n<meta name=\"twitter:label1\" content=\"Prix\" \/>\n\t<meta name=\"twitter:data1\" content=\"\" \/>\n\t<meta name=\"twitter:label2\" content=\"Disponibilit\u00e9\" \/>\n\t<meta name=\"twitter:data2\" content=\"En stock\" \/>\n<script type=\"application\/ld+json\" class=\"yoast-schema-graph\">{\"@context\":\"https:\/\/schema.org\",\"@graph\":[{\"@type\":\"WebPage\",\"@id\":\"https:\/\/kengmingcn.com\/nl\/product\/eenkopshardijsmachine-jmlyb-16\/\",\"url\":\"https:\/\/kengmingcn.com\/nl\/product\/eenkopshardijsmachine-jmlyb-16\/\",\"name\":\"Intelligent vertical single-head hard ice cream machine\",\"isPartOf\":{\"@id\":\"https:\/\/kengmingcn.com\/#website\"},\"primaryImageOfPage\":{\"@id\":\"https:\/\/kengmingcn.com\/nl\/product\/eenkopshardijsmachine-jmlyb-16\/#primaryimage\"},\"image\":{\"@id\":\"https:\/\/kengmingcn.com\/nl\/product\/eenkopshardijsmachine-jmlyb-16\/#primaryimage\"},\"thumbnailUrl\":\"https:\/\/kengmingcn.com\/wp-content\/uploads\/2025\/07\/1.1_1_11zon-2.webp\",\"datePublished\":\"2025-07-09T03:46:33+00:00\",\"dateModified\":\"2025-12-24T06:47:32+00:00\",\"description\":\"Intelligent hard ice cream machine, integrating production, preservation and sales. Each material tank has an independent production system.\",\"breadcrumb\":{\"@id\":\"https:\/\/kengmingcn.com\/nl\/product\/eenkopshardijsmachine-jmlyb-16\/#breadcrumb\"},\"inLanguage\":\"fr-FR\",\"potentialAction\":[{\"@type\":\"ReadAction\",\"target\":[\"https:\/\/kengmingcn.com\/nl\/product\/eenkopshardijsmachine-jmlyb-16\/\"]}]},{\"@type\":\"ImageObject\",\"inLanguage\":\"fr-FR\",\"@id\":\"https:\/\/kengmingcn.com\/nl\/product\/eenkopshardijsmachine-jmlyb-16\/#primaryimage\",\"url\":\"https:\/\/kengmingcn.com\/wp-content\/uploads\/2025\/07\/1.1_1_11zon-2.webp\",\"contentUrl\":\"https:\/\/kengmingcn.com\/wp-content\/uploads\/2025\/07\/1.1_1_11zon-2.webp\",\"width\":800,\"height\":800,\"caption\":\"gelat machine\"},{\"@type\":\"BreadcrumbList\",\"@id\":\"https:\/\/kengmingcn.com\/nl\/product\/eenkopshardijsmachine-jmlyb-16\/#breadcrumb\",\"itemListElement\":[{\"@type\":\"ListItem\",\"position\":1,\"name\":\"Home\",\"item\":\"https:\/\/kengmingcn.com\/\"},{\"@type\":\"ListItem\",\"position\":2,\"name\":\"Catalogue\",\"item\":\"https:\/\/kengmingcn.com\/?page_id=27131\"},{\"@type\":\"ListItem\",\"position\":3,\"name\":\"Intelligent vertical single-head hard ice cream machine JMLYB-16\"}]},{\"@type\":\"WebSite\",\"@id\":\"https:\/\/kengmingcn.com\/#website\",\"url\":\"https:\/\/kengmingcn.com\/\",\"name\":\"Kitchen Equipment\",\"description\":\"KengMing is a professional commercial kitchen equipment manufacturer and wholesale supplier, offering cooking, food prep and bakery equipment with OEM &amp; ODM service for global distributors.\",\"publisher\":{\"@id\":\"https:\/\/kengmingcn.com\/#organization\"},\"potentialAction\":[{\"@type\":\"SearchAction\",\"target\":{\"@type\":\"EntryPoint\",\"urlTemplate\":\"https:\/\/kengmingcn.com\/?s={search_term_string}\"},\"query-input\":{\"@type\":\"PropertyValueSpecification\",\"valueRequired\":true,\"valueName\":\"search_term_string\"}}],\"inLanguage\":\"fr-FR\"},{\"@type\":\"Organization\",\"@id\":\"https:\/\/kengmingcn.com\/#organization\",\"name\":\"GuangZhou KengMing\",\"url\":\"https:\/\/kengmingcn.com\/\",\"logo\":{\"@type\":\"ImageObject\",\"inLanguage\":\"fr-FR\",\"@id\":\"https:\/\/kengmingcn.com\/#\/schema\/logo\/image\/\",\"url\":\"https:\/\/kengmingcn.com\/wp-content\/uploads\/2025\/04\/cropped-1744508604969-removebg-preview.png\",\"contentUrl\":\"https:\/\/kengmingcn.com\/wp-content\/uploads\/2025\/04\/cropped-1744508604969-removebg-preview.png\",\"width\":512,\"height\":512,\"caption\":\"GuangZhou KengMing\"},\"image\":{\"@id\":\"https:\/\/kengmingcn.com\/#\/schema\/logo\/image\/\"}}]}<\/script>\n<meta property=\"product:price:amount\" content=\"0.00\" \/>\n<meta property=\"product:price:currency\" content=\"USD\" \/>\n<meta property=\"og:availability\" content=\"instock\" \/>\n<meta property=\"product:availability\" content=\"instock\" \/>\n<meta property=\"product:condition\" content=\"new\" \/>\n<!-- \/ Yoast SEO Premium plugin. -->","yoast_head_json":{"title":"Machine \u00e0 glace dure verticale intelligente \u00e0 une t\u00eate","description":"Machine \u00e0 glace dure intelligente, int\u00e9grant la production, la conservation et la vente. Chaque r\u00e9servoir de mat\u00e9riaux dispose d'un syst\u00e8me de production ind\u00e9pendant.","robots":{"index":"index","follow":"follow","max-snippet":"max-snippet:-1","max-image-preview":"max-image-preview:large","max-video-preview":"max-video-preview:-1"},"canonical":"https:\/\/kengmingcn.com\/fr\/product\/machine-a-glace-dure-a-une-tete-jmlyb-16\/","og_locale":"fr_FR","og_type":"article","og_title":"Intelligent vertical single-head hard ice cream machine JMLYB-16","og_description":"Intelligent hard ice cream machine, integrating production, preservation and sales. Each material tank has an independent production system.","og_url":"https:\/\/kengmingcn.com\/fr\/product\/machine-a-glace-dure-a-une-tete-jmlyb-16\/","og_site_name":"KengMing | Manufacturer of Commercial Kitchen Equipment","article_modified_time":"2025-12-24T06:47:32+00:00","og_image":[{"width":800,"height":800,"url":"https:\/\/kengmingcn.com\/wp-content\/uploads\/2025\/07\/1.1_1_11zon-2.webp","type":"image\/webp"}],"twitter_card":"summary_large_image","twitter_misc":{"Prix":"","Disponibilit\u00e9":"En stock"},"schema":{"@context":"https:\/\/schema.org","@graph":[{"@type":"WebPage","@id":"https:\/\/kengmingcn.com\/nl\/product\/eenkopshardijsmachine-jmlyb-16\/","url":"https:\/\/kengmingcn.com\/nl\/product\/eenkopshardijsmachine-jmlyb-16\/","name":"Machine \u00e0 glace dure verticale intelligente \u00e0 une t\u00eate","isPartOf":{"@id":"https:\/\/kengmingcn.com\/#website"},"primaryImageOfPage":{"@id":"https:\/\/kengmingcn.com\/nl\/product\/eenkopshardijsmachine-jmlyb-16\/#primaryimage"},"image":{"@id":"https:\/\/kengmingcn.com\/nl\/product\/eenkopshardijsmachine-jmlyb-16\/#primaryimage"},"thumbnailUrl":"https:\/\/kengmingcn.com\/wp-content\/uploads\/2025\/07\/1.1_1_11zon-2.webp","datePublished":"2025-07-09T03:46:33+00:00","dateModified":"2025-12-24T06:47:32+00:00","description":"Machine \u00e0 glace dure intelligente, int\u00e9grant la production, la conservation et la vente. Chaque r\u00e9servoir de mat\u00e9riaux dispose d'un syst\u00e8me de production ind\u00e9pendant.","breadcrumb":{"@id":"https:\/\/kengmingcn.com\/nl\/product\/eenkopshardijsmachine-jmlyb-16\/#breadcrumb"},"inLanguage":"fr-FR","potentialAction":[{"@type":"ReadAction","target":["https:\/\/kengmingcn.com\/nl\/product\/eenkopshardijsmachine-jmlyb-16\/"]}]},{"@type":"ImageObject","inLanguage":"fr-FR","@id":"https:\/\/kengmingcn.com\/nl\/product\/eenkopshardijsmachine-jmlyb-16\/#primaryimage","url":"https:\/\/kengmingcn.com\/wp-content\/uploads\/2025\/07\/1.1_1_11zon-2.webp","contentUrl":"https:\/\/kengmingcn.com\/wp-content\/uploads\/2025\/07\/1.1_1_11zon-2.webp","width":800,"height":800,"caption":"gelat machine"},{"@type":"BreadcrumbList","@id":"https:\/\/kengmingcn.com\/nl\/product\/eenkopshardijsmachine-jmlyb-16\/#breadcrumb","itemListElement":[{"@type":"ListItem","position":1,"name":"Home","item":"https:\/\/kengmingcn.com\/"},{"@type":"ListItem","position":2,"name":"Catalogue","item":"https:\/\/kengmingcn.com\/?page_id=27131"},{"@type":"ListItem","position":3,"name":"Intelligent vertical single-head hard ice cream machine JMLYB-16"}]},{"@type":"WebSite","@id":"https:\/\/kengmingcn.com\/#website","url":"https:\/\/kengmingcn.com\/","name":"\u00c9quipement de cuisine","description":"KengMing is a professional commercial kitchen equipment manufacturer and wholesale supplier, offering cooking, food prep and bakery equipment with OEM &amp; ODM service for global distributors.","publisher":{"@id":"https:\/\/kengmingcn.com\/#organization"},"potentialAction":[{"@type":"SearchAction","target":{"@type":"EntryPoint","urlTemplate":"https:\/\/kengmingcn.com\/?s={search_term_string}"},"query-input":{"@type":"PropertyValueSpecification","valueRequired":true,"valueName":"search_term_string"}}],"inLanguage":"fr-FR"},{"@type":"Organization","@id":"https:\/\/kengmingcn.com\/#organization","name":"GuangZhou KengMing","url":"https:\/\/kengmingcn.com\/","logo":{"@type":"ImageObject","inLanguage":"fr-FR","@id":"https:\/\/kengmingcn.com\/#\/schema\/logo\/image\/","url":"https:\/\/kengmingcn.com\/wp-content\/uploads\/2025\/04\/cropped-1744508604969-removebg-preview.png","contentUrl":"https:\/\/kengmingcn.com\/wp-content\/uploads\/2025\/04\/cropped-1744508604969-removebg-preview.png","width":512,"height":512,"caption":"GuangZhou KengMing"},"image":{"@id":"https:\/\/kengmingcn.com\/#\/schema\/logo\/image\/"}}]},"product_price_amount":"0.00","product_price_currency":"USD","og_availability":"instock","product_availability":"instock","product_condition":"new"},"_links":{"self":[{"href":"https:\/\/kengmingcn.com\/fr\/wp-json\/wp\/v2\/product\/51736","targetHints":{"allow":["GET"]}}],"collection":[{"href":"https:\/\/kengmingcn.com\/fr\/wp-json\/wp\/v2\/product"}],"about":[{"href":"https:\/\/kengmingcn.com\/fr\/wp-json\/wp\/v2\/types\/product"}],"replies":[{"embeddable":true,"href":"https:\/\/kengmingcn.com\/fr\/wp-json\/wp\/v2\/comments?post=51736"}],"wp:featuredmedia":[{"embeddable":true,"href":"https:\/\/kengmingcn.com\/fr\/wp-json\/wp\/v2\/media\/52314"}],"wp:attachment":[{"href":"https:\/\/kengmingcn.com\/fr\/wp-json\/wp\/v2\/media?parent=51736"}],"wp:term":[{"taxonomy":"product_brand","embeddable":true,"href":"https:\/\/kengmingcn.com\/fr\/wp-json\/wp\/v2\/product_brand?post=51736"},{"taxonomy":"product_cat","embeddable":true,"href":"https:\/\/kengmingcn.com\/fr\/wp-json\/wp\/v2\/product_cat?post=51736"},{"taxonomy":"product_tag","embeddable":true,"href":"https:\/\/kengmingcn.com\/fr\/wp-json\/wp\/v2\/product_tag?post=51736"}],"curies":[{"name":"wp","href":"https:\/\/api.w.org\/{rel}","templated":true}]}}