{"id":51034,"date":"2025-06-06T15:59:33","date_gmt":"2025-06-06T07:59:33","guid":{"rendered":"https:\/\/kengmingcn.com\/?post_type=product&#038;p=51034"},"modified":"2026-01-11T13:58:58","modified_gmt":"2026-01-11T05:58:58","slug":"machine-a-glace-coreenne-180kg-24h-jmx802","status":"publish","type":"product","link":"https:\/\/kengmingcn.com\/fr\/product\/machine-a-glace-coreenne-180kg-24h-jmx802\/","title":{"rendered":"Machine \u00e0 glace cor\u00e9enne 180kg\/24H JMX802"},"content":{"rendered":"<p>La machine \u00e0 glace en flocon de neige est un \u00e9quipement efficace de fabrication de boissons froides con\u00e7u pour produire de la glace en flocon de neige d\u00e9licate, fra\u00eeche et croustillante. Gr\u00e2ce \u00e0 une technologie de cong\u00e9lation avanc\u00e9e et \u00e0 un m\u00e9canisme pr\u00e9cis de raclage de la glace, elle peut rapidement congeler et racler les mati\u00e8res premi\u00e8res liquides (telles que les jus, le th\u00e9 au lait, les cocktails, etc.) en particules douces et d\u00e9licates ressemblant \u00e0 des flocons de neige, tout en conservant la saveur et les nutriments d'origine des aliments, ce qui en fait un \u00e9quipement de boissons froides indispensable pour l'\u00e9t\u00e9 et toutes sortes d'activit\u00e9s.<\/p>\n<p><img decoding=\"async\" class=\"alignnone size-full wp-image-51041\" src=\"https:\/\/kengmingcn.com\/wp-content\/uploads\/2025\/06\/bingsu-machine-JMX802-detail-1.webp\" alt=\"\" width=\"1060\" height=\"500\" srcset=\"https:\/\/kengmingcn.com\/wp-content\/uploads\/2025\/06\/bingsu-machine-JMX802-detail-1.webp 1060w, https:\/\/kengmingcn.com\/wp-content\/uploads\/2025\/06\/bingsu-machine-JMX802-detail-1-300x142.webp 300w, https:\/\/kengmingcn.com\/wp-content\/uploads\/2025\/06\/bingsu-machine-JMX802-detail-1-1024x483.webp 1024w, https:\/\/kengmingcn.com\/wp-content\/uploads\/2025\/06\/bingsu-machine-JMX802-detail-1-768x362.webp 768w\" sizes=\"(max-width: 1060px) 100vw, 1060px\" \/><\/p>\n<p>1) Technologie de cong\u00e9lation avanc\u00e9e : \u00c9quip\u00e9 d'un compresseur et d'un condenseur de marque \u00e0 haut rendement, ainsi que d'un ventilateur de haute qualit\u00e9, il assure la dissipation de la chaleur du syst\u00e8me de r\u00e9frig\u00e9ration pour garantir que les mati\u00e8res premi\u00e8res liquides peuvent \u00eatre congel\u00e9es rapidement afin de pr\u00e9server la fra\u00eecheur et la valeur nutritive des ingr\u00e9dients.<br \/>\n2. forme r\u00e9glable de la glace : les utilisateurs peuvent ajuster la forme de la glace en fonction de leurs go\u00fbts et pr\u00e9f\u00e9rences personnels, en ajustant les mati\u00e8res premi\u00e8res et en contr\u00f4lant la vitesse de l'\u00e9vaporateur, il est possible d'obtenir une vari\u00e9t\u00e9 de formes de produits glac\u00e9s, tels que la glace en neige, la glace en nouilles, la glace en flocons, la glace transparente, la glace en aiguilles de diff\u00e9rentes formes de produits glac\u00e9s, la texture de la glace l\u00e9g\u00e8re et soyeuse \u00e0 la glace riche et d\u00e9licate est r\u00e9alisable.<br \/>\n3. saveurs multiples : Convient \u00e0 toutes sortes de mati\u00e8res premi\u00e8res liquides, y compris les jus de fruits, le th\u00e9 au lait, les ingr\u00e9dients pour desserts, les cocktails, etc., et peut produire une grande vari\u00e9t\u00e9 d'ar\u00f4mes de glace en neige pour r\u00e9pondre aux besoins des diff\u00e9rents go\u00fbts des consommateurs.<br \/>\n4. syst\u00e8me d'exploitation intelligent : L'\u00e9quipement est \u00e9quip\u00e9 d'un panneau de commande intelligent, comprenant des fonctions de r\u00e9glage manuel et de synchronisation, facile et intuitif \u00e0 utiliser, afin de garantir des r\u00e9sultats de production coh\u00e9rents \u00e0 chaque fois.<br \/>\n5. conception durable : Fabriqu\u00e9e en acier inoxydable 201 et 304 de haute qualit\u00e9, la structure est solide et facile \u00e0 nettoyer et \u00e0 entretenir. Elle s'adapte \u00e0 une utilisation prolong\u00e9e et intensive de l'environnement.<\/p>\n<p><img decoding=\"async\" class=\"alignnone size-full wp-image-51042\" src=\"https:\/\/kengmingcn.com\/wp-content\/uploads\/2025\/06\/bingsu-machine-JMX802-detail-2.webp\" alt=\"\" width=\"1060\" height=\"500\" srcset=\"https:\/\/kengmingcn.com\/wp-content\/uploads\/2025\/06\/bingsu-machine-JMX802-detail-2.webp 1060w, https:\/\/kengmingcn.com\/wp-content\/uploads\/2025\/06\/bingsu-machine-JMX802-detail-2-300x142.webp 300w, https:\/\/kengmingcn.com\/wp-content\/uploads\/2025\/06\/bingsu-machine-JMX802-detail-2-1024x483.webp 1024w, https:\/\/kengmingcn.com\/wp-content\/uploads\/2025\/06\/bingsu-machine-JMX802-detail-2-768x362.webp 768w\" sizes=\"(max-width: 1060px) 100vw, 1060px\" \/> <img decoding=\"async\" class=\"alignnone size-full wp-image-51043\" src=\"https:\/\/kengmingcn.com\/wp-content\/uploads\/2025\/06\/bingsu-machine-JMX802-detail-3.webp\" alt=\"\" width=\"1060\" height=\"500\" srcset=\"https:\/\/kengmingcn.com\/wp-content\/uploads\/2025\/06\/bingsu-machine-JMX802-detail-3.webp 1060w, https:\/\/kengmingcn.com\/wp-content\/uploads\/2025\/06\/bingsu-machine-JMX802-detail-3-300x142.webp 300w, https:\/\/kengmingcn.com\/wp-content\/uploads\/2025\/06\/bingsu-machine-JMX802-detail-3-1024x483.webp 1024w, https:\/\/kengmingcn.com\/wp-content\/uploads\/2025\/06\/bingsu-machine-JMX802-detail-3-768x362.webp 768w\" sizes=\"(max-width: 1060px) 100vw, 1060px\" \/> <img decoding=\"async\" class=\"alignnone size-full wp-image-51044\" src=\"https:\/\/kengmingcn.com\/wp-content\/uploads\/2025\/06\/bingsu-machine-JMX802-detail-4.webp\" alt=\"\" width=\"1060\" height=\"500\" srcset=\"https:\/\/kengmingcn.com\/wp-content\/uploads\/2025\/06\/bingsu-machine-JMX802-detail-4.webp 1060w, https:\/\/kengmingcn.com\/wp-content\/uploads\/2025\/06\/bingsu-machine-JMX802-detail-4-300x142.webp 300w, https:\/\/kengmingcn.com\/wp-content\/uploads\/2025\/06\/bingsu-machine-JMX802-detail-4-1024x483.webp 1024w, https:\/\/kengmingcn.com\/wp-content\/uploads\/2025\/06\/bingsu-machine-JMX802-detail-4-768x362.webp 768w\" sizes=\"(max-width: 1060px) 100vw, 1060px\" \/><\/p>\n<p>1. Magasins de desserts et de glace : Objectif : fabriquer des flocons de neige et de la glace ras\u00e9e dans une vari\u00e9t\u00e9 de parfums afin d'attirer les clients et de proposer des choix de glace innovants.<br \/>\nExemple : Le magasin propose diff\u00e9rents nappages et ar\u00f4mes pour permettre aux clients de personnaliser leur propre glace en flocon de neige.<br \/>\n2. Restaurants et caf\u00e9s : Objectif : Dans le cadre du dessert, proposer des options de glace uniques pour renforcer la diversit\u00e9 du menu du restaurant.<br \/>\nExemple : Les restaurants peuvent ajouter la glace en flocon de neige \u00e0 leur menu comme dessert apr\u00e8s le d\u00eener ou l'utiliser pour pr\u00e9parer des boissons froides sp\u00e9ciales.<br \/>\n3. Stands et march\u00e9s d'alimentation de rue : Objectif : la glace en flocon de neige est fabriqu\u00e9e sur place pour attirer les clients de passage et fournir des produits glac\u00e9s frais et savoureux.<br \/>\nExemple : Mise en place de stands de glace en flocon de neige sur les march\u00e9s nocturnes ou les bazars alimentaires pour fabriquer et vendre de la glace en flocon de neige fra\u00eechement fabriqu\u00e9e.<br \/>\n4. R\u00e9unions de famille et \u00e9v\u00e9nements priv\u00e9s : Objectif : Utiliser lors de r\u00e9unions de famille ou d'\u00e9v\u00e9nements priv\u00e9s pour offrir aux invit\u00e9s une exp\u00e9rience de glace fra\u00eeche et artisanale.<br \/>\nExemple : Utilisation d'une machine \u00e0 glace en flocon pour fabriquer de la glace en flocon dans le cadre d'un dessert ou d'une boisson rafra\u00eechissante lors d'une r\u00e9union de famille.<br \/>\n5. Manifestations et expositions \u00e0 grande \u00e9chelle : Utilisation : Fournir de la glace en flocons de neige fabriqu\u00e9e sur place pour les visiteurs de l'exposition ou les participants \u00e0 l'\u00e9v\u00e9nement afin de renforcer l'attrait et l'interactivit\u00e9 de l'\u00e9v\u00e9nement.<br \/>\nExemple : Des stands de fabrication de flocons de neige sont install\u00e9s dans des expositions ou des festivals pour attirer les visiteurs et offrir aux participants des friandises fra\u00eeches et d\u00e9licieuses.<\/p>\n<p><img decoding=\"async\" class=\"alignnone size-full wp-image-50815\" src=\"https:\/\/kengmingcn.com\/wp-content\/uploads\/2025\/04\/3_11zon-1.webp\" alt=\"\" width=\"1060\" height=\"500\" srcset=\"https:\/\/kengmingcn.com\/wp-content\/uploads\/2025\/04\/3_11zon-1.webp 1060w, https:\/\/kengmingcn.com\/wp-content\/uploads\/2025\/04\/3_11zon-1-300x142.webp 300w, https:\/\/kengmingcn.com\/wp-content\/uploads\/2025\/04\/3_11zon-1-1024x483.webp 1024w, https:\/\/kengmingcn.com\/wp-content\/uploads\/2025\/04\/3_11zon-1-768x362.webp 768w\" sizes=\"(max-width: 1060px) 100vw, 1060px\" \/> <img decoding=\"async\" class=\"alignnone size-full wp-image-50814\" src=\"https:\/\/kengmingcn.com\/wp-content\/uploads\/2025\/04\/2_11zon-1.webp\" alt=\"\" width=\"1060\" height=\"500\" srcset=\"https:\/\/kengmingcn.com\/wp-content\/uploads\/2025\/04\/2_11zon-1.webp 1060w, https:\/\/kengmingcn.com\/wp-content\/uploads\/2025\/04\/2_11zon-1-300x142.webp 300w, https:\/\/kengmingcn.com\/wp-content\/uploads\/2025\/04\/2_11zon-1-1024x483.webp 1024w, https:\/\/kengmingcn.com\/wp-content\/uploads\/2025\/04\/2_11zon-1-768x362.webp 768w\" sizes=\"(max-width: 1060px) 100vw, 1060px\" \/><\/p>","protected":false},"excerpt":{"rendered":"<ul>\n<li>Puissance : 880W<\/li>\n<li>Rendement : 180kg\/24h<\/li>\n<li>\n<div class=\"paragraph\">Mod\u00e8le NO : JMX802<\/div>\n<\/li>\n<li>\n<div class=\"paragraph\">Compresseurs : Kk (Tha\u00eflande)<\/div>\n<\/li>\n<li>\n<div class=\"paragraph\">Mode de condensation : Refroidissement par eau<\/div>\n<\/li>\n<li>\n<div class=\"paragraph\">Panneau de commande : Quatre boutons tactiles<\/div>\n<\/li>\n<\/ul>","protected":false},"featured_media":53021,"comment_status":"open","ping_status":"closed","template":"","meta":{"_acf_changed":false},"product_brand":[],"product_cat":[244,275],"product_tag":[312],"class_list":{"0":"post-51034","1":"product","2":"type-product","3":"status-publish","4":"has-post-thumbnail","6":"product_cat-bingsu-machine","7":"product_cat-refrigeration-equipment","8":"product_tag-water-cooling","9":"description-off","11":"first","12":"instock","13":"shipping-taxable","14":"product-type-simple"},"acf":[],"yoast_head":"<!-- This site is optimized with the Yoast SEO Premium plugin v25.3 (Yoast SEO v26.3) - https:\/\/yoast.com\/wordpress\/plugins\/seo\/ -->\n<title>180kg\/24H JMX802 Korean Ice Cream Machine<\/title>\n<meta name=\"description\" content=\"180kg\/24H JMX802 Korean Ice Cream Machine\" \/>\n<meta name=\"robots\" content=\"index, follow, max-snippet:-1, max-image-preview:large, max-video-preview:-1\" \/>\n<link rel=\"canonical\" href=\"https:\/\/kengmingcn.com\/fr\/product\/machine-a-glace-coreenne-180kg-24h-jmx802\/\" \/>\n<meta property=\"og:locale\" content=\"fr_FR\" \/>\n<meta property=\"og:type\" content=\"article\" \/>\n<meta property=\"og:title\" content=\"180kg\/24H JMX802 Korean Ice Cream Machine\" \/>\n<meta property=\"og:description\" content=\"180kg\/24H JMX802 Korean Ice Cream Machine\" \/>\n<meta property=\"og:url\" content=\"https:\/\/kengmingcn.com\/fr\/product\/machine-a-glace-coreenne-180kg-24h-jmx802\/\" \/>\n<meta property=\"og:site_name\" content=\"KengMing | Manufacturer of Commercial Kitchen Equipment\" \/>\n<meta property=\"article:modified_time\" content=\"2026-01-11T05:58:58+00:00\" \/>\n<meta property=\"og:image\" content=\"https:\/\/kengmingcn.com\/wp-content\/uploads\/2025\/06\/JMX802_4_11zon.webp\" \/>\n\t<meta property=\"og:image:width\" content=\"800\" \/>\n\t<meta property=\"og:image:height\" content=\"800\" \/>\n\t<meta property=\"og:image:type\" content=\"image\/webp\" \/>\n<meta name=\"twitter:card\" content=\"summary_large_image\" \/>\n<meta name=\"twitter:label1\" content=\"Prix\" \/>\n\t<meta name=\"twitter:data1\" content=\"\" \/>\n\t<meta name=\"twitter:label2\" content=\"Disponibilit\u00e9\" \/>\n\t<meta name=\"twitter:data2\" content=\"En stock\" \/>\n<script type=\"application\/ld+json\" class=\"yoast-schema-graph\">{\"@context\":\"https:\/\/schema.org\",\"@graph\":[{\"@type\":\"WebPage\",\"@id\":\"https:\/\/kengmingcn.com\/es\/product\/180kg-24h-jmx802-maquina-de-helados-coreana\/\",\"url\":\"https:\/\/kengmingcn.com\/es\/product\/180kg-24h-jmx802-maquina-de-helados-coreana\/\",\"name\":\"180kg\/24H JMX802 Korean Ice Cream Machine\",\"isPartOf\":{\"@id\":\"https:\/\/kengmingcn.com\/#website\"},\"primaryImageOfPage\":{\"@id\":\"https:\/\/kengmingcn.com\/es\/product\/180kg-24h-jmx802-maquina-de-helados-coreana\/#primaryimage\"},\"image\":{\"@id\":\"https:\/\/kengmingcn.com\/es\/product\/180kg-24h-jmx802-maquina-de-helados-coreana\/#primaryimage\"},\"thumbnailUrl\":\"https:\/\/kengmingcn.com\/wp-content\/uploads\/2025\/06\/JMX802_4_11zon.webp\",\"datePublished\":\"2025-06-06T07:59:33+00:00\",\"dateModified\":\"2026-01-11T05:58:58+00:00\",\"description\":\"180kg\/24H JMX802 Korean Ice Cream Machine\",\"breadcrumb\":{\"@id\":\"https:\/\/kengmingcn.com\/es\/product\/180kg-24h-jmx802-maquina-de-helados-coreana\/#breadcrumb\"},\"inLanguage\":\"fr-FR\",\"potentialAction\":[{\"@type\":\"ReadAction\",\"target\":[\"https:\/\/kengmingcn.com\/es\/product\/180kg-24h-jmx802-maquina-de-helados-coreana\/\"]}]},{\"@type\":\"ImageObject\",\"inLanguage\":\"fr-FR\",\"@id\":\"https:\/\/kengmingcn.com\/es\/product\/180kg-24h-jmx802-maquina-de-helados-coreana\/#primaryimage\",\"url\":\"https:\/\/kengmingcn.com\/wp-content\/uploads\/2025\/06\/JMX802_4_11zon.webp\",\"contentUrl\":\"https:\/\/kengmingcn.com\/wp-content\/uploads\/2025\/06\/JMX802_4_11zon.webp\",\"width\":800,\"height\":800,\"caption\":\"JMX802 180kg Bingu Machine\"},{\"@type\":\"BreadcrumbList\",\"@id\":\"https:\/\/kengmingcn.com\/es\/product\/180kg-24h-jmx802-maquina-de-helados-coreana\/#breadcrumb\",\"itemListElement\":[{\"@type\":\"ListItem\",\"position\":1,\"name\":\"Home\",\"item\":\"https:\/\/kengmingcn.com\/\"},{\"@type\":\"ListItem\",\"position\":2,\"name\":\"Catalogue\",\"item\":\"https:\/\/kengmingcn.com\/?page_id=27131\"},{\"@type\":\"ListItem\",\"position\":3,\"name\":\"180kg\/24H JMX802 Korean Ice Cream Machine\"}]},{\"@type\":\"WebSite\",\"@id\":\"https:\/\/kengmingcn.com\/#website\",\"url\":\"https:\/\/kengmingcn.com\/\",\"name\":\"Kitchen Equipment\",\"description\":\"KengMing is a professional commercial kitchen equipment manufacturer and wholesale supplier, offering cooking, food prep and bakery equipment with OEM &amp; ODM service for global distributors.\",\"publisher\":{\"@id\":\"https:\/\/kengmingcn.com\/#organization\"},\"potentialAction\":[{\"@type\":\"SearchAction\",\"target\":{\"@type\":\"EntryPoint\",\"urlTemplate\":\"https:\/\/kengmingcn.com\/?s={search_term_string}\"},\"query-input\":{\"@type\":\"PropertyValueSpecification\",\"valueRequired\":true,\"valueName\":\"search_term_string\"}}],\"inLanguage\":\"fr-FR\"},{\"@type\":\"Organization\",\"@id\":\"https:\/\/kengmingcn.com\/#organization\",\"name\":\"GuangZhou KengMing\",\"url\":\"https:\/\/kengmingcn.com\/\",\"logo\":{\"@type\":\"ImageObject\",\"inLanguage\":\"fr-FR\",\"@id\":\"https:\/\/kengmingcn.com\/#\/schema\/logo\/image\/\",\"url\":\"https:\/\/kengmingcn.com\/wp-content\/uploads\/2025\/04\/cropped-1744508604969-removebg-preview.png\",\"contentUrl\":\"https:\/\/kengmingcn.com\/wp-content\/uploads\/2025\/04\/cropped-1744508604969-removebg-preview.png\",\"width\":512,\"height\":512,\"caption\":\"GuangZhou KengMing\"},\"image\":{\"@id\":\"https:\/\/kengmingcn.com\/#\/schema\/logo\/image\/\"}}]}<\/script>\n<meta property=\"product:price:amount\" content=\"0.00\" \/>\n<meta property=\"product:price:currency\" content=\"USD\" \/>\n<meta property=\"og:availability\" content=\"instock\" \/>\n<meta property=\"product:availability\" content=\"instock\" \/>\n<meta property=\"product:condition\" content=\"new\" \/>\n<!-- \/ Yoast SEO Premium plugin. -->","yoast_head_json":{"title":"Machine \u00e0 glace cor\u00e9enne 180kg\/24H JMX802","description":"Machine \u00e0 glace cor\u00e9enne 180kg\/24H JMX802","robots":{"index":"index","follow":"follow","max-snippet":"max-snippet:-1","max-image-preview":"max-image-preview:large","max-video-preview":"max-video-preview:-1"},"canonical":"https:\/\/kengmingcn.com\/fr\/product\/machine-a-glace-coreenne-180kg-24h-jmx802\/","og_locale":"fr_FR","og_type":"article","og_title":"180kg\/24H JMX802 Korean Ice Cream Machine","og_description":"180kg\/24H JMX802 Korean Ice Cream Machine","og_url":"https:\/\/kengmingcn.com\/fr\/product\/machine-a-glace-coreenne-180kg-24h-jmx802\/","og_site_name":"KengMing | Manufacturer of Commercial Kitchen Equipment","article_modified_time":"2026-01-11T05:58:58+00:00","og_image":[{"width":800,"height":800,"url":"https:\/\/kengmingcn.com\/wp-content\/uploads\/2025\/06\/JMX802_4_11zon.webp","type":"image\/webp"}],"twitter_card":"summary_large_image","twitter_misc":{"Prix":"","Disponibilit\u00e9":"En stock"},"schema":{"@context":"https:\/\/schema.org","@graph":[{"@type":"WebPage","@id":"https:\/\/kengmingcn.com\/es\/product\/180kg-24h-jmx802-maquina-de-helados-coreana\/","url":"https:\/\/kengmingcn.com\/es\/product\/180kg-24h-jmx802-maquina-de-helados-coreana\/","name":"Machine \u00e0 glace cor\u00e9enne 180kg\/24H JMX802","isPartOf":{"@id":"https:\/\/kengmingcn.com\/#website"},"primaryImageOfPage":{"@id":"https:\/\/kengmingcn.com\/es\/product\/180kg-24h-jmx802-maquina-de-helados-coreana\/#primaryimage"},"image":{"@id":"https:\/\/kengmingcn.com\/es\/product\/180kg-24h-jmx802-maquina-de-helados-coreana\/#primaryimage"},"thumbnailUrl":"https:\/\/kengmingcn.com\/wp-content\/uploads\/2025\/06\/JMX802_4_11zon.webp","datePublished":"2025-06-06T07:59:33+00:00","dateModified":"2026-01-11T05:58:58+00:00","description":"Machine \u00e0 glace cor\u00e9enne 180kg\/24H JMX802","breadcrumb":{"@id":"https:\/\/kengmingcn.com\/es\/product\/180kg-24h-jmx802-maquina-de-helados-coreana\/#breadcrumb"},"inLanguage":"fr-FR","potentialAction":[{"@type":"ReadAction","target":["https:\/\/kengmingcn.com\/es\/product\/180kg-24h-jmx802-maquina-de-helados-coreana\/"]}]},{"@type":"ImageObject","inLanguage":"fr-FR","@id":"https:\/\/kengmingcn.com\/es\/product\/180kg-24h-jmx802-maquina-de-helados-coreana\/#primaryimage","url":"https:\/\/kengmingcn.com\/wp-content\/uploads\/2025\/06\/JMX802_4_11zon.webp","contentUrl":"https:\/\/kengmingcn.com\/wp-content\/uploads\/2025\/06\/JMX802_4_11zon.webp","width":800,"height":800,"caption":"JMX802 180kg Bingu Machine"},{"@type":"BreadcrumbList","@id":"https:\/\/kengmingcn.com\/es\/product\/180kg-24h-jmx802-maquina-de-helados-coreana\/#breadcrumb","itemListElement":[{"@type":"ListItem","position":1,"name":"Home","item":"https:\/\/kengmingcn.com\/"},{"@type":"ListItem","position":2,"name":"Catalogue","item":"https:\/\/kengmingcn.com\/?page_id=27131"},{"@type":"ListItem","position":3,"name":"180kg\/24H JMX802 Korean Ice Cream Machine"}]},{"@type":"WebSite","@id":"https:\/\/kengmingcn.com\/#website","url":"https:\/\/kengmingcn.com\/","name":"\u00c9quipement de cuisine","description":"KengMing is a professional commercial kitchen equipment manufacturer and wholesale supplier, offering cooking, food prep and bakery equipment with OEM &amp; ODM service for global distributors.","publisher":{"@id":"https:\/\/kengmingcn.com\/#organization"},"potentialAction":[{"@type":"SearchAction","target":{"@type":"EntryPoint","urlTemplate":"https:\/\/kengmingcn.com\/?s={search_term_string}"},"query-input":{"@type":"PropertyValueSpecification","valueRequired":true,"valueName":"search_term_string"}}],"inLanguage":"fr-FR"},{"@type":"Organization","@id":"https:\/\/kengmingcn.com\/#organization","name":"GuangZhou KengMing","url":"https:\/\/kengmingcn.com\/","logo":{"@type":"ImageObject","inLanguage":"fr-FR","@id":"https:\/\/kengmingcn.com\/#\/schema\/logo\/image\/","url":"https:\/\/kengmingcn.com\/wp-content\/uploads\/2025\/04\/cropped-1744508604969-removebg-preview.png","contentUrl":"https:\/\/kengmingcn.com\/wp-content\/uploads\/2025\/04\/cropped-1744508604969-removebg-preview.png","width":512,"height":512,"caption":"GuangZhou KengMing"},"image":{"@id":"https:\/\/kengmingcn.com\/#\/schema\/logo\/image\/"}}]},"product_price_amount":"0.00","product_price_currency":"USD","og_availability":"instock","product_availability":"instock","product_condition":"new"},"_links":{"self":[{"href":"https:\/\/kengmingcn.com\/fr\/wp-json\/wp\/v2\/product\/51034","targetHints":{"allow":["GET"]}}],"collection":[{"href":"https:\/\/kengmingcn.com\/fr\/wp-json\/wp\/v2\/product"}],"about":[{"href":"https:\/\/kengmingcn.com\/fr\/wp-json\/wp\/v2\/types\/product"}],"replies":[{"embeddable":true,"href":"https:\/\/kengmingcn.com\/fr\/wp-json\/wp\/v2\/comments?post=51034"}],"wp:featuredmedia":[{"embeddable":true,"href":"https:\/\/kengmingcn.com\/fr\/wp-json\/wp\/v2\/media\/53021"}],"wp:attachment":[{"href":"https:\/\/kengmingcn.com\/fr\/wp-json\/wp\/v2\/media?parent=51034"}],"wp:term":[{"taxonomy":"product_brand","embeddable":true,"href":"https:\/\/kengmingcn.com\/fr\/wp-json\/wp\/v2\/product_brand?post=51034"},{"taxonomy":"product_cat","embeddable":true,"href":"https:\/\/kengmingcn.com\/fr\/wp-json\/wp\/v2\/product_cat?post=51034"},{"taxonomy":"product_tag","embeddable":true,"href":"https:\/\/kengmingcn.com\/fr\/wp-json\/wp\/v2\/product_tag?post=51034"}],"curies":[{"name":"wp","href":"https:\/\/api.w.org\/{rel}","templated":true}]}}