{"id":50741,"date":"2025-05-18T11:50:48","date_gmt":"2025-05-18T03:50:48","guid":{"rendered":"https:\/\/kengmingcn.com\/?post_type=product&#038;p=50741"},"modified":"2025-05-18T12:00:37","modified_gmt":"2025-05-18T04:00:37","slug":"coupe-legumes-et-fruits-manuel-a-pression-externe-oignon-pomme-de-terre-citron-pamplemousse-jambon-cuisine-coupe-fruits","status":"publish","type":"product","link":"https:\/\/kengmingcn.com\/fr\/product\/coupe-legumes-et-fruits-manuel-a-pression-externe-oignon-pomme-de-terre-citron-pamplemousse-jambon-cuisine-coupe-fruits\/","title":{"rendered":"Trancheur manuel de l\u00e9gumes et de fruits \u00e0 pression externe Oignon Pomme de terre Citron Pamplemousse Jambon Cuisine Trancheur de fruits"},"content":{"rendered":"<div style=\"width: 640px;\" class=\"wp-video\"><!--[if lt IE 9]><script>document.createElement('video');<\/script><![endif]-->\n<video class=\"wp-video-shortcode\" id=\"video-50741-1\" width=\"640\" height=\"360\" preload=\"metadata\" controls=\"controls\"><source type=\"video\/mp4\" src=\"https:\/\/cdn-gzkm.b-cdn.net\/video\/Kitchen%20Fruit%20Slicer%20video.mp4?_=1\" \/><a href=\"https:\/\/cdn-gzkm.b-cdn.net\/video\/Kitchen%20Fruit%20Slicer%20video.mp4\">https:\/\/cdn-gzkm.b-cdn.net\/video\/Kitchen%20Fruit%20Slicer%20video.mp4<\/a><\/video><\/div>\n<p>Une trancheuse manuelle \u00e0 pression est un outil qui coupe les ingr\u00e9dients en appliquant une pression. Il se compose g\u00e9n\u00e9ralement d'une base, d'une lame de coupe r\u00e9glable et d'un dispositif d'application de la pression. Pour l'utiliser, les ingr\u00e9dients sont plac\u00e9s sur une surface de coupe et pouss\u00e9s et tir\u00e9s \u00e0 travers le dispositif d'application de la pression, qui presse les ingr\u00e9dients contre la lame pour une coupe uniforme. Les avantages de ce type de trancheur sont qu'il peut couper rapidement de grandes quantit\u00e9s d'ingr\u00e9dients et que l'\u00e9paisseur de la coupe peut \u00eatre contr\u00f4l\u00e9e en r\u00e9glant la hauteur de la lame, ce qui le rend adapt\u00e9 \u00e0 la manipulation d'un large \u00e9ventail de types d'ingr\u00e9dients.<\/p>\n<p><img decoding=\"async\" class=\"alignnone size-full wp-image-50748\" src=\"http:\/\/kengmingcn.com\/wp-content\/uploads\/2025\/05\/Kitchen-Fruit-Slicer-7_11zon.webp\" alt=\"\" width=\"1060\" height=\"500\" srcset=\"https:\/\/kengmingcn.com\/wp-content\/uploads\/2025\/05\/Kitchen-Fruit-Slicer-7_11zon.webp 1060w, https:\/\/kengmingcn.com\/wp-content\/uploads\/2025\/05\/Kitchen-Fruit-Slicer-7_11zon-300x142.webp 300w, https:\/\/kengmingcn.com\/wp-content\/uploads\/2025\/05\/Kitchen-Fruit-Slicer-7_11zon-1024x483.webp 1024w, https:\/\/kengmingcn.com\/wp-content\/uploads\/2025\/05\/Kitchen-Fruit-Slicer-7_11zon-768x362.webp 768w\" sizes=\"(max-width: 1060px) 100vw, 1060px\" \/><\/p>\n<p>1. lame r\u00e9glable : La hauteur r\u00e9glable de la lame permet aux utilisateurs de contr\u00f4ler l'\u00e9paisseur de la coupe.<br \/>\n2. coupe efficace : Le dispositif d'application de la pression permet d'appliquer la force de mani\u00e8re uniforme et de couper les ingr\u00e9dients rapidement.<br \/>\n3. facile \u00e0 utiliser : Pas besoin d'\u00e9lectricit\u00e9, convient aux cuisines domestiques et commerciales.<br \/>\n4. conception s\u00fbre : \u00c9quip\u00e9 d'une base antid\u00e9rapante et de protections pour les mains afin d'assurer la stabilit\u00e9 et la s\u00e9curit\u00e9 pendant l'utilisation.<br \/>\n5. mat\u00e9riau durable : Fabriqu\u00e9 en acier inoxydable combin\u00e9 \u00e0 un plastique tr\u00e8s r\u00e9sistant, durable et facile \u00e0 nettoyer.<\/p>\n<p><img decoding=\"async\" class=\"alignnone size-full wp-image-50749\" src=\"http:\/\/kengmingcn.com\/wp-content\/uploads\/2025\/05\/Kitchen-Fruit-Slicer-2_11zon.webp\" alt=\"\" width=\"1060\" height=\"500\" srcset=\"https:\/\/kengmingcn.com\/wp-content\/uploads\/2025\/05\/Kitchen-Fruit-Slicer-2_11zon.webp 1060w, https:\/\/kengmingcn.com\/wp-content\/uploads\/2025\/05\/Kitchen-Fruit-Slicer-2_11zon-300x142.webp 300w, https:\/\/kengmingcn.com\/wp-content\/uploads\/2025\/05\/Kitchen-Fruit-Slicer-2_11zon-1024x483.webp 1024w, https:\/\/kengmingcn.com\/wp-content\/uploads\/2025\/05\/Kitchen-Fruit-Slicer-2_11zon-768x362.webp 768w\" sizes=\"(max-width: 1060px) 100vw, 1060px\" \/> \u00a0<img decoding=\"async\" class=\"alignnone size-full wp-image-50751\" src=\"http:\/\/kengmingcn.com\/wp-content\/uploads\/2025\/05\/Kitchen-Fruit-Slicer-6_11zon.webp\" alt=\"\" width=\"1060\" height=\"500\" srcset=\"https:\/\/kengmingcn.com\/wp-content\/uploads\/2025\/05\/Kitchen-Fruit-Slicer-6_11zon.webp 1060w, https:\/\/kengmingcn.com\/wp-content\/uploads\/2025\/05\/Kitchen-Fruit-Slicer-6_11zon-300x142.webp 300w, https:\/\/kengmingcn.com\/wp-content\/uploads\/2025\/05\/Kitchen-Fruit-Slicer-6_11zon-1024x483.webp 1024w, https:\/\/kengmingcn.com\/wp-content\/uploads\/2025\/05\/Kitchen-Fruit-Slicer-6_11zon-768x362.webp 768w\" sizes=\"(max-width: 1060px) 100vw, 1060px\" \/><img decoding=\"async\" class=\"alignnone size-full wp-image-50752\" src=\"http:\/\/kengmingcn.com\/wp-content\/uploads\/2025\/05\/Kitchen-Fruit-Slicer-1_11zon.webp\" alt=\"\" width=\"1060\" height=\"500\" srcset=\"https:\/\/kengmingcn.com\/wp-content\/uploads\/2025\/05\/Kitchen-Fruit-Slicer-1_11zon.webp 1060w, https:\/\/kengmingcn.com\/wp-content\/uploads\/2025\/05\/Kitchen-Fruit-Slicer-1_11zon-300x142.webp 300w, https:\/\/kengmingcn.com\/wp-content\/uploads\/2025\/05\/Kitchen-Fruit-Slicer-1_11zon-1024x483.webp 1024w, https:\/\/kengmingcn.com\/wp-content\/uploads\/2025\/05\/Kitchen-Fruit-Slicer-1_11zon-768x362.webp 768w\" sizes=\"(max-width: 1060px) 100vw, 1060px\" \/><img decoding=\"async\" class=\"alignnone size-full wp-image-50750\" src=\"http:\/\/kengmingcn.com\/wp-content\/uploads\/2025\/05\/Kitchen-Fruit-Slicer-5_11zon.webp\" alt=\"\" width=\"1060\" height=\"500\" srcset=\"https:\/\/kengmingcn.com\/wp-content\/uploads\/2025\/05\/Kitchen-Fruit-Slicer-5_11zon.webp 1060w, https:\/\/kengmingcn.com\/wp-content\/uploads\/2025\/05\/Kitchen-Fruit-Slicer-5_11zon-300x142.webp 300w, https:\/\/kengmingcn.com\/wp-content\/uploads\/2025\/05\/Kitchen-Fruit-Slicer-5_11zon-1024x483.webp 1024w, https:\/\/kengmingcn.com\/wp-content\/uploads\/2025\/05\/Kitchen-Fruit-Slicer-5_11zon-768x362.webp 768w\" sizes=\"(max-width: 1060px) 100vw, 1060px\" \/><\/p>\n<p>1. cuisine commerciale :<br \/>\nUtilisation : am\u00e9liorer l'efficacit\u00e9 de la manipulation des ingr\u00e9dients et r\u00e9duire les co\u00fbts de main-d'\u0153uvre.<br \/>\nExemple : Dans les restaurants, l'utilisation de trancheuses pour couper rapidement de grandes quantit\u00e9s de l\u00e9gumes et de fruits garantit un service efficace et r\u00e9duit le temps d'attente.<br \/>\n2.Milk Tea Shop :<br \/>\nUtilisation : Pr\u00e9paration efficace des divers ingr\u00e9dients coup\u00e9s n\u00e9cessaires \u00e0 la pr\u00e9paration du th\u00e9 au lait, garantissant la qualit\u00e9 et la r\u00e9gularit\u00e9 du produit.<br \/>\nExemple : La d\u00e9coupe de fruits frais (fraises, mangues, etc.) en vue de leur utilisation dans le th\u00e9 au lait permet de garantir que chaque tasse de th\u00e9 au lait a une saveur homog\u00e8ne et de r\u00e9pondre rapidement aux besoins des clients.<br \/>\n3. usine de transformation des aliments :<br \/>\nUtilisation : Am\u00e9liorer l'efficacit\u00e9 du traitement des ingr\u00e9dients dans la production de masse.<br \/>\nExemple : Couper de grandes quantit\u00e9s d'ingr\u00e9dients (par exemple, haricots rouges, taro) pour r\u00e9pondre aux exigences de la cha\u00eene de production pendant le processus de production, ce qui r\u00e9duit le temps de traitement et augmente la capacit\u00e9 de production.<br \/>\n4. cuisine familiale :<br \/>\nObjectif : simplifier le processus de pr\u00e9paration des ingr\u00e9dients dans la cuisine familiale.<br \/>\nExemple : Gagnez du temps et de la main d'\u0153uvre en utilisant la trancheuse pour couper les pommes de terre et les carottes afin de pr\u00e9parer de grandes portions de l\u00e9gumes saut\u00e9s ou r\u00f4tis lors des r\u00e9unions de famille.<\/p>\n<p><img decoding=\"async\" class=\"alignnone size-full wp-image-50754\" src=\"http:\/\/kengmingcn.com\/wp-content\/uploads\/2025\/05\/Kitchen-Fruit-Slicer-4_11zon.webp\" alt=\"\" width=\"1060\" height=\"500\" srcset=\"https:\/\/kengmingcn.com\/wp-content\/uploads\/2025\/05\/Kitchen-Fruit-Slicer-4_11zon.webp 1060w, https:\/\/kengmingcn.com\/wp-content\/uploads\/2025\/05\/Kitchen-Fruit-Slicer-4_11zon-300x142.webp 300w, https:\/\/kengmingcn.com\/wp-content\/uploads\/2025\/05\/Kitchen-Fruit-Slicer-4_11zon-1024x483.webp 1024w, https:\/\/kengmingcn.com\/wp-content\/uploads\/2025\/05\/Kitchen-Fruit-Slicer-4_11zon-768x362.webp 768w\" sizes=\"(max-width: 1060px) 100vw, 1060px\" \/><img decoding=\"async\" class=\"alignnone size-full wp-image-50753\" src=\"http:\/\/kengmingcn.com\/wp-content\/uploads\/2025\/05\/Kitchen-Fruit-Slicer-3_11zon.webp\" alt=\"\" width=\"1060\" height=\"500\" srcset=\"https:\/\/kengmingcn.com\/wp-content\/uploads\/2025\/05\/Kitchen-Fruit-Slicer-3_11zon.webp 1060w, https:\/\/kengmingcn.com\/wp-content\/uploads\/2025\/05\/Kitchen-Fruit-Slicer-3_11zon-300x142.webp 300w, https:\/\/kengmingcn.com\/wp-content\/uploads\/2025\/05\/Kitchen-Fruit-Slicer-3_11zon-1024x483.webp 1024w, https:\/\/kengmingcn.com\/wp-content\/uploads\/2025\/05\/Kitchen-Fruit-Slicer-3_11zon-768x362.webp 768w\" sizes=\"(max-width: 1060px) 100vw, 1060px\" \/><\/p>\n<div id=\"1724923150471\" class=\"cke-navigation\" contenteditable=\"false\">Param\u00e8tres du produit<\/div>\n<div class=\"rich-text-table\">\n<table>\n<colgroup>\n<col \/>\n<col \/>\n<col \/>\n<col \/>\n<col \/>\n<col \/><\/colgroup>\n<tbody>\n<tr>\n<td colspan=\"2\">Mod\u00e8le<\/td>\n<td colspan=\"2\">Mati\u00e8res \u00e0 d\u00e9couper<\/td>\n<td colspan=\"2\">R\u00e9glage de l'\u00e9paisseur des tranches<\/td>\n<td colspan=\"2\">Taille du m\u00e9tal nu<\/td>\n<td colspan=\"2\">poids net<\/td>\n<td colspan=\"2\">Mat\u00e9riau principal<\/td>\n<td colspan=\"2\">mode op\u00e9ratoire<\/td>\n<\/tr>\n<tr>\n<td colspan=\"2\">DBS-139<\/td>\n<td colspan=\"2\">Citron\/pamplemousse\/concombre\/pain\/pomme de terre\/fruit\/l\u00e9gume<\/td>\n<td colspan=\"2\">0-15<\/td>\n<td colspan=\"2\">41*17*22CM<\/td>\n<td colspan=\"2\">1.25KG<\/td>\n<td colspan=\"2\">pi\u00e8ce en plastique<\/td>\n<td colspan=\"2\">bouteille push-pull<\/td>\n<\/tr>\n<\/tbody>\n<\/table>\n<\/div>","protected":false},"excerpt":{"rendered":"<p>Un moyen plus s\u00fbr et plus pratique de manipuler vos fruits.<\/p>","protected":false},"featured_media":50755,"comment_status":"open","ping_status":"closed","template":"","meta":{"_acf_changed":false},"product_brand":[],"product_cat":[277,321],"product_tag":[],"class_list":{"0":"post-50741","1":"product","2":"type-product","3":"status-publish","4":"has-post-thumbnail","6":"product_cat-food-processing-equipment","7":"product_cat-fruit-and-vegetable-slicer","8":"description-off","10":"first","11":"instock","12":"shipping-taxable","13":"product-type-simple"},"acf":[],"yoast_head":"<!-- This site is optimized with the Yoast SEO Premium plugin v25.3 (Yoast SEO v26.3) - https:\/\/yoast.com\/wordpress\/plugins\/seo\/ -->\n<title>External Pressure Manual Vegetable and Fruit Slicer Onion Potato Lemon Grapefruit Ham Kitchen Fruit Slicer - KengMing | Manufacturer of Commercial Kitchen Equipment<\/title>\n<meta name=\"robots\" content=\"index, follow, max-snippet:-1, max-image-preview:large, max-video-preview:-1\" \/>\n<link rel=\"canonical\" href=\"https:\/\/kengmingcn.com\/fr\/product\/coupe-legumes-et-fruits-manuel-a-pression-externe-oignon-pomme-de-terre-citron-pamplemousse-jambon-cuisine-coupe-fruits\/\" \/>\n<meta property=\"og:locale\" content=\"fr_FR\" \/>\n<meta property=\"og:type\" content=\"article\" \/>\n<meta property=\"og:title\" content=\"External Pressure Manual Vegetable and Fruit Slicer Onion Potato Lemon Grapefruit Ham Kitchen Fruit Slicer\" \/>\n<meta property=\"og:description\" content=\"Safer and more convenient way to handle your fruits.\" \/>\n<meta property=\"og:url\" content=\"https:\/\/kengmingcn.com\/fr\/product\/coupe-legumes-et-fruits-manuel-a-pression-externe-oignon-pomme-de-terre-citron-pamplemousse-jambon-cuisine-coupe-fruits\/\" \/>\n<meta property=\"og:site_name\" content=\"KengMing | Manufacturer of Commercial Kitchen Equipment\" \/>\n<meta property=\"article:modified_time\" content=\"2025-05-18T04:00:37+00:00\" \/>\n<meta property=\"og:image\" content=\"https:\/\/kengmingcn.com\/wp-content\/uploads\/2025\/05\/Kitchen-Fruit-Slicer-1_11zon-1.webp\" \/>\n\t<meta property=\"og:image:width\" content=\"550\" \/>\n\t<meta property=\"og:image:height\" content=\"550\" \/>\n\t<meta property=\"og:image:type\" content=\"image\/webp\" \/>\n<meta name=\"twitter:card\" content=\"summary_large_image\" \/>\n<meta name=\"twitter:label1\" content=\"Prix\" \/>\n\t<meta name=\"twitter:data1\" content=\"\" \/>\n\t<meta name=\"twitter:label2\" content=\"Disponibilit\u00e9\" \/>\n\t<meta name=\"twitter:data2\" content=\"En stock\" \/>\n<script type=\"application\/ld+json\" class=\"yoast-schema-graph\">{\"@context\":\"https:\/\/schema.org\",\"@graph\":[{\"@type\":\"WebPage\",\"@id\":\"https:\/\/kengmingcn.com\/es\/product\/cortadora-de-verduras-y-frutas-manual-de-presion-externa-cebolla-patata-limon-pomelo-jamon-cortadora-de-frutas-de-cocina\/\",\"url\":\"https:\/\/kengmingcn.com\/es\/product\/cortadora-de-verduras-y-frutas-manual-de-presion-externa-cebolla-patata-limon-pomelo-jamon-cortadora-de-frutas-de-cocina\/\",\"name\":\"External Pressure Manual Vegetable and Fruit Slicer Onion Potato Lemon Grapefruit Ham Kitchen Fruit Slicer - KengMing | Manufacturer of Commercial Kitchen Equipment\",\"isPartOf\":{\"@id\":\"https:\/\/kengmingcn.com\/#website\"},\"primaryImageOfPage\":{\"@id\":\"https:\/\/kengmingcn.com\/es\/product\/cortadora-de-verduras-y-frutas-manual-de-presion-externa-cebolla-patata-limon-pomelo-jamon-cortadora-de-frutas-de-cocina\/#primaryimage\"},\"image\":{\"@id\":\"https:\/\/kengmingcn.com\/es\/product\/cortadora-de-verduras-y-frutas-manual-de-presion-externa-cebolla-patata-limon-pomelo-jamon-cortadora-de-frutas-de-cocina\/#primaryimage\"},\"thumbnailUrl\":\"https:\/\/kengmingcn.com\/wp-content\/uploads\/2025\/05\/Kitchen-Fruit-Slicer-1_11zon-1.webp\",\"datePublished\":\"2025-05-18T03:50:48+00:00\",\"dateModified\":\"2025-05-18T04:00:37+00:00\",\"breadcrumb\":{\"@id\":\"https:\/\/kengmingcn.com\/es\/product\/cortadora-de-verduras-y-frutas-manual-de-presion-externa-cebolla-patata-limon-pomelo-jamon-cortadora-de-frutas-de-cocina\/#breadcrumb\"},\"inLanguage\":\"fr-FR\",\"potentialAction\":[{\"@type\":\"ReadAction\",\"target\":[\"https:\/\/kengmingcn.com\/es\/product\/cortadora-de-verduras-y-frutas-manual-de-presion-externa-cebolla-patata-limon-pomelo-jamon-cortadora-de-frutas-de-cocina\/\"]}]},{\"@type\":\"ImageObject\",\"inLanguage\":\"fr-FR\",\"@id\":\"https:\/\/kengmingcn.com\/es\/product\/cortadora-de-verduras-y-frutas-manual-de-presion-externa-cebolla-patata-limon-pomelo-jamon-cortadora-de-frutas-de-cocina\/#primaryimage\",\"url\":\"https:\/\/kengmingcn.com\/wp-content\/uploads\/2025\/05\/Kitchen-Fruit-Slicer-1_11zon-1.webp\",\"contentUrl\":\"https:\/\/kengmingcn.com\/wp-content\/uploads\/2025\/05\/Kitchen-Fruit-Slicer-1_11zon-1.webp\",\"width\":550,\"height\":550},{\"@type\":\"BreadcrumbList\",\"@id\":\"https:\/\/kengmingcn.com\/es\/product\/cortadora-de-verduras-y-frutas-manual-de-presion-externa-cebolla-patata-limon-pomelo-jamon-cortadora-de-frutas-de-cocina\/#breadcrumb\",\"itemListElement\":[{\"@type\":\"ListItem\",\"position\":1,\"name\":\"Home\",\"item\":\"https:\/\/kengmingcn.com\/\"},{\"@type\":\"ListItem\",\"position\":2,\"name\":\"Catalogue\",\"item\":\"https:\/\/kengmingcn.com\/?page_id=27131\"},{\"@type\":\"ListItem\",\"position\":3,\"name\":\"External Pressure Manual Vegetable and Fruit Slicer Onion Potato Lemon Grapefruit Ham Kitchen Fruit Slicer\"}]},{\"@type\":\"WebSite\",\"@id\":\"https:\/\/kengmingcn.com\/#website\",\"url\":\"https:\/\/kengmingcn.com\/\",\"name\":\"Kitchen Equipment\",\"description\":\"KengMing is a professional commercial kitchen equipment manufacturer and wholesale supplier, offering cooking, food prep and bakery equipment with OEM &amp; ODM service for global distributors.\",\"publisher\":{\"@id\":\"https:\/\/kengmingcn.com\/#organization\"},\"potentialAction\":[{\"@type\":\"SearchAction\",\"target\":{\"@type\":\"EntryPoint\",\"urlTemplate\":\"https:\/\/kengmingcn.com\/?s={search_term_string}\"},\"query-input\":{\"@type\":\"PropertyValueSpecification\",\"valueRequired\":true,\"valueName\":\"search_term_string\"}}],\"inLanguage\":\"fr-FR\"},{\"@type\":\"Organization\",\"@id\":\"https:\/\/kengmingcn.com\/#organization\",\"name\":\"GuangZhou KengMing\",\"url\":\"https:\/\/kengmingcn.com\/\",\"logo\":{\"@type\":\"ImageObject\",\"inLanguage\":\"fr-FR\",\"@id\":\"https:\/\/kengmingcn.com\/#\/schema\/logo\/image\/\",\"url\":\"https:\/\/kengmingcn.com\/wp-content\/uploads\/2025\/04\/cropped-1744508604969-removebg-preview.png\",\"contentUrl\":\"https:\/\/kengmingcn.com\/wp-content\/uploads\/2025\/04\/cropped-1744508604969-removebg-preview.png\",\"width\":512,\"height\":512,\"caption\":\"GuangZhou KengMing\"},\"image\":{\"@id\":\"https:\/\/kengmingcn.com\/#\/schema\/logo\/image\/\"}}]}<\/script>\n<meta property=\"product:price:amount\" content=\"0.00\" \/>\n<meta property=\"product:price:currency\" content=\"USD\" \/>\n<meta property=\"og:availability\" content=\"instock\" \/>\n<meta property=\"product:availability\" content=\"instock\" \/>\n<meta property=\"product:condition\" content=\"new\" \/>\n<!-- \/ Yoast SEO Premium plugin. -->","yoast_head_json":{"title":"Trancheur manuel de l\u00e9gumes et de fruits \u00e0 pression externe Oignon Pomme de terre Citron Pamplemousse Jambon Trancheur de fruits de cuisine - KengMing | Fabricant de mat\u00e9riel de cuisine professionnelle","robots":{"index":"index","follow":"follow","max-snippet":"max-snippet:-1","max-image-preview":"max-image-preview:large","max-video-preview":"max-video-preview:-1"},"canonical":"https:\/\/kengmingcn.com\/fr\/product\/coupe-legumes-et-fruits-manuel-a-pression-externe-oignon-pomme-de-terre-citron-pamplemousse-jambon-cuisine-coupe-fruits\/","og_locale":"fr_FR","og_type":"article","og_title":"External Pressure Manual Vegetable and Fruit Slicer Onion Potato Lemon Grapefruit Ham Kitchen Fruit Slicer","og_description":"Safer and more convenient way to handle your fruits.","og_url":"https:\/\/kengmingcn.com\/fr\/product\/coupe-legumes-et-fruits-manuel-a-pression-externe-oignon-pomme-de-terre-citron-pamplemousse-jambon-cuisine-coupe-fruits\/","og_site_name":"KengMing | Manufacturer of Commercial Kitchen Equipment","article_modified_time":"2025-05-18T04:00:37+00:00","og_image":[{"width":550,"height":550,"url":"https:\/\/kengmingcn.com\/wp-content\/uploads\/2025\/05\/Kitchen-Fruit-Slicer-1_11zon-1.webp","type":"image\/webp"}],"twitter_card":"summary_large_image","twitter_misc":{"Prix":"","Disponibilit\u00e9":"En stock"},"schema":{"@context":"https:\/\/schema.org","@graph":[{"@type":"WebPage","@id":"https:\/\/kengmingcn.com\/es\/product\/cortadora-de-verduras-y-frutas-manual-de-presion-externa-cebolla-patata-limon-pomelo-jamon-cortadora-de-frutas-de-cocina\/","url":"https:\/\/kengmingcn.com\/es\/product\/cortadora-de-verduras-y-frutas-manual-de-presion-externa-cebolla-patata-limon-pomelo-jamon-cortadora-de-frutas-de-cocina\/","name":"Trancheur manuel de l\u00e9gumes et de fruits \u00e0 pression externe Oignon Pomme de terre Citron Pamplemousse Jambon Trancheur de fruits de cuisine - KengMing | Fabricant de mat\u00e9riel de cuisine professionnelle","isPartOf":{"@id":"https:\/\/kengmingcn.com\/#website"},"primaryImageOfPage":{"@id":"https:\/\/kengmingcn.com\/es\/product\/cortadora-de-verduras-y-frutas-manual-de-presion-externa-cebolla-patata-limon-pomelo-jamon-cortadora-de-frutas-de-cocina\/#primaryimage"},"image":{"@id":"https:\/\/kengmingcn.com\/es\/product\/cortadora-de-verduras-y-frutas-manual-de-presion-externa-cebolla-patata-limon-pomelo-jamon-cortadora-de-frutas-de-cocina\/#primaryimage"},"thumbnailUrl":"https:\/\/kengmingcn.com\/wp-content\/uploads\/2025\/05\/Kitchen-Fruit-Slicer-1_11zon-1.webp","datePublished":"2025-05-18T03:50:48+00:00","dateModified":"2025-05-18T04:00:37+00:00","breadcrumb":{"@id":"https:\/\/kengmingcn.com\/es\/product\/cortadora-de-verduras-y-frutas-manual-de-presion-externa-cebolla-patata-limon-pomelo-jamon-cortadora-de-frutas-de-cocina\/#breadcrumb"},"inLanguage":"fr-FR","potentialAction":[{"@type":"ReadAction","target":["https:\/\/kengmingcn.com\/es\/product\/cortadora-de-verduras-y-frutas-manual-de-presion-externa-cebolla-patata-limon-pomelo-jamon-cortadora-de-frutas-de-cocina\/"]}]},{"@type":"ImageObject","inLanguage":"fr-FR","@id":"https:\/\/kengmingcn.com\/es\/product\/cortadora-de-verduras-y-frutas-manual-de-presion-externa-cebolla-patata-limon-pomelo-jamon-cortadora-de-frutas-de-cocina\/#primaryimage","url":"https:\/\/kengmingcn.com\/wp-content\/uploads\/2025\/05\/Kitchen-Fruit-Slicer-1_11zon-1.webp","contentUrl":"https:\/\/kengmingcn.com\/wp-content\/uploads\/2025\/05\/Kitchen-Fruit-Slicer-1_11zon-1.webp","width":550,"height":550},{"@type":"BreadcrumbList","@id":"https:\/\/kengmingcn.com\/es\/product\/cortadora-de-verduras-y-frutas-manual-de-presion-externa-cebolla-patata-limon-pomelo-jamon-cortadora-de-frutas-de-cocina\/#breadcrumb","itemListElement":[{"@type":"ListItem","position":1,"name":"Home","item":"https:\/\/kengmingcn.com\/"},{"@type":"ListItem","position":2,"name":"Catalogue","item":"https:\/\/kengmingcn.com\/?page_id=27131"},{"@type":"ListItem","position":3,"name":"External Pressure Manual Vegetable and Fruit Slicer Onion Potato Lemon Grapefruit Ham Kitchen Fruit Slicer"}]},{"@type":"WebSite","@id":"https:\/\/kengmingcn.com\/#website","url":"https:\/\/kengmingcn.com\/","name":"\u00c9quipement de cuisine","description":"KengMing is a professional commercial kitchen equipment manufacturer and wholesale supplier, offering cooking, food prep and bakery equipment with OEM &amp; ODM service for global distributors.","publisher":{"@id":"https:\/\/kengmingcn.com\/#organization"},"potentialAction":[{"@type":"SearchAction","target":{"@type":"EntryPoint","urlTemplate":"https:\/\/kengmingcn.com\/?s={search_term_string}"},"query-input":{"@type":"PropertyValueSpecification","valueRequired":true,"valueName":"search_term_string"}}],"inLanguage":"fr-FR"},{"@type":"Organization","@id":"https:\/\/kengmingcn.com\/#organization","name":"GuangZhou KengMing","url":"https:\/\/kengmingcn.com\/","logo":{"@type":"ImageObject","inLanguage":"fr-FR","@id":"https:\/\/kengmingcn.com\/#\/schema\/logo\/image\/","url":"https:\/\/kengmingcn.com\/wp-content\/uploads\/2025\/04\/cropped-1744508604969-removebg-preview.png","contentUrl":"https:\/\/kengmingcn.com\/wp-content\/uploads\/2025\/04\/cropped-1744508604969-removebg-preview.png","width":512,"height":512,"caption":"GuangZhou KengMing"},"image":{"@id":"https:\/\/kengmingcn.com\/#\/schema\/logo\/image\/"}}]},"product_price_amount":"0.00","product_price_currency":"USD","og_availability":"instock","product_availability":"instock","product_condition":"new"},"_links":{"self":[{"href":"https:\/\/kengmingcn.com\/fr\/wp-json\/wp\/v2\/product\/50741","targetHints":{"allow":["GET"]}}],"collection":[{"href":"https:\/\/kengmingcn.com\/fr\/wp-json\/wp\/v2\/product"}],"about":[{"href":"https:\/\/kengmingcn.com\/fr\/wp-json\/wp\/v2\/types\/product"}],"replies":[{"embeddable":true,"href":"https:\/\/kengmingcn.com\/fr\/wp-json\/wp\/v2\/comments?post=50741"}],"wp:featuredmedia":[{"embeddable":true,"href":"https:\/\/kengmingcn.com\/fr\/wp-json\/wp\/v2\/media\/50755"}],"wp:attachment":[{"href":"https:\/\/kengmingcn.com\/fr\/wp-json\/wp\/v2\/media?parent=50741"}],"wp:term":[{"taxonomy":"product_brand","embeddable":true,"href":"https:\/\/kengmingcn.com\/fr\/wp-json\/wp\/v2\/product_brand?post=50741"},{"taxonomy":"product_cat","embeddable":true,"href":"https:\/\/kengmingcn.com\/fr\/wp-json\/wp\/v2\/product_cat?post=50741"},{"taxonomy":"product_tag","embeddable":true,"href":"https:\/\/kengmingcn.com\/fr\/wp-json\/wp\/v2\/product_tag?post=50741"}],"curies":[{"name":"wp","href":"https:\/\/api.w.org\/{rel}","templated":true}]}}