{"id":50589,"date":"2025-05-09T14:46:13","date_gmt":"2025-05-09T06:46:13","guid":{"rendered":"https:\/\/kengmingcn.com\/?post_type=product&#038;p=50589"},"modified":"2026-02-02T11:13:26","modified_gmt":"2026-02-02T03:13:26","slug":"machine-a-glace-pilee-blanche","status":"publish","type":"product","link":"https:\/\/kengmingcn.com\/fr\/product\/machine-a-glace-pilee-blanche\/","title":{"rendered":"Machine \u00e0 gla\u00e7ons \u00e9lectrique commerciale blanche 120W Machine \u00e0 gla\u00e7ons en blocs de glace"},"content":{"rendered":"<p class=\"ai-optimize-54 ai-optimize-introduction\">Voici la machine \u00e0 gla\u00e7ons Snowflake, une merveille d'innovation moderne qui transforme n'importe quelle boisson en un sublime flocon de glace rafra\u00eechissant. Dot\u00e9 de capacit\u00e9s de cong\u00e9lation de pointe et d'un syst\u00e8me de raclage de la glace con\u00e7u par des experts, cet appareil exceptionnel transforme comme par magie les liquides ordinaires tels que les jus, les th\u00e9s au lait et les cocktails en d\u00e9licats cristaux de glace semblables \u00e0 de la neige. Il pr\u00e9serve sans effort les riches saveurs et les qualit\u00e9s nutritives de ses ingr\u00e9dients, ce qui en fait un alli\u00e9 indispensable pour cr\u00e9er des boissons froides revigorantes, parfaites pour les plaisirs de l'\u00e9t\u00e9 et une myriade de c\u00e9l\u00e9brations.<\/p>\n<p class=\"ai-optimize-55\">1. Technologie de cong\u00e9lation avanc\u00e9e : Dot\u00e9 d'un compresseur et d'un condensateur \u00e0 haut rendement de marque r\u00e9put\u00e9e, ainsi que d'un ventilateur de haut niveau, cet appareil excelle dans la gestion sup\u00e9rieure de la chaleur au sein du syst\u00e8me de refroidissement. Il assure une cong\u00e9lation rapide des ingr\u00e9dients liquides, pr\u00e9servant leur fra\u00eecheur et leur valeur nutritionnelle, et conservant ainsi l'int\u00e9grit\u00e9 saine de chaque cr\u00e9ation.<br \/>\n2. Forme de glace r\u00e9glable : Cette machine dynamique permet aux utilisateurs de personnaliser la texture et la forme de la glace en fonction de leurs go\u00fbts. En modifiant les ingr\u00e9dients bruts et en r\u00e9glant avec pr\u00e9cision la vitesse de l'\u00e9vaporateur, elle produit une grande vari\u00e9t\u00e9 de glaces, dont la glace de neige, la glace en nouilles, la glace en flocons, la glace transparente et la glace en aiguilles. De la glace l\u00e9g\u00e8re et lisse aux textures riches et complexes, les possibilit\u00e9s sont infinies.<br \/>\n3. Multi-saveurs : Cette machine r\u00e9volutionnaire traite habilement une large gamme d'ingr\u00e9dients liquides, des jus de fruits et th\u00e9s au lait aux m\u00e9langes de desserts et cocktails, produisant un remarquable spectre de saveurs de glace neige. Elle r\u00e9pond \u00e0 une multitude de go\u00fbts des consommateurs, garantissant une aventure gustative distincte et d\u00e9licieuse \u00e0 chaque cr\u00e9ation.<br \/>\n4. Syst\u00e8me d'exploitation intelligent : La machine est dot\u00e9e d'un panneau de commande sophistiqu\u00e9, \u00e9quip\u00e9 de r\u00e9glages manuels et temporis\u00e9s, promettant un fonctionnement sans effort. Con\u00e7ue de mani\u00e8re intuitive, elle garantit une excellence uniforme pour chaque lot de glace, am\u00e9liorant ainsi le confort et la satisfaction de l'utilisateur.<br \/>\n5. Conception durable : Construite en acier inoxydable 201 et 304, cette machine est non seulement exceptionnellement r\u00e9sistante, mais aussi facile \u00e0 nettoyer et \u00e0 entretenir. Elle est con\u00e7ue pour supporter un fonctionnement intensif et une utilisation \u00e0 haute intensit\u00e9, ce qui en fait un choix fiable dans tous les environnements exigeants.<\/p>\n<p class=\"ai-optimize-56\"><img decoding=\"async\" class=\"alignnone size-full wp-image-50832\" src=\"http:\/\/kengmingcn.com\/wp-content\/uploads\/2025\/05\/White-haved-Ice-Machine-2.webp\" alt=\"Machine \u00e0 glace blanche (6)_11zon\" width=\"1060\" height=\"500\" srcset=\"https:\/\/kengmingcn.com\/wp-content\/uploads\/2025\/05\/White-haved-Ice-Machine-2.webp 1060w, https:\/\/kengmingcn.com\/wp-content\/uploads\/2025\/05\/White-haved-Ice-Machine-2-300x142.webp 300w, https:\/\/kengmingcn.com\/wp-content\/uploads\/2025\/05\/White-haved-Ice-Machine-2-1024x483.webp 1024w, https:\/\/kengmingcn.com\/wp-content\/uploads\/2025\/05\/White-haved-Ice-Machine-2-768x362.webp 768w\" sizes=\"(max-width: 1060px) 100vw, 1060px\" \/>.<br \/>\n1. Technologie de cong\u00e9lation avanc\u00e9e : Dot\u00e9 d'un compresseur et d'un condensateur \u00e0 haut rendement de marque r\u00e9put\u00e9e, ainsi que d'un ventilateur de haut niveau, cet appareil excelle dans la gestion sup\u00e9rieure de la chaleur au sein du syst\u00e8me de refroidissement. Il assure une cong\u00e9lation rapide des ingr\u00e9dients liquides, pr\u00e9servant leur fra\u00eecheur et leur valeur nutritionnelle, et conservant ainsi l'int\u00e9grit\u00e9 saine de chaque cr\u00e9ation.<br \/>\n2. Forme de glace r\u00e9glable : Cette machine dynamique permet aux utilisateurs de personnaliser la texture et la forme de la glace en fonction de leurs go\u00fbts. En modifiant les ingr\u00e9dients bruts et en r\u00e9glant avec pr\u00e9cision la vitesse de l'\u00e9vaporateur, elle produit une grande vari\u00e9t\u00e9 de glaces, dont la glace de neige, la glace en nouilles, la glace en flocons, la glace transparente et la glace en aiguilles. De la glace l\u00e9g\u00e8re et lisse aux textures riches et complexes, les possibilit\u00e9s sont infinies.<br \/>\n3. Multi-saveurs : Cette machine r\u00e9volutionnaire traite habilement une large gamme d'ingr\u00e9dients liquides, des jus de fruits et th\u00e9s au lait aux m\u00e9langes de desserts et cocktails, produisant un remarquable spectre de saveurs de glace neige. Elle r\u00e9pond \u00e0 une multitude de go\u00fbts des consommateurs, garantissant une aventure gustative distincte et d\u00e9licieuse \u00e0 chaque cr\u00e9ation.<br \/>\n4. Syst\u00e8me d'exploitation intelligent : La machine est dot\u00e9e d'un panneau de commande sophistiqu\u00e9, \u00e9quip\u00e9 de r\u00e9glages manuels et temporis\u00e9s, promettant un fonctionnement sans effort. Con\u00e7ue de mani\u00e8re intuitive, elle garantit une excellence uniforme pour chaque lot de glace, am\u00e9liorant ainsi le confort et la satisfaction de l'utilisateur.<br \/>\n5. Conception durable : Construite en acier inoxydable 201 et 304, cette machine est non seulement exceptionnellement r\u00e9sistante, mais aussi facile \u00e0 nettoyer et \u00e0 entretenir. Elle est con\u00e7ue pour supporter un fonctionnement intensif et une utilisation \u00e0 haute intensit\u00e9, ce qui en fait un choix fiable dans n'importe quel environnement exigeant.<\/p>\n<p><img decoding=\"async\" class=\"alignnone size-full wp-image-50833\" src=\"http:\/\/kengmingcn.com\/wp-content\/uploads\/2025\/05\/White-haved-Ice-Machine-3.webp\" alt=\"\" width=\"1060\" height=\"500\" srcset=\"https:\/\/kengmingcn.com\/wp-content\/uploads\/2025\/05\/White-haved-Ice-Machine-3.webp 1060w, https:\/\/kengmingcn.com\/wp-content\/uploads\/2025\/05\/White-haved-Ice-Machine-3-300x142.webp 300w, https:\/\/kengmingcn.com\/wp-content\/uploads\/2025\/05\/White-haved-Ice-Machine-3-1024x483.webp 1024w, https:\/\/kengmingcn.com\/wp-content\/uploads\/2025\/05\/White-haved-Ice-Machine-3-768x362.webp 768w\" sizes=\"(max-width: 1060px) 100vw, 1060px\" \/> <img decoding=\"async\" class=\"alignnone size-full wp-image-50834\" src=\"http:\/\/kengmingcn.com\/wp-content\/uploads\/2025\/05\/White-haved-Ice-Machine-7.webp\" alt=\"\" width=\"1060\" height=\"500\" srcset=\"https:\/\/kengmingcn.com\/wp-content\/uploads\/2025\/05\/White-haved-Ice-Machine-7.webp 1060w, https:\/\/kengmingcn.com\/wp-content\/uploads\/2025\/05\/White-haved-Ice-Machine-7-300x142.webp 300w, https:\/\/kengmingcn.com\/wp-content\/uploads\/2025\/05\/White-haved-Ice-Machine-7-1024x483.webp 1024w, https:\/\/kengmingcn.com\/wp-content\/uploads\/2025\/05\/White-haved-Ice-Machine-7-768x362.webp 768w\" sizes=\"(max-width: 1060px) 100vw, 1060px\" \/> <img decoding=\"async\" class=\"alignnone size-full wp-image-50835\" src=\"http:\/\/kengmingcn.com\/wp-content\/uploads\/2025\/05\/White-haved-Ice-Machine-1.webp\" alt=\"\" width=\"1060\" height=\"500\" srcset=\"https:\/\/kengmingcn.com\/wp-content\/uploads\/2025\/05\/White-haved-Ice-Machine-1.webp 1060w, https:\/\/kengmingcn.com\/wp-content\/uploads\/2025\/05\/White-haved-Ice-Machine-1-300x142.webp 300w, https:\/\/kengmingcn.com\/wp-content\/uploads\/2025\/05\/White-haved-Ice-Machine-1-1024x483.webp 1024w, https:\/\/kengmingcn.com\/wp-content\/uploads\/2025\/05\/White-haved-Ice-Machine-1-768x362.webp 768w\" sizes=\"(max-width: 1060px) 100vw, 1060px\" \/><\/p>\n<p class=\"ai-optimize-57\">1. Magasins de desserts et de glace : Objectif : cr\u00e9er un assortiment attrayant de saveurs de flocons de neige et de glace ras\u00e9e, captiver les consommateurs et proposer des d\u00e9lices glac\u00e9s innovants.<br \/>\nExemple : L'\u00e9tablissement permet aux clients de personnaliser leur glace en flocon de neige en choisissant parmi une vaste gamme de garnitures et d'ar\u00f4mes, afin de cr\u00e9er une friandise glac\u00e9e sur mesure.<br \/>\n2. Restaurants et caf\u00e9s : Objectif : enrichir l'offre de desserts avec des vari\u00e9t\u00e9s de glace exclusives, en am\u00e9liorant l'exp\u00e9rience gastronomique gr\u00e2ce \u00e0 une s\u00e9lection vari\u00e9e et passionnante.<br \/>\nExemple : Les restaurants peuvent int\u00e9grer la glace en flocon de neige dans leurs menus de desserts ou l'utiliser pour \u00e9laborer des boissons r\u00e9frig\u00e9r\u00e9es uniques, ajoutant ainsi une touche de fra\u00eecheur \u00e0 leurs offres.<br \/>\n3. Stands et march\u00e9s d'alimentation de rue : Objectif : pr\u00e9parer sur place de la glace fra\u00eeche en flocons de neige, attirer les foules et proposer de d\u00e9licieuses friandises glac\u00e9es fra\u00eechement fabriqu\u00e9es.<br \/>\nExemple : En installant des stands de glace en flocon de neige dans des march\u00e9s nocturnes anim\u00e9s ou des foires alimentaires, les vendeurs peuvent produire et servir de la glace en flocon de neige fra\u00eechement fabriqu\u00e9e \u00e0 des clients enthousiastes.<br \/>\n4. R\u00e9unions de famille et \u00e9v\u00e9nements priv\u00e9s : Objectif : offrir aux invit\u00e9s la possibilit\u00e9 de fabriquer eux-m\u00eames de la glace lors de r\u00e9unions de famille ou d'\u00e9v\u00e9nements priv\u00e9s, afin d'enrichir l'ambiance g\u00e9n\u00e9rale.<br \/>\nExemple : Une machine \u00e0 glace en flocon de neige peut \u00eatre utilis\u00e9e lors de r\u00e9unions de famille pour cr\u00e9er de d\u00e9licieux flocons de neige qui agr\u00e9menteront les desserts ou rafra\u00eechiront les boissons.<br \/>\n5. Manifestations et expositions \u00e0 grande \u00e9chelle : Utilisation : Offrir de la glace en flocons de neige fra\u00eechement pr\u00e9par\u00e9e aux participants \u00e0 l'\u00e9v\u00e9nement, ce qui rehausse le charme de l'\u00e9v\u00e9nement et sert d'attraction interactive.<br \/>\nExemple : Les stands de glace en flocons de neige sont tr\u00e8s appr\u00e9ci\u00e9s dans les expositions et les festivals, car ils captivent les visiteurs en leur offrant des friandises rafra\u00eechissantes et d\u00e9licieuses \u00e0 la demande.<\/p>\n<p><img decoding=\"async\" class=\"alignnone size-full wp-image-50837\" src=\"http:\/\/kengmingcn.com\/wp-content\/uploads\/2025\/05\/White-haved-Ice-Machine-5.webp\" alt=\"\" width=\"1060\" height=\"500\" srcset=\"https:\/\/kengmingcn.com\/wp-content\/uploads\/2025\/05\/White-haved-Ice-Machine-5.webp 1060w, https:\/\/kengmingcn.com\/wp-content\/uploads\/2025\/05\/White-haved-Ice-Machine-5-300x142.webp 300w, https:\/\/kengmingcn.com\/wp-content\/uploads\/2025\/05\/White-haved-Ice-Machine-5-1024x483.webp 1024w, https:\/\/kengmingcn.com\/wp-content\/uploads\/2025\/05\/White-haved-Ice-Machine-5-768x362.webp 768w\" sizes=\"(max-width: 1060px) 100vw, 1060px\" \/><img decoding=\"async\" class=\"alignnone size-full wp-image-50838\" src=\"http:\/\/kengmingcn.com\/wp-content\/uploads\/2025\/05\/White-haved-Ice-Machine-6.webp\" alt=\"\" width=\"1060\" height=\"500\" srcset=\"https:\/\/kengmingcn.com\/wp-content\/uploads\/2025\/05\/White-haved-Ice-Machine-6.webp 1060w, https:\/\/kengmingcn.com\/wp-content\/uploads\/2025\/05\/White-haved-Ice-Machine-6-300x142.webp 300w, https:\/\/kengmingcn.com\/wp-content\/uploads\/2025\/05\/White-haved-Ice-Machine-6-1024x483.webp 1024w, https:\/\/kengmingcn.com\/wp-content\/uploads\/2025\/05\/White-haved-Ice-Machine-6-768x362.webp 768w\" sizes=\"(max-width: 1060px) 100vw, 1060px\" \/><img decoding=\"async\" class=\"alignnone size-full wp-image-50836\" src=\"http:\/\/kengmingcn.com\/wp-content\/uploads\/2025\/05\/White-haved-Ice-Machine-4.webp\" alt=\"\" width=\"1060\" height=\"500\" srcset=\"https:\/\/kengmingcn.com\/wp-content\/uploads\/2025\/05\/White-haved-Ice-Machine-4.webp 1060w, https:\/\/kengmingcn.com\/wp-content\/uploads\/2025\/05\/White-haved-Ice-Machine-4-300x142.webp 300w, https:\/\/kengmingcn.com\/wp-content\/uploads\/2025\/05\/White-haved-Ice-Machine-4-1024x483.webp 1024w, https:\/\/kengmingcn.com\/wp-content\/uploads\/2025\/05\/White-haved-Ice-Machine-4-768x362.webp 768w\" sizes=\"(max-width: 1060px) 100vw, 1060px\" \/><\/p>\n<blockquote class=\"wp-embedded-content\" data-secret=\"wFGuSUGUf8\"><p><a href=\"https:\/\/kengmingcn.com\/fr\/2025\/07\/03\/comment-faire-de-la-glace-finement-rasee\/\">Comment faire de la glace finement ras\u00e9e<\/a><\/p><\/blockquote>\n<p><iframe class=\"wp-embedded-content\" sandbox=\"allow-scripts\" security=\"restricted\" style=\"position: absolute; visibility: hidden;\" title=\"\u300a Comment faire de la glace pil\u00e9e \u300b-GuangZhou KengMing\" src=\"https:\/\/kengmingcn.com\/2025\/07\/03\/how-to-make-fine-shaved-ice\/embed\/#?secret=NQaMjtAYop#?secret=wFGuSUGUf8\" data-secret=\"wFGuSUGUf8\" width=\"600\" height=\"338\" frameborder=\"0\" marginwidth=\"0\" marginheight=\"0\" scrolling=\"no\"><\/iframe><\/p>","protected":false},"excerpt":{"rendered":"<div class=\"elementor-element elementor-element-74fd77e elementor-widget elementor-widget-heading\" data-id=\"74fd77e\" data-element_type=\"widget\" data-widget_type=\"heading.default\">\n<div class=\"elementor-widget-container\">\n<ul>\n<li>Puissance : &lt;200W<\/li>\n<li>Structure : Type int\u00e9gral<\/li>\n<li>Puissance nominale : 120W<\/li>\n<li>Hauteur de la glace : 18cm<\/li>\n<\/ul>\n<\/div>\n<\/div>","protected":false},"featured_media":50826,"comment_status":"open","ping_status":"closed","template":"","meta":{"_acf_changed":false},"product_brand":[],"product_cat":[249,275],"product_tag":[],"class_list":{"0":"post-50589","1":"product","2":"type-product","3":"status-publish","4":"has-post-thumbnail","6":"product_cat-icicle-and-shaved-ice-machine","7":"product_cat-refrigeration-equipment","8":"description-off","10":"first","11":"instock","12":"shipping-taxable","13":"product-type-simple"},"acf":[],"yoast_head":"<!-- This site is optimized with the Yoast SEO Premium plugin v25.3 (Yoast SEO v26.3) - https:\/\/yoast.com\/wordpress\/plugins\/seo\/ -->\n<title>White 120W Commercial Electric Shaved Ice Machine Ice Block Shaved Ice Machine - KengMing | Manufacturer of Commercial Kitchen Equipment<\/title>\n<meta name=\"description\" content=\"Shaved Ice Machine BlueShaved Ice Machine White\" \/>\n<meta name=\"robots\" content=\"index, follow, max-snippet:-1, max-image-preview:large, max-video-preview:-1\" \/>\n<link rel=\"canonical\" href=\"https:\/\/kengmingcn.com\/fr\/product\/machine-a-glace-pilee-blanche\/\" \/>\n<meta property=\"og:locale\" content=\"fr_FR\" \/>\n<meta property=\"og:type\" content=\"article\" \/>\n<meta property=\"og:title\" content=\"White 120W Commercial Electric Shaved Ice Machine Ice Block Shaved Ice Machine\" \/>\n<meta property=\"og:description\" content=\"Shaved Ice Machine BlueShaved Ice Machine White\" \/>\n<meta property=\"og:url\" content=\"https:\/\/kengmingcn.com\/fr\/product\/machine-a-glace-pilee-blanche\/\" \/>\n<meta property=\"og:site_name\" content=\"KengMing | Manufacturer of Commercial Kitchen Equipment\" \/>\n<meta property=\"article:modified_time\" content=\"2026-02-02T03:13:26+00:00\" \/>\n<meta property=\"og:image\" content=\"https:\/\/kengmingcn.com\/wp-content\/uploads\/2025\/05\/White-haved-Ice-Machine-6_11zon.webp\" \/>\n\t<meta property=\"og:image:width\" content=\"550\" \/>\n\t<meta property=\"og:image:height\" content=\"550\" \/>\n\t<meta property=\"og:image:type\" content=\"image\/webp\" \/>\n<meta name=\"twitter:card\" content=\"summary_large_image\" \/>\n<meta name=\"twitter:label1\" content=\"Prix\" \/>\n\t<meta name=\"twitter:data1\" content=\"\" \/>\n\t<meta name=\"twitter:label2\" content=\"Disponibilit\u00e9\" \/>\n\t<meta name=\"twitter:data2\" content=\"En stock\" \/>\n<script type=\"application\/ld+json\" class=\"yoast-schema-graph\">{\"@context\":\"https:\/\/schema.org\",\"@graph\":[{\"@type\":\"WebPage\",\"@id\":\"https:\/\/kengmingcn.com\/product\/shaved-ice-machine-white\/\",\"url\":\"https:\/\/kengmingcn.com\/product\/shaved-ice-machine-white\/\",\"name\":\"White 120W Commercial Electric Shaved Ice Machine Ice Block Shaved Ice Machine - KengMing | Manufacturer of Commercial Kitchen Equipment\",\"isPartOf\":{\"@id\":\"https:\/\/kengmingcn.com\/#website\"},\"primaryImageOfPage\":{\"@id\":\"https:\/\/kengmingcn.com\/product\/shaved-ice-machine-white\/#primaryimage\"},\"image\":{\"@id\":\"https:\/\/kengmingcn.com\/product\/shaved-ice-machine-white\/#primaryimage\"},\"thumbnailUrl\":\"https:\/\/kengmingcn.com\/wp-content\/uploads\/2025\/05\/White-haved-Ice-Machine-6_11zon.webp\",\"datePublished\":\"2025-05-09T06:46:13+00:00\",\"dateModified\":\"2026-02-02T03:13:26+00:00\",\"description\":\"Shaved Ice Machine BlueShaved Ice Machine White\",\"breadcrumb\":{\"@id\":\"https:\/\/kengmingcn.com\/product\/shaved-ice-machine-white\/#breadcrumb\"},\"inLanguage\":\"fr-FR\",\"potentialAction\":[{\"@type\":\"ReadAction\",\"target\":[\"https:\/\/kengmingcn.com\/product\/shaved-ice-machine-white\/\"]}]},{\"@type\":\"ImageObject\",\"inLanguage\":\"fr-FR\",\"@id\":\"https:\/\/kengmingcn.com\/product\/shaved-ice-machine-white\/#primaryimage\",\"url\":\"https:\/\/kengmingcn.com\/wp-content\/uploads\/2025\/05\/White-haved-Ice-Machine-6_11zon.webp\",\"contentUrl\":\"https:\/\/kengmingcn.com\/wp-content\/uploads\/2025\/05\/White-haved-Ice-Machine-6_11zon.webp\",\"width\":550,\"height\":550,\"caption\":\"White haved Ice Machine\"},{\"@type\":\"BreadcrumbList\",\"@id\":\"https:\/\/kengmingcn.com\/product\/shaved-ice-machine-white\/#breadcrumb\",\"itemListElement\":[{\"@type\":\"ListItem\",\"position\":1,\"name\":\"Home\",\"item\":\"https:\/\/kengmingcn.com\/\"},{\"@type\":\"ListItem\",\"position\":2,\"name\":\"Catalogue\",\"item\":\"https:\/\/kengmingcn.com\/?page_id=27131\"},{\"@type\":\"ListItem\",\"position\":3,\"name\":\"White 120W Commercial Electric Shaved Ice Machine Ice Block Shaved Ice Machine\"}]},{\"@type\":\"WebSite\",\"@id\":\"https:\/\/kengmingcn.com\/#website\",\"url\":\"https:\/\/kengmingcn.com\/\",\"name\":\"Kitchen Equipment\",\"description\":\"KengMing is a professional commercial kitchen equipment manufacturer and wholesale supplier, offering cooking, food prep and bakery equipment with OEM &amp; ODM service for global distributors.\",\"publisher\":{\"@id\":\"https:\/\/kengmingcn.com\/#organization\"},\"potentialAction\":[{\"@type\":\"SearchAction\",\"target\":{\"@type\":\"EntryPoint\",\"urlTemplate\":\"https:\/\/kengmingcn.com\/?s={search_term_string}\"},\"query-input\":{\"@type\":\"PropertyValueSpecification\",\"valueRequired\":true,\"valueName\":\"search_term_string\"}}],\"inLanguage\":\"fr-FR\"},{\"@type\":\"Organization\",\"@id\":\"https:\/\/kengmingcn.com\/#organization\",\"name\":\"GuangZhou KengMing\",\"url\":\"https:\/\/kengmingcn.com\/\",\"logo\":{\"@type\":\"ImageObject\",\"inLanguage\":\"fr-FR\",\"@id\":\"https:\/\/kengmingcn.com\/#\/schema\/logo\/image\/\",\"url\":\"https:\/\/kengmingcn.com\/wp-content\/uploads\/2025\/04\/cropped-1744508604969-removebg-preview.png\",\"contentUrl\":\"https:\/\/kengmingcn.com\/wp-content\/uploads\/2025\/04\/cropped-1744508604969-removebg-preview.png\",\"width\":512,\"height\":512,\"caption\":\"GuangZhou KengMing\"},\"image\":{\"@id\":\"https:\/\/kengmingcn.com\/#\/schema\/logo\/image\/\"}}]}<\/script>\n<meta property=\"product:price:amount\" content=\"0.00\" \/>\n<meta property=\"product:price:currency\" content=\"USD\" \/>\n<meta property=\"og:availability\" content=\"instock\" \/>\n<meta property=\"product:availability\" content=\"instock\" \/>\n<meta property=\"product:condition\" content=\"new\" \/>\n<!-- \/ Yoast SEO Premium plugin. -->","yoast_head_json":{"title":"Machine \u00e0 glace blanche 120W \u00e0 bloc de glace - KengMing | Fabricant d'\u00e9quipement de cuisine commerciale","description":"Machine \u00e0 glace pil\u00e9e bleueMachine \u00e0 glace pil\u00e9e blanche","robots":{"index":"index","follow":"follow","max-snippet":"max-snippet:-1","max-image-preview":"max-image-preview:large","max-video-preview":"max-video-preview:-1"},"canonical":"https:\/\/kengmingcn.com\/fr\/product\/machine-a-glace-pilee-blanche\/","og_locale":"fr_FR","og_type":"article","og_title":"White 120W Commercial Electric Shaved Ice Machine Ice Block Shaved Ice Machine","og_description":"Shaved Ice Machine BlueShaved Ice Machine White","og_url":"https:\/\/kengmingcn.com\/fr\/product\/machine-a-glace-pilee-blanche\/","og_site_name":"KengMing | Manufacturer of Commercial Kitchen Equipment","article_modified_time":"2026-02-02T03:13:26+00:00","og_image":[{"width":550,"height":550,"url":"https:\/\/kengmingcn.com\/wp-content\/uploads\/2025\/05\/White-haved-Ice-Machine-6_11zon.webp","type":"image\/webp"}],"twitter_card":"summary_large_image","twitter_misc":{"Prix":"","Disponibilit\u00e9":"En stock"},"schema":{"@context":"https:\/\/schema.org","@graph":[{"@type":"WebPage","@id":"https:\/\/kengmingcn.com\/product\/shaved-ice-machine-white\/","url":"https:\/\/kengmingcn.com\/product\/shaved-ice-machine-white\/","name":"Machine \u00e0 glace blanche 120W \u00e0 bloc de glace - KengMing | Fabricant d'\u00e9quipement de cuisine commerciale","isPartOf":{"@id":"https:\/\/kengmingcn.com\/#website"},"primaryImageOfPage":{"@id":"https:\/\/kengmingcn.com\/product\/shaved-ice-machine-white\/#primaryimage"},"image":{"@id":"https:\/\/kengmingcn.com\/product\/shaved-ice-machine-white\/#primaryimage"},"thumbnailUrl":"https:\/\/kengmingcn.com\/wp-content\/uploads\/2025\/05\/White-haved-Ice-Machine-6_11zon.webp","datePublished":"2025-05-09T06:46:13+00:00","dateModified":"2026-02-02T03:13:26+00:00","description":"Machine \u00e0 glace pil\u00e9e bleueMachine \u00e0 glace pil\u00e9e blanche","breadcrumb":{"@id":"https:\/\/kengmingcn.com\/product\/shaved-ice-machine-white\/#breadcrumb"},"inLanguage":"fr-FR","potentialAction":[{"@type":"ReadAction","target":["https:\/\/kengmingcn.com\/product\/shaved-ice-machine-white\/"]}]},{"@type":"ImageObject","inLanguage":"fr-FR","@id":"https:\/\/kengmingcn.com\/product\/shaved-ice-machine-white\/#primaryimage","url":"https:\/\/kengmingcn.com\/wp-content\/uploads\/2025\/05\/White-haved-Ice-Machine-6_11zon.webp","contentUrl":"https:\/\/kengmingcn.com\/wp-content\/uploads\/2025\/05\/White-haved-Ice-Machine-6_11zon.webp","width":550,"height":550,"caption":"White haved Ice Machine"},{"@type":"BreadcrumbList","@id":"https:\/\/kengmingcn.com\/product\/shaved-ice-machine-white\/#breadcrumb","itemListElement":[{"@type":"ListItem","position":1,"name":"Home","item":"https:\/\/kengmingcn.com\/"},{"@type":"ListItem","position":2,"name":"Catalogue","item":"https:\/\/kengmingcn.com\/?page_id=27131"},{"@type":"ListItem","position":3,"name":"White 120W Commercial Electric Shaved Ice Machine Ice Block Shaved Ice Machine"}]},{"@type":"WebSite","@id":"https:\/\/kengmingcn.com\/#website","url":"https:\/\/kengmingcn.com\/","name":"\u00c9quipement de cuisine","description":"KengMing is a professional commercial kitchen equipment manufacturer and wholesale supplier, offering cooking, food prep and bakery equipment with OEM &amp; ODM service for global distributors.","publisher":{"@id":"https:\/\/kengmingcn.com\/#organization"},"potentialAction":[{"@type":"SearchAction","target":{"@type":"EntryPoint","urlTemplate":"https:\/\/kengmingcn.com\/?s={search_term_string}"},"query-input":{"@type":"PropertyValueSpecification","valueRequired":true,"valueName":"search_term_string"}}],"inLanguage":"fr-FR"},{"@type":"Organization","@id":"https:\/\/kengmingcn.com\/#organization","name":"GuangZhou KengMing","url":"https:\/\/kengmingcn.com\/","logo":{"@type":"ImageObject","inLanguage":"fr-FR","@id":"https:\/\/kengmingcn.com\/#\/schema\/logo\/image\/","url":"https:\/\/kengmingcn.com\/wp-content\/uploads\/2025\/04\/cropped-1744508604969-removebg-preview.png","contentUrl":"https:\/\/kengmingcn.com\/wp-content\/uploads\/2025\/04\/cropped-1744508604969-removebg-preview.png","width":512,"height":512,"caption":"GuangZhou KengMing"},"image":{"@id":"https:\/\/kengmingcn.com\/#\/schema\/logo\/image\/"}}]},"product_price_amount":"0.00","product_price_currency":"USD","og_availability":"instock","product_availability":"instock","product_condition":"new"},"_links":{"self":[{"href":"https:\/\/kengmingcn.com\/fr\/wp-json\/wp\/v2\/product\/50589","targetHints":{"allow":["GET"]}}],"collection":[{"href":"https:\/\/kengmingcn.com\/fr\/wp-json\/wp\/v2\/product"}],"about":[{"href":"https:\/\/kengmingcn.com\/fr\/wp-json\/wp\/v2\/types\/product"}],"replies":[{"embeddable":true,"href":"https:\/\/kengmingcn.com\/fr\/wp-json\/wp\/v2\/comments?post=50589"}],"wp:featuredmedia":[{"embeddable":true,"href":"https:\/\/kengmingcn.com\/fr\/wp-json\/wp\/v2\/media\/50826"}],"wp:attachment":[{"href":"https:\/\/kengmingcn.com\/fr\/wp-json\/wp\/v2\/media?parent=50589"}],"wp:term":[{"taxonomy":"product_brand","embeddable":true,"href":"https:\/\/kengmingcn.com\/fr\/wp-json\/wp\/v2\/product_brand?post=50589"},{"taxonomy":"product_cat","embeddable":true,"href":"https:\/\/kengmingcn.com\/fr\/wp-json\/wp\/v2\/product_cat?post=50589"},{"taxonomy":"product_tag","embeddable":true,"href":"https:\/\/kengmingcn.com\/fr\/wp-json\/wp\/v2\/product_tag?post=50589"}],"curies":[{"name":"wp","href":"https:\/\/api.w.org\/{rel}","templated":true}]}}