{"id":50464,"date":"2025-05-08T19:43:07","date_gmt":"2025-05-08T11:43:07","guid":{"rendered":"https:\/\/kengmingcn.com\/?post_type=product&#038;p=50464"},"modified":"2025-12-29T17:33:56","modified_gmt":"2025-12-29T09:33:56","slug":"machine-a-glace-en-bloc-20kg-24h-320w","status":"publish","type":"product","link":"https:\/\/kengmingcn.com\/fr\/product\/machine-a-glace-en-bloc-20kg-24h-320w\/","title":{"rendered":"Machine \u00e0 glace en bloc 20kg\/24H 320w, avec certificat CE"},"content":{"rendered":"<h2 class=\"wp-block-heading\" id=\"h-description\">Description<\/h2>\n\n\n\n<p>Le <strong>Machine \u00e0 gla\u00e7ons commerciale automatique sur pied<\/strong> produit des gla\u00e7ons cristallins de haute qualit\u00e9, de mani\u00e8re efficace, pour une utilisation professionnelle ou domestique. Avec un design compact et une capacit\u00e9 de production de <strong>20 kg par 24 heures<\/strong>, Il assure un approvisionnement r\u00e9gulier en glace pour les boissons, les cocktails ou la conservation des aliments. Son syst\u00e8me de drainage par siphon brevet\u00e9 emp\u00eache l'accumulation de tartre, ce qui permet de conserver la puret\u00e9 de chaque gla\u00e7on et d'am\u00e9liorer l'exp\u00e9rience de consommation gr\u00e2ce \u00e0 une glace rafra\u00eechissante, croustillante et propre.<\/p>\n\n\n\n<div style=\"height:30px\" aria-hidden=\"true\" class=\"wp-block-spacer\"><\/div>\n\n\n\n<figure class=\"wp-block-table is-style-stripes\"><table><thead><tr><th>Mod\u00e8le<\/th><th>JMFK-20<\/th><\/tr><\/thead><tbody><tr><td>Sortie<\/td><td>20kg\/24h (44lbs\/24h)<\/td><\/tr><tr><td>Puissance<\/td><td>320w<\/td><\/tr><tr><td>Stockage de glace<\/td><td>13L<\/td><\/tr><tr><td>Mode de refroidissement<\/td><td>Refroidissement par air<\/td><\/tr><tr><td>Num\u00e9ro de la glace<\/td><td>4&#215;8 = 32<\/td><\/tr><tr><td>Taille<\/td><td>403*510*773mm<\/td><\/tr><tr><td>Poids net<\/td><td>36kg\/79lbs<\/td><\/tr><\/tbody><\/table><\/figure>\n\n\n\n<div style=\"height:30px\" aria-hidden=\"true\" class=\"wp-block-spacer\"><\/div>\n\n\n\n<div class=\"wp-block-columns is-layout-flex wp-container-core-columns-is-layout-9d6595d7 wp-block-columns-is-layout-flex dt-cr-1\">\n<div class=\"wp-block-column is-layout-flow wp-block-column-is-layout-flow\">\n<h3 class=\"wp-block-heading has-medium-font-size\" id=\"h-patented-siphon-drainage-system\"><strong>Syst\u00e8me de drainage par siphon brevet\u00e9<\/strong><\/h3>\n\n\n\n<p>La conception unique de l'\u00e9coulement par siphon emp\u00eache l'accumulation de tartre, garantissant ainsi des gla\u00e7ons cristallins \u00e0 chaque fois. Ce syst\u00e8me abaisse la temp\u00e9rature du centre de la glace, prolonge le temps de fonte et am\u00e9liore le go\u00fbt des boissons.<\/p>\n<\/div>\n\n\n\n<div class=\"wp-block-column is-layout-flow wp-block-column-is-layout-flow\">\n<h3 class=\"wp-block-heading has-medium-font-size\" id=\"h-overflow-drainage-for-harder-ice\"><strong>Drainage du trop-plein pour une glace plus dure<\/strong><\/h3>\n\n\n\n<p>Il \u00e9vacue constamment les impuret\u00e9s et le tartre du r\u00e9servoir d'eau, produisant des gla\u00e7ons transparents et durs qui restent frais plus longtemps dans les boissons, rendant chaque gorg\u00e9e plus rafra\u00eechissante et plus agr\u00e9able.<\/p>\n<\/div>\n<\/div>\n\n\n\n<div style=\"height:30px\" aria-hidden=\"true\" class=\"wp-block-spacer\"><\/div>\n\n\n\n<div class=\"wp-block-columns is-layout-flex wp-container-core-columns-is-layout-9d6595d7 wp-block-columns-is-layout-flex dt-cr-2\">\n<div class=\"wp-block-column is-layout-flow wp-block-column-is-layout-flow\">\n<h3 class=\"wp-block-heading has-medium-font-size\" id=\"h-user-friendly-design\"><strong>Conception conviviale<\/strong><\/h3>\n\n\n\n<p>La lampe \u00e0 lumi\u00e8re froide permet aux utilisateurs de prendre de la glace librement dans une lumi\u00e8re faible sans d\u00e9ranger les autres. Les panneaux faciles \u00e0 retirer permettent un entretien simple et un nettoyage rapide.<\/p>\n<\/div>\n\n\n\n<div class=\"wp-block-column is-layout-flow wp-block-column-is-layout-flow\">\n<h3 class=\"wp-block-heading has-medium-font-size\" id=\"h-elegant-vertical-design\"><strong>Design vertical \u00e9l\u00e9gant<\/strong><\/h3>\n\n\n\n<p>La porte et le cadre en forme d'arc conf\u00e8rent \u00e0 l'appareil un aspect \u00e9l\u00e9gant et moderne, qui s'int\u00e8gre parfaitement dans les environnements commerciaux et domestiques.<\/p>\n<\/div>\n<\/div>\n\n\n\n<div style=\"height:30px\" aria-hidden=\"true\" class=\"wp-block-spacer\"><\/div>\n\n\n\n<div class=\"wp-block-columns is-layout-flex wp-container-core-columns-is-layout-9d6595d7 wp-block-columns-is-layout-flex dt-cr-3\">\n<div class=\"wp-block-column is-layout-flow wp-block-column-is-layout-flow\">\n<h3 class=\"wp-block-heading has-medium-font-size\" id=\"h-more-detail\">Plus de d\u00e9tails<\/h3>\n\n\n\n<figure class=\"wp-block-gallery has-nested-images columns-2 is-cropped wp-block-gallery-1 is-layout-flex wp-block-gallery-is-layout-flex\">\n<figure class=\"wp-block-image size-full\"><img decoding=\"async\" width=\"790\" height=\"948\" data-id=\"52893\" src=\"https:\/\/kengmingcn.com\/wp-content\/uploads\/2025\/05\/\u8be6\u60c5_03_3.webp\" alt=\"D\u00e9tails des gla\u00e7ons (image)\" class=\"wp-image-52893\" srcset=\"https:\/\/kengmingcn.com\/wp-content\/uploads\/2025\/05\/\u8be6\u60c5_03_3.webp 790w, https:\/\/kengmingcn.com\/wp-content\/uploads\/2025\/05\/\u8be6\u60c5_03_3-250x300.webp 250w, https:\/\/kengmingcn.com\/wp-content\/uploads\/2025\/05\/\u8be6\u60c5_03_3-768x922.webp 768w, https:\/\/kengmingcn.com\/wp-content\/uploads\/2025\/05\/\u8be6\u60c5_03_3-10x12.webp 10w\" sizes=\"(max-width: 790px) 100vw, 790px\" \/><\/figure>\n\n\n\n<figure class=\"wp-block-image size-full\"><img decoding=\"async\" width=\"790\" height=\"910\" data-id=\"52894\" src=\"https:\/\/kengmingcn.com\/wp-content\/uploads\/2025\/05\/\u8be6\u60c5_04_4.webp\" alt=\"D\u00e9tails des gla\u00e7ons (image)\" class=\"wp-image-52894\" srcset=\"https:\/\/kengmingcn.com\/wp-content\/uploads\/2025\/05\/\u8be6\u60c5_04_4.webp 790w, https:\/\/kengmingcn.com\/wp-content\/uploads\/2025\/05\/\u8be6\u60c5_04_4-260x300.webp 260w, https:\/\/kengmingcn.com\/wp-content\/uploads\/2025\/05\/\u8be6\u60c5_04_4-768x885.webp 768w, https:\/\/kengmingcn.com\/wp-content\/uploads\/2025\/05\/\u8be6\u60c5_04_4-10x12.webp 10w\" sizes=\"(max-width: 790px) 100vw, 790px\" \/><\/figure>\n\n\n\n<figure class=\"wp-block-image size-full\"><img decoding=\"async\" width=\"790\" height=\"709\" data-id=\"52895\" src=\"https:\/\/kengmingcn.com\/wp-content\/uploads\/2025\/05\/\u8be6\u60c5_05_5.webp\" alt=\"D\u00e9tails des gla\u00e7ons (image)\" class=\"wp-image-52895\" srcset=\"https:\/\/kengmingcn.com\/wp-content\/uploads\/2025\/05\/\u8be6\u60c5_05_5.webp 790w, https:\/\/kengmingcn.com\/wp-content\/uploads\/2025\/05\/\u8be6\u60c5_05_5-300x269.webp 300w, https:\/\/kengmingcn.com\/wp-content\/uploads\/2025\/05\/\u8be6\u60c5_05_5-768x689.webp 768w, https:\/\/kengmingcn.com\/wp-content\/uploads\/2025\/05\/\u8be6\u60c5_05_5-13x12.webp 13w\" sizes=\"(max-width: 790px) 100vw, 790px\" \/><\/figure>\n\n\n\n<figure class=\"wp-block-image size-full\"><img decoding=\"async\" width=\"790\" height=\"1025\" data-id=\"52896\" src=\"https:\/\/kengmingcn.com\/wp-content\/uploads\/2025\/05\/\u8be6\u60c5_06_6.webp\" alt=\"D\u00e9tails des gla\u00e7ons (image)\" class=\"wp-image-52896\" srcset=\"https:\/\/kengmingcn.com\/wp-content\/uploads\/2025\/05\/\u8be6\u60c5_06_6.webp 790w, https:\/\/kengmingcn.com\/wp-content\/uploads\/2025\/05\/\u8be6\u60c5_06_6-231x300.webp 231w, https:\/\/kengmingcn.com\/wp-content\/uploads\/2025\/05\/\u8be6\u60c5_06_6-768x996.webp 768w, https:\/\/kengmingcn.com\/wp-content\/uploads\/2025\/05\/\u8be6\u60c5_06_6-9x12.webp 9w\" sizes=\"(max-width: 790px) 100vw, 790px\" \/><\/figure>\n\n\n\n<figure class=\"wp-block-image size-full\"><img decoding=\"async\" width=\"790\" height=\"1347\" data-id=\"52897\" src=\"https:\/\/kengmingcn.com\/wp-content\/uploads\/2025\/05\/\u8be6\u60c5_07_7.webp\" alt=\"D\u00e9tails des gla\u00e7ons (image)\" class=\"wp-image-52897\" srcset=\"https:\/\/kengmingcn.com\/wp-content\/uploads\/2025\/05\/\u8be6\u60c5_07_7.webp 790w, https:\/\/kengmingcn.com\/wp-content\/uploads\/2025\/05\/\u8be6\u60c5_07_7-176x300.webp 176w, https:\/\/kengmingcn.com\/wp-content\/uploads\/2025\/05\/\u8be6\u60c5_07_7-601x1024.webp 601w, https:\/\/kengmingcn.com\/wp-content\/uploads\/2025\/05\/\u8be6\u60c5_07_7-768x1309.webp 768w, https:\/\/kengmingcn.com\/wp-content\/uploads\/2025\/05\/\u8be6\u60c5_07_7-7x12.webp 7w\" sizes=\"(max-width: 790px) 100vw, 790px\" \/><\/figure>\n\n\n\n<figure class=\"wp-block-image size-full\"><img decoding=\"async\" width=\"790\" height=\"1163\" data-id=\"52898\" src=\"https:\/\/kengmingcn.com\/wp-content\/uploads\/2025\/05\/\u8be6\u60c5_08_8.webp\" alt=\"D\u00e9tails des gla\u00e7ons (image)\" class=\"wp-image-52898\" srcset=\"https:\/\/kengmingcn.com\/wp-content\/uploads\/2025\/05\/\u8be6\u60c5_08_8.webp 790w, https:\/\/kengmingcn.com\/wp-content\/uploads\/2025\/05\/\u8be6\u60c5_08_8-204x300.webp 204w, https:\/\/kengmingcn.com\/wp-content\/uploads\/2025\/05\/\u8be6\u60c5_08_8-696x1024.webp 696w, https:\/\/kengmingcn.com\/wp-content\/uploads\/2025\/05\/\u8be6\u60c5_08_8-768x1131.webp 768w, https:\/\/kengmingcn.com\/wp-content\/uploads\/2025\/05\/\u8be6\u60c5_08_8-8x12.webp 8w\" sizes=\"(max-width: 790px) 100vw, 790px\" \/><\/figure>\n<\/figure>\n<\/div>\n<\/div>\n\n\n\n<div class=\"wp-block-columns is-layout-flex wp-container-core-columns-is-layout-9d6595d7 wp-block-columns-is-layout-flex dt-cr-4\">\n<div class=\"wp-block-column is-layout-flow wp-block-column-is-layout-flow\">\n<div style=\"height:30px\" aria-hidden=\"true\" class=\"wp-block-spacer\"><\/div>\n\n\n\n<h2 class=\"wp-block-heading\" id=\"h-video\">Vid\u00e9o<\/h2>\n\n\n\n<figure class=\"wp-block-video\"><video controls src=\"https:\/\/cdn-gzkm.b-cdn.net\/Model\/Ice%20Maker\/60kg%20ice%20maker.mp4\"><\/video><\/figure>\n<\/div>\n\n\n\n<div class=\"wp-block-column is-layout-flow wp-block-column-is-layout-flow\"><\/div>\n<\/div>\n\n\n\n<div class=\"wp-block-columns is-layout-flex wp-container-core-columns-is-layout-9d6595d7 wp-block-columns-is-layout-flex dt-cr-5\">\n<div class=\"wp-block-column is-layout-flow wp-block-column-is-layout-flow\">\n<div style=\"height:30px\" aria-hidden=\"true\" class=\"wp-block-spacer\"><\/div>\n\n\n\n<h3 class=\"wp-block-heading\" id=\"h-why-choose-us\">Pourquoi nous choisir ?<\/h3>\n\n\n\n<p>Con\u00e7ue dans un souci de commodit\u00e9 pour l'utilisateur, cette machine \u00e0 gla\u00e7ons verticale est dot\u00e9e d'une \u00e9l\u00e9gante porte en arc de cercle, de panneaux faciles \u00e0 entretenir et, en option, d'alertes vocales intelligentes pour le signalement des pannes. \u00c9quip\u00e9e d'une lampe germicide \u00e0 ultraviolets en option, elle garantit une production de glace hygi\u00e9nique tout en \u00e9tant \u00e9conome en \u00e9nergie et respectueuse de l'environnement. Parfaite pour les caf\u00e9s, les restaurants, les bars ou les cuisines domestiques, elle allie performance, s\u00e9curit\u00e9 et style dans une machine \u00e0 gla\u00e7ons polyvalente.<\/p>\n<\/div>\n<\/div>","protected":false},"excerpt":{"rendered":"<ul>\n<li class=\"ai-optimize-44\">puissance : 320W<\/li>\n<li class=\"ai-optimize-45\">\n<div class=\"paragraph\">Production de glace : 20KG\/24H<\/div>\n<\/li>\n<li class=\"ai-optimize-28\">Stockage de glace : 13L<\/li>\n<li class=\"ai-optimize-31\">Num\u00e9ro de glace : 4\u00d78<\/li>\n<\/ul>","protected":false},"featured_media":52884,"comment_status":"open","ping_status":"closed","template":"","meta":{"_acf_changed":false},"product_brand":[],"product_cat":[246,275],"product_tag":[],"class_list":{"0":"post-50464","1":"product","2":"type-product","3":"status-publish","4":"has-post-thumbnail","6":"product_cat-ice-maker","7":"product_cat-refrigeration-equipment","8":"description-off","10":"first","11":"instock","12":"shipping-taxable","13":"product-type-simple"},"acf":[],"yoast_head":"<!-- This site is optimized with the Yoast SEO Premium plugin v25.3 (Yoast SEO v26.3) - https:\/\/yoast.com\/wordpress\/plugins\/seo\/ -->\n<title>20kg\/24H Block Ice Machine 320w, whit CE certificate - KengMing | Manufacturer of Commercial Kitchen Equipment<\/title>\n<meta name=\"description\" content=\"JMFK-20 Block Ice Machine: output :20kg\/24H, 320w, CE certified.\" \/>\n<meta name=\"robots\" content=\"index, follow, max-snippet:-1, max-image-preview:large, max-video-preview:-1\" \/>\n<link rel=\"canonical\" href=\"https:\/\/kengmingcn.com\/fr\/product\/machine-a-glace-en-bloc-20kg-24h-320w\/\" \/>\n<meta property=\"og:locale\" content=\"fr_FR\" \/>\n<meta property=\"og:type\" content=\"article\" \/>\n<meta property=\"og:title\" content=\"20kg\/24H Block Ice Machine 320w, whit CE certificate\" \/>\n<meta property=\"og:description\" content=\"JMFK-20 Block Ice Machine: output :20kg\/24H, 320w, CE certified.\" \/>\n<meta property=\"og:url\" content=\"https:\/\/kengmingcn.com\/fr\/product\/machine-a-glace-en-bloc-20kg-24h-320w\/\" \/>\n<meta property=\"og:site_name\" content=\"KengMing | Manufacturer of Commercial Kitchen Equipment\" \/>\n<meta property=\"article:modified_time\" content=\"2025-12-29T09:33:56+00:00\" \/>\n<meta property=\"og:image\" content=\"https:\/\/kengmingcn.com\/wp-content\/uploads\/2025\/05\/JMFK-20_1_11zon.webp\" \/>\n\t<meta property=\"og:image:width\" content=\"800\" \/>\n\t<meta property=\"og:image:height\" content=\"800\" \/>\n\t<meta property=\"og:image:type\" content=\"image\/webp\" \/>\n<meta name=\"twitter:card\" content=\"summary_large_image\" \/>\n<meta name=\"twitter:label1\" content=\"Prix\" \/>\n\t<meta name=\"twitter:data1\" content=\"\" \/>\n\t<meta name=\"twitter:label2\" content=\"Disponibilit\u00e9\" \/>\n\t<meta name=\"twitter:data2\" content=\"En stock\" \/>\n<script type=\"application\/ld+json\" class=\"yoast-schema-graph\">{\"@context\":\"https:\/\/schema.org\",\"@graph\":[{\"@type\":\"WebPage\",\"@id\":\"https:\/\/kengmingcn.com\/de_de\/product\/20kg-24h-blockeismaschine-320w\/\",\"url\":\"https:\/\/kengmingcn.com\/de_de\/product\/20kg-24h-blockeismaschine-320w\/\",\"name\":\"20kg\/24H Block Ice Machine 320w, whit CE certificate - KengMing | Manufacturer of Commercial Kitchen Equipment\",\"isPartOf\":{\"@id\":\"https:\/\/kengmingcn.com\/#website\"},\"primaryImageOfPage\":{\"@id\":\"https:\/\/kengmingcn.com\/de_de\/product\/20kg-24h-blockeismaschine-320w\/#primaryimage\"},\"image\":{\"@id\":\"https:\/\/kengmingcn.com\/de_de\/product\/20kg-24h-blockeismaschine-320w\/#primaryimage\"},\"thumbnailUrl\":\"https:\/\/kengmingcn.com\/wp-content\/uploads\/2025\/05\/JMFK-20_1_11zon.webp\",\"datePublished\":\"2025-05-08T11:43:07+00:00\",\"dateModified\":\"2025-12-29T09:33:56+00:00\",\"description\":\"JMFK-20 Block Ice Machine: output :20kg\/24H, 320w, CE certified.\",\"breadcrumb\":{\"@id\":\"https:\/\/kengmingcn.com\/de_de\/product\/20kg-24h-blockeismaschine-320w\/#breadcrumb\"},\"inLanguage\":\"fr-FR\",\"potentialAction\":[{\"@type\":\"ReadAction\",\"target\":[\"https:\/\/kengmingcn.com\/de_de\/product\/20kg-24h-blockeismaschine-320w\/\"]}]},{\"@type\":\"ImageObject\",\"inLanguage\":\"fr-FR\",\"@id\":\"https:\/\/kengmingcn.com\/de_de\/product\/20kg-24h-blockeismaschine-320w\/#primaryimage\",\"url\":\"https:\/\/kengmingcn.com\/wp-content\/uploads\/2025\/05\/JMFK-20_1_11zon.webp\",\"contentUrl\":\"https:\/\/kengmingcn.com\/wp-content\/uploads\/2025\/05\/JMFK-20_1_11zon.webp\",\"width\":800,\"height\":800,\"caption\":\"JMFK-20 cube ice machine\"},{\"@type\":\"BreadcrumbList\",\"@id\":\"https:\/\/kengmingcn.com\/de_de\/product\/20kg-24h-blockeismaschine-320w\/#breadcrumb\",\"itemListElement\":[{\"@type\":\"ListItem\",\"position\":1,\"name\":\"Home\",\"item\":\"https:\/\/kengmingcn.com\/\"},{\"@type\":\"ListItem\",\"position\":2,\"name\":\"Catalogue\",\"item\":\"https:\/\/kengmingcn.com\/?page_id=27131\"},{\"@type\":\"ListItem\",\"position\":3,\"name\":\"20kg\/24H Block Ice Machine 320w, whit CE certificate\"}]},{\"@type\":\"WebSite\",\"@id\":\"https:\/\/kengmingcn.com\/#website\",\"url\":\"https:\/\/kengmingcn.com\/\",\"name\":\"Kitchen Equipment\",\"description\":\"KengMing is a professional commercial kitchen equipment manufacturer and wholesale supplier, offering cooking, food prep and bakery equipment with OEM &amp; ODM service for global distributors.\",\"publisher\":{\"@id\":\"https:\/\/kengmingcn.com\/#organization\"},\"potentialAction\":[{\"@type\":\"SearchAction\",\"target\":{\"@type\":\"EntryPoint\",\"urlTemplate\":\"https:\/\/kengmingcn.com\/?s={search_term_string}\"},\"query-input\":{\"@type\":\"PropertyValueSpecification\",\"valueRequired\":true,\"valueName\":\"search_term_string\"}}],\"inLanguage\":\"fr-FR\"},{\"@type\":\"Organization\",\"@id\":\"https:\/\/kengmingcn.com\/#organization\",\"name\":\"GuangZhou KengMing\",\"url\":\"https:\/\/kengmingcn.com\/\",\"logo\":{\"@type\":\"ImageObject\",\"inLanguage\":\"fr-FR\",\"@id\":\"https:\/\/kengmingcn.com\/#\/schema\/logo\/image\/\",\"url\":\"https:\/\/kengmingcn.com\/wp-content\/uploads\/2025\/04\/cropped-1744508604969-removebg-preview.png\",\"contentUrl\":\"https:\/\/kengmingcn.com\/wp-content\/uploads\/2025\/04\/cropped-1744508604969-removebg-preview.png\",\"width\":512,\"height\":512,\"caption\":\"GuangZhou KengMing\"},\"image\":{\"@id\":\"https:\/\/kengmingcn.com\/#\/schema\/logo\/image\/\"}}]}<\/script>\n<meta property=\"product:price:amount\" content=\"0.00\" \/>\n<meta property=\"product:price:currency\" content=\"USD\" \/>\n<meta property=\"og:availability\" content=\"instock\" \/>\n<meta property=\"product:availability\" content=\"instock\" \/>\n<meta property=\"product:condition\" content=\"new\" \/>\n<!-- \/ Yoast SEO Premium plugin. -->","yoast_head_json":{"title":"Machine \u00e0 glace en bloc 20kg\/24H 320w, avec certificat CE - KengMing | Fabricant de mat\u00e9riel de cuisine professionnelle","description":"Machine \u00e0 glace en bloc JMFK-20 : rendement :20kg\/24H, 320w, certifi\u00e9 CE.","robots":{"index":"index","follow":"follow","max-snippet":"max-snippet:-1","max-image-preview":"max-image-preview:large","max-video-preview":"max-video-preview:-1"},"canonical":"https:\/\/kengmingcn.com\/fr\/product\/machine-a-glace-en-bloc-20kg-24h-320w\/","og_locale":"fr_FR","og_type":"article","og_title":"20kg\/24H Block Ice Machine 320w, whit CE certificate","og_description":"JMFK-20 Block Ice Machine: output :20kg\/24H, 320w, CE certified.","og_url":"https:\/\/kengmingcn.com\/fr\/product\/machine-a-glace-en-bloc-20kg-24h-320w\/","og_site_name":"KengMing | Manufacturer of Commercial Kitchen Equipment","article_modified_time":"2025-12-29T09:33:56+00:00","og_image":[{"width":800,"height":800,"url":"https:\/\/kengmingcn.com\/wp-content\/uploads\/2025\/05\/JMFK-20_1_11zon.webp","type":"image\/webp"}],"twitter_card":"summary_large_image","twitter_misc":{"Prix":"","Disponibilit\u00e9":"En stock"},"schema":{"@context":"https:\/\/schema.org","@graph":[{"@type":"WebPage","@id":"https:\/\/kengmingcn.com\/de_de\/product\/20kg-24h-blockeismaschine-320w\/","url":"https:\/\/kengmingcn.com\/de_de\/product\/20kg-24h-blockeismaschine-320w\/","name":"Machine \u00e0 glace en bloc 20kg\/24H 320w, avec certificat CE - KengMing | Fabricant de mat\u00e9riel de cuisine professionnelle","isPartOf":{"@id":"https:\/\/kengmingcn.com\/#website"},"primaryImageOfPage":{"@id":"https:\/\/kengmingcn.com\/de_de\/product\/20kg-24h-blockeismaschine-320w\/#primaryimage"},"image":{"@id":"https:\/\/kengmingcn.com\/de_de\/product\/20kg-24h-blockeismaschine-320w\/#primaryimage"},"thumbnailUrl":"https:\/\/kengmingcn.com\/wp-content\/uploads\/2025\/05\/JMFK-20_1_11zon.webp","datePublished":"2025-05-08T11:43:07+00:00","dateModified":"2025-12-29T09:33:56+00:00","description":"Machine \u00e0 glace en bloc JMFK-20 : rendement :20kg\/24H, 320w, certifi\u00e9 CE.","breadcrumb":{"@id":"https:\/\/kengmingcn.com\/de_de\/product\/20kg-24h-blockeismaschine-320w\/#breadcrumb"},"inLanguage":"fr-FR","potentialAction":[{"@type":"ReadAction","target":["https:\/\/kengmingcn.com\/de_de\/product\/20kg-24h-blockeismaschine-320w\/"]}]},{"@type":"ImageObject","inLanguage":"fr-FR","@id":"https:\/\/kengmingcn.com\/de_de\/product\/20kg-24h-blockeismaschine-320w\/#primaryimage","url":"https:\/\/kengmingcn.com\/wp-content\/uploads\/2025\/05\/JMFK-20_1_11zon.webp","contentUrl":"https:\/\/kengmingcn.com\/wp-content\/uploads\/2025\/05\/JMFK-20_1_11zon.webp","width":800,"height":800,"caption":"JMFK-20 cube ice machine"},{"@type":"BreadcrumbList","@id":"https:\/\/kengmingcn.com\/de_de\/product\/20kg-24h-blockeismaschine-320w\/#breadcrumb","itemListElement":[{"@type":"ListItem","position":1,"name":"Home","item":"https:\/\/kengmingcn.com\/"},{"@type":"ListItem","position":2,"name":"Catalogue","item":"https:\/\/kengmingcn.com\/?page_id=27131"},{"@type":"ListItem","position":3,"name":"20kg\/24H Block Ice Machine 320w, whit CE certificate"}]},{"@type":"WebSite","@id":"https:\/\/kengmingcn.com\/#website","url":"https:\/\/kengmingcn.com\/","name":"\u00c9quipement de cuisine","description":"KengMing is a professional commercial kitchen equipment manufacturer and wholesale supplier, offering cooking, food prep and bakery equipment with OEM &amp; ODM service for global distributors.","publisher":{"@id":"https:\/\/kengmingcn.com\/#organization"},"potentialAction":[{"@type":"SearchAction","target":{"@type":"EntryPoint","urlTemplate":"https:\/\/kengmingcn.com\/?s={search_term_string}"},"query-input":{"@type":"PropertyValueSpecification","valueRequired":true,"valueName":"search_term_string"}}],"inLanguage":"fr-FR"},{"@type":"Organization","@id":"https:\/\/kengmingcn.com\/#organization","name":"GuangZhou KengMing","url":"https:\/\/kengmingcn.com\/","logo":{"@type":"ImageObject","inLanguage":"fr-FR","@id":"https:\/\/kengmingcn.com\/#\/schema\/logo\/image\/","url":"https:\/\/kengmingcn.com\/wp-content\/uploads\/2025\/04\/cropped-1744508604969-removebg-preview.png","contentUrl":"https:\/\/kengmingcn.com\/wp-content\/uploads\/2025\/04\/cropped-1744508604969-removebg-preview.png","width":512,"height":512,"caption":"GuangZhou KengMing"},"image":{"@id":"https:\/\/kengmingcn.com\/#\/schema\/logo\/image\/"}}]},"product_price_amount":"0.00","product_price_currency":"USD","og_availability":"instock","product_availability":"instock","product_condition":"new"},"_links":{"self":[{"href":"https:\/\/kengmingcn.com\/fr\/wp-json\/wp\/v2\/product\/50464","targetHints":{"allow":["GET"]}}],"collection":[{"href":"https:\/\/kengmingcn.com\/fr\/wp-json\/wp\/v2\/product"}],"about":[{"href":"https:\/\/kengmingcn.com\/fr\/wp-json\/wp\/v2\/types\/product"}],"replies":[{"embeddable":true,"href":"https:\/\/kengmingcn.com\/fr\/wp-json\/wp\/v2\/comments?post=50464"}],"wp:featuredmedia":[{"embeddable":true,"href":"https:\/\/kengmingcn.com\/fr\/wp-json\/wp\/v2\/media\/52884"}],"wp:attachment":[{"href":"https:\/\/kengmingcn.com\/fr\/wp-json\/wp\/v2\/media?parent=50464"}],"wp:term":[{"taxonomy":"product_brand","embeddable":true,"href":"https:\/\/kengmingcn.com\/fr\/wp-json\/wp\/v2\/product_brand?post=50464"},{"taxonomy":"product_cat","embeddable":true,"href":"https:\/\/kengmingcn.com\/fr\/wp-json\/wp\/v2\/product_cat?post=50464"},{"taxonomy":"product_tag","embeddable":true,"href":"https:\/\/kengmingcn.com\/fr\/wp-json\/wp\/v2\/product_tag?post=50464"}],"curies":[{"name":"wp","href":"https:\/\/api.w.org\/{rel}","templated":true}]}}