{"id":50207,"date":"2025-05-07T10:20:10","date_gmt":"2025-05-07T02:20:10","guid":{"rendered":"https:\/\/kengmingcn.com\/?post_type=product&#038;p=50207"},"modified":"2025-06-12T18:03:03","modified_gmt":"2025-06-12T10:03:03","slug":"wtp-8b-1-45kw-electric-popcorn-machine-6oz","status":"publish","type":"product","link":"https:\/\/kengmingcn.com\/fr\/product\/wtp-8b-1-45kw-electric-popcorn-machine-6oz\/","title":{"rendered":"WTP-8B 1.45KW Machine \u00e0 pop-corn \u00e9lectrique 6Oz"},"content":{"rendered":"<p><strong>Mode d'emploi<\/strong><br \/>\nNotre machine \u00e0 pop-corn est automatique et tr\u00e8s facile \u00e0 utiliser. Quelques \u00e9tapes suffisent :<\/p>\n<ol class=\"wp-block-list\">\n<li>Connexion \u00e0 l'alimentation \u00e9lectrique<\/li>\n<li>Appuyer sur l'interrupteur \u201cHeat\u201d pour pr\u00e9chauffer, environ 2 minutes.<\/li>\n<li>Mettez l'huile, le ma\u00efs, le sucre ou le sel dans la casserole, puis appuyez sur l'interrupteur \u201cTurn\u201d. Le pop-corn sera pr\u00eat en 2 minutes.<\/li>\n<li>Appuyer sur l'interrupteur \u201cLightwarm\u201d pour maintenir le pop-corn au chaudLa machine peut \u00eatre utilis\u00e9e \u00e0 l'int\u00e9rieur ou \u00e0 l'ext\u00e9rieur, de l'autre c\u00f4t\u00e9 de la porte.<\/li>\n<\/ol>\n<p><img decoding=\"async\" class=\"alignnone size-large wp-image-50215\" src=\"https:\/\/kengmingcn.com\/wp-content\/uploads\/2025\/05\/WTP-8B-popcorn-machine-2-1024x683.webp\" alt=\"\" width=\"1024\" height=\"683\" srcset=\"https:\/\/kengmingcn.com\/wp-content\/uploads\/2025\/05\/WTP-8B-popcorn-machine-2-1024x683.webp 1024w, https:\/\/kengmingcn.com\/wp-content\/uploads\/2025\/05\/WTP-8B-popcorn-machine-2-300x200.webp 300w, https:\/\/kengmingcn.com\/wp-content\/uploads\/2025\/05\/WTP-8B-popcorn-machine-2-768x512.webp 768w, https:\/\/kengmingcn.com\/wp-content\/uploads\/2025\/05\/WTP-8B-popcorn-machine-2-1536x1024.webp 1536w, https:\/\/kengmingcn.com\/wp-content\/uploads\/2025\/05\/WTP-8B-popcorn-machine-2-2048x1365.webp 2048w, https:\/\/kengmingcn.com\/wp-content\/uploads\/2025\/05\/WTP-8B-popcorn-machine-2-1200x800.webp 1200w\" sizes=\"(max-width: 1024px) 100vw, 1024px\" \/> <img decoding=\"async\" class=\"alignnone size-large wp-image-50216\" src=\"https:\/\/kengmingcn.com\/wp-content\/uploads\/2025\/05\/WTP-8B-popcorn-machine-3-1024x683.webp\" alt=\"\" width=\"1024\" height=\"683\" srcset=\"https:\/\/kengmingcn.com\/wp-content\/uploads\/2025\/05\/WTP-8B-popcorn-machine-3-1024x683.webp 1024w, https:\/\/kengmingcn.com\/wp-content\/uploads\/2025\/05\/WTP-8B-popcorn-machine-3-300x200.webp 300w, https:\/\/kengmingcn.com\/wp-content\/uploads\/2025\/05\/WTP-8B-popcorn-machine-3-768x512.webp 768w, https:\/\/kengmingcn.com\/wp-content\/uploads\/2025\/05\/WTP-8B-popcorn-machine-3-1536x1024.webp 1536w, https:\/\/kengmingcn.com\/wp-content\/uploads\/2025\/05\/WTP-8B-popcorn-machine-3-2048x1365.webp 2048w, https:\/\/kengmingcn.com\/wp-content\/uploads\/2025\/05\/WTP-8B-popcorn-machine-3-1200x800.webp 1200w\" sizes=\"(max-width: 1024px) 100vw, 1024px\" \/> <img decoding=\"async\" class=\"alignnone size-large wp-image-50217\" src=\"https:\/\/kengmingcn.com\/wp-content\/uploads\/2025\/05\/WTP-8B-popcorn-machine-4-1024x683.webp\" alt=\"Machine \u00e0 pop-corn WTP-8B 4\" width=\"1024\" height=\"683\" srcset=\"https:\/\/kengmingcn.com\/wp-content\/uploads\/2025\/05\/WTP-8B-popcorn-machine-4-1024x683.webp 1024w, https:\/\/kengmingcn.com\/wp-content\/uploads\/2025\/05\/WTP-8B-popcorn-machine-4-300x200.webp 300w, https:\/\/kengmingcn.com\/wp-content\/uploads\/2025\/05\/WTP-8B-popcorn-machine-4-768x512.webp 768w, https:\/\/kengmingcn.com\/wp-content\/uploads\/2025\/05\/WTP-8B-popcorn-machine-4-1536x1024.webp 1536w, https:\/\/kengmingcn.com\/wp-content\/uploads\/2025\/05\/WTP-8B-popcorn-machine-4-2048x1365.webp 2048w, https:\/\/kengmingcn.com\/wp-content\/uploads\/2025\/05\/WTP-8B-popcorn-machine-4-1200x800.webp 1200w\" sizes=\"(max-width: 1024px) 100vw, 1024px\" \/> <img decoding=\"async\" class=\"alignnone size-large wp-image-50218\" src=\"https:\/\/kengmingcn.com\/wp-content\/uploads\/2025\/05\/WTP-8B-popcorn-machine-5-1024x683.webp\" alt=\"\" width=\"1024\" height=\"683\" srcset=\"https:\/\/kengmingcn.com\/wp-content\/uploads\/2025\/05\/WTP-8B-popcorn-machine-5-1024x683.webp 1024w, https:\/\/kengmingcn.com\/wp-content\/uploads\/2025\/05\/WTP-8B-popcorn-machine-5-300x200.webp 300w, https:\/\/kengmingcn.com\/wp-content\/uploads\/2025\/05\/WTP-8B-popcorn-machine-5-768x512.webp 768w, https:\/\/kengmingcn.com\/wp-content\/uploads\/2025\/05\/WTP-8B-popcorn-machine-5-1536x1024.webp 1536w, https:\/\/kengmingcn.com\/wp-content\/uploads\/2025\/05\/WTP-8B-popcorn-machine-5-2048x1365.webp 2048w, https:\/\/kengmingcn.com\/wp-content\/uploads\/2025\/05\/WTP-8B-popcorn-machine-5-1200x800.webp 1200w\" sizes=\"(max-width: 1024px) 100vw, 1024px\" \/> <img decoding=\"async\" class=\"alignnone size-large wp-image-50214\" src=\"https:\/\/kengmingcn.com\/wp-content\/uploads\/2025\/05\/WTP-8B-popcorn-machine-13-1024x683.webp\" alt=\"\" width=\"1024\" height=\"683\" srcset=\"https:\/\/kengmingcn.com\/wp-content\/uploads\/2025\/05\/WTP-8B-popcorn-machine-13-1024x683.webp 1024w, https:\/\/kengmingcn.com\/wp-content\/uploads\/2025\/05\/WTP-8B-popcorn-machine-13-300x200.webp 300w, https:\/\/kengmingcn.com\/wp-content\/uploads\/2025\/05\/WTP-8B-popcorn-machine-13-768x512.webp 768w, https:\/\/kengmingcn.com\/wp-content\/uploads\/2025\/05\/WTP-8B-popcorn-machine-13-1536x1024.webp 1536w, https:\/\/kengmingcn.com\/wp-content\/uploads\/2025\/05\/WTP-8B-popcorn-machine-13-2048x1365.webp 2048w, https:\/\/kengmingcn.com\/wp-content\/uploads\/2025\/05\/WTP-8B-popcorn-machine-13-1200x800.webp 1200w\" sizes=\"(max-width: 1024px) 100vw, 1024px\" \/> <img decoding=\"async\" class=\"alignnone size-large wp-image-50210\" src=\"https:\/\/kengmingcn.com\/wp-content\/uploads\/2025\/05\/WTP-8B-popcorn-machine-7-1024x683.webp\" alt=\"\" width=\"1024\" height=\"683\" srcset=\"https:\/\/kengmingcn.com\/wp-content\/uploads\/2025\/05\/WTP-8B-popcorn-machine-7-1024x683.webp 1024w, https:\/\/kengmingcn.com\/wp-content\/uploads\/2025\/05\/WTP-8B-popcorn-machine-7-300x200.webp 300w, https:\/\/kengmingcn.com\/wp-content\/uploads\/2025\/05\/WTP-8B-popcorn-machine-7-768x512.webp 768w, https:\/\/kengmingcn.com\/wp-content\/uploads\/2025\/05\/WTP-8B-popcorn-machine-7-1536x1024.webp 1536w, https:\/\/kengmingcn.com\/wp-content\/uploads\/2025\/05\/WTP-8B-popcorn-machine-7-2048x1365.webp 2048w, https:\/\/kengmingcn.com\/wp-content\/uploads\/2025\/05\/WTP-8B-popcorn-machine-7-1200x800.webp 1200w\" sizes=\"(max-width: 1024px) 100vw, 1024px\" \/> <img decoding=\"async\" class=\"alignnone size-large wp-image-50211\" src=\"https:\/\/kengmingcn.com\/wp-content\/uploads\/2025\/05\/WTP-8B-popcorn-machine-8-1024x683.webp\" alt=\"\" width=\"1024\" height=\"683\" srcset=\"https:\/\/kengmingcn.com\/wp-content\/uploads\/2025\/05\/WTP-8B-popcorn-machine-8-1024x683.webp 1024w, https:\/\/kengmingcn.com\/wp-content\/uploads\/2025\/05\/WTP-8B-popcorn-machine-8-300x200.webp 300w, https:\/\/kengmingcn.com\/wp-content\/uploads\/2025\/05\/WTP-8B-popcorn-machine-8-768x512.webp 768w, https:\/\/kengmingcn.com\/wp-content\/uploads\/2025\/05\/WTP-8B-popcorn-machine-8-1536x1024.webp 1536w, https:\/\/kengmingcn.com\/wp-content\/uploads\/2025\/05\/WTP-8B-popcorn-machine-8-2048x1365.webp 2048w, https:\/\/kengmingcn.com\/wp-content\/uploads\/2025\/05\/WTP-8B-popcorn-machine-8-1200x800.webp 1200w\" sizes=\"(max-width: 1024px) 100vw, 1024px\" \/> <img decoding=\"async\" class=\"alignnone size-large wp-image-50212\" src=\"https:\/\/kengmingcn.com\/wp-content\/uploads\/2025\/05\/WTP-8B-popcorn-machine-9-1024x683.webp\" alt=\"\" width=\"1024\" height=\"683\" srcset=\"https:\/\/kengmingcn.com\/wp-content\/uploads\/2025\/05\/WTP-8B-popcorn-machine-9-1024x683.webp 1024w, https:\/\/kengmingcn.com\/wp-content\/uploads\/2025\/05\/WTP-8B-popcorn-machine-9-300x200.webp 300w, https:\/\/kengmingcn.com\/wp-content\/uploads\/2025\/05\/WTP-8B-popcorn-machine-9-768x512.webp 768w, https:\/\/kengmingcn.com\/wp-content\/uploads\/2025\/05\/WTP-8B-popcorn-machine-9-1536x1024.webp 1536w, https:\/\/kengmingcn.com\/wp-content\/uploads\/2025\/05\/WTP-8B-popcorn-machine-9-2048x1365.webp 2048w, https:\/\/kengmingcn.com\/wp-content\/uploads\/2025\/05\/WTP-8B-popcorn-machine-9-1200x800.webp 1200w\" sizes=\"(max-width: 1024px) 100vw, 1024px\" \/><\/p>","protected":false},"excerpt":{"rendered":"<ul>\n<li><strong>\u00a0Capacit\u00e9 de 6Oz en or<\/strong>La production unique permet de produire 20 \u00e0 30 popcorns standard, ce qui permet de faire face \u00e0 l'afflux de passagers dans les th\u00e9\u00e2tres et les parcs d'attractions.<\/li>\n<li><strong>Chauffage flash de 1,45KW :<\/strong>\u00a0livraison rapide de nourriture en quelques minutes, le syst\u00e8me de pr\u00e9-m\u00e9lange de graisse dit adieu au m\u00e9lange manuel !<\/li>\n<\/ul>","protected":false},"featured_media":50209,"comment_status":"open","ping_status":"closed","template":"","meta":{"_acf_changed":false},"product_brand":[],"product_cat":[277,314],"product_tag":[],"class_list":{"0":"post-50207","1":"product","2":"type-product","3":"status-publish","4":"has-post-thumbnail","6":"product_cat-food-processing-equipment","7":"product_cat-popcorn-machine","8":"description-off","10":"first","11":"instock","12":"shipping-taxable","13":"product-type-simple"},"acf":[],"yoast_head":"<!-- This site is optimized with the Yoast SEO Premium plugin v25.3 (Yoast SEO v26.3) - https:\/\/yoast.com\/wordpress\/plugins\/seo\/ -->\n<title>WTP-8B 1.45KW Electric Popcorn Machine 6Oz - KengMing | Manufacturer of Commercial Kitchen Equipment<\/title>\n<meta name=\"description\" content=\"WTP-8B 1.45KW Electric Popcorn Machine 6Oz\" \/>\n<meta name=\"robots\" content=\"index, follow, max-snippet:-1, max-image-preview:large, max-video-preview:-1\" \/>\n<link rel=\"canonical\" href=\"https:\/\/kengmingcn.com\/fr\/product\/wtp-8b-1-45kw-electric-popcorn-machine-6oz\/\" \/>\n<meta property=\"og:locale\" content=\"fr_FR\" \/>\n<meta property=\"og:type\" content=\"article\" \/>\n<meta property=\"og:title\" content=\"WTP-8B 1.45KW Electric Popcorn Machine 6Oz\" \/>\n<meta property=\"og:description\" content=\"WTP-8B 1.45KW Electric Popcorn Machine 6Oz\" \/>\n<meta property=\"og:url\" content=\"https:\/\/kengmingcn.com\/fr\/product\/wtp-8b-1-45kw-electric-popcorn-machine-6oz\/\" \/>\n<meta property=\"og:site_name\" content=\"KengMing | Manufacturer of Commercial Kitchen Equipment\" \/>\n<meta property=\"article:modified_time\" content=\"2025-06-12T10:03:03+00:00\" \/>\n<meta property=\"og:image\" content=\"https:\/\/kengmingcn.com\/wp-content\/uploads\/2025\/05\/WTP-8B-popcorn-machine-11-scaled-e1746699477437.webp\" \/>\n\t<meta property=\"og:image:width\" content=\"1707\" \/>\n\t<meta property=\"og:image:height\" content=\"1707\" \/>\n\t<meta property=\"og:image:type\" content=\"image\/webp\" \/>\n<meta name=\"twitter:card\" content=\"summary_large_image\" \/>\n<meta name=\"twitter:label1\" content=\"Prix\" \/>\n\t<meta name=\"twitter:data1\" content=\"\" \/>\n\t<meta name=\"twitter:label2\" content=\"Disponibilit\u00e9\" \/>\n\t<meta name=\"twitter:data2\" content=\"En stock\" \/>\n<script type=\"application\/ld+json\" class=\"yoast-schema-graph\">{\"@context\":\"https:\/\/schema.org\",\"@graph\":[{\"@type\":\"WebPage\",\"@id\":\"https:\/\/kengmingcn.com\/ar\/product\/%d9%85%d8%a7%d9%83%d9%8a%d9%86%d8%a9-%d8%a7%d9%84%d9%81%d8%b4%d8%a7%d8%b1-%d8%a7%d9%84%d9%83%d9%87%d8%b1%d8%a8%d8%a7%d8%a6%d9%8a%d8%a9-wtp-8b-1-45-%d9%83%d9%8a%d9%84%d9%88%d9%88%d8%a7%d8%b7-6-%d8%a3\/\",\"url\":\"https:\/\/kengmingcn.com\/ar\/product\/%d9%85%d8%a7%d9%83%d9%8a%d9%86%d8%a9-%d8%a7%d9%84%d9%81%d8%b4%d8%a7%d8%b1-%d8%a7%d9%84%d9%83%d9%87%d8%b1%d8%a8%d8%a7%d8%a6%d9%8a%d8%a9-wtp-8b-1-45-%d9%83%d9%8a%d9%84%d9%88%d9%88%d8%a7%d8%b7-6-%d8%a3\/\",\"name\":\"WTP-8B 1.45KW Electric Popcorn Machine 6Oz - KengMing | Manufacturer of Commercial Kitchen Equipment\",\"isPartOf\":{\"@id\":\"https:\/\/kengmingcn.com\/#website\"},\"primaryImageOfPage\":{\"@id\":\"https:\/\/kengmingcn.com\/ar\/product\/%d9%85%d8%a7%d9%83%d9%8a%d9%86%d8%a9-%d8%a7%d9%84%d9%81%d8%b4%d8%a7%d8%b1-%d8%a7%d9%84%d9%83%d9%87%d8%b1%d8%a8%d8%a7%d8%a6%d9%8a%d8%a9-wtp-8b-1-45-%d9%83%d9%8a%d9%84%d9%88%d9%88%d8%a7%d8%b7-6-%d8%a3\/#primaryimage\"},\"image\":{\"@id\":\"https:\/\/kengmingcn.com\/ar\/product\/%d9%85%d8%a7%d9%83%d9%8a%d9%86%d8%a9-%d8%a7%d9%84%d9%81%d8%b4%d8%a7%d8%b1-%d8%a7%d9%84%d9%83%d9%87%d8%b1%d8%a8%d8%a7%d8%a6%d9%8a%d8%a9-wtp-8b-1-45-%d9%83%d9%8a%d9%84%d9%88%d9%88%d8%a7%d8%b7-6-%d8%a3\/#primaryimage\"},\"thumbnailUrl\":\"https:\/\/kengmingcn.com\/wp-content\/uploads\/2025\/05\/WTP-8B-popcorn-machine-11-scaled-e1746699477437.webp\",\"datePublished\":\"2025-05-07T02:20:10+00:00\",\"dateModified\":\"2025-06-12T10:03:03+00:00\",\"description\":\"WTP-8B 1.45KW Electric Popcorn Machine 6Oz\",\"breadcrumb\":{\"@id\":\"https:\/\/kengmingcn.com\/ar\/product\/%d9%85%d8%a7%d9%83%d9%8a%d9%86%d8%a9-%d8%a7%d9%84%d9%81%d8%b4%d8%a7%d8%b1-%d8%a7%d9%84%d9%83%d9%87%d8%b1%d8%a8%d8%a7%d8%a6%d9%8a%d8%a9-wtp-8b-1-45-%d9%83%d9%8a%d9%84%d9%88%d9%88%d8%a7%d8%b7-6-%d8%a3\/#breadcrumb\"},\"inLanguage\":\"fr-FR\",\"potentialAction\":[{\"@type\":\"ReadAction\",\"target\":[\"https:\/\/kengmingcn.com\/ar\/product\/%d9%85%d8%a7%d9%83%d9%8a%d9%86%d8%a9-%d8%a7%d9%84%d9%81%d8%b4%d8%a7%d8%b1-%d8%a7%d9%84%d9%83%d9%87%d8%b1%d8%a8%d8%a7%d8%a6%d9%8a%d8%a9-wtp-8b-1-45-%d9%83%d9%8a%d9%84%d9%88%d9%88%d8%a7%d8%b7-6-%d8%a3\/\"]}]},{\"@type\":\"ImageObject\",\"inLanguage\":\"fr-FR\",\"@id\":\"https:\/\/kengmingcn.com\/ar\/product\/%d9%85%d8%a7%d9%83%d9%8a%d9%86%d8%a9-%d8%a7%d9%84%d9%81%d8%b4%d8%a7%d8%b1-%d8%a7%d9%84%d9%83%d9%87%d8%b1%d8%a8%d8%a7%d8%a6%d9%8a%d8%a9-wtp-8b-1-45-%d9%83%d9%8a%d9%84%d9%88%d9%88%d8%a7%d8%b7-6-%d8%a3\/#primaryimage\",\"url\":\"https:\/\/kengmingcn.com\/wp-content\/uploads\/2025\/05\/WTP-8B-popcorn-machine-11-scaled-e1746699477437.webp\",\"contentUrl\":\"https:\/\/kengmingcn.com\/wp-content\/uploads\/2025\/05\/WTP-8B-popcorn-machine-11-scaled-e1746699477437.webp\",\"width\":1707,\"height\":1707,\"caption\":\"WTP-8B popcorn machine\"},{\"@type\":\"BreadcrumbList\",\"@id\":\"https:\/\/kengmingcn.com\/ar\/product\/%d9%85%d8%a7%d9%83%d9%8a%d9%86%d8%a9-%d8%a7%d9%84%d9%81%d8%b4%d8%a7%d8%b1-%d8%a7%d9%84%d9%83%d9%87%d8%b1%d8%a8%d8%a7%d8%a6%d9%8a%d8%a9-wtp-8b-1-45-%d9%83%d9%8a%d9%84%d9%88%d9%88%d8%a7%d8%b7-6-%d8%a3\/#breadcrumb\",\"itemListElement\":[{\"@type\":\"ListItem\",\"position\":1,\"name\":\"Home\",\"item\":\"https:\/\/kengmingcn.com\/\"},{\"@type\":\"ListItem\",\"position\":2,\"name\":\"Catalogue\",\"item\":\"https:\/\/kengmingcn.com\/?page_id=27131\"},{\"@type\":\"ListItem\",\"position\":3,\"name\":\"WTP-8B 1.45KW Electric Popcorn Machine 6Oz\"}]},{\"@type\":\"WebSite\",\"@id\":\"https:\/\/kengmingcn.com\/#website\",\"url\":\"https:\/\/kengmingcn.com\/\",\"name\":\"Kitchen Equipment\",\"description\":\"KengMing is a professional commercial kitchen equipment manufacturer and wholesale supplier, offering cooking, food prep and bakery equipment with OEM &amp; ODM service for global distributors.\",\"publisher\":{\"@id\":\"https:\/\/kengmingcn.com\/#organization\"},\"potentialAction\":[{\"@type\":\"SearchAction\",\"target\":{\"@type\":\"EntryPoint\",\"urlTemplate\":\"https:\/\/kengmingcn.com\/?s={search_term_string}\"},\"query-input\":{\"@type\":\"PropertyValueSpecification\",\"valueRequired\":true,\"valueName\":\"search_term_string\"}}],\"inLanguage\":\"fr-FR\"},{\"@type\":\"Organization\",\"@id\":\"https:\/\/kengmingcn.com\/#organization\",\"name\":\"GuangZhou KengMing\",\"url\":\"https:\/\/kengmingcn.com\/\",\"logo\":{\"@type\":\"ImageObject\",\"inLanguage\":\"fr-FR\",\"@id\":\"https:\/\/kengmingcn.com\/#\/schema\/logo\/image\/\",\"url\":\"https:\/\/kengmingcn.com\/wp-content\/uploads\/2025\/04\/cropped-1744508604969-removebg-preview.png\",\"contentUrl\":\"https:\/\/kengmingcn.com\/wp-content\/uploads\/2025\/04\/cropped-1744508604969-removebg-preview.png\",\"width\":512,\"height\":512,\"caption\":\"GuangZhou KengMing\"},\"image\":{\"@id\":\"https:\/\/kengmingcn.com\/#\/schema\/logo\/image\/\"}}]}<\/script>\n<meta property=\"product:price:amount\" content=\"0.00\" \/>\n<meta property=\"product:price:currency\" content=\"USD\" \/>\n<meta property=\"og:availability\" content=\"instock\" \/>\n<meta property=\"product:availability\" content=\"instock\" \/>\n<meta property=\"product:condition\" content=\"new\" \/>\n<!-- \/ Yoast SEO Premium plugin. -->","yoast_head_json":{"title":"WTP-8B 1.45KW Machine \u00e0 pop-corn \u00e9lectrique 6Oz - KengMing | Fabricant d'\u00e9quipement de cuisine commerciale","description":"WTP-8B 1.45KW Machine \u00e0 pop-corn \u00e9lectrique 6Oz","robots":{"index":"index","follow":"follow","max-snippet":"max-snippet:-1","max-image-preview":"max-image-preview:large","max-video-preview":"max-video-preview:-1"},"canonical":"https:\/\/kengmingcn.com\/fr\/product\/wtp-8b-1-45kw-electric-popcorn-machine-6oz\/","og_locale":"fr_FR","og_type":"article","og_title":"WTP-8B 1.45KW Electric Popcorn Machine 6Oz","og_description":"WTP-8B 1.45KW Electric Popcorn Machine 6Oz","og_url":"https:\/\/kengmingcn.com\/fr\/product\/wtp-8b-1-45kw-electric-popcorn-machine-6oz\/","og_site_name":"KengMing | Manufacturer of Commercial Kitchen Equipment","article_modified_time":"2025-06-12T10:03:03+00:00","og_image":[{"width":1707,"height":1707,"url":"https:\/\/kengmingcn.com\/wp-content\/uploads\/2025\/05\/WTP-8B-popcorn-machine-11-scaled-e1746699477437.webp","type":"image\/webp"}],"twitter_card":"summary_large_image","twitter_misc":{"Prix":"","Disponibilit\u00e9":"En stock"},"schema":{"@context":"https:\/\/schema.org","@graph":[{"@type":"WebPage","@id":"https:\/\/kengmingcn.com\/ar\/product\/%d9%85%d8%a7%d9%83%d9%8a%d9%86%d8%a9-%d8%a7%d9%84%d9%81%d8%b4%d8%a7%d8%b1-%d8%a7%d9%84%d9%83%d9%87%d8%b1%d8%a8%d8%a7%d8%a6%d9%8a%d8%a9-wtp-8b-1-45-%d9%83%d9%8a%d9%84%d9%88%d9%88%d8%a7%d8%b7-6-%d8%a3\/","url":"https:\/\/kengmingcn.com\/ar\/product\/%d9%85%d8%a7%d9%83%d9%8a%d9%86%d8%a9-%d8%a7%d9%84%d9%81%d8%b4%d8%a7%d8%b1-%d8%a7%d9%84%d9%83%d9%87%d8%b1%d8%a8%d8%a7%d8%a6%d9%8a%d8%a9-wtp-8b-1-45-%d9%83%d9%8a%d9%84%d9%88%d9%88%d8%a7%d8%b7-6-%d8%a3\/","name":"WTP-8B 1.45KW Machine \u00e0 pop-corn \u00e9lectrique 6Oz - KengMing | Fabricant d'\u00e9quipement de cuisine commerciale","isPartOf":{"@id":"https:\/\/kengmingcn.com\/#website"},"primaryImageOfPage":{"@id":"https:\/\/kengmingcn.com\/ar\/product\/%d9%85%d8%a7%d9%83%d9%8a%d9%86%d8%a9-%d8%a7%d9%84%d9%81%d8%b4%d8%a7%d8%b1-%d8%a7%d9%84%d9%83%d9%87%d8%b1%d8%a8%d8%a7%d8%a6%d9%8a%d8%a9-wtp-8b-1-45-%d9%83%d9%8a%d9%84%d9%88%d9%88%d8%a7%d8%b7-6-%d8%a3\/#primaryimage"},"image":{"@id":"https:\/\/kengmingcn.com\/ar\/product\/%d9%85%d8%a7%d9%83%d9%8a%d9%86%d8%a9-%d8%a7%d9%84%d9%81%d8%b4%d8%a7%d8%b1-%d8%a7%d9%84%d9%83%d9%87%d8%b1%d8%a8%d8%a7%d8%a6%d9%8a%d8%a9-wtp-8b-1-45-%d9%83%d9%8a%d9%84%d9%88%d9%88%d8%a7%d8%b7-6-%d8%a3\/#primaryimage"},"thumbnailUrl":"https:\/\/kengmingcn.com\/wp-content\/uploads\/2025\/05\/WTP-8B-popcorn-machine-11-scaled-e1746699477437.webp","datePublished":"2025-05-07T02:20:10+00:00","dateModified":"2025-06-12T10:03:03+00:00","description":"WTP-8B 1.45KW Machine \u00e0 pop-corn \u00e9lectrique 6Oz","breadcrumb":{"@id":"https:\/\/kengmingcn.com\/ar\/product\/%d9%85%d8%a7%d9%83%d9%8a%d9%86%d8%a9-%d8%a7%d9%84%d9%81%d8%b4%d8%a7%d8%b1-%d8%a7%d9%84%d9%83%d9%87%d8%b1%d8%a8%d8%a7%d8%a6%d9%8a%d8%a9-wtp-8b-1-45-%d9%83%d9%8a%d9%84%d9%88%d9%88%d8%a7%d8%b7-6-%d8%a3\/#breadcrumb"},"inLanguage":"fr-FR","potentialAction":[{"@type":"ReadAction","target":["https:\/\/kengmingcn.com\/ar\/product\/%d9%85%d8%a7%d9%83%d9%8a%d9%86%d8%a9-%d8%a7%d9%84%d9%81%d8%b4%d8%a7%d8%b1-%d8%a7%d9%84%d9%83%d9%87%d8%b1%d8%a8%d8%a7%d8%a6%d9%8a%d8%a9-wtp-8b-1-45-%d9%83%d9%8a%d9%84%d9%88%d9%88%d8%a7%d8%b7-6-%d8%a3\/"]}]},{"@type":"ImageObject","inLanguage":"fr-FR","@id":"https:\/\/kengmingcn.com\/ar\/product\/%d9%85%d8%a7%d9%83%d9%8a%d9%86%d8%a9-%d8%a7%d9%84%d9%81%d8%b4%d8%a7%d8%b1-%d8%a7%d9%84%d9%83%d9%87%d8%b1%d8%a8%d8%a7%d8%a6%d9%8a%d8%a9-wtp-8b-1-45-%d9%83%d9%8a%d9%84%d9%88%d9%88%d8%a7%d8%b7-6-%d8%a3\/#primaryimage","url":"https:\/\/kengmingcn.com\/wp-content\/uploads\/2025\/05\/WTP-8B-popcorn-machine-11-scaled-e1746699477437.webp","contentUrl":"https:\/\/kengmingcn.com\/wp-content\/uploads\/2025\/05\/WTP-8B-popcorn-machine-11-scaled-e1746699477437.webp","width":1707,"height":1707,"caption":"WTP-8B popcorn machine"},{"@type":"BreadcrumbList","@id":"https:\/\/kengmingcn.com\/ar\/product\/%d9%85%d8%a7%d9%83%d9%8a%d9%86%d8%a9-%d8%a7%d9%84%d9%81%d8%b4%d8%a7%d8%b1-%d8%a7%d9%84%d9%83%d9%87%d8%b1%d8%a8%d8%a7%d8%a6%d9%8a%d8%a9-wtp-8b-1-45-%d9%83%d9%8a%d9%84%d9%88%d9%88%d8%a7%d8%b7-6-%d8%a3\/#breadcrumb","itemListElement":[{"@type":"ListItem","position":1,"name":"Home","item":"https:\/\/kengmingcn.com\/"},{"@type":"ListItem","position":2,"name":"Catalogue","item":"https:\/\/kengmingcn.com\/?page_id=27131"},{"@type":"ListItem","position":3,"name":"WTP-8B 1.45KW Electric Popcorn Machine 6Oz"}]},{"@type":"WebSite","@id":"https:\/\/kengmingcn.com\/#website","url":"https:\/\/kengmingcn.com\/","name":"\u00c9quipement de cuisine","description":"KengMing is a professional commercial kitchen equipment manufacturer and wholesale supplier, offering cooking, food prep and bakery equipment with OEM &amp; ODM service for global distributors.","publisher":{"@id":"https:\/\/kengmingcn.com\/#organization"},"potentialAction":[{"@type":"SearchAction","target":{"@type":"EntryPoint","urlTemplate":"https:\/\/kengmingcn.com\/?s={search_term_string}"},"query-input":{"@type":"PropertyValueSpecification","valueRequired":true,"valueName":"search_term_string"}}],"inLanguage":"fr-FR"},{"@type":"Organization","@id":"https:\/\/kengmingcn.com\/#organization","name":"GuangZhou KengMing","url":"https:\/\/kengmingcn.com\/","logo":{"@type":"ImageObject","inLanguage":"fr-FR","@id":"https:\/\/kengmingcn.com\/#\/schema\/logo\/image\/","url":"https:\/\/kengmingcn.com\/wp-content\/uploads\/2025\/04\/cropped-1744508604969-removebg-preview.png","contentUrl":"https:\/\/kengmingcn.com\/wp-content\/uploads\/2025\/04\/cropped-1744508604969-removebg-preview.png","width":512,"height":512,"caption":"GuangZhou KengMing"},"image":{"@id":"https:\/\/kengmingcn.com\/#\/schema\/logo\/image\/"}}]},"product_price_amount":"0.00","product_price_currency":"USD","og_availability":"instock","product_availability":"instock","product_condition":"new"},"_links":{"self":[{"href":"https:\/\/kengmingcn.com\/fr\/wp-json\/wp\/v2\/product\/50207","targetHints":{"allow":["GET"]}}],"collection":[{"href":"https:\/\/kengmingcn.com\/fr\/wp-json\/wp\/v2\/product"}],"about":[{"href":"https:\/\/kengmingcn.com\/fr\/wp-json\/wp\/v2\/types\/product"}],"replies":[{"embeddable":true,"href":"https:\/\/kengmingcn.com\/fr\/wp-json\/wp\/v2\/comments?post=50207"}],"wp:featuredmedia":[{"embeddable":true,"href":"https:\/\/kengmingcn.com\/fr\/wp-json\/wp\/v2\/media\/50209"}],"wp:attachment":[{"href":"https:\/\/kengmingcn.com\/fr\/wp-json\/wp\/v2\/media?parent=50207"}],"wp:term":[{"taxonomy":"product_brand","embeddable":true,"href":"https:\/\/kengmingcn.com\/fr\/wp-json\/wp\/v2\/product_brand?post=50207"},{"taxonomy":"product_cat","embeddable":true,"href":"https:\/\/kengmingcn.com\/fr\/wp-json\/wp\/v2\/product_cat?post=50207"},{"taxonomy":"product_tag","embeddable":true,"href":"https:\/\/kengmingcn.com\/fr\/wp-json\/wp\/v2\/product_tag?post=50207"}],"curies":[{"name":"wp","href":"https:\/\/api.w.org\/{rel}","templated":true}]}}