{"id":50162,"date":"2025-05-06T19:04:21","date_gmt":"2025-05-06T11:04:21","guid":{"rendered":"https:\/\/kengmingcn.com\/?post_type=product&#038;p=50162"},"modified":"2026-01-13T11:27:44","modified_gmt":"2026-01-13T03:27:44","slug":"machine-a-smoothie-automatique-a-pot-unique-machine-a-glace-frites-machine-a-slushie-en-acier-inoxydable","status":"publish","type":"product","link":"https:\/\/kengmingcn.com\/fr\/product\/machine-a-smoothie-automatique-a-pot-unique-machine-a-glace-frites-machine-a-slushie-en-acier-inoxydable\/","title":{"rendered":"Machine \u00e0 glace automatique \u00e0 pot unique pour smoothie Machine \u00e0 glace frite pour slushie Machine avec acier inoxydable"},"content":{"rendered":"<figure class=\"wp-block-image\"><img decoding=\"async\" src=\"https:\/\/image.made-in-china.com\/226f3j00gFVBMOrsPnoS\/-1200W-220V-50Hz-7L-1-Automatic-Single-Pot-Smoothie-Machine-Ice-Maker-Fried-Ice-Cream-Machine-for-Slushie-Machine-with-Stainless-Steels.webp\" alt=\"(1200W-220V\/50Hz-7L*1) Machine \u00e0 glace automatique \u00e0 pot unique pour smoothie Machine \u00e0 cr\u00e8me glac\u00e9e avec acier inoxydable\" \/><\/figure>\n<p class=\"ai-optimize-28 ai-optimize-introduction\">1) Technologie innovante : Technologie unique de glace \u00e0 frire, un moteur \u00e9lectrique \u00e0 haute efficacit\u00e9 entra\u00eene le cadre du couteau pour remuer les mati\u00e8res premi\u00e8res, de sorte que chaque partie des mati\u00e8res premi\u00e8res peut \u00eatre uniform\u00e9ment refroidie, que le processus de cong\u00e9lation est plus uniforme et plus rapide, et que la texture et la saveur des mati\u00e8res premi\u00e8res peuvent \u00eatre mieux pr\u00e9serv\u00e9es.<br \/>\n2) Saveurs diversifi\u00e9es : Diverses saveurs de produits glac\u00e9s peuvent \u00eatre fabriqu\u00e9es \u00e0 partir de divers ingr\u00e9dients liquides en fonction de la demande, notamment la glace aux fruits, la glace au chocolat, la glace au th\u00e9 au lait, etc.<br \/>\n3. Fonctionnement efficace : La friture automatis\u00e9e de la glace permet un cycle de production rapide, r\u00e9duit la main-d'\u0153uvre et am\u00e9liore l'efficacit\u00e9 du travail et la capacit\u00e9 de production.<br \/>\n4. Nettoyage et entretien faciles : Conception simple, facile \u00e0 nettoyer et \u00e0 entretenir pour garantir un fonctionnement stable \u00e0 long terme.<br \/>\n5. Protection de l'environnement et \u00e9conomies d'\u00e9nergie : Conception \u00e9conome en \u00e9nergie, r\u00e9duction de la consommation d'\u00e9nergie, conforme aux exigences modernes en mati\u00e8re de protection de l'environnement.<\/p>\n<figure class=\"wp-block-image\"><img decoding=\"async\" src=\"https:\/\/image.made-in-china.com\/226f3j00PnlBCTgclOoK\/-1200W-220V-50Hz-7L-1-Automatic-Single-Pot-Smoothie-Machine-Ice-Maker-Fried-Ice-Cream-Machine-for-Slushie-Machine-with-Stainless-Steels.webp\" alt=\"(1200W-220V\/50Hz-7L*1) Machine \u00e0 glace automatique \u00e0 pot unique pour smoothie Machine \u00e0 cr\u00e8me glac\u00e9e avec acier inoxydable\" \/><\/figure>\n<figure class=\"wp-block-image\"><img decoding=\"async\" src=\"https:\/\/image.made-in-china.com\/226f3j00IyhCMrpRrNqS\/-1200W-220V-50Hz-7L-1-Automatic-Single-Pot-Smoothie-Machine-Ice-Maker-Fried-Ice-Cream-Machine-for-Slushie-Machine-with-Stainless-Steels.webp\" alt=\"(1200W-220V\/50Hz-7L*1) Machine \u00e0 glace automatique \u00e0 pot unique pour smoothie Machine \u00e0 cr\u00e8me glac\u00e9e avec acier inoxydable\" \/><\/figure>\n<figure class=\"wp-block-image\"><img decoding=\"async\" src=\"https:\/\/image.made-in-china.com\/226f3j00PFhBvlzIMyoj\/-1200W-220V-50Hz-7L-1-Automatic-Single-Pot-Smoothie-Machine-Ice-Maker-Fried-Ice-Cream-Machine-for-Slushie-Machine-with-Stainless-Steels.webp\" alt=\"(1200W-220V\/50Hz-7L*1) Machine \u00e0 glace automatique \u00e0 pot unique pour smoothie Machine \u00e0 cr\u00e8me glac\u00e9e avec acier inoxydable\" \/><\/figure>\n<p>&nbsp;<\/p>\n<figure class=\"wp-block-image size-full\"><\/figure>\n<p class=\"ai-optimize-29\">1. Magasin de th\u00e9 au lait :<br \/>\nObjectif : R\u00e9aliser rapidement diff\u00e9rents parfums de smoothie frit au lait de th\u00e9 pour augmenter la diversit\u00e9 du menu.<br \/>\nExemple : Un magasin de th\u00e9 au lait utilise une machine automatique \u00e0 smoothie frit pour fabriquer du th\u00e9 au lait \u00e0 la mangue et du th\u00e9 au lait \u00e0 la fraise afin d'attirer les clients.<br \/>\n2. Magasin de glaces :<br \/>\nObjectif : fabriquer des glaces frites et offrir aux clients une exp\u00e9rience unique en mati\u00e8re de glaces.<br \/>\nExemple : Les glaciers utilisent l'appareil \u00e0 smoothie frit pour fabriquer des glaces frites au chocolat ou des glaces frites aux fruits afin d'accro\u00eetre la vari\u00e9t\u00e9 de leurs produits.<br \/>\n3. Cha\u00eene de restaurants :<br \/>\nObjectif : normaliser le processus de production afin de garantir que tous les magasins offrent des smoothies de qualit\u00e9 constante.<br \/>\nExemple : Une cha\u00eene de restaurants lance une s\u00e9rie de smoothies frits en \u00e9t\u00e9, tels que le smoothie frit \u00e0 la fraise et \u00e0 la banane, afin de garantir la m\u00eame qualit\u00e9 dans chaque point de vente.<br \/>\n4. Caf\u00e9t\u00e9ria :<br \/>\nObjectif : Offrir aux clients la possibilit\u00e9 de pr\u00e9parer des smoothies frits sur place afin d'am\u00e9liorer l'interactivit\u00e9 du restaurant.<br \/>\nExemple : une caf\u00e9t\u00e9ria installe un distributeur de smoothies frits, les clients peuvent choisir diff\u00e9rents ingr\u00e9dients et saveurs pour pr\u00e9parer des smoothies sur place.<br \/>\n5. Manifestations et expositions :<br \/>\nObjectif : Produire rapidement de grandes quantit\u00e9s de smoothies pour r\u00e9pondre \u00e0 la forte demande lors d'\u00e9v\u00e9nements.<br \/>\nExemple : Utilisation d'un distributeur de smoothies frits lors de festivals de musique ou d'expositions en \u00e9t\u00e9 pour servir de grandes quantit\u00e9s de boissons \u00e0 base de smoothies, telles que des smoothies frits \u00e0 base de fruits m\u00e9lang\u00e9s.<\/p>\n<figure class=\"wp-block-image\"><img decoding=\"async\" src=\"https:\/\/image.made-in-china.com\/226f3j00RoVvDlkabebB\/-1200W-220V-50Hz-7L-1-Automatic-Single-Pot-Smoothie-Machine-Ice-Maker-Fried-Ice-Cream-Machine-for-Slushie-Machine-with-Stainless-Steels.webp\" alt=\"(1200W-220V\/50Hz-7L*1) Machine \u00e0 glace automatique \u00e0 pot unique pour smoothie Machine \u00e0 cr\u00e8me glac\u00e9e avec acier inoxydable\" \/><\/figure>\n<figure class=\"wp-block-image\"><img decoding=\"async\" src=\"https:\/\/image.made-in-china.com\/226f3j00PyWBeMzGMNcj\/-1200W-220V-50Hz-7L-1-Automatic-Single-Pot-Smoothie-Machine-Ice-Maker-Fried-Ice-Cream-Machine-for-Slushie-Machine-with-Stainless-Steels.webp\" alt=\"(1200W-220V\/50Hz-7L*1) Machine \u00e0 glace automatique \u00e0 pot unique pour smoothie Machine \u00e0 cr\u00e8me glac\u00e9e avec acier inoxydable\" \/><\/figure>\n<figure class=\"wp-block-image\"><img decoding=\"async\" src=\"https:\/\/image.made-in-china.com\/226f3j00fklvDeqKlMbB\/-1200W-220V-50Hz-7L-1-Automatic-Single-Pot-Smoothie-Machine-Ice-Maker-Fried-Ice-Cream-Machine-for-Slushie-Machine-with-Stainless-Steels.webp\" alt=\"(1200W-220V\/50Hz-7L*1) Machine \u00e0 glace automatique \u00e0 pot unique pour smoothie Machine \u00e0 cr\u00e8me glac\u00e9e avec acier inoxydable\" \/><\/figure>\n<figure class=\"wp-block-image\"><img decoding=\"async\" src=\"https:\/\/image.made-in-china.com\/226f3j00LNiMByzjincS\/-1200W-220V-50Hz-7L-1-Automatic-Single-Pot-Smoothie-Machine-Ice-Maker-Fried-Ice-Cream-Machine-for-Slushie-Machine-with-Stainless-Steels.webp\" alt=\"(1200W-220V\/50Hz-7L*1) Machine \u00e0 glace automatique \u00e0 pot unique pour smoothie Machine \u00e0 cr\u00e8me glac\u00e9e avec acier inoxydable\" \/><\/figure>","protected":false},"excerpt":{"rendered":"<ul>\n<li>Puissance : 1200W<\/li>\n<li>Accessoire : support de grattoir*1\/ un \u00e9crou pour l'\u00e9tag\u00e8re*1<\/li>\n<li>Mati\u00e8res premi\u00e8res : Fruits\/yogourts\/boissons\/cr\u00e8me glac\u00e9e<\/li>\n<li>Principaux arguments de vente : Un bon go\u00fbt de smoothie<\/li>\n<li>Capacit\u00e9 : 7L*1<\/li>\n<\/ul>","protected":false},"featured_media":50166,"comment_status":"open","ping_status":"closed","template":"","meta":{"_acf_changed":false},"product_brand":[],"product_cat":[251,275],"product_tag":[],"class_list":{"0":"post-50162","1":"product","2":"type-product","3":"status-publish","4":"has-post-thumbnail","6":"product_cat-fried-lce-cream-machine","7":"product_cat-refrigeration-equipment","8":"description-off","10":"first","11":"instock","12":"shipping-taxable","13":"product-type-simple"},"acf":[],"yoast_head":"<!-- This site is optimized with the Yoast SEO Premium plugin v25.3 (Yoast SEO v26.3) - https:\/\/yoast.com\/wordpress\/plugins\/seo\/ -->\n<title>Automatic Single Pot Smoothie Machine<\/title>\n<meta name=\"description\" content=\"Automatic Single Pot Smoothie Machine Ice Maker Fried Ice Cream Machine for Slushie Machine with Stainless Steels\" \/>\n<meta name=\"robots\" content=\"index, follow, max-snippet:-1, max-image-preview:large, max-video-preview:-1\" \/>\n<link rel=\"canonical\" href=\"https:\/\/kengmingcn.com\/fr\/product\/machine-a-smoothie-automatique-a-pot-unique-machine-a-glace-frites-machine-a-slushie-en-acier-inoxydable\/\" \/>\n<meta property=\"og:locale\" content=\"fr_FR\" \/>\n<meta property=\"og:type\" content=\"article\" \/>\n<meta property=\"og:title\" content=\"Automatic Single Pot Smoothie Machine Ice Maker Fried Ice Cream Machine for Slushie Machine with Stainless Steels\" \/>\n<meta property=\"og:description\" content=\"Automatic Single Pot Smoothie Machine Ice Maker Fried Ice Cream Machine for Slushie Machine with Stainless Steels\" \/>\n<meta property=\"og:url\" content=\"https:\/\/kengmingcn.com\/fr\/product\/machine-a-smoothie-automatique-a-pot-unique-machine-a-glace-frites-machine-a-slushie-en-acier-inoxydable\/\" \/>\n<meta property=\"og:site_name\" content=\"KengMing | Manufacturer of Commercial Kitchen Equipment\" \/>\n<meta property=\"article:modified_time\" content=\"2026-01-13T03:27:44+00:00\" \/>\n<meta property=\"og:image\" content=\"https:\/\/kengmingcn.com\/wp-content\/uploads\/2025\/05\/1-3.png\" \/>\n\t<meta property=\"og:image:width\" content=\"550\" \/>\n\t<meta property=\"og:image:height\" content=\"550\" \/>\n\t<meta property=\"og:image:type\" content=\"image\/png\" \/>\n<meta name=\"twitter:card\" content=\"summary_large_image\" \/>\n<meta name=\"twitter:label1\" content=\"Prix\" \/>\n\t<meta name=\"twitter:data1\" content=\"\" \/>\n\t<meta name=\"twitter:label2\" content=\"Disponibilit\u00e9\" \/>\n\t<meta name=\"twitter:data2\" content=\"En stock\" \/>\n<script type=\"application\/ld+json\" class=\"yoast-schema-graph\">{\"@context\":\"https:\/\/schema.org\",\"@graph\":[{\"@type\":\"WebPage\",\"@id\":\"https:\/\/kengmingcn.com\/product\/automatic-single-pot-smoothie-machine-ice-maker-fried-ice-cream-machine-for-slushie-machine-with-stainless-steels\/\",\"url\":\"https:\/\/kengmingcn.com\/product\/automatic-single-pot-smoothie-machine-ice-maker-fried-ice-cream-machine-for-slushie-machine-with-stainless-steels\/\",\"name\":\"Automatic Single Pot Smoothie Machine\",\"isPartOf\":{\"@id\":\"https:\/\/kengmingcn.com\/#website\"},\"primaryImageOfPage\":{\"@id\":\"https:\/\/kengmingcn.com\/product\/automatic-single-pot-smoothie-machine-ice-maker-fried-ice-cream-machine-for-slushie-machine-with-stainless-steels\/#primaryimage\"},\"image\":{\"@id\":\"https:\/\/kengmingcn.com\/product\/automatic-single-pot-smoothie-machine-ice-maker-fried-ice-cream-machine-for-slushie-machine-with-stainless-steels\/#primaryimage\"},\"thumbnailUrl\":\"https:\/\/kengmingcn.com\/wp-content\/uploads\/2025\/05\/1-3.png\",\"datePublished\":\"2025-05-06T11:04:21+00:00\",\"dateModified\":\"2026-01-13T03:27:44+00:00\",\"description\":\"Automatic Single Pot Smoothie Machine Ice Maker Fried Ice Cream Machine for Slushie Machine with Stainless Steels\",\"breadcrumb\":{\"@id\":\"https:\/\/kengmingcn.com\/product\/automatic-single-pot-smoothie-machine-ice-maker-fried-ice-cream-machine-for-slushie-machine-with-stainless-steels\/#breadcrumb\"},\"inLanguage\":\"fr-FR\",\"potentialAction\":[{\"@type\":\"ReadAction\",\"target\":[\"https:\/\/kengmingcn.com\/product\/automatic-single-pot-smoothie-machine-ice-maker-fried-ice-cream-machine-for-slushie-machine-with-stainless-steels\/\"]}]},{\"@type\":\"ImageObject\",\"inLanguage\":\"fr-FR\",\"@id\":\"https:\/\/kengmingcn.com\/product\/automatic-single-pot-smoothie-machine-ice-maker-fried-ice-cream-machine-for-slushie-machine-with-stainless-steels\/#primaryimage\",\"url\":\"https:\/\/kengmingcn.com\/wp-content\/uploads\/2025\/05\/1-3.png\",\"contentUrl\":\"https:\/\/kengmingcn.com\/wp-content\/uploads\/2025\/05\/1-3.png\",\"width\":550,\"height\":550,\"caption\":\"LJZ120A-1 Automatic Single Pot Smoothie Machine\"},{\"@type\":\"BreadcrumbList\",\"@id\":\"https:\/\/kengmingcn.com\/product\/automatic-single-pot-smoothie-machine-ice-maker-fried-ice-cream-machine-for-slushie-machine-with-stainless-steels\/#breadcrumb\",\"itemListElement\":[{\"@type\":\"ListItem\",\"position\":1,\"name\":\"Home\",\"item\":\"https:\/\/kengmingcn.com\/\"},{\"@type\":\"ListItem\",\"position\":2,\"name\":\"Catalogue\",\"item\":\"https:\/\/kengmingcn.com\/?page_id=27131\"},{\"@type\":\"ListItem\",\"position\":3,\"name\":\"Automatic Single Pot Smoothie Machine Ice Maker Fried Ice Cream Machine for Slushie Machine with Stainless Steels\"}]},{\"@type\":\"WebSite\",\"@id\":\"https:\/\/kengmingcn.com\/#website\",\"url\":\"https:\/\/kengmingcn.com\/\",\"name\":\"Kitchen Equipment\",\"description\":\"KengMing is a professional commercial kitchen equipment manufacturer and wholesale supplier, offering cooking, food prep and bakery equipment with OEM &amp; ODM service for global distributors.\",\"publisher\":{\"@id\":\"https:\/\/kengmingcn.com\/#organization\"},\"potentialAction\":[{\"@type\":\"SearchAction\",\"target\":{\"@type\":\"EntryPoint\",\"urlTemplate\":\"https:\/\/kengmingcn.com\/?s={search_term_string}\"},\"query-input\":{\"@type\":\"PropertyValueSpecification\",\"valueRequired\":true,\"valueName\":\"search_term_string\"}}],\"inLanguage\":\"fr-FR\"},{\"@type\":\"Organization\",\"@id\":\"https:\/\/kengmingcn.com\/#organization\",\"name\":\"GuangZhou KengMing\",\"url\":\"https:\/\/kengmingcn.com\/\",\"logo\":{\"@type\":\"ImageObject\",\"inLanguage\":\"fr-FR\",\"@id\":\"https:\/\/kengmingcn.com\/#\/schema\/logo\/image\/\",\"url\":\"https:\/\/kengmingcn.com\/wp-content\/uploads\/2025\/04\/cropped-1744508604969-removebg-preview.png\",\"contentUrl\":\"https:\/\/kengmingcn.com\/wp-content\/uploads\/2025\/04\/cropped-1744508604969-removebg-preview.png\",\"width\":512,\"height\":512,\"caption\":\"GuangZhou KengMing\"},\"image\":{\"@id\":\"https:\/\/kengmingcn.com\/#\/schema\/logo\/image\/\"}}]}<\/script>\n<meta property=\"product:price:amount\" content=\"0.00\" \/>\n<meta property=\"product:price:currency\" content=\"USD\" \/>\n<meta property=\"og:availability\" content=\"instock\" \/>\n<meta property=\"product:availability\" content=\"instock\" \/>\n<meta property=\"product:condition\" content=\"new\" \/>\n<!-- \/ Yoast SEO Premium plugin. -->","yoast_head_json":{"title":"Machine automatique \u00e0 smoothie \u00e0 pot unique","description":"Machine \u00e0 glace automatique \u00e0 pot unique pour smoothie Machine \u00e0 glace frite pour slushie Machine avec acier inoxydable","robots":{"index":"index","follow":"follow","max-snippet":"max-snippet:-1","max-image-preview":"max-image-preview:large","max-video-preview":"max-video-preview:-1"},"canonical":"https:\/\/kengmingcn.com\/fr\/product\/machine-a-smoothie-automatique-a-pot-unique-machine-a-glace-frites-machine-a-slushie-en-acier-inoxydable\/","og_locale":"fr_FR","og_type":"article","og_title":"Automatic Single Pot Smoothie Machine Ice Maker Fried Ice Cream Machine for Slushie Machine with Stainless Steels","og_description":"Automatic Single Pot Smoothie Machine Ice Maker Fried Ice Cream Machine for Slushie Machine with Stainless Steels","og_url":"https:\/\/kengmingcn.com\/fr\/product\/machine-a-smoothie-automatique-a-pot-unique-machine-a-glace-frites-machine-a-slushie-en-acier-inoxydable\/","og_site_name":"KengMing | Manufacturer of Commercial Kitchen Equipment","article_modified_time":"2026-01-13T03:27:44+00:00","og_image":[{"width":550,"height":550,"url":"https:\/\/kengmingcn.com\/wp-content\/uploads\/2025\/05\/1-3.png","type":"image\/png"}],"twitter_card":"summary_large_image","twitter_misc":{"Prix":"","Disponibilit\u00e9":"En stock"},"schema":{"@context":"https:\/\/schema.org","@graph":[{"@type":"WebPage","@id":"https:\/\/kengmingcn.com\/product\/automatic-single-pot-smoothie-machine-ice-maker-fried-ice-cream-machine-for-slushie-machine-with-stainless-steels\/","url":"https:\/\/kengmingcn.com\/product\/automatic-single-pot-smoothie-machine-ice-maker-fried-ice-cream-machine-for-slushie-machine-with-stainless-steels\/","name":"Machine automatique \u00e0 smoothie \u00e0 pot unique","isPartOf":{"@id":"https:\/\/kengmingcn.com\/#website"},"primaryImageOfPage":{"@id":"https:\/\/kengmingcn.com\/product\/automatic-single-pot-smoothie-machine-ice-maker-fried-ice-cream-machine-for-slushie-machine-with-stainless-steels\/#primaryimage"},"image":{"@id":"https:\/\/kengmingcn.com\/product\/automatic-single-pot-smoothie-machine-ice-maker-fried-ice-cream-machine-for-slushie-machine-with-stainless-steels\/#primaryimage"},"thumbnailUrl":"https:\/\/kengmingcn.com\/wp-content\/uploads\/2025\/05\/1-3.png","datePublished":"2025-05-06T11:04:21+00:00","dateModified":"2026-01-13T03:27:44+00:00","description":"Machine \u00e0 glace automatique \u00e0 pot unique pour smoothie Machine \u00e0 glace frite pour slushie Machine avec acier inoxydable","breadcrumb":{"@id":"https:\/\/kengmingcn.com\/product\/automatic-single-pot-smoothie-machine-ice-maker-fried-ice-cream-machine-for-slushie-machine-with-stainless-steels\/#breadcrumb"},"inLanguage":"fr-FR","potentialAction":[{"@type":"ReadAction","target":["https:\/\/kengmingcn.com\/product\/automatic-single-pot-smoothie-machine-ice-maker-fried-ice-cream-machine-for-slushie-machine-with-stainless-steels\/"]}]},{"@type":"ImageObject","inLanguage":"fr-FR","@id":"https:\/\/kengmingcn.com\/product\/automatic-single-pot-smoothie-machine-ice-maker-fried-ice-cream-machine-for-slushie-machine-with-stainless-steels\/#primaryimage","url":"https:\/\/kengmingcn.com\/wp-content\/uploads\/2025\/05\/1-3.png","contentUrl":"https:\/\/kengmingcn.com\/wp-content\/uploads\/2025\/05\/1-3.png","width":550,"height":550,"caption":"LJZ120A-1 Automatic Single Pot Smoothie Machine"},{"@type":"BreadcrumbList","@id":"https:\/\/kengmingcn.com\/product\/automatic-single-pot-smoothie-machine-ice-maker-fried-ice-cream-machine-for-slushie-machine-with-stainless-steels\/#breadcrumb","itemListElement":[{"@type":"ListItem","position":1,"name":"Home","item":"https:\/\/kengmingcn.com\/"},{"@type":"ListItem","position":2,"name":"Catalogue","item":"https:\/\/kengmingcn.com\/?page_id=27131"},{"@type":"ListItem","position":3,"name":"Automatic Single Pot Smoothie Machine Ice Maker Fried Ice Cream Machine for Slushie Machine with Stainless Steels"}]},{"@type":"WebSite","@id":"https:\/\/kengmingcn.com\/#website","url":"https:\/\/kengmingcn.com\/","name":"\u00c9quipement de cuisine","description":"KengMing est un fabricant professionnel d'\u00e9quipements de cuisine commerciale et un fournisseur en gros, proposant des \u00e9quipements de cuisine, de pr\u00e9paration des aliments et de boulangerie avec un service OEM et ODM pour les distributeurs mondiaux.","publisher":{"@id":"https:\/\/kengmingcn.com\/#organization"},"potentialAction":[{"@type":"SearchAction","target":{"@type":"EntryPoint","urlTemplate":"https:\/\/kengmingcn.com\/?s={search_term_string}"},"query-input":{"@type":"PropertyValueSpecification","valueRequired":true,"valueName":"search_term_string"}}],"inLanguage":"fr-FR"},{"@type":"Organization","@id":"https:\/\/kengmingcn.com\/#organization","name":"GuangZhou KengMing","url":"https:\/\/kengmingcn.com\/","logo":{"@type":"ImageObject","inLanguage":"fr-FR","@id":"https:\/\/kengmingcn.com\/#\/schema\/logo\/image\/","url":"https:\/\/kengmingcn.com\/wp-content\/uploads\/2025\/04\/cropped-1744508604969-removebg-preview.png","contentUrl":"https:\/\/kengmingcn.com\/wp-content\/uploads\/2025\/04\/cropped-1744508604969-removebg-preview.png","width":512,"height":512,"caption":"GuangZhou KengMing"},"image":{"@id":"https:\/\/kengmingcn.com\/#\/schema\/logo\/image\/"}}]},"product_price_amount":"0.00","product_price_currency":"USD","og_availability":"instock","product_availability":"instock","product_condition":"new"},"_links":{"self":[{"href":"https:\/\/kengmingcn.com\/fr\/wp-json\/wp\/v2\/product\/50162","targetHints":{"allow":["GET"]}}],"collection":[{"href":"https:\/\/kengmingcn.com\/fr\/wp-json\/wp\/v2\/product"}],"about":[{"href":"https:\/\/kengmingcn.com\/fr\/wp-json\/wp\/v2\/types\/product"}],"replies":[{"embeddable":true,"href":"https:\/\/kengmingcn.com\/fr\/wp-json\/wp\/v2\/comments?post=50162"}],"wp:featuredmedia":[{"embeddable":true,"href":"https:\/\/kengmingcn.com\/fr\/wp-json\/wp\/v2\/media\/50166"}],"wp:attachment":[{"href":"https:\/\/kengmingcn.com\/fr\/wp-json\/wp\/v2\/media?parent=50162"}],"wp:term":[{"taxonomy":"product_brand","embeddable":true,"href":"https:\/\/kengmingcn.com\/fr\/wp-json\/wp\/v2\/product_brand?post=50162"},{"taxonomy":"product_cat","embeddable":true,"href":"https:\/\/kengmingcn.com\/fr\/wp-json\/wp\/v2\/product_cat?post=50162"},{"taxonomy":"product_tag","embeddable":true,"href":"https:\/\/kengmingcn.com\/fr\/wp-json\/wp\/v2\/product_tag?post=50162"}],"curies":[{"name":"wp","href":"https:\/\/api.w.org\/{rel}","templated":true}]}}