{"id":50136,"date":"2025-05-06T18:45:37","date_gmt":"2025-05-06T10:45:37","guid":{"rendered":"https:\/\/kengmingcn.com\/?post_type=product&#038;p=50136"},"modified":"2025-11-24T15:40:31","modified_gmt":"2025-11-24T07:40:31","slug":"machine-a-glacons-a-6-godets-machine-a-glace-rasee-1200w-ljm120","status":"publish","type":"product","link":"https:\/\/kengmingcn.com\/fr\/product\/machine-a-glacons-a-6-godets-machine-a-glace-rasee-1200w-ljm120\/","title":{"rendered":"Machine \u00e0 gla\u00e7ons \u00e0 6 godets, machine \u00e0 glace pil\u00e9e 1200W LJM120"},"content":{"rendered":"<div style=\"width: 640px;\" class=\"wp-video\"><!--[if lt IE 9]><script>document.createElement('video');<\/script><![endif]-->\n<video class=\"wp-video-shortcode\" id=\"video-50136-1\" width=\"640\" height=\"360\" preload=\"metadata\" controls=\"controls\"><source type=\"video\/mp4\" src=\"https:\/\/cdn-gzkm.b-cdn.net\/video\/ice%20block.mp4?_=1\" \/><a href=\"https:\/\/cdn-gzkm.b-cdn.net\/video\/ice%20block.mp4\">https:\/\/cdn-gzkm.b-cdn.net\/video\/ice%20block.mp4<\/a><\/video><\/div>\n<p class=\"ai-optimize-57\">Notre machine \u00e0 briques de glace est une machine sp\u00e9cialis\u00e9e dans la production de glace de brebis. Elle fonctionne en congelant les liquides (tels que les jus, le lait ou les sirops) directement en briques de glace de taille uniforme. La machine se compose principalement d'une chambre de cong\u00e9lation et de plusieurs moules capables de congeler rapidement et uniform\u00e9ment les liquides en briques de glace sans autre traitement. Elle convient \u00e0 la production de glace molle ou d'autres produits glac\u00e9s n\u00e9cessitant de grandes briques de glace, et est couramment utilis\u00e9e dans les magasins de desserts et de boissons froides.<\/p>\n<p><img decoding=\"async\" class=\"alignnone wp-image-50728 size-full\" src=\"http:\/\/kengmingcn.com\/wp-content\/uploads\/2025\/05\/Snow-Ice-Block-Machine-6.webp\" alt=\"Machine \u00e0 blocs de glace (6)\" width=\"1060\" height=\"500\" srcset=\"https:\/\/kengmingcn.com\/wp-content\/uploads\/2025\/05\/Snow-Ice-Block-Machine-6.webp 1060w, https:\/\/kengmingcn.com\/wp-content\/uploads\/2025\/05\/Snow-Ice-Block-Machine-6-300x142.webp 300w, https:\/\/kengmingcn.com\/wp-content\/uploads\/2025\/05\/Snow-Ice-Block-Machine-6-1024x483.webp 1024w, https:\/\/kengmingcn.com\/wp-content\/uploads\/2025\/05\/Snow-Ice-Block-Machine-6-768x362.webp 768w\" sizes=\"(max-width: 1060px) 100vw, 1060px\" \/><\/p>\n<p class=\"ai-optimize-58\">1. cong\u00e9lation efficace : gr\u00e2ce \u00e0 un syst\u00e8me de cong\u00e9lation puissant, il est possible de congeler rapidement le liquide en grandes briques de glace, ce qui constitue la base de la production de glace molle.<br \/>\n2. conception multi-moule : G\u00e9n\u00e9ralement \u00e9quip\u00e9s de plusieurs moules, ils sont capables de produire plusieurs briques de glace en m\u00eame temps, ce qui am\u00e9liore l'efficacit\u00e9 de la production.<br \/>\n3. contr\u00f4le pr\u00e9cis de la temp\u00e9rature : Le syst\u00e8me de contr\u00f4le de la temp\u00e9rature int\u00e9gr\u00e9 garantit que les briques de glace sont congel\u00e9es \u00e0 la temp\u00e9rature souhait\u00e9e afin d'obtenir une qualit\u00e9 de glace id\u00e9ale.<br \/>\n4. mat\u00e9riau durable : Fabriqu\u00e9 dans un mat\u00e9riau durable, il convient \u00e0 une utilisation de longue dur\u00e9e et \u00e0 un fonctionnement \u00e0 haute fr\u00e9quence.<br \/>\n5. facilit\u00e9 d'utilisation : l'interface d'utilisation intuitive facilite la configuration et le contr\u00f4le du processus de cong\u00e9lation.<\/p>\n<p><img decoding=\"async\" class=\"alignnone wp-image-50729 size-full\" src=\"http:\/\/kengmingcn.com\/wp-content\/uploads\/2025\/05\/Snow-Ice-Block-Machine-2.webp\" alt=\"Machine \u00e0 blocs de glace (2)\" width=\"1060\" height=\"500\" srcset=\"https:\/\/kengmingcn.com\/wp-content\/uploads\/2025\/05\/Snow-Ice-Block-Machine-2.webp 1060w, https:\/\/kengmingcn.com\/wp-content\/uploads\/2025\/05\/Snow-Ice-Block-Machine-2-300x142.webp 300w, https:\/\/kengmingcn.com\/wp-content\/uploads\/2025\/05\/Snow-Ice-Block-Machine-2-1024x483.webp 1024w, https:\/\/kengmingcn.com\/wp-content\/uploads\/2025\/05\/Snow-Ice-Block-Machine-2-768x362.webp 768w\" sizes=\"(max-width: 1060px) 100vw, 1060px\" \/><\/p>\n<p><img decoding=\"async\" class=\"alignnone wp-image-50730 size-full\" src=\"http:\/\/kengmingcn.com\/wp-content\/uploads\/2025\/05\/Snow-Ice-Block-Machine-7.webp\" alt=\"\" width=\"1060\" height=\"500\" srcset=\"https:\/\/kengmingcn.com\/wp-content\/uploads\/2025\/05\/Snow-Ice-Block-Machine-7.webp 1060w, https:\/\/kengmingcn.com\/wp-content\/uploads\/2025\/05\/Snow-Ice-Block-Machine-7-300x142.webp 300w, https:\/\/kengmingcn.com\/wp-content\/uploads\/2025\/05\/Snow-Ice-Block-Machine-7-1024x483.webp 1024w, https:\/\/kengmingcn.com\/wp-content\/uploads\/2025\/05\/Snow-Ice-Block-Machine-7-768x362.webp 768w\" sizes=\"(max-width: 1060px) 100vw, 1060px\" \/><\/p>\n<p><img decoding=\"async\" class=\"alignnone wp-image-50731 size-full\" src=\"http:\/\/kengmingcn.com\/wp-content\/uploads\/2025\/05\/Snow-Ice-Block-Machine-1.webp\" alt=\"\" width=\"1060\" height=\"500\" srcset=\"https:\/\/kengmingcn.com\/wp-content\/uploads\/2025\/05\/Snow-Ice-Block-Machine-1.webp 1060w, https:\/\/kengmingcn.com\/wp-content\/uploads\/2025\/05\/Snow-Ice-Block-Machine-1-300x142.webp 300w, https:\/\/kengmingcn.com\/wp-content\/uploads\/2025\/05\/Snow-Ice-Block-Machine-1-1024x483.webp 1024w, https:\/\/kengmingcn.com\/wp-content\/uploads\/2025\/05\/Snow-Ice-Block-Machine-1-768x362.webp 768w\" sizes=\"(max-width: 1060px) 100vw, 1060px\" \/><\/p>\n<p class=\"ai-optimize-59\">1. magasin de desserts :<br \/>\nObjet : Briques de glace de base pour la fabrication de glace de mouton.<br \/>\nExemple : Utilisez la machine \u00e0 glace pour moutons congel\u00e9s afin de fabriquer de grandes briques de glace pour diff\u00e9rents parfums de desserts \u00e0 la glace de mouton dans un magasin de desserts.<br \/>\n2. magasin de boissons fra\u00eeches :<br \/>\nObjectif : Fournir des mati\u00e8res premi\u00e8res pour la fabrication de glace d\u00e9licate.<br \/>\nExemple : Les magasins de boissons froides produisent des briques de glace \u00e0 l'aide de la machine \u00e0 glace Frozen Sheep, qui sont ensuite utilis\u00e9es pour pr\u00e9parer des smoothies ou des boissons glac\u00e9es.<br \/>\n3. usine de transformation des aliments :<br \/>\nObjet : Briques de glace, mati\u00e8re premi\u00e8re pour la production de masse de glace pure.<br \/>\nExemple : Une usine de transformation alimentaire utilise une machine \u00e0 glace de mouton r\u00e9frig\u00e9r\u00e9e pour produire des briques de glace destin\u00e9es aux d\u00e9taillants et aux circuits de distribution.<br \/>\n4. restaurants et caf\u00e9s :<br \/>\nObjectif : Fabriquer des glaces ou des desserts glac\u00e9s uniques.<br \/>\nExemple : Les restaurants et les caf\u00e9s utilisent des machines \u00e0 glace de mouton congel\u00e9e pour produire des briques de glace qui constituent l'ingr\u00e9dient de base des desserts cr\u00e9atifs propos\u00e9s sur la carte.<\/p>\n<figure class=\"wp-block-image\"><img decoding=\"async\" src=\"https:\/\/image.made-in-china.com\/226f3j00GjNCZYOhyykP\/New-Type-Block-Ice-Making-Machine-for-Shaved-Ice-Brick-Machine-Taiwanese-Shaved-Ice-Machine-LJM120-6-1200W-220V-50Hz-.webp\" alt=\"Nouveau type de machine \u00e0 fabriquer des blocs de glace pour la machine \u00e0 briques de glace pil\u00e9e Machine \u00e0 glace pil\u00e9e ta\u00efwanaise (LJM120-6-1200W-220V\/50Hz)\" \/><\/figure>\n<figure class=\"wp-block-image\"><img decoding=\"async\" src=\"https:\/\/image.made-in-china.com\/226f3j00UZnCSLNGSFbP\/New-Type-Block-Ice-Making-Machine-for-Shaved-Ice-Brick-Machine-Taiwanese-Shaved-Ice-Machine-LJM120-6-1200W-220V-50Hz-.webp\" alt=\"Nouveau type de machine \u00e0 fabriquer des blocs de glace pour la machine \u00e0 briques de glace pil\u00e9e Machine \u00e0 glace pil\u00e9e ta\u00efwanaise (LJM120-6-1200W-220V\/50Hz)\" \/><\/figure>\n<figure class=\"wp-block-image\"><img decoding=\"async\" src=\"https:\/\/image.made-in-china.com\/226f3j00RKFvjonPGNqL\/New-Type-Block-Ice-Making-Machine-for-Shaved-Ice-Brick-Machine-Taiwanese-Shaved-Ice-Machine-LJM120-6-1200W-220V-50Hz-.webp\" alt=\"Nouveau type de machine \u00e0 fabriquer des blocs de glace pour la machine \u00e0 briques de glace pil\u00e9e Machine \u00e0 glace pil\u00e9e ta\u00efwanaise (LJM120-6-1200W-220V\/50Hz)\" \/><\/figure>","protected":false},"excerpt":{"rendered":"<ul>\n<li>Puissance : 1200W<\/li>\n<li>Mati\u00e8res premi\u00e8res : Fruits\/yogourts\/boissons\/cr\u00e8me glac\u00e9e<\/li>\n<li>Principaux arguments de vente : Peut \u00eatre fabriqu\u00e9 dans une vari\u00e9t\u00e9 d'ar\u00f4mes<\/li>\n<li>Capacit\u00e9 : 6 seaux \u00e0 glace<\/li>\n<li>M\u00e9thode de fabrication de glace : R\u00e9frig\u00e9ration \u00e0 compresseur<\/li>\n<\/ul>","protected":false},"featured_media":50138,"comment_status":"open","ping_status":"closed","template":"","meta":{"_acf_changed":false},"product_brand":[],"product_cat":[249,275],"product_tag":[],"class_list":{"0":"post-50136","1":"product","2":"type-product","3":"status-publish","4":"has-post-thumbnail","6":"product_cat-icicle-and-shaved-ice-machine","7":"product_cat-refrigeration-equipment","8":"description-off","10":"first","11":"instock","12":"shipping-taxable","13":"product-type-simple"},"acf":[],"yoast_head":"<!-- This site is optimized with the Yoast SEO Premium plugin v25.3 (Yoast SEO v26.3) - https:\/\/yoast.com\/wordpress\/plugins\/seo\/ -->\n<title>6 Bucket Icicle Machine, Shaved Ice Machine 1200W LJM120<\/title>\n<meta name=\"description\" content=\"6 Bucket Icicle Machine, Shaved Ice Machine 1200W LJM120\" \/>\n<meta name=\"robots\" content=\"index, follow, max-snippet:-1, max-image-preview:large, max-video-preview:-1\" \/>\n<link rel=\"canonical\" href=\"https:\/\/kengmingcn.com\/fr\/product\/machine-a-glacons-a-6-godets-machine-a-glace-rasee-1200w-ljm120\/\" \/>\n<meta property=\"og:locale\" content=\"fr_FR\" \/>\n<meta property=\"og:type\" content=\"article\" \/>\n<meta property=\"og:title\" content=\"6 Bucket Icicle Machine, Shaved Ice Machine 1200W LJM120\" \/>\n<meta property=\"og:description\" content=\"6 Bucket Icicle Machine, Shaved Ice Machine 1200W LJM120\" \/>\n<meta property=\"og:url\" content=\"https:\/\/kengmingcn.com\/fr\/product\/machine-a-glacons-a-6-godets-machine-a-glace-rasee-1200w-ljm120\/\" \/>\n<meta property=\"og:site_name\" content=\"KengMing | Manufacturer of Commercial Kitchen Equipment\" \/>\n<meta property=\"article:modified_time\" content=\"2025-11-24T07:40:31+00:00\" \/>\n<meta property=\"og:image\" content=\"https:\/\/kengmingcn.com\/wp-content\/uploads\/2025\/05\/5.jpg\" \/>\n\t<meta property=\"og:image:width\" content=\"800\" \/>\n\t<meta property=\"og:image:height\" content=\"800\" \/>\n\t<meta property=\"og:image:type\" content=\"image\/jpeg\" \/>\n<meta name=\"twitter:card\" content=\"summary_large_image\" \/>\n<meta name=\"twitter:label1\" content=\"Prix\" \/>\n\t<meta name=\"twitter:data1\" content=\"\" \/>\n\t<meta name=\"twitter:label2\" content=\"Disponibilit\u00e9\" \/>\n\t<meta name=\"twitter:data2\" content=\"En stock\" \/>\n<script type=\"application\/ld+json\" class=\"yoast-schema-graph\">{\"@context\":\"https:\/\/schema.org\",\"@graph\":[{\"@type\":\"WebPage\",\"@id\":\"https:\/\/kengmingcn.com\/it\/product\/6-secchi-macchina-per-ghiaccioli-macchina-per-ghiaccio-tritato-1200w-ljm120\/\",\"url\":\"https:\/\/kengmingcn.com\/it\/product\/6-secchi-macchina-per-ghiaccioli-macchina-per-ghiaccio-tritato-1200w-ljm120\/\",\"name\":\"6 Bucket Icicle Machine, Shaved Ice Machine 1200W LJM120\",\"isPartOf\":{\"@id\":\"https:\/\/kengmingcn.com\/#website\"},\"primaryImageOfPage\":{\"@id\":\"https:\/\/kengmingcn.com\/it\/product\/6-secchi-macchina-per-ghiaccioli-macchina-per-ghiaccio-tritato-1200w-ljm120\/#primaryimage\"},\"image\":{\"@id\":\"https:\/\/kengmingcn.com\/it\/product\/6-secchi-macchina-per-ghiaccioli-macchina-per-ghiaccio-tritato-1200w-ljm120\/#primaryimage\"},\"thumbnailUrl\":\"https:\/\/kengmingcn.com\/wp-content\/uploads\/2025\/05\/5.jpg\",\"datePublished\":\"2025-05-06T10:45:37+00:00\",\"dateModified\":\"2025-11-24T07:40:31+00:00\",\"description\":\"6 Bucket Icicle Machine, Shaved Ice Machine 1200W LJM120\",\"breadcrumb\":{\"@id\":\"https:\/\/kengmingcn.com\/it\/product\/6-secchi-macchina-per-ghiaccioli-macchina-per-ghiaccio-tritato-1200w-ljm120\/#breadcrumb\"},\"inLanguage\":\"fr-FR\",\"potentialAction\":[{\"@type\":\"ReadAction\",\"target\":[\"https:\/\/kengmingcn.com\/it\/product\/6-secchi-macchina-per-ghiaccioli-macchina-per-ghiaccio-tritato-1200w-ljm120\/\"]}]},{\"@type\":\"ImageObject\",\"inLanguage\":\"fr-FR\",\"@id\":\"https:\/\/kengmingcn.com\/it\/product\/6-secchi-macchina-per-ghiaccioli-macchina-per-ghiaccio-tritato-1200w-ljm120\/#primaryimage\",\"url\":\"https:\/\/kengmingcn.com\/wp-content\/uploads\/2025\/05\/5.jpg\",\"contentUrl\":\"https:\/\/kengmingcn.com\/wp-content\/uploads\/2025\/05\/5.jpg\",\"width\":800,\"height\":800,\"caption\":\"6 Bucket Icicle Machine\"},{\"@type\":\"BreadcrumbList\",\"@id\":\"https:\/\/kengmingcn.com\/it\/product\/6-secchi-macchina-per-ghiaccioli-macchina-per-ghiaccio-tritato-1200w-ljm120\/#breadcrumb\",\"itemListElement\":[{\"@type\":\"ListItem\",\"position\":1,\"name\":\"Home\",\"item\":\"https:\/\/kengmingcn.com\/\"},{\"@type\":\"ListItem\",\"position\":2,\"name\":\"Catalogue\",\"item\":\"https:\/\/kengmingcn.com\/?page_id=27131\"},{\"@type\":\"ListItem\",\"position\":3,\"name\":\"6 Bucket Icicle Machine, Shaved Ice Machine 1200W LJM120\"}]},{\"@type\":\"WebSite\",\"@id\":\"https:\/\/kengmingcn.com\/#website\",\"url\":\"https:\/\/kengmingcn.com\/\",\"name\":\"Kitchen Equipment\",\"description\":\"KengMing is a professional commercial kitchen equipment manufacturer and wholesale supplier, offering cooking, food prep and bakery equipment with OEM &amp; ODM service for global distributors.\",\"publisher\":{\"@id\":\"https:\/\/kengmingcn.com\/#organization\"},\"potentialAction\":[{\"@type\":\"SearchAction\",\"target\":{\"@type\":\"EntryPoint\",\"urlTemplate\":\"https:\/\/kengmingcn.com\/?s={search_term_string}\"},\"query-input\":{\"@type\":\"PropertyValueSpecification\",\"valueRequired\":true,\"valueName\":\"search_term_string\"}}],\"inLanguage\":\"fr-FR\"},{\"@type\":\"Organization\",\"@id\":\"https:\/\/kengmingcn.com\/#organization\",\"name\":\"GuangZhou KengMing\",\"url\":\"https:\/\/kengmingcn.com\/\",\"logo\":{\"@type\":\"ImageObject\",\"inLanguage\":\"fr-FR\",\"@id\":\"https:\/\/kengmingcn.com\/#\/schema\/logo\/image\/\",\"url\":\"https:\/\/kengmingcn.com\/wp-content\/uploads\/2025\/04\/cropped-1744508604969-removebg-preview.png\",\"contentUrl\":\"https:\/\/kengmingcn.com\/wp-content\/uploads\/2025\/04\/cropped-1744508604969-removebg-preview.png\",\"width\":512,\"height\":512,\"caption\":\"GuangZhou KengMing\"},\"image\":{\"@id\":\"https:\/\/kengmingcn.com\/#\/schema\/logo\/image\/\"}}]}<\/script>\n<meta property=\"product:price:amount\" content=\"0.00\" \/>\n<meta property=\"product:price:currency\" content=\"USD\" \/>\n<meta property=\"og:availability\" content=\"instock\" \/>\n<meta property=\"product:availability\" content=\"instock\" \/>\n<meta property=\"product:condition\" content=\"new\" \/>\n<!-- \/ Yoast SEO Premium plugin. -->","yoast_head_json":{"title":"Machine \u00e0 gla\u00e7ons \u00e0 6 godets, machine \u00e0 glace pil\u00e9e 1200W LJM120","description":"Machine \u00e0 gla\u00e7ons \u00e0 6 godets, machine \u00e0 glace pil\u00e9e 1200W LJM120","robots":{"index":"index","follow":"follow","max-snippet":"max-snippet:-1","max-image-preview":"max-image-preview:large","max-video-preview":"max-video-preview:-1"},"canonical":"https:\/\/kengmingcn.com\/fr\/product\/machine-a-glacons-a-6-godets-machine-a-glace-rasee-1200w-ljm120\/","og_locale":"fr_FR","og_type":"article","og_title":"6 Bucket Icicle Machine, Shaved Ice Machine 1200W LJM120","og_description":"6 Bucket Icicle Machine, Shaved Ice Machine 1200W LJM120","og_url":"https:\/\/kengmingcn.com\/fr\/product\/machine-a-glacons-a-6-godets-machine-a-glace-rasee-1200w-ljm120\/","og_site_name":"KengMing | Manufacturer of Commercial Kitchen Equipment","article_modified_time":"2025-11-24T07:40:31+00:00","og_image":[{"width":800,"height":800,"url":"https:\/\/kengmingcn.com\/wp-content\/uploads\/2025\/05\/5.jpg","type":"image\/jpeg"}],"twitter_card":"summary_large_image","twitter_misc":{"Prix":"","Disponibilit\u00e9":"En stock"},"schema":{"@context":"https:\/\/schema.org","@graph":[{"@type":"WebPage","@id":"https:\/\/kengmingcn.com\/it\/product\/6-secchi-macchina-per-ghiaccioli-macchina-per-ghiaccio-tritato-1200w-ljm120\/","url":"https:\/\/kengmingcn.com\/it\/product\/6-secchi-macchina-per-ghiaccioli-macchina-per-ghiaccio-tritato-1200w-ljm120\/","name":"Machine \u00e0 gla\u00e7ons \u00e0 6 godets, machine \u00e0 glace pil\u00e9e 1200W LJM120","isPartOf":{"@id":"https:\/\/kengmingcn.com\/#website"},"primaryImageOfPage":{"@id":"https:\/\/kengmingcn.com\/it\/product\/6-secchi-macchina-per-ghiaccioli-macchina-per-ghiaccio-tritato-1200w-ljm120\/#primaryimage"},"image":{"@id":"https:\/\/kengmingcn.com\/it\/product\/6-secchi-macchina-per-ghiaccioli-macchina-per-ghiaccio-tritato-1200w-ljm120\/#primaryimage"},"thumbnailUrl":"https:\/\/kengmingcn.com\/wp-content\/uploads\/2025\/05\/5.jpg","datePublished":"2025-05-06T10:45:37+00:00","dateModified":"2025-11-24T07:40:31+00:00","description":"Machine \u00e0 gla\u00e7ons \u00e0 6 godets, machine \u00e0 glace pil\u00e9e 1200W LJM120","breadcrumb":{"@id":"https:\/\/kengmingcn.com\/it\/product\/6-secchi-macchina-per-ghiaccioli-macchina-per-ghiaccio-tritato-1200w-ljm120\/#breadcrumb"},"inLanguage":"fr-FR","potentialAction":[{"@type":"ReadAction","target":["https:\/\/kengmingcn.com\/it\/product\/6-secchi-macchina-per-ghiaccioli-macchina-per-ghiaccio-tritato-1200w-ljm120\/"]}]},{"@type":"ImageObject","inLanguage":"fr-FR","@id":"https:\/\/kengmingcn.com\/it\/product\/6-secchi-macchina-per-ghiaccioli-macchina-per-ghiaccio-tritato-1200w-ljm120\/#primaryimage","url":"https:\/\/kengmingcn.com\/wp-content\/uploads\/2025\/05\/5.jpg","contentUrl":"https:\/\/kengmingcn.com\/wp-content\/uploads\/2025\/05\/5.jpg","width":800,"height":800,"caption":"6 Bucket Icicle Machine"},{"@type":"BreadcrumbList","@id":"https:\/\/kengmingcn.com\/it\/product\/6-secchi-macchina-per-ghiaccioli-macchina-per-ghiaccio-tritato-1200w-ljm120\/#breadcrumb","itemListElement":[{"@type":"ListItem","position":1,"name":"Home","item":"https:\/\/kengmingcn.com\/"},{"@type":"ListItem","position":2,"name":"Catalogue","item":"https:\/\/kengmingcn.com\/?page_id=27131"},{"@type":"ListItem","position":3,"name":"6 Bucket Icicle Machine, Shaved Ice Machine 1200W LJM120"}]},{"@type":"WebSite","@id":"https:\/\/kengmingcn.com\/#website","url":"https:\/\/kengmingcn.com\/","name":"\u00c9quipement de cuisine","description":"KengMing is a professional commercial kitchen equipment manufacturer and wholesale supplier, offering cooking, food prep and bakery equipment with OEM &amp; ODM service for global distributors.","publisher":{"@id":"https:\/\/kengmingcn.com\/#organization"},"potentialAction":[{"@type":"SearchAction","target":{"@type":"EntryPoint","urlTemplate":"https:\/\/kengmingcn.com\/?s={search_term_string}"},"query-input":{"@type":"PropertyValueSpecification","valueRequired":true,"valueName":"search_term_string"}}],"inLanguage":"fr-FR"},{"@type":"Organization","@id":"https:\/\/kengmingcn.com\/#organization","name":"GuangZhou KengMing","url":"https:\/\/kengmingcn.com\/","logo":{"@type":"ImageObject","inLanguage":"fr-FR","@id":"https:\/\/kengmingcn.com\/#\/schema\/logo\/image\/","url":"https:\/\/kengmingcn.com\/wp-content\/uploads\/2025\/04\/cropped-1744508604969-removebg-preview.png","contentUrl":"https:\/\/kengmingcn.com\/wp-content\/uploads\/2025\/04\/cropped-1744508604969-removebg-preview.png","width":512,"height":512,"caption":"GuangZhou KengMing"},"image":{"@id":"https:\/\/kengmingcn.com\/#\/schema\/logo\/image\/"}}]},"product_price_amount":"0.00","product_price_currency":"USD","og_availability":"instock","product_availability":"instock","product_condition":"new"},"_links":{"self":[{"href":"https:\/\/kengmingcn.com\/fr\/wp-json\/wp\/v2\/product\/50136","targetHints":{"allow":["GET"]}}],"collection":[{"href":"https:\/\/kengmingcn.com\/fr\/wp-json\/wp\/v2\/product"}],"about":[{"href":"https:\/\/kengmingcn.com\/fr\/wp-json\/wp\/v2\/types\/product"}],"replies":[{"embeddable":true,"href":"https:\/\/kengmingcn.com\/fr\/wp-json\/wp\/v2\/comments?post=50136"}],"wp:featuredmedia":[{"embeddable":true,"href":"https:\/\/kengmingcn.com\/fr\/wp-json\/wp\/v2\/media\/50138"}],"wp:attachment":[{"href":"https:\/\/kengmingcn.com\/fr\/wp-json\/wp\/v2\/media?parent=50136"}],"wp:term":[{"taxonomy":"product_brand","embeddable":true,"href":"https:\/\/kengmingcn.com\/fr\/wp-json\/wp\/v2\/product_brand?post=50136"},{"taxonomy":"product_cat","embeddable":true,"href":"https:\/\/kengmingcn.com\/fr\/wp-json\/wp\/v2\/product_cat?post=50136"},{"taxonomy":"product_tag","embeddable":true,"href":"https:\/\/kengmingcn.com\/fr\/wp-json\/wp\/v2\/product_tag?post=50136"}],"curies":[{"name":"wp","href":"https:\/\/api.w.org\/{rel}","templated":true}]}}