{"id":50012,"date":"2025-05-06T11:23:12","date_gmt":"2025-05-06T03:23:12","guid":{"rendered":"https:\/\/kengmingcn.com\/?post_type=product&#038;p=50012"},"modified":"2026-01-11T11:38:01","modified_gmt":"2026-01-11T03:38:01","slug":"machine-bingsu-400kg-24h","status":"publish","type":"product","link":"https:\/\/kengmingcn.com\/fr\/product\/machine-bingsu-400kg-24h\/","title":{"rendered":"XHJ268FP Machine \u00e0 glace en flocon 400kg\/24H"},"content":{"rendered":"<div style=\"width: 640px;\" class=\"wp-video\"><!--[if lt IE 9]><script>document.createElement('video');<\/script><![endif]-->\n<video class=\"wp-video-shortcode\" id=\"video-50012-1\" width=\"640\" height=\"360\" preload=\"metadata\" controls=\"controls\"><source type=\"video\/mp4\" src=\"https:\/\/cdn-gzkm.b-cdn.net\/Model\/XHJ268_168_series\/XHJ268P_Video.mp4?_=1\" \/><a href=\"https:\/\/cdn-gzkm.b-cdn.net\/Model\/XHJ268_168_series\/XHJ268P_Video.mp4\">https:\/\/cdn-gzkm.b-cdn.net\/Model\/XHJ268_168_series\/XHJ268P_Video.mp4<\/a><\/video><\/div>\n<p><strong>XHJ268FP<\/strong>\u00a0La machine \u00e0 glace flocon de neige est un mod\u00e8le refroidi \u00e0 l'air, pr\u00eat \u00e0 l'emploi. Allumez la machine pour d\u00e9marrer la r\u00e9frig\u00e9ration pendant 1 minute, ajoutez un peu d'eau du robinet pour que le rouleau devienne rond et lisse, \u00e0 ce moment-l\u00e0, ajoutez les ingr\u00e9dients, il sera plus lisse, 3 secondes hors de la glace.<\/p>\n<p>\u954c\u94edJM Snowflake Ice Machine, une marque leader en Chine. La premi\u00e8re machine \u00e0 glace rouge chinoise, tr\u00e8s populaire dans les restaurants de plats chauds, les magasins de desserts, les caf\u00e9s, les magasins de snacks, les magasins de hamburgers et les buffets.<br \/>\nGr\u00e2ce \u00e0 de bonnes performances des machines et \u00e0 des id\u00e9es novatrices, elle conf\u00e8re un fort pouvoir aux consommateurs dans le secteur de la restauration.<\/p>\n<p><strong>Caract\u00e9ristiques<\/strong>:<br \/>\nApr\u00e8s le d\u00e9marrage de la machine, le premier pr\u00e9-refroidissement dure 1 minute, il n'est pas n\u00e9cessaire de proc\u00e9der \u00e0 un nouveau pr\u00e9-refroidissement, vous pouvez fabriquer de la glace en flocons de neige en continu.<br \/>\nLa glace sort en 3 secondes.<br \/>\nTravailler en continu toute la journ\u00e9e.<\/p>\n<p><strong>Avertissement<\/strong>:<br \/>\nL'appareil est refroidi \u00e0 l'air (F), veuillez le maintenir \u00e0 plus de 25 cm du mur\/des obstacles environnants pour assurer un bon refroidissement.<\/p>\n<h2 class=\"wp-block-heading\">Sc\u00e9narios d'utilisation<\/h2>\n<p>\u30101. Magasins de desserts et de glace\u3011 : Objectif : Fabriquer des flocons de neige et de la glace ras\u00e9e dans une vari\u00e9t\u00e9 de parfums afin d'attirer les clients et de proposer des choix de glace innovants.<br \/>\nExemple : Le magasin propose diff\u00e9rents nappages et ar\u00f4mes pour permettre aux clients de personnaliser leur propre glace en flocon de neige.<br \/>\n\u30102. Restaurants et caf\u00e9s\u3011 : Objectif : Dans le cadre du dessert, proposer des options de glace uniques pour renforcer la diversit\u00e9 du menu du restaurant.<br \/>\nExemple : Les restaurants peuvent ajouter la glace en flocon de neige \u00e0 leur menu comme dessert apr\u00e8s le d\u00eener ou l'utiliser pour pr\u00e9parer des boissons froides sp\u00e9ciales.<br \/>\n\u30103. \u00c9tablissements de restauration de rue et march\u00e9s\u3011 : Objectif : La glace en flocon de neige est fabriqu\u00e9e sur place pour attirer les clients de passage et fournir des produits glac\u00e9s frais et savoureux.<br \/>\nExemple : Mise en place de stands de glace en flocon de neige sur les march\u00e9s nocturnes ou les bazars alimentaires pour fabriquer et vendre de la glace en flocon de neige fra\u00eechement fabriqu\u00e9e.<br \/>\n\u30104. R\u00e9unions de famille et \u00e9v\u00e9nements priv\u00e9s\u3011 : Objectif : Utiliser lors de r\u00e9unions de famille ou d'\u00e9v\u00e9nements priv\u00e9s pour offrir aux invit\u00e9s une exp\u00e9rience de glace fra\u00eeche et bricol\u00e9e.<br \/>\nExemple : Utilisation d'une machine \u00e0 glace en flocon pour fabriquer de la glace en flocon dans le cadre d'un dessert ou d'une boisson rafra\u00eechissante lors d'une r\u00e9union de famille.<br \/>\n\u30105. Manifestations et expositions \u00e0 grande \u00e9chelle\u3011 : Utilisation : Fournir de la glace en flocon de neige fabriqu\u00e9e sur place pour les visiteurs de l'exposition ou les participants \u00e0 l'\u00e9v\u00e9nement afin de renforcer l'attrait et l'interactivit\u00e9 de l'\u00e9v\u00e9nement.<br \/>\nExemple : Des stands de fabrication de flocons de neige sont install\u00e9s dans des expositions ou des festivals pour attirer les visiteurs et offrir aux participants des friandises fra\u00eeches et d\u00e9licieuses.<\/p>\n<figure class=\"wp-block-image\"><img decoding=\"async\" class=\"wp-image-393\" src=\"https:\/\/lejieappliance.com\/wp-content\/uploads\/2024\/09\/NO5-%E5%A4%9A%E7%A7%8D%E5%86%B0%E5%9E%8B%E5%8F%AF%E8%B0%83%E3%80%90%E8%AF%A6%E6%83%85%E5%9B%BE%E3%80%91%E9%9B%AA%E8%8A%B1%E5%86%B0%E6%9C%BA-FC80FD220V.50Hz-1.png\" alt=\"Pr\u00e9sentation des sc\u00e9narios d&#039;application et des formes que l&#039;on peut r\u00e9aliser avec la machine \u00e0 glace flocon de neige\" \/><\/figure>\n<figure class=\"wp-block-image\"><img decoding=\"async\" class=\"wp-image-394\" src=\"https:\/\/lejieappliance.com\/wp-content\/uploads\/2024\/09\/NO6-%E5%BA%94%E7%94%A8%E5%9C%BA%E6%99%AF%E4%BB%8B%E7%BB%8D%E3%80%90%E8%AF%A6%E6%83%85%E5%9B%BE%E3%80%91%E9%9B%AA%E8%8A%B1%E5%86%B0%E6%9C%BA-FC80FD220V.50Hz-1.png\" alt=\"Pr\u00e9sentation des sc\u00e9narios d&#039;application et des formes que l&#039;on peut r\u00e9aliser avec la machine \u00e0 glace flocon de neige\" \/><\/figure>\n<figure class=\"wp-block-image\"><img decoding=\"async\" src=\"https:\/\/kengmingcn.com\/wp-content\/uploads\/2025\/01\/XHJ128FP-Snowflake-ice-4-shape.jpg.webp\" alt=\"\" \/><\/figure>\n<figure class=\"wp-block-image\"><img decoding=\"async\" src=\"https:\/\/kengmingcn.com\/wp-content\/uploads\/2025\/01\/128FP%E8%AF%A6%E6%83%85_13.jpg.webp\" alt=\"\" \/><\/figure>\n<figure class=\"wp-block-image\"><img decoding=\"async\" src=\"https:\/\/kengmingcn.com\/wp-content\/uploads\/2025\/01\/128FP%E8%AF%A6%E6%83%85_12.jpg.webp\" alt=\"\" \/><\/figure>\n<figure class=\"wp-block-image\"><img decoding=\"async\" src=\"https:\/\/kengmingcn.com\/wp-content\/uploads\/2025\/01\/128FP%E8%AF%A6%E6%83%85_09.jpg.webp\" alt=\"\" \/><\/figure>\n<figure class=\"wp-block-image\"><img decoding=\"async\" src=\"https:\/\/kengmingcn.com\/wp-content\/uploads\/2025\/01\/128FP%E8%AF%A6%E6%83%85_08.jpg.webp\" alt=\"\" \/><\/figure>\n<figure class=\"wp-block-image\"><img decoding=\"async\" src=\"https:\/\/kengmingcn.com\/wp-content\/uploads\/2025\/01\/128FP%E8%AF%A6%E6%83%85_14.jpeg.webp\" alt=\"\" \/><\/figure>\n<figure class=\"wp-block-image\"><img decoding=\"async\" src=\"https:\/\/kengmingcn.com\/wp-content\/uploads\/2025\/01\/128FP%E8%AF%A6%E6%83%85_16-635x1024.jpg.webp\" alt=\"\" \/><\/figure>\n<figure class=\"wp-block-image\"><img decoding=\"async\" src=\"https:\/\/kengmingcn.com\/wp-content\/uploads\/2025\/01\/128FP%E8%AF%A6%E6%83%85_15-699x1024.jpg.webp\" alt=\"\" \/><\/figure>","protected":false},"excerpt":{"rendered":"<ul>\n<li>Puissance : 1800W<\/li>\n<li>Rendement : 400kg\/24H<\/li>\n<li>CE<\/li>\n<li>Longueur du rouleau : 16cm<\/li>\n<li>Compresseur : Embraco<\/li>\n<li>Refroidissement de l'air<\/li>\n<\/ul>","protected":false},"featured_media":53007,"comment_status":"open","ping_status":"closed","template":"","meta":{"_acf_changed":false},"product_brand":[309],"product_cat":[244,275],"product_tag":[253,310,311],"class_list":{"0":"post-50012","1":"product","2":"type-product","3":"status-publish","4":"has-post-thumbnail","6":"product_brand-309","7":"product_cat-bingsu-machine","8":"product_cat-refrigeration-equipment","9":"product_tag-air-cooling","10":"product_tag-ce","11":"product_tag-display","12":"description-off","14":"first","15":"instock","16":"shipping-taxable","17":"product-type-simple"},"acf":[],"yoast_head":"<!-- This site is optimized with the Yoast SEO Premium plugin v25.3 (Yoast SEO v26.3) - https:\/\/yoast.com\/wordpress\/plugins\/seo\/ -->\n<title>XHJ268FP 400kg\/24H Snowflake Ice Machine - KengMing | Manufacturer of Commercial Kitchen Equipment<\/title>\n<meta name=\"description\" content=\"400kg-24h-bingsu-machine\" \/>\n<meta name=\"robots\" content=\"index, follow, max-snippet:-1, max-image-preview:large, max-video-preview:-1\" \/>\n<link rel=\"canonical\" href=\"https:\/\/kengmingcn.com\/fr\/product\/machine-bingsu-400kg-24h\/\" \/>\n<meta property=\"og:locale\" content=\"fr_FR\" \/>\n<meta property=\"og:type\" content=\"article\" \/>\n<meta property=\"og:title\" content=\"XHJ268FP 400kg\/24H Snowflake Ice Machine\" \/>\n<meta property=\"og:description\" content=\"400kg-24h-bingsu-machine\" \/>\n<meta property=\"og:url\" content=\"https:\/\/kengmingcn.com\/fr\/product\/machine-bingsu-400kg-24h\/\" \/>\n<meta property=\"og:site_name\" content=\"KengMing | Manufacturer of Commercial Kitchen Equipment\" \/>\n<meta property=\"article:modified_time\" content=\"2026-01-11T03:38:01+00:00\" \/>\n<meta property=\"og:image\" content=\"https:\/\/kengmingcn.com\/wp-content\/uploads\/2025\/05\/XHJ268FP_10_11zon.webp\" \/>\n\t<meta property=\"og:image:width\" content=\"800\" \/>\n\t<meta property=\"og:image:height\" content=\"800\" \/>\n\t<meta property=\"og:image:type\" content=\"image\/webp\" \/>\n<meta name=\"twitter:card\" content=\"summary_large_image\" \/>\n<meta name=\"twitter:label1\" content=\"Prix\" \/>\n\t<meta name=\"twitter:data1\" content=\"\" \/>\n\t<meta name=\"twitter:label2\" content=\"Disponibilit\u00e9\" \/>\n\t<meta name=\"twitter:data2\" content=\"En stock\" \/>\n<script type=\"application\/ld+json\" class=\"yoast-schema-graph\">{\"@context\":\"https:\/\/schema.org\",\"@graph\":[{\"@type\":\"WebPage\",\"@id\":\"https:\/\/kengmingcn.com\/nl\/product\/400kg-24h-bingsu-machine\/\",\"url\":\"https:\/\/kengmingcn.com\/nl\/product\/400kg-24h-bingsu-machine\/\",\"name\":\"XHJ268FP 400kg\/24H Snowflake Ice Machine - KengMing | Manufacturer of Commercial Kitchen Equipment\",\"isPartOf\":{\"@id\":\"https:\/\/kengmingcn.com\/#website\"},\"primaryImageOfPage\":{\"@id\":\"https:\/\/kengmingcn.com\/nl\/product\/400kg-24h-bingsu-machine\/#primaryimage\"},\"image\":{\"@id\":\"https:\/\/kengmingcn.com\/nl\/product\/400kg-24h-bingsu-machine\/#primaryimage\"},\"thumbnailUrl\":\"https:\/\/kengmingcn.com\/wp-content\/uploads\/2025\/05\/XHJ268FP_10_11zon.webp\",\"datePublished\":\"2025-05-06T03:23:12+00:00\",\"dateModified\":\"2026-01-11T03:38:01+00:00\",\"description\":\"400kg-24h-bingsu-machine\",\"breadcrumb\":{\"@id\":\"https:\/\/kengmingcn.com\/nl\/product\/400kg-24h-bingsu-machine\/#breadcrumb\"},\"inLanguage\":\"fr-FR\",\"potentialAction\":[{\"@type\":\"ReadAction\",\"target\":[\"https:\/\/kengmingcn.com\/nl\/product\/400kg-24h-bingsu-machine\/\"]}]},{\"@type\":\"ImageObject\",\"inLanguage\":\"fr-FR\",\"@id\":\"https:\/\/kengmingcn.com\/nl\/product\/400kg-24h-bingsu-machine\/#primaryimage\",\"url\":\"https:\/\/kengmingcn.com\/wp-content\/uploads\/2025\/05\/XHJ268FP_10_11zon.webp\",\"contentUrl\":\"https:\/\/kengmingcn.com\/wp-content\/uploads\/2025\/05\/XHJ268FP_10_11zon.webp\",\"width\":800,\"height\":800,\"caption\":\"XHJ268FP 220kg\/24h snow shaved ice machine\"},{\"@type\":\"BreadcrumbList\",\"@id\":\"https:\/\/kengmingcn.com\/nl\/product\/400kg-24h-bingsu-machine\/#breadcrumb\",\"itemListElement\":[{\"@type\":\"ListItem\",\"position\":1,\"name\":\"Home\",\"item\":\"https:\/\/kengmingcn.com\/\"},{\"@type\":\"ListItem\",\"position\":2,\"name\":\"Catalogue\",\"item\":\"https:\/\/kengmingcn.com\/?page_id=27131\"},{\"@type\":\"ListItem\",\"position\":3,\"name\":\"XHJ268FP 400kg\/24H Snowflake Ice Machine\"}]},{\"@type\":\"WebSite\",\"@id\":\"https:\/\/kengmingcn.com\/#website\",\"url\":\"https:\/\/kengmingcn.com\/\",\"name\":\"Kitchen Equipment\",\"description\":\"KengMing is a professional commercial kitchen equipment manufacturer and wholesale supplier, offering cooking, food prep and bakery equipment with OEM &amp; ODM service for global distributors.\",\"publisher\":{\"@id\":\"https:\/\/kengmingcn.com\/#organization\"},\"potentialAction\":[{\"@type\":\"SearchAction\",\"target\":{\"@type\":\"EntryPoint\",\"urlTemplate\":\"https:\/\/kengmingcn.com\/?s={search_term_string}\"},\"query-input\":{\"@type\":\"PropertyValueSpecification\",\"valueRequired\":true,\"valueName\":\"search_term_string\"}}],\"inLanguage\":\"fr-FR\"},{\"@type\":\"Organization\",\"@id\":\"https:\/\/kengmingcn.com\/#organization\",\"name\":\"GuangZhou KengMing\",\"url\":\"https:\/\/kengmingcn.com\/\",\"logo\":{\"@type\":\"ImageObject\",\"inLanguage\":\"fr-FR\",\"@id\":\"https:\/\/kengmingcn.com\/#\/schema\/logo\/image\/\",\"url\":\"https:\/\/kengmingcn.com\/wp-content\/uploads\/2025\/04\/cropped-1744508604969-removebg-preview.png\",\"contentUrl\":\"https:\/\/kengmingcn.com\/wp-content\/uploads\/2025\/04\/cropped-1744508604969-removebg-preview.png\",\"width\":512,\"height\":512,\"caption\":\"GuangZhou KengMing\"},\"image\":{\"@id\":\"https:\/\/kengmingcn.com\/#\/schema\/logo\/image\/\"}}]}<\/script>\n<meta property=\"product:price:amount\" content=\"0.00\" \/>\n<meta property=\"product:price:currency\" content=\"USD\" \/>\n<meta property=\"og:availability\" content=\"instock\" \/>\n<meta property=\"product:availability\" content=\"instock\" \/>\n<meta property=\"product:condition\" content=\"new\" \/>\n<!-- \/ Yoast SEO Premium plugin. -->","yoast_head_json":{"title":"XHJ268FP Machine \u00e0 glace en flocon 400kg\/24H - KengMing | Fabricant de mat\u00e9riel de cuisine professionnelle","description":"400kg-24h-bingsu-machine","robots":{"index":"index","follow":"follow","max-snippet":"max-snippet:-1","max-image-preview":"max-image-preview:large","max-video-preview":"max-video-preview:-1"},"canonical":"https:\/\/kengmingcn.com\/fr\/product\/machine-bingsu-400kg-24h\/","og_locale":"fr_FR","og_type":"article","og_title":"XHJ268FP 400kg\/24H Snowflake Ice Machine","og_description":"400kg-24h-bingsu-machine","og_url":"https:\/\/kengmingcn.com\/fr\/product\/machine-bingsu-400kg-24h\/","og_site_name":"KengMing | Manufacturer of Commercial Kitchen Equipment","article_modified_time":"2026-01-11T03:38:01+00:00","og_image":[{"width":800,"height":800,"url":"https:\/\/kengmingcn.com\/wp-content\/uploads\/2025\/05\/XHJ268FP_10_11zon.webp","type":"image\/webp"}],"twitter_card":"summary_large_image","twitter_misc":{"Prix":"","Disponibilit\u00e9":"En stock"},"schema":{"@context":"https:\/\/schema.org","@graph":[{"@type":"WebPage","@id":"https:\/\/kengmingcn.com\/nl\/product\/400kg-24h-bingsu-machine\/","url":"https:\/\/kengmingcn.com\/nl\/product\/400kg-24h-bingsu-machine\/","name":"XHJ268FP Machine \u00e0 glace en flocon 400kg\/24H - KengMing | Fabricant de mat\u00e9riel de cuisine professionnelle","isPartOf":{"@id":"https:\/\/kengmingcn.com\/#website"},"primaryImageOfPage":{"@id":"https:\/\/kengmingcn.com\/nl\/product\/400kg-24h-bingsu-machine\/#primaryimage"},"image":{"@id":"https:\/\/kengmingcn.com\/nl\/product\/400kg-24h-bingsu-machine\/#primaryimage"},"thumbnailUrl":"https:\/\/kengmingcn.com\/wp-content\/uploads\/2025\/05\/XHJ268FP_10_11zon.webp","datePublished":"2025-05-06T03:23:12+00:00","dateModified":"2026-01-11T03:38:01+00:00","description":"400kg-24h-bingsu-machine","breadcrumb":{"@id":"https:\/\/kengmingcn.com\/nl\/product\/400kg-24h-bingsu-machine\/#breadcrumb"},"inLanguage":"fr-FR","potentialAction":[{"@type":"ReadAction","target":["https:\/\/kengmingcn.com\/nl\/product\/400kg-24h-bingsu-machine\/"]}]},{"@type":"ImageObject","inLanguage":"fr-FR","@id":"https:\/\/kengmingcn.com\/nl\/product\/400kg-24h-bingsu-machine\/#primaryimage","url":"https:\/\/kengmingcn.com\/wp-content\/uploads\/2025\/05\/XHJ268FP_10_11zon.webp","contentUrl":"https:\/\/kengmingcn.com\/wp-content\/uploads\/2025\/05\/XHJ268FP_10_11zon.webp","width":800,"height":800,"caption":"XHJ268FP 220kg\/24h snow shaved ice machine"},{"@type":"BreadcrumbList","@id":"https:\/\/kengmingcn.com\/nl\/product\/400kg-24h-bingsu-machine\/#breadcrumb","itemListElement":[{"@type":"ListItem","position":1,"name":"Home","item":"https:\/\/kengmingcn.com\/"},{"@type":"ListItem","position":2,"name":"Catalogue","item":"https:\/\/kengmingcn.com\/?page_id=27131"},{"@type":"ListItem","position":3,"name":"XHJ268FP 400kg\/24H Snowflake Ice Machine"}]},{"@type":"WebSite","@id":"https:\/\/kengmingcn.com\/#website","url":"https:\/\/kengmingcn.com\/","name":"\u00c9quipement de cuisine","description":"KengMing is a professional commercial kitchen equipment manufacturer and wholesale supplier, offering cooking, food prep and bakery equipment with OEM &amp; ODM service for global distributors.","publisher":{"@id":"https:\/\/kengmingcn.com\/#organization"},"potentialAction":[{"@type":"SearchAction","target":{"@type":"EntryPoint","urlTemplate":"https:\/\/kengmingcn.com\/?s={search_term_string}"},"query-input":{"@type":"PropertyValueSpecification","valueRequired":true,"valueName":"search_term_string"}}],"inLanguage":"fr-FR"},{"@type":"Organization","@id":"https:\/\/kengmingcn.com\/#organization","name":"GuangZhou KengMing","url":"https:\/\/kengmingcn.com\/","logo":{"@type":"ImageObject","inLanguage":"fr-FR","@id":"https:\/\/kengmingcn.com\/#\/schema\/logo\/image\/","url":"https:\/\/kengmingcn.com\/wp-content\/uploads\/2025\/04\/cropped-1744508604969-removebg-preview.png","contentUrl":"https:\/\/kengmingcn.com\/wp-content\/uploads\/2025\/04\/cropped-1744508604969-removebg-preview.png","width":512,"height":512,"caption":"GuangZhou KengMing"},"image":{"@id":"https:\/\/kengmingcn.com\/#\/schema\/logo\/image\/"}}]},"product_price_amount":"0.00","product_price_currency":"USD","og_availability":"instock","product_availability":"instock","product_condition":"new"},"_links":{"self":[{"href":"https:\/\/kengmingcn.com\/fr\/wp-json\/wp\/v2\/product\/50012","targetHints":{"allow":["GET"]}}],"collection":[{"href":"https:\/\/kengmingcn.com\/fr\/wp-json\/wp\/v2\/product"}],"about":[{"href":"https:\/\/kengmingcn.com\/fr\/wp-json\/wp\/v2\/types\/product"}],"replies":[{"embeddable":true,"href":"https:\/\/kengmingcn.com\/fr\/wp-json\/wp\/v2\/comments?post=50012"}],"wp:featuredmedia":[{"embeddable":true,"href":"https:\/\/kengmingcn.com\/fr\/wp-json\/wp\/v2\/media\/53007"}],"wp:attachment":[{"href":"https:\/\/kengmingcn.com\/fr\/wp-json\/wp\/v2\/media?parent=50012"}],"wp:term":[{"taxonomy":"product_brand","embeddable":true,"href":"https:\/\/kengmingcn.com\/fr\/wp-json\/wp\/v2\/product_brand?post=50012"},{"taxonomy":"product_cat","embeddable":true,"href":"https:\/\/kengmingcn.com\/fr\/wp-json\/wp\/v2\/product_cat?post=50012"},{"taxonomy":"product_tag","embeddable":true,"href":"https:\/\/kengmingcn.com\/fr\/wp-json\/wp\/v2\/product_tag?post=50012"}],"curies":[{"name":"wp","href":"https:\/\/api.w.org\/{rel}","templated":true}]}}