{"id":49806,"date":"2025-04-22T11:05:38","date_gmt":"2025-04-22T03:05:38","guid":{"rendered":"https:\/\/kengmingcn.com\/?post_type=product&#038;p=49806"},"modified":"2026-01-11T13:57:38","modified_gmt":"2026-01-11T05:57:38","slug":"80kg-24h-machine-a-glace-neige-machine-a-glace-flocon-production-rapide-bingsu-avec-fc80fd-360w-220v-110v","status":"publish","type":"product","link":"https:\/\/kengmingcn.com\/fr\/product\/80kg-24h-machine-a-glace-neige-machine-a-glace-flocon-production-rapide-bingsu-avec-fc80fd-360w-220v-110v\/","title":{"rendered":"Machine \u00e0 glace 80kg\/24h Machine \u00e0 glace flocon Production rapide Bingsu avec FC80FD-360W-220V\/110V"},"content":{"rendered":"<div style=\"width: 640px;\" class=\"wp-video\"><!--[if lt IE 9]><script>document.createElement('video');<\/script><![endif]-->\n<video class=\"wp-video-shortcode\" id=\"video-49806-1\" width=\"640\" height=\"360\" preload=\"metadata\" controls=\"controls\"><source type=\"video\/mp4\" src=\"https:\/\/cdn-gzkm.b-cdn.net\/video\/JMXC80FD-125FD-170FD-1.mp4?_=1\" \/><a href=\"https:\/\/cdn-gzkm.b-cdn.net\/video\/JMXC80FD-125FD-170FD-1.mp4\">https:\/\/cdn-gzkm.b-cdn.net\/video\/JMXC80FD-125FD-170FD-1.mp4<\/a><\/video><\/div>\n<ul>\n<li>R\u00e9frig\u00e9ration \u00e0 haute efficacit\u00e9, refroidissement par air, seulement 1 minute de pr\u00e9-refroidissement peut \u00eatre 3 secondes de glace, capacit\u00e9 de production quotidienne de glace de 176 Ib.<\/li>\n<li>En fonction de la mati\u00e8re premi\u00e8re et de la vitesse de l'\u00e9vaporateur, cette machine \u00e0 glace en flocon de neige peut produire diff\u00e9rentes textures de cr\u00e8me glac\u00e9e, telles que des flocons de neige, des spaghettis et des chutes d'eau, chacune d'entre elles apportant une texture soyeuse et lisse.<\/li>\n<li>Le panneau de commande \u00e0 bouton de la machine, avec r\u00e9glage de la vitesse et arr\u00eat de d\u00e9marrage du refroidissement par touche unique, est facile \u00e0 utiliser.<\/li>\n<li>Le corps est principalement en acier inoxydable SUS201, le rouleau est en acier inoxydable SUS304 de qualit\u00e9 alimentaire, et les lames sont en acier inoxydable SUS304, qui ne rouille pas et est facile \u00e0 nettoyer pour garantir la durabilit\u00e9.<\/li>\n<li>Id\u00e9al pour la pr\u00e9paration de diff\u00e9rents parfums de cr\u00e8me glac\u00e9e, pour les salons de th\u00e9, les boulangeries, les p\u00e2tisseries, les caf\u00e9s et autres lieux commerciaux.<\/li>\n<\/ul>\n<h2>Description<\/h2>\n<p>La machine \u00e0 glace en flocon de neige est un \u00e9quipement efficace de fabrication de boissons froides con\u00e7u pour produire de la glace en flocon de neige d\u00e9licate, fra\u00eeche et croustillante. Gr\u00e2ce \u00e0 une technologie de cong\u00e9lation avanc\u00e9e et \u00e0 un m\u00e9canisme pr\u00e9cis de raclage de la glace, elle peut rapidement congeler et racler les mati\u00e8res premi\u00e8res liquides (telles que les jus, le th\u00e9 au lait, les cocktails, etc.) en particules douces et d\u00e9licates ressemblant \u00e0 des flocons de neige, tout en conservant la saveur et les nutriments d'origine des aliments, ce qui en fait un \u00e9quipement de boissons froides indispensable pour l'\u00e9t\u00e9 et toutes sortes d'activit\u00e9s.<\/p>\n<h2>Caract\u00e9ristiques<\/h2>\n<p>1. Technologie de cong\u00e9lation avanc\u00e9e : \u00c9quip\u00e9 d'un compresseur et d'un condenseur de marque \u00e0 haut rendement, ainsi que d'un ventilateur de haute qualit\u00e9, qui assure la dissipation de la chaleur du syst\u00e8me de r\u00e9frig\u00e9ration pour garantir que les mati\u00e8res premi\u00e8res liquides peuvent \u00eatre congel\u00e9es rapidement afin de pr\u00e9server la fra\u00eecheur et la valeur nutritive des ingr\u00e9dients.<\/p>\n<p>2. Forme r\u00e9glable de la glace : les utilisateurs peuvent ajuster la forme de la glace en fonction de leurs go\u00fbts et pr\u00e9f\u00e9rences personnels. En ajustant les mati\u00e8res premi\u00e8res et en contr\u00f4lant la vitesse de l'\u00e9vaporateur, vous pouvez obtenir une vari\u00e9t\u00e9 de formes de glace, telles que la glace de neige, la glace en nouilles, la glace en \u00e9cailles, la glace de mouton, la glace en aiguilles de diff\u00e9rentes formes, le go\u00fbt allant de l\u00e9ger et lisse \u00e0 riche et d\u00e9licat peut \u00eatre r\u00e9alis\u00e9.<\/p>\n<p>3. Diff\u00e9rents ar\u00f4mes au choix : il convient \u00e0 toutes sortes de mati\u00e8res premi\u00e8res liquides, y compris les jus de fruits, le th\u00e9 au lait, les mati\u00e8res premi\u00e8res pour desserts, les cocktails, etc., et peut produire une grande vari\u00e9t\u00e9 d'ar\u00f4mes de glace en flocon de neige pour r\u00e9pondre aux besoins gustatifs des diff\u00e9rents consommateurs.<\/p>\n<p>4. Conception durable : fabriqu\u00e9e en acier inoxydable 201 et 304 de haute qualit\u00e9, la structure est solide et facile \u00e0 nettoyer et \u00e0 entretenir. Elle s'adapte \u00e0 une utilisation prolong\u00e9e et intensive de l'environnement.<\/p>\n<p><img decoding=\"async\" class=\"alignnone size-full wp-image-50820\" src=\"http:\/\/kengmingcn.com\/wp-content\/uploads\/2025\/04\/2-6-1024x483.jpg.webp\" alt=\"\" width=\"1024\" height=\"483\" srcset=\"https:\/\/kengmingcn.com\/wp-content\/uploads\/2025\/04\/2-6-1024x483.jpg.webp 1024w, https:\/\/kengmingcn.com\/wp-content\/uploads\/2025\/04\/2-6-1024x483.jpg-300x142.webp 300w, https:\/\/kengmingcn.com\/wp-content\/uploads\/2025\/04\/2-6-1024x483.jpg-768x362.webp 768w\" sizes=\"(max-width: 1024px) 100vw, 1024px\" \/> <img decoding=\"async\" class=\"alignnone size-full wp-image-50821\" src=\"http:\/\/kengmingcn.com\/wp-content\/uploads\/2025\/04\/3-3-1024x483.jpg.webp\" alt=\"\" width=\"1024\" height=\"483\" srcset=\"https:\/\/kengmingcn.com\/wp-content\/uploads\/2025\/04\/3-3-1024x483.jpg.webp 1024w, https:\/\/kengmingcn.com\/wp-content\/uploads\/2025\/04\/3-3-1024x483.jpg-300x142.webp 300w, https:\/\/kengmingcn.com\/wp-content\/uploads\/2025\/04\/3-3-1024x483.jpg-768x362.webp 768w\" sizes=\"(max-width: 1024px) 100vw, 1024px\" \/><\/p>\n<h2>Sc\u00e9narios d'utilisation<\/h2>\n<p>\u30101. Magasins de desserts et de glace\u3011 : Objectif : Fabriquer des flocons de neige et de la glace ras\u00e9e dans une vari\u00e9t\u00e9 de parfums afin d'attirer les clients et de proposer des choix de glace innovants.<br \/>\nExemple : Le magasin propose diff\u00e9rents nappages et ar\u00f4mes pour permettre aux clients de personnaliser leur propre glace en flocon de neige.<br \/>\n\u30102. Restaurants et caf\u00e9s\u3011 : Objectif : Dans le cadre du dessert, proposer des options de glace uniques pour renforcer la diversit\u00e9 du menu du restaurant.<br \/>\nExemple : Les restaurants peuvent ajouter la glace en flocon de neige \u00e0 leur menu comme dessert apr\u00e8s le d\u00eener ou l'utiliser pour pr\u00e9parer des boissons froides sp\u00e9ciales.<br \/>\n\u30103. \u00c9tablissements de restauration de rue et march\u00e9s\u3011 : Objectif : La glace en flocon de neige est fabriqu\u00e9e sur place pour attirer les clients de passage et fournir des produits glac\u00e9s frais et savoureux.<br \/>\nExemple : Mise en place de stands de glace en flocon de neige sur les march\u00e9s nocturnes ou les bazars alimentaires pour fabriquer et vendre de la glace en flocon de neige fra\u00eechement fabriqu\u00e9e.<br \/>\n\u30104. R\u00e9unions de famille et \u00e9v\u00e9nements priv\u00e9s\u3011 : Objectif : Utiliser lors de r\u00e9unions de famille ou d'\u00e9v\u00e9nements priv\u00e9s pour offrir aux invit\u00e9s une exp\u00e9rience de glace fra\u00eeche et bricol\u00e9e.<br \/>\nExemple : Utilisation d'une machine \u00e0 glace en flocon pour fabriquer de la glace en flocon dans le cadre d'un dessert ou d'une boisson rafra\u00eechissante lors d'une r\u00e9union de famille.<br \/>\n\u30105. Manifestations et expositions \u00e0 grande \u00e9chelle\u3011 : Utilisation : Fournir de la glace en flocon de neige fabriqu\u00e9e sur place pour les visiteurs de l'exposition ou les participants \u00e0 l'\u00e9v\u00e9nement afin de renforcer l'attrait et l'interactivit\u00e9 de l'\u00e9v\u00e9nement.<br \/>\nExemple : Des stands de fabrication de flocons de neige sont install\u00e9s dans des expositions ou des festivals pour attirer les visiteurs et offrir aux participants des friandises fra\u00eeches et d\u00e9licieuses.<\/p>\n<p><img decoding=\"async\" class=\"alignnone size-full wp-image-50815\" src=\"http:\/\/kengmingcn.com\/wp-content\/uploads\/2025\/04\/3_11zon-1.webp\" alt=\"\" width=\"1060\" height=\"500\" srcset=\"https:\/\/kengmingcn.com\/wp-content\/uploads\/2025\/04\/3_11zon-1.webp 1060w, https:\/\/kengmingcn.com\/wp-content\/uploads\/2025\/04\/3_11zon-1-300x142.webp 300w, https:\/\/kengmingcn.com\/wp-content\/uploads\/2025\/04\/3_11zon-1-1024x483.webp 1024w, https:\/\/kengmingcn.com\/wp-content\/uploads\/2025\/04\/3_11zon-1-768x362.webp 768w\" sizes=\"(max-width: 1060px) 100vw, 1060px\" \/> <img decoding=\"async\" class=\"alignnone size-full wp-image-50814\" src=\"http:\/\/kengmingcn.com\/wp-content\/uploads\/2025\/04\/2_11zon-1.webp\" alt=\"\" width=\"1060\" height=\"500\" srcset=\"https:\/\/kengmingcn.com\/wp-content\/uploads\/2025\/04\/2_11zon-1.webp 1060w, https:\/\/kengmingcn.com\/wp-content\/uploads\/2025\/04\/2_11zon-1-300x142.webp 300w, https:\/\/kengmingcn.com\/wp-content\/uploads\/2025\/04\/2_11zon-1-1024x483.webp 1024w, https:\/\/kengmingcn.com\/wp-content\/uploads\/2025\/04\/2_11zon-1-768x362.webp 768w\" sizes=\"(max-width: 1060px) 100vw, 1060px\" \/><\/p>","protected":false},"excerpt":{"rendered":"<ul>\n<li>Puissance : 660W<\/li>\n<li>Rendement : 125kg\/24H<\/li>\n<li>Longueur du rouleau : 9cm<\/li>\n<li>Mode de refroidissement : Refroidissement par air<\/li>\n<li>Pr\u00e9-refroidissement pendant 1 minute, d\u00e9gagement rapide de la glace en 3 secondes<\/li>\n<\/ul>","protected":false},"featured_media":53019,"comment_status":"open","ping_status":"closed","template":"","meta":{"_acf_changed":false},"product_brand":[],"product_cat":[244,275],"product_tag":[253],"class_list":{"0":"post-49806","1":"product","2":"type-product","3":"status-publish","4":"has-post-thumbnail","6":"product_cat-bingsu-machine","7":"product_cat-refrigeration-equipment","8":"product_tag-air-cooling","9":"description-off","11":"first","12":"instock","13":"shipping-taxable","14":"purchasable","15":"product-type-simple"},"acf":[],"yoast_head":"<!-- This site is optimized with the Yoast SEO Premium plugin v25.3 (Yoast SEO v26.3) - https:\/\/yoast.com\/wordpress\/plugins\/seo\/ -->\n<title>80kg\/24h Snow ice maker Snowflake ice machine Rapid Production Bingsu with FC80FD-360W-220V\/110V - KengMing | Manufacturer of Commercial Kitchen Equipment<\/title>\n<meta name=\"description\" content=\"80kg\/24h Snow ice maker Snowflake ice machine Rapid Production Bingsu with FC80FD-360W-220V\/110V\" \/>\n<meta name=\"robots\" content=\"index, follow, max-snippet:-1, max-image-preview:large, max-video-preview:-1\" \/>\n<link rel=\"canonical\" href=\"https:\/\/kengmingcn.com\/fr\/product\/80kg-24h-machine-a-glace-neige-machine-a-glace-flocon-production-rapide-bingsu-avec-fc80fd-360w-220v-110v\/\" \/>\n<meta property=\"og:locale\" content=\"fr_FR\" \/>\n<meta property=\"og:type\" content=\"article\" \/>\n<meta property=\"og:title\" content=\"80kg\/24h Snow ice maker Snowflake ice machine Rapid Production Bingsu with FC80FD-360W-220V\/110V\" \/>\n<meta property=\"og:description\" content=\"80kg\/24h Snow ice maker Snowflake ice machine Rapid Production Bingsu with FC80FD-360W-220V\/110V\" \/>\n<meta property=\"og:url\" content=\"https:\/\/kengmingcn.com\/fr\/product\/80kg-24h-machine-a-glace-neige-machine-a-glace-flocon-production-rapide-bingsu-avec-fc80fd-360w-220v-110v\/\" \/>\n<meta property=\"og:site_name\" content=\"KengMing | Manufacturer of Commercial Kitchen Equipment\" \/>\n<meta property=\"article:modified_time\" content=\"2026-01-11T05:57:38+00:00\" \/>\n<meta property=\"og:image\" content=\"https:\/\/kengmingcn.com\/wp-content\/uploads\/2025\/04\/JMXC80FD_4_11zon.webp\" \/>\n\t<meta property=\"og:image:width\" content=\"800\" \/>\n\t<meta property=\"og:image:height\" content=\"800\" \/>\n\t<meta property=\"og:image:type\" content=\"image\/webp\" \/>\n<meta name=\"twitter:card\" content=\"summary_large_image\" \/>\n<meta name=\"twitter:label1\" content=\"Prix\" \/>\n\t<meta name=\"twitter:data1\" content=\"&#036;350.00\" \/>\n\t<meta name=\"twitter:label2\" content=\"Disponibilit\u00e9\" \/>\n\t<meta name=\"twitter:data2\" content=\"En stock\" \/>\n<script type=\"application\/ld+json\" class=\"yoast-schema-graph\">{\"@context\":\"https:\/\/schema.org\",\"@graph\":[{\"@type\":\"WebPage\",\"@id\":\"https:\/\/kengmingcn.com\/it\/product\/80kg-24h-macchina-del-ghiaccio-fiocco-di-neve-produzione-rapida-bingsu-con-fc80fd-360w-220v-110v\/\",\"url\":\"https:\/\/kengmingcn.com\/it\/product\/80kg-24h-macchina-del-ghiaccio-fiocco-di-neve-produzione-rapida-bingsu-con-fc80fd-360w-220v-110v\/\",\"name\":\"80kg\/24h Snow ice maker Snowflake ice machine Rapid Production Bingsu with FC80FD-360W-220V\/110V - KengMing | Manufacturer of Commercial Kitchen Equipment\",\"isPartOf\":{\"@id\":\"https:\/\/kengmingcn.com\/#website\"},\"primaryImageOfPage\":{\"@id\":\"https:\/\/kengmingcn.com\/it\/product\/80kg-24h-macchina-del-ghiaccio-fiocco-di-neve-produzione-rapida-bingsu-con-fc80fd-360w-220v-110v\/#primaryimage\"},\"image\":{\"@id\":\"https:\/\/kengmingcn.com\/it\/product\/80kg-24h-macchina-del-ghiaccio-fiocco-di-neve-produzione-rapida-bingsu-con-fc80fd-360w-220v-110v\/#primaryimage\"},\"thumbnailUrl\":\"https:\/\/kengmingcn.com\/wp-content\/uploads\/2025\/04\/JMXC80FD_4_11zon.webp\",\"datePublished\":\"2025-04-22T03:05:38+00:00\",\"dateModified\":\"2026-01-11T05:57:38+00:00\",\"description\":\"80kg\/24h Snow ice maker Snowflake ice machine Rapid Production Bingsu with FC80FD-360W-220V\/110V\",\"breadcrumb\":{\"@id\":\"https:\/\/kengmingcn.com\/it\/product\/80kg-24h-macchina-del-ghiaccio-fiocco-di-neve-produzione-rapida-bingsu-con-fc80fd-360w-220v-110v\/#breadcrumb\"},\"inLanguage\":\"fr-FR\",\"potentialAction\":[{\"@type\":\"ReadAction\",\"target\":[\"https:\/\/kengmingcn.com\/it\/product\/80kg-24h-macchina-del-ghiaccio-fiocco-di-neve-produzione-rapida-bingsu-con-fc80fd-360w-220v-110v\/\"]}]},{\"@type\":\"ImageObject\",\"inLanguage\":\"fr-FR\",\"@id\":\"https:\/\/kengmingcn.com\/it\/product\/80kg-24h-macchina-del-ghiaccio-fiocco-di-neve-produzione-rapida-bingsu-con-fc80fd-360w-220v-110v\/#primaryimage\",\"url\":\"https:\/\/kengmingcn.com\/wp-content\/uploads\/2025\/04\/JMXC80FD_4_11zon.webp\",\"contentUrl\":\"https:\/\/kengmingcn.com\/wp-content\/uploads\/2025\/04\/JMXC80FD_4_11zon.webp\",\"width\":800,\"height\":800,\"caption\":\"JMXC80FD 80kg Bingu Machine\"},{\"@type\":\"BreadcrumbList\",\"@id\":\"https:\/\/kengmingcn.com\/it\/product\/80kg-24h-macchina-del-ghiaccio-fiocco-di-neve-produzione-rapida-bingsu-con-fc80fd-360w-220v-110v\/#breadcrumb\",\"itemListElement\":[{\"@type\":\"ListItem\",\"position\":1,\"name\":\"Home\",\"item\":\"https:\/\/kengmingcn.com\/\"},{\"@type\":\"ListItem\",\"position\":2,\"name\":\"Catalogue\",\"item\":\"https:\/\/kengmingcn.com\/?page_id=27131\"},{\"@type\":\"ListItem\",\"position\":3,\"name\":\"80kg\/24h Snow ice maker Snowflake ice machine Rapid Production Bingsu with FC80FD-360W-220V\/110V\"}]},{\"@type\":\"WebSite\",\"@id\":\"https:\/\/kengmingcn.com\/#website\",\"url\":\"https:\/\/kengmingcn.com\/\",\"name\":\"Kitchen Equipment\",\"description\":\"KengMing is a professional commercial kitchen equipment manufacturer and wholesale supplier, offering cooking, food prep and bakery equipment with OEM &amp; ODM service for global distributors.\",\"publisher\":{\"@id\":\"https:\/\/kengmingcn.com\/#organization\"},\"potentialAction\":[{\"@type\":\"SearchAction\",\"target\":{\"@type\":\"EntryPoint\",\"urlTemplate\":\"https:\/\/kengmingcn.com\/?s={search_term_string}\"},\"query-input\":{\"@type\":\"PropertyValueSpecification\",\"valueRequired\":true,\"valueName\":\"search_term_string\"}}],\"inLanguage\":\"fr-FR\"},{\"@type\":\"Organization\",\"@id\":\"https:\/\/kengmingcn.com\/#organization\",\"name\":\"GuangZhou KengMing\",\"url\":\"https:\/\/kengmingcn.com\/\",\"logo\":{\"@type\":\"ImageObject\",\"inLanguage\":\"fr-FR\",\"@id\":\"https:\/\/kengmingcn.com\/#\/schema\/logo\/image\/\",\"url\":\"https:\/\/kengmingcn.com\/wp-content\/uploads\/2025\/04\/cropped-1744508604969-removebg-preview.png\",\"contentUrl\":\"https:\/\/kengmingcn.com\/wp-content\/uploads\/2025\/04\/cropped-1744508604969-removebg-preview.png\",\"width\":512,\"height\":512,\"caption\":\"GuangZhou KengMing\"},\"image\":{\"@id\":\"https:\/\/kengmingcn.com\/#\/schema\/logo\/image\/\"}}]}<\/script>\n<meta property=\"product:price:amount\" content=\"350.00\" \/>\n<meta property=\"product:price:currency\" content=\"USD\" \/>\n<meta property=\"og:availability\" content=\"instock\" \/>\n<meta property=\"product:availability\" content=\"instock\" \/>\n<meta property=\"product:condition\" content=\"new\" \/>\n<!-- \/ Yoast SEO Premium plugin. -->","yoast_head_json":{"title":"Machine \u00e0 glace 80kg\/24h Machine \u00e0 glace flocon Production rapide de Bingsu avec FC80FD-360W-220V\/110V - KengMing | Fabricant d'\u00e9quipement de cuisine commerciale","description":"Machine \u00e0 glace 80kg\/24h Machine \u00e0 glace flocon Production rapide Bingsu avec FC80FD-360W-220V\/110V","robots":{"index":"index","follow":"follow","max-snippet":"max-snippet:-1","max-image-preview":"max-image-preview:large","max-video-preview":"max-video-preview:-1"},"canonical":"https:\/\/kengmingcn.com\/fr\/product\/80kg-24h-machine-a-glace-neige-machine-a-glace-flocon-production-rapide-bingsu-avec-fc80fd-360w-220v-110v\/","og_locale":"fr_FR","og_type":"article","og_title":"80kg\/24h Snow ice maker Snowflake ice machine Rapid Production Bingsu with FC80FD-360W-220V\/110V","og_description":"80kg\/24h Snow ice maker Snowflake ice machine Rapid Production Bingsu with FC80FD-360W-220V\/110V","og_url":"https:\/\/kengmingcn.com\/fr\/product\/80kg-24h-machine-a-glace-neige-machine-a-glace-flocon-production-rapide-bingsu-avec-fc80fd-360w-220v-110v\/","og_site_name":"KengMing | Manufacturer of Commercial Kitchen Equipment","article_modified_time":"2026-01-11T05:57:38+00:00","og_image":[{"width":800,"height":800,"url":"https:\/\/kengmingcn.com\/wp-content\/uploads\/2025\/04\/JMXC80FD_4_11zon.webp","type":"image\/webp"}],"twitter_card":"summary_large_image","twitter_misc":{"Prix":"&#36;350.00","Disponibilit\u00e9":"En stock"},"schema":{"@context":"https:\/\/schema.org","@graph":[{"@type":"WebPage","@id":"https:\/\/kengmingcn.com\/it\/product\/80kg-24h-macchina-del-ghiaccio-fiocco-di-neve-produzione-rapida-bingsu-con-fc80fd-360w-220v-110v\/","url":"https:\/\/kengmingcn.com\/it\/product\/80kg-24h-macchina-del-ghiaccio-fiocco-di-neve-produzione-rapida-bingsu-con-fc80fd-360w-220v-110v\/","name":"Machine \u00e0 glace 80kg\/24h Machine \u00e0 glace flocon Production rapide de Bingsu avec FC80FD-360W-220V\/110V - KengMing | Fabricant d'\u00e9quipement de cuisine commerciale","isPartOf":{"@id":"https:\/\/kengmingcn.com\/#website"},"primaryImageOfPage":{"@id":"https:\/\/kengmingcn.com\/it\/product\/80kg-24h-macchina-del-ghiaccio-fiocco-di-neve-produzione-rapida-bingsu-con-fc80fd-360w-220v-110v\/#primaryimage"},"image":{"@id":"https:\/\/kengmingcn.com\/it\/product\/80kg-24h-macchina-del-ghiaccio-fiocco-di-neve-produzione-rapida-bingsu-con-fc80fd-360w-220v-110v\/#primaryimage"},"thumbnailUrl":"https:\/\/kengmingcn.com\/wp-content\/uploads\/2025\/04\/JMXC80FD_4_11zon.webp","datePublished":"2025-04-22T03:05:38+00:00","dateModified":"2026-01-11T05:57:38+00:00","description":"Machine \u00e0 glace 80kg\/24h Machine \u00e0 glace flocon Production rapide Bingsu avec FC80FD-360W-220V\/110V","breadcrumb":{"@id":"https:\/\/kengmingcn.com\/it\/product\/80kg-24h-macchina-del-ghiaccio-fiocco-di-neve-produzione-rapida-bingsu-con-fc80fd-360w-220v-110v\/#breadcrumb"},"inLanguage":"fr-FR","potentialAction":[{"@type":"ReadAction","target":["https:\/\/kengmingcn.com\/it\/product\/80kg-24h-macchina-del-ghiaccio-fiocco-di-neve-produzione-rapida-bingsu-con-fc80fd-360w-220v-110v\/"]}]},{"@type":"ImageObject","inLanguage":"fr-FR","@id":"https:\/\/kengmingcn.com\/it\/product\/80kg-24h-macchina-del-ghiaccio-fiocco-di-neve-produzione-rapida-bingsu-con-fc80fd-360w-220v-110v\/#primaryimage","url":"https:\/\/kengmingcn.com\/wp-content\/uploads\/2025\/04\/JMXC80FD_4_11zon.webp","contentUrl":"https:\/\/kengmingcn.com\/wp-content\/uploads\/2025\/04\/JMXC80FD_4_11zon.webp","width":800,"height":800,"caption":"JMXC80FD 80kg Bingu Machine"},{"@type":"BreadcrumbList","@id":"https:\/\/kengmingcn.com\/it\/product\/80kg-24h-macchina-del-ghiaccio-fiocco-di-neve-produzione-rapida-bingsu-con-fc80fd-360w-220v-110v\/#breadcrumb","itemListElement":[{"@type":"ListItem","position":1,"name":"Home","item":"https:\/\/kengmingcn.com\/"},{"@type":"ListItem","position":2,"name":"Catalogue","item":"https:\/\/kengmingcn.com\/?page_id=27131"},{"@type":"ListItem","position":3,"name":"80kg\/24h Snow ice maker Snowflake ice machine Rapid Production Bingsu with FC80FD-360W-220V\/110V"}]},{"@type":"WebSite","@id":"https:\/\/kengmingcn.com\/#website","url":"https:\/\/kengmingcn.com\/","name":"\u00c9quipement de cuisine","description":"KengMing est un fabricant professionnel d'\u00e9quipements de cuisine commerciale et un fournisseur en gros, proposant des \u00e9quipements de cuisine, de pr\u00e9paration des aliments et de boulangerie avec un service OEM et ODM pour les distributeurs mondiaux.","publisher":{"@id":"https:\/\/kengmingcn.com\/#organization"},"potentialAction":[{"@type":"SearchAction","target":{"@type":"EntryPoint","urlTemplate":"https:\/\/kengmingcn.com\/?s={search_term_string}"},"query-input":{"@type":"PropertyValueSpecification","valueRequired":true,"valueName":"search_term_string"}}],"inLanguage":"fr-FR"},{"@type":"Organization","@id":"https:\/\/kengmingcn.com\/#organization","name":"GuangZhou KengMing","url":"https:\/\/kengmingcn.com\/","logo":{"@type":"ImageObject","inLanguage":"fr-FR","@id":"https:\/\/kengmingcn.com\/#\/schema\/logo\/image\/","url":"https:\/\/kengmingcn.com\/wp-content\/uploads\/2025\/04\/cropped-1744508604969-removebg-preview.png","contentUrl":"https:\/\/kengmingcn.com\/wp-content\/uploads\/2025\/04\/cropped-1744508604969-removebg-preview.png","width":512,"height":512,"caption":"GuangZhou KengMing"},"image":{"@id":"https:\/\/kengmingcn.com\/#\/schema\/logo\/image\/"}}]},"product_price_amount":"350.00","product_price_currency":"USD","og_availability":"instock","product_availability":"instock","product_condition":"new"},"_links":{"self":[{"href":"https:\/\/kengmingcn.com\/fr\/wp-json\/wp\/v2\/product\/49806","targetHints":{"allow":["GET"]}}],"collection":[{"href":"https:\/\/kengmingcn.com\/fr\/wp-json\/wp\/v2\/product"}],"about":[{"href":"https:\/\/kengmingcn.com\/fr\/wp-json\/wp\/v2\/types\/product"}],"replies":[{"embeddable":true,"href":"https:\/\/kengmingcn.com\/fr\/wp-json\/wp\/v2\/comments?post=49806"}],"wp:featuredmedia":[{"embeddable":true,"href":"https:\/\/kengmingcn.com\/fr\/wp-json\/wp\/v2\/media\/53019"}],"wp:attachment":[{"href":"https:\/\/kengmingcn.com\/fr\/wp-json\/wp\/v2\/media?parent=49806"}],"wp:term":[{"taxonomy":"product_brand","embeddable":true,"href":"https:\/\/kengmingcn.com\/fr\/wp-json\/wp\/v2\/product_brand?post=49806"},{"taxonomy":"product_cat","embeddable":true,"href":"https:\/\/kengmingcn.com\/fr\/wp-json\/wp\/v2\/product_cat?post=49806"},{"taxonomy":"product_tag","embeddable":true,"href":"https:\/\/kengmingcn.com\/fr\/wp-json\/wp\/v2\/product_tag?post=49806"}],"curies":[{"name":"wp","href":"https:\/\/api.w.org\/{rel}","templated":true}]}}