{"id":49730,"date":"2025-04-19T15:56:32","date_gmt":"2025-04-19T07:56:32","guid":{"rendered":"https:\/\/kengmingcn.com\/?post_type=product&#038;p=49730"},"modified":"2026-01-11T11:35:34","modified_gmt":"2026-01-11T03:35:34","slug":"3-secondes-machine-a-glace-125kg-24h-machine-a-glace-flocon-production-rapide-bingsu-avec-jmxc125f-660w-220v-110v","status":"publish","type":"product","link":"https:\/\/kengmingcn.com\/fr\/product\/3-secondes-machine-a-glace-125kg-24h-machine-a-glace-flocon-production-rapide-bingsu-avec-jmxc125f-660w-220v-110v\/","title":{"rendered":"3 Seconds Ice Maker 125KG\/24h Snowflake ice machine Rapid Production Bingsu with JMXC125F-660W-220V\/110V"},"content":{"rendered":"<h2 class=\"wp-block-heading\" id=\"h-description\">Description<\/h2>\n\n\n\n<p>La machine \u00e0 glace en flocon de neige est un \u00e9quipement efficace de fabrication de boissons froides con\u00e7u pour produire de la glace en flocon de neige d\u00e9licate, fra\u00eeche et croustillante. Gr\u00e2ce \u00e0 une technologie de cong\u00e9lation avanc\u00e9e et \u00e0 un m\u00e9canisme pr\u00e9cis de raclage de la glace, elle peut rapidement congeler et racler les mati\u00e8res premi\u00e8res liquides (telles que les jus, le th\u00e9 au lait, les cocktails, etc.) en particules douces et d\u00e9licates ressemblant \u00e0 des flocons de neige, tout en conservant la saveur et les nutriments d'origine des aliments, ce qui en fait un \u00e9quipement de boissons froides indispensable pour l'\u00e9t\u00e9 et toutes sortes d'activit\u00e9s.<\/p>\n\n\n\n<div style=\"height:30px\" aria-hidden=\"true\" class=\"wp-block-spacer\"><\/div>\n\n\n\n<figure class=\"wp-block-table is-style-stripes\"><table><thead><tr><th>Mod\u00e8le<\/th><th>JMXC125F<\/th><\/tr><\/thead><tbody><tr><td>Sortie<\/td><td>125kg\/24h (275lbs\/24h)<\/td><\/tr><tr><td>Puissance<\/td><td>660w<\/td><\/tr><tr><td>Longueur du rouleau<\/td><td>9,5 cm<\/td><\/tr><tr><td>Mode de refroidissement<\/td><td>Refroidissement par air<\/td><\/tr><tr><td>Taille<\/td><td>46*32*40cm<\/td><\/tr><tr><td>Taille de l'emballage<\/td><td>56*40*49cm (0.12cbm)<\/td><\/tr><tr><td>Poids net<\/td><td>26kg\/57lbs<\/td><\/tr><tr><td>Poids de l'emballage<\/td><td>29kg\/64lbs<\/td><\/tr><tr><td>Compresseur<\/td><td>Wanbao ou autre marque chinoise<\/td><\/tr><\/tbody><\/table><\/figure>\n\n\n\n<div style=\"height:30px\" aria-hidden=\"true\" class=\"wp-block-spacer\"><\/div>\n\n\n\n<div class=\"wp-block-columns is-layout-flex wp-container-core-columns-is-layout-9d6595d7 wp-block-columns-is-layout-flex dt-cr-1\">\n<div class=\"wp-block-column is-layout-flow wp-block-column-is-layout-flow\">\n<h3 class=\"wp-block-heading has-medium-font-size\" id=\"h-impressive-production-capacity\"><strong>Une capacit\u00e9 de production impressionnante<\/strong><\/h3>\n\n\n\n<p>R\u00e9frig\u00e9ration \u00e0 haute efficacit\u00e9, refroidissement par air, seulement 1 minute de pr\u00e9-refroidissement peut \u00eatre 3 secondes de glace, capacit\u00e9 de production quotidienne de glace de 275 Ib.<\/p>\n<\/div>\n\n\n\n<div class=\"wp-block-column is-layout-flow wp-block-column-is-layout-flow\">\n<h3 class=\"wp-block-heading has-medium-font-size\" id=\"h-premium-304-stainless-steel-construction\"><strong>Construction en acier inoxydable 304 de premi\u00e8re qualit\u00e9<\/strong><\/h3>\n\n\n\n<p>Le corps de la machine et toutes les pi\u00e8ces entrant en contact avec les aliments sont en acier inoxydable 304, r\u00e9sistant \u00e0 la corrosion, facile \u00e0 nettoyer et r\u00e9sistant \u00e0 la chaleur. Que ce soit dans des environnements tr\u00e8s humides ou lors d'une utilisation prolong\u00e9e, la machine reste robuste et durable, ce qui garantit la s\u00e9curit\u00e9 alimentaire et une longue dur\u00e9e de vie. Le mat\u00e9riau lisse facilite \u00e9galement l'entretien quotidien, r\u00e9duit la croissance bact\u00e9rienne et simplifie la gestion de l'hygi\u00e8ne.<\/p>\n<\/div>\n<\/div>\n\n\n\n<div style=\"height:30px\" aria-hidden=\"true\" class=\"wp-block-spacer\"><\/div>\n\n\n\n<div class=\"wp-block-columns is-layout-flex wp-container-core-columns-is-layout-9d6595d7 wp-block-columns-is-layout-flex dt-cr-2\">\n<div class=\"wp-block-column is-layout-flow wp-block-column-is-layout-flow\">\n<h3 class=\"wp-block-heading has-medium-font-size\" id=\"h-user-friendly-operation\"><strong>Fonctionnement convivial<\/strong><\/h3>\n\n\n\n<p>Le JMXC125F est dot\u00e9 d'un syst\u00e8me d'alimentation par gravit\u00e9 et d'un panneau de commande intuitif, ce qui le rend facile \u00e0 utiliser, m\u00eame pour les nouveaux employ\u00e9s. Le syst\u00e8me de refroidissement \u00e0 commande ind\u00e9pendante r\u00e9duit les \u00e9tapes manuelles, ce qui facilite le processus de production et le rend plus efficace, am\u00e9liorant ainsi la rapidit\u00e9 du service et la satisfaction du client.<\/p>\n<\/div>\n\n\n\n<div class=\"wp-block-column is-layout-flow wp-block-column-is-layout-flow\">\n<h3 class=\"wp-block-heading has-medium-font-size\" id=\"h-adjustable-ice-shape\"><strong>Forme de glace r\u00e9glable<\/strong><\/h3>\n\n\n\n<p>En ajustant les mati\u00e8res premi\u00e8res et en contr\u00f4lant la vitesse de l'\u00e9vaporateur, vous pouvez obtenir une vari\u00e9t\u00e9 de formes de glace, telles que la glace de neige, la glace de nouilles, la glace de flocons, la glace de mouton, la glace d'aiguilles de diff\u00e9rentes formes, le go\u00fbt de l\u00e9ger et lisse \u00e0 riche et d\u00e9licat peut \u00eatre r\u00e9alis\u00e9.<\/p>\n<\/div>\n<\/div>\n\n\n\n<div style=\"height:30px\" aria-hidden=\"true\" class=\"wp-block-spacer\"><\/div>\n\n\n\n<div class=\"wp-block-columns is-layout-flex wp-container-core-columns-is-layout-9d6595d7 wp-block-columns-is-layout-flex dt-cr-3\">\n<div class=\"wp-block-column is-layout-flow wp-block-column-is-layout-flow\">\n<h3 class=\"wp-block-heading has-medium-font-size\" id=\"h-more-detail\">Plus de d\u00e9tails<\/h3>\n\n\n\n<figure class=\"wp-block-gallery has-nested-images columns-default is-cropped wp-block-gallery-1 is-layout-flex wp-block-gallery-is-layout-flex\">\n<figure class=\"wp-block-image size-large\"><img decoding=\"async\" width=\"1024\" height=\"483\" data-id=\"47955\" src=\"https:\/\/kengmingcn.com\/wp-content\/uploads\/2025\/03\/1_6_11zon-1024x483.webp\" alt=\"\" class=\"wp-image-47955\" srcset=\"https:\/\/kengmingcn.com\/wp-content\/uploads\/2025\/03\/1_6_11zon-1024x483.webp 1024w, https:\/\/kengmingcn.com\/wp-content\/uploads\/2025\/03\/1_6_11zon-300x142.webp 300w, https:\/\/kengmingcn.com\/wp-content\/uploads\/2025\/03\/1_6_11zon-768x362.webp 768w, https:\/\/kengmingcn.com\/wp-content\/uploads\/2025\/03\/1_6_11zon.webp 1060w\" sizes=\"(max-width: 1024px) 100vw, 1024px\" \/><\/figure>\n\n\n\n<figure class=\"wp-block-image size-large\"><img decoding=\"async\" width=\"1024\" height=\"483\" data-id=\"47956\" src=\"https:\/\/kengmingcn.com\/wp-content\/uploads\/2025\/03\/2-2_7_11zon-1024x483.webp\" alt=\"\" class=\"wp-image-47956\" srcset=\"https:\/\/kengmingcn.com\/wp-content\/uploads\/2025\/03\/2-2_7_11zon-1024x483.webp 1024w, https:\/\/kengmingcn.com\/wp-content\/uploads\/2025\/03\/2-2_7_11zon-300x142.webp 300w, https:\/\/kengmingcn.com\/wp-content\/uploads\/2025\/03\/2-2_7_11zon-768x362.webp 768w, https:\/\/kengmingcn.com\/wp-content\/uploads\/2025\/03\/2-2_7_11zon.webp 1060w\" sizes=\"(max-width: 1024px) 100vw, 1024px\" \/><\/figure>\n\n\n\n<figure class=\"wp-block-image size-large\"><img decoding=\"async\" width=\"1024\" height=\"483\" data-id=\"47957\" src=\"https:\/\/kengmingcn.com\/wp-content\/uploads\/2025\/03\/3_8_11zon-1024x483.webp\" alt=\"\" class=\"wp-image-47957\" srcset=\"https:\/\/kengmingcn.com\/wp-content\/uploads\/2025\/03\/3_8_11zon-1024x483.webp 1024w, https:\/\/kengmingcn.com\/wp-content\/uploads\/2025\/03\/3_8_11zon-300x142.webp 300w, https:\/\/kengmingcn.com\/wp-content\/uploads\/2025\/03\/3_8_11zon-768x362.webp 768w, https:\/\/kengmingcn.com\/wp-content\/uploads\/2025\/03\/3_8_11zon.webp 1060w\" sizes=\"(max-width: 1024px) 100vw, 1024px\" \/><\/figure>\n\n\n\n<figure class=\"wp-block-image size-large\"><img decoding=\"async\" width=\"550\" height=\"550\" data-id=\"47952\" src=\"https:\/\/kengmingcn.com\/wp-content\/uploads\/2025\/03\/1736303096772_3_11zon.webp\" alt=\"\" class=\"wp-image-47952\" srcset=\"https:\/\/kengmingcn.com\/wp-content\/uploads\/2025\/03\/1736303096772_3_11zon.webp 550w, https:\/\/kengmingcn.com\/wp-content\/uploads\/2025\/03\/1736303096772_3_11zon-300x300.webp 300w, https:\/\/kengmingcn.com\/wp-content\/uploads\/2025\/03\/1736303096772_3_11zon-150x150.webp 150w, https:\/\/kengmingcn.com\/wp-content\/uploads\/2025\/03\/1736303096772_3_11zon-200x200.webp 200w\" sizes=\"(max-width: 550px) 100vw, 550px\" \/><\/figure>\n\n\n\n<figure class=\"wp-block-image size-large\"><img decoding=\"async\" width=\"750\" height=\"873\" data-id=\"52104\" src=\"https:\/\/kengmingcn.com\/wp-content\/uploads\/2025\/09\/XHJ128fp-bingsu-machine-\u8be6\u60c5\u56fe-10.jpg\" alt=\"4\u79cd\u96ea\u82b1\u51b0\" class=\"wp-image-52104\" srcset=\"https:\/\/kengmingcn.com\/wp-content\/uploads\/2025\/09\/XHJ128fp-bingsu-machine-\u8be6\u60c5\u56fe-10.jpg 750w, https:\/\/kengmingcn.com\/wp-content\/uploads\/2025\/09\/XHJ128fp-bingsu-machine-\u8be6\u60c5\u56fe-10-258x300.jpg 258w, https:\/\/kengmingcn.com\/wp-content\/uploads\/2025\/09\/XHJ128fp-bingsu-machine-\u8be6\u60c5\u56fe-10-10x12.jpg 10w\" sizes=\"(max-width: 750px) 100vw, 750px\" \/><\/figure>\n\n\n\n<figure class=\"wp-block-image size-large\"><img decoding=\"async\" width=\"1024\" height=\"832\" data-id=\"2461\" src=\"https:\/\/kengmingcn.com\/wp-content\/uploads\/2025\/04\/JMXC80F-Bingsu-Machine_11zon-scaled-e1744530020571-1024x832.webp\" alt=\"JMXC80F Bingsu Machine_11zon\" class=\"wp-image-2461\" srcset=\"https:\/\/kengmingcn.com\/wp-content\/uploads\/2025\/04\/JMXC80F-Bingsu-Machine_11zon-scaled-e1744530020571-1024x832.webp 1024w, https:\/\/kengmingcn.com\/wp-content\/uploads\/2025\/04\/JMXC80F-Bingsu-Machine_11zon-scaled-e1744530020571-300x244.webp 300w, https:\/\/kengmingcn.com\/wp-content\/uploads\/2025\/04\/JMXC80F-Bingsu-Machine_11zon-scaled-e1744530020571-768x624.webp 768w, https:\/\/kengmingcn.com\/wp-content\/uploads\/2025\/04\/JMXC80F-Bingsu-Machine_11zon-scaled-e1744530020571.webp 1152w\" sizes=\"(max-width: 1024px) 100vw, 1024px\" \/><\/figure>\n<\/figure>\n<\/div>\n<\/div>\n\n\n\n<div class=\"wp-block-columns is-layout-flex wp-container-core-columns-is-layout-9d6595d7 wp-block-columns-is-layout-flex dt-cr-4\">\n<div class=\"wp-block-column is-layout-flow wp-block-column-is-layout-flow\">\n<div style=\"height:30px\" aria-hidden=\"true\" class=\"wp-block-spacer\"><\/div>\n\n\n\n<h2 class=\"wp-block-heading has-medium-font-size\" id=\"h-video\">Vid\u00e9o<\/h2>\n\n\n\n<figure class=\"wp-block-video\"><video controls src=\"https:\/\/cdn-gzkm.b-cdn.net\/video\/JMXC80F%203-28%2015%E7%A7%92%20%E6%9C%89%E9%9F%B3%E4%B9%90%20%E5%B7%B2%E5%8F%91%E5%B8%83%E5%88%B0tk%20facebook.mp4\"><\/video><\/figure>\n<\/div>\n\n\n\n<div class=\"wp-block-column is-layout-flow wp-block-column-is-layout-flow\"><\/div>\n<\/div>\n\n\n\n<div class=\"wp-block-columns is-layout-flex wp-container-core-columns-is-layout-9d6595d7 wp-block-columns-is-layout-flex dt-cr-5\">\n<div class=\"wp-block-column is-layout-flow wp-block-column-is-layout-flow\">\n<div style=\"height:30px\" aria-hidden=\"true\" class=\"wp-block-spacer\"><\/div>\n\n\n\n<h3 class=\"wp-block-heading has-medium-font-size\" id=\"h-why-choose-us\">Pourquoi nous choisir ?<\/h3>\n\n\n\n<p>En bref, notre machine \u00e0 glace en flocon de neige, avec une capacit\u00e9 de production de 125 kilogrammes par 24 heures, est un must pour toute entreprise cherchant \u00e0 se d\u00e9marquer dans l'industrie des desserts. Que vous soyez situ\u00e9 dans une zone anim\u00e9e comme Guangzhou, o\u00f9 se m\u00ealent commerces locaux et grandes entreprises, ou ailleurs, cette machine offre toutes les caract\u00e9ristiques et les performances sup\u00e9rieures dont vous avez besoin pour r\u00e9ussir. Investissez dans cette machine d\u00e8s aujourd'hui et faites sourire vos clients avec chaque d\u00e9licieuse boule de glace en flocon de neige !<\/p>\n<\/div>\n<\/div>","protected":false},"excerpt":{"rendered":"<ul>\n<li>Puissance : 660W<\/li>\n<li>Rendement : 125kg\/24H<\/li>\n<li>Longueur du rouleau : 9cm<\/li>\n<li>Mode de refroidissement : Refroidissement par air<\/li>\n<li>Pr\u00e9-refroidissement pendant 1 minute, d\u00e9gagement rapide de la glace en 3 secondes<\/li>\n<\/ul>","protected":false},"featured_media":53002,"comment_status":"open","ping_status":"closed","template":"","meta":{"_acf_changed":false},"product_brand":[],"product_cat":[244,275],"product_tag":[253],"class_list":{"0":"post-49730","1":"product","2":"type-product","3":"status-publish","4":"has-post-thumbnail","6":"product_cat-bingsu-machine","7":"product_cat-refrigeration-equipment","8":"product_tag-air-cooling","9":"description-off","11":"first","12":"instock","13":"shipping-taxable","14":"purchasable","15":"product-type-simple"},"acf":[],"yoast_head":"<!-- This site is optimized with the Yoast SEO Premium plugin v25.3 (Yoast SEO v26.3) - https:\/\/yoast.com\/wordpress\/plugins\/seo\/ -->\n<title>3 Seconds Ice Maker 125KG\/24h Snowflake ice machine Rapid Production Bingsu with JMXC125F-660W-220V\/110V - KengMing | Manufacturer of Commercial Kitchen Equipment<\/title>\n<meta name=\"description\" content=\"3 Seconds Ice Maker 125KG\/24h Snowflake ice machine Rapid Production Bingsu with JMXC125F-660W-220V\/110V\" \/>\n<meta name=\"robots\" content=\"index, follow, max-snippet:-1, max-image-preview:large, max-video-preview:-1\" \/>\n<link rel=\"canonical\" href=\"https:\/\/kengmingcn.com\/fr\/product\/3-secondes-machine-a-glace-125kg-24h-machine-a-glace-flocon-production-rapide-bingsu-avec-jmxc125f-660w-220v-110v\/\" \/>\n<meta property=\"og:locale\" content=\"fr_FR\" \/>\n<meta property=\"og:type\" content=\"article\" \/>\n<meta property=\"og:title\" content=\"3 Seconds Ice Maker 125KG\/24h Snowflake ice machine Rapid Production Bingsu with JMXC125F-660W-220V\/110V\" \/>\n<meta property=\"og:description\" content=\"3 Seconds Ice Maker 125KG\/24h Snowflake ice machine Rapid Production Bingsu with JMXC125F-660W-220V\/110V\" \/>\n<meta property=\"og:url\" content=\"https:\/\/kengmingcn.com\/fr\/product\/3-secondes-machine-a-glace-125kg-24h-machine-a-glace-flocon-production-rapide-bingsu-avec-jmxc125f-660w-220v-110v\/\" \/>\n<meta property=\"og:site_name\" content=\"KengMing | Manufacturer of Commercial Kitchen Equipment\" \/>\n<meta property=\"article:modified_time\" content=\"2026-01-11T03:35:34+00:00\" \/>\n<meta property=\"og:image\" content=\"https:\/\/kengmingcn.com\/wp-content\/uploads\/2025\/04\/JMXC125F_6_11zon.webp\" \/>\n\t<meta property=\"og:image:width\" content=\"800\" \/>\n\t<meta property=\"og:image:height\" content=\"800\" \/>\n\t<meta property=\"og:image:type\" content=\"image\/webp\" \/>\n<meta name=\"twitter:card\" content=\"summary_large_image\" \/>\n<meta name=\"twitter:label1\" content=\"Prix\" \/>\n\t<meta name=\"twitter:data1\" content=\"&#036;350.00\" \/>\n\t<meta name=\"twitter:label2\" content=\"Disponibilit\u00e9\" \/>\n\t<meta name=\"twitter:data2\" content=\"En stock\" \/>\n<script type=\"application\/ld+json\" class=\"yoast-schema-graph\">{\"@context\":\"https:\/\/schema.org\",\"@graph\":[{\"@type\":\"WebPage\",\"@id\":\"https:\/\/kengmingcn.com\/de_de\/product\/3-sekunden-eismaschine-125kg-24h-schneeflocken-eismaschine-schnelle-produktion-bingsu-mit-jmxc125f-660w-220v-110v\/\",\"url\":\"https:\/\/kengmingcn.com\/de_de\/product\/3-sekunden-eismaschine-125kg-24h-schneeflocken-eismaschine-schnelle-produktion-bingsu-mit-jmxc125f-660w-220v-110v\/\",\"name\":\"3 Seconds Ice Maker 125KG\/24h Snowflake ice machine Rapid Production Bingsu with JMXC125F-660W-220V\/110V - KengMing | Manufacturer of Commercial Kitchen Equipment\",\"isPartOf\":{\"@id\":\"https:\/\/kengmingcn.com\/#website\"},\"primaryImageOfPage\":{\"@id\":\"https:\/\/kengmingcn.com\/de_de\/product\/3-sekunden-eismaschine-125kg-24h-schneeflocken-eismaschine-schnelle-produktion-bingsu-mit-jmxc125f-660w-220v-110v\/#primaryimage\"},\"image\":{\"@id\":\"https:\/\/kengmingcn.com\/de_de\/product\/3-sekunden-eismaschine-125kg-24h-schneeflocken-eismaschine-schnelle-produktion-bingsu-mit-jmxc125f-660w-220v-110v\/#primaryimage\"},\"thumbnailUrl\":\"https:\/\/kengmingcn.com\/wp-content\/uploads\/2025\/04\/JMXC125F_6_11zon.webp\",\"datePublished\":\"2025-04-19T07:56:32+00:00\",\"dateModified\":\"2026-01-11T03:35:34+00:00\",\"description\":\"3 Seconds Ice Maker 125KG\/24h Snowflake ice machine Rapid Production Bingsu with JMXC125F-660W-220V\/110V\",\"breadcrumb\":{\"@id\":\"https:\/\/kengmingcn.com\/de_de\/product\/3-sekunden-eismaschine-125kg-24h-schneeflocken-eismaschine-schnelle-produktion-bingsu-mit-jmxc125f-660w-220v-110v\/#breadcrumb\"},\"inLanguage\":\"fr-FR\",\"potentialAction\":[{\"@type\":\"ReadAction\",\"target\":[\"https:\/\/kengmingcn.com\/de_de\/product\/3-sekunden-eismaschine-125kg-24h-schneeflocken-eismaschine-schnelle-produktion-bingsu-mit-jmxc125f-660w-220v-110v\/\"]}]},{\"@type\":\"ImageObject\",\"inLanguage\":\"fr-FR\",\"@id\":\"https:\/\/kengmingcn.com\/de_de\/product\/3-sekunden-eismaschine-125kg-24h-schneeflocken-eismaschine-schnelle-produktion-bingsu-mit-jmxc125f-660w-220v-110v\/#primaryimage\",\"url\":\"https:\/\/kengmingcn.com\/wp-content\/uploads\/2025\/04\/JMXC125F_6_11zon.webp\",\"contentUrl\":\"https:\/\/kengmingcn.com\/wp-content\/uploads\/2025\/04\/JMXC125F_6_11zon.webp\",\"width\":800,\"height\":800,\"caption\":\"125kg\/24h snow ice machine\"},{\"@type\":\"BreadcrumbList\",\"@id\":\"https:\/\/kengmingcn.com\/de_de\/product\/3-sekunden-eismaschine-125kg-24h-schneeflocken-eismaschine-schnelle-produktion-bingsu-mit-jmxc125f-660w-220v-110v\/#breadcrumb\",\"itemListElement\":[{\"@type\":\"ListItem\",\"position\":1,\"name\":\"Home\",\"item\":\"https:\/\/kengmingcn.com\/\"},{\"@type\":\"ListItem\",\"position\":2,\"name\":\"Catalogue\",\"item\":\"https:\/\/kengmingcn.com\/?page_id=27131\"},{\"@type\":\"ListItem\",\"position\":3,\"name\":\"3 Seconds Ice Maker 125KG\/24h Snowflake ice machine Rapid Production Bingsu with JMXC125F-660W-220V\/110V\"}]},{\"@type\":\"WebSite\",\"@id\":\"https:\/\/kengmingcn.com\/#website\",\"url\":\"https:\/\/kengmingcn.com\/\",\"name\":\"Kitchen Equipment\",\"description\":\"KengMing is a professional commercial kitchen equipment manufacturer and wholesale supplier, offering cooking, food prep and bakery equipment with OEM &amp; ODM service for global distributors.\",\"publisher\":{\"@id\":\"https:\/\/kengmingcn.com\/#organization\"},\"potentialAction\":[{\"@type\":\"SearchAction\",\"target\":{\"@type\":\"EntryPoint\",\"urlTemplate\":\"https:\/\/kengmingcn.com\/?s={search_term_string}\"},\"query-input\":{\"@type\":\"PropertyValueSpecification\",\"valueRequired\":true,\"valueName\":\"search_term_string\"}}],\"inLanguage\":\"fr-FR\"},{\"@type\":\"Organization\",\"@id\":\"https:\/\/kengmingcn.com\/#organization\",\"name\":\"GuangZhou KengMing\",\"url\":\"https:\/\/kengmingcn.com\/\",\"logo\":{\"@type\":\"ImageObject\",\"inLanguage\":\"fr-FR\",\"@id\":\"https:\/\/kengmingcn.com\/#\/schema\/logo\/image\/\",\"url\":\"https:\/\/kengmingcn.com\/wp-content\/uploads\/2025\/04\/cropped-1744508604969-removebg-preview.png\",\"contentUrl\":\"https:\/\/kengmingcn.com\/wp-content\/uploads\/2025\/04\/cropped-1744508604969-removebg-preview.png\",\"width\":512,\"height\":512,\"caption\":\"GuangZhou KengMing\"},\"image\":{\"@id\":\"https:\/\/kengmingcn.com\/#\/schema\/logo\/image\/\"}}]}<\/script>\n<meta property=\"product:price:amount\" content=\"350.00\" \/>\n<meta property=\"product:price:currency\" content=\"USD\" \/>\n<meta property=\"og:availability\" content=\"instock\" \/>\n<meta property=\"product:availability\" content=\"instock\" \/>\n<meta property=\"product:condition\" content=\"new\" \/>\n<!-- \/ Yoast SEO Premium plugin. -->","yoast_head_json":{"title":"3 Seconds Ice Maker 125KG\/24h Snowflake ice machine Rapid Production Bingsu with JMXC125F-660W-220V\/110V - KengMing | Fabricant d'\u00e9quipement de cuisine commerciale","description":"3 Seconds Ice Maker 125KG\/24h Snowflake ice machine Rapid Production Bingsu with JMXC125F-660W-220V\/110V","robots":{"index":"index","follow":"follow","max-snippet":"max-snippet:-1","max-image-preview":"max-image-preview:large","max-video-preview":"max-video-preview:-1"},"canonical":"https:\/\/kengmingcn.com\/fr\/product\/3-secondes-machine-a-glace-125kg-24h-machine-a-glace-flocon-production-rapide-bingsu-avec-jmxc125f-660w-220v-110v\/","og_locale":"fr_FR","og_type":"article","og_title":"3 Seconds Ice Maker 125KG\/24h Snowflake ice machine Rapid Production Bingsu with JMXC125F-660W-220V\/110V","og_description":"3 Seconds Ice Maker 125KG\/24h Snowflake ice machine Rapid Production Bingsu with JMXC125F-660W-220V\/110V","og_url":"https:\/\/kengmingcn.com\/fr\/product\/3-secondes-machine-a-glace-125kg-24h-machine-a-glace-flocon-production-rapide-bingsu-avec-jmxc125f-660w-220v-110v\/","og_site_name":"KengMing | Manufacturer of Commercial Kitchen Equipment","article_modified_time":"2026-01-11T03:35:34+00:00","og_image":[{"width":800,"height":800,"url":"https:\/\/kengmingcn.com\/wp-content\/uploads\/2025\/04\/JMXC125F_6_11zon.webp","type":"image\/webp"}],"twitter_card":"summary_large_image","twitter_misc":{"Prix":"&#36;350.00","Disponibilit\u00e9":"En stock"},"schema":{"@context":"https:\/\/schema.org","@graph":[{"@type":"WebPage","@id":"https:\/\/kengmingcn.com\/de_de\/product\/3-sekunden-eismaschine-125kg-24h-schneeflocken-eismaschine-schnelle-produktion-bingsu-mit-jmxc125f-660w-220v-110v\/","url":"https:\/\/kengmingcn.com\/de_de\/product\/3-sekunden-eismaschine-125kg-24h-schneeflocken-eismaschine-schnelle-produktion-bingsu-mit-jmxc125f-660w-220v-110v\/","name":"3 Seconds Ice Maker 125KG\/24h Snowflake ice machine Rapid Production Bingsu with JMXC125F-660W-220V\/110V - KengMing | Fabricant d'\u00e9quipement de cuisine commerciale","isPartOf":{"@id":"https:\/\/kengmingcn.com\/#website"},"primaryImageOfPage":{"@id":"https:\/\/kengmingcn.com\/de_de\/product\/3-sekunden-eismaschine-125kg-24h-schneeflocken-eismaschine-schnelle-produktion-bingsu-mit-jmxc125f-660w-220v-110v\/#primaryimage"},"image":{"@id":"https:\/\/kengmingcn.com\/de_de\/product\/3-sekunden-eismaschine-125kg-24h-schneeflocken-eismaschine-schnelle-produktion-bingsu-mit-jmxc125f-660w-220v-110v\/#primaryimage"},"thumbnailUrl":"https:\/\/kengmingcn.com\/wp-content\/uploads\/2025\/04\/JMXC125F_6_11zon.webp","datePublished":"2025-04-19T07:56:32+00:00","dateModified":"2026-01-11T03:35:34+00:00","description":"3 Seconds Ice Maker 125KG\/24h Snowflake ice machine Rapid Production Bingsu with JMXC125F-660W-220V\/110V","breadcrumb":{"@id":"https:\/\/kengmingcn.com\/de_de\/product\/3-sekunden-eismaschine-125kg-24h-schneeflocken-eismaschine-schnelle-produktion-bingsu-mit-jmxc125f-660w-220v-110v\/#breadcrumb"},"inLanguage":"fr-FR","potentialAction":[{"@type":"ReadAction","target":["https:\/\/kengmingcn.com\/de_de\/product\/3-sekunden-eismaschine-125kg-24h-schneeflocken-eismaschine-schnelle-produktion-bingsu-mit-jmxc125f-660w-220v-110v\/"]}]},{"@type":"ImageObject","inLanguage":"fr-FR","@id":"https:\/\/kengmingcn.com\/de_de\/product\/3-sekunden-eismaschine-125kg-24h-schneeflocken-eismaschine-schnelle-produktion-bingsu-mit-jmxc125f-660w-220v-110v\/#primaryimage","url":"https:\/\/kengmingcn.com\/wp-content\/uploads\/2025\/04\/JMXC125F_6_11zon.webp","contentUrl":"https:\/\/kengmingcn.com\/wp-content\/uploads\/2025\/04\/JMXC125F_6_11zon.webp","width":800,"height":800,"caption":"125kg\/24h snow ice machine"},{"@type":"BreadcrumbList","@id":"https:\/\/kengmingcn.com\/de_de\/product\/3-sekunden-eismaschine-125kg-24h-schneeflocken-eismaschine-schnelle-produktion-bingsu-mit-jmxc125f-660w-220v-110v\/#breadcrumb","itemListElement":[{"@type":"ListItem","position":1,"name":"Home","item":"https:\/\/kengmingcn.com\/"},{"@type":"ListItem","position":2,"name":"Catalogue","item":"https:\/\/kengmingcn.com\/?page_id=27131"},{"@type":"ListItem","position":3,"name":"3 Seconds Ice Maker 125KG\/24h Snowflake ice machine Rapid Production Bingsu with JMXC125F-660W-220V\/110V"}]},{"@type":"WebSite","@id":"https:\/\/kengmingcn.com\/#website","url":"https:\/\/kengmingcn.com\/","name":"\u00c9quipement de cuisine","description":"KengMing is a professional commercial kitchen equipment manufacturer and wholesale supplier, offering cooking, food prep and bakery equipment with OEM &amp; ODM service for global distributors.","publisher":{"@id":"https:\/\/kengmingcn.com\/#organization"},"potentialAction":[{"@type":"SearchAction","target":{"@type":"EntryPoint","urlTemplate":"https:\/\/kengmingcn.com\/?s={search_term_string}"},"query-input":{"@type":"PropertyValueSpecification","valueRequired":true,"valueName":"search_term_string"}}],"inLanguage":"fr-FR"},{"@type":"Organization","@id":"https:\/\/kengmingcn.com\/#organization","name":"GuangZhou KengMing","url":"https:\/\/kengmingcn.com\/","logo":{"@type":"ImageObject","inLanguage":"fr-FR","@id":"https:\/\/kengmingcn.com\/#\/schema\/logo\/image\/","url":"https:\/\/kengmingcn.com\/wp-content\/uploads\/2025\/04\/cropped-1744508604969-removebg-preview.png","contentUrl":"https:\/\/kengmingcn.com\/wp-content\/uploads\/2025\/04\/cropped-1744508604969-removebg-preview.png","width":512,"height":512,"caption":"GuangZhou KengMing"},"image":{"@id":"https:\/\/kengmingcn.com\/#\/schema\/logo\/image\/"}}]},"product_price_amount":"350.00","product_price_currency":"USD","og_availability":"instock","product_availability":"instock","product_condition":"new"},"_links":{"self":[{"href":"https:\/\/kengmingcn.com\/fr\/wp-json\/wp\/v2\/product\/49730","targetHints":{"allow":["GET"]}}],"collection":[{"href":"https:\/\/kengmingcn.com\/fr\/wp-json\/wp\/v2\/product"}],"about":[{"href":"https:\/\/kengmingcn.com\/fr\/wp-json\/wp\/v2\/types\/product"}],"replies":[{"embeddable":true,"href":"https:\/\/kengmingcn.com\/fr\/wp-json\/wp\/v2\/comments?post=49730"}],"wp:featuredmedia":[{"embeddable":true,"href":"https:\/\/kengmingcn.com\/fr\/wp-json\/wp\/v2\/media\/53002"}],"wp:attachment":[{"href":"https:\/\/kengmingcn.com\/fr\/wp-json\/wp\/v2\/media?parent=49730"}],"wp:term":[{"taxonomy":"product_brand","embeddable":true,"href":"https:\/\/kengmingcn.com\/fr\/wp-json\/wp\/v2\/product_brand?post=49730"},{"taxonomy":"product_cat","embeddable":true,"href":"https:\/\/kengmingcn.com\/fr\/wp-json\/wp\/v2\/product_cat?post=49730"},{"taxonomy":"product_tag","embeddable":true,"href":"https:\/\/kengmingcn.com\/fr\/wp-json\/wp\/v2\/product_tag?post=49730"}],"curies":[{"name":"wp","href":"https:\/\/api.w.org\/{rel}","templated":true}]}}