{"id":49418,"date":"2025-04-17T15:40:58","date_gmt":"2025-04-17T07:40:58","guid":{"rendered":"https:\/\/kengmingcn.com\/?post_type=product&#038;p=49418"},"modified":"2025-06-12T17:56:24","modified_gmt":"2025-06-12T09:56:24","slug":"machine-a-secouer-le-lait-et-le-the-a-deux-tasses-machine-a-secouer-le-lait-equipement-de-fabrication-de-boissons-ljy120-2-1l-120w","status":"publish","type":"product","link":"https:\/\/kengmingcn.com\/fr\/product\/machine-a-secouer-le-lait-et-le-the-a-deux-tasses-machine-a-secouer-le-lait-equipement-de-fabrication-de-boissons-ljy120-2-1l-120w\/","title":{"rendered":"Machine \u00e0 secouer le lait et le th\u00e9 \u00e0 deux tasses Machine \u00e0 secouer le lait \u00c9quipement de fabrication de boissons LJY120-2 1L 120W"},"content":{"rendered":"<div style=\"width: 640px;\" class=\"wp-video\"><!--[if lt IE 9]><script>document.createElement('video');<\/script><![endif]-->\n<video class=\"wp-video-shortcode\" id=\"video-49418-1\" width=\"640\" height=\"360\" preload=\"metadata\" controls=\"controls\"><source type=\"video\/mp4\" src=\"https:\/\/cdn-gzkm.b-cdn.net\/Model\/Milk%20Tea%20Shaking%20Machine\/LJY120-2%201L%20Double%20Cup%20Milk%20Tea%20Shaking%20Machine.mp4?_=1\" \/><a href=\"https:\/\/cdn-gzkm.b-cdn.net\/Model\/Milk%20Tea%20Shaking%20Machine\/LJY120-2%201L%20Double%20Cup%20Milk%20Tea%20Shaking%20Machine.mp4\">https:\/\/cdn-gzkm.b-cdn.net\/Model\/Milk%20Tea%20Shaking%20Machine\/LJY120-2%201L%20Double%20Cup%20Milk%20Tea%20Shaking%20Machine.mp4<\/a><\/video><\/div>\n<p>La machine \u00e0 secouer le th\u00e9 au lait est un \u00e9quipement de production de boissons efficace con\u00e7u pour produire du th\u00e9 au lait au go\u00fbt d\u00e9licat et doux. Associ\u00e9 \u00e0 une technologie de moteur avanc\u00e9e et \u00e0 un bras rotatif \u00e0 360\u00b0 tr\u00e8s efficace, il peut m\u00e9langer uniform\u00e9ment les ingr\u00e9dients du th\u00e9 au lait (tels que le th\u00e9, le lait en poudre, le sirop, etc.) pour produire rapidement un th\u00e9 au lait au go\u00fbt riche et plein d'ar\u00f4mes afin de r\u00e9pondre \u00e0 la demande des consommateurs pour des boissons de haute qualit\u00e9.<\/p>\n<figure class=\"wp-block-image\"><img decoding=\"async\" src=\"https:\/\/image.made-in-china.com\/226f3j00EkZvjVtIbocD\/Commercial-Double-Cup-Milk-Tea-Shaking-Machine-Milkshake-Machine-Beverage-Making-Equipment-LJY120-2-1L-120W-220V-50Hz-.webp\" alt=\"Machine \u00e0 secouer le lait et le th\u00e9 \u00e0 deux tasses Machine \u00e0 fabriquer des boissons (LJY120-2-1L-120W-220V\/50Hz)\" \/><\/figure>\n<p>1. Agitation efficace : notre milk tea shaker est \u00e9quip\u00e9 d'un moteur efficace de 120 watts pour un fonctionnement silencieux et puissant. Il agite uniform\u00e9ment et rapidement \u00e0 313 tours par minute, pr\u00e9parant une tasse de th\u00e9 au lait en seulement 10 secondes. Cela am\u00e9liore consid\u00e9rablement la vitesse et la qualit\u00e9 de la production de boissons, ce qui en fait l'appareil id\u00e9al pour les environnements professionnels rapides.<br \/>\nCompatible avec plusieurs tailles de gobelets \u00e0 milkshake : Vous pouvez r\u00e9gler rapidement la hauteur du support du shaker pour l'adapter \u00e0 diff\u00e9rentes tailles de gobelets \u00e0 milk-shake, de 350 ml \u00e0 1000 ml, afin de garantir que chaque boisson est secou\u00e9e uniform\u00e9ment et rapidement. Comprend deux gobelets \u00e0 shaker en PC de 750 ml, faciles \u00e0 nettoyer et ne laissant aucun r\u00e9sidu d'ar\u00f4me, convenant \u00e0 tous les types de restaurants.<br \/>\n3. bras pivotant \u00e0 360\u00b0 : notre conception comprend un bras de secouage omnidirectionnel \u00e0 360\u00b0 qui garantit un secouage uniforme et r\u00e9gulier \u00e0 chaque fois, que ce soit pour du th\u00e9 au lait, du caf\u00e9, des cocktails ou des boissons aux fruits. Le support con\u00e7u avec pr\u00e9cision emp\u00eache les fuites lors de l'agitation gr\u00e2ce \u00e0 la rotation \u00e0 360\u00b0.<br \/>\n4. Contr\u00f4le pr\u00e9cis du temps : Gr\u00e2ce au r\u00e9glage pr\u00e9cis de la dur\u00e9e de 0 \u00e0 180 secondes, vous pouvez r\u00e9gler le temps d'agitation en fonction des besoins pour obtenir l'effet de m\u00e9lange id\u00e9al pour chaque boisson. Le d\u00e9marrage par un seul bouton rend l'utilisation simple et intuitive.<br \/>\n5. Choix commercial professionnel : le gobelet \u00e0 th\u00e9 au lait est fabriqu\u00e9 en acier inoxydable, r\u00e9sistant \u00e0 la corrosion et facile \u00e0 nettoyer. La conception stable du coussin \u00e0 quatre pieds assure un fonctionnement stable tout en maintenant une bonne dissipation de la chaleur. Convient pour remuer le th\u00e9 au lait, les cocktails, les boissons, le caf\u00e9, etc. Id\u00e9al pour les restaurants, les p\u00e2tisseries, les caf\u00e9s, les boulangeries, les magasins d'alimentation et les magasins de boissons.<\/p>\n<figure class=\"wp-block-image\"><img decoding=\"async\" src=\"https:\/\/image.made-in-china.com\/226f3j00acZvjeQthbqI\/Commercial-Double-Cup-Milk-Tea-Shaking-Machine-Milkshake-Machine-Beverage-Making-Equipment-LJY120-2-1L-120W-220V-50Hz-.webp\" alt=\"Machine \u00e0 secouer le lait et le th\u00e9 \u00e0 deux tasses Machine \u00e0 fabriquer des boissons (LJY120-2-1L-120W-220V\/50Hz)\" \/><\/figure>\n<figure class=\"wp-block-image\"><img decoding=\"async\" src=\"https:\/\/image.made-in-china.com\/226f3j00acsBjyEKLoqP\/Commercial-Double-Cup-Milk-Tea-Shaking-Machine-Milkshake-Machine-Beverage-Making-Equipment-LJY120-2-1L-120W-220V-50Hz-.webp\" alt=\"Machine \u00e0 secouer le lait et le th\u00e9 \u00e0 deux tasses Machine \u00e0 fabriquer des boissons (LJY120-2-1L-120W-220V\/50Hz)\" \/><\/figure>\n<p>1. Magasins de lait, de th\u00e9 et de boissons :<br \/>\nUtilisation : Pr\u00e9parer rapidement de grandes quantit\u00e9s de th\u00e9 au lait brass\u00e9 uniform\u00e9ment pour am\u00e9liorer l'efficacit\u00e9 du service et la qualit\u00e9 de la boisson.<br \/>\nExemple : Les magasins de th\u00e9 au lait utilisent des shakers pour traiter rapidement les commandes pendant les heures de pointe afin de garantir la constance du go\u00fbt de chaque tasse de th\u00e9 au lait.<br \/>\n2. Caf\u00e9 :<br \/>\nUtilisation : Pour pr\u00e9parer du th\u00e9 au lait ou d'autres boissons brass\u00e9es et enrichir le choix des menus.<br \/>\nExemple : Les caf\u00e9s peuvent utiliser la machine \u00e0 secouer pour pr\u00e9parer du th\u00e9 au lait, des smoothies, etc. afin d'augmenter la diversit\u00e9 des boissons.<br \/>\n3. Restaurant :<br \/>\nObjectif : Servir du th\u00e9 au lait bien m\u00e9lang\u00e9 dans le cadre de la pr\u00e9paration de desserts ou de boissons.<br \/>\nExemple : Un restaurant sert du th\u00e9 au lait apr\u00e8s le repas, en utilisant un shaker pour garantir un go\u00fbt et un effet de mousse homog\u00e8nes.<br \/>\n4. Stands et march\u00e9s d'alimentation de rue :<br \/>\nUtilisation : Le th\u00e9 au lait frais est pr\u00e9par\u00e9 sur place pour attirer les clients et stimuler les ventes.<br \/>\nExemple : Les vendeurs ambulants utilisent des shakers pour pr\u00e9parer du th\u00e9 au lait et fournir des boissons instantan\u00e9es de qualit\u00e9.<br \/>\n5. R\u00e9unions de famille et \u00e9v\u00e9nements priv\u00e9s :<br \/>\nUtilisation : Pr\u00e9parer du th\u00e9 au lait lors de r\u00e9unions de famille ou d'\u00e9v\u00e9nements pour augmenter la vari\u00e9t\u00e9 des boissons.<br \/>\nExemple : Les shakers sont utilis\u00e9s pour pr\u00e9parer le th\u00e9 au lait lors des r\u00e9unions de famille, afin d'offrir aux invit\u00e9s des boissons fra\u00eeches et mousseuses.<\/p>\n<p><img decoding=\"async\" class=\"alignnone size-full wp-image-50999\" src=\"https:\/\/kengmingcn.com\/wp-content\/uploads\/2025\/04\/LJY120-2-1L-120W-1.webp\" alt=\"LJY120-2 1L 120W (1)\" width=\"1060\" height=\"500\" srcset=\"https:\/\/kengmingcn.com\/wp-content\/uploads\/2025\/04\/LJY120-2-1L-120W-1.webp 1060w, https:\/\/kengmingcn.com\/wp-content\/uploads\/2025\/04\/LJY120-2-1L-120W-1-300x142.webp 300w, https:\/\/kengmingcn.com\/wp-content\/uploads\/2025\/04\/LJY120-2-1L-120W-1-1024x483.webp 1024w, https:\/\/kengmingcn.com\/wp-content\/uploads\/2025\/04\/LJY120-2-1L-120W-1-768x362.webp 768w\" sizes=\"(max-width: 1060px) 100vw, 1060px\" \/> <img decoding=\"async\" class=\"alignnone size-full wp-image-51000\" src=\"https:\/\/kengmingcn.com\/wp-content\/uploads\/2025\/04\/LJY120-2-1L-120W-2.webp\" alt=\"\" width=\"1060\" height=\"500\" srcset=\"https:\/\/kengmingcn.com\/wp-content\/uploads\/2025\/04\/LJY120-2-1L-120W-2.webp 1060w, https:\/\/kengmingcn.com\/wp-content\/uploads\/2025\/04\/LJY120-2-1L-120W-2-300x142.webp 300w, https:\/\/kengmingcn.com\/wp-content\/uploads\/2025\/04\/LJY120-2-1L-120W-2-1024x483.webp 1024w, https:\/\/kengmingcn.com\/wp-content\/uploads\/2025\/04\/LJY120-2-1L-120W-2-768x362.webp 768w\" sizes=\"(max-width: 1060px) 100vw, 1060px\" \/><\/p>","protected":false},"excerpt":{"rendered":"<ul>\n<li>Agitateur \u00e0 lait et \u00e0 th\u00e9 \u00e0 une t\u00eate 1000ml<\/li>\n<\/ul>","protected":false},"featured_media":49420,"comment_status":"open","ping_status":"closed","template":"","meta":{"_acf_changed":false},"product_brand":[],"product_cat":[277,248],"product_tag":[],"class_list":{"0":"post-49418","1":"product","2":"type-product","3":"status-publish","4":"has-post-thumbnail","6":"product_cat-food-processing-equipment","7":"product_cat-milk-tea-shaking-machine","8":"description-off","10":"first","11":"instock","12":"shipping-taxable","13":"purchasable","14":"product-type-simple"},"acf":[],"yoast_head":"<!-- This site is optimized with the Yoast SEO Premium plugin v25.3 (Yoast SEO v26.3) - https:\/\/yoast.com\/wordpress\/plugins\/seo\/ -->\n<title>Double Cup Milk Tea Shaking Machine<\/title>\n<meta name=\"description\" content=\"Commercial Double Cup Milk Tea Shaking Machine Milk shake Machine Beverage Making Equipment LJY120-2 1L 120W\" \/>\n<meta name=\"robots\" content=\"index, follow, max-snippet:-1, max-image-preview:large, max-video-preview:-1\" \/>\n<link rel=\"canonical\" href=\"https:\/\/kengmingcn.com\/fr\/product\/machine-a-secouer-le-lait-et-le-the-a-deux-tasses-machine-a-secouer-le-lait-equipement-de-fabrication-de-boissons-ljy120-2-1l-120w\/\" \/>\n<meta property=\"og:locale\" content=\"fr_FR\" \/>\n<meta property=\"og:type\" content=\"article\" \/>\n<meta property=\"og:title\" content=\"Commercial Double Cup Milk Tea Shaking Machine Milk shake Machine Beverage Making Equipment LJY120-2 1L 120W\" \/>\n<meta property=\"og:description\" content=\"Commercial Double Cup Milk Tea Shaking Machine Milk shake Machine Beverage Making Equipment LJY120-2 1L 120W\" \/>\n<meta property=\"og:url\" content=\"https:\/\/kengmingcn.com\/fr\/product\/machine-a-secouer-le-lait-et-le-the-a-deux-tasses-machine-a-secouer-le-lait-equipement-de-fabrication-de-boissons-ljy120-2-1l-120w\/\" \/>\n<meta property=\"og:site_name\" content=\"KengMing | Manufacturer of Commercial Kitchen Equipment\" \/>\n<meta property=\"article:modified_time\" content=\"2025-06-12T09:56:24+00:00\" \/>\n<meta property=\"og:image\" content=\"https:\/\/kengmingcn.com\/wp-content\/uploads\/2025\/04\/Double-Cup-Milk-Tea-Shaking-Machine-5_11zon.webp\" \/>\n\t<meta property=\"og:image:width\" content=\"550\" \/>\n\t<meta property=\"og:image:height\" content=\"550\" \/>\n\t<meta property=\"og:image:type\" content=\"image\/webp\" \/>\n<meta name=\"twitter:card\" content=\"summary_large_image\" \/>\n<meta name=\"twitter:label1\" content=\"Prix\" \/>\n\t<meta name=\"twitter:data1\" content=\"&#036;100.00\" \/>\n\t<meta name=\"twitter:label2\" content=\"Disponibilit\u00e9\" \/>\n\t<meta name=\"twitter:data2\" content=\"En stock\" \/>\n<script type=\"application\/ld+json\" class=\"yoast-schema-graph\">{\"@context\":\"https:\/\/schema.org\",\"@graph\":[{\"@type\":\"WebPage\",\"@id\":\"https:\/\/kengmingcn.com\/es\/product\/comercial-de-doble-taza-de-te-con-leche-agitando-la-maquina-maquina-de-batido-de-leche-bebida-que-hace-el-equipo-ljy120-2-1l-120w\/\",\"url\":\"https:\/\/kengmingcn.com\/es\/product\/comercial-de-doble-taza-de-te-con-leche-agitando-la-maquina-maquina-de-batido-de-leche-bebida-que-hace-el-equipo-ljy120-2-1l-120w\/\",\"name\":\"Double Cup Milk Tea Shaking Machine\",\"isPartOf\":{\"@id\":\"https:\/\/kengmingcn.com\/#website\"},\"primaryImageOfPage\":{\"@id\":\"https:\/\/kengmingcn.com\/es\/product\/comercial-de-doble-taza-de-te-con-leche-agitando-la-maquina-maquina-de-batido-de-leche-bebida-que-hace-el-equipo-ljy120-2-1l-120w\/#primaryimage\"},\"image\":{\"@id\":\"https:\/\/kengmingcn.com\/es\/product\/comercial-de-doble-taza-de-te-con-leche-agitando-la-maquina-maquina-de-batido-de-leche-bebida-que-hace-el-equipo-ljy120-2-1l-120w\/#primaryimage\"},\"thumbnailUrl\":\"https:\/\/kengmingcn.com\/wp-content\/uploads\/2025\/04\/Double-Cup-Milk-Tea-Shaking-Machine-5_11zon.webp\",\"datePublished\":\"2025-04-17T07:40:58+00:00\",\"dateModified\":\"2025-06-12T09:56:24+00:00\",\"description\":\"Commercial Double Cup Milk Tea Shaking Machine Milk shake Machine Beverage Making Equipment LJY120-2 1L 120W\",\"breadcrumb\":{\"@id\":\"https:\/\/kengmingcn.com\/es\/product\/comercial-de-doble-taza-de-te-con-leche-agitando-la-maquina-maquina-de-batido-de-leche-bebida-que-hace-el-equipo-ljy120-2-1l-120w\/#breadcrumb\"},\"inLanguage\":\"fr-FR\",\"potentialAction\":[{\"@type\":\"ReadAction\",\"target\":[\"https:\/\/kengmingcn.com\/es\/product\/comercial-de-doble-taza-de-te-con-leche-agitando-la-maquina-maquina-de-batido-de-leche-bebida-que-hace-el-equipo-ljy120-2-1l-120w\/\"]}]},{\"@type\":\"ImageObject\",\"inLanguage\":\"fr-FR\",\"@id\":\"https:\/\/kengmingcn.com\/es\/product\/comercial-de-doble-taza-de-te-con-leche-agitando-la-maquina-maquina-de-batido-de-leche-bebida-que-hace-el-equipo-ljy120-2-1l-120w\/#primaryimage\",\"url\":\"https:\/\/kengmingcn.com\/wp-content\/uploads\/2025\/04\/Double-Cup-Milk-Tea-Shaking-Machine-5_11zon.webp\",\"contentUrl\":\"https:\/\/kengmingcn.com\/wp-content\/uploads\/2025\/04\/Double-Cup-Milk-Tea-Shaking-Machine-5_11zon.webp\",\"width\":550,\"height\":550,\"caption\":\"Double Cup Milk Tea Shaking Machine\"},{\"@type\":\"BreadcrumbList\",\"@id\":\"https:\/\/kengmingcn.com\/es\/product\/comercial-de-doble-taza-de-te-con-leche-agitando-la-maquina-maquina-de-batido-de-leche-bebida-que-hace-el-equipo-ljy120-2-1l-120w\/#breadcrumb\",\"itemListElement\":[{\"@type\":\"ListItem\",\"position\":1,\"name\":\"Home\",\"item\":\"https:\/\/kengmingcn.com\/\"},{\"@type\":\"ListItem\",\"position\":2,\"name\":\"Catalogue\",\"item\":\"https:\/\/kengmingcn.com\/?page_id=27131\"},{\"@type\":\"ListItem\",\"position\":3,\"name\":\"Commercial Double Cup Milk Tea Shaking Machine Milk shake Machine Beverage Making Equipment LJY120-2 1L 120W\"}]},{\"@type\":\"WebSite\",\"@id\":\"https:\/\/kengmingcn.com\/#website\",\"url\":\"https:\/\/kengmingcn.com\/\",\"name\":\"Kitchen Equipment\",\"description\":\"KengMing is a professional commercial kitchen equipment manufacturer and wholesale supplier, offering cooking, food prep and bakery equipment with OEM &amp; ODM service for global distributors.\",\"publisher\":{\"@id\":\"https:\/\/kengmingcn.com\/#organization\"},\"potentialAction\":[{\"@type\":\"SearchAction\",\"target\":{\"@type\":\"EntryPoint\",\"urlTemplate\":\"https:\/\/kengmingcn.com\/?s={search_term_string}\"},\"query-input\":{\"@type\":\"PropertyValueSpecification\",\"valueRequired\":true,\"valueName\":\"search_term_string\"}}],\"inLanguage\":\"fr-FR\"},{\"@type\":\"Organization\",\"@id\":\"https:\/\/kengmingcn.com\/#organization\",\"name\":\"GuangZhou KengMing\",\"url\":\"https:\/\/kengmingcn.com\/\",\"logo\":{\"@type\":\"ImageObject\",\"inLanguage\":\"fr-FR\",\"@id\":\"https:\/\/kengmingcn.com\/#\/schema\/logo\/image\/\",\"url\":\"https:\/\/kengmingcn.com\/wp-content\/uploads\/2025\/04\/cropped-1744508604969-removebg-preview.png\",\"contentUrl\":\"https:\/\/kengmingcn.com\/wp-content\/uploads\/2025\/04\/cropped-1744508604969-removebg-preview.png\",\"width\":512,\"height\":512,\"caption\":\"GuangZhou KengMing\"},\"image\":{\"@id\":\"https:\/\/kengmingcn.com\/#\/schema\/logo\/image\/\"}}]}<\/script>\n<meta property=\"product:price:amount\" content=\"100.00\" \/>\n<meta property=\"product:price:currency\" content=\"USD\" \/>\n<meta property=\"og:availability\" content=\"instock\" \/>\n<meta property=\"product:availability\" content=\"instock\" \/>\n<meta property=\"product:condition\" content=\"new\" \/>\n<!-- \/ Yoast SEO Premium plugin. -->","yoast_head_json":{"title":"Machine \u00e0 secouer le lait et le th\u00e9 \u00e0 deux tasses","description":"Machine \u00e0 secouer le lait et le th\u00e9 \u00e0 deux tasses Machine \u00e0 secouer le lait \u00c9quipement de fabrication de boissons LJY120-2 1L 120W","robots":{"index":"index","follow":"follow","max-snippet":"max-snippet:-1","max-image-preview":"max-image-preview:large","max-video-preview":"max-video-preview:-1"},"canonical":"https:\/\/kengmingcn.com\/fr\/product\/machine-a-secouer-le-lait-et-le-the-a-deux-tasses-machine-a-secouer-le-lait-equipement-de-fabrication-de-boissons-ljy120-2-1l-120w\/","og_locale":"fr_FR","og_type":"article","og_title":"Commercial Double Cup Milk Tea Shaking Machine Milk shake Machine Beverage Making Equipment LJY120-2 1L 120W","og_description":"Commercial Double Cup Milk Tea Shaking Machine Milk shake Machine Beverage Making Equipment LJY120-2 1L 120W","og_url":"https:\/\/kengmingcn.com\/fr\/product\/machine-a-secouer-le-lait-et-le-the-a-deux-tasses-machine-a-secouer-le-lait-equipement-de-fabrication-de-boissons-ljy120-2-1l-120w\/","og_site_name":"KengMing | Manufacturer of Commercial Kitchen Equipment","article_modified_time":"2025-06-12T09:56:24+00:00","og_image":[{"width":550,"height":550,"url":"https:\/\/kengmingcn.com\/wp-content\/uploads\/2025\/04\/Double-Cup-Milk-Tea-Shaking-Machine-5_11zon.webp","type":"image\/webp"}],"twitter_card":"summary_large_image","twitter_misc":{"Prix":"&#36;100.00","Disponibilit\u00e9":"En stock"},"schema":{"@context":"https:\/\/schema.org","@graph":[{"@type":"WebPage","@id":"https:\/\/kengmingcn.com\/es\/product\/comercial-de-doble-taza-de-te-con-leche-agitando-la-maquina-maquina-de-batido-de-leche-bebida-que-hace-el-equipo-ljy120-2-1l-120w\/","url":"https:\/\/kengmingcn.com\/es\/product\/comercial-de-doble-taza-de-te-con-leche-agitando-la-maquina-maquina-de-batido-de-leche-bebida-que-hace-el-equipo-ljy120-2-1l-120w\/","name":"Machine \u00e0 secouer le lait et le th\u00e9 \u00e0 deux tasses","isPartOf":{"@id":"https:\/\/kengmingcn.com\/#website"},"primaryImageOfPage":{"@id":"https:\/\/kengmingcn.com\/es\/product\/comercial-de-doble-taza-de-te-con-leche-agitando-la-maquina-maquina-de-batido-de-leche-bebida-que-hace-el-equipo-ljy120-2-1l-120w\/#primaryimage"},"image":{"@id":"https:\/\/kengmingcn.com\/es\/product\/comercial-de-doble-taza-de-te-con-leche-agitando-la-maquina-maquina-de-batido-de-leche-bebida-que-hace-el-equipo-ljy120-2-1l-120w\/#primaryimage"},"thumbnailUrl":"https:\/\/kengmingcn.com\/wp-content\/uploads\/2025\/04\/Double-Cup-Milk-Tea-Shaking-Machine-5_11zon.webp","datePublished":"2025-04-17T07:40:58+00:00","dateModified":"2025-06-12T09:56:24+00:00","description":"Machine \u00e0 secouer le lait et le th\u00e9 \u00e0 deux tasses Machine \u00e0 secouer le lait \u00c9quipement de fabrication de boissons LJY120-2 1L 120W","breadcrumb":{"@id":"https:\/\/kengmingcn.com\/es\/product\/comercial-de-doble-taza-de-te-con-leche-agitando-la-maquina-maquina-de-batido-de-leche-bebida-que-hace-el-equipo-ljy120-2-1l-120w\/#breadcrumb"},"inLanguage":"fr-FR","potentialAction":[{"@type":"ReadAction","target":["https:\/\/kengmingcn.com\/es\/product\/comercial-de-doble-taza-de-te-con-leche-agitando-la-maquina-maquina-de-batido-de-leche-bebida-que-hace-el-equipo-ljy120-2-1l-120w\/"]}]},{"@type":"ImageObject","inLanguage":"fr-FR","@id":"https:\/\/kengmingcn.com\/es\/product\/comercial-de-doble-taza-de-te-con-leche-agitando-la-maquina-maquina-de-batido-de-leche-bebida-que-hace-el-equipo-ljy120-2-1l-120w\/#primaryimage","url":"https:\/\/kengmingcn.com\/wp-content\/uploads\/2025\/04\/Double-Cup-Milk-Tea-Shaking-Machine-5_11zon.webp","contentUrl":"https:\/\/kengmingcn.com\/wp-content\/uploads\/2025\/04\/Double-Cup-Milk-Tea-Shaking-Machine-5_11zon.webp","width":550,"height":550,"caption":"Double Cup Milk Tea Shaking Machine"},{"@type":"BreadcrumbList","@id":"https:\/\/kengmingcn.com\/es\/product\/comercial-de-doble-taza-de-te-con-leche-agitando-la-maquina-maquina-de-batido-de-leche-bebida-que-hace-el-equipo-ljy120-2-1l-120w\/#breadcrumb","itemListElement":[{"@type":"ListItem","position":1,"name":"Home","item":"https:\/\/kengmingcn.com\/"},{"@type":"ListItem","position":2,"name":"Catalogue","item":"https:\/\/kengmingcn.com\/?page_id=27131"},{"@type":"ListItem","position":3,"name":"Commercial Double Cup Milk Tea Shaking Machine Milk shake Machine Beverage Making Equipment LJY120-2 1L 120W"}]},{"@type":"WebSite","@id":"https:\/\/kengmingcn.com\/#website","url":"https:\/\/kengmingcn.com\/","name":"\u00c9quipement de cuisine","description":"KengMing est un fabricant professionnel d'\u00e9quipements de cuisine commerciale et un fournisseur en gros, proposant des \u00e9quipements de cuisine, de pr\u00e9paration des aliments et de boulangerie avec un service OEM et ODM pour les distributeurs mondiaux.","publisher":{"@id":"https:\/\/kengmingcn.com\/#organization"},"potentialAction":[{"@type":"SearchAction","target":{"@type":"EntryPoint","urlTemplate":"https:\/\/kengmingcn.com\/?s={search_term_string}"},"query-input":{"@type":"PropertyValueSpecification","valueRequired":true,"valueName":"search_term_string"}}],"inLanguage":"fr-FR"},{"@type":"Organization","@id":"https:\/\/kengmingcn.com\/#organization","name":"GuangZhou KengMing","url":"https:\/\/kengmingcn.com\/","logo":{"@type":"ImageObject","inLanguage":"fr-FR","@id":"https:\/\/kengmingcn.com\/#\/schema\/logo\/image\/","url":"https:\/\/kengmingcn.com\/wp-content\/uploads\/2025\/04\/cropped-1744508604969-removebg-preview.png","contentUrl":"https:\/\/kengmingcn.com\/wp-content\/uploads\/2025\/04\/cropped-1744508604969-removebg-preview.png","width":512,"height":512,"caption":"GuangZhou KengMing"},"image":{"@id":"https:\/\/kengmingcn.com\/#\/schema\/logo\/image\/"}}]},"product_price_amount":"100.00","product_price_currency":"USD","og_availability":"instock","product_availability":"instock","product_condition":"new"},"_links":{"self":[{"href":"https:\/\/kengmingcn.com\/fr\/wp-json\/wp\/v2\/product\/49418","targetHints":{"allow":["GET"]}}],"collection":[{"href":"https:\/\/kengmingcn.com\/fr\/wp-json\/wp\/v2\/product"}],"about":[{"href":"https:\/\/kengmingcn.com\/fr\/wp-json\/wp\/v2\/types\/product"}],"replies":[{"embeddable":true,"href":"https:\/\/kengmingcn.com\/fr\/wp-json\/wp\/v2\/comments?post=49418"}],"wp:featuredmedia":[{"embeddable":true,"href":"https:\/\/kengmingcn.com\/fr\/wp-json\/wp\/v2\/media\/49420"}],"wp:attachment":[{"href":"https:\/\/kengmingcn.com\/fr\/wp-json\/wp\/v2\/media?parent=49418"}],"wp:term":[{"taxonomy":"product_brand","embeddable":true,"href":"https:\/\/kengmingcn.com\/fr\/wp-json\/wp\/v2\/product_brand?post=49418"},{"taxonomy":"product_cat","embeddable":true,"href":"https:\/\/kengmingcn.com\/fr\/wp-json\/wp\/v2\/product_cat?post=49418"},{"taxonomy":"product_tag","embeddable":true,"href":"https:\/\/kengmingcn.com\/fr\/wp-json\/wp\/v2\/product_tag?post=49418"}],"curies":[{"name":"wp","href":"https:\/\/api.w.org\/{rel}","templated":true}]}}