{"id":53321,"date":"2026-03-21T14:50:27","date_gmt":"2026-03-21T06:50:27","guid":{"rendered":"https:\/\/kengmingcn.com\/?post_type=product&#038;p=53321"},"modified":"2026-03-24T10:29:41","modified_gmt":"2026-03-24T02:29:41","slug":"horno-electrico-comercial-9300w-6-10-20-bandejas-cuerpo-de-acero-inoxidable-certificado-ce-para-panaderia-pizzeria","status":"publish","type":"product","link":"https:\/\/kengmingcn.com\/es\/product\/horno-electrico-comercial-9300w-6-10-20-bandejas-cuerpo-de-acero-inoxidable-certificado-ce-para-panaderia-pizzeria\/","title":{"rendered":"Horno el\u00e9ctrico comercial para panader\u00eda 9300W 6\/10\/20-Bandejas Cuerpo de acero inoxidable Certificado CE para Panader\u00eda Pizzer\u00eda"},"content":{"rendered":"<p><strong>Direcci\u00f3n de la m\u00e1quina<\/strong><\/p>\n<p>1. El horno puede almacenar 12 men\u00fas.<\/p>\n<p>2. Funci\u00f3n de humidificaci\u00f3n por pulverizaci\u00f3n.<\/p>\n<p>3. 3. Interior de la cavidad del horno de acero inoxidable 304.<\/p>\n<p>4. Tubo calefactor de acero inoxidable 321.<\/p>\n<p>5. 6 capas, con una separaci\u00f3n entre bastidores de 70 mm.<\/p>\n<p>6. 6. 6 bandejas, tama\u00f1o de cada bandeja: 530*325*65mm.<\/p>\n<p>7. Grosor de la c\u00e1scara de 1,0 mm, grosor interior de la cavidad del horno de 1,2 mm.<\/p>\n<p>8. Vidrio de doble capa, con una capa interior de 6 mm y una capa exterior de 5 mm.<\/p>\n<p>9. Puerto de escape con un di\u00e1metro de 1 pulgada<\/p>\n<p>10.HE-06CN es una operaci\u00f3n t\u00e1ctil, HE-06Y es una operaci\u00f3n de teclado<\/p>\n\n\n<figure class=\"wp-block-image size-full\"><img decoding=\"async\" width=\"1060\" height=\"500\" src=\"https:\/\/kengmingcn.com\/wp-content\/uploads\/2026\/03\/1-8.jpg\" alt=\"\" class=\"wp-image-53323\" srcset=\"https:\/\/kengmingcn.com\/wp-content\/uploads\/2026\/03\/1-8.jpg 1060w, https:\/\/kengmingcn.com\/wp-content\/uploads\/2026\/03\/1-8-300x142.jpg 300w, https:\/\/kengmingcn.com\/wp-content\/uploads\/2026\/03\/1-8-1024x483.jpg 1024w, https:\/\/kengmingcn.com\/wp-content\/uploads\/2026\/03\/1-8-768x362.jpg 768w, https:\/\/kengmingcn.com\/wp-content\/uploads\/2026\/03\/1-8-18x8.jpg 18w\" sizes=\"(max-width: 1060px) 100vw, 1060px\" \/><\/figure>\n\n\n\n<figure class=\"wp-block-image size-large\"><img decoding=\"async\" width=\"1024\" height=\"483\" src=\"https:\/\/kengmingcn.com\/wp-content\/uploads\/2026\/03\/2-6-1024x483.jpg\" alt=\"\" class=\"wp-image-53307\" srcset=\"https:\/\/kengmingcn.com\/wp-content\/uploads\/2026\/03\/2-6-1024x483.jpg 1024w, https:\/\/kengmingcn.com\/wp-content\/uploads\/2026\/03\/2-6-300x142.jpg 300w, https:\/\/kengmingcn.com\/wp-content\/uploads\/2026\/03\/2-6-768x362.jpg 768w, https:\/\/kengmingcn.com\/wp-content\/uploads\/2026\/03\/2-6-18x8.jpg 18w, https:\/\/kengmingcn.com\/wp-content\/uploads\/2026\/03\/2-6.jpg 1060w\" sizes=\"(max-width: 1024px) 100vw, 1024px\" \/><\/figure>\n\n\n\n<figure class=\"wp-block-image size-large\"><img decoding=\"async\" width=\"1024\" height=\"483\" src=\"https:\/\/kengmingcn.com\/wp-content\/uploads\/2026\/03\/3-5-1024x483.jpg\" alt=\"\" class=\"wp-image-53308\" srcset=\"https:\/\/kengmingcn.com\/wp-content\/uploads\/2026\/03\/3-5-1024x483.jpg 1024w, https:\/\/kengmingcn.com\/wp-content\/uploads\/2026\/03\/3-5-300x142.jpg 300w, https:\/\/kengmingcn.com\/wp-content\/uploads\/2026\/03\/3-5-768x362.jpg 768w, https:\/\/kengmingcn.com\/wp-content\/uploads\/2026\/03\/3-5-18x8.jpg 18w, https:\/\/kengmingcn.com\/wp-content\/uploads\/2026\/03\/3-5.jpg 1060w\" sizes=\"(max-width: 1024px) 100vw, 1024px\" \/><\/figure>\n\n\n\n<figure class=\"wp-block-image size-large\"><img decoding=\"async\" width=\"1024\" height=\"483\" src=\"https:\/\/kengmingcn.com\/wp-content\/uploads\/2026\/03\/4-5-1024x483.jpg\" alt=\"\" class=\"wp-image-53309\" srcset=\"https:\/\/kengmingcn.com\/wp-content\/uploads\/2026\/03\/4-5-1024x483.jpg 1024w, https:\/\/kengmingcn.com\/wp-content\/uploads\/2026\/03\/4-5-300x142.jpg 300w, https:\/\/kengmingcn.com\/wp-content\/uploads\/2026\/03\/4-5-768x362.jpg 768w, https:\/\/kengmingcn.com\/wp-content\/uploads\/2026\/03\/4-5-18x8.jpg 18w, https:\/\/kengmingcn.com\/wp-content\/uploads\/2026\/03\/4-5.jpg 1060w\" sizes=\"(max-width: 1024px) 100vw, 1024px\" \/><\/figure>\n\n\n\n<figure class=\"wp-block-image size-large\"><img decoding=\"async\" width=\"1024\" height=\"483\" src=\"https:\/\/kengmingcn.com\/wp-content\/uploads\/2026\/03\/5-1-1024x483.jpg\" alt=\"\" class=\"wp-image-53278\" srcset=\"https:\/\/kengmingcn.com\/wp-content\/uploads\/2026\/03\/5-1-1024x483.jpg 1024w, https:\/\/kengmingcn.com\/wp-content\/uploads\/2026\/03\/5-1-300x142.jpg 300w, https:\/\/kengmingcn.com\/wp-content\/uploads\/2026\/03\/5-1-768x362.jpg 768w, https:\/\/kengmingcn.com\/wp-content\/uploads\/2026\/03\/5-1-18x8.jpg 18w, https:\/\/kengmingcn.com\/wp-content\/uploads\/2026\/03\/5-1.jpg 1060w\" sizes=\"(max-width: 1024px) 100vw, 1024px\" \/><\/figure>\n\n\n\n<figure class=\"wp-block-image size-large\"><img decoding=\"async\" width=\"1024\" height=\"483\" src=\"https:\/\/kengmingcn.com\/wp-content\/uploads\/2026\/03\/6-8-1024x483.jpg\" alt=\"\" class=\"wp-image-53324\" srcset=\"https:\/\/kengmingcn.com\/wp-content\/uploads\/2026\/03\/6-8-1024x483.jpg 1024w, https:\/\/kengmingcn.com\/wp-content\/uploads\/2026\/03\/6-8-300x142.jpg 300w, https:\/\/kengmingcn.com\/wp-content\/uploads\/2026\/03\/6-8-768x362.jpg 768w, https:\/\/kengmingcn.com\/wp-content\/uploads\/2026\/03\/6-8-18x8.jpg 18w, https:\/\/kengmingcn.com\/wp-content\/uploads\/2026\/03\/6-8.jpg 1060w\" sizes=\"(max-width: 1024px) 100vw, 1024px\" \/><\/figure>\n\n\n\n<figure class=\"wp-block-image size-large\"><img decoding=\"async\" width=\"1024\" height=\"483\" src=\"https:\/\/kengmingcn.com\/wp-content\/uploads\/2026\/03\/7-1024x483.jpg\" alt=\"\" class=\"wp-image-53280\" srcset=\"https:\/\/kengmingcn.com\/wp-content\/uploads\/2026\/03\/7-1024x483.jpg 1024w, https:\/\/kengmingcn.com\/wp-content\/uploads\/2026\/03\/7-300x142.jpg 300w, https:\/\/kengmingcn.com\/wp-content\/uploads\/2026\/03\/7-768x362.jpg 768w, https:\/\/kengmingcn.com\/wp-content\/uploads\/2026\/03\/7-18x8.jpg 18w, https:\/\/kengmingcn.com\/wp-content\/uploads\/2026\/03\/7.jpg 1060w\" sizes=\"(max-width: 1024px) 100vw, 1024px\" \/><\/figure>\n\n\n\n<p><\/p>","protected":false},"excerpt":{"rendered":"<ul style=\"--tw-scale-x: 1; --tw-scale-y: 1; --tw-scroll-snap-strictness: proximity; --tw-ring-offset-width: 0px; --tw-ring-offset-color: #fff; --tw-ring-color: #3b82f680; --tw-ring-offset-shadow: 0 0 #0000; --tw-ring-shadow: 0 0 #0000; --tw-shadow: 0 0 #0000; --tw-shadow-colored: 0 0 #0000;\">\n<li>\n<div style=\"position: relative;\" data-slate-node=\"element\"><span data-slate-node=\"text\">Horno el\u00e9ctrico comercial Adecuado para panader\u00edas artesanales, cafeter\u00edas, restaurantes occidentales, comedores y cocinas centrales.<\/span><\/div>\n<\/li>\n<li>\n<div style=\"position: relative;\" data-slate-node=\"element\"><span data-slate-node=\"text\">Disponible de 4 a 20 bandejas.<\/span><span data-slate-node=\"text\" data-slate-fragment=\"JTVCJTdCJTIydHlwZSUyMiUzQSUyMnBhcmFncmFwaCUyMiUyQyUyMmNoaWxkcmVuJTIyJTNBJTVCJTdCJTIyaWQlMjIlM0ElMjJWUWJQck9rMk16JTIyJTJDJTIycGFyYUlkeCUyMiUzQTAlMkMlMjJzcmMlMjIlM0ElMjJDb21tZXJjaWFsJTIwZWxlY3RyaWMlMjBPdmVuJTIwU3VpdGFibGUlMjBmb3IlMjBhcnRpc2FuYWwlMjBiYWtlcmllcyUyQyUyMGNhZiVDMyVBOXMlMkMlMjBXZXN0ZXJuJTIwcmVzdGF1cmFudHMlMkMlMjBjYW50ZWVucyUyQyUyMGFuZCUyMGNlbnRyYWwlMjBraXRjaGVucy4lMjIlMkMlMjJkc3QlMjIlM0ElMjIlRTUlOTUlODYlRTclOTQlQTglRTclOTQlQjUlRTclODMlQTQlRTclQUUlQjElRTklODAlODIlRTclOTQlQTglRTQlQkElOEUlRTYlODklOEIlRTUlQjclQTUlRTklOUQlQTIlRTUlOEMlODUlRTUlQkElOTclRTMlODAlODElRTUlOTIlOTYlRTUlOTUlQTElRTklQTYlODYlRTMlODAlODElRTglQTUlQkYlRTklQTQlOTAlRTUlOEUlODUlRTMlODAlODElRTklQTMlOUYlRTUlQTAlODIlRTUlOTIlOEMlRTQlQjglQUQlRTUlQTQlQUUlRTUlOEUlQTglRTYlODglQkYlRTMlODAlODIlMjIlMkMlMjJtZXRhZGF0YSUyMiUzQSUyMiUyMiUyQyUyMm1hdGNoZXMlMjIlM0FudWxsJTJDJTIydHJhbnNsYXRlZEJ5JTIyJTNBbnVsbCUyQyUyMm1ldGFEYXRhJTIyJTNBJTVCJTVEJTJDJTIydGV4dCUyMiUzQSUyMkNvbW1lcmNpYWwlMjBlbGVjdHJpYyUyME92ZW4lMjBTdWl0YWJsZSUyMGZvciUyMGFydGlzYW5hbCUyMGJha2VyaWVzJTJDJTIwY2FmJUMzJUE5cyUyQyUyMFdlc3Rlcm4lMjByZXN0YXVyYW50cyUyQyUyMGNhbnRlZW5zJTJDJTIwYW5kJTIwY2VudHJhbCUyMGtpdGNoZW5zLiUyMiU3RCUyQyU3QiUyMmlkJTIyJTNBJTIyVnA0bzBibHZiViUyMiUyQyUyMnBhcmFJZHglMjIlM0EwJTJDJTIyc3JjJTIyJTNBJTIyJTIwQXZhaWxhYmxlJTIwaW4lMjA0JTIwdG8lMjAyMCUyMHRyYXlzLiUyMiUyQyUyMmRzdCUyMiUzQSUyMiVFNiU4RiU5MCVFNCVCRSU5QjQlRTglODclQjMyMCVFNCVCOCVBQSVFNiU4OSU5OCVFNyU5QiU5OCVFMyU4MCU4MiUyMiUyQyUyMm1ldGFkYXRhJTIyJTNBJTIyJTIyJTJDJTIybWF0Y2hlcyUyMiUzQW51bGwlMkMlMjJ0cmFuc2xhdGVkQnklMjIlM0FudWxsJTJDJTIybWV0YURhdGElMjIlM0ElNUIlNUQlMkMlMjJ0ZXh0JTIyJTNBJTIyJTIwQXZhaWxhYmxlJTIwaW4lMjA0JTIwdG8lMjAyMCUyMHRyYXlzLiUyMiU3RCUyQyU3QiUyMmlkJTIyJTNBJTIyVldXdndSajBBViUyMiUyQyUyMnBhcmFJZHglMjIlM0EwJTJDJTIyc3JjJTIyJTNBJTIyJTIwc3RlYW0lMkNyb2FzdCUyQ29tYmluYXRpb24lMjBjb29raW5nJTIwbW9kZXMlMjB0byUyMG1lZXQlMjBoaWdoLWVmZmljaWVuY3klMjBzZXJ2aWNlJTIwYW5kJTIwc3RhbmRhcmRpemVkJTIwcXVhbGl0eSUyMG5lZWRzLiUyMiUyQyUyMmRzdCUyMiUzQSUyMiVFOCU5MiVCOCVFNiVCMSVCRCVFMyU4MCU4MSVFNyU4MyU5OCVFNyU4MyVBNCVFMyU4MCU4MSVFNyVCQiU4NCVFNSU5MCU4OCVFNyU4MyVCOSVFOSVBNSVBQSVFNiVBOCVBMSVFNSVCQyU4RiVFRiVCQyU4QyVFNiVCQiVBMSVFOCVCNiVCMyVFOSVBQiU5OCVFNiU5NSU4OCVFNiU5QyU4RCVFNSU4QSVBMSVFNSU5MiU4QyVFNiVBMCU4NyVFNSU4NyU4NiVFNSU4QyU5NiVFOCVCNCVBOCVFOSU4NyU4RiVFOSU5QyU4MCVFNiVCMSU4MiVFMyU4MCU4MiUyMiUyQyUyMm1ldGFkYXRhJTIyJTNBJTIyJTIyJTJDJTIybWF0Y2hlcyUyMiUzQW51bGwlMkMlMjJ0cmFuc2xhdGVkQnklMjIlM0FudWxsJTJDJTIybWV0YURhdGElMjIlM0ElNUIlNUQlMkMlMjJ0ZXh0JTIyJTNBJTIyJTIwc3RlYW0lMkNyb2FzdCUyQ29tYmluYXRpb24lMjBjb29raW5nJTIwbW9kZXMlMjB0byUyMG1lZXQlMjBoaWdoLWVmZmljaWVuY3klMjBzZXJ2aWNlJTIwYW5kJTIwc3RhbmRhcmRpemVkJTIwcXVhbGl0eSUyMG5lZWRzLiUyMiU3RCU1RCU3RCU1RA==\"> modos de cocci\u00f3n al vapor,asado,ombinaci\u00f3n para satisfacer las necesidades de servicio de alta eficiencia y calidad estandarizada.<\/span><\/div>\n<\/li>\n<li style=\"--tw-scale-x: 1; --tw-scale-y: 1; --tw-scroll-snap-strictness: proximity; --tw-ring-offset-width: 0px; --tw-ring-offset-color: #fff; --tw-ring-color: #3b82f680; --tw-ring-offset-shadow: 0 0 #0000; --tw-ring-shadow: 0 0 #0000; --tw-shadow: 0 0 #0000; --tw-shadow-colored: 0 0 #0000;\"><span style=\"--tw-scale-x: 1; --tw-scale-y: 1; --tw-scroll-snap-strictness: proximity; --tw-ring-offset-width: 0px; --tw-ring-offset-color: #fff; --tw-ring-color: #3b82f680; --tw-ring-offset-shadow: 0 0 #0000; --tw-ring-shadow: 0 0 #0000; --tw-shadow: 0 0 #0000; --tw-shadow-colored: 0 0 #0000; color: #000000; font-family: Poppins;\">Esta m\u00e1quina est\u00e1 equipada por defecto con un enchufe para aire acondicionado. Si tiene alguna duda, p\u00f3ngase en contacto con nosotros.<\/span><\/li>\n<\/ul>","protected":false},"featured_media":53325,"comment_status":"open","ping_status":"closed","template":"","meta":{"_acf_changed":true},"product_brand":[],"product_cat":[338,276],"product_tag":[],"class_list":{"0":"post-53321","1":"product","2":"type-product","3":"status-publish","4":"has-post-thumbnail","6":"product_cat-oven-heating-catering-equipment","7":"product_cat-heating-catering-equipment","8":"description-off","10":"first","11":"instock","12":"shipping-taxable","13":"product-type-simple"},"acf":[],"yoast_head":"<!-- This site is optimized with the Yoast SEO Premium plugin v25.3 (Yoast SEO v26.3) - https:\/\/yoast.com\/wordpress\/plugins\/seo\/ -->\n<title>Commercial electric bakery oven 9300W 6\/10\/20-Tray Stainless Steel Body CE Certified for Bakery Pizza Shop - KengMing | Manufacturer of Commercial Kitchen Equipment<\/title>\n<meta name=\"description\" content=\"WTP-8B 1.45KW Electric Popcorn Machine 6Oz\" \/>\n<meta name=\"robots\" content=\"index, follow, max-snippet:-1, max-image-preview:large, max-video-preview:-1\" \/>\n<link rel=\"canonical\" href=\"https:\/\/kengmingcn.com\/es\/product\/horno-electrico-comercial-9300w-6-10-20-bandejas-cuerpo-de-acero-inoxidable-certificado-ce-para-panaderia-pizzeria\/\" \/>\n<meta property=\"og:locale\" content=\"es_MX\" \/>\n<meta property=\"og:type\" content=\"article\" \/>\n<meta property=\"og:title\" content=\"Commercial electric bakery oven 9300W 6\/10\/20-Tray Stainless Steel Body CE Certified for Bakery Pizza Shop\" \/>\n<meta property=\"og:description\" content=\"WTP-8B 1.45KW Electric Popcorn Machine 6Oz\" \/>\n<meta property=\"og:url\" content=\"https:\/\/kengmingcn.com\/es\/product\/horno-electrico-comercial-9300w-6-10-20-bandejas-cuerpo-de-acero-inoxidable-certificado-ce-para-panaderia-pizzeria\/\" \/>\n<meta property=\"og:site_name\" content=\"KengMing | Manufacturer of Commercial Kitchen Equipment\" \/>\n<meta property=\"article:modified_time\" content=\"2026-03-24T02:29:41+00:00\" \/>\n<meta property=\"og:image\" content=\"https:\/\/kengmingcn.com\/wp-content\/uploads\/2026\/03\/1.1-3.jpg\" \/>\n\t<meta property=\"og:image:width\" content=\"800\" \/>\n\t<meta property=\"og:image:height\" content=\"800\" \/>\n\t<meta property=\"og:image:type\" content=\"image\/jpeg\" \/>\n<meta name=\"twitter:card\" content=\"summary_large_image\" \/>\n<meta name=\"twitter:label1\" content=\"Precio\" \/>\n\t<meta name=\"twitter:data1\" content=\"\" \/>\n\t<meta name=\"twitter:label2\" content=\"Disponibilidad\" \/>\n\t<meta name=\"twitter:data2\" content=\"Disponible\" \/>\n<script type=\"application\/ld+json\" class=\"yoast-schema-graph\">{\"@context\":\"https:\/\/schema.org\",\"@graph\":[{\"@type\":\"WebPage\",\"@id\":\"https:\/\/kengmingcn.com\/product\/commercial-electric-bakery-oven-9300w-6-10-20-tray-stainless-steel-body-ce-certified-for-bakery-pizza-shop\/\",\"url\":\"https:\/\/kengmingcn.com\/product\/commercial-electric-bakery-oven-9300w-6-10-20-tray-stainless-steel-body-ce-certified-for-bakery-pizza-shop\/\",\"name\":\"Commercial electric bakery oven 9300W 6\/10\/20-Tray Stainless Steel Body CE Certified for Bakery Pizza Shop - KengMing | Manufacturer of Commercial Kitchen Equipment\",\"isPartOf\":{\"@id\":\"https:\/\/kengmingcn.com\/#website\"},\"primaryImageOfPage\":{\"@id\":\"https:\/\/kengmingcn.com\/product\/commercial-electric-bakery-oven-9300w-6-10-20-tray-stainless-steel-body-ce-certified-for-bakery-pizza-shop\/#primaryimage\"},\"image\":{\"@id\":\"https:\/\/kengmingcn.com\/product\/commercial-electric-bakery-oven-9300w-6-10-20-tray-stainless-steel-body-ce-certified-for-bakery-pizza-shop\/#primaryimage\"},\"thumbnailUrl\":\"https:\/\/kengmingcn.com\/wp-content\/uploads\/2026\/03\/1.1-3.jpg\",\"datePublished\":\"2026-03-21T06:50:27+00:00\",\"dateModified\":\"2026-03-24T02:29:41+00:00\",\"description\":\"WTP-8B 1.45KW Electric Popcorn Machine 6Oz\",\"breadcrumb\":{\"@id\":\"https:\/\/kengmingcn.com\/product\/commercial-electric-bakery-oven-9300w-6-10-20-tray-stainless-steel-body-ce-certified-for-bakery-pizza-shop\/#breadcrumb\"},\"inLanguage\":\"es\",\"potentialAction\":[{\"@type\":\"ReadAction\",\"target\":[\"https:\/\/kengmingcn.com\/product\/commercial-electric-bakery-oven-9300w-6-10-20-tray-stainless-steel-body-ce-certified-for-bakery-pizza-shop\/\"]}]},{\"@type\":\"ImageObject\",\"inLanguage\":\"es\",\"@id\":\"https:\/\/kengmingcn.com\/product\/commercial-electric-bakery-oven-9300w-6-10-20-tray-stainless-steel-body-ce-certified-for-bakery-pizza-shop\/#primaryimage\",\"url\":\"https:\/\/kengmingcn.com\/wp-content\/uploads\/2026\/03\/1.1-3.jpg\",\"contentUrl\":\"https:\/\/kengmingcn.com\/wp-content\/uploads\/2026\/03\/1.1-3.jpg\",\"width\":800,\"height\":800},{\"@type\":\"BreadcrumbList\",\"@id\":\"https:\/\/kengmingcn.com\/product\/commercial-electric-bakery-oven-9300w-6-10-20-tray-stainless-steel-body-ce-certified-for-bakery-pizza-shop\/#breadcrumb\",\"itemListElement\":[{\"@type\":\"ListItem\",\"position\":1,\"name\":\"Home\",\"item\":\"https:\/\/kengmingcn.com\/\"},{\"@type\":\"ListItem\",\"position\":2,\"name\":\"Catalogue\",\"item\":\"https:\/\/kengmingcn.com\/?page_id=27131\"},{\"@type\":\"ListItem\",\"position\":3,\"name\":\"Commercial electric bakery oven 9300W 6\/10\/20-Tray Stainless Steel Body CE Certified for Bakery Pizza Shop\"}]},{\"@type\":\"WebSite\",\"@id\":\"https:\/\/kengmingcn.com\/#website\",\"url\":\"https:\/\/kengmingcn.com\/\",\"name\":\"Kitchen Equipment\",\"description\":\"KengMing is a professional commercial kitchen equipment manufacturer and wholesale supplier, offering cooking, food prep and bakery equipment with OEM &amp; ODM service for global distributors.\",\"publisher\":{\"@id\":\"https:\/\/kengmingcn.com\/#organization\"},\"potentialAction\":[{\"@type\":\"SearchAction\",\"target\":{\"@type\":\"EntryPoint\",\"urlTemplate\":\"https:\/\/kengmingcn.com\/?s={search_term_string}\"},\"query-input\":{\"@type\":\"PropertyValueSpecification\",\"valueRequired\":true,\"valueName\":\"search_term_string\"}}],\"inLanguage\":\"es\"},{\"@type\":\"Organization\",\"@id\":\"https:\/\/kengmingcn.com\/#organization\",\"name\":\"GuangZhou KengMing\",\"url\":\"https:\/\/kengmingcn.com\/\",\"logo\":{\"@type\":\"ImageObject\",\"inLanguage\":\"es\",\"@id\":\"https:\/\/kengmingcn.com\/#\/schema\/logo\/image\/\",\"url\":\"https:\/\/kengmingcn.com\/wp-content\/uploads\/2025\/04\/cropped-1744508604969-removebg-preview.png\",\"contentUrl\":\"https:\/\/kengmingcn.com\/wp-content\/uploads\/2025\/04\/cropped-1744508604969-removebg-preview.png\",\"width\":512,\"height\":512,\"caption\":\"GuangZhou KengMing\"},\"image\":{\"@id\":\"https:\/\/kengmingcn.com\/#\/schema\/logo\/image\/\"}}]}<\/script>\n<meta property=\"product:price:amount\" content=\"0.00\" \/>\n<meta property=\"product:price:currency\" content=\"USD\" \/>\n<meta property=\"og:availability\" content=\"instock\" \/>\n<meta property=\"product:availability\" content=\"instock\" \/>\n<meta property=\"product:condition\" content=\"new\" \/>\n<!-- \/ Yoast SEO Premium plugin. -->","yoast_head_json":{"title":"Horno de panader\u00eda el\u00e9ctrico comercial 9300W 6\/10\/20-Tray Cuerpo de Acero Inoxidable Certificado CE para Panader\u00eda Pizzer\u00eda - KengMing | Fabricante de Equipamiento de Cocina Comercial","description":"M\u00e1quina el\u00e9ctrica de palomitas WTP-8B 1.45KW 6Oz","robots":{"index":"index","follow":"follow","max-snippet":"max-snippet:-1","max-image-preview":"max-image-preview:large","max-video-preview":"max-video-preview:-1"},"canonical":"https:\/\/kengmingcn.com\/es\/product\/horno-electrico-comercial-9300w-6-10-20-bandejas-cuerpo-de-acero-inoxidable-certificado-ce-para-panaderia-pizzeria\/","og_locale":"es_MX","og_type":"article","og_title":"Commercial electric bakery oven 9300W 6\/10\/20-Tray Stainless Steel Body CE Certified for Bakery Pizza Shop","og_description":"WTP-8B 1.45KW Electric Popcorn Machine 6Oz","og_url":"https:\/\/kengmingcn.com\/es\/product\/horno-electrico-comercial-9300w-6-10-20-bandejas-cuerpo-de-acero-inoxidable-certificado-ce-para-panaderia-pizzeria\/","og_site_name":"KengMing | Manufacturer of Commercial Kitchen Equipment","article_modified_time":"2026-03-24T02:29:41+00:00","og_image":[{"width":800,"height":800,"url":"https:\/\/kengmingcn.com\/wp-content\/uploads\/2026\/03\/1.1-3.jpg","type":"image\/jpeg"}],"twitter_card":"summary_large_image","twitter_misc":{"Precio":"","Disponibilidad":"Disponible"},"schema":{"@context":"https:\/\/schema.org","@graph":[{"@type":"WebPage","@id":"https:\/\/kengmingcn.com\/product\/commercial-electric-bakery-oven-9300w-6-10-20-tray-stainless-steel-body-ce-certified-for-bakery-pizza-shop\/","url":"https:\/\/kengmingcn.com\/product\/commercial-electric-bakery-oven-9300w-6-10-20-tray-stainless-steel-body-ce-certified-for-bakery-pizza-shop\/","name":"Horno de panader\u00eda el\u00e9ctrico comercial 9300W 6\/10\/20-Tray Cuerpo de Acero Inoxidable Certificado CE para Panader\u00eda Pizzer\u00eda - KengMing | Fabricante de Equipamiento de Cocina Comercial","isPartOf":{"@id":"https:\/\/kengmingcn.com\/#website"},"primaryImageOfPage":{"@id":"https:\/\/kengmingcn.com\/product\/commercial-electric-bakery-oven-9300w-6-10-20-tray-stainless-steel-body-ce-certified-for-bakery-pizza-shop\/#primaryimage"},"image":{"@id":"https:\/\/kengmingcn.com\/product\/commercial-electric-bakery-oven-9300w-6-10-20-tray-stainless-steel-body-ce-certified-for-bakery-pizza-shop\/#primaryimage"},"thumbnailUrl":"https:\/\/kengmingcn.com\/wp-content\/uploads\/2026\/03\/1.1-3.jpg","datePublished":"2026-03-21T06:50:27+00:00","dateModified":"2026-03-24T02:29:41+00:00","description":"M\u00e1quina el\u00e9ctrica de palomitas WTP-8B 1.45KW 6Oz","breadcrumb":{"@id":"https:\/\/kengmingcn.com\/product\/commercial-electric-bakery-oven-9300w-6-10-20-tray-stainless-steel-body-ce-certified-for-bakery-pizza-shop\/#breadcrumb"},"inLanguage":"es","potentialAction":[{"@type":"ReadAction","target":["https:\/\/kengmingcn.com\/product\/commercial-electric-bakery-oven-9300w-6-10-20-tray-stainless-steel-body-ce-certified-for-bakery-pizza-shop\/"]}]},{"@type":"ImageObject","inLanguage":"es","@id":"https:\/\/kengmingcn.com\/product\/commercial-electric-bakery-oven-9300w-6-10-20-tray-stainless-steel-body-ce-certified-for-bakery-pizza-shop\/#primaryimage","url":"https:\/\/kengmingcn.com\/wp-content\/uploads\/2026\/03\/1.1-3.jpg","contentUrl":"https:\/\/kengmingcn.com\/wp-content\/uploads\/2026\/03\/1.1-3.jpg","width":800,"height":800},{"@type":"BreadcrumbList","@id":"https:\/\/kengmingcn.com\/product\/commercial-electric-bakery-oven-9300w-6-10-20-tray-stainless-steel-body-ce-certified-for-bakery-pizza-shop\/#breadcrumb","itemListElement":[{"@type":"ListItem","position":1,"name":"Home","item":"https:\/\/kengmingcn.com\/"},{"@type":"ListItem","position":2,"name":"Catalogue","item":"https:\/\/kengmingcn.com\/?page_id=27131"},{"@type":"ListItem","position":3,"name":"Commercial electric bakery oven 9300W 6\/10\/20-Tray Stainless Steel Body CE Certified for Bakery Pizza Shop"}]},{"@type":"WebSite","@id":"https:\/\/kengmingcn.com\/#website","url":"https:\/\/kengmingcn.com\/","name":"Equipamiento de cocina","description":"KengMing es un fabricante profesional de equipos de cocina comercial y proveedor mayorista, que ofrece equipos de cocina, preparaci\u00f3n de alimentos y panader\u00eda con servicio OEM y ODM para distribuidores globales.","publisher":{"@id":"https:\/\/kengmingcn.com\/#organization"},"potentialAction":[{"@type":"SearchAction","target":{"@type":"EntryPoint","urlTemplate":"https:\/\/kengmingcn.com\/?s={search_term_string}"},"query-input":{"@type":"PropertyValueSpecification","valueRequired":true,"valueName":"search_term_string"}}],"inLanguage":"es"},{"@type":"Organization","@id":"https:\/\/kengmingcn.com\/#organization","name":"GuangZhou KengMing","url":"https:\/\/kengmingcn.com\/","logo":{"@type":"ImageObject","inLanguage":"es","@id":"https:\/\/kengmingcn.com\/#\/schema\/logo\/image\/","url":"https:\/\/kengmingcn.com\/wp-content\/uploads\/2025\/04\/cropped-1744508604969-removebg-preview.png","contentUrl":"https:\/\/kengmingcn.com\/wp-content\/uploads\/2025\/04\/cropped-1744508604969-removebg-preview.png","width":512,"height":512,"caption":"GuangZhou KengMing"},"image":{"@id":"https:\/\/kengmingcn.com\/#\/schema\/logo\/image\/"}}]},"product_price_amount":"0.00","product_price_currency":"USD","og_availability":"instock","product_availability":"instock","product_condition":"new"},"_links":{"self":[{"href":"https:\/\/kengmingcn.com\/es\/wp-json\/wp\/v2\/product\/53321","targetHints":{"allow":["GET"]}}],"collection":[{"href":"https:\/\/kengmingcn.com\/es\/wp-json\/wp\/v2\/product"}],"about":[{"href":"https:\/\/kengmingcn.com\/es\/wp-json\/wp\/v2\/types\/product"}],"replies":[{"embeddable":true,"href":"https:\/\/kengmingcn.com\/es\/wp-json\/wp\/v2\/comments?post=53321"}],"wp:featuredmedia":[{"embeddable":true,"href":"https:\/\/kengmingcn.com\/es\/wp-json\/wp\/v2\/media\/53325"}],"wp:attachment":[{"href":"https:\/\/kengmingcn.com\/es\/wp-json\/wp\/v2\/media?parent=53321"}],"wp:term":[{"taxonomy":"product_brand","embeddable":true,"href":"https:\/\/kengmingcn.com\/es\/wp-json\/wp\/v2\/product_brand?post=53321"},{"taxonomy":"product_cat","embeddable":true,"href":"https:\/\/kengmingcn.com\/es\/wp-json\/wp\/v2\/product_cat?post=53321"},{"taxonomy":"product_tag","embeddable":true,"href":"https:\/\/kengmingcn.com\/es\/wp-json\/wp\/v2\/product_tag?post=53321"}],"curies":[{"name":"wp","href":"https:\/\/api.w.org\/{rel}","templated":true}]}}