{"id":53273,"date":"2026-03-20T13:23:50","date_gmt":"2026-03-20T05:23:50","guid":{"rendered":"https:\/\/kengmingcn.com\/?post_type=product&#038;p=53273"},"modified":"2026-03-21T11:06:13","modified_gmt":"2026-03-21T03:06:13","slug":"horno-combi-electrico-comercial-de-4-capas-certificado-ce-motor-de-sobremesa-de-acero-inoxidable-de-alta-eficiencia-para-horno-de-asar-de-hotel","status":"publish","type":"product","link":"https:\/\/kengmingcn.com\/es\/product\/horno-combi-electrico-comercial-de-4-capas-certificado-ce-motor-de-sobremesa-de-acero-inoxidable-de-alta-eficiencia-para-horno-de-asar-de-hotel\/","title":{"rendered":"Horno Combi El\u00e9ctrico Comercial de 4 capas Certificado por la CE Motor de sobremesa de acero inoxidable de alta eficiencia para asar en hotel Panader\u00eda"},"content":{"rendered":"<p><strong>Direcci\u00f3n de la m\u00e1quina<\/strong><\/p>\n<p>1. Tres modos: modo s\u00f3lo vapor, modo horneado y modo dual, cada uno con 6 juegos de temporizadores de men\u00fa para cronometraje y recordatorios.<\/p>\n<p>2. Funci\u00f3n de humidificaci\u00f3n por pulverizaci\u00f3n.<\/p>\n<p>3. 3. Interior de la cavidad del horno de acero inoxidable 304.<\/p>\n<p>4. Tubo calefactor de acero inoxidable 321.<\/p>\n<p>5. 4 capas, con una separaci\u00f3n entre bastidores de 100 mm.<\/p>\n<p>6. 4 bandejas, tama\u00f1o de cada bandeja: 445*295*16mm.<\/p>\n<p>7. Grosor de la c\u00e1scara de 1,0 mm, grosor interior de la cavidad del horno de 1,2 mm.<\/p>\n<p>8. Vidrio de doble capa, con una capa interior de 6 mm y una capa exterior de 5 mm.<\/p>\n<p>9. Puerto de escape con un di\u00e1metro de 0,6 pulgadas<\/p>\n<p>10.HE-04CN es una operaci\u00f3n t\u00e1ctil, HE-04Y es una operaci\u00f3n por teclado.<\/p>\n\n\n<figure class=\"wp-block-image size-large\"><img decoding=\"async\" width=\"1024\" height=\"483\" src=\"https:\/\/kengmingcn.com\/wp-content\/uploads\/2026\/03\/1-2-1024x483.jpg\" alt=\"\" class=\"wp-image-53274\" srcset=\"https:\/\/kengmingcn.com\/wp-content\/uploads\/2026\/03\/1-2-1024x483.jpg 1024w, https:\/\/kengmingcn.com\/wp-content\/uploads\/2026\/03\/1-2-300x142.jpg 300w, https:\/\/kengmingcn.com\/wp-content\/uploads\/2026\/03\/1-2-768x362.jpg 768w, https:\/\/kengmingcn.com\/wp-content\/uploads\/2026\/03\/1-2-18x8.jpg 18w, https:\/\/kengmingcn.com\/wp-content\/uploads\/2026\/03\/1-2.jpg 1060w\" sizes=\"(max-width: 1024px) 100vw, 1024px\" \/><\/figure>\n\n\n\n<figure class=\"wp-block-image size-large\"><img decoding=\"async\" width=\"1024\" height=\"483\" src=\"https:\/\/kengmingcn.com\/wp-content\/uploads\/2026\/03\/2-2-1024x483.jpg\" alt=\"\" class=\"wp-image-53275\" srcset=\"https:\/\/kengmingcn.com\/wp-content\/uploads\/2026\/03\/2-2-1024x483.jpg 1024w, https:\/\/kengmingcn.com\/wp-content\/uploads\/2026\/03\/2-2-300x142.jpg 300w, https:\/\/kengmingcn.com\/wp-content\/uploads\/2026\/03\/2-2-768x362.jpg 768w, https:\/\/kengmingcn.com\/wp-content\/uploads\/2026\/03\/2-2-18x8.jpg 18w, https:\/\/kengmingcn.com\/wp-content\/uploads\/2026\/03\/2-2.jpg 1060w\" sizes=\"(max-width: 1024px) 100vw, 1024px\" \/><\/figure>\n\n\n\n<figure class=\"wp-block-image size-large\"><img decoding=\"async\" width=\"1024\" height=\"483\" src=\"https:\/\/kengmingcn.com\/wp-content\/uploads\/2026\/03\/3-1-1024x483.jpg\" alt=\"\" class=\"wp-image-53276\" srcset=\"https:\/\/kengmingcn.com\/wp-content\/uploads\/2026\/03\/3-1-1024x483.jpg 1024w, https:\/\/kengmingcn.com\/wp-content\/uploads\/2026\/03\/3-1-300x142.jpg 300w, https:\/\/kengmingcn.com\/wp-content\/uploads\/2026\/03\/3-1-768x362.jpg 768w, https:\/\/kengmingcn.com\/wp-content\/uploads\/2026\/03\/3-1-18x8.jpg 18w, https:\/\/kengmingcn.com\/wp-content\/uploads\/2026\/03\/3-1.jpg 1060w\" sizes=\"(max-width: 1024px) 100vw, 1024px\" \/><\/figure>\n\n\n\n<figure class=\"wp-block-image size-large\"><img decoding=\"async\" width=\"1024\" height=\"483\" src=\"https:\/\/kengmingcn.com\/wp-content\/uploads\/2026\/03\/4-1-1024x483.jpg\" alt=\"\" class=\"wp-image-53277\" srcset=\"https:\/\/kengmingcn.com\/wp-content\/uploads\/2026\/03\/4-1-1024x483.jpg 1024w, https:\/\/kengmingcn.com\/wp-content\/uploads\/2026\/03\/4-1-300x142.jpg 300w, https:\/\/kengmingcn.com\/wp-content\/uploads\/2026\/03\/4-1-768x362.jpg 768w, https:\/\/kengmingcn.com\/wp-content\/uploads\/2026\/03\/4-1-18x8.jpg 18w, https:\/\/kengmingcn.com\/wp-content\/uploads\/2026\/03\/4-1.jpg 1060w\" sizes=\"(max-width: 1024px) 100vw, 1024px\" \/><\/figure>\n\n\n\n<figure class=\"wp-block-image size-large\"><img decoding=\"async\" width=\"1024\" height=\"483\" src=\"https:\/\/kengmingcn.com\/wp-content\/uploads\/2026\/03\/5-1-1024x483.jpg\" alt=\"\" class=\"wp-image-53278\" srcset=\"https:\/\/kengmingcn.com\/wp-content\/uploads\/2026\/03\/5-1-1024x483.jpg 1024w, https:\/\/kengmingcn.com\/wp-content\/uploads\/2026\/03\/5-1-300x142.jpg 300w, https:\/\/kengmingcn.com\/wp-content\/uploads\/2026\/03\/5-1-768x362.jpg 768w, https:\/\/kengmingcn.com\/wp-content\/uploads\/2026\/03\/5-1-18x8.jpg 18w, https:\/\/kengmingcn.com\/wp-content\/uploads\/2026\/03\/5-1.jpg 1060w\" sizes=\"(max-width: 1024px) 100vw, 1024px\" \/><\/figure>\n\n\n\n<figure class=\"wp-block-image size-large\"><img decoding=\"async\" width=\"1024\" height=\"483\" src=\"https:\/\/kengmingcn.com\/wp-content\/uploads\/2026\/03\/6-2-1024x483.jpg\" alt=\"\" class=\"wp-image-53279\" srcset=\"https:\/\/kengmingcn.com\/wp-content\/uploads\/2026\/03\/6-2-1024x483.jpg 1024w, https:\/\/kengmingcn.com\/wp-content\/uploads\/2026\/03\/6-2-300x142.jpg 300w, https:\/\/kengmingcn.com\/wp-content\/uploads\/2026\/03\/6-2-768x362.jpg 768w, https:\/\/kengmingcn.com\/wp-content\/uploads\/2026\/03\/6-2-18x8.jpg 18w, https:\/\/kengmingcn.com\/wp-content\/uploads\/2026\/03\/6-2.jpg 1060w\" sizes=\"(max-width: 1024px) 100vw, 1024px\" \/><\/figure>\n\n\n\n<figure class=\"wp-block-image size-large\"><img decoding=\"async\" width=\"1024\" height=\"483\" src=\"https:\/\/kengmingcn.com\/wp-content\/uploads\/2026\/03\/7-1024x483.jpg\" alt=\"\" class=\"wp-image-53280\" srcset=\"https:\/\/kengmingcn.com\/wp-content\/uploads\/2026\/03\/7-1024x483.jpg 1024w, https:\/\/kengmingcn.com\/wp-content\/uploads\/2026\/03\/7-300x142.jpg 300w, https:\/\/kengmingcn.com\/wp-content\/uploads\/2026\/03\/7-768x362.jpg 768w, https:\/\/kengmingcn.com\/wp-content\/uploads\/2026\/03\/7-18x8.jpg 18w, https:\/\/kengmingcn.com\/wp-content\/uploads\/2026\/03\/7.jpg 1060w\" sizes=\"(max-width: 1024px) 100vw, 1024px\" \/><\/figure>","protected":false},"excerpt":{"rendered":"<ul style=\"--tw-scale-x: 1;--tw-scale-y: 1;--tw-scroll-snap-strictness: proximity;--tw-ring-offset-width: 0px;--tw-ring-offset-color: #fff;--tw-ring-color: #3b82f680;--tw-ring-offset-shadow: 0 0 #0000;--tw-ring-shadow: 0 0 #0000;--tw-shadow: 0 0 #0000;--tw-shadow-colored: 0 0 #0000\">\n<li>\n<div style=\"position: relative\" data-slate-node=\"element\"><span data-slate-node=\"text\">Horno el\u00e9ctrico comercial Adecuado para panader\u00edas artesanales, cafeter\u00edas, restaurantes occidentales, comedores y cocinas centrales.<\/span><\/div>\n<\/li>\n<li>\n<div style=\"position: relative\" data-slate-node=\"element\"><span data-slate-node=\"text\">Disponible de 4 a 20 bandejas.<\/span><span data-slate-node=\"text\" data-slate-fragment=\"JTVCJTdCJTIydHlwZSUyMiUzQSUyMnBhcmFncmFwaCUyMiUyQyUyMmNoaWxkcmVuJTIyJTNBJTVCJTdCJTIyaWQlMjIlM0ElMjJWUWJQck9rMk16JTIyJTJDJTIycGFyYUlkeCUyMiUzQTAlMkMlMjJzcmMlMjIlM0ElMjJDb21tZXJjaWFsJTIwZWxlY3RyaWMlMjBPdmVuJTIwU3VpdGFibGUlMjBmb3IlMjBhcnRpc2FuYWwlMjBiYWtlcmllcyUyQyUyMGNhZiVDMyVBOXMlMkMlMjBXZXN0ZXJuJTIwcmVzdGF1cmFudHMlMkMlMjBjYW50ZWVucyUyQyUyMGFuZCUyMGNlbnRyYWwlMjBraXRjaGVucy4lMjIlMkMlMjJkc3QlMjIlM0ElMjIlRTUlOTUlODYlRTclOTQlQTglRTclOTQlQjUlRTclODMlQTQlRTclQUUlQjElRTklODAlODIlRTclOTQlQTglRTQlQkElOEUlRTYlODklOEIlRTUlQjclQTUlRTklOUQlQTIlRTUlOEMlODUlRTUlQkElOTclRTMlODAlODElRTUlOTIlOTYlRTUlOTUlQTElRTklQTYlODYlRTMlODAlODElRTglQTUlQkYlRTklQTQlOTAlRTUlOEUlODUlRTMlODAlODElRTklQTMlOUYlRTUlQTAlODIlRTUlOTIlOEMlRTQlQjglQUQlRTUlQTQlQUUlRTUlOEUlQTglRTYlODglQkYlRTMlODAlODIlMjIlMkMlMjJtZXRhZGF0YSUyMiUzQSUyMiUyMiUyQyUyMm1hdGNoZXMlMjIlM0FudWxsJTJDJTIydHJhbnNsYXRlZEJ5JTIyJTNBbnVsbCUyQyUyMm1ldGFEYXRhJTIyJTNBJTVCJTVEJTJDJTIydGV4dCUyMiUzQSUyMkNvbW1lcmNpYWwlMjBlbGVjdHJpYyUyME92ZW4lMjBTdWl0YWJsZSUyMGZvciUyMGFydGlzYW5hbCUyMGJha2VyaWVzJTJDJTIwY2FmJUMzJUE5cyUyQyUyMFdlc3Rlcm4lMjByZXN0YXVyYW50cyUyQyUyMGNhbnRlZW5zJTJDJTIwYW5kJTIwY2VudHJhbCUyMGtpdGNoZW5zLiUyMiU3RCUyQyU3QiUyMmlkJTIyJTNBJTIyVnA0bzBibHZiViUyMiUyQyUyMnBhcmFJZHglMjIlM0EwJTJDJTIyc3JjJTIyJTNBJTIyJTIwQXZhaWxhYmxlJTIwaW4lMjA0JTIwdG8lMjAyMCUyMHRyYXlzLiUyMiUyQyUyMmRzdCUyMiUzQSUyMiVFNiU4RiU5MCVFNCVCRSU5QjQlRTglODclQjMyMCVFNCVCOCVBQSVFNiU4OSU5OCVFNyU5QiU5OCVFMyU4MCU4MiUyMiUyQyUyMm1ldGFkYXRhJTIyJTNBJTIyJTIyJTJDJTIybWF0Y2hlcyUyMiUzQW51bGwlMkMlMjJ0cmFuc2xhdGVkQnklMjIlM0FudWxsJTJDJTIybWV0YURhdGElMjIlM0ElNUIlNUQlMkMlMjJ0ZXh0JTIyJTNBJTIyJTIwQXZhaWxhYmxlJTIwaW4lMjA0JTIwdG8lMjAyMCUyMHRyYXlzLiUyMiU3RCUyQyU3QiUyMmlkJTIyJTNBJTIyVldXdndSajBBViUyMiUyQyUyMnBhcmFJZHglMjIlM0EwJTJDJTIyc3JjJTIyJTNBJTIyJTIwc3RlYW0lMkNyb2FzdCUyQ29tYmluYXRpb24lMjBjb29raW5nJTIwbW9kZXMlMjB0byUyMG1lZXQlMjBoaWdoLWVmZmljaWVuY3klMjBzZXJ2aWNlJTIwYW5kJTIwc3RhbmRhcmRpemVkJTIwcXVhbGl0eSUyMG5lZWRzLiUyMiUyQyUyMmRzdCUyMiUzQSUyMiVFOCU5MiVCOCVFNiVCMSVCRCVFMyU4MCU4MSVFNyU4MyU5OCVFNyU4MyVBNCVFMyU4MCU4MSVFNyVCQiU4NCVFNSU5MCU4OCVFNyU4MyVCOSVFOSVBNSVBQSVFNiVBOCVBMSVFNSVCQyU4RiVFRiVCQyU4QyVFNiVCQiVBMSVFOCVCNiVCMyVFOSVBQiU5OCVFNiU5NSU4OCVFNiU5QyU4RCVFNSU4QSVBMSVFNSU5MiU4QyVFNiVBMCU4NyVFNSU4NyU4NiVFNSU4QyU5NiVFOCVCNCVBOCVFOSU4NyU4RiVFOSU5QyU4MCVFNiVCMSU4MiVFMyU4MCU4MiUyMiUyQyUyMm1ldGFkYXRhJTIyJTNBJTIyJTIyJTJDJTIybWF0Y2hlcyUyMiUzQW51bGwlMkMlMjJ0cmFuc2xhdGVkQnklMjIlM0FudWxsJTJDJTIybWV0YURhdGElMjIlM0ElNUIlNUQlMkMlMjJ0ZXh0JTIyJTNBJTIyJTIwc3RlYW0lMkNyb2FzdCUyQ29tYmluYXRpb24lMjBjb29raW5nJTIwbW9kZXMlMjB0byUyMG1lZXQlMjBoaWdoLWVmZmljaWVuY3klMjBzZXJ2aWNlJTIwYW5kJTIwc3RhbmRhcmRpemVkJTIwcXVhbGl0eSUyMG5lZWRzLiUyMiU3RCU1RCU3RCU1RA==\"> modos de cocci\u00f3n al vapor,asado,ombinaci\u00f3n para satisfacer las necesidades de servicio de alta eficiencia y calidad estandarizada.<\/span><\/div>\n<\/li>\n<li style=\"--tw-scale-x: 1;--tw-scale-y: 1;--tw-scroll-snap-strictness: proximity;--tw-ring-offset-width: 0px;--tw-ring-offset-color: #fff;--tw-ring-color: #3b82f680;--tw-ring-offset-shadow: 0 0 #0000;--tw-ring-shadow: 0 0 #0000;--tw-shadow: 0 0 #0000;--tw-shadow-colored: 0 0 #0000\"><span style=\"--tw-scale-x: 1;--tw-scale-y: 1;--tw-scroll-snap-strictness: proximity;--tw-ring-offset-width: 0px;--tw-ring-offset-color: #fff;--tw-ring-color: #3b82f680;--tw-ring-offset-shadow: 0 0 #0000;--tw-ring-shadow: 0 0 #0000;--tw-shadow: 0 0 #0000;--tw-shadow-colored: 0 0 #0000;color: #000000;font-family: Poppins\">Esta m\u00e1quina est\u00e1 equipada por defecto con un enchufe para aire acondicionado. Si tiene alguna duda, p\u00f3ngase en contacto con nosotros.<\/span><\/li>\n<\/ul>","protected":false},"featured_media":53281,"comment_status":"open","ping_status":"closed","template":"","meta":{"_acf_changed":true},"product_brand":[],"product_cat":[338,276],"product_tag":[],"class_list":{"0":"post-53273","1":"product","2":"type-product","3":"status-publish","4":"has-post-thumbnail","6":"product_cat-oven-heating-catering-equipment","7":"product_cat-heating-catering-equipment","8":"description-off","10":"first","11":"instock","12":"shipping-taxable","13":"product-type-simple"},"acf":[],"yoast_head":"<!-- This site is optimized with the Yoast SEO Premium plugin v25.3 (Yoast SEO v26.3) - https:\/\/yoast.com\/wordpress\/plugins\/seo\/ -->\n<title>4-layer Commercial Electric Combi Oven CE Certified High Efficiency Stainless Steel Table Top Motor for Hotel Roasting Baker - KengMing | Manufacturer of Commercial Kitchen Equipment<\/title>\n<meta name=\"description\" content=\"WTP-8B 1.45KW Electric Popcorn Machine 6Oz\" \/>\n<meta name=\"robots\" content=\"index, follow, max-snippet:-1, max-image-preview:large, max-video-preview:-1\" \/>\n<link rel=\"canonical\" href=\"https:\/\/kengmingcn.com\/es\/product\/horno-combi-electrico-comercial-de-4-capas-certificado-ce-motor-de-sobremesa-de-acero-inoxidable-de-alta-eficiencia-para-horno-de-asar-de-hotel\/\" \/>\n<meta property=\"og:locale\" content=\"es_MX\" \/>\n<meta property=\"og:type\" content=\"article\" \/>\n<meta property=\"og:title\" content=\"4-layer Commercial Electric Combi Oven CE Certified High Efficiency Stainless Steel Table Top Motor for Hotel Roasting Baker\" \/>\n<meta property=\"og:description\" content=\"WTP-8B 1.45KW Electric Popcorn Machine 6Oz\" \/>\n<meta property=\"og:url\" content=\"https:\/\/kengmingcn.com\/es\/product\/horno-combi-electrico-comercial-de-4-capas-certificado-ce-motor-de-sobremesa-de-acero-inoxidable-de-alta-eficiencia-para-horno-de-asar-de-hotel\/\" \/>\n<meta property=\"og:site_name\" content=\"KengMing | Manufacturer of Commercial Kitchen Equipment\" \/>\n<meta property=\"article:modified_time\" content=\"2026-03-21T03:06:13+00:00\" \/>\n<meta property=\"og:image\" content=\"https:\/\/kengmingcn.com\/wp-content\/uploads\/2026\/03\/1-3.jpg\" \/>\n\t<meta property=\"og:image:width\" content=\"800\" \/>\n\t<meta property=\"og:image:height\" content=\"800\" \/>\n\t<meta property=\"og:image:type\" content=\"image\/jpeg\" \/>\n<meta name=\"twitter:card\" content=\"summary_large_image\" \/>\n<meta name=\"twitter:label1\" content=\"Precio\" \/>\n\t<meta name=\"twitter:data1\" content=\"\" \/>\n\t<meta name=\"twitter:label2\" content=\"Disponibilidad\" \/>\n\t<meta name=\"twitter:data2\" content=\"Disponible\" \/>\n<script type=\"application\/ld+json\" class=\"yoast-schema-graph\">{\"@context\":\"https:\/\/schema.org\",\"@graph\":[{\"@type\":\"WebPage\",\"@id\":\"https:\/\/kengmingcn.com\/ar\/product\/%d9%81%d8%b1%d9%86-%d9%83%d9%88%d9%85%d8%a8%d9%8a-%d9%83%d9%87%d8%b1%d8%a8%d8%a7%d8%a6%d9%8a-%d8%aa%d8%ac%d8%a7%d8%b1%d9%8a-%d9%85%d9%86-4-%d8%b7%d8%a8%d9%82%d8%a7%d8%aa-%d9%85%d8%b9%d8%aa%d9%85%d8%af\/\",\"url\":\"https:\/\/kengmingcn.com\/ar\/product\/%d9%81%d8%b1%d9%86-%d9%83%d9%88%d9%85%d8%a8%d9%8a-%d9%83%d9%87%d8%b1%d8%a8%d8%a7%d8%a6%d9%8a-%d8%aa%d8%ac%d8%a7%d8%b1%d9%8a-%d9%85%d9%86-4-%d8%b7%d8%a8%d9%82%d8%a7%d8%aa-%d9%85%d8%b9%d8%aa%d9%85%d8%af\/\",\"name\":\"4-layer Commercial Electric Combi Oven CE Certified High Efficiency Stainless Steel Table Top Motor for Hotel Roasting Baker - KengMing | Manufacturer of Commercial Kitchen Equipment\",\"isPartOf\":{\"@id\":\"https:\/\/kengmingcn.com\/#website\"},\"primaryImageOfPage\":{\"@id\":\"https:\/\/kengmingcn.com\/ar\/product\/%d9%81%d8%b1%d9%86-%d9%83%d9%88%d9%85%d8%a8%d9%8a-%d9%83%d9%87%d8%b1%d8%a8%d8%a7%d8%a6%d9%8a-%d8%aa%d8%ac%d8%a7%d8%b1%d9%8a-%d9%85%d9%86-4-%d8%b7%d8%a8%d9%82%d8%a7%d8%aa-%d9%85%d8%b9%d8%aa%d9%85%d8%af\/#primaryimage\"},\"image\":{\"@id\":\"https:\/\/kengmingcn.com\/ar\/product\/%d9%81%d8%b1%d9%86-%d9%83%d9%88%d9%85%d8%a8%d9%8a-%d9%83%d9%87%d8%b1%d8%a8%d8%a7%d8%a6%d9%8a-%d8%aa%d8%ac%d8%a7%d8%b1%d9%8a-%d9%85%d9%86-4-%d8%b7%d8%a8%d9%82%d8%a7%d8%aa-%d9%85%d8%b9%d8%aa%d9%85%d8%af\/#primaryimage\"},\"thumbnailUrl\":\"https:\/\/kengmingcn.com\/wp-content\/uploads\/2026\/03\/1-3.jpg\",\"datePublished\":\"2026-03-20T05:23:50+00:00\",\"dateModified\":\"2026-03-21T03:06:13+00:00\",\"description\":\"WTP-8B 1.45KW Electric Popcorn Machine 6Oz\",\"breadcrumb\":{\"@id\":\"https:\/\/kengmingcn.com\/ar\/product\/%d9%81%d8%b1%d9%86-%d9%83%d9%88%d9%85%d8%a8%d9%8a-%d9%83%d9%87%d8%b1%d8%a8%d8%a7%d8%a6%d9%8a-%d8%aa%d8%ac%d8%a7%d8%b1%d9%8a-%d9%85%d9%86-4-%d8%b7%d8%a8%d9%82%d8%a7%d8%aa-%d9%85%d8%b9%d8%aa%d9%85%d8%af\/#breadcrumb\"},\"inLanguage\":\"es\",\"potentialAction\":[{\"@type\":\"ReadAction\",\"target\":[\"https:\/\/kengmingcn.com\/ar\/product\/%d9%81%d8%b1%d9%86-%d9%83%d9%88%d9%85%d8%a8%d9%8a-%d9%83%d9%87%d8%b1%d8%a8%d8%a7%d8%a6%d9%8a-%d8%aa%d8%ac%d8%a7%d8%b1%d9%8a-%d9%85%d9%86-4-%d8%b7%d8%a8%d9%82%d8%a7%d8%aa-%d9%85%d8%b9%d8%aa%d9%85%d8%af\/\"]}]},{\"@type\":\"ImageObject\",\"inLanguage\":\"es\",\"@id\":\"https:\/\/kengmingcn.com\/ar\/product\/%d9%81%d8%b1%d9%86-%d9%83%d9%88%d9%85%d8%a8%d9%8a-%d9%83%d9%87%d8%b1%d8%a8%d8%a7%d8%a6%d9%8a-%d8%aa%d8%ac%d8%a7%d8%b1%d9%8a-%d9%85%d9%86-4-%d8%b7%d8%a8%d9%82%d8%a7%d8%aa-%d9%85%d8%b9%d8%aa%d9%85%d8%af\/#primaryimage\",\"url\":\"https:\/\/kengmingcn.com\/wp-content\/uploads\/2026\/03\/1-3.jpg\",\"contentUrl\":\"https:\/\/kengmingcn.com\/wp-content\/uploads\/2026\/03\/1-3.jpg\",\"width\":800,\"height\":800},{\"@type\":\"BreadcrumbList\",\"@id\":\"https:\/\/kengmingcn.com\/ar\/product\/%d9%81%d8%b1%d9%86-%d9%83%d9%88%d9%85%d8%a8%d9%8a-%d9%83%d9%87%d8%b1%d8%a8%d8%a7%d8%a6%d9%8a-%d8%aa%d8%ac%d8%a7%d8%b1%d9%8a-%d9%85%d9%86-4-%d8%b7%d8%a8%d9%82%d8%a7%d8%aa-%d9%85%d8%b9%d8%aa%d9%85%d8%af\/#breadcrumb\",\"itemListElement\":[{\"@type\":\"ListItem\",\"position\":1,\"name\":\"Home\",\"item\":\"https:\/\/kengmingcn.com\/\"},{\"@type\":\"ListItem\",\"position\":2,\"name\":\"Catalogue\",\"item\":\"https:\/\/kengmingcn.com\/?page_id=27131\"},{\"@type\":\"ListItem\",\"position\":3,\"name\":\"4-layer Commercial Electric Combi Oven CE Certified High Efficiency Stainless Steel Table Top Motor for Hotel Roasting Baker\"}]},{\"@type\":\"WebSite\",\"@id\":\"https:\/\/kengmingcn.com\/#website\",\"url\":\"https:\/\/kengmingcn.com\/\",\"name\":\"Kitchen Equipment\",\"description\":\"KengMing is a professional commercial kitchen equipment manufacturer and wholesale supplier, offering cooking, food prep and bakery equipment with OEM &amp; ODM service for global distributors.\",\"publisher\":{\"@id\":\"https:\/\/kengmingcn.com\/#organization\"},\"potentialAction\":[{\"@type\":\"SearchAction\",\"target\":{\"@type\":\"EntryPoint\",\"urlTemplate\":\"https:\/\/kengmingcn.com\/?s={search_term_string}\"},\"query-input\":{\"@type\":\"PropertyValueSpecification\",\"valueRequired\":true,\"valueName\":\"search_term_string\"}}],\"inLanguage\":\"es\"},{\"@type\":\"Organization\",\"@id\":\"https:\/\/kengmingcn.com\/#organization\",\"name\":\"GuangZhou KengMing\",\"url\":\"https:\/\/kengmingcn.com\/\",\"logo\":{\"@type\":\"ImageObject\",\"inLanguage\":\"es\",\"@id\":\"https:\/\/kengmingcn.com\/#\/schema\/logo\/image\/\",\"url\":\"https:\/\/kengmingcn.com\/wp-content\/uploads\/2025\/04\/cropped-1744508604969-removebg-preview.png\",\"contentUrl\":\"https:\/\/kengmingcn.com\/wp-content\/uploads\/2025\/04\/cropped-1744508604969-removebg-preview.png\",\"width\":512,\"height\":512,\"caption\":\"GuangZhou KengMing\"},\"image\":{\"@id\":\"https:\/\/kengmingcn.com\/#\/schema\/logo\/image\/\"}}]}<\/script>\n<meta property=\"product:price:amount\" content=\"0.00\" \/>\n<meta property=\"product:price:currency\" content=\"USD\" \/>\n<meta property=\"og:availability\" content=\"instock\" \/>\n<meta property=\"product:availability\" content=\"instock\" \/>\n<meta property=\"product:condition\" content=\"new\" \/>\n<!-- \/ Yoast SEO Premium plugin. -->","yoast_head_json":{"title":"Horno Combi El\u00e9ctrico Comercial de 4 capas Certificado CE de alta eficiencia de acero inoxidable de sobremesa del motor para el hotel de asar panadero - KengMing | Fabricante de equipos de cocina comercial","description":"M\u00e1quina el\u00e9ctrica de palomitas WTP-8B 1.45KW 6Oz","robots":{"index":"index","follow":"follow","max-snippet":"max-snippet:-1","max-image-preview":"max-image-preview:large","max-video-preview":"max-video-preview:-1"},"canonical":"https:\/\/kengmingcn.com\/es\/product\/horno-combi-electrico-comercial-de-4-capas-certificado-ce-motor-de-sobremesa-de-acero-inoxidable-de-alta-eficiencia-para-horno-de-asar-de-hotel\/","og_locale":"es_MX","og_type":"article","og_title":"4-layer Commercial Electric Combi Oven CE Certified High Efficiency Stainless Steel Table Top Motor for Hotel Roasting Baker","og_description":"WTP-8B 1.45KW Electric Popcorn Machine 6Oz","og_url":"https:\/\/kengmingcn.com\/es\/product\/horno-combi-electrico-comercial-de-4-capas-certificado-ce-motor-de-sobremesa-de-acero-inoxidable-de-alta-eficiencia-para-horno-de-asar-de-hotel\/","og_site_name":"KengMing | Manufacturer of Commercial Kitchen Equipment","article_modified_time":"2026-03-21T03:06:13+00:00","og_image":[{"width":800,"height":800,"url":"https:\/\/kengmingcn.com\/wp-content\/uploads\/2026\/03\/1-3.jpg","type":"image\/jpeg"}],"twitter_card":"summary_large_image","twitter_misc":{"Precio":"","Disponibilidad":"Disponible"},"schema":{"@context":"https:\/\/schema.org","@graph":[{"@type":"WebPage","@id":"https:\/\/kengmingcn.com\/ar\/product\/%d9%81%d8%b1%d9%86-%d9%83%d9%88%d9%85%d8%a8%d9%8a-%d9%83%d9%87%d8%b1%d8%a8%d8%a7%d8%a6%d9%8a-%d8%aa%d8%ac%d8%a7%d8%b1%d9%8a-%d9%85%d9%86-4-%d8%b7%d8%a8%d9%82%d8%a7%d8%aa-%d9%85%d8%b9%d8%aa%d9%85%d8%af\/","url":"https:\/\/kengmingcn.com\/ar\/product\/%d9%81%d8%b1%d9%86-%d9%83%d9%88%d9%85%d8%a8%d9%8a-%d9%83%d9%87%d8%b1%d8%a8%d8%a7%d8%a6%d9%8a-%d8%aa%d8%ac%d8%a7%d8%b1%d9%8a-%d9%85%d9%86-4-%d8%b7%d8%a8%d9%82%d8%a7%d8%aa-%d9%85%d8%b9%d8%aa%d9%85%d8%af\/","name":"Horno Combi El\u00e9ctrico Comercial de 4 capas Certificado CE de alta eficiencia de acero inoxidable de sobremesa del motor para el hotel de asar panadero - KengMing | Fabricante de equipos de cocina comercial","isPartOf":{"@id":"https:\/\/kengmingcn.com\/#website"},"primaryImageOfPage":{"@id":"https:\/\/kengmingcn.com\/ar\/product\/%d9%81%d8%b1%d9%86-%d9%83%d9%88%d9%85%d8%a8%d9%8a-%d9%83%d9%87%d8%b1%d8%a8%d8%a7%d8%a6%d9%8a-%d8%aa%d8%ac%d8%a7%d8%b1%d9%8a-%d9%85%d9%86-4-%d8%b7%d8%a8%d9%82%d8%a7%d8%aa-%d9%85%d8%b9%d8%aa%d9%85%d8%af\/#primaryimage"},"image":{"@id":"https:\/\/kengmingcn.com\/ar\/product\/%d9%81%d8%b1%d9%86-%d9%83%d9%88%d9%85%d8%a8%d9%8a-%d9%83%d9%87%d8%b1%d8%a8%d8%a7%d8%a6%d9%8a-%d8%aa%d8%ac%d8%a7%d8%b1%d9%8a-%d9%85%d9%86-4-%d8%b7%d8%a8%d9%82%d8%a7%d8%aa-%d9%85%d8%b9%d8%aa%d9%85%d8%af\/#primaryimage"},"thumbnailUrl":"https:\/\/kengmingcn.com\/wp-content\/uploads\/2026\/03\/1-3.jpg","datePublished":"2026-03-20T05:23:50+00:00","dateModified":"2026-03-21T03:06:13+00:00","description":"M\u00e1quina el\u00e9ctrica de palomitas WTP-8B 1.45KW 6Oz","breadcrumb":{"@id":"https:\/\/kengmingcn.com\/ar\/product\/%d9%81%d8%b1%d9%86-%d9%83%d9%88%d9%85%d8%a8%d9%8a-%d9%83%d9%87%d8%b1%d8%a8%d8%a7%d8%a6%d9%8a-%d8%aa%d8%ac%d8%a7%d8%b1%d9%8a-%d9%85%d9%86-4-%d8%b7%d8%a8%d9%82%d8%a7%d8%aa-%d9%85%d8%b9%d8%aa%d9%85%d8%af\/#breadcrumb"},"inLanguage":"es","potentialAction":[{"@type":"ReadAction","target":["https:\/\/kengmingcn.com\/ar\/product\/%d9%81%d8%b1%d9%86-%d9%83%d9%88%d9%85%d8%a8%d9%8a-%d9%83%d9%87%d8%b1%d8%a8%d8%a7%d8%a6%d9%8a-%d8%aa%d8%ac%d8%a7%d8%b1%d9%8a-%d9%85%d9%86-4-%d8%b7%d8%a8%d9%82%d8%a7%d8%aa-%d9%85%d8%b9%d8%aa%d9%85%d8%af\/"]}]},{"@type":"ImageObject","inLanguage":"es","@id":"https:\/\/kengmingcn.com\/ar\/product\/%d9%81%d8%b1%d9%86-%d9%83%d9%88%d9%85%d8%a8%d9%8a-%d9%83%d9%87%d8%b1%d8%a8%d8%a7%d8%a6%d9%8a-%d8%aa%d8%ac%d8%a7%d8%b1%d9%8a-%d9%85%d9%86-4-%d8%b7%d8%a8%d9%82%d8%a7%d8%aa-%d9%85%d8%b9%d8%aa%d9%85%d8%af\/#primaryimage","url":"https:\/\/kengmingcn.com\/wp-content\/uploads\/2026\/03\/1-3.jpg","contentUrl":"https:\/\/kengmingcn.com\/wp-content\/uploads\/2026\/03\/1-3.jpg","width":800,"height":800},{"@type":"BreadcrumbList","@id":"https:\/\/kengmingcn.com\/ar\/product\/%d9%81%d8%b1%d9%86-%d9%83%d9%88%d9%85%d8%a8%d9%8a-%d9%83%d9%87%d8%b1%d8%a8%d8%a7%d8%a6%d9%8a-%d8%aa%d8%ac%d8%a7%d8%b1%d9%8a-%d9%85%d9%86-4-%d8%b7%d8%a8%d9%82%d8%a7%d8%aa-%d9%85%d8%b9%d8%aa%d9%85%d8%af\/#breadcrumb","itemListElement":[{"@type":"ListItem","position":1,"name":"Home","item":"https:\/\/kengmingcn.com\/"},{"@type":"ListItem","position":2,"name":"Catalogue","item":"https:\/\/kengmingcn.com\/?page_id=27131"},{"@type":"ListItem","position":3,"name":"4-layer Commercial Electric Combi Oven CE Certified High Efficiency Stainless Steel Table Top Motor for Hotel Roasting Baker"}]},{"@type":"WebSite","@id":"https:\/\/kengmingcn.com\/#website","url":"https:\/\/kengmingcn.com\/","name":"Equipamiento de cocina","description":"KengMing es un fabricante profesional de equipos de cocina comercial y proveedor mayorista, que ofrece equipos de cocina, preparaci\u00f3n de alimentos y panader\u00eda con servicio OEM y ODM para distribuidores globales.","publisher":{"@id":"https:\/\/kengmingcn.com\/#organization"},"potentialAction":[{"@type":"SearchAction","target":{"@type":"EntryPoint","urlTemplate":"https:\/\/kengmingcn.com\/?s={search_term_string}"},"query-input":{"@type":"PropertyValueSpecification","valueRequired":true,"valueName":"search_term_string"}}],"inLanguage":"es"},{"@type":"Organization","@id":"https:\/\/kengmingcn.com\/#organization","name":"GuangZhou KengMing","url":"https:\/\/kengmingcn.com\/","logo":{"@type":"ImageObject","inLanguage":"es","@id":"https:\/\/kengmingcn.com\/#\/schema\/logo\/image\/","url":"https:\/\/kengmingcn.com\/wp-content\/uploads\/2025\/04\/cropped-1744508604969-removebg-preview.png","contentUrl":"https:\/\/kengmingcn.com\/wp-content\/uploads\/2025\/04\/cropped-1744508604969-removebg-preview.png","width":512,"height":512,"caption":"GuangZhou KengMing"},"image":{"@id":"https:\/\/kengmingcn.com\/#\/schema\/logo\/image\/"}}]},"product_price_amount":"0.00","product_price_currency":"USD","og_availability":"instock","product_availability":"instock","product_condition":"new"},"_links":{"self":[{"href":"https:\/\/kengmingcn.com\/es\/wp-json\/wp\/v2\/product\/53273","targetHints":{"allow":["GET"]}}],"collection":[{"href":"https:\/\/kengmingcn.com\/es\/wp-json\/wp\/v2\/product"}],"about":[{"href":"https:\/\/kengmingcn.com\/es\/wp-json\/wp\/v2\/types\/product"}],"replies":[{"embeddable":true,"href":"https:\/\/kengmingcn.com\/es\/wp-json\/wp\/v2\/comments?post=53273"}],"wp:featuredmedia":[{"embeddable":true,"href":"https:\/\/kengmingcn.com\/es\/wp-json\/wp\/v2\/media\/53281"}],"wp:attachment":[{"href":"https:\/\/kengmingcn.com\/es\/wp-json\/wp\/v2\/media?parent=53273"}],"wp:term":[{"taxonomy":"product_brand","embeddable":true,"href":"https:\/\/kengmingcn.com\/es\/wp-json\/wp\/v2\/product_brand?post=53273"},{"taxonomy":"product_cat","embeddable":true,"href":"https:\/\/kengmingcn.com\/es\/wp-json\/wp\/v2\/product_cat?post=53273"},{"taxonomy":"product_tag","embeddable":true,"href":"https:\/\/kengmingcn.com\/es\/wp-json\/wp\/v2\/product_tag?post=53273"}],"curies":[{"name":"wp","href":"https:\/\/api.w.org\/{rel}","templated":true}]}}