{"id":53197,"date":"2026-02-10T16:52:04","date_gmt":"2026-02-10T08:52:04","guid":{"rendered":"https:\/\/kengmingcn.com\/?post_type=product&#038;p=53197"},"modified":"2026-02-10T16:53:54","modified_gmt":"2026-02-10T08:53:54","slug":"totalmente-automatico-220kg-leche-nieve-maquina-de-hielo-comercial-copo-de-nieve-bingsu-maquina-de-hielo-de-refrigeracion-por-agua-xhj128p-con-ce","status":"publish","type":"product","link":"https:\/\/kengmingcn.com\/es\/product\/totalmente-automatico-220kg-leche-nieve-maquina-de-hielo-comercial-copo-de-nieve-bingsu-maquina-de-hielo-de-refrigeracion-por-agua-xhj128p-con-ce\/","title":{"rendered":"220kg leche nieve m\u00e1quina de hielo comercial copo de nieve Bingsu m\u00e1quina de hielo refrigerado por agua XHJ128P con CE"},"content":{"rendered":"<h2 class=\"wp-block-heading\" id=\"h-description\">Descripci\u00f3n<\/h2>\n\n\n\n<p>Dise\u00f1ado para operaciones de postre de gran volumen, el <strong>XHJ128P M\u00e1quina autom\u00e1tica de hielo en nieve para leche<\/strong> suministra hasta <strong>220 kg de nieve helada al d\u00eda<\/strong> con una salida estable y continua.<br>Impulsado por un <strong>Sistema de 1200 W y compresor Embraco<\/strong>, Esta m\u00e1quina de bingsu de calidad comercial produce una textura de hielo suave, similar a la leche, ideal para tiendas de bingsu, cadenas de postres, cafeter\u00edas y patios de comidas.<\/p>\n\n\n\n<p>Su <strong>sistema de refrigeraci\u00f3n por agua<\/strong> garantiza un rendimiento constante incluso durante largas jornadas de trabajo, lo que la convierte en una opci\u00f3n fiable para entornos de m\u00e1xima demanda.<\/p>\n\n\n\n<div style=\"height:30px\" aria-hidden=\"true\" class=\"wp-block-spacer\"><\/div>\n\n\n\n<figure class=\"wp-block-table is-style-stripes\"><table><thead><tr><th>Modelo<\/th><th>XHJ128P<\/th><\/tr><\/thead><tbody><tr><td>Salida<\/td><td>220kg\/24hour(485lbs\/24hour)<\/td><\/tr><tr><td>Potencia<\/td><td>1200w<\/td><\/tr><tr><td>Longitud del rodillo<\/td><td>10 cm<\/td><\/tr><tr><td>Manera de enfriar<\/td><td>Refrigeraci\u00f3n por agua<\/td><\/tr><tr><td>Talla<\/td><td>395*555*525mm<\/td><\/tr><tr><td>Tama\u00f1o del paquete<\/td><td>67*47*67cm (0,22cbm)<\/td><\/tr><tr><td>Peso neto<\/td><td>41kg \/ 90lbs<\/td><\/tr><tr><td>Peso del paquete<\/td><td>55kg\/121lbs<\/td><\/tr><tr><td>Compresor<\/td><td>Embraco<\/td><\/tr><\/tbody><\/table><\/figure>\n\n\n\n<div style=\"height:30px\" aria-hidden=\"true\" class=\"wp-block-spacer\"><\/div>\n\n\n\n<div class=\"wp-block-columns is-layout-flex wp-container-core-columns-is-layout-9d6595d7 wp-block-columns-is-layout-flex dt-cr-1\">\n<div class=\"wp-block-column is-layout-flow wp-block-column-is-layout-flow\">\n<h3 class=\"wp-block-heading has-medium-font-size\" id=\"h-high-output-for-commercial-demand\">Alto rendimiento para la demanda comercial<\/h3>\n\n\n\n<p>Con una impresionante capacidad de producci\u00f3n de <strong>220 kg por 24 horas<\/strong>, La XHJ128P est\u00e1 pensada para tiendas con gran afluencia de clientes. Admite el funcionamiento continuo durante todo el d\u00eda, lo que reduce los tiempos de espera y maximiza las ventas diarias.<\/p>\n<\/div>\n\n\n\n<div class=\"wp-block-column is-layout-flow wp-block-column-is-layout-flow\">\n<h3 class=\"wp-block-heading has-medium-font-size\" id=\"h-premium-snow-ice-texture\"><strong>Premium Snow Ice Texture<\/strong><\/h3>\n\n\n\n<p>Equipado con un <strong>Rodillo de precisi\u00f3n de 10 cm<\/strong>, La m\u00e1quina produce una nieve helada delicada y esponjosa que se funde suavemente en la boca. Perfecta para helados de nieve con leche, bingsu de frutas y presentaciones de postres premium que atraen a clientes habituales.<\/p>\n<\/div>\n<\/div>\n\n\n\n<div style=\"height:30px\" aria-hidden=\"true\" class=\"wp-block-spacer\"><\/div>\n\n\n\n<div class=\"wp-block-columns is-layout-flex wp-container-core-columns-is-layout-9d6595d7 wp-block-columns-is-layout-flex dt-cr-2\">\n<div class=\"wp-block-column is-layout-flow wp-block-column-is-layout-flow\">\n<h3 class=\"wp-block-heading has-medium-font-size\" id=\"h-reliable-embraco-compressor\"><strong>Compresor Embraco fiable<\/strong><\/h3>\n\n\n\n<p>Los importados <strong>Compresor Embraco<\/strong> garantiza un rendimiento de refrigeraci\u00f3n estable, un bajo \u00edndice de aver\u00edas y una larga vida \u00fatil. Mantiene una calidad de hielo constante incluso con grandes cargas de trabajo, por lo que es ideal para uso profesional.<\/p>\n<\/div>\n\n\n\n<div class=\"wp-block-column is-layout-flow wp-block-column-is-layout-flow\">\n<h3 class=\"wp-block-heading has-medium-font-size\" id=\"h-water-cooling-system-for-long-hours\">Sistema de refrigeraci\u00f3n por agua para largas horas<\/h3>\n\n\n\n<p>En <strong>dise\u00f1o de refrigeraci\u00f3n por agua<\/strong> disipa eficazmente el calor, lo que permite que la m\u00e1quina funcione sin problemas durante largas horas de funcionamiento. Esto mejora significativamente la estabilidad en comparaci\u00f3n con los sistemas refrigerados por aire en entornos de cocina calurosos o ajetreados.<\/p>\n<\/div>\n<\/div>\n\n\n\n<div style=\"height:30px\" aria-hidden=\"true\" class=\"wp-block-spacer\"><\/div>\n\n\n\n<div class=\"wp-block-columns is-layout-flex wp-container-core-columns-is-layout-9d6595d7 wp-block-columns-is-layout-flex dt-cr-3\">\n<div class=\"wp-block-column is-layout-flow wp-block-column-is-layout-flow\">\n<h3 class=\"wp-block-heading has-medium-font-size\" id=\"h-more-detail\">M\u00e1s detalles<\/h3>\n\n\n\n<figure class=\"wp-block-gallery has-nested-images columns-2 is-cropped wp-block-gallery-1 is-layout-flex wp-block-gallery-is-layout-flex\">\n<figure class=\"wp-block-image size-large\"><img decoding=\"async\" width=\"550\" height=\"550\" data-id=\"47952\" src=\"https:\/\/kengmingcn.com\/wp-content\/uploads\/2025\/03\/1736303096772_3_11zon.webp\" alt=\"\" class=\"wp-image-47952\" srcset=\"https:\/\/kengmingcn.com\/wp-content\/uploads\/2025\/03\/1736303096772_3_11zon.webp 550w, https:\/\/kengmingcn.com\/wp-content\/uploads\/2025\/03\/1736303096772_3_11zon-300x300.webp 300w, https:\/\/kengmingcn.com\/wp-content\/uploads\/2025\/03\/1736303096772_3_11zon-150x150.webp 150w, https:\/\/kengmingcn.com\/wp-content\/uploads\/2025\/03\/1736303096772_3_11zon-200x200.webp 200w\" sizes=\"(max-width: 550px) 100vw, 550px\" \/><\/figure>\n\n\n\n<figure class=\"wp-block-image size-large\"><img decoding=\"async\" width=\"750\" height=\"873\" data-id=\"52104\" src=\"https:\/\/kengmingcn.com\/wp-content\/uploads\/2025\/09\/XHJ128fp-bingsu-machine-\u8be6\u60c5\u56fe-10.jpg\" alt=\"4\u79cd\u96ea\u82b1\u51b0\" class=\"wp-image-52104\" srcset=\"https:\/\/kengmingcn.com\/wp-content\/uploads\/2025\/09\/XHJ128fp-bingsu-machine-\u8be6\u60c5\u56fe-10.jpg 750w, https:\/\/kengmingcn.com\/wp-content\/uploads\/2025\/09\/XHJ128fp-bingsu-machine-\u8be6\u60c5\u56fe-10-258x300.jpg 258w, https:\/\/kengmingcn.com\/wp-content\/uploads\/2025\/09\/XHJ128fp-bingsu-machine-\u8be6\u60c5\u56fe-10-10x12.jpg 10w\" sizes=\"(max-width: 750px) 100vw, 750px\" \/><\/figure>\n<\/figure>\n<\/div>\n<\/div>\n\n\n\n<div class=\"wp-block-columns is-layout-flex wp-container-core-columns-is-layout-9d6595d7 wp-block-columns-is-layout-flex dt-cr-4\">\n<div class=\"wp-block-column is-layout-flow wp-block-column-is-layout-flow\"><\/div>\n<\/div>\n\n\n\n<div class=\"wp-block-columns is-layout-flex wp-container-core-columns-is-layout-9d6595d7 wp-block-columns-is-layout-flex dt-cr-5\">\n<div class=\"wp-block-column is-layout-flow wp-block-column-is-layout-flow\">\n<div style=\"height:30px\" aria-hidden=\"true\" class=\"wp-block-spacer\"><\/div>\n\n\n\n<h3 class=\"wp-block-heading\" id=\"h-why-choose-us\">\u00bfPor qu\u00e9 elegirnos?<\/h3>\n\n\n\n<p>Con <strong>Certificaci\u00f3n CE<\/strong>, con una construcci\u00f3n duradera y un sistema de refrigeraci\u00f3n profesional, el <strong>XHJ128P M\u00e1quina de hielo nieve leche<\/strong> es una soluci\u00f3n fiable para las empresas que buscan eficacia, uniformidad y hielo de primera calidad.<br>Tanto si est\u00e1 ampliando una tienda de postres ya existente como si est\u00e1 lanzando un concepto de bingsu de gama alta, esta m\u00e1quina proporciona el rendimiento y la fiabilidad necesarios para el \u00e9xito comercial a largo plazo.<\/p>\n<\/div>\n<\/div>","protected":false},"excerpt":{"rendered":"<ul>\n<li>Potencia: 1200W<\/li>\n<li>Salida: 220\/24H<\/li>\n<li>CE<\/li>\n<li>Longitud del rodillo: 10 cm<\/li>\n<li>Compresor: Embraco<\/li>\n<li>Forma de refrigeraci\u00f3n: Refrigeraci\u00f3n por agua<\/li>\n<\/ul>","protected":false},"featured_media":53026,"comment_status":"open","ping_status":"closed","template":"","meta":{"_acf_changed":true},"product_brand":[309],"product_cat":[244,275],"product_tag":[310,312],"class_list":{"0":"post-53197","1":"product","2":"type-product","3":"status-publish","4":"has-post-thumbnail","6":"product_brand-309","7":"product_cat-bingsu-machine","8":"product_cat-refrigeration-equipment","9":"product_tag-ce","10":"product_tag-water-cooling","11":"description-off","13":"first","14":"instock","15":"shipping-taxable","16":"product-type-simple"},"acf":[],"yoast_head":"<!-- This site is optimized with the Yoast SEO Premium plugin v25.3 (Yoast SEO v26.3) - https:\/\/yoast.com\/wordpress\/plugins\/seo\/ -->\n<title>XHJ128P 220kg water cooling snowflake ice machine<\/title>\n<meta name=\"description\" content=\"Full Automatic 220kg Milk Snow Ice Machine Commercial Snowflake Bingsu Ice Machine Water-CoolingXHJ128P With CE\" \/>\n<meta name=\"robots\" content=\"index, follow, max-snippet:-1, max-image-preview:large, max-video-preview:-1\" \/>\n<link rel=\"canonical\" href=\"https:\/\/kengmingcn.com\/es\/product\/totalmente-automatico-220kg-leche-nieve-maquina-de-hielo-comercial-copo-de-nieve-bingsu-maquina-de-hielo-de-refrigeracion-por-agua-xhj128p-con-ce\/\" \/>\n<meta property=\"og:locale\" content=\"es_MX\" \/>\n<meta property=\"og:type\" content=\"article\" \/>\n<meta property=\"og:title\" content=\"220kg Milk Snow Ice Machine Commercial Snowflake Bingsu Ice Machine Water-Cooling XHJ128P With CE\" \/>\n<meta property=\"og:description\" content=\"Full Automatic 220kg Milk Snow Ice Machine Commercial Snowflake Bingsu Ice Machine Water-CoolingXHJ128P With CE\" \/>\n<meta property=\"og:url\" content=\"https:\/\/kengmingcn.com\/es\/product\/totalmente-automatico-220kg-leche-nieve-maquina-de-hielo-comercial-copo-de-nieve-bingsu-maquina-de-hielo-de-refrigeracion-por-agua-xhj128p-con-ce\/\" \/>\n<meta property=\"og:site_name\" content=\"KengMing | Manufacturer of Commercial Kitchen Equipment\" \/>\n<meta property=\"article:modified_time\" content=\"2026-02-10T08:53:54+00:00\" \/>\n<meta property=\"og:image\" content=\"https:\/\/kengmingcn.com\/wp-content\/uploads\/2026\/01\/XHJ128P_2_11zon.webp\" \/>\n\t<meta property=\"og:image:width\" content=\"800\" \/>\n\t<meta property=\"og:image:height\" content=\"800\" \/>\n\t<meta property=\"og:image:type\" content=\"image\/webp\" \/>\n<meta name=\"twitter:card\" content=\"summary_large_image\" \/>\n<meta name=\"twitter:label1\" content=\"Precio\" \/>\n\t<meta name=\"twitter:data1\" content=\"\" \/>\n\t<meta name=\"twitter:label2\" content=\"Disponibilidad\" \/>\n\t<meta name=\"twitter:data2\" content=\"Disponible\" \/>\n<script type=\"application\/ld+json\" class=\"yoast-schema-graph\">{\"@context\":\"https:\/\/schema.org\",\"@graph\":[{\"@type\":\"WebPage\",\"@id\":\"https:\/\/kengmingcn.com\/ja\/product\/%e3%82%bb%e3%83%aa%e3%82%a6%e3%83%a0%e3%81%8c%e4%bb%98%e3%81%84%e3%81%a6%e3%81%84%e3%82%8b%e3%83%95%e3%83%ab-%e3%82%aa%e3%83%bc%e3%83%88%e3%83%9e%e3%83%81%e3%83%83%e3%82%af%e3%81%ae-220kg-%e3%83%9f\/\",\"url\":\"https:\/\/kengmingcn.com\/ja\/product\/%e3%82%bb%e3%83%aa%e3%82%a6%e3%83%a0%e3%81%8c%e4%bb%98%e3%81%84%e3%81%a6%e3%81%84%e3%82%8b%e3%83%95%e3%83%ab-%e3%82%aa%e3%83%bc%e3%83%88%e3%83%9e%e3%83%81%e3%83%83%e3%82%af%e3%81%ae-220kg-%e3%83%9f\/\",\"name\":\"XHJ128P 220kg water cooling snowflake ice machine\",\"isPartOf\":{\"@id\":\"https:\/\/kengmingcn.com\/#website\"},\"primaryImageOfPage\":{\"@id\":\"https:\/\/kengmingcn.com\/ja\/product\/%e3%82%bb%e3%83%aa%e3%82%a6%e3%83%a0%e3%81%8c%e4%bb%98%e3%81%84%e3%81%a6%e3%81%84%e3%82%8b%e3%83%95%e3%83%ab-%e3%82%aa%e3%83%bc%e3%83%88%e3%83%9e%e3%83%81%e3%83%83%e3%82%af%e3%81%ae-220kg-%e3%83%9f\/#primaryimage\"},\"image\":{\"@id\":\"https:\/\/kengmingcn.com\/ja\/product\/%e3%82%bb%e3%83%aa%e3%82%a6%e3%83%a0%e3%81%8c%e4%bb%98%e3%81%84%e3%81%a6%e3%81%84%e3%82%8b%e3%83%95%e3%83%ab-%e3%82%aa%e3%83%bc%e3%83%88%e3%83%9e%e3%83%81%e3%83%83%e3%82%af%e3%81%ae-220kg-%e3%83%9f\/#primaryimage\"},\"thumbnailUrl\":\"https:\/\/kengmingcn.com\/wp-content\/uploads\/2026\/01\/XHJ128P_2_11zon.webp\",\"datePublished\":\"2026-02-10T08:52:04+00:00\",\"dateModified\":\"2026-02-10T08:53:54+00:00\",\"description\":\"Full Automatic 220kg Milk Snow Ice Machine Commercial Snowflake Bingsu Ice Machine Water-CoolingXHJ128P With CE\",\"breadcrumb\":{\"@id\":\"https:\/\/kengmingcn.com\/ja\/product\/%e3%82%bb%e3%83%aa%e3%82%a6%e3%83%a0%e3%81%8c%e4%bb%98%e3%81%84%e3%81%a6%e3%81%84%e3%82%8b%e3%83%95%e3%83%ab-%e3%82%aa%e3%83%bc%e3%83%88%e3%83%9e%e3%83%81%e3%83%83%e3%82%af%e3%81%ae-220kg-%e3%83%9f\/#breadcrumb\"},\"inLanguage\":\"es\",\"potentialAction\":[{\"@type\":\"ReadAction\",\"target\":[\"https:\/\/kengmingcn.com\/ja\/product\/%e3%82%bb%e3%83%aa%e3%82%a6%e3%83%a0%e3%81%8c%e4%bb%98%e3%81%84%e3%81%a6%e3%81%84%e3%82%8b%e3%83%95%e3%83%ab-%e3%82%aa%e3%83%bc%e3%83%88%e3%83%9e%e3%83%81%e3%83%83%e3%82%af%e3%81%ae-220kg-%e3%83%9f\/\"]}]},{\"@type\":\"ImageObject\",\"inLanguage\":\"es\",\"@id\":\"https:\/\/kengmingcn.com\/ja\/product\/%e3%82%bb%e3%83%aa%e3%82%a6%e3%83%a0%e3%81%8c%e4%bb%98%e3%81%84%e3%81%a6%e3%81%84%e3%82%8b%e3%83%95%e3%83%ab-%e3%82%aa%e3%83%bc%e3%83%88%e3%83%9e%e3%83%81%e3%83%83%e3%82%af%e3%81%ae-220kg-%e3%83%9f\/#primaryimage\",\"url\":\"https:\/\/kengmingcn.com\/wp-content\/uploads\/2026\/01\/XHJ128P_2_11zon.webp\",\"contentUrl\":\"https:\/\/kengmingcn.com\/wp-content\/uploads\/2026\/01\/XHJ128P_2_11zon.webp\",\"width\":800,\"height\":800,\"caption\":\"XHJ128P 220kg\/24h water cooling snowflake ice machine\"},{\"@type\":\"BreadcrumbList\",\"@id\":\"https:\/\/kengmingcn.com\/ja\/product\/%e3%82%bb%e3%83%aa%e3%82%a6%e3%83%a0%e3%81%8c%e4%bb%98%e3%81%84%e3%81%a6%e3%81%84%e3%82%8b%e3%83%95%e3%83%ab-%e3%82%aa%e3%83%bc%e3%83%88%e3%83%9e%e3%83%81%e3%83%83%e3%82%af%e3%81%ae-220kg-%e3%83%9f\/#breadcrumb\",\"itemListElement\":[{\"@type\":\"ListItem\",\"position\":1,\"name\":\"Home\",\"item\":\"https:\/\/kengmingcn.com\/\"},{\"@type\":\"ListItem\",\"position\":2,\"name\":\"Catalogue\",\"item\":\"https:\/\/kengmingcn.com\/?page_id=27131\"},{\"@type\":\"ListItem\",\"position\":3,\"name\":\"220kg Milk Snow Ice Machine Commercial Snowflake Bingsu Ice Machine Water-Cooling XHJ128P With CE\"}]},{\"@type\":\"WebSite\",\"@id\":\"https:\/\/kengmingcn.com\/#website\",\"url\":\"https:\/\/kengmingcn.com\/\",\"name\":\"Kitchen Equipment\",\"description\":\"KengMing is a professional commercial kitchen equipment manufacturer and wholesale supplier, offering cooking, food prep and bakery equipment with OEM &amp; ODM service for global distributors.\",\"publisher\":{\"@id\":\"https:\/\/kengmingcn.com\/#organization\"},\"potentialAction\":[{\"@type\":\"SearchAction\",\"target\":{\"@type\":\"EntryPoint\",\"urlTemplate\":\"https:\/\/kengmingcn.com\/?s={search_term_string}\"},\"query-input\":{\"@type\":\"PropertyValueSpecification\",\"valueRequired\":true,\"valueName\":\"search_term_string\"}}],\"inLanguage\":\"es\"},{\"@type\":\"Organization\",\"@id\":\"https:\/\/kengmingcn.com\/#organization\",\"name\":\"GuangZhou KengMing\",\"url\":\"https:\/\/kengmingcn.com\/\",\"logo\":{\"@type\":\"ImageObject\",\"inLanguage\":\"es\",\"@id\":\"https:\/\/kengmingcn.com\/#\/schema\/logo\/image\/\",\"url\":\"https:\/\/kengmingcn.com\/wp-content\/uploads\/2025\/04\/cropped-1744508604969-removebg-preview.png\",\"contentUrl\":\"https:\/\/kengmingcn.com\/wp-content\/uploads\/2025\/04\/cropped-1744508604969-removebg-preview.png\",\"width\":512,\"height\":512,\"caption\":\"GuangZhou KengMing\"},\"image\":{\"@id\":\"https:\/\/kengmingcn.com\/#\/schema\/logo\/image\/\"}}]}<\/script>\n<meta property=\"product:price:amount\" content=\"0.00\" \/>\n<meta property=\"product:price:currency\" content=\"USD\" \/>\n<meta property=\"og:availability\" content=\"instock\" \/>\n<meta property=\"product:availability\" content=\"instock\" \/>\n<meta property=\"product:condition\" content=\"new\" \/>\n<!-- \/ Yoast SEO Premium plugin. -->","yoast_head_json":{"title":"XHJ128P M\u00e1quina de hielo en copos de nieve refrigerada por agua de 220 kg","description":"M\u00e1quina de hielo de nieve de leche completamente autom\u00e1tica 220kg M\u00e1quina de hielo de nieve comercial Bingsu m\u00e1quina de hielo de agua-enfriamientoXHJ128P con CE","robots":{"index":"index","follow":"follow","max-snippet":"max-snippet:-1","max-image-preview":"max-image-preview:large","max-video-preview":"max-video-preview:-1"},"canonical":"https:\/\/kengmingcn.com\/es\/product\/totalmente-automatico-220kg-leche-nieve-maquina-de-hielo-comercial-copo-de-nieve-bingsu-maquina-de-hielo-de-refrigeracion-por-agua-xhj128p-con-ce\/","og_locale":"es_MX","og_type":"article","og_title":"220kg Milk Snow Ice Machine Commercial Snowflake Bingsu Ice Machine Water-Cooling XHJ128P With CE","og_description":"Full Automatic 220kg Milk Snow Ice Machine Commercial Snowflake Bingsu Ice Machine Water-CoolingXHJ128P With CE","og_url":"https:\/\/kengmingcn.com\/es\/product\/totalmente-automatico-220kg-leche-nieve-maquina-de-hielo-comercial-copo-de-nieve-bingsu-maquina-de-hielo-de-refrigeracion-por-agua-xhj128p-con-ce\/","og_site_name":"KengMing | Manufacturer of Commercial Kitchen Equipment","article_modified_time":"2026-02-10T08:53:54+00:00","og_image":[{"width":800,"height":800,"url":"https:\/\/kengmingcn.com\/wp-content\/uploads\/2026\/01\/XHJ128P_2_11zon.webp","type":"image\/webp"}],"twitter_card":"summary_large_image","twitter_misc":{"Precio":"","Disponibilidad":"Disponible"},"schema":{"@context":"https:\/\/schema.org","@graph":[{"@type":"WebPage","@id":"https:\/\/kengmingcn.com\/ja\/product\/%e3%82%bb%e3%83%aa%e3%82%a6%e3%83%a0%e3%81%8c%e4%bb%98%e3%81%84%e3%81%a6%e3%81%84%e3%82%8b%e3%83%95%e3%83%ab-%e3%82%aa%e3%83%bc%e3%83%88%e3%83%9e%e3%83%81%e3%83%83%e3%82%af%e3%81%ae-220kg-%e3%83%9f\/","url":"https:\/\/kengmingcn.com\/ja\/product\/%e3%82%bb%e3%83%aa%e3%82%a6%e3%83%a0%e3%81%8c%e4%bb%98%e3%81%84%e3%81%a6%e3%81%84%e3%82%8b%e3%83%95%e3%83%ab-%e3%82%aa%e3%83%bc%e3%83%88%e3%83%9e%e3%83%81%e3%83%83%e3%82%af%e3%81%ae-220kg-%e3%83%9f\/","name":"XHJ128P M\u00e1quina de hielo en copos de nieve refrigerada por agua de 220 kg","isPartOf":{"@id":"https:\/\/kengmingcn.com\/#website"},"primaryImageOfPage":{"@id":"https:\/\/kengmingcn.com\/ja\/product\/%e3%82%bb%e3%83%aa%e3%82%a6%e3%83%a0%e3%81%8c%e4%bb%98%e3%81%84%e3%81%a6%e3%81%84%e3%82%8b%e3%83%95%e3%83%ab-%e3%82%aa%e3%83%bc%e3%83%88%e3%83%9e%e3%83%81%e3%83%83%e3%82%af%e3%81%ae-220kg-%e3%83%9f\/#primaryimage"},"image":{"@id":"https:\/\/kengmingcn.com\/ja\/product\/%e3%82%bb%e3%83%aa%e3%82%a6%e3%83%a0%e3%81%8c%e4%bb%98%e3%81%84%e3%81%a6%e3%81%84%e3%82%8b%e3%83%95%e3%83%ab-%e3%82%aa%e3%83%bc%e3%83%88%e3%83%9e%e3%83%81%e3%83%83%e3%82%af%e3%81%ae-220kg-%e3%83%9f\/#primaryimage"},"thumbnailUrl":"https:\/\/kengmingcn.com\/wp-content\/uploads\/2026\/01\/XHJ128P_2_11zon.webp","datePublished":"2026-02-10T08:52:04+00:00","dateModified":"2026-02-10T08:53:54+00:00","description":"M\u00e1quina de hielo de nieve de leche completamente autom\u00e1tica 220kg M\u00e1quina de hielo de nieve comercial Bingsu m\u00e1quina de hielo de agua-enfriamientoXHJ128P con CE","breadcrumb":{"@id":"https:\/\/kengmingcn.com\/ja\/product\/%e3%82%bb%e3%83%aa%e3%82%a6%e3%83%a0%e3%81%8c%e4%bb%98%e3%81%84%e3%81%a6%e3%81%84%e3%82%8b%e3%83%95%e3%83%ab-%e3%82%aa%e3%83%bc%e3%83%88%e3%83%9e%e3%83%81%e3%83%83%e3%82%af%e3%81%ae-220kg-%e3%83%9f\/#breadcrumb"},"inLanguage":"es","potentialAction":[{"@type":"ReadAction","target":["https:\/\/kengmingcn.com\/ja\/product\/%e3%82%bb%e3%83%aa%e3%82%a6%e3%83%a0%e3%81%8c%e4%bb%98%e3%81%84%e3%81%a6%e3%81%84%e3%82%8b%e3%83%95%e3%83%ab-%e3%82%aa%e3%83%bc%e3%83%88%e3%83%9e%e3%83%81%e3%83%83%e3%82%af%e3%81%ae-220kg-%e3%83%9f\/"]}]},{"@type":"ImageObject","inLanguage":"es","@id":"https:\/\/kengmingcn.com\/ja\/product\/%e3%82%bb%e3%83%aa%e3%82%a6%e3%83%a0%e3%81%8c%e4%bb%98%e3%81%84%e3%81%a6%e3%81%84%e3%82%8b%e3%83%95%e3%83%ab-%e3%82%aa%e3%83%bc%e3%83%88%e3%83%9e%e3%83%81%e3%83%83%e3%82%af%e3%81%ae-220kg-%e3%83%9f\/#primaryimage","url":"https:\/\/kengmingcn.com\/wp-content\/uploads\/2026\/01\/XHJ128P_2_11zon.webp","contentUrl":"https:\/\/kengmingcn.com\/wp-content\/uploads\/2026\/01\/XHJ128P_2_11zon.webp","width":800,"height":800,"caption":"XHJ128P 220kg\/24h water cooling snowflake ice machine"},{"@type":"BreadcrumbList","@id":"https:\/\/kengmingcn.com\/ja\/product\/%e3%82%bb%e3%83%aa%e3%82%a6%e3%83%a0%e3%81%8c%e4%bb%98%e3%81%84%e3%81%a6%e3%81%84%e3%82%8b%e3%83%95%e3%83%ab-%e3%82%aa%e3%83%bc%e3%83%88%e3%83%9e%e3%83%81%e3%83%83%e3%82%af%e3%81%ae-220kg-%e3%83%9f\/#breadcrumb","itemListElement":[{"@type":"ListItem","position":1,"name":"Home","item":"https:\/\/kengmingcn.com\/"},{"@type":"ListItem","position":2,"name":"Catalogue","item":"https:\/\/kengmingcn.com\/?page_id=27131"},{"@type":"ListItem","position":3,"name":"220kg Milk Snow Ice Machine Commercial Snowflake Bingsu Ice Machine Water-Cooling XHJ128P With CE"}]},{"@type":"WebSite","@id":"https:\/\/kengmingcn.com\/#website","url":"https:\/\/kengmingcn.com\/","name":"Equipamiento de cocina","description":"KengMing es un fabricante profesional de equipos de cocina comercial y proveedor mayorista, que ofrece equipos de cocina, preparaci\u00f3n de alimentos y panader\u00eda con servicio OEM y ODM para distribuidores globales.","publisher":{"@id":"https:\/\/kengmingcn.com\/#organization"},"potentialAction":[{"@type":"SearchAction","target":{"@type":"EntryPoint","urlTemplate":"https:\/\/kengmingcn.com\/?s={search_term_string}"},"query-input":{"@type":"PropertyValueSpecification","valueRequired":true,"valueName":"search_term_string"}}],"inLanguage":"es"},{"@type":"Organization","@id":"https:\/\/kengmingcn.com\/#organization","name":"GuangZhou KengMing","url":"https:\/\/kengmingcn.com\/","logo":{"@type":"ImageObject","inLanguage":"es","@id":"https:\/\/kengmingcn.com\/#\/schema\/logo\/image\/","url":"https:\/\/kengmingcn.com\/wp-content\/uploads\/2025\/04\/cropped-1744508604969-removebg-preview.png","contentUrl":"https:\/\/kengmingcn.com\/wp-content\/uploads\/2025\/04\/cropped-1744508604969-removebg-preview.png","width":512,"height":512,"caption":"GuangZhou KengMing"},"image":{"@id":"https:\/\/kengmingcn.com\/#\/schema\/logo\/image\/"}}]},"product_price_amount":"0.00","product_price_currency":"USD","og_availability":"instock","product_availability":"instock","product_condition":"new"},"_links":{"self":[{"href":"https:\/\/kengmingcn.com\/es\/wp-json\/wp\/v2\/product\/53197","targetHints":{"allow":["GET"]}}],"collection":[{"href":"https:\/\/kengmingcn.com\/es\/wp-json\/wp\/v2\/product"}],"about":[{"href":"https:\/\/kengmingcn.com\/es\/wp-json\/wp\/v2\/types\/product"}],"replies":[{"embeddable":true,"href":"https:\/\/kengmingcn.com\/es\/wp-json\/wp\/v2\/comments?post=53197"}],"wp:featuredmedia":[{"embeddable":true,"href":"https:\/\/kengmingcn.com\/es\/wp-json\/wp\/v2\/media\/53026"}],"wp:attachment":[{"href":"https:\/\/kengmingcn.com\/es\/wp-json\/wp\/v2\/media?parent=53197"}],"wp:term":[{"taxonomy":"product_brand","embeddable":true,"href":"https:\/\/kengmingcn.com\/es\/wp-json\/wp\/v2\/product_brand?post=53197"},{"taxonomy":"product_cat","embeddable":true,"href":"https:\/\/kengmingcn.com\/es\/wp-json\/wp\/v2\/product_cat?post=53197"},{"taxonomy":"product_tag","embeddable":true,"href":"https:\/\/kengmingcn.com\/es\/wp-json\/wp\/v2\/product_tag?post=53197"}],"curies":[{"name":"wp","href":"https:\/\/api.w.org\/{rel}","templated":true}]}}