{"id":53191,"date":"2026-02-10T15:15:43","date_gmt":"2026-02-10T07:15:43","guid":{"rendered":"https:\/\/kengmingcn.com\/?post_type=product&#038;p=53191"},"modified":"2026-02-10T15:42:33","modified_gmt":"2026-02-10T07:42:33","slug":"xhj60f-maquina-de-hielo-en-escamas-60kg-24h-360w","status":"publish","type":"product","link":"https:\/\/kengmingcn.com\/es\/product\/xhj60f-maquina-de-hielo-en-escamas-60kg-24h-360w\/","title":{"rendered":"60kg\/24h XHJ60F 360W M\u00e1quina de hielo de nieve de producci\u00f3n r\u00e1pida Bingsu"},"content":{"rendered":"<h2 class=\"wp-block-heading\" id=\"h-description\">Descripci\u00f3n<\/h2>\n\n\n\n<p>La m\u00e1quina de hielo en copos de nieve es un eficiente equipo de fabricaci\u00f3n de bebidas fr\u00edas dise\u00f1ado para hacer hielo en copos de nieve delicado, fresco y crujiente. Mediante una avanzada tecnolog\u00eda de congelaci\u00f3n y un preciso mecanismo de raspado de hielo, puede congelar y raspar r\u00e1pidamente materias primas l\u00edquidas (como zumos, t\u00e9 con leche, c\u00f3cteles, etc.) en suaves y delicadas part\u00edculas similares a copos de nieve, manteniendo el sabor y los nutrientes originales de los alimentos, lo que la convierte en un equipo de bebidas fr\u00edas imprescindible para el verano y todo tipo de actividades.<\/p>\n\n\n\n<div style=\"height:30px\" aria-hidden=\"true\" class=\"wp-block-spacer\"><\/div>\n\n\n\n<figure class=\"wp-block-table is-style-stripes\"><table><thead><tr><th>Modelo<\/th><th>XHJ60F<\/th><\/tr><\/thead><tbody><tr><td>Salida<\/td><td>60kg\/24h (132lbs\/24h)<\/td><\/tr><tr><td>Potencia<\/td><td>360w<\/td><\/tr><tr><td>Longitud del rodillo<\/td><td>6 cm<\/td><\/tr><tr><td>Manera de enfriar<\/td><td>Refrigeraci\u00f3n por aire<\/td><\/tr><tr><td>Talla<\/td><td>30*37.5*40cm                                                                                                                                                                                                                                                                                                                                                                                                                                                                                                                                                                                                                                                                                                                                                                                                                                                                             <\/td><\/tr><tr><td>Tama\u00f1o del paquete<\/td><td>37*43*49cm <\/td><\/tr><tr><td>Peso neto<\/td><td>19,6 kg<\/td><\/tr><tr><td>Peso del paquete<\/td><td>22kg\/22bs<\/td><\/tr><tr><td>Compresor<\/td><td>Wanbao u otra marca china<\/td><\/tr><\/tbody><\/table><\/figure>\n\n\n\n<div style=\"height:30px\" aria-hidden=\"true\" class=\"wp-block-spacer\"><\/div>\n\n\n\n<div class=\"wp-block-columns is-layout-flex wp-container-core-columns-is-layout-9d6595d7 wp-block-columns-is-layout-flex dt-cr-1\">\n<div class=\"wp-block-column is-layout-flow wp-block-column-is-layout-flow\">\n<h3 class=\"wp-block-heading has-medium-font-size\" id=\"h-impressive-production-capacity\"><strong>Impresionante capacidad de producci\u00f3n<\/strong><\/h3>\n\n\n\n<p>Refrigeraci\u00f3n de alta eficiencia, refrigeraci\u00f3n por aire, s\u00f3lo 1 minuto de pre-enfriamiento puede ser de 3 segundos de hielo, la capacidad diaria de producci\u00f3n de hielo de 132Ib.<\/p>\n<\/div>\n\n\n\n<div class=\"wp-block-column is-layout-flow wp-block-column-is-layout-flow\">\n<h3 class=\"wp-block-heading has-medium-font-size\" id=\"h-premium-304-stainless-steel-construction\"><strong>Construcci\u00f3n de acero inoxidable 304 de primera calidad<\/strong><\/h3>\n\n\n\n<p>El cuerpo de la m\u00e1quina y todas las piezas que entran en contacto con los alimentos son de acero inoxidable 304, resistente a la corrosi\u00f3n, f\u00e1cil de limpiar y resistente al calor. Tanto en entornos de alta humedad como durante un uso prolongado, la m\u00e1quina sigue siendo robusta y duradera, lo que garantiza la seguridad alimentaria y una larga vida \u00fatil. El material liso tambi\u00e9n facilita el mantenimiento diario, reduce la proliferaci\u00f3n de bacterias y simplifica la gesti\u00f3n de la higiene.<\/p>\n<\/div>\n<\/div>\n\n\n\n<div style=\"height:30px\" aria-hidden=\"true\" class=\"wp-block-spacer\"><\/div>\n\n\n\n<div class=\"wp-block-columns is-layout-flex wp-container-core-columns-is-layout-9d6595d7 wp-block-columns-is-layout-flex dt-cr-2\">\n<div class=\"wp-block-column is-layout-flow wp-block-column-is-layout-flow\">\n<h3 class=\"wp-block-heading has-medium-font-size\" id=\"h-user-friendly-operation\"><strong>Funcionamiento sencillo<\/strong><\/h3>\n\n\n\n<p>La XHJ60F cuenta con un sistema de alimentaci\u00f3n por gravedad y un panel de control intuitivo, lo que facilita su manejo, incluso para los nuevos empleados. El sistema de refrigeraci\u00f3n con control independiente reduce los pasos manuales, lo que facilita y hace m\u00e1s eficiente el proceso de producci\u00f3n, mejorando la velocidad de servicio y la satisfacci\u00f3n del cliente.<\/p>\n<\/div>\n\n\n\n<div class=\"wp-block-column is-layout-flow wp-block-column-is-layout-flow\">\n<h3 class=\"wp-block-heading has-medium-font-size\" id=\"h-adjustable-ice-shape\"><strong>Forma de hielo ajustable<\/strong><\/h3>\n\n\n\n<p>Ajustar la forma de hielo de nieve de acuerdo a sus gustos y preferencias personales, mediante el ajuste de las materias primas y el control de la velocidad del evaporador, se puede hacer una variedad de formas de hielo, como el hielo de nieve, hielo fideos, hielo en escamas, hielo de oveja, hielo de aguja de hielo de diversas formas, el sabor de la luz y suave a la rica y delicada se puede realizar.<\/p>\n<\/div>\n<\/div>\n\n\n\n<div style=\"height:30px\" aria-hidden=\"true\" class=\"wp-block-spacer\"><\/div>\n\n\n\n<div class=\"wp-block-columns is-layout-flex wp-container-core-columns-is-layout-9d6595d7 wp-block-columns-is-layout-flex dt-cr-3\">\n<div class=\"wp-block-column is-layout-flow wp-block-column-is-layout-flow\">\n<h3 class=\"wp-block-heading has-medium-font-size\" id=\"h-more-detail\">M\u00e1s detalles<\/h3>\n\n\n\n<figure class=\"wp-block-gallery has-nested-images columns-default is-cropped wp-block-gallery-1 is-layout-flex wp-block-gallery-is-layout-flex\">\n<figure class=\"wp-block-image size-large\"><img decoding=\"async\" width=\"550\" height=\"550\" data-id=\"47952\" src=\"https:\/\/kengmingcn.com\/wp-content\/uploads\/2025\/03\/1736303096772_3_11zon.webp\" alt=\"\" class=\"wp-image-47952\" srcset=\"https:\/\/kengmingcn.com\/wp-content\/uploads\/2025\/03\/1736303096772_3_11zon.webp 550w, https:\/\/kengmingcn.com\/wp-content\/uploads\/2025\/03\/1736303096772_3_11zon-300x300.webp 300w, https:\/\/kengmingcn.com\/wp-content\/uploads\/2025\/03\/1736303096772_3_11zon-150x150.webp 150w, https:\/\/kengmingcn.com\/wp-content\/uploads\/2025\/03\/1736303096772_3_11zon-200x200.webp 200w\" sizes=\"(max-width: 550px) 100vw, 550px\" \/><\/figure>\n\n\n\n<figure class=\"wp-block-image size-large\"><img decoding=\"async\" width=\"750\" height=\"873\" data-id=\"52104\" src=\"https:\/\/kengmingcn.com\/wp-content\/uploads\/2025\/09\/XHJ128fp-bingsu-machine-\u8be6\u60c5\u56fe-10.jpg\" alt=\"4\u79cd\u96ea\u82b1\u51b0\" class=\"wp-image-52104\" srcset=\"https:\/\/kengmingcn.com\/wp-content\/uploads\/2025\/09\/XHJ128fp-bingsu-machine-\u8be6\u60c5\u56fe-10.jpg 750w, https:\/\/kengmingcn.com\/wp-content\/uploads\/2025\/09\/XHJ128fp-bingsu-machine-\u8be6\u60c5\u56fe-10-258x300.jpg 258w, https:\/\/kengmingcn.com\/wp-content\/uploads\/2025\/09\/XHJ128fp-bingsu-machine-\u8be6\u60c5\u56fe-10-10x12.jpg 10w\" sizes=\"(max-width: 750px) 100vw, 750px\" \/><\/figure>\n\n\n\n<figure class=\"wp-block-image size-large\"><img decoding=\"async\" width=\"1024\" height=\"832\" data-id=\"2461\" src=\"https:\/\/kengmingcn.com\/wp-content\/uploads\/2025\/04\/JMXC80F-Bingsu-Machine_11zon-scaled-e1744530020571-1024x832.webp\" alt=\"JMXC80F M\u00e1quina Bingsu_11zon\" class=\"wp-image-2461\" srcset=\"https:\/\/kengmingcn.com\/wp-content\/uploads\/2025\/04\/JMXC80F-Bingsu-Machine_11zon-scaled-e1744530020571-1024x832.webp 1024w, https:\/\/kengmingcn.com\/wp-content\/uploads\/2025\/04\/JMXC80F-Bingsu-Machine_11zon-scaled-e1744530020571-300x244.webp 300w, https:\/\/kengmingcn.com\/wp-content\/uploads\/2025\/04\/JMXC80F-Bingsu-Machine_11zon-scaled-e1744530020571-768x624.webp 768w, https:\/\/kengmingcn.com\/wp-content\/uploads\/2025\/04\/JMXC80F-Bingsu-Machine_11zon-scaled-e1744530020571.webp 1152w\" sizes=\"(max-width: 1024px) 100vw, 1024px\" \/><\/figure>\n<\/figure>\n<\/div>\n<\/div>\n\n\n\n<div class=\"wp-block-columns is-layout-flex wp-container-core-columns-is-layout-9d6595d7 wp-block-columns-is-layout-flex dt-cr-4\">\n<div class=\"wp-block-column is-layout-flow wp-block-column-is-layout-flow\">\n<div style=\"height:30px\" aria-hidden=\"true\" class=\"wp-block-spacer\"><\/div>\n<\/div>\n<\/div>\n\n\n\n<div class=\"wp-block-columns is-layout-flex wp-container-core-columns-is-layout-9d6595d7 wp-block-columns-is-layout-flex dt-cr-5\">\n<div class=\"wp-block-column is-layout-flow wp-block-column-is-layout-flow\">\n<h3 class=\"wp-block-heading\" id=\"h-why-choose-us\">\u00bfPor qu\u00e9 elegirnos?<\/h3>\n\n\n\n<p>En resumen, nuestra m\u00e1quina de hielo raspado, con una producci\u00f3n diaria de hasta 60 kg, es adecuada para uso dom\u00e9stico y peque\u00f1os negocios de postres. \u00a1Invierta ahora y deje que sus clientes sonr\u00edan dulcemente con cada cucharada de delicioso hielo raspado!<\/p>\n<\/div>\n<\/div>\n\n\n\n<p><\/p>","protected":false},"excerpt":{"rendered":"<ul>\n<li>Potencia: 360 W<\/li>\n<li>Rendimiento: 60kg\/24H<\/li>\n<li>Longitud del rodillo: 6 cm<\/li>\n<li>Forma de refrigeraci\u00f3n: Refrigeraci\u00f3n por aire<\/li>\n<li>Enfriamiento previo durante 1 minuto, liberaci\u00f3n r\u00e1pida del hielo en 3 segundos<\/li>\n<\/ul>","protected":false},"featured_media":53192,"comment_status":"open","ping_status":"closed","template":"","meta":{"_acf_changed":false},"product_brand":[],"product_cat":[244,275],"product_tag":[253],"class_list":{"0":"post-53191","1":"product","2":"type-product","3":"status-publish","4":"has-post-thumbnail","6":"product_cat-bingsu-machine","7":"product_cat-refrigeration-equipment","8":"product_tag-air-cooling","9":"description-off","11":"first","12":"instock","13":"shipping-taxable","14":"product-type-simple"},"acf":[],"yoast_head":"<!-- This site is optimized with the Yoast SEO Premium plugin v25.3 (Yoast SEO v26.3) - https:\/\/yoast.com\/wordpress\/plugins\/seo\/ -->\n<title>XHJ60F 60kg\/24h 360w Snowflake ice machine<\/title>\n<meta name=\"description\" content=\"Model: XHJ60F, capacity: 60kg\/24h, pre-cooling for 1 minute, and quick production of flake ice immediately after pouring in raw materials.\" \/>\n<meta name=\"robots\" content=\"index, follow, max-snippet:-1, max-image-preview:large, max-video-preview:-1\" \/>\n<link rel=\"canonical\" href=\"https:\/\/kengmingcn.com\/es\/product\/xhj60f-maquina-de-hielo-en-escamas-60kg-24h-360w\/\" \/>\n<meta property=\"og:locale\" content=\"es_MX\" \/>\n<meta property=\"og:type\" content=\"article\" \/>\n<meta property=\"og:title\" content=\"60kg\/24h XHJ60F 360W Snow Ice Machine Rapid Production Bingsu\" \/>\n<meta property=\"og:description\" content=\"Model: XHJ60F, capacity: 60kg\/24h, pre-cooling for 1 minute, and quick production of flake ice immediately after pouring in raw materials.\" \/>\n<meta property=\"og:url\" content=\"https:\/\/kengmingcn.com\/es\/product\/xhj60f-maquina-de-hielo-en-escamas-60kg-24h-360w\/\" \/>\n<meta property=\"og:site_name\" content=\"KengMing | Manufacturer of Commercial Kitchen Equipment\" \/>\n<meta property=\"article:modified_time\" content=\"2026-02-10T07:42:33+00:00\" \/>\n<meta property=\"og:image\" content=\"https:\/\/kengmingcn.com\/wp-content\/uploads\/2026\/02\/XHJ60F_1_11zon.webp\" \/>\n\t<meta property=\"og:image:width\" content=\"800\" \/>\n\t<meta property=\"og:image:height\" content=\"800\" \/>\n\t<meta property=\"og:image:type\" content=\"image\/webp\" \/>\n<meta name=\"twitter:card\" content=\"summary_large_image\" \/>\n<meta name=\"twitter:label1\" content=\"Precio\" \/>\n\t<meta name=\"twitter:data1\" content=\"\" \/>\n\t<meta name=\"twitter:label2\" content=\"Disponibilidad\" \/>\n\t<meta name=\"twitter:data2\" content=\"Disponible\" \/>\n<script type=\"application\/ld+json\" class=\"yoast-schema-graph\">{\"@context\":\"https:\/\/schema.org\",\"@graph\":[{\"@type\":\"WebPage\",\"@id\":\"https:\/\/kengmingcn.com\/nl\/product\/xhj60f-60kg-24u-360w-sneeuwvlok-ijsmachine\/\",\"url\":\"https:\/\/kengmingcn.com\/nl\/product\/xhj60f-60kg-24u-360w-sneeuwvlok-ijsmachine\/\",\"name\":\"XHJ60F 60kg\/24h 360w Snowflake ice machine\",\"isPartOf\":{\"@id\":\"https:\/\/kengmingcn.com\/#website\"},\"primaryImageOfPage\":{\"@id\":\"https:\/\/kengmingcn.com\/nl\/product\/xhj60f-60kg-24u-360w-sneeuwvlok-ijsmachine\/#primaryimage\"},\"image\":{\"@id\":\"https:\/\/kengmingcn.com\/nl\/product\/xhj60f-60kg-24u-360w-sneeuwvlok-ijsmachine\/#primaryimage\"},\"thumbnailUrl\":\"https:\/\/kengmingcn.com\/wp-content\/uploads\/2026\/02\/XHJ60F_1_11zon.webp\",\"datePublished\":\"2026-02-10T07:15:43+00:00\",\"dateModified\":\"2026-02-10T07:42:33+00:00\",\"description\":\"Model: XHJ60F, capacity: 60kg\/24h, pre-cooling for 1 minute, and quick production of flake ice immediately after pouring in raw materials.\",\"breadcrumb\":{\"@id\":\"https:\/\/kengmingcn.com\/nl\/product\/xhj60f-60kg-24u-360w-sneeuwvlok-ijsmachine\/#breadcrumb\"},\"inLanguage\":\"es\",\"potentialAction\":[{\"@type\":\"ReadAction\",\"target\":[\"https:\/\/kengmingcn.com\/nl\/product\/xhj60f-60kg-24u-360w-sneeuwvlok-ijsmachine\/\"]}]},{\"@type\":\"ImageObject\",\"inLanguage\":\"es\",\"@id\":\"https:\/\/kengmingcn.com\/nl\/product\/xhj60f-60kg-24u-360w-sneeuwvlok-ijsmachine\/#primaryimage\",\"url\":\"https:\/\/kengmingcn.com\/wp-content\/uploads\/2026\/02\/XHJ60F_1_11zon.webp\",\"contentUrl\":\"https:\/\/kengmingcn.com\/wp-content\/uploads\/2026\/02\/XHJ60F_1_11zon.webp\",\"width\":800,\"height\":800,\"caption\":\"XHJ60F 60kg\/24h bingsu machine\"},{\"@type\":\"BreadcrumbList\",\"@id\":\"https:\/\/kengmingcn.com\/nl\/product\/xhj60f-60kg-24u-360w-sneeuwvlok-ijsmachine\/#breadcrumb\",\"itemListElement\":[{\"@type\":\"ListItem\",\"position\":1,\"name\":\"Home\",\"item\":\"https:\/\/kengmingcn.com\/\"},{\"@type\":\"ListItem\",\"position\":2,\"name\":\"Catalogue\",\"item\":\"https:\/\/kengmingcn.com\/?page_id=27131\"},{\"@type\":\"ListItem\",\"position\":3,\"name\":\"60kg\/24h XHJ60F 360W Snow Ice Machine Rapid Production Bingsu\"}]},{\"@type\":\"WebSite\",\"@id\":\"https:\/\/kengmingcn.com\/#website\",\"url\":\"https:\/\/kengmingcn.com\/\",\"name\":\"Kitchen Equipment\",\"description\":\"KengMing is a professional commercial kitchen equipment manufacturer and wholesale supplier, offering cooking, food prep and bakery equipment with OEM &amp; ODM service for global distributors.\",\"publisher\":{\"@id\":\"https:\/\/kengmingcn.com\/#organization\"},\"potentialAction\":[{\"@type\":\"SearchAction\",\"target\":{\"@type\":\"EntryPoint\",\"urlTemplate\":\"https:\/\/kengmingcn.com\/?s={search_term_string}\"},\"query-input\":{\"@type\":\"PropertyValueSpecification\",\"valueRequired\":true,\"valueName\":\"search_term_string\"}}],\"inLanguage\":\"es\"},{\"@type\":\"Organization\",\"@id\":\"https:\/\/kengmingcn.com\/#organization\",\"name\":\"GuangZhou KengMing\",\"url\":\"https:\/\/kengmingcn.com\/\",\"logo\":{\"@type\":\"ImageObject\",\"inLanguage\":\"es\",\"@id\":\"https:\/\/kengmingcn.com\/#\/schema\/logo\/image\/\",\"url\":\"https:\/\/kengmingcn.com\/wp-content\/uploads\/2025\/04\/cropped-1744508604969-removebg-preview.png\",\"contentUrl\":\"https:\/\/kengmingcn.com\/wp-content\/uploads\/2025\/04\/cropped-1744508604969-removebg-preview.png\",\"width\":512,\"height\":512,\"caption\":\"GuangZhou KengMing\"},\"image\":{\"@id\":\"https:\/\/kengmingcn.com\/#\/schema\/logo\/image\/\"}}]}<\/script>\n<meta property=\"product:price:amount\" content=\"0.00\" \/>\n<meta property=\"product:price:currency\" content=\"USD\" \/>\n<meta property=\"og:availability\" content=\"instock\" \/>\n<meta property=\"product:availability\" content=\"instock\" \/>\n<meta property=\"product:condition\" content=\"new\" \/>\n<!-- \/ Yoast SEO Premium plugin. -->","yoast_head_json":{"title":"XHJ60F 60kg\/24h 360w M\u00e1quina de hielo en copos de nieve","description":"Modelo: XHJ60F, capacidad: 60kg\/24h, pre-enfriamiento durante 1 minuto, y r\u00e1pida producci\u00f3n de hielo en escamas inmediatamente despu\u00e9s de verter las materias primas.","robots":{"index":"index","follow":"follow","max-snippet":"max-snippet:-1","max-image-preview":"max-image-preview:large","max-video-preview":"max-video-preview:-1"},"canonical":"https:\/\/kengmingcn.com\/es\/product\/xhj60f-maquina-de-hielo-en-escamas-60kg-24h-360w\/","og_locale":"es_MX","og_type":"article","og_title":"60kg\/24h XHJ60F 360W Snow Ice Machine Rapid Production Bingsu","og_description":"Model: XHJ60F, capacity: 60kg\/24h, pre-cooling for 1 minute, and quick production of flake ice immediately after pouring in raw materials.","og_url":"https:\/\/kengmingcn.com\/es\/product\/xhj60f-maquina-de-hielo-en-escamas-60kg-24h-360w\/","og_site_name":"KengMing | Manufacturer of Commercial Kitchen Equipment","article_modified_time":"2026-02-10T07:42:33+00:00","og_image":[{"width":800,"height":800,"url":"https:\/\/kengmingcn.com\/wp-content\/uploads\/2026\/02\/XHJ60F_1_11zon.webp","type":"image\/webp"}],"twitter_card":"summary_large_image","twitter_misc":{"Precio":"","Disponibilidad":"Disponible"},"schema":{"@context":"https:\/\/schema.org","@graph":[{"@type":"WebPage","@id":"https:\/\/kengmingcn.com\/nl\/product\/xhj60f-60kg-24u-360w-sneeuwvlok-ijsmachine\/","url":"https:\/\/kengmingcn.com\/nl\/product\/xhj60f-60kg-24u-360w-sneeuwvlok-ijsmachine\/","name":"XHJ60F 60kg\/24h 360w M\u00e1quina de hielo en copos de nieve","isPartOf":{"@id":"https:\/\/kengmingcn.com\/#website"},"primaryImageOfPage":{"@id":"https:\/\/kengmingcn.com\/nl\/product\/xhj60f-60kg-24u-360w-sneeuwvlok-ijsmachine\/#primaryimage"},"image":{"@id":"https:\/\/kengmingcn.com\/nl\/product\/xhj60f-60kg-24u-360w-sneeuwvlok-ijsmachine\/#primaryimage"},"thumbnailUrl":"https:\/\/kengmingcn.com\/wp-content\/uploads\/2026\/02\/XHJ60F_1_11zon.webp","datePublished":"2026-02-10T07:15:43+00:00","dateModified":"2026-02-10T07:42:33+00:00","description":"Modelo: XHJ60F, capacidad: 60kg\/24h, pre-enfriamiento durante 1 minuto, y r\u00e1pida producci\u00f3n de hielo en escamas inmediatamente despu\u00e9s de verter las materias primas.","breadcrumb":{"@id":"https:\/\/kengmingcn.com\/nl\/product\/xhj60f-60kg-24u-360w-sneeuwvlok-ijsmachine\/#breadcrumb"},"inLanguage":"es","potentialAction":[{"@type":"ReadAction","target":["https:\/\/kengmingcn.com\/nl\/product\/xhj60f-60kg-24u-360w-sneeuwvlok-ijsmachine\/"]}]},{"@type":"ImageObject","inLanguage":"es","@id":"https:\/\/kengmingcn.com\/nl\/product\/xhj60f-60kg-24u-360w-sneeuwvlok-ijsmachine\/#primaryimage","url":"https:\/\/kengmingcn.com\/wp-content\/uploads\/2026\/02\/XHJ60F_1_11zon.webp","contentUrl":"https:\/\/kengmingcn.com\/wp-content\/uploads\/2026\/02\/XHJ60F_1_11zon.webp","width":800,"height":800,"caption":"XHJ60F 60kg\/24h bingsu machine"},{"@type":"BreadcrumbList","@id":"https:\/\/kengmingcn.com\/nl\/product\/xhj60f-60kg-24u-360w-sneeuwvlok-ijsmachine\/#breadcrumb","itemListElement":[{"@type":"ListItem","position":1,"name":"Home","item":"https:\/\/kengmingcn.com\/"},{"@type":"ListItem","position":2,"name":"Catalogue","item":"https:\/\/kengmingcn.com\/?page_id=27131"},{"@type":"ListItem","position":3,"name":"60kg\/24h XHJ60F 360W Snow Ice Machine Rapid Production Bingsu"}]},{"@type":"WebSite","@id":"https:\/\/kengmingcn.com\/#website","url":"https:\/\/kengmingcn.com\/","name":"Equipamiento de cocina","description":"KengMing es un fabricante profesional de equipos de cocina comercial y proveedor mayorista, que ofrece equipos de cocina, preparaci\u00f3n de alimentos y panader\u00eda con servicio OEM y ODM para distribuidores globales.","publisher":{"@id":"https:\/\/kengmingcn.com\/#organization"},"potentialAction":[{"@type":"SearchAction","target":{"@type":"EntryPoint","urlTemplate":"https:\/\/kengmingcn.com\/?s={search_term_string}"},"query-input":{"@type":"PropertyValueSpecification","valueRequired":true,"valueName":"search_term_string"}}],"inLanguage":"es"},{"@type":"Organization","@id":"https:\/\/kengmingcn.com\/#organization","name":"GuangZhou KengMing","url":"https:\/\/kengmingcn.com\/","logo":{"@type":"ImageObject","inLanguage":"es","@id":"https:\/\/kengmingcn.com\/#\/schema\/logo\/image\/","url":"https:\/\/kengmingcn.com\/wp-content\/uploads\/2025\/04\/cropped-1744508604969-removebg-preview.png","contentUrl":"https:\/\/kengmingcn.com\/wp-content\/uploads\/2025\/04\/cropped-1744508604969-removebg-preview.png","width":512,"height":512,"caption":"GuangZhou KengMing"},"image":{"@id":"https:\/\/kengmingcn.com\/#\/schema\/logo\/image\/"}}]},"product_price_amount":"0.00","product_price_currency":"USD","og_availability":"instock","product_availability":"instock","product_condition":"new"},"_links":{"self":[{"href":"https:\/\/kengmingcn.com\/es\/wp-json\/wp\/v2\/product\/53191","targetHints":{"allow":["GET"]}}],"collection":[{"href":"https:\/\/kengmingcn.com\/es\/wp-json\/wp\/v2\/product"}],"about":[{"href":"https:\/\/kengmingcn.com\/es\/wp-json\/wp\/v2\/types\/product"}],"replies":[{"embeddable":true,"href":"https:\/\/kengmingcn.com\/es\/wp-json\/wp\/v2\/comments?post=53191"}],"wp:featuredmedia":[{"embeddable":true,"href":"https:\/\/kengmingcn.com\/es\/wp-json\/wp\/v2\/media\/53192"}],"wp:attachment":[{"href":"https:\/\/kengmingcn.com\/es\/wp-json\/wp\/v2\/media?parent=53191"}],"wp:term":[{"taxonomy":"product_brand","embeddable":true,"href":"https:\/\/kengmingcn.com\/es\/wp-json\/wp\/v2\/product_brand?post=53191"},{"taxonomy":"product_cat","embeddable":true,"href":"https:\/\/kengmingcn.com\/es\/wp-json\/wp\/v2\/product_cat?post=53191"},{"taxonomy":"product_tag","embeddable":true,"href":"https:\/\/kengmingcn.com\/es\/wp-json\/wp\/v2\/product_tag?post=53191"}],"curies":[{"name":"wp","href":"https:\/\/api.w.org\/{rel}","templated":true}]}}