{"id":52140,"date":"2025-09-28T17:30:43","date_gmt":"2025-09-28T09:30:43","guid":{"rendered":"https:\/\/kengmingcn.com\/?post_type=product&#038;p=52140"},"modified":"2025-12-30T16:33:37","modified_gmt":"2025-12-30T08:33:37","slug":"69kg-24h-media-luna-maquina-de-hielo-modelo-jmyy-70-con-certificado-ce","status":"publish","type":"product","link":"https:\/\/kengmingcn.com\/es\/product\/69kg-24h-media-luna-maquina-de-hielo-modelo-jmyy-70-con-certificado-ce\/","title":{"rendered":"M\u00e1quina de hielo Crescent de 69kg\/24h, Modelo JMYY-70 con Certificado CE"},"content":{"rendered":"<h2 class=\"wp-block-heading\" id=\"h-description\">Descripci\u00f3n<\/h2>\n\n\n\n<p>En <strong>M\u00e1quina de hielo JMYY-70 Crescent<\/strong> suministra hasta <strong>69 kg de hielo premium en forma de media luna cada 24 horas<\/strong>, con una generosa <strong>Capacidad de almacenamiento de hielo de 64 L<\/strong>, por lo que es ideal para entornos de alta demanda como bares, restaurantes, hoteles y tiendas de bebidas. Construido con un cuerpo de acero inoxidable duradero y un <strong>pantalla inteligente con visualizaci\u00f3n din\u00e1mica de procesos<\/strong>, Esta m\u00e1quina ofrece un rendimiento fiable y un manejo intuitivo en un dise\u00f1o vertical compacto (<strong>725\u00d7606\u00d71026mm<\/strong>).<\/p>\n\n\n\n<div style=\"height:30px\" aria-hidden=\"true\" class=\"wp-block-spacer\"><\/div>\n\n\n\n<figure class=\"wp-block-table is-style-stripes\"><table><thead><tr><th>Modelo<\/th><th>JMYY-70<\/th><\/tr><\/thead><tbody><tr><td>Salida<\/td><td>69kg\/24h (152lbs\/24h)<\/td><\/tr><tr><td>Potencia<\/td><td>450w<\/td><\/tr><tr><td>Almacenamiento de hielo<\/td><td>64L<\/td><\/tr><tr><td>Manera de enfriar<\/td><td>Refrigeraci\u00f3n por aire<\/td><\/tr><tr><td>N\u00famero de hielo<\/td><td>5x8x2 = 80<\/td><\/tr><tr><td>Talla<\/td><td>725 x 606 x 1026 mm<\/td><\/tr><tr><td>Peso neto<\/td><td>65kg\/143lbs<\/td><\/tr><\/tbody><\/table><\/figure>\n\n\n\n<div style=\"height:30px\" aria-hidden=\"true\" class=\"wp-block-spacer\"><\/div>\n\n\n\n<div class=\"wp-block-columns is-layout-flex wp-container-core-columns-is-layout-9d6595d7 wp-block-columns-is-layout-flex dt-cr-1\">\n<div class=\"wp-block-column is-layout-flow wp-block-column-is-layout-flow\">\n<h3 class=\"wp-block-heading has-medium-font-size\" id=\"h-high-capacity-crescent-ice-production\"><strong><strong>Producci\u00f3n de hielo de media luna de gran capacidad<\/strong><\/strong><\/h3>\n\n\n\n<p>Produce hasta <strong>69 kg de media luna de hielo al d\u00eda<\/strong>, ideal para c\u00f3cteles, refrescos y servicio de comidas, con hielo que se derrite lentamente y conserva el sabor de la bebida.<\/p>\n<\/div>\n\n\n\n<div class=\"wp-block-column is-layout-flow wp-block-column-is-layout-flow\">\n<h3 class=\"wp-block-heading has-medium-font-size\" id=\"h-large-ice-storage-bin\"><strong>Gran dep\u00f3sito de hielo<\/strong><\/h3>\n\n\n\n<p>Equipado con un <strong>Capacidad de almacenamiento de 64 litros<\/strong>, garantizando un suministro constante de hielo durante las horas punta.<\/p>\n<\/div>\n<\/div>\n\n\n\n<div style=\"height:30px\" aria-hidden=\"true\" class=\"wp-block-spacer\"><\/div>\n\n\n\n<div class=\"wp-block-columns is-layout-flex wp-container-core-columns-is-layout-9d6595d7 wp-block-columns-is-layout-flex dt-cr-2\">\n<div class=\"wp-block-column is-layout-flow wp-block-column-is-layout-flow\">\n<h3 class=\"wp-block-heading has-medium-font-size\" id=\"h-smart-screen-with-dynamic-display\"><strong><strong>Pantalla inteligente con visualizaci\u00f3n din\u00e1mica<\/strong><\/strong><\/h3>\n\n\n\n<p>La visualizaci\u00f3n en tiempo real del proceso de fabricaci\u00f3n de hielo y del estado de la m\u00e1quina facilita la supervisi\u00f3n y el funcionamiento.<br><\/p>\n<\/div>\n\n\n\n<div class=\"wp-block-column is-layout-flow wp-block-column-is-layout-flow\">\n<h3 class=\"wp-block-heading has-medium-font-size\" id=\"h-high-quality-stainless-steel-body\"><strong><strong>Cuerpo de acero inoxidable de alta calidad<\/strong><\/strong><\/h3>\n\n\n\n<p>Duraderas, resistentes a la corrosi\u00f3n y f\u00e1ciles de limpiar, cumplen las normas de higiene para entornos comerciales.<\/p>\n<\/div>\n<\/div>\n\n\n\n<div style=\"height:30px\" aria-hidden=\"true\" class=\"wp-block-spacer\"><\/div>\n\n\n\n<div class=\"wp-block-columns is-layout-flex wp-container-core-columns-is-layout-9d6595d7 wp-block-columns-is-layout-flex dt-cr-3\">\n<div class=\"wp-block-column is-layout-flow wp-block-column-is-layout-flow\">\n<h3 class=\"wp-block-heading has-medium-font-size\" id=\"h-more-detail\">M\u00e1s detalles<\/h3>\n\n\n\n<figure class=\"wp-block-gallery has-nested-images columns-2 is-cropped wp-block-gallery-1 is-layout-flex wp-block-gallery-is-layout-flex\">\n<figure class=\"wp-block-image size-full\"><img decoding=\"async\" width=\"790\" height=\"700\" data-id=\"52132\" src=\"https:\/\/kengmingcn.com\/wp-content\/uploads\/2025\/09\/JMYY-40-\u8be6\u60c5_05_5.webp\" alt=\"M\u00e1quina de hielo JuanMing Crescent\" class=\"wp-image-52132\" srcset=\"https:\/\/kengmingcn.com\/wp-content\/uploads\/2025\/09\/JMYY-40-\u8be6\u60c5_05_5.webp 790w, https:\/\/kengmingcn.com\/wp-content\/uploads\/2025\/09\/JMYY-40-\u8be6\u60c5_05_5-300x266.webp 300w, https:\/\/kengmingcn.com\/wp-content\/uploads\/2025\/09\/JMYY-40-\u8be6\u60c5_05_5-768x681.webp 768w, https:\/\/kengmingcn.com\/wp-content\/uploads\/2025\/09\/JMYY-40-\u8be6\u60c5_05_5-14x12.webp 14w\" sizes=\"(max-width: 790px) 100vw, 790px\" \/><\/figure>\n\n\n\n<figure class=\"wp-block-image size-full\"><img decoding=\"async\" width=\"800\" height=\"800\" data-id=\"52126\" src=\"https:\/\/kengmingcn.com\/wp-content\/uploads\/2025\/09\/5_9_11zon.webp\" alt=\"M\u00e1quina de hielo JuanMing Crescent\" class=\"wp-image-52126\" srcset=\"https:\/\/kengmingcn.com\/wp-content\/uploads\/2025\/09\/5_9_11zon.webp 800w, https:\/\/kengmingcn.com\/wp-content\/uploads\/2025\/09\/5_9_11zon-300x300.webp 300w, https:\/\/kengmingcn.com\/wp-content\/uploads\/2025\/09\/5_9_11zon-150x150.webp 150w, https:\/\/kengmingcn.com\/wp-content\/uploads\/2025\/09\/5_9_11zon-768x768.webp 768w, https:\/\/kengmingcn.com\/wp-content\/uploads\/2025\/09\/5_9_11zon-12x12.webp 12w, https:\/\/kengmingcn.com\/wp-content\/uploads\/2025\/09\/5_9_11zon-200x200.webp 200w\" sizes=\"(max-width: 800px) 100vw, 800px\" \/><\/figure>\n\n\n\n<figure class=\"wp-block-image size-full\"><img decoding=\"async\" width=\"800\" height=\"800\" data-id=\"52125\" src=\"https:\/\/kengmingcn.com\/wp-content\/uploads\/2025\/09\/4_8_11zon.webp\" alt=\"M\u00e1quina de hielo JuanMing Crescent\" class=\"wp-image-52125\" srcset=\"https:\/\/kengmingcn.com\/wp-content\/uploads\/2025\/09\/4_8_11zon.webp 800w, https:\/\/kengmingcn.com\/wp-content\/uploads\/2025\/09\/4_8_11zon-300x300.webp 300w, https:\/\/kengmingcn.com\/wp-content\/uploads\/2025\/09\/4_8_11zon-150x150.webp 150w, https:\/\/kengmingcn.com\/wp-content\/uploads\/2025\/09\/4_8_11zon-768x768.webp 768w, https:\/\/kengmingcn.com\/wp-content\/uploads\/2025\/09\/4_8_11zon-12x12.webp 12w, https:\/\/kengmingcn.com\/wp-content\/uploads\/2025\/09\/4_8_11zon-200x200.webp 200w\" sizes=\"(max-width: 800px) 100vw, 800px\" \/><\/figure>\n\n\n\n<figure class=\"wp-block-image size-full\"><img decoding=\"async\" width=\"800\" height=\"800\" data-id=\"52124\" src=\"https:\/\/kengmingcn.com\/wp-content\/uploads\/2025\/09\/3_7_11zon.webp\" alt=\"M\u00e1quina de hielo JuanMing Crescent\" class=\"wp-image-52124\" srcset=\"https:\/\/kengmingcn.com\/wp-content\/uploads\/2025\/09\/3_7_11zon.webp 800w, https:\/\/kengmingcn.com\/wp-content\/uploads\/2025\/09\/3_7_11zon-300x300.webp 300w, https:\/\/kengmingcn.com\/wp-content\/uploads\/2025\/09\/3_7_11zon-150x150.webp 150w, https:\/\/kengmingcn.com\/wp-content\/uploads\/2025\/09\/3_7_11zon-768x768.webp 768w, https:\/\/kengmingcn.com\/wp-content\/uploads\/2025\/09\/3_7_11zon-12x12.webp 12w, https:\/\/kengmingcn.com\/wp-content\/uploads\/2025\/09\/3_7_11zon-200x200.webp 200w\" sizes=\"(max-width: 800px) 100vw, 800px\" \/><\/figure>\n\n\n\n<figure class=\"wp-block-image size-full\"><img decoding=\"async\" width=\"800\" height=\"800\" data-id=\"52123\" src=\"https:\/\/kengmingcn.com\/wp-content\/uploads\/2025\/09\/2_6_11zon.webp\" alt=\"\" class=\"wp-image-52123\" srcset=\"https:\/\/kengmingcn.com\/wp-content\/uploads\/2025\/09\/2_6_11zon.webp 800w, https:\/\/kengmingcn.com\/wp-content\/uploads\/2025\/09\/2_6_11zon-300x300.webp 300w, https:\/\/kengmingcn.com\/wp-content\/uploads\/2025\/09\/2_6_11zon-150x150.webp 150w, https:\/\/kengmingcn.com\/wp-content\/uploads\/2025\/09\/2_6_11zon-768x768.webp 768w, https:\/\/kengmingcn.com\/wp-content\/uploads\/2025\/09\/2_6_11zon-12x12.webp 12w, https:\/\/kengmingcn.com\/wp-content\/uploads\/2025\/09\/2_6_11zon-200x200.webp 200w\" sizes=\"(max-width: 800px) 100vw, 800px\" \/><\/figure>\n\n\n\n<figure class=\"wp-block-image size-full\"><img decoding=\"async\" width=\"790\" height=\"989\" data-id=\"52136\" src=\"https:\/\/kengmingcn.com\/wp-content\/uploads\/2025\/09\/JMYY-40-\u8be6\u60c5_09_9.webp\" alt=\"M\u00e1quina de hielo JuanMing Crescent\" class=\"wp-image-52136\" srcset=\"https:\/\/kengmingcn.com\/wp-content\/uploads\/2025\/09\/JMYY-40-\u8be6\u60c5_09_9.webp 790w, https:\/\/kengmingcn.com\/wp-content\/uploads\/2025\/09\/JMYY-40-\u8be6\u60c5_09_9-240x300.webp 240w, https:\/\/kengmingcn.com\/wp-content\/uploads\/2025\/09\/JMYY-40-\u8be6\u60c5_09_9-768x961.webp 768w, https:\/\/kengmingcn.com\/wp-content\/uploads\/2025\/09\/JMYY-40-\u8be6\u60c5_09_9-10x12.webp 10w\" sizes=\"(max-width: 790px) 100vw, 790px\" \/><\/figure>\n<\/figure>\n<\/div>\n<\/div>\n\n\n\n<div class=\"wp-block-columns is-layout-flex wp-container-core-columns-is-layout-9d6595d7 wp-block-columns-is-layout-flex dt-cr-4\">\n<div class=\"wp-block-column is-layout-flow wp-block-column-is-layout-flow\">\n<div style=\"height:30px\" aria-hidden=\"true\" class=\"wp-block-spacer\"><\/div>\n\n\n\n<h3 class=\"wp-block-heading\" id=\"h-why-choose-us\">\u00bfPor qu\u00e9 elegirnos?<\/h3>\n\n\n\n<p>Dise\u00f1ado para ofrecer eficacia y estabilidad a largo plazo, el <strong>JMYY-70<\/strong> est\u00e1 equipada con un potente compresor y un avanzado sistema de radiadores que garantizan una refrigeraci\u00f3n r\u00e1pida y una producci\u00f3n continua de hielo. Su construcci\u00f3n higi\u00e9nica en acero inoxidable, su interfaz inteligente f\u00e1cil de usar y su tama\u00f1o compacto la convierten en una opci\u00f3n fiable para aplicaciones comerciales que requieren hielo en escamas constante y de alta calidad durante todo el d\u00eda.<\/p>\n<\/div>\n<\/div>","protected":false},"excerpt":{"rendered":"<ul>\n<li class=\"ai-optimize-27\">\n<div class=\"paragraph\">potencia: 450 W<\/div>\n<\/li>\n<li class=\"ai-optimize-28\">\n<div class=\"paragraph\">Producci\u00f3n de hielo: 69KG\/24H<\/div>\n<\/li>\n<li class=\"ai-optimize-34\">Almacenamiento de hielo: 64L<\/li>\n<li class=\"ai-optimize-35\">N\u00famero de hielo: 5x8x2<\/li>\n<\/ul>","protected":false},"featured_media":52890,"comment_status":"open","ping_status":"closed","template":"","meta":{"_acf_changed":false},"product_brand":[],"product_cat":[246,275],"product_tag":[],"class_list":{"0":"post-52140","1":"product","2":"type-product","3":"status-publish","4":"has-post-thumbnail","6":"product_cat-ice-maker","7":"product_cat-refrigeration-equipment","8":"description-off","10":"first","11":"instock","12":"shipping-taxable","13":"product-type-simple"},"acf":[],"yoast_head":"<!-- This site is optimized with the Yoast SEO Premium plugin v25.3 (Yoast SEO v26.3) - https:\/\/yoast.com\/wordpress\/plugins\/seo\/ -->\n<title>69kg\/24h Crescent Ice Machine, Model JMYY-70 with CE Certificate - KengMing | Manufacturer of Commercial Kitchen Equipment<\/title>\n<meta name=\"description\" content=\"CE certified 69kg\/24h Crescent Ice Machine JMYY-70! Efficient ice making suitable for beverage and convenience stores, with crescent shaped ice that is easy to use and stable output to meet daily ice needs!\" \/>\n<meta name=\"robots\" content=\"index, follow, max-snippet:-1, max-image-preview:large, max-video-preview:-1\" \/>\n<link rel=\"canonical\" href=\"https:\/\/kengmingcn.com\/es\/product\/69kg-24h-media-luna-maquina-de-hielo-modelo-jmyy-70-con-certificado-ce\/\" \/>\n<meta property=\"og:locale\" content=\"es_MX\" \/>\n<meta property=\"og:type\" content=\"article\" \/>\n<meta property=\"og:title\" content=\"69kg\/24h Crescent Ice Machine, Model JMYY-70 with CE Certificate\" \/>\n<meta property=\"og:description\" content=\"CE certified 69kg\/24h Crescent Ice Machine JMYY-70! Efficient ice making suitable for beverage and convenience stores, with crescent shaped ice that is easy to use and stable output to meet daily ice needs!\" \/>\n<meta property=\"og:url\" content=\"https:\/\/kengmingcn.com\/es\/product\/69kg-24h-media-luna-maquina-de-hielo-modelo-jmyy-70-con-certificado-ce\/\" \/>\n<meta property=\"og:site_name\" content=\"KengMing | Manufacturer of Commercial Kitchen Equipment\" \/>\n<meta property=\"article:modified_time\" content=\"2025-12-30T08:33:37+00:00\" \/>\n<meta property=\"og:image\" content=\"https:\/\/kengmingcn.com\/wp-content\/uploads\/2025\/09\/JMYY-70_2_11zon.webp\" \/>\n\t<meta property=\"og:image:width\" content=\"800\" \/>\n\t<meta property=\"og:image:height\" content=\"800\" \/>\n\t<meta property=\"og:image:type\" content=\"image\/webp\" \/>\n<meta name=\"twitter:card\" content=\"summary_large_image\" \/>\n<meta name=\"twitter:label1\" content=\"Precio\" \/>\n\t<meta name=\"twitter:data1\" content=\"\" \/>\n\t<meta name=\"twitter:label2\" content=\"Disponibilidad\" \/>\n\t<meta name=\"twitter:data2\" content=\"Disponible\" \/>\n<script type=\"application\/ld+json\" class=\"yoast-schema-graph\">{\"@context\":\"https:\/\/schema.org\",\"@graph\":[{\"@type\":\"WebPage\",\"@id\":\"https:\/\/kengmingcn.com\/ar\/product\/%d8%a2%d9%84%d8%a9-%d8%b5%d9%86%d8%b9-%d8%a7%d9%84%d8%ab%d9%84%d8%ac-%d8%a7%d9%84%d9%87%d9%84%d8%a7%d9%84%d9%8a%d8%a9-%d8%b3%d8%b9%d8%a9-69-%d9%83%d8%ac%d9%85-24-%d8%b3%d8%a7%d8%b9%d8%a9-%d9%85%d9%88\/\",\"url\":\"https:\/\/kengmingcn.com\/ar\/product\/%d8%a2%d9%84%d8%a9-%d8%b5%d9%86%d8%b9-%d8%a7%d9%84%d8%ab%d9%84%d8%ac-%d8%a7%d9%84%d9%87%d9%84%d8%a7%d9%84%d9%8a%d8%a9-%d8%b3%d8%b9%d8%a9-69-%d9%83%d8%ac%d9%85-24-%d8%b3%d8%a7%d8%b9%d8%a9-%d9%85%d9%88\/\",\"name\":\"69kg\/24h Crescent Ice Machine, Model JMYY-70 with CE Certificate - KengMing | Manufacturer of Commercial Kitchen Equipment\",\"isPartOf\":{\"@id\":\"https:\/\/kengmingcn.com\/#website\"},\"primaryImageOfPage\":{\"@id\":\"https:\/\/kengmingcn.com\/ar\/product\/%d8%a2%d9%84%d8%a9-%d8%b5%d9%86%d8%b9-%d8%a7%d9%84%d8%ab%d9%84%d8%ac-%d8%a7%d9%84%d9%87%d9%84%d8%a7%d9%84%d9%8a%d8%a9-%d8%b3%d8%b9%d8%a9-69-%d9%83%d8%ac%d9%85-24-%d8%b3%d8%a7%d8%b9%d8%a9-%d9%85%d9%88\/#primaryimage\"},\"image\":{\"@id\":\"https:\/\/kengmingcn.com\/ar\/product\/%d8%a2%d9%84%d8%a9-%d8%b5%d9%86%d8%b9-%d8%a7%d9%84%d8%ab%d9%84%d8%ac-%d8%a7%d9%84%d9%87%d9%84%d8%a7%d9%84%d9%8a%d8%a9-%d8%b3%d8%b9%d8%a9-69-%d9%83%d8%ac%d9%85-24-%d8%b3%d8%a7%d8%b9%d8%a9-%d9%85%d9%88\/#primaryimage\"},\"thumbnailUrl\":\"https:\/\/kengmingcn.com\/wp-content\/uploads\/2025\/09\/JMYY-70_2_11zon.webp\",\"datePublished\":\"2025-09-28T09:30:43+00:00\",\"dateModified\":\"2025-12-30T08:33:37+00:00\",\"description\":\"CE certified 69kg\/24h Crescent Ice Machine JMYY-70! Efficient ice making suitable for beverage and convenience stores, with crescent shaped ice that is easy to use and stable output to meet daily ice needs!\",\"breadcrumb\":{\"@id\":\"https:\/\/kengmingcn.com\/ar\/product\/%d8%a2%d9%84%d8%a9-%d8%b5%d9%86%d8%b9-%d8%a7%d9%84%d8%ab%d9%84%d8%ac-%d8%a7%d9%84%d9%87%d9%84%d8%a7%d9%84%d9%8a%d8%a9-%d8%b3%d8%b9%d8%a9-69-%d9%83%d8%ac%d9%85-24-%d8%b3%d8%a7%d8%b9%d8%a9-%d9%85%d9%88\/#breadcrumb\"},\"inLanguage\":\"es\",\"potentialAction\":[{\"@type\":\"ReadAction\",\"target\":[\"https:\/\/kengmingcn.com\/ar\/product\/%d8%a2%d9%84%d8%a9-%d8%b5%d9%86%d8%b9-%d8%a7%d9%84%d8%ab%d9%84%d8%ac-%d8%a7%d9%84%d9%87%d9%84%d8%a7%d9%84%d9%8a%d8%a9-%d8%b3%d8%b9%d8%a9-69-%d9%83%d8%ac%d9%85-24-%d8%b3%d8%a7%d8%b9%d8%a9-%d9%85%d9%88\/\"]}]},{\"@type\":\"ImageObject\",\"inLanguage\":\"es\",\"@id\":\"https:\/\/kengmingcn.com\/ar\/product\/%d8%a2%d9%84%d8%a9-%d8%b5%d9%86%d8%b9-%d8%a7%d9%84%d8%ab%d9%84%d8%ac-%d8%a7%d9%84%d9%87%d9%84%d8%a7%d9%84%d9%8a%d8%a9-%d8%b3%d8%b9%d8%a9-69-%d9%83%d8%ac%d9%85-24-%d8%b3%d8%a7%d8%b9%d8%a9-%d9%85%d9%88\/#primaryimage\",\"url\":\"https:\/\/kengmingcn.com\/wp-content\/uploads\/2025\/09\/JMYY-70_2_11zon.webp\",\"contentUrl\":\"https:\/\/kengmingcn.com\/wp-content\/uploads\/2025\/09\/JMYY-70_2_11zon.webp\",\"width\":800,\"height\":800,\"caption\":\"69kg\/24h Crescent ice machine\"},{\"@type\":\"BreadcrumbList\",\"@id\":\"https:\/\/kengmingcn.com\/ar\/product\/%d8%a2%d9%84%d8%a9-%d8%b5%d9%86%d8%b9-%d8%a7%d9%84%d8%ab%d9%84%d8%ac-%d8%a7%d9%84%d9%87%d9%84%d8%a7%d9%84%d9%8a%d8%a9-%d8%b3%d8%b9%d8%a9-69-%d9%83%d8%ac%d9%85-24-%d8%b3%d8%a7%d8%b9%d8%a9-%d9%85%d9%88\/#breadcrumb\",\"itemListElement\":[{\"@type\":\"ListItem\",\"position\":1,\"name\":\"Home\",\"item\":\"https:\/\/kengmingcn.com\/\"},{\"@type\":\"ListItem\",\"position\":2,\"name\":\"Catalogue\",\"item\":\"https:\/\/kengmingcn.com\/?page_id=27131\"},{\"@type\":\"ListItem\",\"position\":3,\"name\":\"69kg\/24h Crescent Ice Machine, Model JMYY-70 with CE Certificate\"}]},{\"@type\":\"WebSite\",\"@id\":\"https:\/\/kengmingcn.com\/#website\",\"url\":\"https:\/\/kengmingcn.com\/\",\"name\":\"Kitchen Equipment\",\"description\":\"KengMing is a professional commercial kitchen equipment manufacturer and wholesale supplier, offering cooking, food prep and bakery equipment with OEM &amp; ODM service for global distributors.\",\"publisher\":{\"@id\":\"https:\/\/kengmingcn.com\/#organization\"},\"potentialAction\":[{\"@type\":\"SearchAction\",\"target\":{\"@type\":\"EntryPoint\",\"urlTemplate\":\"https:\/\/kengmingcn.com\/?s={search_term_string}\"},\"query-input\":{\"@type\":\"PropertyValueSpecification\",\"valueRequired\":true,\"valueName\":\"search_term_string\"}}],\"inLanguage\":\"es\"},{\"@type\":\"Organization\",\"@id\":\"https:\/\/kengmingcn.com\/#organization\",\"name\":\"GuangZhou KengMing\",\"url\":\"https:\/\/kengmingcn.com\/\",\"logo\":{\"@type\":\"ImageObject\",\"inLanguage\":\"es\",\"@id\":\"https:\/\/kengmingcn.com\/#\/schema\/logo\/image\/\",\"url\":\"https:\/\/kengmingcn.com\/wp-content\/uploads\/2025\/04\/cropped-1744508604969-removebg-preview.png\",\"contentUrl\":\"https:\/\/kengmingcn.com\/wp-content\/uploads\/2025\/04\/cropped-1744508604969-removebg-preview.png\",\"width\":512,\"height\":512,\"caption\":\"GuangZhou KengMing\"},\"image\":{\"@id\":\"https:\/\/kengmingcn.com\/#\/schema\/logo\/image\/\"}}]}<\/script>\n<meta property=\"product:price:amount\" content=\"0.00\" \/>\n<meta property=\"product:price:currency\" content=\"USD\" \/>\n<meta property=\"og:availability\" content=\"instock\" \/>\n<meta property=\"product:availability\" content=\"instock\" \/>\n<meta property=\"product:condition\" content=\"new\" \/>\n<!-- \/ Yoast SEO Premium plugin. -->","yoast_head_json":{"title":"M\u00e1quina de Hielo Crescent 69kg\/24h, Modelo JMYY-70 con Certificado CE - KengMing | Fabricante de Equipamiento para Cocinas Comerciales","description":"\u00a1M\u00e1quina de hielo en forma de media luna JMYY-70 de 69kg\/24h con certificaci\u00f3n CE! Eficiente fabricaci\u00f3n de hielo adecuada para tiendas de bebidas y de conveniencia, con hielo en forma de media luna que es f\u00e1cil de usar y con una producci\u00f3n estable para satisfacer las necesidades diarias de hielo.","robots":{"index":"index","follow":"follow","max-snippet":"max-snippet:-1","max-image-preview":"max-image-preview:large","max-video-preview":"max-video-preview:-1"},"canonical":"https:\/\/kengmingcn.com\/es\/product\/69kg-24h-media-luna-maquina-de-hielo-modelo-jmyy-70-con-certificado-ce\/","og_locale":"es_MX","og_type":"article","og_title":"69kg\/24h Crescent Ice Machine, Model JMYY-70 with CE Certificate","og_description":"CE certified 69kg\/24h Crescent Ice Machine JMYY-70! Efficient ice making suitable for beverage and convenience stores, with crescent shaped ice that is easy to use and stable output to meet daily ice needs!","og_url":"https:\/\/kengmingcn.com\/es\/product\/69kg-24h-media-luna-maquina-de-hielo-modelo-jmyy-70-con-certificado-ce\/","og_site_name":"KengMing | Manufacturer of Commercial Kitchen Equipment","article_modified_time":"2025-12-30T08:33:37+00:00","og_image":[{"width":800,"height":800,"url":"https:\/\/kengmingcn.com\/wp-content\/uploads\/2025\/09\/JMYY-70_2_11zon.webp","type":"image\/webp"}],"twitter_card":"summary_large_image","twitter_misc":{"Precio":"","Disponibilidad":"Disponible"},"schema":{"@context":"https:\/\/schema.org","@graph":[{"@type":"WebPage","@id":"https:\/\/kengmingcn.com\/ar\/product\/%d8%a2%d9%84%d8%a9-%d8%b5%d9%86%d8%b9-%d8%a7%d9%84%d8%ab%d9%84%d8%ac-%d8%a7%d9%84%d9%87%d9%84%d8%a7%d9%84%d9%8a%d8%a9-%d8%b3%d8%b9%d8%a9-69-%d9%83%d8%ac%d9%85-24-%d8%b3%d8%a7%d8%b9%d8%a9-%d9%85%d9%88\/","url":"https:\/\/kengmingcn.com\/ar\/product\/%d8%a2%d9%84%d8%a9-%d8%b5%d9%86%d8%b9-%d8%a7%d9%84%d8%ab%d9%84%d8%ac-%d8%a7%d9%84%d9%87%d9%84%d8%a7%d9%84%d9%8a%d8%a9-%d8%b3%d8%b9%d8%a9-69-%d9%83%d8%ac%d9%85-24-%d8%b3%d8%a7%d8%b9%d8%a9-%d9%85%d9%88\/","name":"M\u00e1quina de Hielo Crescent 69kg\/24h, Modelo JMYY-70 con Certificado CE - KengMing | Fabricante de Equipamiento para Cocinas Comerciales","isPartOf":{"@id":"https:\/\/kengmingcn.com\/#website"},"primaryImageOfPage":{"@id":"https:\/\/kengmingcn.com\/ar\/product\/%d8%a2%d9%84%d8%a9-%d8%b5%d9%86%d8%b9-%d8%a7%d9%84%d8%ab%d9%84%d8%ac-%d8%a7%d9%84%d9%87%d9%84%d8%a7%d9%84%d9%8a%d8%a9-%d8%b3%d8%b9%d8%a9-69-%d9%83%d8%ac%d9%85-24-%d8%b3%d8%a7%d8%b9%d8%a9-%d9%85%d9%88\/#primaryimage"},"image":{"@id":"https:\/\/kengmingcn.com\/ar\/product\/%d8%a2%d9%84%d8%a9-%d8%b5%d9%86%d8%b9-%d8%a7%d9%84%d8%ab%d9%84%d8%ac-%d8%a7%d9%84%d9%87%d9%84%d8%a7%d9%84%d9%8a%d8%a9-%d8%b3%d8%b9%d8%a9-69-%d9%83%d8%ac%d9%85-24-%d8%b3%d8%a7%d8%b9%d8%a9-%d9%85%d9%88\/#primaryimage"},"thumbnailUrl":"https:\/\/kengmingcn.com\/wp-content\/uploads\/2025\/09\/JMYY-70_2_11zon.webp","datePublished":"2025-09-28T09:30:43+00:00","dateModified":"2025-12-30T08:33:37+00:00","description":"\u00a1M\u00e1quina de hielo en forma de media luna JMYY-70 de 69kg\/24h con certificaci\u00f3n CE! Eficiente fabricaci\u00f3n de hielo adecuada para tiendas de bebidas y de conveniencia, con hielo en forma de media luna que es f\u00e1cil de usar y con una producci\u00f3n estable para satisfacer las necesidades diarias de hielo.","breadcrumb":{"@id":"https:\/\/kengmingcn.com\/ar\/product\/%d8%a2%d9%84%d8%a9-%d8%b5%d9%86%d8%b9-%d8%a7%d9%84%d8%ab%d9%84%d8%ac-%d8%a7%d9%84%d9%87%d9%84%d8%a7%d9%84%d9%8a%d8%a9-%d8%b3%d8%b9%d8%a9-69-%d9%83%d8%ac%d9%85-24-%d8%b3%d8%a7%d8%b9%d8%a9-%d9%85%d9%88\/#breadcrumb"},"inLanguage":"es","potentialAction":[{"@type":"ReadAction","target":["https:\/\/kengmingcn.com\/ar\/product\/%d8%a2%d9%84%d8%a9-%d8%b5%d9%86%d8%b9-%d8%a7%d9%84%d8%ab%d9%84%d8%ac-%d8%a7%d9%84%d9%87%d9%84%d8%a7%d9%84%d9%8a%d8%a9-%d8%b3%d8%b9%d8%a9-69-%d9%83%d8%ac%d9%85-24-%d8%b3%d8%a7%d8%b9%d8%a9-%d9%85%d9%88\/"]}]},{"@type":"ImageObject","inLanguage":"es","@id":"https:\/\/kengmingcn.com\/ar\/product\/%d8%a2%d9%84%d8%a9-%d8%b5%d9%86%d8%b9-%d8%a7%d9%84%d8%ab%d9%84%d8%ac-%d8%a7%d9%84%d9%87%d9%84%d8%a7%d9%84%d9%8a%d8%a9-%d8%b3%d8%b9%d8%a9-69-%d9%83%d8%ac%d9%85-24-%d8%b3%d8%a7%d8%b9%d8%a9-%d9%85%d9%88\/#primaryimage","url":"https:\/\/kengmingcn.com\/wp-content\/uploads\/2025\/09\/JMYY-70_2_11zon.webp","contentUrl":"https:\/\/kengmingcn.com\/wp-content\/uploads\/2025\/09\/JMYY-70_2_11zon.webp","width":800,"height":800,"caption":"69kg\/24h Crescent ice machine"},{"@type":"BreadcrumbList","@id":"https:\/\/kengmingcn.com\/ar\/product\/%d8%a2%d9%84%d8%a9-%d8%b5%d9%86%d8%b9-%d8%a7%d9%84%d8%ab%d9%84%d8%ac-%d8%a7%d9%84%d9%87%d9%84%d8%a7%d9%84%d9%8a%d8%a9-%d8%b3%d8%b9%d8%a9-69-%d9%83%d8%ac%d9%85-24-%d8%b3%d8%a7%d8%b9%d8%a9-%d9%85%d9%88\/#breadcrumb","itemListElement":[{"@type":"ListItem","position":1,"name":"Home","item":"https:\/\/kengmingcn.com\/"},{"@type":"ListItem","position":2,"name":"Catalogue","item":"https:\/\/kengmingcn.com\/?page_id=27131"},{"@type":"ListItem","position":3,"name":"69kg\/24h Crescent Ice Machine, Model JMYY-70 with CE Certificate"}]},{"@type":"WebSite","@id":"https:\/\/kengmingcn.com\/#website","url":"https:\/\/kengmingcn.com\/","name":"Equipamiento de cocina","description":"KengMing es un fabricante profesional de equipos de cocina comercial y proveedor mayorista, que ofrece equipos de cocina, preparaci\u00f3n de alimentos y panader\u00eda con servicio OEM y ODM para distribuidores globales.","publisher":{"@id":"https:\/\/kengmingcn.com\/#organization"},"potentialAction":[{"@type":"SearchAction","target":{"@type":"EntryPoint","urlTemplate":"https:\/\/kengmingcn.com\/?s={search_term_string}"},"query-input":{"@type":"PropertyValueSpecification","valueRequired":true,"valueName":"search_term_string"}}],"inLanguage":"es"},{"@type":"Organization","@id":"https:\/\/kengmingcn.com\/#organization","name":"GuangZhou KengMing","url":"https:\/\/kengmingcn.com\/","logo":{"@type":"ImageObject","inLanguage":"es","@id":"https:\/\/kengmingcn.com\/#\/schema\/logo\/image\/","url":"https:\/\/kengmingcn.com\/wp-content\/uploads\/2025\/04\/cropped-1744508604969-removebg-preview.png","contentUrl":"https:\/\/kengmingcn.com\/wp-content\/uploads\/2025\/04\/cropped-1744508604969-removebg-preview.png","width":512,"height":512,"caption":"GuangZhou KengMing"},"image":{"@id":"https:\/\/kengmingcn.com\/#\/schema\/logo\/image\/"}}]},"product_price_amount":"0.00","product_price_currency":"USD","og_availability":"instock","product_availability":"instock","product_condition":"new"},"_links":{"self":[{"href":"https:\/\/kengmingcn.com\/es\/wp-json\/wp\/v2\/product\/52140","targetHints":{"allow":["GET"]}}],"collection":[{"href":"https:\/\/kengmingcn.com\/es\/wp-json\/wp\/v2\/product"}],"about":[{"href":"https:\/\/kengmingcn.com\/es\/wp-json\/wp\/v2\/types\/product"}],"replies":[{"embeddable":true,"href":"https:\/\/kengmingcn.com\/es\/wp-json\/wp\/v2\/comments?post=52140"}],"wp:featuredmedia":[{"embeddable":true,"href":"https:\/\/kengmingcn.com\/es\/wp-json\/wp\/v2\/media\/52890"}],"wp:attachment":[{"href":"https:\/\/kengmingcn.com\/es\/wp-json\/wp\/v2\/media?parent=52140"}],"wp:term":[{"taxonomy":"product_brand","embeddable":true,"href":"https:\/\/kengmingcn.com\/es\/wp-json\/wp\/v2\/product_brand?post=52140"},{"taxonomy":"product_cat","embeddable":true,"href":"https:\/\/kengmingcn.com\/es\/wp-json\/wp\/v2\/product_cat?post=52140"},{"taxonomy":"product_tag","embeddable":true,"href":"https:\/\/kengmingcn.com\/es\/wp-json\/wp\/v2\/product_tag?post=52140"}],"curies":[{"name":"wp","href":"https:\/\/api.w.org\/{rel}","templated":true}]}}