{"id":52120,"date":"2025-09-28T16:46:41","date_gmt":"2025-09-28T08:46:41","guid":{"rendered":"https:\/\/kengmingcn.com\/?post_type=product&#038;p=52120"},"modified":"2025-12-30T16:28:27","modified_gmt":"2025-12-30T08:28:27","slug":"maquina-de-hielo-de-media-luna-de-40kg-24h-modelo-jmyy-40-con-certificado-ce","status":"publish","type":"product","link":"https:\/\/kengmingcn.com\/es\/product\/maquina-de-hielo-de-media-luna-de-40kg-24h-modelo-jmyy-40-con-certificado-ce\/","title":{"rendered":"M\u00e1quina de hielo Crescent de 40kg\/24h, Modelo JMYY-40 con Certificado CE"},"content":{"rendered":"<h2 class=\"wp-block-heading\" id=\"h-description\">Descripci\u00f3n<\/h2>\n\n\n\n<p>En <strong>M\u00e1quina de hielo JMYY-40 Crescent<\/strong> entrega <strong>40 kg de hielo de alta calidad en forma de media luna cada 24 horas<\/strong>, con una capacidad de almacenamiento de <strong>20L<\/strong>, lo que la hace perfecta para cafeter\u00edas, bares, restaurantes y uso dom\u00e9stico. Compacta y eficiente (<strong>500\u00d7525\u00d7770mm<\/strong>), combina un elegante cuerpo de acero inoxidable con una interfaz de pantalla inteligente que muestra din\u00e1micamente el proceso de fabricaci\u00f3n de hielo, garantizando que los usuarios puedan supervisar el rendimiento f\u00e1cilmente.<\/p>\n\n\n\n<div style=\"height:30px\" aria-hidden=\"true\" class=\"wp-block-spacer\"><\/div>\n\n\n\n<figure class=\"wp-block-table is-style-stripes\"><table><thead><tr><th>Modelo<\/th><th>JMYY-40<\/th><\/tr><\/thead><tbody><tr><td>Salida<\/td><td>40 kg\/24 h (88 lb\/24 h)<\/td><\/tr><tr><td>Potencia<\/td><td>330w<\/td><\/tr><tr><td>Almacenamiento de hielo<\/td><td>20L<\/td><\/tr><tr><td>Manera de enfriar<\/td><td>Refrigeraci\u00f3n por aire<\/td><\/tr><tr><td>N\u00famero de hielo<\/td><td>4x6x2 = 48<\/td><\/tr><tr><td>Talla<\/td><td>500 x 525 x 770 mm<\/td><\/tr><tr><td>Peso neto<\/td><td>36kg\/79lbs<\/td><\/tr><\/tbody><\/table><\/figure>\n\n\n\n<div style=\"height:30px\" aria-hidden=\"true\" class=\"wp-block-spacer\"><\/div>\n\n\n\n<div class=\"wp-block-columns is-layout-flex wp-container-core-columns-is-layout-9d6595d7 wp-block-columns-is-layout-flex dt-cr-1\">\n<div class=\"wp-block-column is-layout-flow wp-block-column-is-layout-flow\">\n<h3 class=\"wp-block-heading has-medium-font-size\" id=\"h-high-quality-crescent-ice\"><strong>Crescent Ice de alta calidad<\/strong><\/h3>\n\n\n\n<p>Produce 40 kg de hielo en forma de media luna al d\u00eda, ideal para c\u00f3cteles, refrescos y aplicaciones de restauraci\u00f3n.<\/p>\n<\/div>\n\n\n\n<div class=\"wp-block-column is-layout-flow wp-block-column-is-layout-flow\">\n<h3 class=\"wp-block-heading has-medium-font-size\" id=\"h-smart-screen-display\"><strong>Pantalla inteligente<\/strong><\/h3>\n\n\n\n<p>La interfaz din\u00e1mica muestra el progreso de la fabricaci\u00f3n de hielo, el estado de la m\u00e1quina y las alertas, lo que simplifica el funcionamiento y la supervisi\u00f3n.<\/p>\n<\/div>\n<\/div>\n\n\n\n<div style=\"height:30px\" aria-hidden=\"true\" class=\"wp-block-spacer\"><\/div>\n\n\n\n<div class=\"wp-block-columns is-layout-flex wp-container-core-columns-is-layout-9d6595d7 wp-block-columns-is-layout-flex dt-cr-2\">\n<div class=\"wp-block-column is-layout-flow wp-block-column-is-layout-flow\">\n<h3 class=\"wp-block-heading has-medium-font-size\" id=\"h-durable-stainless-steel-body\"><strong>Cuerpo de acero inoxidable duradero<\/strong><\/h3>\n\n\n\n<p>Garantiza la higiene, la durabilidad y la facilidad de limpieza, y es adecuado tanto para entornos comerciales como dom\u00e9sticos.<\/p>\n<\/div>\n\n\n\n<div class=\"wp-block-column is-layout-flow wp-block-column-is-layout-flow\">\n<h3 class=\"wp-block-heading has-medium-font-size\" id=\"h-powerful-compressor-amp-radiator\"><strong>Potente compresor y radiador<\/strong><\/h3>\n\n\n\n<p>El sistema de refrigeraci\u00f3n r\u00e1pido y eficaz permite una producci\u00f3n de hielo constante y un rendimiento fiable en condiciones de uso intensivo.<\/p>\n<\/div>\n<\/div>\n\n\n\n<div style=\"height:30px\" aria-hidden=\"true\" class=\"wp-block-spacer\"><\/div>\n\n\n\n<div class=\"wp-block-columns is-layout-flex wp-container-core-columns-is-layout-9d6595d7 wp-block-columns-is-layout-flex dt-cr-3\">\n<div class=\"wp-block-column is-layout-flow wp-block-column-is-layout-flow\">\n<h3 class=\"wp-block-heading has-medium-font-size\" id=\"h-more-detail\">M\u00e1s detalles<\/h3>\n\n\n\n<figure class=\"wp-block-gallery has-nested-images columns-2 is-cropped wp-block-gallery-1 is-layout-flex wp-block-gallery-is-layout-flex\">\n<figure class=\"wp-block-image size-full\"><img decoding=\"async\" width=\"790\" height=\"700\" data-id=\"52132\" src=\"https:\/\/kengmingcn.com\/wp-content\/uploads\/2025\/09\/JMYY-40-\u8be6\u60c5_05_5.webp\" alt=\"M\u00e1quina de hielo JuanMing Crescent\" class=\"wp-image-52132\" srcset=\"https:\/\/kengmingcn.com\/wp-content\/uploads\/2025\/09\/JMYY-40-\u8be6\u60c5_05_5.webp 790w, https:\/\/kengmingcn.com\/wp-content\/uploads\/2025\/09\/JMYY-40-\u8be6\u60c5_05_5-300x266.webp 300w, https:\/\/kengmingcn.com\/wp-content\/uploads\/2025\/09\/JMYY-40-\u8be6\u60c5_05_5-768x681.webp 768w, https:\/\/kengmingcn.com\/wp-content\/uploads\/2025\/09\/JMYY-40-\u8be6\u60c5_05_5-14x12.webp 14w\" sizes=\"(max-width: 790px) 100vw, 790px\" \/><\/figure>\n\n\n\n<figure class=\"wp-block-image size-full\"><img decoding=\"async\" width=\"800\" height=\"800\" data-id=\"52126\" src=\"https:\/\/kengmingcn.com\/wp-content\/uploads\/2025\/09\/5_9_11zon.webp\" alt=\"M\u00e1quina de hielo JuanMing Crescent\" class=\"wp-image-52126\" srcset=\"https:\/\/kengmingcn.com\/wp-content\/uploads\/2025\/09\/5_9_11zon.webp 800w, https:\/\/kengmingcn.com\/wp-content\/uploads\/2025\/09\/5_9_11zon-300x300.webp 300w, https:\/\/kengmingcn.com\/wp-content\/uploads\/2025\/09\/5_9_11zon-150x150.webp 150w, https:\/\/kengmingcn.com\/wp-content\/uploads\/2025\/09\/5_9_11zon-768x768.webp 768w, https:\/\/kengmingcn.com\/wp-content\/uploads\/2025\/09\/5_9_11zon-12x12.webp 12w, https:\/\/kengmingcn.com\/wp-content\/uploads\/2025\/09\/5_9_11zon-200x200.webp 200w\" sizes=\"(max-width: 800px) 100vw, 800px\" \/><\/figure>\n\n\n\n<figure class=\"wp-block-image size-full\"><img decoding=\"async\" width=\"800\" height=\"800\" data-id=\"52125\" src=\"https:\/\/kengmingcn.com\/wp-content\/uploads\/2025\/09\/4_8_11zon.webp\" alt=\"M\u00e1quina de hielo JuanMing Crescent\" class=\"wp-image-52125\" srcset=\"https:\/\/kengmingcn.com\/wp-content\/uploads\/2025\/09\/4_8_11zon.webp 800w, https:\/\/kengmingcn.com\/wp-content\/uploads\/2025\/09\/4_8_11zon-300x300.webp 300w, https:\/\/kengmingcn.com\/wp-content\/uploads\/2025\/09\/4_8_11zon-150x150.webp 150w, https:\/\/kengmingcn.com\/wp-content\/uploads\/2025\/09\/4_8_11zon-768x768.webp 768w, https:\/\/kengmingcn.com\/wp-content\/uploads\/2025\/09\/4_8_11zon-12x12.webp 12w, https:\/\/kengmingcn.com\/wp-content\/uploads\/2025\/09\/4_8_11zon-200x200.webp 200w\" sizes=\"(max-width: 800px) 100vw, 800px\" \/><\/figure>\n\n\n\n<figure class=\"wp-block-image size-full\"><img decoding=\"async\" width=\"800\" height=\"800\" data-id=\"52124\" src=\"https:\/\/kengmingcn.com\/wp-content\/uploads\/2025\/09\/3_7_11zon.webp\" alt=\"M\u00e1quina de hielo JuanMing Crescent\" class=\"wp-image-52124\" srcset=\"https:\/\/kengmingcn.com\/wp-content\/uploads\/2025\/09\/3_7_11zon.webp 800w, https:\/\/kengmingcn.com\/wp-content\/uploads\/2025\/09\/3_7_11zon-300x300.webp 300w, https:\/\/kengmingcn.com\/wp-content\/uploads\/2025\/09\/3_7_11zon-150x150.webp 150w, https:\/\/kengmingcn.com\/wp-content\/uploads\/2025\/09\/3_7_11zon-768x768.webp 768w, https:\/\/kengmingcn.com\/wp-content\/uploads\/2025\/09\/3_7_11zon-12x12.webp 12w, https:\/\/kengmingcn.com\/wp-content\/uploads\/2025\/09\/3_7_11zon-200x200.webp 200w\" sizes=\"(max-width: 800px) 100vw, 800px\" \/><\/figure>\n\n\n\n<figure class=\"wp-block-image size-full\"><img decoding=\"async\" width=\"800\" height=\"800\" data-id=\"52123\" src=\"https:\/\/kengmingcn.com\/wp-content\/uploads\/2025\/09\/2_6_11zon.webp\" alt=\"\" class=\"wp-image-52123\" srcset=\"https:\/\/kengmingcn.com\/wp-content\/uploads\/2025\/09\/2_6_11zon.webp 800w, https:\/\/kengmingcn.com\/wp-content\/uploads\/2025\/09\/2_6_11zon-300x300.webp 300w, https:\/\/kengmingcn.com\/wp-content\/uploads\/2025\/09\/2_6_11zon-150x150.webp 150w, https:\/\/kengmingcn.com\/wp-content\/uploads\/2025\/09\/2_6_11zon-768x768.webp 768w, https:\/\/kengmingcn.com\/wp-content\/uploads\/2025\/09\/2_6_11zon-12x12.webp 12w, https:\/\/kengmingcn.com\/wp-content\/uploads\/2025\/09\/2_6_11zon-200x200.webp 200w\" sizes=\"(max-width: 800px) 100vw, 800px\" \/><\/figure>\n\n\n\n<figure class=\"wp-block-image size-full\"><img decoding=\"async\" width=\"790\" height=\"989\" data-id=\"52136\" src=\"https:\/\/kengmingcn.com\/wp-content\/uploads\/2025\/09\/JMYY-40-\u8be6\u60c5_09_9.webp\" alt=\"M\u00e1quina de hielo JuanMing Crescent\" class=\"wp-image-52136\" srcset=\"https:\/\/kengmingcn.com\/wp-content\/uploads\/2025\/09\/JMYY-40-\u8be6\u60c5_09_9.webp 790w, https:\/\/kengmingcn.com\/wp-content\/uploads\/2025\/09\/JMYY-40-\u8be6\u60c5_09_9-240x300.webp 240w, https:\/\/kengmingcn.com\/wp-content\/uploads\/2025\/09\/JMYY-40-\u8be6\u60c5_09_9-768x961.webp 768w, https:\/\/kengmingcn.com\/wp-content\/uploads\/2025\/09\/JMYY-40-\u8be6\u60c5_09_9-10x12.webp 10w\" sizes=\"(max-width: 790px) 100vw, 790px\" \/><\/figure>\n<\/figure>\n<\/div>\n<\/div>\n\n\n\n<div class=\"wp-block-columns is-layout-flex wp-container-core-columns-is-layout-9d6595d7 wp-block-columns-is-layout-flex dt-cr-4\">\n<div class=\"wp-block-column is-layout-flow wp-block-column-is-layout-flow\">\n<div style=\"height:30px\" aria-hidden=\"true\" class=\"wp-block-spacer\"><\/div>\n\n\n\n<h3 class=\"wp-block-heading\" id=\"h-why-choose-us\">\u00bfPor qu\u00e9 elegirnos?<\/h3>\n\n\n\n<p>Dise\u00f1ado para la comodidad, la higiene y el rendimiento, el <strong>JMYY-40<\/strong> cuenta con un potente sistema de compresor y radiador para una producci\u00f3n de hielo r\u00e1pida y eficiente. Su pantalla inteligente permite la supervisi\u00f3n en tiempo real, mientras que el resistente cuerpo de acero inoxidable garantiza una fiabilidad duradera. Compacta, elegante y f\u00e1cil de usar, esta m\u00e1quina de hielo semilunar produce hielo consistente y de alta calidad que realza las bebidas y mantiene satisfechos a los clientes.<\/p>\n<\/div>\n<\/div>\n\n\n\n<p><\/p>","protected":false},"excerpt":{"rendered":"<ul>\n<li class=\"ai-optimize-27\">\n<div class=\"paragraph\">potencia: 330W<\/div>\n<\/li>\n<li class=\"ai-optimize-28\">\n<div class=\"paragraph\">Producci\u00f3n de hielo: 40KG\/24H<\/div>\n<\/li>\n<li class=\"ai-optimize-34\">Almacenamiento de hielo: 20L<\/li>\n<li class=\"ai-optimize-35\">N\u00famero de hielo: 4x6x2<\/li>\n<\/ul>","protected":false},"featured_media":52889,"comment_status":"open","ping_status":"closed","template":"","meta":{"_acf_changed":false},"product_brand":[],"product_cat":[246,275],"product_tag":[],"class_list":{"0":"post-52120","1":"product","2":"type-product","3":"status-publish","4":"has-post-thumbnail","6":"product_cat-ice-maker","7":"product_cat-refrigeration-equipment","8":"description-off","10":"first","11":"instock","12":"shipping-taxable","13":"product-type-simple"},"acf":[],"yoast_head":"<!-- This site is optimized with the Yoast SEO Premium plugin v25.3 (Yoast SEO v26.3) - https:\/\/yoast.com\/wordpress\/plugins\/seo\/ -->\n<title>40kg\/24h Crescent Ice Machine, Model JMYY-40 with CE Certificate - KengMing | Manufacturer of Commercial Kitchen Equipment<\/title>\n<meta name=\"description\" content=\"CE certified 40kg\/24h Crescent Ice Machine JMYy-40! Efficient ice making suitable for beverage and convenience stores, with crescent shaped ice that is easy to use and stable output to meet daily ice needs!\" \/>\n<meta name=\"robots\" content=\"index, follow, max-snippet:-1, max-image-preview:large, max-video-preview:-1\" \/>\n<link rel=\"canonical\" href=\"https:\/\/kengmingcn.com\/es\/product\/maquina-de-hielo-de-media-luna-de-40kg-24h-modelo-jmyy-40-con-certificado-ce\/\" \/>\n<meta property=\"og:locale\" content=\"es_MX\" \/>\n<meta property=\"og:type\" content=\"article\" \/>\n<meta property=\"og:title\" content=\"40kg\/24h Crescent Ice Machine, Model JMYY-40 with CE Certificate\" \/>\n<meta property=\"og:description\" content=\"CE certified 40kg\/24h Crescent Ice Machine JMYy-40! Efficient ice making suitable for beverage and convenience stores, with crescent shaped ice that is easy to use and stable output to meet daily ice needs!\" \/>\n<meta property=\"og:url\" content=\"https:\/\/kengmingcn.com\/es\/product\/maquina-de-hielo-de-media-luna-de-40kg-24h-modelo-jmyy-40-con-certificado-ce\/\" \/>\n<meta property=\"og:site_name\" content=\"KengMing | Manufacturer of Commercial Kitchen Equipment\" \/>\n<meta property=\"article:modified_time\" content=\"2025-12-30T08:28:27+00:00\" \/>\n<meta property=\"og:image\" content=\"https:\/\/kengmingcn.com\/wp-content\/uploads\/2025\/09\/JMYY-40_1_11zon.webp\" \/>\n\t<meta property=\"og:image:width\" content=\"800\" \/>\n\t<meta property=\"og:image:height\" content=\"800\" \/>\n\t<meta property=\"og:image:type\" content=\"image\/webp\" \/>\n<meta name=\"twitter:card\" content=\"summary_large_image\" \/>\n<meta name=\"twitter:label1\" content=\"Precio\" \/>\n\t<meta name=\"twitter:data1\" content=\"\" \/>\n\t<meta name=\"twitter:label2\" content=\"Disponibilidad\" \/>\n\t<meta name=\"twitter:data2\" content=\"Disponible\" \/>\n<script type=\"application\/ld+json\" class=\"yoast-schema-graph\">{\"@context\":\"https:\/\/schema.org\",\"@graph\":[{\"@type\":\"WebPage\",\"@id\":\"https:\/\/kengmingcn.com\/ja\/product\/ce-%e3%81%ae%e8%a8%bc%e6%98%8e%e6%9b%b8%e3%81%8c%e4%bb%98%e3%81%84%e3%81%a6%e3%81%84%e3%82%8b-40kg-24h-%e3%81%ae%e4%b8%89%e6%97%a5%e6%9c%88%e3%81%ae%e8%a3%bd%e6%b0%b7%e6%a9%9f%e3%83%a2%e3%83%87\/\",\"url\":\"https:\/\/kengmingcn.com\/ja\/product\/ce-%e3%81%ae%e8%a8%bc%e6%98%8e%e6%9b%b8%e3%81%8c%e4%bb%98%e3%81%84%e3%81%a6%e3%81%84%e3%82%8b-40kg-24h-%e3%81%ae%e4%b8%89%e6%97%a5%e6%9c%88%e3%81%ae%e8%a3%bd%e6%b0%b7%e6%a9%9f%e3%83%a2%e3%83%87\/\",\"name\":\"40kg\/24h Crescent Ice Machine, Model JMYY-40 with CE Certificate - KengMing | Manufacturer of Commercial Kitchen Equipment\",\"isPartOf\":{\"@id\":\"https:\/\/kengmingcn.com\/#website\"},\"primaryImageOfPage\":{\"@id\":\"https:\/\/kengmingcn.com\/ja\/product\/ce-%e3%81%ae%e8%a8%bc%e6%98%8e%e6%9b%b8%e3%81%8c%e4%bb%98%e3%81%84%e3%81%a6%e3%81%84%e3%82%8b-40kg-24h-%e3%81%ae%e4%b8%89%e6%97%a5%e6%9c%88%e3%81%ae%e8%a3%bd%e6%b0%b7%e6%a9%9f%e3%83%a2%e3%83%87\/#primaryimage\"},\"image\":{\"@id\":\"https:\/\/kengmingcn.com\/ja\/product\/ce-%e3%81%ae%e8%a8%bc%e6%98%8e%e6%9b%b8%e3%81%8c%e4%bb%98%e3%81%84%e3%81%a6%e3%81%84%e3%82%8b-40kg-24h-%e3%81%ae%e4%b8%89%e6%97%a5%e6%9c%88%e3%81%ae%e8%a3%bd%e6%b0%b7%e6%a9%9f%e3%83%a2%e3%83%87\/#primaryimage\"},\"thumbnailUrl\":\"https:\/\/kengmingcn.com\/wp-content\/uploads\/2025\/09\/JMYY-40_1_11zon.webp\",\"datePublished\":\"2025-09-28T08:46:41+00:00\",\"dateModified\":\"2025-12-30T08:28:27+00:00\",\"description\":\"CE certified 40kg\/24h Crescent Ice Machine JMYy-40! Efficient ice making suitable for beverage and convenience stores, with crescent shaped ice that is easy to use and stable output to meet daily ice needs!\",\"breadcrumb\":{\"@id\":\"https:\/\/kengmingcn.com\/ja\/product\/ce-%e3%81%ae%e8%a8%bc%e6%98%8e%e6%9b%b8%e3%81%8c%e4%bb%98%e3%81%84%e3%81%a6%e3%81%84%e3%82%8b-40kg-24h-%e3%81%ae%e4%b8%89%e6%97%a5%e6%9c%88%e3%81%ae%e8%a3%bd%e6%b0%b7%e6%a9%9f%e3%83%a2%e3%83%87\/#breadcrumb\"},\"inLanguage\":\"es\",\"potentialAction\":[{\"@type\":\"ReadAction\",\"target\":[\"https:\/\/kengmingcn.com\/ja\/product\/ce-%e3%81%ae%e8%a8%bc%e6%98%8e%e6%9b%b8%e3%81%8c%e4%bb%98%e3%81%84%e3%81%a6%e3%81%84%e3%82%8b-40kg-24h-%e3%81%ae%e4%b8%89%e6%97%a5%e6%9c%88%e3%81%ae%e8%a3%bd%e6%b0%b7%e6%a9%9f%e3%83%a2%e3%83%87\/\"]}]},{\"@type\":\"ImageObject\",\"inLanguage\":\"es\",\"@id\":\"https:\/\/kengmingcn.com\/ja\/product\/ce-%e3%81%ae%e8%a8%bc%e6%98%8e%e6%9b%b8%e3%81%8c%e4%bb%98%e3%81%84%e3%81%a6%e3%81%84%e3%82%8b-40kg-24h-%e3%81%ae%e4%b8%89%e6%97%a5%e6%9c%88%e3%81%ae%e8%a3%bd%e6%b0%b7%e6%a9%9f%e3%83%a2%e3%83%87\/#primaryimage\",\"url\":\"https:\/\/kengmingcn.com\/wp-content\/uploads\/2025\/09\/JMYY-40_1_11zon.webp\",\"contentUrl\":\"https:\/\/kengmingcn.com\/wp-content\/uploads\/2025\/09\/JMYY-40_1_11zon.webp\",\"width\":800,\"height\":800,\"caption\":\"40kg\/24h Crescent ice machine\"},{\"@type\":\"BreadcrumbList\",\"@id\":\"https:\/\/kengmingcn.com\/ja\/product\/ce-%e3%81%ae%e8%a8%bc%e6%98%8e%e6%9b%b8%e3%81%8c%e4%bb%98%e3%81%84%e3%81%a6%e3%81%84%e3%82%8b-40kg-24h-%e3%81%ae%e4%b8%89%e6%97%a5%e6%9c%88%e3%81%ae%e8%a3%bd%e6%b0%b7%e6%a9%9f%e3%83%a2%e3%83%87\/#breadcrumb\",\"itemListElement\":[{\"@type\":\"ListItem\",\"position\":1,\"name\":\"Home\",\"item\":\"https:\/\/kengmingcn.com\/\"},{\"@type\":\"ListItem\",\"position\":2,\"name\":\"Catalogue\",\"item\":\"https:\/\/kengmingcn.com\/?page_id=27131\"},{\"@type\":\"ListItem\",\"position\":3,\"name\":\"40kg\/24h Crescent Ice Machine, Model JMYY-40 with CE Certificate\"}]},{\"@type\":\"WebSite\",\"@id\":\"https:\/\/kengmingcn.com\/#website\",\"url\":\"https:\/\/kengmingcn.com\/\",\"name\":\"Kitchen Equipment\",\"description\":\"KengMing is a professional commercial kitchen equipment manufacturer and wholesale supplier, offering cooking, food prep and bakery equipment with OEM &amp; ODM service for global distributors.\",\"publisher\":{\"@id\":\"https:\/\/kengmingcn.com\/#organization\"},\"potentialAction\":[{\"@type\":\"SearchAction\",\"target\":{\"@type\":\"EntryPoint\",\"urlTemplate\":\"https:\/\/kengmingcn.com\/?s={search_term_string}\"},\"query-input\":{\"@type\":\"PropertyValueSpecification\",\"valueRequired\":true,\"valueName\":\"search_term_string\"}}],\"inLanguage\":\"es\"},{\"@type\":\"Organization\",\"@id\":\"https:\/\/kengmingcn.com\/#organization\",\"name\":\"GuangZhou KengMing\",\"url\":\"https:\/\/kengmingcn.com\/\",\"logo\":{\"@type\":\"ImageObject\",\"inLanguage\":\"es\",\"@id\":\"https:\/\/kengmingcn.com\/#\/schema\/logo\/image\/\",\"url\":\"https:\/\/kengmingcn.com\/wp-content\/uploads\/2025\/04\/cropped-1744508604969-removebg-preview.png\",\"contentUrl\":\"https:\/\/kengmingcn.com\/wp-content\/uploads\/2025\/04\/cropped-1744508604969-removebg-preview.png\",\"width\":512,\"height\":512,\"caption\":\"GuangZhou KengMing\"},\"image\":{\"@id\":\"https:\/\/kengmingcn.com\/#\/schema\/logo\/image\/\"}}]}<\/script>\n<meta property=\"product:price:amount\" content=\"0.00\" \/>\n<meta property=\"product:price:currency\" content=\"USD\" \/>\n<meta property=\"og:availability\" content=\"instock\" \/>\n<meta property=\"product:availability\" content=\"instock\" \/>\n<meta property=\"product:condition\" content=\"new\" \/>\n<!-- \/ Yoast SEO Premium plugin. -->","yoast_head_json":{"title":"M\u00e1quina de Hielo Crescent 40kg\/24h, Modelo JMYY-40 con Certificado CE - KengMing | Fabricante de Equipamiento para Cocinas Comerciales","description":"\u00a1M\u00e1quina de hielo en forma de media luna JMYy-40 de 40kg\/24h con certificaci\u00f3n CE! \u00a1Eficiente fabricaci\u00f3n de hielo adecuada para tiendas de bebidas y de conveniencia, con hielo en forma de media luna que es f\u00e1cil de usar y de producci\u00f3n estable para satisfacer las necesidades diarias de hielo!","robots":{"index":"index","follow":"follow","max-snippet":"max-snippet:-1","max-image-preview":"max-image-preview:large","max-video-preview":"max-video-preview:-1"},"canonical":"https:\/\/kengmingcn.com\/es\/product\/maquina-de-hielo-de-media-luna-de-40kg-24h-modelo-jmyy-40-con-certificado-ce\/","og_locale":"es_MX","og_type":"article","og_title":"40kg\/24h Crescent Ice Machine, Model JMYY-40 with CE Certificate","og_description":"CE certified 40kg\/24h Crescent Ice Machine JMYy-40! Efficient ice making suitable for beverage and convenience stores, with crescent shaped ice that is easy to use and stable output to meet daily ice needs!","og_url":"https:\/\/kengmingcn.com\/es\/product\/maquina-de-hielo-de-media-luna-de-40kg-24h-modelo-jmyy-40-con-certificado-ce\/","og_site_name":"KengMing | Manufacturer of Commercial Kitchen Equipment","article_modified_time":"2025-12-30T08:28:27+00:00","og_image":[{"width":800,"height":800,"url":"https:\/\/kengmingcn.com\/wp-content\/uploads\/2025\/09\/JMYY-40_1_11zon.webp","type":"image\/webp"}],"twitter_card":"summary_large_image","twitter_misc":{"Precio":"","Disponibilidad":"Disponible"},"schema":{"@context":"https:\/\/schema.org","@graph":[{"@type":"WebPage","@id":"https:\/\/kengmingcn.com\/ja\/product\/ce-%e3%81%ae%e8%a8%bc%e6%98%8e%e6%9b%b8%e3%81%8c%e4%bb%98%e3%81%84%e3%81%a6%e3%81%84%e3%82%8b-40kg-24h-%e3%81%ae%e4%b8%89%e6%97%a5%e6%9c%88%e3%81%ae%e8%a3%bd%e6%b0%b7%e6%a9%9f%e3%83%a2%e3%83%87\/","url":"https:\/\/kengmingcn.com\/ja\/product\/ce-%e3%81%ae%e8%a8%bc%e6%98%8e%e6%9b%b8%e3%81%8c%e4%bb%98%e3%81%84%e3%81%a6%e3%81%84%e3%82%8b-40kg-24h-%e3%81%ae%e4%b8%89%e6%97%a5%e6%9c%88%e3%81%ae%e8%a3%bd%e6%b0%b7%e6%a9%9f%e3%83%a2%e3%83%87\/","name":"M\u00e1quina de Hielo Crescent 40kg\/24h, Modelo JMYY-40 con Certificado CE - KengMing | Fabricante de Equipamiento para Cocinas Comerciales","isPartOf":{"@id":"https:\/\/kengmingcn.com\/#website"},"primaryImageOfPage":{"@id":"https:\/\/kengmingcn.com\/ja\/product\/ce-%e3%81%ae%e8%a8%bc%e6%98%8e%e6%9b%b8%e3%81%8c%e4%bb%98%e3%81%84%e3%81%a6%e3%81%84%e3%82%8b-40kg-24h-%e3%81%ae%e4%b8%89%e6%97%a5%e6%9c%88%e3%81%ae%e8%a3%bd%e6%b0%b7%e6%a9%9f%e3%83%a2%e3%83%87\/#primaryimage"},"image":{"@id":"https:\/\/kengmingcn.com\/ja\/product\/ce-%e3%81%ae%e8%a8%bc%e6%98%8e%e6%9b%b8%e3%81%8c%e4%bb%98%e3%81%84%e3%81%a6%e3%81%84%e3%82%8b-40kg-24h-%e3%81%ae%e4%b8%89%e6%97%a5%e6%9c%88%e3%81%ae%e8%a3%bd%e6%b0%b7%e6%a9%9f%e3%83%a2%e3%83%87\/#primaryimage"},"thumbnailUrl":"https:\/\/kengmingcn.com\/wp-content\/uploads\/2025\/09\/JMYY-40_1_11zon.webp","datePublished":"2025-09-28T08:46:41+00:00","dateModified":"2025-12-30T08:28:27+00:00","description":"\u00a1M\u00e1quina de hielo en forma de media luna JMYy-40 de 40kg\/24h con certificaci\u00f3n CE! \u00a1Eficiente fabricaci\u00f3n de hielo adecuada para tiendas de bebidas y de conveniencia, con hielo en forma de media luna que es f\u00e1cil de usar y de producci\u00f3n estable para satisfacer las necesidades diarias de hielo!","breadcrumb":{"@id":"https:\/\/kengmingcn.com\/ja\/product\/ce-%e3%81%ae%e8%a8%bc%e6%98%8e%e6%9b%b8%e3%81%8c%e4%bb%98%e3%81%84%e3%81%a6%e3%81%84%e3%82%8b-40kg-24h-%e3%81%ae%e4%b8%89%e6%97%a5%e6%9c%88%e3%81%ae%e8%a3%bd%e6%b0%b7%e6%a9%9f%e3%83%a2%e3%83%87\/#breadcrumb"},"inLanguage":"es","potentialAction":[{"@type":"ReadAction","target":["https:\/\/kengmingcn.com\/ja\/product\/ce-%e3%81%ae%e8%a8%bc%e6%98%8e%e6%9b%b8%e3%81%8c%e4%bb%98%e3%81%84%e3%81%a6%e3%81%84%e3%82%8b-40kg-24h-%e3%81%ae%e4%b8%89%e6%97%a5%e6%9c%88%e3%81%ae%e8%a3%bd%e6%b0%b7%e6%a9%9f%e3%83%a2%e3%83%87\/"]}]},{"@type":"ImageObject","inLanguage":"es","@id":"https:\/\/kengmingcn.com\/ja\/product\/ce-%e3%81%ae%e8%a8%bc%e6%98%8e%e6%9b%b8%e3%81%8c%e4%bb%98%e3%81%84%e3%81%a6%e3%81%84%e3%82%8b-40kg-24h-%e3%81%ae%e4%b8%89%e6%97%a5%e6%9c%88%e3%81%ae%e8%a3%bd%e6%b0%b7%e6%a9%9f%e3%83%a2%e3%83%87\/#primaryimage","url":"https:\/\/kengmingcn.com\/wp-content\/uploads\/2025\/09\/JMYY-40_1_11zon.webp","contentUrl":"https:\/\/kengmingcn.com\/wp-content\/uploads\/2025\/09\/JMYY-40_1_11zon.webp","width":800,"height":800,"caption":"40kg\/24h Crescent ice machine"},{"@type":"BreadcrumbList","@id":"https:\/\/kengmingcn.com\/ja\/product\/ce-%e3%81%ae%e8%a8%bc%e6%98%8e%e6%9b%b8%e3%81%8c%e4%bb%98%e3%81%84%e3%81%a6%e3%81%84%e3%82%8b-40kg-24h-%e3%81%ae%e4%b8%89%e6%97%a5%e6%9c%88%e3%81%ae%e8%a3%bd%e6%b0%b7%e6%a9%9f%e3%83%a2%e3%83%87\/#breadcrumb","itemListElement":[{"@type":"ListItem","position":1,"name":"Home","item":"https:\/\/kengmingcn.com\/"},{"@type":"ListItem","position":2,"name":"Catalogue","item":"https:\/\/kengmingcn.com\/?page_id=27131"},{"@type":"ListItem","position":3,"name":"40kg\/24h Crescent Ice Machine, Model JMYY-40 with CE Certificate"}]},{"@type":"WebSite","@id":"https:\/\/kengmingcn.com\/#website","url":"https:\/\/kengmingcn.com\/","name":"Equipamiento de cocina","description":"KengMing es un fabricante profesional de equipos de cocina comercial y proveedor mayorista, que ofrece equipos de cocina, preparaci\u00f3n de alimentos y panader\u00eda con servicio OEM y ODM para distribuidores globales.","publisher":{"@id":"https:\/\/kengmingcn.com\/#organization"},"potentialAction":[{"@type":"SearchAction","target":{"@type":"EntryPoint","urlTemplate":"https:\/\/kengmingcn.com\/?s={search_term_string}"},"query-input":{"@type":"PropertyValueSpecification","valueRequired":true,"valueName":"search_term_string"}}],"inLanguage":"es"},{"@type":"Organization","@id":"https:\/\/kengmingcn.com\/#organization","name":"GuangZhou KengMing","url":"https:\/\/kengmingcn.com\/","logo":{"@type":"ImageObject","inLanguage":"es","@id":"https:\/\/kengmingcn.com\/#\/schema\/logo\/image\/","url":"https:\/\/kengmingcn.com\/wp-content\/uploads\/2025\/04\/cropped-1744508604969-removebg-preview.png","contentUrl":"https:\/\/kengmingcn.com\/wp-content\/uploads\/2025\/04\/cropped-1744508604969-removebg-preview.png","width":512,"height":512,"caption":"GuangZhou KengMing"},"image":{"@id":"https:\/\/kengmingcn.com\/#\/schema\/logo\/image\/"}}]},"product_price_amount":"0.00","product_price_currency":"USD","og_availability":"instock","product_availability":"instock","product_condition":"new"},"_links":{"self":[{"href":"https:\/\/kengmingcn.com\/es\/wp-json\/wp\/v2\/product\/52120","targetHints":{"allow":["GET"]}}],"collection":[{"href":"https:\/\/kengmingcn.com\/es\/wp-json\/wp\/v2\/product"}],"about":[{"href":"https:\/\/kengmingcn.com\/es\/wp-json\/wp\/v2\/types\/product"}],"replies":[{"embeddable":true,"href":"https:\/\/kengmingcn.com\/es\/wp-json\/wp\/v2\/comments?post=52120"}],"wp:featuredmedia":[{"embeddable":true,"href":"https:\/\/kengmingcn.com\/es\/wp-json\/wp\/v2\/media\/52889"}],"wp:attachment":[{"href":"https:\/\/kengmingcn.com\/es\/wp-json\/wp\/v2\/media?parent=52120"}],"wp:term":[{"taxonomy":"product_brand","embeddable":true,"href":"https:\/\/kengmingcn.com\/es\/wp-json\/wp\/v2\/product_brand?post=52120"},{"taxonomy":"product_cat","embeddable":true,"href":"https:\/\/kengmingcn.com\/es\/wp-json\/wp\/v2\/product_cat?post=52120"},{"taxonomy":"product_tag","embeddable":true,"href":"https:\/\/kengmingcn.com\/es\/wp-json\/wp\/v2\/product_tag?post=52120"}],"curies":[{"name":"wp","href":"https:\/\/api.w.org\/{rel}","templated":true}]}}