{"id":52116,"date":"2025-09-28T14:21:12","date_gmt":"2025-09-28T06:21:12","guid":{"rendered":"https:\/\/kengmingcn.com\/?post_type=product&#038;p=52116"},"modified":"2025-12-29T17:49:23","modified_gmt":"2025-12-29T09:49:23","slug":"60kg-24h-maquina-de-hielo-en-bloque-650w-jmfk-60-con-certificado-ce","status":"publish","type":"product","link":"https:\/\/kengmingcn.com\/es\/product\/60kg-24h-maquina-de-hielo-en-bloque-650w-jmfk-60-con-certificado-ce\/","title":{"rendered":"60kg\/24H M\u00e1quina de hielo en bloque 650w JMFK-60, con certificado CE"},"content":{"rendered":"<h2 class=\"wp-block-heading\" id=\"h-description\">Descripci\u00f3n<\/h2>\n\n\n\n<p>En <strong>JMFK-60 Fabricador autom\u00e1tico de hielo comercial de pie<\/strong> entrega <strong>60 kg de hielo de primera calidad cada 24 horas<\/strong> con una capacidad de almacenamiento de <strong>64L<\/strong>, Por eso es ideal para restaurantes, bares, cafeter\u00edas y para uso dom\u00e9stico. Su <strong>dise\u00f1o vertical (696\u00d7600\u00d71024mm)<\/strong> combina la eficiencia del ahorro de espacio con un aspecto elegante. Con un sistema patentado de drenaje por sif\u00f3n, esta m\u00e1quina de hielo evita la acumulaci\u00f3n de cal, produciendo cubitos de hielo duros y cristalinos que mejoran la experiencia de cada bebida.<\/p>\n\n\n\n<div style=\"height:30px\" aria-hidden=\"true\" class=\"wp-block-spacer\"><\/div>\n\n\n\n<figure class=\"wp-block-table is-style-stripes\"><table><thead><tr><th>Modelo<\/th><th>JMFK-60<\/th><\/tr><\/thead><tbody><tr><td>Salida<\/td><td>60kg\/24h (132lbs\/24h)<\/td><\/tr><tr><td>Potencia<\/td><td>650w<\/td><\/tr><tr><td>Almacenamiento de hielo<\/td><td>64L<\/td><\/tr><tr><td>Manera de enfriar<\/td><td>Refrigeraci\u00f3n por aire<\/td><\/tr><tr><td>N\u00famero de hielo<\/td><td>5&#215;14 = 70<\/td><\/tr><tr><td>Talla<\/td><td>696*600*1024mm<\/td><\/tr><tr><td>Peso neto<\/td><td>62kg\/136lbs<\/td><\/tr><\/tbody><\/table><\/figure>\n\n\n\n<div style=\"height:30px\" aria-hidden=\"true\" class=\"wp-block-spacer\"><\/div>\n\n\n\n<div class=\"wp-block-columns is-layout-flex wp-container-core-columns-is-layout-9d6595d7 wp-block-columns-is-layout-flex dt-cr-1\">\n<div class=\"wp-block-column is-layout-flow wp-block-column-is-layout-flow\">\n<h3 class=\"wp-block-heading has-medium-font-size\" id=\"h-patented-siphon-drainage-system\"><strong>Sistema de drenaje por sif\u00f3n patentado<\/strong><\/h3>\n\n\n\n<p>Evita la acumulaci\u00f3n de cal y garantiza cubitos de hielo cristalinos. Reduce la temperatura central del hielo y prolonga el tiempo de fusi\u00f3n para obtener un hielo refrescante y de alta calidad en cada bebida.<\/p>\n<\/div>\n\n\n\n<div class=\"wp-block-column is-layout-flow wp-block-column-is-layout-flow\">\n<h3 class=\"wp-block-heading has-medium-font-size\" id=\"h-overflow-drainage-for-harder-ice\"><strong>Drenaje de desbordamiento para hielo m\u00e1s duro<\/strong><\/h3>\n\n\n\n<p>Elimina continuamente las impurezas del dep\u00f3sito de agua, produciendo cubitos de hielo transparentes y firmes que realzan el sabor y el aspecto de las bebidas.<\/p>\n<\/div>\n<\/div>\n\n\n\n<div style=\"height:30px\" aria-hidden=\"true\" class=\"wp-block-spacer\"><\/div>\n\n\n\n<div class=\"wp-block-columns is-layout-flex wp-container-core-columns-is-layout-9d6595d7 wp-block-columns-is-layout-flex dt-cr-2\">\n<div class=\"wp-block-column is-layout-flow wp-block-column-is-layout-flow\">\n<h3 class=\"wp-block-heading has-medium-font-size\" id=\"h-user-friendly-cold-light-lamp\"><strong>L\u00e1mpara de luz fr\u00eda f\u00e1cil de usar<\/strong><\/h3>\n\n\n\n<p>Permite recuperar el hielo con poca luz sin molestar a los dem\u00e1s. Los paneles pueden retirarse f\u00e1cilmente para facilitar el mantenimiento y la limpieza.<\/p>\n<\/div>\n\n\n\n<div class=\"wp-block-column is-layout-flow wp-block-column-is-layout-flow\">\n<h3 class=\"wp-block-heading has-medium-font-size\" id=\"h-elegant-vertical-design\"><strong>Elegante dise\u00f1o vertical<\/strong><\/h3>\n\n\n\n<p>La puerta y el marco en forma de arco crean un aspecto moderno y elegante que complementa tanto los entornos comerciales como dom\u00e9sticos.<\/p>\n<\/div>\n<\/div>\n\n\n\n<div style=\"height:30px\" aria-hidden=\"true\" class=\"wp-block-spacer\"><\/div>\n\n\n\n<div class=\"wp-block-columns is-layout-flex wp-container-core-columns-is-layout-9d6595d7 wp-block-columns-is-layout-flex dt-cr-3\">\n<div class=\"wp-block-column is-layout-flow wp-block-column-is-layout-flow\">\n<h3 class=\"wp-block-heading has-medium-font-size\" id=\"h-more-detail\">M\u00e1s detalles<\/h3>\n\n\n\n<figure class=\"wp-block-gallery has-nested-images columns-2 is-cropped wp-block-gallery-1 is-layout-flex wp-block-gallery-is-layout-flex\">\n<figure class=\"wp-block-image size-full\"><img decoding=\"async\" width=\"790\" height=\"948\" data-id=\"52893\" src=\"https:\/\/kengmingcn.com\/wp-content\/uploads\/2025\/05\/\u8be6\u60c5_03_3.webp\" alt=\"Detalles de los cubitos de hielo (imagen)\" class=\"wp-image-52893\" srcset=\"https:\/\/kengmingcn.com\/wp-content\/uploads\/2025\/05\/\u8be6\u60c5_03_3.webp 790w, https:\/\/kengmingcn.com\/wp-content\/uploads\/2025\/05\/\u8be6\u60c5_03_3-250x300.webp 250w, https:\/\/kengmingcn.com\/wp-content\/uploads\/2025\/05\/\u8be6\u60c5_03_3-768x922.webp 768w, https:\/\/kengmingcn.com\/wp-content\/uploads\/2025\/05\/\u8be6\u60c5_03_3-10x12.webp 10w\" sizes=\"(max-width: 790px) 100vw, 790px\" \/><\/figure>\n\n\n\n<figure class=\"wp-block-image size-full\"><img decoding=\"async\" width=\"790\" height=\"910\" data-id=\"52894\" src=\"https:\/\/kengmingcn.com\/wp-content\/uploads\/2025\/05\/\u8be6\u60c5_04_4.webp\" alt=\"Detalles de los cubitos de hielo (imagen)\" class=\"wp-image-52894\" srcset=\"https:\/\/kengmingcn.com\/wp-content\/uploads\/2025\/05\/\u8be6\u60c5_04_4.webp 790w, https:\/\/kengmingcn.com\/wp-content\/uploads\/2025\/05\/\u8be6\u60c5_04_4-260x300.webp 260w, https:\/\/kengmingcn.com\/wp-content\/uploads\/2025\/05\/\u8be6\u60c5_04_4-768x885.webp 768w, https:\/\/kengmingcn.com\/wp-content\/uploads\/2025\/05\/\u8be6\u60c5_04_4-10x12.webp 10w\" sizes=\"(max-width: 790px) 100vw, 790px\" \/><\/figure>\n\n\n\n<figure class=\"wp-block-image size-full\"><img decoding=\"async\" width=\"790\" height=\"709\" data-id=\"52895\" src=\"https:\/\/kengmingcn.com\/wp-content\/uploads\/2025\/05\/\u8be6\u60c5_05_5.webp\" alt=\"Detalles de los cubitos de hielo (imagen)\" class=\"wp-image-52895\" srcset=\"https:\/\/kengmingcn.com\/wp-content\/uploads\/2025\/05\/\u8be6\u60c5_05_5.webp 790w, https:\/\/kengmingcn.com\/wp-content\/uploads\/2025\/05\/\u8be6\u60c5_05_5-300x269.webp 300w, https:\/\/kengmingcn.com\/wp-content\/uploads\/2025\/05\/\u8be6\u60c5_05_5-768x689.webp 768w, https:\/\/kengmingcn.com\/wp-content\/uploads\/2025\/05\/\u8be6\u60c5_05_5-13x12.webp 13w\" sizes=\"(max-width: 790px) 100vw, 790px\" \/><\/figure>\n\n\n\n<figure class=\"wp-block-image size-full\"><img decoding=\"async\" width=\"790\" height=\"1025\" data-id=\"52896\" src=\"https:\/\/kengmingcn.com\/wp-content\/uploads\/2025\/05\/\u8be6\u60c5_06_6.webp\" alt=\"Detalles de los cubitos de hielo (imagen)\" class=\"wp-image-52896\" srcset=\"https:\/\/kengmingcn.com\/wp-content\/uploads\/2025\/05\/\u8be6\u60c5_06_6.webp 790w, https:\/\/kengmingcn.com\/wp-content\/uploads\/2025\/05\/\u8be6\u60c5_06_6-231x300.webp 231w, https:\/\/kengmingcn.com\/wp-content\/uploads\/2025\/05\/\u8be6\u60c5_06_6-768x996.webp 768w, https:\/\/kengmingcn.com\/wp-content\/uploads\/2025\/05\/\u8be6\u60c5_06_6-9x12.webp 9w\" sizes=\"(max-width: 790px) 100vw, 790px\" \/><\/figure>\n\n\n\n<figure class=\"wp-block-image size-full\"><img decoding=\"async\" width=\"790\" height=\"1347\" data-id=\"52897\" src=\"https:\/\/kengmingcn.com\/wp-content\/uploads\/2025\/05\/\u8be6\u60c5_07_7.webp\" alt=\"Detalles de los cubitos de hielo (imagen)\" class=\"wp-image-52897\" srcset=\"https:\/\/kengmingcn.com\/wp-content\/uploads\/2025\/05\/\u8be6\u60c5_07_7.webp 790w, https:\/\/kengmingcn.com\/wp-content\/uploads\/2025\/05\/\u8be6\u60c5_07_7-176x300.webp 176w, https:\/\/kengmingcn.com\/wp-content\/uploads\/2025\/05\/\u8be6\u60c5_07_7-601x1024.webp 601w, https:\/\/kengmingcn.com\/wp-content\/uploads\/2025\/05\/\u8be6\u60c5_07_7-768x1309.webp 768w, https:\/\/kengmingcn.com\/wp-content\/uploads\/2025\/05\/\u8be6\u60c5_07_7-7x12.webp 7w\" sizes=\"(max-width: 790px) 100vw, 790px\" \/><\/figure>\n\n\n\n<figure class=\"wp-block-image size-full\"><img decoding=\"async\" width=\"790\" height=\"1163\" data-id=\"52898\" src=\"https:\/\/kengmingcn.com\/wp-content\/uploads\/2025\/05\/\u8be6\u60c5_08_8.webp\" alt=\"Detalles de los cubitos de hielo (imagen)\" class=\"wp-image-52898\" srcset=\"https:\/\/kengmingcn.com\/wp-content\/uploads\/2025\/05\/\u8be6\u60c5_08_8.webp 790w, https:\/\/kengmingcn.com\/wp-content\/uploads\/2025\/05\/\u8be6\u60c5_08_8-204x300.webp 204w, https:\/\/kengmingcn.com\/wp-content\/uploads\/2025\/05\/\u8be6\u60c5_08_8-696x1024.webp 696w, https:\/\/kengmingcn.com\/wp-content\/uploads\/2025\/05\/\u8be6\u60c5_08_8-768x1131.webp 768w, https:\/\/kengmingcn.com\/wp-content\/uploads\/2025\/05\/\u8be6\u60c5_08_8-8x12.webp 8w\" sizes=\"(max-width: 790px) 100vw, 790px\" \/><\/figure>\n<\/figure>\n<\/div>\n<\/div>\n\n\n\n<div class=\"wp-block-columns is-layout-flex wp-container-core-columns-is-layout-9d6595d7 wp-block-columns-is-layout-flex dt-cr-4\">\n<div class=\"wp-block-column is-layout-flow wp-block-column-is-layout-flow\">\n<div style=\"height:30px\" aria-hidden=\"true\" class=\"wp-block-spacer\"><\/div>\n\n\n\n<h2 class=\"wp-block-heading\" id=\"h-video\">V\u00eddeo<\/h2>\n\n\n\n<figure class=\"wp-block-video\"><video controls src=\"https:\/\/cdn-gzkm.b-cdn.net\/Model\/Ice%20Maker\/60kg%20ice%20maker.mp4\"><\/video><\/figure>\n<\/div>\n\n\n\n<div class=\"wp-block-column is-layout-flow wp-block-column-is-layout-flow\"><\/div>\n<\/div>\n\n\n\n<div class=\"wp-block-columns is-layout-flex wp-container-core-columns-is-layout-9d6595d7 wp-block-columns-is-layout-flex dt-cr-5\">\n<div class=\"wp-block-column is-layout-flow wp-block-column-is-layout-flow\">\n<div style=\"height:30px\" aria-hidden=\"true\" class=\"wp-block-spacer\"><\/div>\n\n\n\n<h3 class=\"wp-block-heading\" id=\"h-why-choose-us\">\u00bfPor qu\u00e9 elegirnos?<\/h3>\n\n\n\n<p>Dise\u00f1ado para el rendimiento, la comodidad y la higiene, el <strong>JMFK-60<\/strong> cuenta con una puerta en forma de arco para un aspecto moderno, paneles f\u00e1cilmente desmontables para un mantenimiento r\u00e1pido y alertas de voz inteligentes opcionales para asistencia operativa. Con soporte para un <strong>l\u00e1mpara germicida ultravioleta<\/strong>, Produce hielo m\u00e1s limpio y sano, respetando el medio ambiente. Ya sea para uso comercial o dom\u00e9stico, esta m\u00e1quina de hielo ofrece una producci\u00f3n de hielo fiable, elegante y de alta calidad.<\/p>\n<\/div>\n<\/div>","protected":false},"excerpt":{"rendered":"<ul>\n<li class=\"ai-optimize-27\">\n<div class=\"paragraph\">potencia: 650W<\/div>\n<\/li>\n<li class=\"ai-optimize-28\">\n<div class=\"paragraph\">Producci\u00f3n de hielo: 60KG\/24H<\/div>\n<\/li>\n<li class=\"ai-optimize-28\">Almacenamiento de hielo: 64L<\/li>\n<li class=\"ai-optimize-31\">Ice number: 5&#215;14<\/li>\n<\/ul>","protected":false},"featured_media":52887,"comment_status":"open","ping_status":"closed","template":"","meta":{"_acf_changed":false},"product_brand":[],"product_cat":[246,275],"product_tag":[],"class_list":{"0":"post-52116","1":"product","2":"type-product","3":"status-publish","4":"has-post-thumbnail","6":"product_cat-ice-maker","7":"product_cat-refrigeration-equipment","8":"description-off","10":"first","11":"instock","12":"shipping-taxable","13":"product-type-simple"},"acf":[],"yoast_head":"<!-- This site is optimized with the Yoast SEO Premium plugin v25.3 (Yoast SEO v26.3) - https:\/\/yoast.com\/wordpress\/plugins\/seo\/ -->\n<title>60kg\/24H Block Ice Machine 650w JMFK-60, with CE certificate - KengMing | Manufacturer of Commercial Kitchen Equipment<\/title>\n<meta name=\"description\" content=\"The JMFK-60 Commercial Automatic Standing Ice Maker delivers 60kg of premium ice per 24 hours with a storage capacity of 64L, making it ideal for busy restaurants, bars, cafes, and home use\" \/>\n<meta name=\"robots\" content=\"index, follow, max-snippet:-1, max-image-preview:large, max-video-preview:-1\" \/>\n<link rel=\"canonical\" href=\"https:\/\/kengmingcn.com\/es\/product\/60kg-24h-maquina-de-hielo-en-bloque-650w-jmfk-60-con-certificado-ce\/\" \/>\n<meta property=\"og:locale\" content=\"es_MX\" \/>\n<meta property=\"og:type\" content=\"article\" \/>\n<meta property=\"og:title\" content=\"60kg\/24H Block Ice Machine 650w JMFK-60, with CE certificate\" \/>\n<meta property=\"og:description\" content=\"The JMFK-60 Commercial Automatic Standing Ice Maker delivers 60kg of premium ice per 24 hours with a storage capacity of 64L, making it ideal for busy restaurants, bars, cafes, and home use\" \/>\n<meta property=\"og:url\" content=\"https:\/\/kengmingcn.com\/es\/product\/60kg-24h-maquina-de-hielo-en-bloque-650w-jmfk-60-con-certificado-ce\/\" \/>\n<meta property=\"og:site_name\" content=\"KengMing | Manufacturer of Commercial Kitchen Equipment\" \/>\n<meta property=\"article:modified_time\" content=\"2025-12-29T09:49:23+00:00\" \/>\n<meta property=\"og:image\" content=\"https:\/\/kengmingcn.com\/wp-content\/uploads\/2025\/09\/JMFK-60_3_11zon.webp\" \/>\n\t<meta property=\"og:image:width\" content=\"800\" \/>\n\t<meta property=\"og:image:height\" content=\"800\" \/>\n\t<meta property=\"og:image:type\" content=\"image\/webp\" \/>\n<meta name=\"twitter:card\" content=\"summary_large_image\" \/>\n<meta name=\"twitter:label1\" content=\"Precio\" \/>\n\t<meta name=\"twitter:data1\" content=\"\" \/>\n\t<meta name=\"twitter:label2\" content=\"Disponibilidad\" \/>\n\t<meta name=\"twitter:data2\" content=\"Disponible\" \/>\n<script type=\"application\/ld+json\" class=\"yoast-schema-graph\">{\"@context\":\"https:\/\/schema.org\",\"@graph\":[{\"@type\":\"WebPage\",\"@id\":\"https:\/\/kengmingcn.com\/fr\/product\/60kg-24h-machine-a-glace-en-bloc-650w-jmfk-60-avec-certificat-ce\/\",\"url\":\"https:\/\/kengmingcn.com\/fr\/product\/60kg-24h-machine-a-glace-en-bloc-650w-jmfk-60-avec-certificat-ce\/\",\"name\":\"60kg\/24H Block Ice Machine 650w JMFK-60, with CE certificate - KengMing | Manufacturer of Commercial Kitchen Equipment\",\"isPartOf\":{\"@id\":\"https:\/\/kengmingcn.com\/#website\"},\"primaryImageOfPage\":{\"@id\":\"https:\/\/kengmingcn.com\/fr\/product\/60kg-24h-machine-a-glace-en-bloc-650w-jmfk-60-avec-certificat-ce\/#primaryimage\"},\"image\":{\"@id\":\"https:\/\/kengmingcn.com\/fr\/product\/60kg-24h-machine-a-glace-en-bloc-650w-jmfk-60-avec-certificat-ce\/#primaryimage\"},\"thumbnailUrl\":\"https:\/\/kengmingcn.com\/wp-content\/uploads\/2025\/09\/JMFK-60_3_11zon.webp\",\"datePublished\":\"2025-09-28T06:21:12+00:00\",\"dateModified\":\"2025-12-29T09:49:23+00:00\",\"description\":\"The JMFK-60 Commercial Automatic Standing Ice Maker delivers 60kg of premium ice per 24 hours with a storage capacity of 64L, making it ideal for busy restaurants, bars, cafes, and home use\",\"breadcrumb\":{\"@id\":\"https:\/\/kengmingcn.com\/fr\/product\/60kg-24h-machine-a-glace-en-bloc-650w-jmfk-60-avec-certificat-ce\/#breadcrumb\"},\"inLanguage\":\"es\",\"potentialAction\":[{\"@type\":\"ReadAction\",\"target\":[\"https:\/\/kengmingcn.com\/fr\/product\/60kg-24h-machine-a-glace-en-bloc-650w-jmfk-60-avec-certificat-ce\/\"]}]},{\"@type\":\"ImageObject\",\"inLanguage\":\"es\",\"@id\":\"https:\/\/kengmingcn.com\/fr\/product\/60kg-24h-machine-a-glace-en-bloc-650w-jmfk-60-avec-certificat-ce\/#primaryimage\",\"url\":\"https:\/\/kengmingcn.com\/wp-content\/uploads\/2025\/09\/JMFK-60_3_11zon.webp\",\"contentUrl\":\"https:\/\/kengmingcn.com\/wp-content\/uploads\/2025\/09\/JMFK-60_3_11zon.webp\",\"width\":800,\"height\":800,\"caption\":\"JMFK-60 60kg\/24h cube ice machine\"},{\"@type\":\"BreadcrumbList\",\"@id\":\"https:\/\/kengmingcn.com\/fr\/product\/60kg-24h-machine-a-glace-en-bloc-650w-jmfk-60-avec-certificat-ce\/#breadcrumb\",\"itemListElement\":[{\"@type\":\"ListItem\",\"position\":1,\"name\":\"Home\",\"item\":\"https:\/\/kengmingcn.com\/\"},{\"@type\":\"ListItem\",\"position\":2,\"name\":\"Catalogue\",\"item\":\"https:\/\/kengmingcn.com\/?page_id=27131\"},{\"@type\":\"ListItem\",\"position\":3,\"name\":\"60kg\/24H Block Ice Machine 650w JMFK-60, with CE certificate\"}]},{\"@type\":\"WebSite\",\"@id\":\"https:\/\/kengmingcn.com\/#website\",\"url\":\"https:\/\/kengmingcn.com\/\",\"name\":\"Kitchen Equipment\",\"description\":\"KengMing is a professional commercial kitchen equipment manufacturer and wholesale supplier, offering cooking, food prep and bakery equipment with OEM &amp; ODM service for global distributors.\",\"publisher\":{\"@id\":\"https:\/\/kengmingcn.com\/#organization\"},\"potentialAction\":[{\"@type\":\"SearchAction\",\"target\":{\"@type\":\"EntryPoint\",\"urlTemplate\":\"https:\/\/kengmingcn.com\/?s={search_term_string}\"},\"query-input\":{\"@type\":\"PropertyValueSpecification\",\"valueRequired\":true,\"valueName\":\"search_term_string\"}}],\"inLanguage\":\"es\"},{\"@type\":\"Organization\",\"@id\":\"https:\/\/kengmingcn.com\/#organization\",\"name\":\"GuangZhou KengMing\",\"url\":\"https:\/\/kengmingcn.com\/\",\"logo\":{\"@type\":\"ImageObject\",\"inLanguage\":\"es\",\"@id\":\"https:\/\/kengmingcn.com\/#\/schema\/logo\/image\/\",\"url\":\"https:\/\/kengmingcn.com\/wp-content\/uploads\/2025\/04\/cropped-1744508604969-removebg-preview.png\",\"contentUrl\":\"https:\/\/kengmingcn.com\/wp-content\/uploads\/2025\/04\/cropped-1744508604969-removebg-preview.png\",\"width\":512,\"height\":512,\"caption\":\"GuangZhou KengMing\"},\"image\":{\"@id\":\"https:\/\/kengmingcn.com\/#\/schema\/logo\/image\/\"}}]}<\/script>\n<meta property=\"product:price:amount\" content=\"0.00\" \/>\n<meta property=\"product:price:currency\" content=\"USD\" \/>\n<meta property=\"og:availability\" content=\"instock\" \/>\n<meta property=\"product:availability\" content=\"instock\" \/>\n<meta property=\"product:condition\" content=\"new\" \/>\n<!-- \/ Yoast SEO Premium plugin. -->","yoast_head_json":{"title":"60kg\/24H M\u00e1quina de Hielo en Bloque 650w JMFK-60, con certificado CE - KengMing | Fabricante de Equipamiento para Cocinas Comerciales","description":"La m\u00e1quina de hielo autom\u00e1tica JMFK-60 produce 60 kg de hielo de primera calidad cada 24 horas con una capacidad de almacenamiento de 64 litros, por lo que es ideal para restaurantes, bares, cafeter\u00edas y uso dom\u00e9stico.","robots":{"index":"index","follow":"follow","max-snippet":"max-snippet:-1","max-image-preview":"max-image-preview:large","max-video-preview":"max-video-preview:-1"},"canonical":"https:\/\/kengmingcn.com\/es\/product\/60kg-24h-maquina-de-hielo-en-bloque-650w-jmfk-60-con-certificado-ce\/","og_locale":"es_MX","og_type":"article","og_title":"60kg\/24H Block Ice Machine 650w JMFK-60, with CE certificate","og_description":"The JMFK-60 Commercial Automatic Standing Ice Maker delivers 60kg of premium ice per 24 hours with a storage capacity of 64L, making it ideal for busy restaurants, bars, cafes, and home use","og_url":"https:\/\/kengmingcn.com\/es\/product\/60kg-24h-maquina-de-hielo-en-bloque-650w-jmfk-60-con-certificado-ce\/","og_site_name":"KengMing | Manufacturer of Commercial Kitchen Equipment","article_modified_time":"2025-12-29T09:49:23+00:00","og_image":[{"width":800,"height":800,"url":"https:\/\/kengmingcn.com\/wp-content\/uploads\/2025\/09\/JMFK-60_3_11zon.webp","type":"image\/webp"}],"twitter_card":"summary_large_image","twitter_misc":{"Precio":"","Disponibilidad":"Disponible"},"schema":{"@context":"https:\/\/schema.org","@graph":[{"@type":"WebPage","@id":"https:\/\/kengmingcn.com\/fr\/product\/60kg-24h-machine-a-glace-en-bloc-650w-jmfk-60-avec-certificat-ce\/","url":"https:\/\/kengmingcn.com\/fr\/product\/60kg-24h-machine-a-glace-en-bloc-650w-jmfk-60-avec-certificat-ce\/","name":"60kg\/24H M\u00e1quina de Hielo en Bloque 650w JMFK-60, con certificado CE - KengMing | Fabricante de Equipamiento para Cocinas Comerciales","isPartOf":{"@id":"https:\/\/kengmingcn.com\/#website"},"primaryImageOfPage":{"@id":"https:\/\/kengmingcn.com\/fr\/product\/60kg-24h-machine-a-glace-en-bloc-650w-jmfk-60-avec-certificat-ce\/#primaryimage"},"image":{"@id":"https:\/\/kengmingcn.com\/fr\/product\/60kg-24h-machine-a-glace-en-bloc-650w-jmfk-60-avec-certificat-ce\/#primaryimage"},"thumbnailUrl":"https:\/\/kengmingcn.com\/wp-content\/uploads\/2025\/09\/JMFK-60_3_11zon.webp","datePublished":"2025-09-28T06:21:12+00:00","dateModified":"2025-12-29T09:49:23+00:00","description":"La m\u00e1quina de hielo autom\u00e1tica JMFK-60 produce 60 kg de hielo de primera calidad cada 24 horas con una capacidad de almacenamiento de 64 litros, por lo que es ideal para restaurantes, bares, cafeter\u00edas y uso dom\u00e9stico.","breadcrumb":{"@id":"https:\/\/kengmingcn.com\/fr\/product\/60kg-24h-machine-a-glace-en-bloc-650w-jmfk-60-avec-certificat-ce\/#breadcrumb"},"inLanguage":"es","potentialAction":[{"@type":"ReadAction","target":["https:\/\/kengmingcn.com\/fr\/product\/60kg-24h-machine-a-glace-en-bloc-650w-jmfk-60-avec-certificat-ce\/"]}]},{"@type":"ImageObject","inLanguage":"es","@id":"https:\/\/kengmingcn.com\/fr\/product\/60kg-24h-machine-a-glace-en-bloc-650w-jmfk-60-avec-certificat-ce\/#primaryimage","url":"https:\/\/kengmingcn.com\/wp-content\/uploads\/2025\/09\/JMFK-60_3_11zon.webp","contentUrl":"https:\/\/kengmingcn.com\/wp-content\/uploads\/2025\/09\/JMFK-60_3_11zon.webp","width":800,"height":800,"caption":"JMFK-60 60kg\/24h cube ice machine"},{"@type":"BreadcrumbList","@id":"https:\/\/kengmingcn.com\/fr\/product\/60kg-24h-machine-a-glace-en-bloc-650w-jmfk-60-avec-certificat-ce\/#breadcrumb","itemListElement":[{"@type":"ListItem","position":1,"name":"Home","item":"https:\/\/kengmingcn.com\/"},{"@type":"ListItem","position":2,"name":"Catalogue","item":"https:\/\/kengmingcn.com\/?page_id=27131"},{"@type":"ListItem","position":3,"name":"60kg\/24H Block Ice Machine 650w JMFK-60, with CE certificate"}]},{"@type":"WebSite","@id":"https:\/\/kengmingcn.com\/#website","url":"https:\/\/kengmingcn.com\/","name":"Equipamiento de cocina","description":"KengMing es un fabricante profesional de equipos de cocina comercial y proveedor mayorista, que ofrece equipos de cocina, preparaci\u00f3n de alimentos y panader\u00eda con servicio OEM y ODM para distribuidores globales.","publisher":{"@id":"https:\/\/kengmingcn.com\/#organization"},"potentialAction":[{"@type":"SearchAction","target":{"@type":"EntryPoint","urlTemplate":"https:\/\/kengmingcn.com\/?s={search_term_string}"},"query-input":{"@type":"PropertyValueSpecification","valueRequired":true,"valueName":"search_term_string"}}],"inLanguage":"es"},{"@type":"Organization","@id":"https:\/\/kengmingcn.com\/#organization","name":"GuangZhou KengMing","url":"https:\/\/kengmingcn.com\/","logo":{"@type":"ImageObject","inLanguage":"es","@id":"https:\/\/kengmingcn.com\/#\/schema\/logo\/image\/","url":"https:\/\/kengmingcn.com\/wp-content\/uploads\/2025\/04\/cropped-1744508604969-removebg-preview.png","contentUrl":"https:\/\/kengmingcn.com\/wp-content\/uploads\/2025\/04\/cropped-1744508604969-removebg-preview.png","width":512,"height":512,"caption":"GuangZhou KengMing"},"image":{"@id":"https:\/\/kengmingcn.com\/#\/schema\/logo\/image\/"}}]},"product_price_amount":"0.00","product_price_currency":"USD","og_availability":"instock","product_availability":"instock","product_condition":"new"},"_links":{"self":[{"href":"https:\/\/kengmingcn.com\/es\/wp-json\/wp\/v2\/product\/52116","targetHints":{"allow":["GET"]}}],"collection":[{"href":"https:\/\/kengmingcn.com\/es\/wp-json\/wp\/v2\/product"}],"about":[{"href":"https:\/\/kengmingcn.com\/es\/wp-json\/wp\/v2\/types\/product"}],"replies":[{"embeddable":true,"href":"https:\/\/kengmingcn.com\/es\/wp-json\/wp\/v2\/comments?post=52116"}],"wp:featuredmedia":[{"embeddable":true,"href":"https:\/\/kengmingcn.com\/es\/wp-json\/wp\/v2\/media\/52887"}],"wp:attachment":[{"href":"https:\/\/kengmingcn.com\/es\/wp-json\/wp\/v2\/media?parent=52116"}],"wp:term":[{"taxonomy":"product_brand","embeddable":true,"href":"https:\/\/kengmingcn.com\/es\/wp-json\/wp\/v2\/product_brand?post=52116"},{"taxonomy":"product_cat","embeddable":true,"href":"https:\/\/kengmingcn.com\/es\/wp-json\/wp\/v2\/product_cat?post=52116"},{"taxonomy":"product_tag","embeddable":true,"href":"https:\/\/kengmingcn.com\/es\/wp-json\/wp\/v2\/product_tag?post=52116"}],"curies":[{"name":"wp","href":"https:\/\/api.w.org\/{rel}","templated":true}]}}