{"id":51921,"date":"2025-07-28T11:59:47","date_gmt":"2025-07-28T03:59:47","guid":{"rendered":"https:\/\/kengmingcn.com\/?post_type=product&#038;p=51921"},"modified":"2025-12-26T10:55:06","modified_gmt":"2025-12-26T02:55:06","slug":"42-48l-h-maquina-de-helados-multifuncion-colores-opcionales","status":"publish","type":"product","link":"https:\/\/kengmingcn.com\/es\/product\/42-48l-h-maquina-de-helados-multifuncion-colores-opcionales\/","title":{"rendered":"M\u00e1quina de helados 42-48L\/H, multifunci\u00f3n, colores opcionales"},"content":{"rendered":"<h3 class=\"wp-block-heading\" id=\"h-description\">Descripci\u00f3n<\/h3>\n\n\n\n<p>En <strong>M\u00e1quina de helado suave serie JM-N42<\/strong> es una soluci\u00f3n comercial de alto rendimiento dise\u00f1ada para empresas que requieren tanto rendimiento como flexibilidad de dise\u00f1o. Con una capacidad de producci\u00f3n de <strong>42-48 litros por hora<\/strong>, este modelo est\u00e1 disponible en <strong>sobremesa (JM-N42A)<\/strong> y <strong>vertical (JM-N42)<\/strong> lo que permite a los operadores elegir la configuraci\u00f3n que mejor se adapte a su espacio y flujo de trabajo. Con tecnolog\u00eda <strong>Sistema de 2650 W<\/strong> y equipada con refrigeraci\u00f3n por aire estable, la serie JM-N42 admite la producci\u00f3n continua de helados cremosos durante las horas punta de servicio.<\/p>\n\n\n\n<div style=\"height:30px\" aria-hidden=\"true\" class=\"wp-block-spacer\"><\/div>\n\n\n\n<figure class=\"wp-block-table is-style-stripes\"><table><thead><tr><th>Modelo<\/th><th><strong>JM-N42A (sobremesa) | JM-N42 (vertical)<\/strong><\/th><\/tr><\/thead><tbody><tr><td>Tama\u00f1o de la m\u00e1quina<\/td><td><sup>610*816*850mm (sobremesa) | 610*816*1480mm (vertical)<\/sup><\/td><\/tr><tr><td>Potencia<\/td><td>2,65 kW<\/td><\/tr><tr><td>Salida<\/td><td>42-48L\/H<\/td><\/tr><tr><td>Pulsa repetidamente el n\u00famero 66g<\/td><td>26-38 veces<\/td><\/tr><tr><td>Capacidad del dep\u00f3sito de congelaci\u00f3n<\/td><td>2.2L*2<\/td><\/tr><tr><td>Capacidad del dep\u00f3sito de material<\/td><td>6L*2<\/td><\/tr><tr><td>Potencia del compresor<\/td><td>2HP<\/td><\/tr><tr><td>Refrigerante<\/td><td><sup>R22\/R404a\/R410<\/sup><\/td><\/tr><tr><td>Primer tiempo de moldeo \/ Segundo tiempo de moldeo<\/td><td>17 minutos \/ 6 minutos<\/td><\/tr><tr><td>Peso<\/td><td><sup>95kg(sobremesa) | 102kg (vertical)<\/sup><\/td><\/tr><tr><td>N\u00famero de compresores<\/td><td>Doble<\/td><\/tr><\/tbody><\/table><\/figure>\n\n\n\n<div style=\"height:30px\" aria-hidden=\"true\" class=\"wp-block-spacer\"><\/div>\n\n\n\n<div class=\"wp-block-columns is-layout-flex wp-container-core-columns-is-layout-9d6595d7 wp-block-columns-is-layout-flex dt-cr-1\">\n<div class=\"wp-block-column is-layout-flow wp-block-column-is-layout-flow\">\n<h3 class=\"wp-block-heading has-medium-font-size\" id=\"h-high-capacity-42-48l-h-output-for-peak-demand\">Salida de alta capacidad de 42-48 L\/H para picos de demanda<\/h3>\n\n\n\n<p>La serie JM-N42 ofrece una <strong>42-48 litros por hora<\/strong> lo que la hace id\u00f3nea para entornos muy concurridos, como tiendas de postres, buf\u00e9s, patios de comidas y locales de ocio. La potente <strong>Sistema de 2650 W<\/strong> garantiza un rendimiento de congelaci\u00f3n estable durante la dispensaci\u00f3n continua, lo que permite a los operadores servir grandes vol\u00famenes sin comprometer la textura ni la velocidad.<\/p>\n<\/div>\n\n\n\n<div class=\"wp-block-column is-layout-flow wp-block-column-is-layout-flow\">\n<h3 class=\"wp-block-heading has-medium-font-size\" id=\"h-tabletop-or-vertical-configuration-for-flexible-installation\">Configuraci\u00f3n vertical o de sobremesa para una instalaci\u00f3n flexible<\/h3>\n\n\n\n<p>Este modelo se ofrece en <strong>dos opciones estructurales<\/strong>: el <strong>JM-N42A versi\u00f3n de sobremesa<\/strong> para la colocaci\u00f3n del mostrador y el <strong>JM-N42 versi\u00f3n vertical<\/strong> para instalaci\u00f3n en el suelo. Ambas versiones comparten el mismo rendimiento b\u00e1sico y la misma producci\u00f3n, lo que ofrece a los compradores la flexibilidad de seleccionar el formato que mejor se adapte al espacio disponible, al flujo de clientes y a la distribuci\u00f3n de la tienda sin cambiar las especificaciones del equipo.<\/p>\n<\/div>\n<\/div>\n\n\n\n<div style=\"height:30px\" aria-hidden=\"true\" class=\"wp-block-spacer\"><\/div>\n\n\n\n<div class=\"wp-block-columns is-layout-flex wp-container-core-columns-is-layout-9d6595d7 wp-block-columns-is-layout-flex dt-cr-2\">\n<div class=\"wp-block-column is-layout-flow wp-block-column-is-layout-flow\">\n<h3 class=\"wp-block-heading has-medium-font-size\" id=\"h-stable-air-cooling-system-with-multiple-refrigerant-options\"><strong>Sistema estable de refrigeraci\u00f3n por aire con m\u00faltiples opciones de refrigerante<\/strong><\/h3>\n\n\n\n<p>La serie JM-N42 adopta un <strong>sistema de condensaci\u00f3n por aire<\/strong>, simplificando la instalaci\u00f3n y reduciendo la dependencia de las conexiones de agua. Admite m\u00faltiples refrigerantes, incluidos <strong>R22, R404a y R410<\/strong>, Ello permite cumplir las distintas normas regionales y requisitos del mercado. Esto garantiza un rendimiento de refrigeraci\u00f3n fiable y una f\u00e1cil implantaci\u00f3n en los mercados mundiales.<\/p>\n<\/div>\n\n\n\n<div class=\"wp-block-column is-layout-flow wp-block-column-is-layout-flow\">\n<h3 class=\"wp-block-heading has-medium-font-size\" id=\"h-commercial-grade-structure-for-continuous-operation\"><strong>Estructura comercial para un funcionamiento continuo<\/strong><\/h3>\n\n\n\n<p>Construida para un uso comercial diario, la m\u00e1quina mantiene un funcionamiento estable durante largas jornadas de trabajo. El sistema interno est\u00e1 dise\u00f1ado para soportar la congelaci\u00f3n y dispensaci\u00f3n continuas, reduciendo el tiempo de inactividad durante los periodos punta. Esta fiabilidad ayuda a las empresas a mantener una calidad de servicio constante al tiempo que minimiza las interrupciones operativas.<\/p>\n<\/div>\n<\/div>\n\n\n\n<div style=\"height:30px\" aria-hidden=\"true\" class=\"wp-block-spacer\"><\/div>\n\n\n\n<div class=\"wp-block-columns is-layout-flex wp-container-core-columns-is-layout-9d6595d7 wp-block-columns-is-layout-flex dt-cr-3\">\n<div class=\"wp-block-column is-layout-flow wp-block-column-is-layout-flow\">\n<h3 class=\"wp-block-heading has-medium-font-size\" id=\"h-more-detail\">M\u00e1s detalles<\/h3>\n\n\n\n<figure class=\"wp-block-gallery has-nested-images columns-2 is-cropped wp-block-gallery-1 is-layout-flex wp-block-gallery-is-layout-flex\">\n<figure data-wp-context=\"{&quot;imageId&quot;:&quot;69d299747339e&quot;}\" data-wp-interactive=\"core\/image\" class=\"wp-block-image size-large wp-lightbox-container\"><img decoding=\"async\" width=\"1024\" height=\"483\" data-wp-class--hide=\"state.isContentHidden\" data-wp-class--show=\"state.isContentVisible\" data-wp-init=\"callbacks.setButtonStyles\" data-wp-on-async--click=\"actions.showLightbox\" data-wp-on-async--load=\"callbacks.setButtonStyles\" data-wp-on-async-window--resize=\"callbacks.setButtonStyles\" data-id=\"51505\" src=\"https:\/\/kengmingcn.com\/wp-content\/uploads\/2025\/06\/JM-S28AB-detail-4-1024x483.webp\" alt=\"\" class=\"wp-image-51505\" srcset=\"https:\/\/kengmingcn.com\/wp-content\/uploads\/2025\/06\/JM-S28AB-detail-4-1024x483.webp 1024w, https:\/\/kengmingcn.com\/wp-content\/uploads\/2025\/06\/JM-S28AB-detail-4-300x142.webp 300w, https:\/\/kengmingcn.com\/wp-content\/uploads\/2025\/06\/JM-S28AB-detail-4-768x362.webp 768w, https:\/\/kengmingcn.com\/wp-content\/uploads\/2025\/06\/JM-S28AB-detail-4.webp 1060w\" sizes=\"(max-width: 1024px) 100vw, 1024px\" \/><button\n\t\t\tclass=\"lightbox-trigger\"\n\t\t\ttype=\"button\"\n\t\t\taria-haspopup=\"dialog\"\n\t\t\taria-label=\"Agrandar\"\n\t\t\tdata-wp-init=\"callbacks.initTriggerButton\"\n\t\t\tdata-wp-on-async--click=\"actions.showLightbox\"\n\t\t\tdata-wp-style--right=\"state.imageButtonRight\"\n\t\t\tdata-wp-style--top=\"state.imageButtonTop\"\n\t\t>\n\t\t\t<svg xmlns=\"http:\/\/www.w3.org\/2000\/svg\" width=\"12\" height=\"12\" fill=\"none\" viewbox=\"0 0 12 12\">\n\t\t\t\t<path fill=\"#fff\" d=\"M2 0a2 2 0 0 0-2 2v2h1.5V2a.5.5 0 0 1 .5-.5h2V0H2Zm2 10.5H2a.5.5 0 0 1-.5-.5V8H0v2a2 2 0 0 0 2 2h2v-1.5ZM8 12v-1.5h2a.5.5 0 0 0 .5-.5V8H12v2a2 2 0 0 1-2 2H8Zm2-12a2 2 0 0 1 2 2v2h-1.5V2a.5.5 0 0 0-.5-.5H8V0h2Z\" \/>\n\t\t\t<\/svg>\n\t\t<\/button><\/figure>\n\n\n\n<figure data-wp-context=\"{&quot;imageId&quot;:&quot;69d2997473743&quot;}\" data-wp-interactive=\"core\/image\" class=\"wp-block-image size-large wp-lightbox-container\"><img decoding=\"async\" width=\"1024\" height=\"483\" data-wp-class--hide=\"state.isContentHidden\" data-wp-class--show=\"state.isContentVisible\" data-wp-init=\"callbacks.setButtonStyles\" data-wp-on-async--click=\"actions.showLightbox\" data-wp-on-async--load=\"callbacks.setButtonStyles\" data-wp-on-async-window--resize=\"callbacks.setButtonStyles\" data-id=\"51498\" src=\"https:\/\/kengmingcn.com\/wp-content\/uploads\/2025\/06\/JM-S28B-Ice-Cream-Machine-detail-5-1024x483.webp\" alt=\"\" class=\"wp-image-51498\" srcset=\"https:\/\/kengmingcn.com\/wp-content\/uploads\/2025\/06\/JM-S28B-Ice-Cream-Machine-detail-5-1024x483.webp 1024w, https:\/\/kengmingcn.com\/wp-content\/uploads\/2025\/06\/JM-S28B-Ice-Cream-Machine-detail-5-300x142.webp 300w, https:\/\/kengmingcn.com\/wp-content\/uploads\/2025\/06\/JM-S28B-Ice-Cream-Machine-detail-5-768x362.webp 768w, https:\/\/kengmingcn.com\/wp-content\/uploads\/2025\/06\/JM-S28B-Ice-Cream-Machine-detail-5.webp 1060w\" sizes=\"(max-width: 1024px) 100vw, 1024px\" \/><button\n\t\t\tclass=\"lightbox-trigger\"\n\t\t\ttype=\"button\"\n\t\t\taria-haspopup=\"dialog\"\n\t\t\taria-label=\"Agrandar\"\n\t\t\tdata-wp-init=\"callbacks.initTriggerButton\"\n\t\t\tdata-wp-on-async--click=\"actions.showLightbox\"\n\t\t\tdata-wp-style--right=\"state.imageButtonRight\"\n\t\t\tdata-wp-style--top=\"state.imageButtonTop\"\n\t\t>\n\t\t\t<svg xmlns=\"http:\/\/www.w3.org\/2000\/svg\" width=\"12\" height=\"12\" fill=\"none\" viewbox=\"0 0 12 12\">\n\t\t\t\t<path fill=\"#fff\" d=\"M2 0a2 2 0 0 0-2 2v2h1.5V2a.5.5 0 0 1 .5-.5h2V0H2Zm2 10.5H2a.5.5 0 0 1-.5-.5V8H0v2a2 2 0 0 0 2 2h2v-1.5ZM8 12v-1.5h2a.5.5 0 0 0 .5-.5V8H12v2a2 2 0 0 1-2 2H8Zm2-12a2 2 0 0 1 2 2v2h-1.5V2a.5.5 0 0 0-.5-.5H8V0h2Z\" \/>\n\t\t\t<\/svg>\n\t\t<\/button><\/figure>\n<\/figure>\n<\/div>\n<\/div>\n\n\n\n<div class=\"wp-block-columns is-layout-flex wp-container-core-columns-is-layout-9d6595d7 wp-block-columns-is-layout-flex dt-cr-4\">\n<div class=\"wp-block-column is-layout-flow wp-block-column-is-layout-flow\">\n<div style=\"height:30px\" aria-hidden=\"true\" class=\"wp-block-spacer\"><\/div>\n\n\n\n<h3 class=\"wp-block-heading has-medium-font-size\" id=\"h-why-choose-us\">\u00bfPor qu\u00e9 elegirnos?<\/h3>\n\n\n\n<p>Tanto si elige el <strong>compacto de sobremesa JM-N42A<\/strong> o el <strong>JM-N42 vertical de altura completa<\/strong>, La serie JM-N42 ofrece la misma producci\u00f3n de alta eficiencia, rendimiento de refrigeraci\u00f3n fiable y durabilidad comercial. Dise\u00f1ada para tiendas de postres, cafeter\u00edas, patios de comidas y lugares de gran afluencia, la m\u00e1quina de helados blandos JM-N42 ofrece una textura uniforme, una r\u00e1pida recuperaci\u00f3n y una instalaci\u00f3n flexible, lo que la convierte en una opci\u00f3n fiable para operadores y distribuidores que buscan soluciones escalables para helados blandos.<\/p>\n<\/div>\n<\/div>","protected":false},"excerpt":{"rendered":"<ul>\n<li class=\"ai-optimize-46\">Potencia: 2650 W<\/li>\n<li class=\"ai-optimize-47\">Rendimiento: 42-48L\/H<\/li>\n<li class=\"ai-optimize-48\">Tama\u00f1o: 610*816*850mm (sobremesa) | 610*816*1480mm (vertical)<\/li>\n<li class=\"ai-optimize-49\">Tolva de mezcla: 6L*2<\/li>\n<li class=\"ai-optimize-50\">Cilindro: 2.2L*2<\/li>\n<\/ul>","protected":false},"featured_media":51918,"comment_status":"open","ping_status":"closed","template":"","meta":{"_acf_changed":false},"product_brand":[252],"product_cat":[245,275],"product_tag":[],"class_list":{"0":"post-51921","1":"product","2":"type-product","3":"status-publish","4":"has-post-thumbnail","6":"product_brand-juanming","7":"product_cat-ice-cream-machine","8":"product_cat-refrigeration-equipment","9":"description-off","11":"first","12":"instock","13":"shipping-taxable","14":"product-type-simple"},"acf":[],"yoast_head":"<!-- This site is optimized with the Yoast SEO Premium plugin v25.3 (Yoast SEO v26.3) - https:\/\/yoast.com\/wordpress\/plugins\/seo\/ -->\n<title>42-48L\/H Ice Cream Machine, Multi-function, Optional Colors - KengMing | Manufacturer of Commercial Kitchen Equipment<\/title>\n<meta name=\"description\" content=\"High-capacity soft serve ice cream machine with pre-cooling, puffing, and 7-day no-clean system. Multiple colors available. Ideal for dessert shops and restaurants.\" \/>\n<meta name=\"robots\" content=\"index, follow, max-snippet:-1, max-image-preview:large, max-video-preview:-1\" \/>\n<link rel=\"canonical\" href=\"https:\/\/kengmingcn.com\/es\/product\/42-48l-h-maquina-de-helados-multifuncion-colores-opcionales\/\" \/>\n<meta property=\"og:locale\" content=\"es_MX\" \/>\n<meta property=\"og:type\" content=\"article\" \/>\n<meta property=\"og:title\" content=\"42-48L\/H Ice Cream Machine, Multi-function, Optional Colors\" \/>\n<meta property=\"og:description\" content=\"High-capacity soft serve ice cream machine with pre-cooling, puffing, and 7-day no-clean system. Multiple colors available. Ideal for dessert shops and restaurants.\" \/>\n<meta property=\"og:url\" content=\"https:\/\/kengmingcn.com\/es\/product\/42-48l-h-maquina-de-helados-multifuncion-colores-opcionales\/\" \/>\n<meta property=\"og:site_name\" content=\"KengMing | Manufacturer of Commercial Kitchen Equipment\" \/>\n<meta property=\"article:modified_time\" content=\"2025-12-26T02:55:06+00:00\" \/>\n<meta property=\"og:image\" content=\"https:\/\/kengmingcn.com\/wp-content\/uploads\/2025\/07\/D28-42-\u6a59\u8272\u548c\u7d2b\u8272.webp\" \/>\n\t<meta property=\"og:image:width\" content=\"1228\" \/>\n\t<meta property=\"og:image:height\" content=\"1231\" \/>\n\t<meta property=\"og:image:type\" content=\"image\/webp\" \/>\n<meta name=\"twitter:card\" content=\"summary_large_image\" \/>\n<meta name=\"twitter:label1\" content=\"Precio\" \/>\n\t<meta name=\"twitter:data1\" content=\"\" \/>\n\t<meta name=\"twitter:label2\" content=\"Disponibilidad\" \/>\n\t<meta name=\"twitter:data2\" content=\"Disponible\" \/>\n<script type=\"application\/ld+json\" class=\"yoast-schema-graph\">{\"@context\":\"https:\/\/schema.org\",\"@graph\":[{\"@type\":\"WebPage\",\"@id\":\"https:\/\/kengmingcn.com\/fr\/product\/42-48l-h-machine-a-glace-multifonctionnelle-couleurs-optionnelles\/\",\"url\":\"https:\/\/kengmingcn.com\/fr\/product\/42-48l-h-machine-a-glace-multifonctionnelle-couleurs-optionnelles\/\",\"name\":\"42-48L\/H Ice Cream Machine, Multi-function, Optional Colors - KengMing | Manufacturer of Commercial Kitchen Equipment\",\"isPartOf\":{\"@id\":\"https:\/\/kengmingcn.com\/#website\"},\"primaryImageOfPage\":{\"@id\":\"https:\/\/kengmingcn.com\/fr\/product\/42-48l-h-machine-a-glace-multifonctionnelle-couleurs-optionnelles\/#primaryimage\"},\"image\":{\"@id\":\"https:\/\/kengmingcn.com\/fr\/product\/42-48l-h-machine-a-glace-multifonctionnelle-couleurs-optionnelles\/#primaryimage\"},\"thumbnailUrl\":\"https:\/\/kengmingcn.com\/wp-content\/uploads\/2025\/07\/D28-42-\u6a59\u8272\u548c\u7d2b\u8272.webp\",\"datePublished\":\"2025-07-28T03:59:47+00:00\",\"dateModified\":\"2025-12-26T02:55:06+00:00\",\"description\":\"High-capacity soft serve ice cream machine with pre-cooling, puffing, and 7-day no-clean system. Multiple colors available. Ideal for dessert shops and restaurants.\",\"breadcrumb\":{\"@id\":\"https:\/\/kengmingcn.com\/fr\/product\/42-48l-h-machine-a-glace-multifonctionnelle-couleurs-optionnelles\/#breadcrumb\"},\"inLanguage\":\"es\",\"potentialAction\":[{\"@type\":\"ReadAction\",\"target\":[\"https:\/\/kengmingcn.com\/fr\/product\/42-48l-h-machine-a-glace-multifonctionnelle-couleurs-optionnelles\/\"]}]},{\"@type\":\"ImageObject\",\"inLanguage\":\"es\",\"@id\":\"https:\/\/kengmingcn.com\/fr\/product\/42-48l-h-machine-a-glace-multifonctionnelle-couleurs-optionnelles\/#primaryimage\",\"url\":\"https:\/\/kengmingcn.com\/wp-content\/uploads\/2025\/07\/D28-42-\u6a59\u8272\u548c\u7d2b\u8272.webp\",\"contentUrl\":\"https:\/\/kengmingcn.com\/wp-content\/uploads\/2025\/07\/D28-42-\u6a59\u8272\u548c\u7d2b\u8272.webp\",\"width\":1228,\"height\":1231},{\"@type\":\"BreadcrumbList\",\"@id\":\"https:\/\/kengmingcn.com\/fr\/product\/42-48l-h-machine-a-glace-multifonctionnelle-couleurs-optionnelles\/#breadcrumb\",\"itemListElement\":[{\"@type\":\"ListItem\",\"position\":1,\"name\":\"Home\",\"item\":\"https:\/\/kengmingcn.com\/\"},{\"@type\":\"ListItem\",\"position\":2,\"name\":\"Catalogue\",\"item\":\"https:\/\/kengmingcn.com\/?page_id=27131\"},{\"@type\":\"ListItem\",\"position\":3,\"name\":\"42-48L\/H Ice Cream Machine, Multi-function, Optional Colors\"}]},{\"@type\":\"WebSite\",\"@id\":\"https:\/\/kengmingcn.com\/#website\",\"url\":\"https:\/\/kengmingcn.com\/\",\"name\":\"Kitchen Equipment\",\"description\":\"KengMing is a professional commercial kitchen equipment manufacturer and wholesale supplier, offering cooking, food prep and bakery equipment with OEM &amp; ODM service for global distributors.\",\"publisher\":{\"@id\":\"https:\/\/kengmingcn.com\/#organization\"},\"potentialAction\":[{\"@type\":\"SearchAction\",\"target\":{\"@type\":\"EntryPoint\",\"urlTemplate\":\"https:\/\/kengmingcn.com\/?s={search_term_string}\"},\"query-input\":{\"@type\":\"PropertyValueSpecification\",\"valueRequired\":true,\"valueName\":\"search_term_string\"}}],\"inLanguage\":\"es\"},{\"@type\":\"Organization\",\"@id\":\"https:\/\/kengmingcn.com\/#organization\",\"name\":\"GuangZhou KengMing\",\"url\":\"https:\/\/kengmingcn.com\/\",\"logo\":{\"@type\":\"ImageObject\",\"inLanguage\":\"es\",\"@id\":\"https:\/\/kengmingcn.com\/#\/schema\/logo\/image\/\",\"url\":\"https:\/\/kengmingcn.com\/wp-content\/uploads\/2025\/04\/cropped-1744508604969-removebg-preview.png\",\"contentUrl\":\"https:\/\/kengmingcn.com\/wp-content\/uploads\/2025\/04\/cropped-1744508604969-removebg-preview.png\",\"width\":512,\"height\":512,\"caption\":\"GuangZhou KengMing\"},\"image\":{\"@id\":\"https:\/\/kengmingcn.com\/#\/schema\/logo\/image\/\"}}]}<\/script>\n<meta property=\"product:price:amount\" content=\"0.00\" \/>\n<meta property=\"product:price:currency\" content=\"USD\" \/>\n<meta property=\"og:availability\" content=\"instock\" \/>\n<meta property=\"product:availability\" content=\"instock\" \/>\n<meta property=\"product:condition\" content=\"new\" \/>\n<!-- \/ Yoast SEO Premium plugin. -->","yoast_head_json":{"title":"42-48L\/H M\u00e1quina de Helados, Multi-funci\u00f3n, Colores Opcionales - KengMing | Fabricante de Equipamiento para Cocinas Comerciales","description":"M\u00e1quina de helados soft serve de gran capacidad con preenfriamiento, soplado y sistema de 7 d\u00edas sin limpieza. Disponible en varios colores. Ideal para tiendas de postres y restaurantes.","robots":{"index":"index","follow":"follow","max-snippet":"max-snippet:-1","max-image-preview":"max-image-preview:large","max-video-preview":"max-video-preview:-1"},"canonical":"https:\/\/kengmingcn.com\/es\/product\/42-48l-h-maquina-de-helados-multifuncion-colores-opcionales\/","og_locale":"es_MX","og_type":"article","og_title":"42-48L\/H Ice Cream Machine, Multi-function, Optional Colors","og_description":"High-capacity soft serve ice cream machine with pre-cooling, puffing, and 7-day no-clean system. Multiple colors available. Ideal for dessert shops and restaurants.","og_url":"https:\/\/kengmingcn.com\/es\/product\/42-48l-h-maquina-de-helados-multifuncion-colores-opcionales\/","og_site_name":"KengMing | Manufacturer of Commercial Kitchen Equipment","article_modified_time":"2025-12-26T02:55:06+00:00","og_image":[{"width":1228,"height":1231,"url":"https:\/\/kengmingcn.com\/wp-content\/uploads\/2025\/07\/D28-42-\u6a59\u8272\u548c\u7d2b\u8272.webp","type":"image\/webp"}],"twitter_card":"summary_large_image","twitter_misc":{"Precio":"","Disponibilidad":"Disponible"},"schema":{"@context":"https:\/\/schema.org","@graph":[{"@type":"WebPage","@id":"https:\/\/kengmingcn.com\/fr\/product\/42-48l-h-machine-a-glace-multifonctionnelle-couleurs-optionnelles\/","url":"https:\/\/kengmingcn.com\/fr\/product\/42-48l-h-machine-a-glace-multifonctionnelle-couleurs-optionnelles\/","name":"42-48L\/H M\u00e1quina de Helados, Multi-funci\u00f3n, Colores Opcionales - KengMing | Fabricante de Equipamiento para Cocinas Comerciales","isPartOf":{"@id":"https:\/\/kengmingcn.com\/#website"},"primaryImageOfPage":{"@id":"https:\/\/kengmingcn.com\/fr\/product\/42-48l-h-machine-a-glace-multifonctionnelle-couleurs-optionnelles\/#primaryimage"},"image":{"@id":"https:\/\/kengmingcn.com\/fr\/product\/42-48l-h-machine-a-glace-multifonctionnelle-couleurs-optionnelles\/#primaryimage"},"thumbnailUrl":"https:\/\/kengmingcn.com\/wp-content\/uploads\/2025\/07\/D28-42-\u6a59\u8272\u548c\u7d2b\u8272.webp","datePublished":"2025-07-28T03:59:47+00:00","dateModified":"2025-12-26T02:55:06+00:00","description":"M\u00e1quina de helados soft serve de gran capacidad con preenfriamiento, soplado y sistema de 7 d\u00edas sin limpieza. Disponible en varios colores. Ideal para tiendas de postres y restaurantes.","breadcrumb":{"@id":"https:\/\/kengmingcn.com\/fr\/product\/42-48l-h-machine-a-glace-multifonctionnelle-couleurs-optionnelles\/#breadcrumb"},"inLanguage":"es","potentialAction":[{"@type":"ReadAction","target":["https:\/\/kengmingcn.com\/fr\/product\/42-48l-h-machine-a-glace-multifonctionnelle-couleurs-optionnelles\/"]}]},{"@type":"ImageObject","inLanguage":"es","@id":"https:\/\/kengmingcn.com\/fr\/product\/42-48l-h-machine-a-glace-multifonctionnelle-couleurs-optionnelles\/#primaryimage","url":"https:\/\/kengmingcn.com\/wp-content\/uploads\/2025\/07\/D28-42-\u6a59\u8272\u548c\u7d2b\u8272.webp","contentUrl":"https:\/\/kengmingcn.com\/wp-content\/uploads\/2025\/07\/D28-42-\u6a59\u8272\u548c\u7d2b\u8272.webp","width":1228,"height":1231},{"@type":"BreadcrumbList","@id":"https:\/\/kengmingcn.com\/fr\/product\/42-48l-h-machine-a-glace-multifonctionnelle-couleurs-optionnelles\/#breadcrumb","itemListElement":[{"@type":"ListItem","position":1,"name":"Home","item":"https:\/\/kengmingcn.com\/"},{"@type":"ListItem","position":2,"name":"Catalogue","item":"https:\/\/kengmingcn.com\/?page_id=27131"},{"@type":"ListItem","position":3,"name":"42-48L\/H Ice Cream Machine, Multi-function, Optional Colors"}]},{"@type":"WebSite","@id":"https:\/\/kengmingcn.com\/#website","url":"https:\/\/kengmingcn.com\/","name":"Equipamiento de cocina","description":"KengMing es un fabricante profesional de equipos de cocina comercial y proveedor mayorista, que ofrece equipos de cocina, preparaci\u00f3n de alimentos y panader\u00eda con servicio OEM y ODM para distribuidores globales.","publisher":{"@id":"https:\/\/kengmingcn.com\/#organization"},"potentialAction":[{"@type":"SearchAction","target":{"@type":"EntryPoint","urlTemplate":"https:\/\/kengmingcn.com\/?s={search_term_string}"},"query-input":{"@type":"PropertyValueSpecification","valueRequired":true,"valueName":"search_term_string"}}],"inLanguage":"es"},{"@type":"Organization","@id":"https:\/\/kengmingcn.com\/#organization","name":"GuangZhou KengMing","url":"https:\/\/kengmingcn.com\/","logo":{"@type":"ImageObject","inLanguage":"es","@id":"https:\/\/kengmingcn.com\/#\/schema\/logo\/image\/","url":"https:\/\/kengmingcn.com\/wp-content\/uploads\/2025\/04\/cropped-1744508604969-removebg-preview.png","contentUrl":"https:\/\/kengmingcn.com\/wp-content\/uploads\/2025\/04\/cropped-1744508604969-removebg-preview.png","width":512,"height":512,"caption":"GuangZhou KengMing"},"image":{"@id":"https:\/\/kengmingcn.com\/#\/schema\/logo\/image\/"}}]},"product_price_amount":"0.00","product_price_currency":"USD","og_availability":"instock","product_availability":"instock","product_condition":"new"},"_links":{"self":[{"href":"https:\/\/kengmingcn.com\/es\/wp-json\/wp\/v2\/product\/51921","targetHints":{"allow":["GET"]}}],"collection":[{"href":"https:\/\/kengmingcn.com\/es\/wp-json\/wp\/v2\/product"}],"about":[{"href":"https:\/\/kengmingcn.com\/es\/wp-json\/wp\/v2\/types\/product"}],"replies":[{"embeddable":true,"href":"https:\/\/kengmingcn.com\/es\/wp-json\/wp\/v2\/comments?post=51921"}],"wp:featuredmedia":[{"embeddable":true,"href":"https:\/\/kengmingcn.com\/es\/wp-json\/wp\/v2\/media\/51918"}],"wp:attachment":[{"href":"https:\/\/kengmingcn.com\/es\/wp-json\/wp\/v2\/media?parent=51921"}],"wp:term":[{"taxonomy":"product_brand","embeddable":true,"href":"https:\/\/kengmingcn.com\/es\/wp-json\/wp\/v2\/product_brand?post=51921"},{"taxonomy":"product_cat","embeddable":true,"href":"https:\/\/kengmingcn.com\/es\/wp-json\/wp\/v2\/product_cat?post=51921"},{"taxonomy":"product_tag","embeddable":true,"href":"https:\/\/kengmingcn.com\/es\/wp-json\/wp\/v2\/product_tag?post=51921"}],"curies":[{"name":"wp","href":"https:\/\/api.w.org\/{rel}","templated":true}]}}