{"id":50971,"date":"2025-05-30T16:58:55","date_gmt":"2025-05-30T08:58:55","guid":{"rendered":"https:\/\/kengmingcn.com\/?post_type=product&#038;p=50971"},"modified":"2026-01-11T13:58:17","modified_gmt":"2026-01-11T05:58:17","slug":"heladora-premium-jmx1202a-para-hacer-deliciosos-bingsu","status":"publish","type":"product","link":"https:\/\/kengmingcn.com\/es\/product\/heladora-premium-jmx1202a-para-hacer-deliciosos-bingsu\/","title":{"rendered":"Heladora Premium JMX1202A para hacer deliciosos Bingsu"},"content":{"rendered":"<p>La m\u00e1quina de hielo en copos de nieve es un eficiente equipo de fabricaci\u00f3n de bebidas fr\u00edas dise\u00f1ado para hacer hielo en copos de nieve delicado, fresco y crujiente. Mediante una avanzada tecnolog\u00eda de congelaci\u00f3n y un preciso mecanismo de raspado de hielo, puede congelar y raspar r\u00e1pidamente materias primas l\u00edquidas (como zumos, t\u00e9 con leche, c\u00f3cteles, etc.) en suaves y delicadas part\u00edculas similares a copos de nieve, manteniendo el sabor y los nutrientes originales de los alimentos, lo que la convierte en un equipo de bebidas fr\u00edas imprescindible para el verano y todo tipo de actividades.<\/p>\n<p><img decoding=\"async\" class=\"alignnone size-full wp-image-50978\" src=\"https:\/\/kengmingcn.com\/wp-content\/uploads\/2025\/05\/bingsu-ice-cream-machine-1-1.webp\" alt=\"\" width=\"1060\" height=\"500\" srcset=\"https:\/\/kengmingcn.com\/wp-content\/uploads\/2025\/05\/bingsu-ice-cream-machine-1-1.webp 1060w, https:\/\/kengmingcn.com\/wp-content\/uploads\/2025\/05\/bingsu-ice-cream-machine-1-1-300x142.webp 300w, https:\/\/kengmingcn.com\/wp-content\/uploads\/2025\/05\/bingsu-ice-cream-machine-1-1-1024x483.webp 1024w, https:\/\/kengmingcn.com\/wp-content\/uploads\/2025\/05\/bingsu-ice-cream-machine-1-1-768x362.webp 768w\" sizes=\"(max-width: 1060px) 100vw, 1060px\" \/><\/p>\n<p>1.Tecnolog\u00eda de congelaci\u00f3n avanzada: Equipado con compresor y condensador de marca de alta eficiencia, as\u00ed como ventilador de alta calidad, asegura la disipaci\u00f3n de calor del sistema de refrigeraci\u00f3n para asegurar que las materias primas l\u00edquidas se puedan congelar r\u00e1pidamente para mantener la frescura y la nutrici\u00f3n de los ingredientes.<br \/>\n2.Forma de hielo ajustable: Los usuarios pueden ajustar la forma de hielo de nieve de acuerdo a su gusto y preferencia personal, mediante el ajuste de las materias primas y el control de la velocidad del evaporador, puede hacer una variedad de formas de productos de hielo, como el hielo de nieve, hielo fideo, hielo en escamas, hielo puro, hielo de aguja de hielo de diversas formas de productos de hielo, la textura de la luz y sedoso a la rica y delicada son todos alcanzables.<br \/>\n3.Multi-sabores: Adecuado para todo tipo de materias primas l\u00edquidas, incluyendo zumo de frutas, t\u00e9 con leche, ingredientes para postres, c\u00f3cteles, etc, puede producir una rica variedad de sabores de hielo de nieve para satisfacer las necesidades de los diferentes gustos de los consumidores.<br \/>\n4.Sistema operativo inteligente: El equipo est\u00e1 equipado con un panel de control inteligente, incluyendo funciones de temporizaci\u00f3n y ajuste manual, f\u00e1cil e intuitivo de operar, para asegurar que cada vez que los resultados de producci\u00f3n son consistentes.<br \/>\n5.Dise\u00f1o duradero: Hecho de acero inoxidable 201 de alta calidad y acero inoxidable 304, la estructura es s\u00f3lida y f\u00e1cil de limpiar y mantener, adaptarse a largo tiempo y el uso de alta intensidad del medio ambiente. <img decoding=\"async\" class=\"alignnone size-full wp-image-50979\" src=\"https:\/\/kengmingcn.com\/wp-content\/uploads\/2025\/05\/bingsu-ice-cream-machine-2-1.webp\" alt=\"\" width=\"1060\" height=\"500\" srcset=\"https:\/\/kengmingcn.com\/wp-content\/uploads\/2025\/05\/bingsu-ice-cream-machine-2-1.webp 1060w, https:\/\/kengmingcn.com\/wp-content\/uploads\/2025\/05\/bingsu-ice-cream-machine-2-1-300x142.webp 300w, https:\/\/kengmingcn.com\/wp-content\/uploads\/2025\/05\/bingsu-ice-cream-machine-2-1-1024x483.webp 1024w, https:\/\/kengmingcn.com\/wp-content\/uploads\/2025\/05\/bingsu-ice-cream-machine-2-1-768x362.webp 768w\" sizes=\"(max-width: 1060px) 100vw, 1060px\" \/> <img decoding=\"async\" class=\"alignnone size-full wp-image-50980\" src=\"https:\/\/kengmingcn.com\/wp-content\/uploads\/2025\/05\/bingsu-ice-cream-machine-3-1.webp\" alt=\"\" width=\"1060\" height=\"500\" srcset=\"https:\/\/kengmingcn.com\/wp-content\/uploads\/2025\/05\/bingsu-ice-cream-machine-3-1.webp 1060w, https:\/\/kengmingcn.com\/wp-content\/uploads\/2025\/05\/bingsu-ice-cream-machine-3-1-300x142.webp 300w, https:\/\/kengmingcn.com\/wp-content\/uploads\/2025\/05\/bingsu-ice-cream-machine-3-1-1024x483.webp 1024w, https:\/\/kengmingcn.com\/wp-content\/uploads\/2025\/05\/bingsu-ice-cream-machine-3-1-768x362.webp 768w\" sizes=\"(max-width: 1060px) 100vw, 1060px\" \/> <img decoding=\"async\" class=\"alignnone size-full wp-image-50981\" src=\"https:\/\/kengmingcn.com\/wp-content\/uploads\/2025\/05\/bingsu-ice-cream-machine-4-1.webp\" alt=\"\" width=\"1060\" height=\"500\" srcset=\"https:\/\/kengmingcn.com\/wp-content\/uploads\/2025\/05\/bingsu-ice-cream-machine-4-1.webp 1060w, https:\/\/kengmingcn.com\/wp-content\/uploads\/2025\/05\/bingsu-ice-cream-machine-4-1-300x142.webp 300w, https:\/\/kengmingcn.com\/wp-content\/uploads\/2025\/05\/bingsu-ice-cream-machine-4-1-1024x483.webp 1024w, https:\/\/kengmingcn.com\/wp-content\/uploads\/2025\/05\/bingsu-ice-cream-machine-4-1-768x362.webp 768w\" sizes=\"(max-width: 1060px) 100vw, 1060px\" \/><\/p>\n<p>1. Tiendas de postres y hielo: Finalidad: Fabricar copos de nieve y hielo raspado de distintos sabores para atraer a los clientes y ofrecer opciones de hielo innovadoras.<br \/>\nEjemplo: La tienda ofrece diferentes coberturas y saborizantes para que los clientes puedan personalizar su propio hielo en copos de nieve.<br \/>\n2. Restaurantes y cafeter\u00edas: Finalidad: Como parte del postre, ofrecer opciones \u00fanicas de hielo para realzar la diversidad del men\u00fa del restaurante.<br \/>\nPor ejemplo: Los restaurantes pueden a\u00f1adir hielo en copos de nieve a su carta como postre de sobremesa o utilizarlo para preparar bebidas fr\u00edas especiales.<br \/>\n3. Puestos de comida callejeros y mercados: Finalidad: El hielo en copos de nieve se fabrica in situ para atraer a los clientes que pasan y ofrecer productos de hielo frescos y sabrosos.<br \/>\nPor ejemplo: Montar puestos de hielo en copos de nieve en mercados nocturnos o bazares de alimentaci\u00f3n para fabricar y vender hielo en copos de nieve reci\u00e9n hecho.<br \/>\n4. Reuniones familiares y eventos privados: Finalidad: Util\u00edcelo en reuniones familiares o eventos privados para ofrecer a los invitados una experiencia de hielo fresco y bricolaje.<br \/>\nEjemplo: Uso de una m\u00e1quina de hielo en copos de nieve para hacer hielo en copos de nieve como parte de un postre o una bebida refrescante en una reuni\u00f3n familiar.<br \/>\n5. Eventos y exposiciones a gran escala: Utilizaci\u00f3n: Proporcionar hielo en copos de nieve fabricado in situ a los visitantes de exposiciones o participantes en eventos para mejorar el atractivo y la interactividad del evento.<br \/>\nEjemplo: En exposiciones o festivales se instalan puestos de fabricaci\u00f3n de hielo en forma de copos de nieve para atraer visitantes y ofrecer a los participantes golosinas frescas y deliciosas.<\/p>\n<p><img decoding=\"async\" class=\"alignnone size-full wp-image-50815\" src=\"https:\/\/kengmingcn.com\/wp-content\/uploads\/2025\/04\/3_11zon-1.webp\" alt=\"\" width=\"1060\" height=\"500\" srcset=\"https:\/\/kengmingcn.com\/wp-content\/uploads\/2025\/04\/3_11zon-1.webp 1060w, https:\/\/kengmingcn.com\/wp-content\/uploads\/2025\/04\/3_11zon-1-300x142.webp 300w, https:\/\/kengmingcn.com\/wp-content\/uploads\/2025\/04\/3_11zon-1-1024x483.webp 1024w, https:\/\/kengmingcn.com\/wp-content\/uploads\/2025\/04\/3_11zon-1-768x362.webp 768w\" sizes=\"(max-width: 1060px) 100vw, 1060px\" \/> <img decoding=\"async\" class=\"alignnone size-full wp-image-50814\" src=\"https:\/\/kengmingcn.com\/wp-content\/uploads\/2025\/04\/2_11zon-1.webp\" alt=\"\" width=\"1060\" height=\"500\" srcset=\"https:\/\/kengmingcn.com\/wp-content\/uploads\/2025\/04\/2_11zon-1.webp 1060w, https:\/\/kengmingcn.com\/wp-content\/uploads\/2025\/04\/2_11zon-1-300x142.webp 300w, https:\/\/kengmingcn.com\/wp-content\/uploads\/2025\/04\/2_11zon-1-1024x483.webp 1024w, https:\/\/kengmingcn.com\/wp-content\/uploads\/2025\/04\/2_11zon-1-768x362.webp 768w\" sizes=\"(max-width: 1060px) 100vw, 1060px\" \/><\/p>","protected":false},"excerpt":{"rendered":"<ul>\n<li>Potencia: 1200W<\/li>\n<li>Rendimiento: 195 kg\/24 horas<\/li>\n<li>Modelo: JMX1202A<\/li>\n<li>Refrigeraci\u00f3n: Agua<\/li>\n<\/ul>","protected":false},"featured_media":53020,"comment_status":"open","ping_status":"closed","template":"","meta":{"_acf_changed":false},"product_brand":[],"product_cat":[244,275],"product_tag":[312],"class_list":{"0":"post-50971","1":"product","2":"type-product","3":"status-publish","4":"has-post-thumbnail","6":"product_cat-bingsu-machine","7":"product_cat-refrigeration-equipment","8":"product_tag-water-cooling","9":"description-off","11":"first","12":"instock","13":"shipping-taxable","14":"product-type-simple"},"acf":[],"yoast_head":"<!-- This site is optimized with the Yoast SEO Premium plugin v25.3 (Yoast SEO v26.3) - https:\/\/yoast.com\/wordpress\/plugins\/seo\/ -->\n<title>Premium JMX1202A Snow Ice Maker for Delicious Bingsu<\/title>\n<meta name=\"description\" content=\"Premium JMX1202A Snow Ice Maker for Delicious Bingsu 1200W\" \/>\n<meta name=\"robots\" content=\"index, follow, max-snippet:-1, max-image-preview:large, max-video-preview:-1\" \/>\n<link rel=\"canonical\" href=\"https:\/\/kengmingcn.com\/es\/product\/heladora-premium-jmx1202a-para-hacer-deliciosos-bingsu\/\" \/>\n<meta property=\"og:locale\" content=\"es_MX\" \/>\n<meta property=\"og:type\" content=\"article\" \/>\n<meta property=\"og:title\" content=\"Premium JMX1202A Snow Ice Maker for Delicious Bingsu\" \/>\n<meta property=\"og:description\" content=\"Premium JMX1202A Snow Ice Maker for Delicious Bingsu 1200W\" \/>\n<meta property=\"og:url\" content=\"https:\/\/kengmingcn.com\/es\/product\/heladora-premium-jmx1202a-para-hacer-deliciosos-bingsu\/\" \/>\n<meta property=\"og:site_name\" content=\"KengMing | Manufacturer of Commercial Kitchen Equipment\" \/>\n<meta property=\"article:modified_time\" content=\"2026-01-11T05:58:17+00:00\" \/>\n<meta property=\"og:image\" content=\"https:\/\/kengmingcn.com\/wp-content\/uploads\/2025\/05\/JMX1202_6_11zon.webp\" \/>\n\t<meta property=\"og:image:width\" content=\"800\" \/>\n\t<meta property=\"og:image:height\" content=\"800\" \/>\n\t<meta property=\"og:image:type\" content=\"image\/webp\" \/>\n<meta name=\"twitter:card\" content=\"summary_large_image\" \/>\n<meta name=\"twitter:label1\" content=\"Precio\" \/>\n\t<meta name=\"twitter:data1\" content=\"\" \/>\n\t<meta name=\"twitter:label2\" content=\"Disponibilidad\" \/>\n\t<meta name=\"twitter:data2\" content=\"Disponible\" \/>\n<script type=\"application\/ld+json\" class=\"yoast-schema-graph\">{\"@context\":\"https:\/\/schema.org\",\"@graph\":[{\"@type\":\"WebPage\",\"@id\":\"https:\/\/kengmingcn.com\/ar\/product\/%d8%b5%d8%a7%d9%86%d8%b9%d8%a9-%d8%ab%d9%84%d8%ac-%d8%a7%d9%84%d8%ab%d9%84%d8%ac-%d8%a7%d9%84%d9%85%d9%85%d8%aa%d8%a7%d8%b2%d8%a9-jmx1202a-%d9%84%d8%b5%d9%86%d8%b9-%d8%ab%d9%84%d8%ac-%d8%a7%d9%84\/\",\"url\":\"https:\/\/kengmingcn.com\/ar\/product\/%d8%b5%d8%a7%d9%86%d8%b9%d8%a9-%d8%ab%d9%84%d8%ac-%d8%a7%d9%84%d8%ab%d9%84%d8%ac-%d8%a7%d9%84%d9%85%d9%85%d8%aa%d8%a7%d8%b2%d8%a9-jmx1202a-%d9%84%d8%b5%d9%86%d8%b9-%d8%ab%d9%84%d8%ac-%d8%a7%d9%84\/\",\"name\":\"Premium JMX1202A Snow Ice Maker for Delicious Bingsu\",\"isPartOf\":{\"@id\":\"https:\/\/kengmingcn.com\/#website\"},\"primaryImageOfPage\":{\"@id\":\"https:\/\/kengmingcn.com\/ar\/product\/%d8%b5%d8%a7%d9%86%d8%b9%d8%a9-%d8%ab%d9%84%d8%ac-%d8%a7%d9%84%d8%ab%d9%84%d8%ac-%d8%a7%d9%84%d9%85%d9%85%d8%aa%d8%a7%d8%b2%d8%a9-jmx1202a-%d9%84%d8%b5%d9%86%d8%b9-%d8%ab%d9%84%d8%ac-%d8%a7%d9%84\/#primaryimage\"},\"image\":{\"@id\":\"https:\/\/kengmingcn.com\/ar\/product\/%d8%b5%d8%a7%d9%86%d8%b9%d8%a9-%d8%ab%d9%84%d8%ac-%d8%a7%d9%84%d8%ab%d9%84%d8%ac-%d8%a7%d9%84%d9%85%d9%85%d8%aa%d8%a7%d8%b2%d8%a9-jmx1202a-%d9%84%d8%b5%d9%86%d8%b9-%d8%ab%d9%84%d8%ac-%d8%a7%d9%84\/#primaryimage\"},\"thumbnailUrl\":\"https:\/\/kengmingcn.com\/wp-content\/uploads\/2025\/05\/JMX1202_6_11zon.webp\",\"datePublished\":\"2025-05-30T08:58:55+00:00\",\"dateModified\":\"2026-01-11T05:58:17+00:00\",\"description\":\"Premium JMX1202A Snow Ice Maker for Delicious Bingsu 1200W\",\"breadcrumb\":{\"@id\":\"https:\/\/kengmingcn.com\/ar\/product\/%d8%b5%d8%a7%d9%86%d8%b9%d8%a9-%d8%ab%d9%84%d8%ac-%d8%a7%d9%84%d8%ab%d9%84%d8%ac-%d8%a7%d9%84%d9%85%d9%85%d8%aa%d8%a7%d8%b2%d8%a9-jmx1202a-%d9%84%d8%b5%d9%86%d8%b9-%d8%ab%d9%84%d8%ac-%d8%a7%d9%84\/#breadcrumb\"},\"inLanguage\":\"es\",\"potentialAction\":[{\"@type\":\"ReadAction\",\"target\":[\"https:\/\/kengmingcn.com\/ar\/product\/%d8%b5%d8%a7%d9%86%d8%b9%d8%a9-%d8%ab%d9%84%d8%ac-%d8%a7%d9%84%d8%ab%d9%84%d8%ac-%d8%a7%d9%84%d9%85%d9%85%d8%aa%d8%a7%d8%b2%d8%a9-jmx1202a-%d9%84%d8%b5%d9%86%d8%b9-%d8%ab%d9%84%d8%ac-%d8%a7%d9%84\/\"]}]},{\"@type\":\"ImageObject\",\"inLanguage\":\"es\",\"@id\":\"https:\/\/kengmingcn.com\/ar\/product\/%d8%b5%d8%a7%d9%86%d8%b9%d8%a9-%d8%ab%d9%84%d8%ac-%d8%a7%d9%84%d8%ab%d9%84%d8%ac-%d8%a7%d9%84%d9%85%d9%85%d8%aa%d8%a7%d8%b2%d8%a9-jmx1202a-%d9%84%d8%b5%d9%86%d8%b9-%d8%ab%d9%84%d8%ac-%d8%a7%d9%84\/#primaryimage\",\"url\":\"https:\/\/kengmingcn.com\/wp-content\/uploads\/2025\/05\/JMX1202_6_11zon.webp\",\"contentUrl\":\"https:\/\/kengmingcn.com\/wp-content\/uploads\/2025\/05\/JMX1202_6_11zon.webp\",\"width\":800,\"height\":800,\"caption\":\"JMX1202 185kg Bingu Machine\"},{\"@type\":\"BreadcrumbList\",\"@id\":\"https:\/\/kengmingcn.com\/ar\/product\/%d8%b5%d8%a7%d9%86%d8%b9%d8%a9-%d8%ab%d9%84%d8%ac-%d8%a7%d9%84%d8%ab%d9%84%d8%ac-%d8%a7%d9%84%d9%85%d9%85%d8%aa%d8%a7%d8%b2%d8%a9-jmx1202a-%d9%84%d8%b5%d9%86%d8%b9-%d8%ab%d9%84%d8%ac-%d8%a7%d9%84\/#breadcrumb\",\"itemListElement\":[{\"@type\":\"ListItem\",\"position\":1,\"name\":\"Home\",\"item\":\"https:\/\/kengmingcn.com\/\"},{\"@type\":\"ListItem\",\"position\":2,\"name\":\"Catalogue\",\"item\":\"https:\/\/kengmingcn.com\/?page_id=27131\"},{\"@type\":\"ListItem\",\"position\":3,\"name\":\"Premium JMX1202A Snow Ice Maker for Delicious Bingsu\"}]},{\"@type\":\"WebSite\",\"@id\":\"https:\/\/kengmingcn.com\/#website\",\"url\":\"https:\/\/kengmingcn.com\/\",\"name\":\"Kitchen Equipment\",\"description\":\"KengMing is a professional commercial kitchen equipment manufacturer and wholesale supplier, offering cooking, food prep and bakery equipment with OEM &amp; ODM service for global distributors.\",\"publisher\":{\"@id\":\"https:\/\/kengmingcn.com\/#organization\"},\"potentialAction\":[{\"@type\":\"SearchAction\",\"target\":{\"@type\":\"EntryPoint\",\"urlTemplate\":\"https:\/\/kengmingcn.com\/?s={search_term_string}\"},\"query-input\":{\"@type\":\"PropertyValueSpecification\",\"valueRequired\":true,\"valueName\":\"search_term_string\"}}],\"inLanguage\":\"es\"},{\"@type\":\"Organization\",\"@id\":\"https:\/\/kengmingcn.com\/#organization\",\"name\":\"GuangZhou KengMing\",\"url\":\"https:\/\/kengmingcn.com\/\",\"logo\":{\"@type\":\"ImageObject\",\"inLanguage\":\"es\",\"@id\":\"https:\/\/kengmingcn.com\/#\/schema\/logo\/image\/\",\"url\":\"https:\/\/kengmingcn.com\/wp-content\/uploads\/2025\/04\/cropped-1744508604969-removebg-preview.png\",\"contentUrl\":\"https:\/\/kengmingcn.com\/wp-content\/uploads\/2025\/04\/cropped-1744508604969-removebg-preview.png\",\"width\":512,\"height\":512,\"caption\":\"GuangZhou KengMing\"},\"image\":{\"@id\":\"https:\/\/kengmingcn.com\/#\/schema\/logo\/image\/\"}}]}<\/script>\n<meta property=\"product:price:amount\" content=\"0.00\" \/>\n<meta property=\"product:price:currency\" content=\"USD\" \/>\n<meta property=\"og:availability\" content=\"instock\" \/>\n<meta property=\"product:availability\" content=\"instock\" \/>\n<meta property=\"product:condition\" content=\"new\" \/>\n<!-- \/ Yoast SEO Premium plugin. -->","yoast_head_json":{"title":"Heladora Premium JMX1202A para hacer deliciosos Bingsu","description":"Heladora Premium JMX1202A para Deliciosos Bingsu 1200W","robots":{"index":"index","follow":"follow","max-snippet":"max-snippet:-1","max-image-preview":"max-image-preview:large","max-video-preview":"max-video-preview:-1"},"canonical":"https:\/\/kengmingcn.com\/es\/product\/heladora-premium-jmx1202a-para-hacer-deliciosos-bingsu\/","og_locale":"es_MX","og_type":"article","og_title":"Premium JMX1202A Snow Ice Maker for Delicious Bingsu","og_description":"Premium JMX1202A Snow Ice Maker for Delicious Bingsu 1200W","og_url":"https:\/\/kengmingcn.com\/es\/product\/heladora-premium-jmx1202a-para-hacer-deliciosos-bingsu\/","og_site_name":"KengMing | Manufacturer of Commercial Kitchen Equipment","article_modified_time":"2026-01-11T05:58:17+00:00","og_image":[{"width":800,"height":800,"url":"https:\/\/kengmingcn.com\/wp-content\/uploads\/2025\/05\/JMX1202_6_11zon.webp","type":"image\/webp"}],"twitter_card":"summary_large_image","twitter_misc":{"Precio":"","Disponibilidad":"Disponible"},"schema":{"@context":"https:\/\/schema.org","@graph":[{"@type":"WebPage","@id":"https:\/\/kengmingcn.com\/ar\/product\/%d8%b5%d8%a7%d9%86%d8%b9%d8%a9-%d8%ab%d9%84%d8%ac-%d8%a7%d9%84%d8%ab%d9%84%d8%ac-%d8%a7%d9%84%d9%85%d9%85%d8%aa%d8%a7%d8%b2%d8%a9-jmx1202a-%d9%84%d8%b5%d9%86%d8%b9-%d8%ab%d9%84%d8%ac-%d8%a7%d9%84\/","url":"https:\/\/kengmingcn.com\/ar\/product\/%d8%b5%d8%a7%d9%86%d8%b9%d8%a9-%d8%ab%d9%84%d8%ac-%d8%a7%d9%84%d8%ab%d9%84%d8%ac-%d8%a7%d9%84%d9%85%d9%85%d8%aa%d8%a7%d8%b2%d8%a9-jmx1202a-%d9%84%d8%b5%d9%86%d8%b9-%d8%ab%d9%84%d8%ac-%d8%a7%d9%84\/","name":"Heladora Premium JMX1202A para hacer deliciosos Bingsu","isPartOf":{"@id":"https:\/\/kengmingcn.com\/#website"},"primaryImageOfPage":{"@id":"https:\/\/kengmingcn.com\/ar\/product\/%d8%b5%d8%a7%d9%86%d8%b9%d8%a9-%d8%ab%d9%84%d8%ac-%d8%a7%d9%84%d8%ab%d9%84%d8%ac-%d8%a7%d9%84%d9%85%d9%85%d8%aa%d8%a7%d8%b2%d8%a9-jmx1202a-%d9%84%d8%b5%d9%86%d8%b9-%d8%ab%d9%84%d8%ac-%d8%a7%d9%84\/#primaryimage"},"image":{"@id":"https:\/\/kengmingcn.com\/ar\/product\/%d8%b5%d8%a7%d9%86%d8%b9%d8%a9-%d8%ab%d9%84%d8%ac-%d8%a7%d9%84%d8%ab%d9%84%d8%ac-%d8%a7%d9%84%d9%85%d9%85%d8%aa%d8%a7%d8%b2%d8%a9-jmx1202a-%d9%84%d8%b5%d9%86%d8%b9-%d8%ab%d9%84%d8%ac-%d8%a7%d9%84\/#primaryimage"},"thumbnailUrl":"https:\/\/kengmingcn.com\/wp-content\/uploads\/2025\/05\/JMX1202_6_11zon.webp","datePublished":"2025-05-30T08:58:55+00:00","dateModified":"2026-01-11T05:58:17+00:00","description":"Heladora Premium JMX1202A para Deliciosos Bingsu 1200W","breadcrumb":{"@id":"https:\/\/kengmingcn.com\/ar\/product\/%d8%b5%d8%a7%d9%86%d8%b9%d8%a9-%d8%ab%d9%84%d8%ac-%d8%a7%d9%84%d8%ab%d9%84%d8%ac-%d8%a7%d9%84%d9%85%d9%85%d8%aa%d8%a7%d8%b2%d8%a9-jmx1202a-%d9%84%d8%b5%d9%86%d8%b9-%d8%ab%d9%84%d8%ac-%d8%a7%d9%84\/#breadcrumb"},"inLanguage":"es","potentialAction":[{"@type":"ReadAction","target":["https:\/\/kengmingcn.com\/ar\/product\/%d8%b5%d8%a7%d9%86%d8%b9%d8%a9-%d8%ab%d9%84%d8%ac-%d8%a7%d9%84%d8%ab%d9%84%d8%ac-%d8%a7%d9%84%d9%85%d9%85%d8%aa%d8%a7%d8%b2%d8%a9-jmx1202a-%d9%84%d8%b5%d9%86%d8%b9-%d8%ab%d9%84%d8%ac-%d8%a7%d9%84\/"]}]},{"@type":"ImageObject","inLanguage":"es","@id":"https:\/\/kengmingcn.com\/ar\/product\/%d8%b5%d8%a7%d9%86%d8%b9%d8%a9-%d8%ab%d9%84%d8%ac-%d8%a7%d9%84%d8%ab%d9%84%d8%ac-%d8%a7%d9%84%d9%85%d9%85%d8%aa%d8%a7%d8%b2%d8%a9-jmx1202a-%d9%84%d8%b5%d9%86%d8%b9-%d8%ab%d9%84%d8%ac-%d8%a7%d9%84\/#primaryimage","url":"https:\/\/kengmingcn.com\/wp-content\/uploads\/2025\/05\/JMX1202_6_11zon.webp","contentUrl":"https:\/\/kengmingcn.com\/wp-content\/uploads\/2025\/05\/JMX1202_6_11zon.webp","width":800,"height":800,"caption":"JMX1202 185kg Bingu Machine"},{"@type":"BreadcrumbList","@id":"https:\/\/kengmingcn.com\/ar\/product\/%d8%b5%d8%a7%d9%86%d8%b9%d8%a9-%d8%ab%d9%84%d8%ac-%d8%a7%d9%84%d8%ab%d9%84%d8%ac-%d8%a7%d9%84%d9%85%d9%85%d8%aa%d8%a7%d8%b2%d8%a9-jmx1202a-%d9%84%d8%b5%d9%86%d8%b9-%d8%ab%d9%84%d8%ac-%d8%a7%d9%84\/#breadcrumb","itemListElement":[{"@type":"ListItem","position":1,"name":"Home","item":"https:\/\/kengmingcn.com\/"},{"@type":"ListItem","position":2,"name":"Catalogue","item":"https:\/\/kengmingcn.com\/?page_id=27131"},{"@type":"ListItem","position":3,"name":"Premium JMX1202A Snow Ice Maker for Delicious Bingsu"}]},{"@type":"WebSite","@id":"https:\/\/kengmingcn.com\/#website","url":"https:\/\/kengmingcn.com\/","name":"Equipamiento de cocina","description":"KengMing es un fabricante profesional de equipos de cocina comercial y proveedor mayorista, que ofrece equipos de cocina, preparaci\u00f3n de alimentos y panader\u00eda con servicio OEM y ODM para distribuidores globales.","publisher":{"@id":"https:\/\/kengmingcn.com\/#organization"},"potentialAction":[{"@type":"SearchAction","target":{"@type":"EntryPoint","urlTemplate":"https:\/\/kengmingcn.com\/?s={search_term_string}"},"query-input":{"@type":"PropertyValueSpecification","valueRequired":true,"valueName":"search_term_string"}}],"inLanguage":"es"},{"@type":"Organization","@id":"https:\/\/kengmingcn.com\/#organization","name":"GuangZhou KengMing","url":"https:\/\/kengmingcn.com\/","logo":{"@type":"ImageObject","inLanguage":"es","@id":"https:\/\/kengmingcn.com\/#\/schema\/logo\/image\/","url":"https:\/\/kengmingcn.com\/wp-content\/uploads\/2025\/04\/cropped-1744508604969-removebg-preview.png","contentUrl":"https:\/\/kengmingcn.com\/wp-content\/uploads\/2025\/04\/cropped-1744508604969-removebg-preview.png","width":512,"height":512,"caption":"GuangZhou KengMing"},"image":{"@id":"https:\/\/kengmingcn.com\/#\/schema\/logo\/image\/"}}]},"product_price_amount":"0.00","product_price_currency":"USD","og_availability":"instock","product_availability":"instock","product_condition":"new"},"_links":{"self":[{"href":"https:\/\/kengmingcn.com\/es\/wp-json\/wp\/v2\/product\/50971","targetHints":{"allow":["GET"]}}],"collection":[{"href":"https:\/\/kengmingcn.com\/es\/wp-json\/wp\/v2\/product"}],"about":[{"href":"https:\/\/kengmingcn.com\/es\/wp-json\/wp\/v2\/types\/product"}],"replies":[{"embeddable":true,"href":"https:\/\/kengmingcn.com\/es\/wp-json\/wp\/v2\/comments?post=50971"}],"wp:featuredmedia":[{"embeddable":true,"href":"https:\/\/kengmingcn.com\/es\/wp-json\/wp\/v2\/media\/53020"}],"wp:attachment":[{"href":"https:\/\/kengmingcn.com\/es\/wp-json\/wp\/v2\/media?parent=50971"}],"wp:term":[{"taxonomy":"product_brand","embeddable":true,"href":"https:\/\/kengmingcn.com\/es\/wp-json\/wp\/v2\/product_brand?post=50971"},{"taxonomy":"product_cat","embeddable":true,"href":"https:\/\/kengmingcn.com\/es\/wp-json\/wp\/v2\/product_cat?post=50971"},{"taxonomy":"product_tag","embeddable":true,"href":"https:\/\/kengmingcn.com\/es\/wp-json\/wp\/v2\/product_tag?post=50971"}],"curies":[{"name":"wp","href":"https:\/\/api.w.org\/{rel}","templated":true}]}}