{"id":50854,"date":"2025-05-19T17:01:38","date_gmt":"2025-05-19T09:01:38","guid":{"rendered":"https:\/\/kengmingcn.com\/?post_type=product&#038;p=50854"},"modified":"2025-07-15T18:00:39","modified_gmt":"2025-07-15T10:00:39","slug":"selladora-automatica-inteligente-de-latas-negras-qls-180b-180w-220v-50hz","status":"publish","type":"product","link":"https:\/\/kengmingcn.com\/es\/product\/selladora-automatica-inteligente-de-latas-negras-qls-180b-180w-220v-50hz\/","title":{"rendered":"Selladora de Latas Autom\u00e1tica Selladora de Latas Negra Inteligente QLS-180B-180W-220V\/50Hz"},"content":{"rendered":"<div style=\"width: 640px;\" class=\"wp-video\"><!--[if lt IE 9]><script>document.createElement('video');<\/script><![endif]-->\n<video class=\"wp-video-shortcode\" id=\"video-50854-1\" width=\"640\" height=\"360\" preload=\"metadata\" controls=\"controls\"><source type=\"video\/mp4\" src=\"https:\/\/cdn-gzkm.b-cdn.net\/video\/Can%20Sealing%20Machine\/Can%20Sealing%20Machine.mp4?_=1\" \/><a href=\"https:\/\/cdn-gzkm.b-cdn.net\/video\/Can%20Sealing%20Machine\/Can%20Sealing%20Machine.mp4\">https:\/\/cdn-gzkm.b-cdn.net\/video\/Can%20Sealing%20Machine\/Can%20Sealing%20Machine.mp4<\/a><\/video><\/div>\n<p>Nuestra cerradora de latas semiautom\u00e1tica es una m\u00e1quina semiautom\u00e1tica dise\u00f1ada para cerrar latas de forma eficaz y fiable, pensada para la industria alimentaria y de bebidas. Combina tecnolog\u00eda avanzada con un funcionamiento sencillo y est\u00e1 dise\u00f1ada para mejorar la productividad y garantizar la calidad del producto. La m\u00e1quina es adecuada para una amplia gama de necesidades de sellado, como alimentos enlatados, bebidas y otros trabajos de sellado de productos l\u00edquidos o semis\u00f3lidos.<\/p>\n<p><img decoding=\"async\" class=\"alignnone size-full wp-image-50856\" src=\"http:\/\/kengmingcn.com\/wp-content\/uploads\/2025\/05\/Automatic-Can-Sealer-Intelligent-Black-Can-Sealing-Machine-1-1.webp\" alt=\"\" width=\"1060\" height=\"500\" srcset=\"https:\/\/kengmingcn.com\/wp-content\/uploads\/2025\/05\/Automatic-Can-Sealer-Intelligent-Black-Can-Sealing-Machine-1-1.webp 1060w, https:\/\/kengmingcn.com\/wp-content\/uploads\/2025\/05\/Automatic-Can-Sealer-Intelligent-Black-Can-Sealing-Machine-1-1-300x142.webp 300w, https:\/\/kengmingcn.com\/wp-content\/uploads\/2025\/05\/Automatic-Can-Sealer-Intelligent-Black-Can-Sealing-Machine-1-1-1024x483.webp 1024w, https:\/\/kengmingcn.com\/wp-content\/uploads\/2025\/05\/Automatic-Can-Sealer-Intelligent-Black-Can-Sealing-Machine-1-1-768x362.webp 768w\" sizes=\"(max-width: 1060px) 100vw, 1060px\" \/><\/p>\n<p>1.Operaci\u00f3n simple: Dise\u00f1o simple, operaci\u00f3n intuitiva, ninguna necesidad de entrenamiento complejo de comenzar a usar.<br \/>\n2.Efficient Producci\u00f3n: Proporcionar lata r\u00e1pida velocidad de sellado, mejorar efectivamente la eficiencia de la producci\u00f3n.<br \/>\n3.Aplicaci\u00f3n multifuncional: Adecuado para diferentes tipos y tama\u00f1os de latas y botellas, se puede ajustar de forma flexible para adaptarse a diversas necesidades de producci\u00f3n.<br \/>\n4.Estabilidad y fiabilidad: El dise\u00f1o estructural duradero garantiza un funcionamiento estable durante mucho tiempo, reduciendo los costes de mantenimiento y el tiempo de inactividad.<br \/>\n5.Cumplimiento de las normas de higiene: Fabricado con materiales de grado alimentario, es f\u00e1cil de limpiar y mantener, y cumple con los requisitos de higiene y seguridad.<\/p>\n<p><img decoding=\"async\" class=\"alignnone size-full wp-image-50857\" src=\"http:\/\/kengmingcn.com\/wp-content\/uploads\/2025\/05\/Automatic-Can-Sealer-Intelligent-Black-Can-Sealing-Machine-5.webp\" alt=\"Selladora de latas autom\u00e1tica M\u00e1quina selladora de latas negra inteligente (5)\" width=\"1060\" height=\"500\" srcset=\"https:\/\/kengmingcn.com\/wp-content\/uploads\/2025\/05\/Automatic-Can-Sealer-Intelligent-Black-Can-Sealing-Machine-5.webp 1060w, https:\/\/kengmingcn.com\/wp-content\/uploads\/2025\/05\/Automatic-Can-Sealer-Intelligent-Black-Can-Sealing-Machine-5-300x142.webp 300w, https:\/\/kengmingcn.com\/wp-content\/uploads\/2025\/05\/Automatic-Can-Sealer-Intelligent-Black-Can-Sealing-Machine-5-1024x483.webp 1024w, https:\/\/kengmingcn.com\/wp-content\/uploads\/2025\/05\/Automatic-Can-Sealer-Intelligent-Black-Can-Sealing-Machine-5-768x362.webp 768w\" sizes=\"(max-width: 1060px) 100vw, 1060px\" \/> <img decoding=\"async\" class=\"alignnone size-full wp-image-50858\" src=\"http:\/\/kengmingcn.com\/wp-content\/uploads\/2025\/05\/Automatic-Can-Sealer-Intelligent-Black-Can-Sealing-Machine-3.webp\" alt=\"\" width=\"1060\" height=\"500\" srcset=\"https:\/\/kengmingcn.com\/wp-content\/uploads\/2025\/05\/Automatic-Can-Sealer-Intelligent-Black-Can-Sealing-Machine-3.webp 1060w, https:\/\/kengmingcn.com\/wp-content\/uploads\/2025\/05\/Automatic-Can-Sealer-Intelligent-Black-Can-Sealing-Machine-3-300x142.webp 300w, https:\/\/kengmingcn.com\/wp-content\/uploads\/2025\/05\/Automatic-Can-Sealer-Intelligent-Black-Can-Sealing-Machine-3-1024x483.webp 1024w, https:\/\/kengmingcn.com\/wp-content\/uploads\/2025\/05\/Automatic-Can-Sealer-Intelligent-Black-Can-Sealing-Machine-3-768x362.webp 768w\" sizes=\"(max-width: 1060px) 100vw, 1060px\" \/> <img decoding=\"async\" class=\"alignnone size-full wp-image-50859\" src=\"http:\/\/kengmingcn.com\/wp-content\/uploads\/2025\/05\/Automatic-Can-Sealer-Intelligent-Black-Can-Sealing-Machine-4.webp\" alt=\"\" width=\"1060\" height=\"500\" srcset=\"https:\/\/kengmingcn.com\/wp-content\/uploads\/2025\/05\/Automatic-Can-Sealer-Intelligent-Black-Can-Sealing-Machine-4.webp 1060w, https:\/\/kengmingcn.com\/wp-content\/uploads\/2025\/05\/Automatic-Can-Sealer-Intelligent-Black-Can-Sealing-Machine-4-300x142.webp 300w, https:\/\/kengmingcn.com\/wp-content\/uploads\/2025\/05\/Automatic-Can-Sealer-Intelligent-Black-Can-Sealing-Machine-4-1024x483.webp 1024w, https:\/\/kengmingcn.com\/wp-content\/uploads\/2025\/05\/Automatic-Can-Sealer-Intelligent-Black-Can-Sealing-Machine-4-768x362.webp 768w\" sizes=\"(max-width: 1060px) 100vw, 1060px\" \/><\/p>\n<p>1. Planta de procesamiento de alimentos<br \/>\nUso: Se utiliza para sellar alimentos enlatados para mantenerlos frescos y seguros.<br \/>\nEjemplo: Utilice la selladora de latas semiautom\u00e1tica en la l\u00ednea de producci\u00f3n de sopas enlatadas o mermeladas enlatadas para garantizar el sellado y la calidad de los productos.<br \/>\n2. F\u00e1brica de bebidas:<br \/>\nFinalidad: Cerrar herm\u00e9ticamente las bebidas enlatadas para evitar fugas y contaminaci\u00f3n.<br \/>\nEjemplo: Utilizar una selladora de latas semiautom\u00e1tica para cerrar botellas y latas en el proceso de producci\u00f3n de zumos de frutas o refrescos.<br \/>\n3. Peque\u00f1as empresas de producci\u00f3n:<br \/>\nIndicaciones: Adecuado para la producci\u00f3n a peque\u00f1a y mediana escala de conservas con requisitos de producci\u00f3n m\u00e1s bajos.<br \/>\nEjemplo: Para encapsular salsas caseras o bebidas caseras, f\u00e1cil de usar para familias o peque\u00f1as empresas.<br \/>\n4. Planta farmac\u00e9utica:<br \/>\nObjeto: Encapsular los envases farmac\u00e9uticos para garantizar la seguridad y eficacia de los medicamentos.<br \/>\nEjemplo: Se utiliza para enlatar medicamentos en polvo o l\u00edquidos para mantener la esterilidad de los medicamentos.<br \/>\n5. Planta de transformaci\u00f3n de productos agr\u00edcolas:<br \/>\nFinalidad: Enlatado cerrado de productos agr\u00edcolas para prolongar el periodo de conservaci\u00f3n.<br \/>\nEjemplo: Se utiliza para enlatar verduras o frutas para su almacenamiento y venta a largo plazo.<\/p>\n<p><img decoding=\"async\" class=\"alignnone size-full wp-image-50860\" src=\"http:\/\/kengmingcn.com\/wp-content\/uploads\/2025\/05\/Automatic-Can-Sealer-Intelligent-Black-Can-Sealing-Machine-2.webp\" alt=\"\" width=\"1060\" height=\"500\" srcset=\"https:\/\/kengmingcn.com\/wp-content\/uploads\/2025\/05\/Automatic-Can-Sealer-Intelligent-Black-Can-Sealing-Machine-2.webp 1060w, https:\/\/kengmingcn.com\/wp-content\/uploads\/2025\/05\/Automatic-Can-Sealer-Intelligent-Black-Can-Sealing-Machine-2-300x142.webp 300w, https:\/\/kengmingcn.com\/wp-content\/uploads\/2025\/05\/Automatic-Can-Sealer-Intelligent-Black-Can-Sealing-Machine-2-1024x483.webp 1024w, https:\/\/kengmingcn.com\/wp-content\/uploads\/2025\/05\/Automatic-Can-Sealer-Intelligent-Black-Can-Sealing-Machine-2-768x362.webp 768w\" sizes=\"(max-width: 1060px) 100vw, 1060px\" \/><\/p>\n<div id=\"1733389706824\" class=\"cke-navigation\" contenteditable=\"false\">\n<p>Par\u00e1metros del producto<\/p>\n<\/div>\n<div class=\"rich-text-table\">\n<table>\n<colgroup>\n<col \/><\/colgroup>\n<tbody>\n<tr>\n<td colspan=\"2\">Modelo<\/td>\n<td colspan=\"2\">Soporte Calibre<\/td>\n<td colspan=\"2\">Tensi\u00f3n (personalizable)<\/td>\n<td colspan=\"2\">interfaz de usuario<\/td>\n<td colspan=\"2\">Peso<\/td>\n<td colspan=\"2\">Dimensi\u00f3n<\/td>\n<td colspan=\"2\">Capacidad de apoyo<\/td>\n<td colspan=\"2\">color de la carrocer\u00eda<\/td>\n<\/tr>\n<tr>\n<td colspan=\"2\">QLS-180A<\/td>\n<td colspan=\"2\">55MM<\/td>\n<td colspan=\"2\">220V\/50Hz<\/td>\n<td colspan=\"2\">Botones inteligentes<\/td>\n<td colspan=\"2\">17.2KG<\/td>\n<td colspan=\"2\">38*21*56CM<\/td>\n<td colspan=\"2\">Son posibles muchos tipos.<\/td>\n<td colspan=\"2\">blanco<\/td>\n<\/tr>\n<tr>\n<td colspan=\"2\">QLS-180B<\/td>\n<td colspan=\"2\">55MM<\/td>\n<td colspan=\"2\">220V\/50Hz<\/td>\n<td colspan=\"2\">Botones inteligentes<\/td>\n<td colspan=\"2\">17.2KG<\/td>\n<td colspan=\"2\">38*21*56CM<\/td>\n<td colspan=\"2\">Son posibles muchos tipos.<\/td>\n<td colspan=\"2\">Negro<\/td>\n<\/tr>\n<\/tbody>\n<\/table>\n<\/div>","protected":false},"excerpt":{"rendered":"<ul>\n<li class=\"ai-optimize-27\">\n<div class=\"paragraph\"><strong class=\"\">Garant\u00eda<\/strong>: Proporcionar 1% Accesorios<\/div>\n<\/li>\n<li class=\"ai-optimize-28\">\n<div class=\"paragraph\"><strong class=\"\">Puntos clave de venta<\/strong>: Alta eficacia, semiautom\u00e1tica<\/div>\n<\/li>\n<li class=\"ai-optimize-28\">\n<div class=\"paragraph\"><strong class=\"\">Tama\u00f1o del envase de cart\u00f3n\/Peso bruto<\/strong>: 45cm * 29cm * 61.5cm<\/div>\n<\/li>\n<li class=\"ai-optimize-28\">\n<div class=\"paragraph\"><strong class=\"\">Especificaci\u00f3n<\/strong>: 0,045 metros c\u00fabicos<\/div>\n<\/li>\n<li class=\"ai-optimize-28\">\n<div class=\"paragraph\"><strong>Industrias aplicables<\/strong>: Hoteles, Manufactura F\u00e1brica de Alimentos y Bebidas<\/p>\n<div class=\"paragraph\"><\/div>\n<\/div>\n<\/li>\n<\/ul>","protected":false},"featured_media":50861,"comment_status":"open","ping_status":"closed","template":"","meta":{"_acf_changed":false},"product_brand":[],"product_cat":[322,277],"product_tag":[],"class_list":{"0":"post-50854","1":"product","2":"type-product","3":"status-publish","4":"has-post-thumbnail","6":"product_cat-can-sealing-machine","7":"product_cat-food-processing-equipment","8":"description-off","10":"first","11":"instock","12":"shipping-taxable","13":"product-type-simple"},"acf":[],"yoast_head":"<!-- This site is optimized with the Yoast SEO Premium plugin v25.3 (Yoast SEO v26.3) - https:\/\/yoast.com\/wordpress\/plugins\/seo\/ -->\n<title>Automatic Can Sealer Intelligent Black Can Sealing Machine QLS-180B-180W-220V\/50Hz - KengMing | Manufacturer of Commercial Kitchen Equipment<\/title>\n<meta name=\"robots\" content=\"index, follow, max-snippet:-1, max-image-preview:large, max-video-preview:-1\" \/>\n<link rel=\"canonical\" href=\"https:\/\/kengmingcn.com\/es\/product\/selladora-automatica-inteligente-de-latas-negras-qls-180b-180w-220v-50hz\/\" \/>\n<meta property=\"og:locale\" content=\"es_MX\" \/>\n<meta property=\"og:type\" content=\"article\" \/>\n<meta property=\"og:title\" content=\"Automatic Can Sealer Intelligent Black Can Sealing Machine QLS-180B-180W-220V\/50Hz\" \/>\n<meta property=\"og:description\" content=\"Warranty: Provide 1% Accessories   Key Selling Points: High Efficiency, Semi-Automatic   Carton Package Size\/Gross Weight: 45cm * 29cm * 61.5cm   Specification: 0.045cubic meter   Applicable Industries: Hotels, Manufacturing Food &amp; Beverage Factory\" \/>\n<meta property=\"og:url\" content=\"https:\/\/kengmingcn.com\/es\/product\/selladora-automatica-inteligente-de-latas-negras-qls-180b-180w-220v-50hz\/\" \/>\n<meta property=\"og:site_name\" content=\"KengMing | Manufacturer of Commercial Kitchen Equipment\" \/>\n<meta property=\"article:modified_time\" content=\"2025-07-15T10:00:39+00:00\" \/>\n<meta property=\"og:image\" content=\"https:\/\/kengmingcn.com\/wp-content\/uploads\/2025\/05\/Black-Can-Sealing-Machine-2.webp\" \/>\n\t<meta property=\"og:image:width\" content=\"550\" \/>\n\t<meta property=\"og:image:height\" content=\"550\" \/>\n\t<meta property=\"og:image:type\" content=\"image\/webp\" \/>\n<meta name=\"twitter:card\" content=\"summary_large_image\" \/>\n<meta name=\"twitter:label1\" content=\"Precio\" \/>\n\t<meta name=\"twitter:data1\" content=\"\" \/>\n\t<meta name=\"twitter:label2\" content=\"Disponibilidad\" \/>\n\t<meta name=\"twitter:data2\" content=\"Disponible\" \/>\n<script type=\"application\/ld+json\" class=\"yoast-schema-graph\">{\"@context\":\"https:\/\/schema.org\",\"@graph\":[{\"@type\":\"WebPage\",\"@id\":\"https:\/\/kengmingcn.com\/it\/product\/sigillatrice-automatica-di-lattine-macchina-sigillatrice-intelligente-di-lattine-nere-qls-180b-180w-220v-50hz\/\",\"url\":\"https:\/\/kengmingcn.com\/it\/product\/sigillatrice-automatica-di-lattine-macchina-sigillatrice-intelligente-di-lattine-nere-qls-180b-180w-220v-50hz\/\",\"name\":\"Automatic Can Sealer Intelligent Black Can Sealing Machine QLS-180B-180W-220V\/50Hz - KengMing | Manufacturer of Commercial Kitchen Equipment\",\"isPartOf\":{\"@id\":\"https:\/\/kengmingcn.com\/#website\"},\"primaryImageOfPage\":{\"@id\":\"https:\/\/kengmingcn.com\/it\/product\/sigillatrice-automatica-di-lattine-macchina-sigillatrice-intelligente-di-lattine-nere-qls-180b-180w-220v-50hz\/#primaryimage\"},\"image\":{\"@id\":\"https:\/\/kengmingcn.com\/it\/product\/sigillatrice-automatica-di-lattine-macchina-sigillatrice-intelligente-di-lattine-nere-qls-180b-180w-220v-50hz\/#primaryimage\"},\"thumbnailUrl\":\"https:\/\/kengmingcn.com\/wp-content\/uploads\/2025\/05\/Black-Can-Sealing-Machine-2.webp\",\"datePublished\":\"2025-05-19T09:01:38+00:00\",\"dateModified\":\"2025-07-15T10:00:39+00:00\",\"breadcrumb\":{\"@id\":\"https:\/\/kengmingcn.com\/it\/product\/sigillatrice-automatica-di-lattine-macchina-sigillatrice-intelligente-di-lattine-nere-qls-180b-180w-220v-50hz\/#breadcrumb\"},\"inLanguage\":\"es\",\"potentialAction\":[{\"@type\":\"ReadAction\",\"target\":[\"https:\/\/kengmingcn.com\/it\/product\/sigillatrice-automatica-di-lattine-macchina-sigillatrice-intelligente-di-lattine-nere-qls-180b-180w-220v-50hz\/\"]}]},{\"@type\":\"ImageObject\",\"inLanguage\":\"es\",\"@id\":\"https:\/\/kengmingcn.com\/it\/product\/sigillatrice-automatica-di-lattine-macchina-sigillatrice-intelligente-di-lattine-nere-qls-180b-180w-220v-50hz\/#primaryimage\",\"url\":\"https:\/\/kengmingcn.com\/wp-content\/uploads\/2025\/05\/Black-Can-Sealing-Machine-2.webp\",\"contentUrl\":\"https:\/\/kengmingcn.com\/wp-content\/uploads\/2025\/05\/Black-Can-Sealing-Machine-2.webp\",\"width\":550,\"height\":550},{\"@type\":\"BreadcrumbList\",\"@id\":\"https:\/\/kengmingcn.com\/it\/product\/sigillatrice-automatica-di-lattine-macchina-sigillatrice-intelligente-di-lattine-nere-qls-180b-180w-220v-50hz\/#breadcrumb\",\"itemListElement\":[{\"@type\":\"ListItem\",\"position\":1,\"name\":\"Home\",\"item\":\"https:\/\/kengmingcn.com\/\"},{\"@type\":\"ListItem\",\"position\":2,\"name\":\"Catalogue\",\"item\":\"https:\/\/kengmingcn.com\/?page_id=27131\"},{\"@type\":\"ListItem\",\"position\":3,\"name\":\"Automatic Can Sealer Intelligent Black Can Sealing Machine QLS-180B-180W-220V\/50Hz\"}]},{\"@type\":\"WebSite\",\"@id\":\"https:\/\/kengmingcn.com\/#website\",\"url\":\"https:\/\/kengmingcn.com\/\",\"name\":\"Kitchen Equipment\",\"description\":\"KengMing is a professional commercial kitchen equipment manufacturer and wholesale supplier, offering cooking, food prep and bakery equipment with OEM &amp; ODM service for global distributors.\",\"publisher\":{\"@id\":\"https:\/\/kengmingcn.com\/#organization\"},\"potentialAction\":[{\"@type\":\"SearchAction\",\"target\":{\"@type\":\"EntryPoint\",\"urlTemplate\":\"https:\/\/kengmingcn.com\/?s={search_term_string}\"},\"query-input\":{\"@type\":\"PropertyValueSpecification\",\"valueRequired\":true,\"valueName\":\"search_term_string\"}}],\"inLanguage\":\"es\"},{\"@type\":\"Organization\",\"@id\":\"https:\/\/kengmingcn.com\/#organization\",\"name\":\"GuangZhou KengMing\",\"url\":\"https:\/\/kengmingcn.com\/\",\"logo\":{\"@type\":\"ImageObject\",\"inLanguage\":\"es\",\"@id\":\"https:\/\/kengmingcn.com\/#\/schema\/logo\/image\/\",\"url\":\"https:\/\/kengmingcn.com\/wp-content\/uploads\/2025\/04\/cropped-1744508604969-removebg-preview.png\",\"contentUrl\":\"https:\/\/kengmingcn.com\/wp-content\/uploads\/2025\/04\/cropped-1744508604969-removebg-preview.png\",\"width\":512,\"height\":512,\"caption\":\"GuangZhou KengMing\"},\"image\":{\"@id\":\"https:\/\/kengmingcn.com\/#\/schema\/logo\/image\/\"}}]}<\/script>\n<meta property=\"product:price:amount\" content=\"0.00\" \/>\n<meta property=\"product:price:currency\" content=\"USD\" \/>\n<meta property=\"og:availability\" content=\"instock\" \/>\n<meta property=\"product:availability\" content=\"instock\" \/>\n<meta property=\"product:condition\" content=\"new\" \/>\n<!-- \/ Yoast SEO Premium plugin. -->","yoast_head_json":{"title":"Selladora de Latas Autom\u00e1tica Inteligente Negra QLS-180B-180W-220V\/50Hz - KengMing | Fabricante de Equipamiento para Cocinas Comerciales","robots":{"index":"index","follow":"follow","max-snippet":"max-snippet:-1","max-image-preview":"max-image-preview:large","max-video-preview":"max-video-preview:-1"},"canonical":"https:\/\/kengmingcn.com\/es\/product\/selladora-automatica-inteligente-de-latas-negras-qls-180b-180w-220v-50hz\/","og_locale":"es_MX","og_type":"article","og_title":"Automatic Can Sealer Intelligent Black Can Sealing Machine QLS-180B-180W-220V\/50Hz","og_description":"Warranty: Provide 1% Accessories   Key Selling Points: High Efficiency, Semi-Automatic   Carton Package Size\/Gross Weight: 45cm * 29cm * 61.5cm   Specification: 0.045cubic meter   Applicable Industries: Hotels, Manufacturing Food &amp; Beverage Factory","og_url":"https:\/\/kengmingcn.com\/es\/product\/selladora-automatica-inteligente-de-latas-negras-qls-180b-180w-220v-50hz\/","og_site_name":"KengMing | Manufacturer of Commercial Kitchen Equipment","article_modified_time":"2025-07-15T10:00:39+00:00","og_image":[{"width":550,"height":550,"url":"https:\/\/kengmingcn.com\/wp-content\/uploads\/2025\/05\/Black-Can-Sealing-Machine-2.webp","type":"image\/webp"}],"twitter_card":"summary_large_image","twitter_misc":{"Precio":"","Disponibilidad":"Disponible"},"schema":{"@context":"https:\/\/schema.org","@graph":[{"@type":"WebPage","@id":"https:\/\/kengmingcn.com\/it\/product\/sigillatrice-automatica-di-lattine-macchina-sigillatrice-intelligente-di-lattine-nere-qls-180b-180w-220v-50hz\/","url":"https:\/\/kengmingcn.com\/it\/product\/sigillatrice-automatica-di-lattine-macchina-sigillatrice-intelligente-di-lattine-nere-qls-180b-180w-220v-50hz\/","name":"Selladora de Latas Autom\u00e1tica Inteligente Negra QLS-180B-180W-220V\/50Hz - KengMing | Fabricante de Equipamiento para Cocinas Comerciales","isPartOf":{"@id":"https:\/\/kengmingcn.com\/#website"},"primaryImageOfPage":{"@id":"https:\/\/kengmingcn.com\/it\/product\/sigillatrice-automatica-di-lattine-macchina-sigillatrice-intelligente-di-lattine-nere-qls-180b-180w-220v-50hz\/#primaryimage"},"image":{"@id":"https:\/\/kengmingcn.com\/it\/product\/sigillatrice-automatica-di-lattine-macchina-sigillatrice-intelligente-di-lattine-nere-qls-180b-180w-220v-50hz\/#primaryimage"},"thumbnailUrl":"https:\/\/kengmingcn.com\/wp-content\/uploads\/2025\/05\/Black-Can-Sealing-Machine-2.webp","datePublished":"2025-05-19T09:01:38+00:00","dateModified":"2025-07-15T10:00:39+00:00","breadcrumb":{"@id":"https:\/\/kengmingcn.com\/it\/product\/sigillatrice-automatica-di-lattine-macchina-sigillatrice-intelligente-di-lattine-nere-qls-180b-180w-220v-50hz\/#breadcrumb"},"inLanguage":"es","potentialAction":[{"@type":"ReadAction","target":["https:\/\/kengmingcn.com\/it\/product\/sigillatrice-automatica-di-lattine-macchina-sigillatrice-intelligente-di-lattine-nere-qls-180b-180w-220v-50hz\/"]}]},{"@type":"ImageObject","inLanguage":"es","@id":"https:\/\/kengmingcn.com\/it\/product\/sigillatrice-automatica-di-lattine-macchina-sigillatrice-intelligente-di-lattine-nere-qls-180b-180w-220v-50hz\/#primaryimage","url":"https:\/\/kengmingcn.com\/wp-content\/uploads\/2025\/05\/Black-Can-Sealing-Machine-2.webp","contentUrl":"https:\/\/kengmingcn.com\/wp-content\/uploads\/2025\/05\/Black-Can-Sealing-Machine-2.webp","width":550,"height":550},{"@type":"BreadcrumbList","@id":"https:\/\/kengmingcn.com\/it\/product\/sigillatrice-automatica-di-lattine-macchina-sigillatrice-intelligente-di-lattine-nere-qls-180b-180w-220v-50hz\/#breadcrumb","itemListElement":[{"@type":"ListItem","position":1,"name":"Home","item":"https:\/\/kengmingcn.com\/"},{"@type":"ListItem","position":2,"name":"Catalogue","item":"https:\/\/kengmingcn.com\/?page_id=27131"},{"@type":"ListItem","position":3,"name":"Automatic Can Sealer Intelligent Black Can Sealing Machine QLS-180B-180W-220V\/50Hz"}]},{"@type":"WebSite","@id":"https:\/\/kengmingcn.com\/#website","url":"https:\/\/kengmingcn.com\/","name":"Equipamiento de cocina","description":"KengMing es un fabricante profesional de equipos de cocina comercial y proveedor mayorista, que ofrece equipos de cocina, preparaci\u00f3n de alimentos y panader\u00eda con servicio OEM y ODM para distribuidores globales.","publisher":{"@id":"https:\/\/kengmingcn.com\/#organization"},"potentialAction":[{"@type":"SearchAction","target":{"@type":"EntryPoint","urlTemplate":"https:\/\/kengmingcn.com\/?s={search_term_string}"},"query-input":{"@type":"PropertyValueSpecification","valueRequired":true,"valueName":"search_term_string"}}],"inLanguage":"es"},{"@type":"Organization","@id":"https:\/\/kengmingcn.com\/#organization","name":"GuangZhou KengMing","url":"https:\/\/kengmingcn.com\/","logo":{"@type":"ImageObject","inLanguage":"es","@id":"https:\/\/kengmingcn.com\/#\/schema\/logo\/image\/","url":"https:\/\/kengmingcn.com\/wp-content\/uploads\/2025\/04\/cropped-1744508604969-removebg-preview.png","contentUrl":"https:\/\/kengmingcn.com\/wp-content\/uploads\/2025\/04\/cropped-1744508604969-removebg-preview.png","width":512,"height":512,"caption":"GuangZhou KengMing"},"image":{"@id":"https:\/\/kengmingcn.com\/#\/schema\/logo\/image\/"}}]},"product_price_amount":"0.00","product_price_currency":"USD","og_availability":"instock","product_availability":"instock","product_condition":"new"},"_links":{"self":[{"href":"https:\/\/kengmingcn.com\/es\/wp-json\/wp\/v2\/product\/50854","targetHints":{"allow":["GET"]}}],"collection":[{"href":"https:\/\/kengmingcn.com\/es\/wp-json\/wp\/v2\/product"}],"about":[{"href":"https:\/\/kengmingcn.com\/es\/wp-json\/wp\/v2\/types\/product"}],"replies":[{"embeddable":true,"href":"https:\/\/kengmingcn.com\/es\/wp-json\/wp\/v2\/comments?post=50854"}],"wp:featuredmedia":[{"embeddable":true,"href":"https:\/\/kengmingcn.com\/es\/wp-json\/wp\/v2\/media\/50861"}],"wp:attachment":[{"href":"https:\/\/kengmingcn.com\/es\/wp-json\/wp\/v2\/media?parent=50854"}],"wp:term":[{"taxonomy":"product_brand","embeddable":true,"href":"https:\/\/kengmingcn.com\/es\/wp-json\/wp\/v2\/product_brand?post=50854"},{"taxonomy":"product_cat","embeddable":true,"href":"https:\/\/kengmingcn.com\/es\/wp-json\/wp\/v2\/product_cat?post=50854"},{"taxonomy":"product_tag","embeddable":true,"href":"https:\/\/kengmingcn.com\/es\/wp-json\/wp\/v2\/product_tag?post=50854"}],"curies":[{"name":"wp","href":"https:\/\/api.w.org\/{rel}","templated":true}]}}