{"id":50589,"date":"2025-05-09T14:46:13","date_gmt":"2025-05-09T06:46:13","guid":{"rendered":"https:\/\/kengmingcn.com\/?post_type=product&#038;p=50589"},"modified":"2026-02-02T11:13:26","modified_gmt":"2026-02-02T03:13:26","slug":"maquina-de-hielo-raspado-blanca","status":"publish","type":"product","link":"https:\/\/kengmingcn.com\/es\/product\/maquina-de-hielo-raspado-blanca\/","title":{"rendered":"M\u00e1quina de hielo raspado el\u00e9ctrica comercial blanca de 120W M\u00e1quina de hielo raspado en bloque"},"content":{"rendered":"<p class=\"ai-optimize-54 ai-optimize-introduction\">Presentamos la m\u00e1quina de hielo Snowflake, una maravilla de la innovaci\u00f3n moderna que convierte cualquier bebida en una sublime y refrescante experiencia de hielo en copo de nieve. Con una capacidad de congelaci\u00f3n de \u00faltima generaci\u00f3n combinada con un sistema de raspado de hielo dise\u00f1ado por expertos, este excepcional aparato transforma m\u00e1gicamente l\u00edquidos normales como zumos, t\u00e9 con leche y c\u00f3cteles en delicados cristales de hielo similares a la nieve. Conserva sin esfuerzo los ricos sabores y las cualidades nutritivas de sus ingredientes, lo que lo convierte en un aliado indispensable para elaborar vigorizantes bebidas fr\u00edas perfectas para los caprichos veraniegos y un sinf\u00edn de celebraciones.<\/p>\n<p class=\"ai-optimize-55\">1. Tecnolog\u00eda de congelaci\u00f3n avanzada: Equipada con un compresor y un condensador de alta eficiencia y de marca reconocida, y mejorada con un ventilador de primer nivel, esta m\u00e1quina destaca por una gesti\u00f3n superior del calor dentro del sistema de refrigeraci\u00f3n. Garantiza una r\u00e1pida congelaci\u00f3n de los ingredientes l\u00edquidos, salvaguardando su frescura y esencia nutricional, conservando as\u00ed la integridad de cada creaci\u00f3n.<br \/>\n2. Forma de hielo ajustable: Esta din\u00e1mica m\u00e1quina permite a los usuarios personalizar la textura y la forma del hielo para adaptarlo a sus gustos. Modificando los ingredientes crudos y ajustando la velocidad del evaporador, crea una amplia selecci\u00f3n de variaciones de hielo, como hielo de nieve, hielo en fideos, hielo en escamas, hielo puro y hielo en agujas. Las posibilidades son infinitas, desde texturas ligeras y suaves a otras m\u00e1s ricas e intrincadas.<br \/>\n3. Multisabores: Esta innovadora m\u00e1quina maneja con destreza una amplia gama de ingredientes l\u00edquidos, desde zumos de frutas y t\u00e9s con leche hasta mezclas para postres y c\u00f3cteles, produciendo un extraordinario espectro de sabores de hielo nevado. Satisface multitud de gustos de los consumidores, garantizando una aventura de sabores distinta y deliciosa con cada creaci\u00f3n.<br \/>\n4. Sistema operativo inteligente: La m\u00e1quina cuenta con un sofisticado panel de control, equipado con ajustes manuales y temporizados, que garantiza un funcionamiento sin esfuerzo. Gracias a su dise\u00f1o intuitivo, garantiza una calidad uniforme en cada lote de nieve helada, aumentando la comodidad y la satisfacci\u00f3n del usuario.<br \/>\n5. Dise\u00f1o duradero: Fabricada en acero inoxidable 201 y 304, esta m\u00e1quina no s\u00f3lo es excepcionalmente resistente, sino tambi\u00e9n f\u00e1cil de limpiar y mantener. Est\u00e1 dise\u00f1ada para soportar un funcionamiento prolongado y un uso de alta intensidad, lo que la convierte en una opci\u00f3n fiable en cualquier entorno exigente.<\/p>\n<p class=\"ai-optimize-56\"><img decoding=\"async\" class=\"alignnone size-full wp-image-50832\" src=\"http:\/\/kengmingcn.com\/wp-content\/uploads\/2025\/05\/White-haved-Ice-Machine-2.webp\" alt=\"Blanco haved M\u00e1quina de hielo (6)_11zon\" width=\"1060\" height=\"500\" srcset=\"https:\/\/kengmingcn.com\/wp-content\/uploads\/2025\/05\/White-haved-Ice-Machine-2.webp 1060w, https:\/\/kengmingcn.com\/wp-content\/uploads\/2025\/05\/White-haved-Ice-Machine-2-300x142.webp 300w, https:\/\/kengmingcn.com\/wp-content\/uploads\/2025\/05\/White-haved-Ice-Machine-2-1024x483.webp 1024w, https:\/\/kengmingcn.com\/wp-content\/uploads\/2025\/05\/White-haved-Ice-Machine-2-768x362.webp 768w\" sizes=\"(max-width: 1060px) 100vw, 1060px\" \/>.<br \/>\n1. Tecnolog\u00eda de congelaci\u00f3n avanzada: Equipada con un compresor y un condensador de alta eficiencia y de marca reconocida, y mejorada con un ventilador de primer nivel, esta m\u00e1quina destaca por una gesti\u00f3n superior del calor dentro del sistema de refrigeraci\u00f3n. Garantiza una r\u00e1pida congelaci\u00f3n de los ingredientes l\u00edquidos, salvaguardando su frescura y esencia nutricional, conservando as\u00ed la integridad de cada creaci\u00f3n.<br \/>\n2. Forma de hielo ajustable: Esta din\u00e1mica m\u00e1quina permite a los usuarios personalizar la textura y la forma del hielo para adaptarlo a sus gustos. Modificando los ingredientes crudos y ajustando la velocidad del evaporador, crea una amplia selecci\u00f3n de variaciones de hielo, como hielo de nieve, hielo en fideos, hielo en escamas, hielo puro y hielo en agujas. Las posibilidades son infinitas, desde texturas ligeras y suaves a otras m\u00e1s ricas e intrincadas.<br \/>\n3. Multisabores: Esta innovadora m\u00e1quina maneja con destreza una amplia gama de ingredientes l\u00edquidos, desde zumos de frutas y t\u00e9s con leche hasta mezclas para postres y c\u00f3cteles, produciendo un extraordinario espectro de sabores de hielo nevado. Satisface multitud de gustos de los consumidores, garantizando una aventura de sabores distinta y deliciosa con cada creaci\u00f3n.<br \/>\n4. Sistema operativo inteligente: La m\u00e1quina cuenta con un sofisticado panel de control, equipado con ajustes manuales y temporizados, que garantiza un funcionamiento sin esfuerzo. Gracias a su dise\u00f1o intuitivo, garantiza una calidad uniforme en cada lote de nieve helada, aumentando la comodidad y la satisfacci\u00f3n del usuario.<br \/>\n5. Dise\u00f1o duradero: Fabricada en acero inoxidable 201 y 304, esta m\u00e1quina no s\u00f3lo es excepcionalmente resistente, sino tambi\u00e9n f\u00e1cil de limpiar y mantener. Est\u00e1 dise\u00f1ada para soportar un funcionamiento prolongado y un uso de alta intensidad, lo que la convierte en una opci\u00f3n fiable en cualquier entorno exigente.<\/p>\n<p><img decoding=\"async\" class=\"alignnone size-full wp-image-50833\" src=\"http:\/\/kengmingcn.com\/wp-content\/uploads\/2025\/05\/White-haved-Ice-Machine-3.webp\" alt=\"\" width=\"1060\" height=\"500\" srcset=\"https:\/\/kengmingcn.com\/wp-content\/uploads\/2025\/05\/White-haved-Ice-Machine-3.webp 1060w, https:\/\/kengmingcn.com\/wp-content\/uploads\/2025\/05\/White-haved-Ice-Machine-3-300x142.webp 300w, https:\/\/kengmingcn.com\/wp-content\/uploads\/2025\/05\/White-haved-Ice-Machine-3-1024x483.webp 1024w, https:\/\/kengmingcn.com\/wp-content\/uploads\/2025\/05\/White-haved-Ice-Machine-3-768x362.webp 768w\" sizes=\"(max-width: 1060px) 100vw, 1060px\" \/> <img decoding=\"async\" class=\"alignnone size-full wp-image-50834\" src=\"http:\/\/kengmingcn.com\/wp-content\/uploads\/2025\/05\/White-haved-Ice-Machine-7.webp\" alt=\"\" width=\"1060\" height=\"500\" srcset=\"https:\/\/kengmingcn.com\/wp-content\/uploads\/2025\/05\/White-haved-Ice-Machine-7.webp 1060w, https:\/\/kengmingcn.com\/wp-content\/uploads\/2025\/05\/White-haved-Ice-Machine-7-300x142.webp 300w, https:\/\/kengmingcn.com\/wp-content\/uploads\/2025\/05\/White-haved-Ice-Machine-7-1024x483.webp 1024w, https:\/\/kengmingcn.com\/wp-content\/uploads\/2025\/05\/White-haved-Ice-Machine-7-768x362.webp 768w\" sizes=\"(max-width: 1060px) 100vw, 1060px\" \/> <img decoding=\"async\" class=\"alignnone size-full wp-image-50835\" src=\"http:\/\/kengmingcn.com\/wp-content\/uploads\/2025\/05\/White-haved-Ice-Machine-1.webp\" alt=\"\" width=\"1060\" height=\"500\" srcset=\"https:\/\/kengmingcn.com\/wp-content\/uploads\/2025\/05\/White-haved-Ice-Machine-1.webp 1060w, https:\/\/kengmingcn.com\/wp-content\/uploads\/2025\/05\/White-haved-Ice-Machine-1-300x142.webp 300w, https:\/\/kengmingcn.com\/wp-content\/uploads\/2025\/05\/White-haved-Ice-Machine-1-1024x483.webp 1024w, https:\/\/kengmingcn.com\/wp-content\/uploads\/2025\/05\/White-haved-Ice-Machine-1-768x362.webp 768w\" sizes=\"(max-width: 1060px) 100vw, 1060px\" \/><\/p>\n<p class=\"ai-optimize-57\">1. Tiendas de postres y hielo: Prop\u00f3sito: Crear un atractivo surtido de sabores de copos de nieve y hielo raspado, cautivando a los consumidores y proporcionando delicias innovadoras y heladas.<br \/>\nEjemplo: El establecimiento permite a los clientes personalizar su helado en copo de nieve eligiendo entre una amplia gama de ingredientes y sabores para crear un helado a su medida.<br \/>\n2. Restaurantes y cafeter\u00edas: Finalidad: Enriquecer la oferta de postres con variedades de hielo exclusivas, mejorando la experiencia gastron\u00f3mica con una selecci\u00f3n diversa y emocionante.<br \/>\nEjemplo: Los restaurantes pueden integrar el hielo en copos de nieve en sus men\u00fas de postres o utilizarlo para elaborar bebidas fr\u00edas \u00fanicas, a\u00f1adiendo un toque refrescante a sus ofertas.<br \/>\n3. Puestos de comida callejera y mercados: Finalidad: Preparar hielo fresco en forma de copo de nieve in situ, atrayendo a multitudes y ofreciendo deliciosos manjares de hielo reci\u00e9n hechos.<br \/>\nEjemplo: Instalando puestos de hielo en copos de nieve en animados mercados nocturnos o ferias de alimentaci\u00f3n, los vendedores pueden producir y servir hielo en copos de nieve reci\u00e9n hecho a clientes entusiastas.<br \/>\n4. Reuniones familiares y eventos privados: Finalidad: Ofrecer a los invitados la oportunidad de preparar hielo fresco en reuniones familiares o eventos privados, enriqueciendo el ambiente general.<br \/>\nEjemplo: Una m\u00e1quina de hielo en copos de nieve puede emplearse en reuniones familiares para crear un delicioso hielo en copos de nieve que realce los postres o refresque las bebidas.<br \/>\n5. Eventos y exposiciones a gran escala: Utilizaci\u00f3n: Para ofrecer hielo en copos de nieve reci\u00e9n preparado a los asistentes al evento, elevando el encanto del mismo y sirviendo como reclamo interactivo.<br \/>\nEjemplo: Las casetas de hielo en forma de copo de nieve son una de las atracciones favoritas en exposiciones y festivales, ya que cautivan a los visitantes con el encanto de los refrescantes y deliciosos manjares a la carta.<\/p>\n<p><img decoding=\"async\" class=\"alignnone size-full wp-image-50837\" src=\"http:\/\/kengmingcn.com\/wp-content\/uploads\/2025\/05\/White-haved-Ice-Machine-5.webp\" alt=\"\" width=\"1060\" height=\"500\" srcset=\"https:\/\/kengmingcn.com\/wp-content\/uploads\/2025\/05\/White-haved-Ice-Machine-5.webp 1060w, https:\/\/kengmingcn.com\/wp-content\/uploads\/2025\/05\/White-haved-Ice-Machine-5-300x142.webp 300w, https:\/\/kengmingcn.com\/wp-content\/uploads\/2025\/05\/White-haved-Ice-Machine-5-1024x483.webp 1024w, https:\/\/kengmingcn.com\/wp-content\/uploads\/2025\/05\/White-haved-Ice-Machine-5-768x362.webp 768w\" sizes=\"(max-width: 1060px) 100vw, 1060px\" \/><img decoding=\"async\" class=\"alignnone size-full wp-image-50838\" src=\"http:\/\/kengmingcn.com\/wp-content\/uploads\/2025\/05\/White-haved-Ice-Machine-6.webp\" alt=\"\" width=\"1060\" height=\"500\" srcset=\"https:\/\/kengmingcn.com\/wp-content\/uploads\/2025\/05\/White-haved-Ice-Machine-6.webp 1060w, https:\/\/kengmingcn.com\/wp-content\/uploads\/2025\/05\/White-haved-Ice-Machine-6-300x142.webp 300w, https:\/\/kengmingcn.com\/wp-content\/uploads\/2025\/05\/White-haved-Ice-Machine-6-1024x483.webp 1024w, https:\/\/kengmingcn.com\/wp-content\/uploads\/2025\/05\/White-haved-Ice-Machine-6-768x362.webp 768w\" sizes=\"(max-width: 1060px) 100vw, 1060px\" \/><img decoding=\"async\" class=\"alignnone size-full wp-image-50836\" src=\"http:\/\/kengmingcn.com\/wp-content\/uploads\/2025\/05\/White-haved-Ice-Machine-4.webp\" alt=\"\" width=\"1060\" height=\"500\" srcset=\"https:\/\/kengmingcn.com\/wp-content\/uploads\/2025\/05\/White-haved-Ice-Machine-4.webp 1060w, https:\/\/kengmingcn.com\/wp-content\/uploads\/2025\/05\/White-haved-Ice-Machine-4-300x142.webp 300w, https:\/\/kengmingcn.com\/wp-content\/uploads\/2025\/05\/White-haved-Ice-Machine-4-1024x483.webp 1024w, https:\/\/kengmingcn.com\/wp-content\/uploads\/2025\/05\/White-haved-Ice-Machine-4-768x362.webp 768w\" sizes=\"(max-width: 1060px) 100vw, 1060px\" \/><\/p>\n<blockquote class=\"wp-embedded-content\" data-secret=\"wFGuSUGUf8\"><p><a href=\"https:\/\/kengmingcn.com\/es\/2025\/07\/03\/como-hacer-hielo-raspado-fino\/\">C\u00f3mo hacer hielo raspado fino<\/a><\/p><\/blockquote>\n<p><iframe class=\"wp-embedded-content\" sandbox=\"allow-scripts\" security=\"restricted\" style=\"position: absolute; visibility: hidden;\" title=\"\u300a C\u00f3mo hacer hielo raspado fino \u300b-GuangZhou KengMing\" src=\"https:\/\/kengmingcn.com\/2025\/07\/03\/how-to-make-fine-shaved-ice\/embed\/#?secret=NQaMjtAYop#?secret=wFGuSUGUf8\" data-secret=\"wFGuSUGUf8\" width=\"600\" height=\"338\" frameborder=\"0\" marginwidth=\"0\" marginheight=\"0\" scrolling=\"no\"><\/iframe><\/p>","protected":false},"excerpt":{"rendered":"<div class=\"elementor-element elementor-element-74fd77e elementor-widget elementor-widget-heading\" data-id=\"74fd77e\" data-element_type=\"widget\" data-widget_type=\"heading.default\">\n<div class=\"elementor-widget-container\">\n<ul>\n<li>Potencia: &lt;200W<\/li>\n<li>Estructura: Tipo integral<\/li>\n<li>Potencia nominal: 120 W<\/li>\n<li>Altura del hielo: 18 cm<\/li>\n<\/ul>\n<\/div>\n<\/div>","protected":false},"featured_media":50826,"comment_status":"open","ping_status":"closed","template":"","meta":{"_acf_changed":false},"product_brand":[],"product_cat":[249,275],"product_tag":[],"class_list":{"0":"post-50589","1":"product","2":"type-product","3":"status-publish","4":"has-post-thumbnail","6":"product_cat-icicle-and-shaved-ice-machine","7":"product_cat-refrigeration-equipment","8":"description-off","10":"first","11":"instock","12":"shipping-taxable","13":"product-type-simple"},"acf":[],"yoast_head":"<!-- This site is optimized with the Yoast SEO Premium plugin v25.3 (Yoast SEO v26.3) - https:\/\/yoast.com\/wordpress\/plugins\/seo\/ -->\n<title>White 120W Commercial Electric Shaved Ice Machine Ice Block Shaved Ice Machine - KengMing | Manufacturer of Commercial Kitchen Equipment<\/title>\n<meta name=\"description\" content=\"Shaved Ice Machine BlueShaved Ice Machine White\" \/>\n<meta name=\"robots\" content=\"index, follow, max-snippet:-1, max-image-preview:large, max-video-preview:-1\" \/>\n<link rel=\"canonical\" href=\"https:\/\/kengmingcn.com\/es\/product\/maquina-de-hielo-raspado-blanca\/\" \/>\n<meta property=\"og:locale\" content=\"es_MX\" \/>\n<meta property=\"og:type\" content=\"article\" \/>\n<meta property=\"og:title\" content=\"White 120W Commercial Electric Shaved Ice Machine Ice Block Shaved Ice Machine\" \/>\n<meta property=\"og:description\" content=\"Shaved Ice Machine BlueShaved Ice Machine White\" \/>\n<meta property=\"og:url\" content=\"https:\/\/kengmingcn.com\/es\/product\/maquina-de-hielo-raspado-blanca\/\" \/>\n<meta property=\"og:site_name\" content=\"KengMing | Manufacturer of Commercial Kitchen Equipment\" \/>\n<meta property=\"article:modified_time\" content=\"2026-02-02T03:13:26+00:00\" \/>\n<meta property=\"og:image\" content=\"https:\/\/kengmingcn.com\/wp-content\/uploads\/2025\/05\/White-haved-Ice-Machine-6_11zon.webp\" \/>\n\t<meta property=\"og:image:width\" content=\"550\" \/>\n\t<meta property=\"og:image:height\" content=\"550\" \/>\n\t<meta property=\"og:image:type\" content=\"image\/webp\" \/>\n<meta name=\"twitter:card\" content=\"summary_large_image\" \/>\n<meta name=\"twitter:label1\" content=\"Precio\" \/>\n\t<meta name=\"twitter:data1\" content=\"\" \/>\n\t<meta name=\"twitter:label2\" content=\"Disponibilidad\" \/>\n\t<meta name=\"twitter:data2\" content=\"Disponible\" \/>\n<script type=\"application\/ld+json\" class=\"yoast-schema-graph\">{\"@context\":\"https:\/\/schema.org\",\"@graph\":[{\"@type\":\"WebPage\",\"@id\":\"https:\/\/kengmingcn.com\/product\/shaved-ice-machine-white\/\",\"url\":\"https:\/\/kengmingcn.com\/product\/shaved-ice-machine-white\/\",\"name\":\"White 120W Commercial Electric Shaved Ice Machine Ice Block Shaved Ice Machine - KengMing | Manufacturer of Commercial Kitchen Equipment\",\"isPartOf\":{\"@id\":\"https:\/\/kengmingcn.com\/#website\"},\"primaryImageOfPage\":{\"@id\":\"https:\/\/kengmingcn.com\/product\/shaved-ice-machine-white\/#primaryimage\"},\"image\":{\"@id\":\"https:\/\/kengmingcn.com\/product\/shaved-ice-machine-white\/#primaryimage\"},\"thumbnailUrl\":\"https:\/\/kengmingcn.com\/wp-content\/uploads\/2025\/05\/White-haved-Ice-Machine-6_11zon.webp\",\"datePublished\":\"2025-05-09T06:46:13+00:00\",\"dateModified\":\"2026-02-02T03:13:26+00:00\",\"description\":\"Shaved Ice Machine BlueShaved Ice Machine White\",\"breadcrumb\":{\"@id\":\"https:\/\/kengmingcn.com\/product\/shaved-ice-machine-white\/#breadcrumb\"},\"inLanguage\":\"es\",\"potentialAction\":[{\"@type\":\"ReadAction\",\"target\":[\"https:\/\/kengmingcn.com\/product\/shaved-ice-machine-white\/\"]}]},{\"@type\":\"ImageObject\",\"inLanguage\":\"es\",\"@id\":\"https:\/\/kengmingcn.com\/product\/shaved-ice-machine-white\/#primaryimage\",\"url\":\"https:\/\/kengmingcn.com\/wp-content\/uploads\/2025\/05\/White-haved-Ice-Machine-6_11zon.webp\",\"contentUrl\":\"https:\/\/kengmingcn.com\/wp-content\/uploads\/2025\/05\/White-haved-Ice-Machine-6_11zon.webp\",\"width\":550,\"height\":550,\"caption\":\"White haved Ice Machine\"},{\"@type\":\"BreadcrumbList\",\"@id\":\"https:\/\/kengmingcn.com\/product\/shaved-ice-machine-white\/#breadcrumb\",\"itemListElement\":[{\"@type\":\"ListItem\",\"position\":1,\"name\":\"Home\",\"item\":\"https:\/\/kengmingcn.com\/\"},{\"@type\":\"ListItem\",\"position\":2,\"name\":\"Catalogue\",\"item\":\"https:\/\/kengmingcn.com\/?page_id=27131\"},{\"@type\":\"ListItem\",\"position\":3,\"name\":\"White 120W Commercial Electric Shaved Ice Machine Ice Block Shaved Ice Machine\"}]},{\"@type\":\"WebSite\",\"@id\":\"https:\/\/kengmingcn.com\/#website\",\"url\":\"https:\/\/kengmingcn.com\/\",\"name\":\"Kitchen Equipment\",\"description\":\"KengMing is a professional commercial kitchen equipment manufacturer and wholesale supplier, offering cooking, food prep and bakery equipment with OEM &amp; ODM service for global distributors.\",\"publisher\":{\"@id\":\"https:\/\/kengmingcn.com\/#organization\"},\"potentialAction\":[{\"@type\":\"SearchAction\",\"target\":{\"@type\":\"EntryPoint\",\"urlTemplate\":\"https:\/\/kengmingcn.com\/?s={search_term_string}\"},\"query-input\":{\"@type\":\"PropertyValueSpecification\",\"valueRequired\":true,\"valueName\":\"search_term_string\"}}],\"inLanguage\":\"es\"},{\"@type\":\"Organization\",\"@id\":\"https:\/\/kengmingcn.com\/#organization\",\"name\":\"GuangZhou KengMing\",\"url\":\"https:\/\/kengmingcn.com\/\",\"logo\":{\"@type\":\"ImageObject\",\"inLanguage\":\"es\",\"@id\":\"https:\/\/kengmingcn.com\/#\/schema\/logo\/image\/\",\"url\":\"https:\/\/kengmingcn.com\/wp-content\/uploads\/2025\/04\/cropped-1744508604969-removebg-preview.png\",\"contentUrl\":\"https:\/\/kengmingcn.com\/wp-content\/uploads\/2025\/04\/cropped-1744508604969-removebg-preview.png\",\"width\":512,\"height\":512,\"caption\":\"GuangZhou KengMing\"},\"image\":{\"@id\":\"https:\/\/kengmingcn.com\/#\/schema\/logo\/image\/\"}}]}<\/script>\n<meta property=\"product:price:amount\" content=\"0.00\" \/>\n<meta property=\"product:price:currency\" content=\"USD\" \/>\n<meta property=\"og:availability\" content=\"instock\" \/>\n<meta property=\"product:availability\" content=\"instock\" \/>\n<meta property=\"product:condition\" content=\"new\" \/>\n<!-- \/ Yoast SEO Premium plugin. -->","yoast_head_json":{"title":"Blanco 120W Comercial El\u00e9ctrico M\u00e1quina de hielo raspado Bloque de hielo M\u00e1quina de hielo raspado - KengMing | Fabricante de Commercial Kitchen Equipment","description":"M\u00e1quina de hielo raspado AzulM\u00e1quina de hielo raspado Blanco","robots":{"index":"index","follow":"follow","max-snippet":"max-snippet:-1","max-image-preview":"max-image-preview:large","max-video-preview":"max-video-preview:-1"},"canonical":"https:\/\/kengmingcn.com\/es\/product\/maquina-de-hielo-raspado-blanca\/","og_locale":"es_MX","og_type":"article","og_title":"White 120W Commercial Electric Shaved Ice Machine Ice Block Shaved Ice Machine","og_description":"Shaved Ice Machine BlueShaved Ice Machine White","og_url":"https:\/\/kengmingcn.com\/es\/product\/maquina-de-hielo-raspado-blanca\/","og_site_name":"KengMing | Manufacturer of Commercial Kitchen Equipment","article_modified_time":"2026-02-02T03:13:26+00:00","og_image":[{"width":550,"height":550,"url":"https:\/\/kengmingcn.com\/wp-content\/uploads\/2025\/05\/White-haved-Ice-Machine-6_11zon.webp","type":"image\/webp"}],"twitter_card":"summary_large_image","twitter_misc":{"Precio":"","Disponibilidad":"Disponible"},"schema":{"@context":"https:\/\/schema.org","@graph":[{"@type":"WebPage","@id":"https:\/\/kengmingcn.com\/product\/shaved-ice-machine-white\/","url":"https:\/\/kengmingcn.com\/product\/shaved-ice-machine-white\/","name":"Blanco 120W Comercial El\u00e9ctrico M\u00e1quina de hielo raspado Bloque de hielo M\u00e1quina de hielo raspado - KengMing | Fabricante de Commercial Kitchen Equipment","isPartOf":{"@id":"https:\/\/kengmingcn.com\/#website"},"primaryImageOfPage":{"@id":"https:\/\/kengmingcn.com\/product\/shaved-ice-machine-white\/#primaryimage"},"image":{"@id":"https:\/\/kengmingcn.com\/product\/shaved-ice-machine-white\/#primaryimage"},"thumbnailUrl":"https:\/\/kengmingcn.com\/wp-content\/uploads\/2025\/05\/White-haved-Ice-Machine-6_11zon.webp","datePublished":"2025-05-09T06:46:13+00:00","dateModified":"2026-02-02T03:13:26+00:00","description":"M\u00e1quina de hielo raspado AzulM\u00e1quina de hielo raspado Blanco","breadcrumb":{"@id":"https:\/\/kengmingcn.com\/product\/shaved-ice-machine-white\/#breadcrumb"},"inLanguage":"es","potentialAction":[{"@type":"ReadAction","target":["https:\/\/kengmingcn.com\/product\/shaved-ice-machine-white\/"]}]},{"@type":"ImageObject","inLanguage":"es","@id":"https:\/\/kengmingcn.com\/product\/shaved-ice-machine-white\/#primaryimage","url":"https:\/\/kengmingcn.com\/wp-content\/uploads\/2025\/05\/White-haved-Ice-Machine-6_11zon.webp","contentUrl":"https:\/\/kengmingcn.com\/wp-content\/uploads\/2025\/05\/White-haved-Ice-Machine-6_11zon.webp","width":550,"height":550,"caption":"White haved Ice Machine"},{"@type":"BreadcrumbList","@id":"https:\/\/kengmingcn.com\/product\/shaved-ice-machine-white\/#breadcrumb","itemListElement":[{"@type":"ListItem","position":1,"name":"Home","item":"https:\/\/kengmingcn.com\/"},{"@type":"ListItem","position":2,"name":"Catalogue","item":"https:\/\/kengmingcn.com\/?page_id=27131"},{"@type":"ListItem","position":3,"name":"White 120W Commercial Electric Shaved Ice Machine Ice Block Shaved Ice Machine"}]},{"@type":"WebSite","@id":"https:\/\/kengmingcn.com\/#website","url":"https:\/\/kengmingcn.com\/","name":"Equipamiento de cocina","description":"KengMing es un fabricante profesional de equipos de cocina comercial y proveedor mayorista, que ofrece equipos de cocina, preparaci\u00f3n de alimentos y panader\u00eda con servicio OEM y ODM para distribuidores globales.","publisher":{"@id":"https:\/\/kengmingcn.com\/#organization"},"potentialAction":[{"@type":"SearchAction","target":{"@type":"EntryPoint","urlTemplate":"https:\/\/kengmingcn.com\/?s={search_term_string}"},"query-input":{"@type":"PropertyValueSpecification","valueRequired":true,"valueName":"search_term_string"}}],"inLanguage":"es"},{"@type":"Organization","@id":"https:\/\/kengmingcn.com\/#organization","name":"GuangZhou KengMing","url":"https:\/\/kengmingcn.com\/","logo":{"@type":"ImageObject","inLanguage":"es","@id":"https:\/\/kengmingcn.com\/#\/schema\/logo\/image\/","url":"https:\/\/kengmingcn.com\/wp-content\/uploads\/2025\/04\/cropped-1744508604969-removebg-preview.png","contentUrl":"https:\/\/kengmingcn.com\/wp-content\/uploads\/2025\/04\/cropped-1744508604969-removebg-preview.png","width":512,"height":512,"caption":"GuangZhou KengMing"},"image":{"@id":"https:\/\/kengmingcn.com\/#\/schema\/logo\/image\/"}}]},"product_price_amount":"0.00","product_price_currency":"USD","og_availability":"instock","product_availability":"instock","product_condition":"new"},"_links":{"self":[{"href":"https:\/\/kengmingcn.com\/es\/wp-json\/wp\/v2\/product\/50589","targetHints":{"allow":["GET"]}}],"collection":[{"href":"https:\/\/kengmingcn.com\/es\/wp-json\/wp\/v2\/product"}],"about":[{"href":"https:\/\/kengmingcn.com\/es\/wp-json\/wp\/v2\/types\/product"}],"replies":[{"embeddable":true,"href":"https:\/\/kengmingcn.com\/es\/wp-json\/wp\/v2\/comments?post=50589"}],"wp:featuredmedia":[{"embeddable":true,"href":"https:\/\/kengmingcn.com\/es\/wp-json\/wp\/v2\/media\/50826"}],"wp:attachment":[{"href":"https:\/\/kengmingcn.com\/es\/wp-json\/wp\/v2\/media?parent=50589"}],"wp:term":[{"taxonomy":"product_brand","embeddable":true,"href":"https:\/\/kengmingcn.com\/es\/wp-json\/wp\/v2\/product_brand?post=50589"},{"taxonomy":"product_cat","embeddable":true,"href":"https:\/\/kengmingcn.com\/es\/wp-json\/wp\/v2\/product_cat?post=50589"},{"taxonomy":"product_tag","embeddable":true,"href":"https:\/\/kengmingcn.com\/es\/wp-json\/wp\/v2\/product_tag?post=50589"}],"curies":[{"name":"wp","href":"https:\/\/api.w.org\/{rel}","templated":true}]}}