{"id":50464,"date":"2025-05-08T19:43:07","date_gmt":"2025-05-08T11:43:07","guid":{"rendered":"https:\/\/kengmingcn.com\/?post_type=product&#038;p=50464"},"modified":"2025-12-29T17:33:56","modified_gmt":"2025-12-29T09:33:56","slug":"20kg-24h-maquina-de-hielo-en-bloque-320w","status":"publish","type":"product","link":"https:\/\/kengmingcn.com\/es\/product\/20kg-24h-maquina-de-hielo-en-bloque-320w\/","title":{"rendered":"20kg\/24H M\u00e1quina de hielo en bloque 320w, con certificado CE"},"content":{"rendered":"<h2 class=\"wp-block-heading\" id=\"h-description\">Descripci\u00f3n<\/h2>\n\n\n\n<p>En <strong>Fabricador de hielo autom\u00e1tico de pie<\/strong> proporciona cubitos de hielo cristalinos y de alta calidad de forma eficiente tanto para uso profesional como dom\u00e9stico. Con un dise\u00f1o compacto y una capacidad de producci\u00f3n de <strong>20 kg por 24 horas<\/strong>, Su sistema patentado de drenaje por sif\u00f3n evita la acumulaci\u00f3n de cal. Su sistema patentado de drenaje por sif\u00f3n evita la acumulaci\u00f3n de cal, manteniendo cada cubito de hielo impoluto y mejorando la experiencia de consumo con hielo refrescante, crujiente y limpio.<\/p>\n\n\n\n<div style=\"height:30px\" aria-hidden=\"true\" class=\"wp-block-spacer\"><\/div>\n\n\n\n<figure class=\"wp-block-table is-style-stripes\"><table><thead><tr><th>Modelo<\/th><th>JMFK-20<\/th><\/tr><\/thead><tbody><tr><td>Salida<\/td><td>20 kg\/24 h (44 lb\/24 h)<\/td><\/tr><tr><td>Potencia<\/td><td>320w<\/td><\/tr><tr><td>Almacenamiento de hielo<\/td><td>13L<\/td><\/tr><tr><td>Manera de enfriar<\/td><td>Refrigeraci\u00f3n por aire<\/td><\/tr><tr><td>N\u00famero de hielo<\/td><td>4&#215;8 = 32<\/td><\/tr><tr><td>Talla<\/td><td>403*510*773mm<\/td><\/tr><tr><td>Peso neto<\/td><td>36kg\/79lbs<\/td><\/tr><\/tbody><\/table><\/figure>\n\n\n\n<div style=\"height:30px\" aria-hidden=\"true\" class=\"wp-block-spacer\"><\/div>\n\n\n\n<div class=\"wp-block-columns is-layout-flex wp-container-core-columns-is-layout-9d6595d7 wp-block-columns-is-layout-flex dt-cr-1\">\n<div class=\"wp-block-column is-layout-flow wp-block-column-is-layout-flow\">\n<h3 class=\"wp-block-heading has-medium-font-size\" id=\"h-patented-siphon-drainage-system\"><strong>Sistema de drenaje por sif\u00f3n patentado<\/strong><\/h3>\n\n\n\n<p>El exclusivo dise\u00f1o de drenaje por sif\u00f3n evita la acumulaci\u00f3n de cal, garantizando siempre cubitos de hielo cristalinos. Este sistema reduce la temperatura del centro de hielo, prolonga el tiempo de fusi\u00f3n y mejora el sabor de las bebidas.<\/p>\n<\/div>\n\n\n\n<div class=\"wp-block-column is-layout-flow wp-block-column-is-layout-flow\">\n<h3 class=\"wp-block-heading has-medium-font-size\" id=\"h-overflow-drainage-for-harder-ice\"><strong>Drenaje de desbordamiento para hielo m\u00e1s duro<\/strong><\/h3>\n\n\n\n<p>Drena constantemente las impurezas y la cal del dep\u00f3sito de agua, produciendo cubitos de hielo transparentes y duros que se mantienen frescos durante m\u00e1s tiempo en las bebidas, haciendo que cada sorbo sea m\u00e1s refrescante y agradable.<\/p>\n<\/div>\n<\/div>\n\n\n\n<div style=\"height:30px\" aria-hidden=\"true\" class=\"wp-block-spacer\"><\/div>\n\n\n\n<div class=\"wp-block-columns is-layout-flex wp-container-core-columns-is-layout-9d6595d7 wp-block-columns-is-layout-flex dt-cr-2\">\n<div class=\"wp-block-column is-layout-flow wp-block-column-is-layout-flow\">\n<h3 class=\"wp-block-heading has-medium-font-size\" id=\"h-user-friendly-design\"><strong>Dise\u00f1o f\u00e1cil de usar<\/strong><\/h3>\n\n\n\n<p>La l\u00e1mpara de luz fr\u00eda permite a los usuarios tomar hielo libremente con poca luz sin molestar a los dem\u00e1s. Los paneles f\u00e1ciles de retirar permiten un mantenimiento sencillo y una limpieza r\u00e1pida.<\/p>\n<\/div>\n\n\n\n<div class=\"wp-block-column is-layout-flow wp-block-column-is-layout-flow\">\n<h3 class=\"wp-block-heading has-medium-font-size\" id=\"h-elegant-vertical-design\"><strong>Elegante dise\u00f1o vertical<\/strong><\/h3>\n\n\n\n<p>La puerta y el marco en forma de arco confieren a la m\u00e1quina un aspecto elegante y moderno, que encaja a la perfecci\u00f3n tanto en entornos comerciales como dom\u00e9sticos.<\/p>\n<\/div>\n<\/div>\n\n\n\n<div style=\"height:30px\" aria-hidden=\"true\" class=\"wp-block-spacer\"><\/div>\n\n\n\n<div class=\"wp-block-columns is-layout-flex wp-container-core-columns-is-layout-9d6595d7 wp-block-columns-is-layout-flex dt-cr-3\">\n<div class=\"wp-block-column is-layout-flow wp-block-column-is-layout-flow\">\n<h3 class=\"wp-block-heading has-medium-font-size\" id=\"h-more-detail\">M\u00e1s detalles<\/h3>\n\n\n\n<figure class=\"wp-block-gallery has-nested-images columns-2 is-cropped wp-block-gallery-1 is-layout-flex wp-block-gallery-is-layout-flex\">\n<figure class=\"wp-block-image size-full\"><img decoding=\"async\" width=\"790\" height=\"948\" data-id=\"52893\" src=\"https:\/\/kengmingcn.com\/wp-content\/uploads\/2025\/05\/\u8be6\u60c5_03_3.webp\" alt=\"Detalles de los cubitos de hielo (imagen)\" class=\"wp-image-52893\" srcset=\"https:\/\/kengmingcn.com\/wp-content\/uploads\/2025\/05\/\u8be6\u60c5_03_3.webp 790w, https:\/\/kengmingcn.com\/wp-content\/uploads\/2025\/05\/\u8be6\u60c5_03_3-250x300.webp 250w, https:\/\/kengmingcn.com\/wp-content\/uploads\/2025\/05\/\u8be6\u60c5_03_3-768x922.webp 768w, https:\/\/kengmingcn.com\/wp-content\/uploads\/2025\/05\/\u8be6\u60c5_03_3-10x12.webp 10w\" sizes=\"(max-width: 790px) 100vw, 790px\" \/><\/figure>\n\n\n\n<figure class=\"wp-block-image size-full\"><img decoding=\"async\" width=\"790\" height=\"910\" data-id=\"52894\" src=\"https:\/\/kengmingcn.com\/wp-content\/uploads\/2025\/05\/\u8be6\u60c5_04_4.webp\" alt=\"Detalles de los cubitos de hielo (imagen)\" class=\"wp-image-52894\" srcset=\"https:\/\/kengmingcn.com\/wp-content\/uploads\/2025\/05\/\u8be6\u60c5_04_4.webp 790w, https:\/\/kengmingcn.com\/wp-content\/uploads\/2025\/05\/\u8be6\u60c5_04_4-260x300.webp 260w, https:\/\/kengmingcn.com\/wp-content\/uploads\/2025\/05\/\u8be6\u60c5_04_4-768x885.webp 768w, https:\/\/kengmingcn.com\/wp-content\/uploads\/2025\/05\/\u8be6\u60c5_04_4-10x12.webp 10w\" sizes=\"(max-width: 790px) 100vw, 790px\" \/><\/figure>\n\n\n\n<figure class=\"wp-block-image size-full\"><img decoding=\"async\" width=\"790\" height=\"709\" data-id=\"52895\" src=\"https:\/\/kengmingcn.com\/wp-content\/uploads\/2025\/05\/\u8be6\u60c5_05_5.webp\" alt=\"Detalles de los cubitos de hielo (imagen)\" class=\"wp-image-52895\" srcset=\"https:\/\/kengmingcn.com\/wp-content\/uploads\/2025\/05\/\u8be6\u60c5_05_5.webp 790w, https:\/\/kengmingcn.com\/wp-content\/uploads\/2025\/05\/\u8be6\u60c5_05_5-300x269.webp 300w, https:\/\/kengmingcn.com\/wp-content\/uploads\/2025\/05\/\u8be6\u60c5_05_5-768x689.webp 768w, https:\/\/kengmingcn.com\/wp-content\/uploads\/2025\/05\/\u8be6\u60c5_05_5-13x12.webp 13w\" sizes=\"(max-width: 790px) 100vw, 790px\" \/><\/figure>\n\n\n\n<figure class=\"wp-block-image size-full\"><img decoding=\"async\" width=\"790\" height=\"1025\" data-id=\"52896\" src=\"https:\/\/kengmingcn.com\/wp-content\/uploads\/2025\/05\/\u8be6\u60c5_06_6.webp\" alt=\"Detalles de los cubitos de hielo (imagen)\" class=\"wp-image-52896\" srcset=\"https:\/\/kengmingcn.com\/wp-content\/uploads\/2025\/05\/\u8be6\u60c5_06_6.webp 790w, https:\/\/kengmingcn.com\/wp-content\/uploads\/2025\/05\/\u8be6\u60c5_06_6-231x300.webp 231w, https:\/\/kengmingcn.com\/wp-content\/uploads\/2025\/05\/\u8be6\u60c5_06_6-768x996.webp 768w, https:\/\/kengmingcn.com\/wp-content\/uploads\/2025\/05\/\u8be6\u60c5_06_6-9x12.webp 9w\" sizes=\"(max-width: 790px) 100vw, 790px\" \/><\/figure>\n\n\n\n<figure class=\"wp-block-image size-full\"><img decoding=\"async\" width=\"790\" height=\"1347\" data-id=\"52897\" src=\"https:\/\/kengmingcn.com\/wp-content\/uploads\/2025\/05\/\u8be6\u60c5_07_7.webp\" alt=\"Detalles de los cubitos de hielo (imagen)\" class=\"wp-image-52897\" srcset=\"https:\/\/kengmingcn.com\/wp-content\/uploads\/2025\/05\/\u8be6\u60c5_07_7.webp 790w, https:\/\/kengmingcn.com\/wp-content\/uploads\/2025\/05\/\u8be6\u60c5_07_7-176x300.webp 176w, https:\/\/kengmingcn.com\/wp-content\/uploads\/2025\/05\/\u8be6\u60c5_07_7-601x1024.webp 601w, https:\/\/kengmingcn.com\/wp-content\/uploads\/2025\/05\/\u8be6\u60c5_07_7-768x1309.webp 768w, https:\/\/kengmingcn.com\/wp-content\/uploads\/2025\/05\/\u8be6\u60c5_07_7-7x12.webp 7w\" sizes=\"(max-width: 790px) 100vw, 790px\" \/><\/figure>\n\n\n\n<figure class=\"wp-block-image size-full\"><img decoding=\"async\" width=\"790\" height=\"1163\" data-id=\"52898\" src=\"https:\/\/kengmingcn.com\/wp-content\/uploads\/2025\/05\/\u8be6\u60c5_08_8.webp\" alt=\"Detalles de los cubitos de hielo (imagen)\" class=\"wp-image-52898\" srcset=\"https:\/\/kengmingcn.com\/wp-content\/uploads\/2025\/05\/\u8be6\u60c5_08_8.webp 790w, https:\/\/kengmingcn.com\/wp-content\/uploads\/2025\/05\/\u8be6\u60c5_08_8-204x300.webp 204w, https:\/\/kengmingcn.com\/wp-content\/uploads\/2025\/05\/\u8be6\u60c5_08_8-696x1024.webp 696w, https:\/\/kengmingcn.com\/wp-content\/uploads\/2025\/05\/\u8be6\u60c5_08_8-768x1131.webp 768w, https:\/\/kengmingcn.com\/wp-content\/uploads\/2025\/05\/\u8be6\u60c5_08_8-8x12.webp 8w\" sizes=\"(max-width: 790px) 100vw, 790px\" \/><\/figure>\n<\/figure>\n<\/div>\n<\/div>\n\n\n\n<div class=\"wp-block-columns is-layout-flex wp-container-core-columns-is-layout-9d6595d7 wp-block-columns-is-layout-flex dt-cr-4\">\n<div class=\"wp-block-column is-layout-flow wp-block-column-is-layout-flow\">\n<div style=\"height:30px\" aria-hidden=\"true\" class=\"wp-block-spacer\"><\/div>\n\n\n\n<h2 class=\"wp-block-heading\" id=\"h-video\">V\u00eddeo<\/h2>\n\n\n\n<figure class=\"wp-block-video\"><video controls src=\"https:\/\/cdn-gzkm.b-cdn.net\/Model\/Ice%20Maker\/60kg%20ice%20maker.mp4\"><\/video><\/figure>\n<\/div>\n\n\n\n<div class=\"wp-block-column is-layout-flow wp-block-column-is-layout-flow\"><\/div>\n<\/div>\n\n\n\n<div class=\"wp-block-columns is-layout-flex wp-container-core-columns-is-layout-9d6595d7 wp-block-columns-is-layout-flex dt-cr-5\">\n<div class=\"wp-block-column is-layout-flow wp-block-column-is-layout-flow\">\n<div style=\"height:30px\" aria-hidden=\"true\" class=\"wp-block-spacer\"><\/div>\n\n\n\n<h3 class=\"wp-block-heading\" id=\"h-why-choose-us\">\u00bfPor qu\u00e9 elegirnos?<\/h3>\n\n\n\n<p>Dise\u00f1ada pensando en la comodidad del usuario, esta m\u00e1quina de hielo vertical cuenta con una elegante puerta en forma de arco, paneles de f\u00e1cil mantenimiento y alertas de voz inteligentes opcionales para la notificaci\u00f3n de aver\u00edas. Equipada con una l\u00e1mpara germicida ultravioleta opcional, garantiza una producci\u00f3n de hielo higi\u00e9nica al tiempo que es eficiente energ\u00e9ticamente y respetuosa con el medio ambiente. Perfecta para cafeter\u00edas, restaurantes, bares o cocinas dom\u00e9sticas, combina rendimiento, seguridad y estilo en una m\u00e1quina de hielo vers\u00e1til.<\/p>\n<\/div>\n<\/div>","protected":false},"excerpt":{"rendered":"<ul>\n<li class=\"ai-optimize-44\">potencia: 320 W<\/li>\n<li class=\"ai-optimize-45\">\n<div class=\"paragraph\">Producci\u00f3n de hielo: 20KG\/24H<\/div>\n<\/li>\n<li class=\"ai-optimize-28\">Almacenamiento de hielo: 13L<\/li>\n<li class=\"ai-optimize-31\">N\u00famero de hielo: 4\u00d78<\/li>\n<\/ul>","protected":false},"featured_media":52884,"comment_status":"open","ping_status":"closed","template":"","meta":{"_acf_changed":false},"product_brand":[],"product_cat":[246,275],"product_tag":[],"class_list":{"0":"post-50464","1":"product","2":"type-product","3":"status-publish","4":"has-post-thumbnail","6":"product_cat-ice-maker","7":"product_cat-refrigeration-equipment","8":"description-off","10":"first","11":"instock","12":"shipping-taxable","13":"product-type-simple"},"acf":[],"yoast_head":"<!-- This site is optimized with the Yoast SEO Premium plugin v25.3 (Yoast SEO v26.3) - https:\/\/yoast.com\/wordpress\/plugins\/seo\/ -->\n<title>20kg\/24H Block Ice Machine 320w, whit CE certificate - KengMing | Manufacturer of Commercial Kitchen Equipment<\/title>\n<meta name=\"description\" content=\"JMFK-20 Block Ice Machine: output :20kg\/24H, 320w, CE certified.\" \/>\n<meta name=\"robots\" content=\"index, follow, max-snippet:-1, max-image-preview:large, max-video-preview:-1\" \/>\n<link rel=\"canonical\" href=\"https:\/\/kengmingcn.com\/es\/product\/20kg-24h-maquina-de-hielo-en-bloque-320w\/\" \/>\n<meta property=\"og:locale\" content=\"es_MX\" \/>\n<meta property=\"og:type\" content=\"article\" \/>\n<meta property=\"og:title\" content=\"20kg\/24H Block Ice Machine 320w, whit CE certificate\" \/>\n<meta property=\"og:description\" content=\"JMFK-20 Block Ice Machine: output :20kg\/24H, 320w, CE certified.\" \/>\n<meta property=\"og:url\" content=\"https:\/\/kengmingcn.com\/es\/product\/20kg-24h-maquina-de-hielo-en-bloque-320w\/\" \/>\n<meta property=\"og:site_name\" content=\"KengMing | Manufacturer of Commercial Kitchen Equipment\" \/>\n<meta property=\"article:modified_time\" content=\"2025-12-29T09:33:56+00:00\" \/>\n<meta property=\"og:image\" content=\"https:\/\/kengmingcn.com\/wp-content\/uploads\/2025\/05\/JMFK-20_1_11zon.webp\" \/>\n\t<meta property=\"og:image:width\" content=\"800\" \/>\n\t<meta property=\"og:image:height\" content=\"800\" \/>\n\t<meta property=\"og:image:type\" content=\"image\/webp\" \/>\n<meta name=\"twitter:card\" content=\"summary_large_image\" \/>\n<meta name=\"twitter:label1\" content=\"Precio\" \/>\n\t<meta name=\"twitter:data1\" content=\"\" \/>\n\t<meta name=\"twitter:label2\" content=\"Disponibilidad\" \/>\n\t<meta name=\"twitter:data2\" content=\"Disponible\" \/>\n<script type=\"application\/ld+json\" class=\"yoast-schema-graph\">{\"@context\":\"https:\/\/schema.org\",\"@graph\":[{\"@type\":\"WebPage\",\"@id\":\"https:\/\/kengmingcn.com\/de_de\/product\/20kg-24h-blockeismaschine-320w\/\",\"url\":\"https:\/\/kengmingcn.com\/de_de\/product\/20kg-24h-blockeismaschine-320w\/\",\"name\":\"20kg\/24H Block Ice Machine 320w, whit CE certificate - KengMing | Manufacturer of Commercial Kitchen Equipment\",\"isPartOf\":{\"@id\":\"https:\/\/kengmingcn.com\/#website\"},\"primaryImageOfPage\":{\"@id\":\"https:\/\/kengmingcn.com\/de_de\/product\/20kg-24h-blockeismaschine-320w\/#primaryimage\"},\"image\":{\"@id\":\"https:\/\/kengmingcn.com\/de_de\/product\/20kg-24h-blockeismaschine-320w\/#primaryimage\"},\"thumbnailUrl\":\"https:\/\/kengmingcn.com\/wp-content\/uploads\/2025\/05\/JMFK-20_1_11zon.webp\",\"datePublished\":\"2025-05-08T11:43:07+00:00\",\"dateModified\":\"2025-12-29T09:33:56+00:00\",\"description\":\"JMFK-20 Block Ice Machine: output :20kg\/24H, 320w, CE certified.\",\"breadcrumb\":{\"@id\":\"https:\/\/kengmingcn.com\/de_de\/product\/20kg-24h-blockeismaschine-320w\/#breadcrumb\"},\"inLanguage\":\"es\",\"potentialAction\":[{\"@type\":\"ReadAction\",\"target\":[\"https:\/\/kengmingcn.com\/de_de\/product\/20kg-24h-blockeismaschine-320w\/\"]}]},{\"@type\":\"ImageObject\",\"inLanguage\":\"es\",\"@id\":\"https:\/\/kengmingcn.com\/de_de\/product\/20kg-24h-blockeismaschine-320w\/#primaryimage\",\"url\":\"https:\/\/kengmingcn.com\/wp-content\/uploads\/2025\/05\/JMFK-20_1_11zon.webp\",\"contentUrl\":\"https:\/\/kengmingcn.com\/wp-content\/uploads\/2025\/05\/JMFK-20_1_11zon.webp\",\"width\":800,\"height\":800,\"caption\":\"JMFK-20 cube ice machine\"},{\"@type\":\"BreadcrumbList\",\"@id\":\"https:\/\/kengmingcn.com\/de_de\/product\/20kg-24h-blockeismaschine-320w\/#breadcrumb\",\"itemListElement\":[{\"@type\":\"ListItem\",\"position\":1,\"name\":\"Home\",\"item\":\"https:\/\/kengmingcn.com\/\"},{\"@type\":\"ListItem\",\"position\":2,\"name\":\"Catalogue\",\"item\":\"https:\/\/kengmingcn.com\/?page_id=27131\"},{\"@type\":\"ListItem\",\"position\":3,\"name\":\"20kg\/24H Block Ice Machine 320w, whit CE certificate\"}]},{\"@type\":\"WebSite\",\"@id\":\"https:\/\/kengmingcn.com\/#website\",\"url\":\"https:\/\/kengmingcn.com\/\",\"name\":\"Kitchen Equipment\",\"description\":\"KengMing is a professional commercial kitchen equipment manufacturer and wholesale supplier, offering cooking, food prep and bakery equipment with OEM &amp; ODM service for global distributors.\",\"publisher\":{\"@id\":\"https:\/\/kengmingcn.com\/#organization\"},\"potentialAction\":[{\"@type\":\"SearchAction\",\"target\":{\"@type\":\"EntryPoint\",\"urlTemplate\":\"https:\/\/kengmingcn.com\/?s={search_term_string}\"},\"query-input\":{\"@type\":\"PropertyValueSpecification\",\"valueRequired\":true,\"valueName\":\"search_term_string\"}}],\"inLanguage\":\"es\"},{\"@type\":\"Organization\",\"@id\":\"https:\/\/kengmingcn.com\/#organization\",\"name\":\"GuangZhou KengMing\",\"url\":\"https:\/\/kengmingcn.com\/\",\"logo\":{\"@type\":\"ImageObject\",\"inLanguage\":\"es\",\"@id\":\"https:\/\/kengmingcn.com\/#\/schema\/logo\/image\/\",\"url\":\"https:\/\/kengmingcn.com\/wp-content\/uploads\/2025\/04\/cropped-1744508604969-removebg-preview.png\",\"contentUrl\":\"https:\/\/kengmingcn.com\/wp-content\/uploads\/2025\/04\/cropped-1744508604969-removebg-preview.png\",\"width\":512,\"height\":512,\"caption\":\"GuangZhou KengMing\"},\"image\":{\"@id\":\"https:\/\/kengmingcn.com\/#\/schema\/logo\/image\/\"}}]}<\/script>\n<meta property=\"product:price:amount\" content=\"0.00\" \/>\n<meta property=\"product:price:currency\" content=\"USD\" \/>\n<meta property=\"og:availability\" content=\"instock\" \/>\n<meta property=\"product:availability\" content=\"instock\" \/>\n<meta property=\"product:condition\" content=\"new\" \/>\n<!-- \/ Yoast SEO Premium plugin. -->","yoast_head_json":{"title":"20kg\/24H M\u00e1quina de hielo en bloque 320w, con certificado CE - KengMing | Fabricante de Equipamiento para Cocinas Comerciales","description":"M\u00e1quina de hielo en bloque JMFK-20: producci\u00f3n :20kg\/24H, 320w, certificado CE.","robots":{"index":"index","follow":"follow","max-snippet":"max-snippet:-1","max-image-preview":"max-image-preview:large","max-video-preview":"max-video-preview:-1"},"canonical":"https:\/\/kengmingcn.com\/es\/product\/20kg-24h-maquina-de-hielo-en-bloque-320w\/","og_locale":"es_MX","og_type":"article","og_title":"20kg\/24H Block Ice Machine 320w, whit CE certificate","og_description":"JMFK-20 Block Ice Machine: output :20kg\/24H, 320w, CE certified.","og_url":"https:\/\/kengmingcn.com\/es\/product\/20kg-24h-maquina-de-hielo-en-bloque-320w\/","og_site_name":"KengMing | Manufacturer of Commercial Kitchen Equipment","article_modified_time":"2025-12-29T09:33:56+00:00","og_image":[{"width":800,"height":800,"url":"https:\/\/kengmingcn.com\/wp-content\/uploads\/2025\/05\/JMFK-20_1_11zon.webp","type":"image\/webp"}],"twitter_card":"summary_large_image","twitter_misc":{"Precio":"","Disponibilidad":"Disponible"},"schema":{"@context":"https:\/\/schema.org","@graph":[{"@type":"WebPage","@id":"https:\/\/kengmingcn.com\/de_de\/product\/20kg-24h-blockeismaschine-320w\/","url":"https:\/\/kengmingcn.com\/de_de\/product\/20kg-24h-blockeismaschine-320w\/","name":"20kg\/24H M\u00e1quina de hielo en bloque 320w, con certificado CE - KengMing | Fabricante de Equipamiento para Cocinas Comerciales","isPartOf":{"@id":"https:\/\/kengmingcn.com\/#website"},"primaryImageOfPage":{"@id":"https:\/\/kengmingcn.com\/de_de\/product\/20kg-24h-blockeismaschine-320w\/#primaryimage"},"image":{"@id":"https:\/\/kengmingcn.com\/de_de\/product\/20kg-24h-blockeismaschine-320w\/#primaryimage"},"thumbnailUrl":"https:\/\/kengmingcn.com\/wp-content\/uploads\/2025\/05\/JMFK-20_1_11zon.webp","datePublished":"2025-05-08T11:43:07+00:00","dateModified":"2025-12-29T09:33:56+00:00","description":"M\u00e1quina de hielo en bloque JMFK-20: producci\u00f3n :20kg\/24H, 320w, certificado CE.","breadcrumb":{"@id":"https:\/\/kengmingcn.com\/de_de\/product\/20kg-24h-blockeismaschine-320w\/#breadcrumb"},"inLanguage":"es","potentialAction":[{"@type":"ReadAction","target":["https:\/\/kengmingcn.com\/de_de\/product\/20kg-24h-blockeismaschine-320w\/"]}]},{"@type":"ImageObject","inLanguage":"es","@id":"https:\/\/kengmingcn.com\/de_de\/product\/20kg-24h-blockeismaschine-320w\/#primaryimage","url":"https:\/\/kengmingcn.com\/wp-content\/uploads\/2025\/05\/JMFK-20_1_11zon.webp","contentUrl":"https:\/\/kengmingcn.com\/wp-content\/uploads\/2025\/05\/JMFK-20_1_11zon.webp","width":800,"height":800,"caption":"JMFK-20 cube ice machine"},{"@type":"BreadcrumbList","@id":"https:\/\/kengmingcn.com\/de_de\/product\/20kg-24h-blockeismaschine-320w\/#breadcrumb","itemListElement":[{"@type":"ListItem","position":1,"name":"Home","item":"https:\/\/kengmingcn.com\/"},{"@type":"ListItem","position":2,"name":"Catalogue","item":"https:\/\/kengmingcn.com\/?page_id=27131"},{"@type":"ListItem","position":3,"name":"20kg\/24H Block Ice Machine 320w, whit CE certificate"}]},{"@type":"WebSite","@id":"https:\/\/kengmingcn.com\/#website","url":"https:\/\/kengmingcn.com\/","name":"Equipamiento de cocina","description":"KengMing es un fabricante profesional de equipos de cocina comercial y proveedor mayorista, que ofrece equipos de cocina, preparaci\u00f3n de alimentos y panader\u00eda con servicio OEM y ODM para distribuidores globales.","publisher":{"@id":"https:\/\/kengmingcn.com\/#organization"},"potentialAction":[{"@type":"SearchAction","target":{"@type":"EntryPoint","urlTemplate":"https:\/\/kengmingcn.com\/?s={search_term_string}"},"query-input":{"@type":"PropertyValueSpecification","valueRequired":true,"valueName":"search_term_string"}}],"inLanguage":"es"},{"@type":"Organization","@id":"https:\/\/kengmingcn.com\/#organization","name":"GuangZhou KengMing","url":"https:\/\/kengmingcn.com\/","logo":{"@type":"ImageObject","inLanguage":"es","@id":"https:\/\/kengmingcn.com\/#\/schema\/logo\/image\/","url":"https:\/\/kengmingcn.com\/wp-content\/uploads\/2025\/04\/cropped-1744508604969-removebg-preview.png","contentUrl":"https:\/\/kengmingcn.com\/wp-content\/uploads\/2025\/04\/cropped-1744508604969-removebg-preview.png","width":512,"height":512,"caption":"GuangZhou KengMing"},"image":{"@id":"https:\/\/kengmingcn.com\/#\/schema\/logo\/image\/"}}]},"product_price_amount":"0.00","product_price_currency":"USD","og_availability":"instock","product_availability":"instock","product_condition":"new"},"_links":{"self":[{"href":"https:\/\/kengmingcn.com\/es\/wp-json\/wp\/v2\/product\/50464","targetHints":{"allow":["GET"]}}],"collection":[{"href":"https:\/\/kengmingcn.com\/es\/wp-json\/wp\/v2\/product"}],"about":[{"href":"https:\/\/kengmingcn.com\/es\/wp-json\/wp\/v2\/types\/product"}],"replies":[{"embeddable":true,"href":"https:\/\/kengmingcn.com\/es\/wp-json\/wp\/v2\/comments?post=50464"}],"wp:featuredmedia":[{"embeddable":true,"href":"https:\/\/kengmingcn.com\/es\/wp-json\/wp\/v2\/media\/52884"}],"wp:attachment":[{"href":"https:\/\/kengmingcn.com\/es\/wp-json\/wp\/v2\/media?parent=50464"}],"wp:term":[{"taxonomy":"product_brand","embeddable":true,"href":"https:\/\/kengmingcn.com\/es\/wp-json\/wp\/v2\/product_brand?post=50464"},{"taxonomy":"product_cat","embeddable":true,"href":"https:\/\/kengmingcn.com\/es\/wp-json\/wp\/v2\/product_cat?post=50464"},{"taxonomy":"product_tag","embeddable":true,"href":"https:\/\/kengmingcn.com\/es\/wp-json\/wp\/v2\/product_tag?post=50464"}],"curies":[{"name":"wp","href":"https:\/\/api.w.org\/{rel}","templated":true}]}}