{"id":50178,"date":"2025-05-07T10:09:24","date_gmt":"2025-05-07T02:09:24","guid":{"rendered":"https:\/\/kengmingcn.com\/?post_type=product&#038;p=50178"},"modified":"2025-05-21T15:48:31","modified_gmt":"2025-05-21T07:48:31","slug":"doble-molde-enfriamiento-rapido-maquina-de-helados-sorbete-ljb160-2-1600w-220v","status":"publish","type":"product","link":"https:\/\/kengmingcn.com\/es\/product\/doble-molde-enfriamiento-rapido-maquina-de-helados-sorbete-ljb160-2-1600w-220v\/","title":{"rendered":"Doble Moldes Enfriamiento R\u00e1pido Popsicle M\u00e1quina Sorbete LJB160-2-1600W-220V"},"content":{"rendered":"<div style=\"width: 640px;\" class=\"wp-video\"><!--[if lt IE 9]><script>document.createElement('video');<\/script><![endif]-->\n<video class=\"wp-video-shortcode\" id=\"video-50178-1\" width=\"640\" height=\"360\" preload=\"metadata\" controls=\"controls\"><source type=\"video\/mp4\" src=\"https:\/\/cdn-gzkm.b-cdn.net\/Model\/Popsicle%20Maker%20Machine\/Double%20Molds%20Fast%20Cooling%20Popsicle%20Maker%20Machine%20Sorbet%20LJB160-2.mp4?_=1\" \/><a href=\"https:\/\/cdn-gzkm.b-cdn.net\/Model\/Popsicle%20Maker%20Machine\/Double%20Molds%20Fast%20Cooling%20Popsicle%20Maker%20Machine%20Sorbet%20LJB160-2.mp4\">https:\/\/cdn-gzkm.b-cdn.net\/Model\/Popsicle%20Maker%20Machine\/Double%20Molds%20Fast%20Cooling%20Popsicle%20Maker%20Machine%20Sorbet%20LJB160-2.mp4<\/a><\/video><\/div>\n<p>Nuestra m\u00e1quina para hacer polos es un aparato utilizado para hacer polos o polos de hielo. Congela r\u00e1pidamente una mezcla l\u00edquida (como zumo, leche, sirope, etc.) en polos mediante un sistema de congelaci\u00f3n incorporado. Las m\u00e1quinas de hacer polos suelen estar equipadas con varios moldes para hacer varios polos a la vez. El dise\u00f1o del equipo incluye un dep\u00f3sito de inyecci\u00f3n de l\u00edquido, una c\u00e1mara de congelaci\u00f3n y un mecanismo de extracci\u00f3n de paletas para garantizar que el proceso sea eficaz y sencillo. El funcionamiento suele ser tan sencillo como verter el l\u00edquido, programar el tiempo de congelaci\u00f3n y esperar a que se complete. La m\u00e1quina para hacer polos es adecuada para su uso en hogares, restaurantes y plantas de procesamiento de alimentos, ya que ayuda a crear r\u00e1pidamente una amplia gama de polos.<\/p>\n<p><img decoding=\"async\" class=\"alignnone size-full wp-image-50881\" src=\"http:\/\/kengmingcn.com\/wp-content\/uploads\/2025\/05\/Double-Molds-Fast-Cooling-Popsicle-Maker-Machine-Sorbet-LJB160-2-1600W-220V50Hz-4.webp\" alt=\"Doble Moldes Enfriamiento R\u00e1pido Popsicle M\u00e1quina Sorbete (LJB160-2-1600W-220V50Hz)\" width=\"1060\" height=\"500\" srcset=\"https:\/\/kengmingcn.com\/wp-content\/uploads\/2025\/05\/Double-Molds-Fast-Cooling-Popsicle-Maker-Machine-Sorbet-LJB160-2-1600W-220V50Hz-4.webp 1060w, https:\/\/kengmingcn.com\/wp-content\/uploads\/2025\/05\/Double-Molds-Fast-Cooling-Popsicle-Maker-Machine-Sorbet-LJB160-2-1600W-220V50Hz-4-300x142.webp 300w, https:\/\/kengmingcn.com\/wp-content\/uploads\/2025\/05\/Double-Molds-Fast-Cooling-Popsicle-Maker-Machine-Sorbet-LJB160-2-1600W-220V50Hz-4-1024x483.webp 1024w, https:\/\/kengmingcn.com\/wp-content\/uploads\/2025\/05\/Double-Molds-Fast-Cooling-Popsicle-Maker-Machine-Sorbet-LJB160-2-1600W-220V50Hz-4-768x362.webp 768w\" sizes=\"(max-width: 1060px) 100vw, 1060px\" \/><\/p>\n<p>1.Congelaci\u00f3n r\u00e1pida:El sistema de congelaci\u00f3n incorporado puede congelar r\u00e1pidamente la mezcla l\u00edquida en paletas, acortando el tiempo de producci\u00f3n.<br \/>\n2.Dise\u00f1o Multi-molde: Equipado con m\u00faltiples moldes, puede hacer m\u00faltiples paletas al mismo tiempo, aumentando la productividad.<br \/>\n3.Funcionamiento sencillo: El panel de control intuitivo y el flujo de operaci\u00f3n hacen que el proceso de producci\u00f3n sea simple y f\u00e1cil.<br \/>\n4.F\u00e1cil de limpiar: Los moldes extra\u00edbles y el dise\u00f1o de limpieza facilitan la limpieza y el mantenimiento diarios.<br \/>\n5.Material duradero: hecho de material duradero para garantizar un uso a largo plazo y resistencia al desgaste.<\/p>\n<p><img decoding=\"async\" class=\"alignnone size-full wp-image-50882\" src=\"http:\/\/kengmingcn.com\/wp-content\/uploads\/2025\/05\/Double-Molds-Fast-Cooling-Popsicle-Maker-Machine-Sorbet-LJB160-2-1600W-220V50Hz-1.webp\" alt=\"\" width=\"1060\" height=\"500\" srcset=\"https:\/\/kengmingcn.com\/wp-content\/uploads\/2025\/05\/Double-Molds-Fast-Cooling-Popsicle-Maker-Machine-Sorbet-LJB160-2-1600W-220V50Hz-1.webp 1060w, https:\/\/kengmingcn.com\/wp-content\/uploads\/2025\/05\/Double-Molds-Fast-Cooling-Popsicle-Maker-Machine-Sorbet-LJB160-2-1600W-220V50Hz-1-300x142.webp 300w, https:\/\/kengmingcn.com\/wp-content\/uploads\/2025\/05\/Double-Molds-Fast-Cooling-Popsicle-Maker-Machine-Sorbet-LJB160-2-1600W-220V50Hz-1-1024x483.webp 1024w, https:\/\/kengmingcn.com\/wp-content\/uploads\/2025\/05\/Double-Molds-Fast-Cooling-Popsicle-Maker-Machine-Sorbet-LJB160-2-1600W-220V50Hz-1-768x362.webp 768w\" sizes=\"(max-width: 1060px) 100vw, 1060px\" \/> \u00a0<img decoding=\"async\" class=\"alignnone size-full wp-image-50884\" src=\"http:\/\/kengmingcn.com\/wp-content\/uploads\/2025\/05\/Double-Molds-Fast-Cooling-Popsicle-Maker-Machine-Sorbet-LJB160-2-1600W-220V50Hz-5.webp\" alt=\"\" width=\"1060\" height=\"500\" srcset=\"https:\/\/kengmingcn.com\/wp-content\/uploads\/2025\/05\/Double-Molds-Fast-Cooling-Popsicle-Maker-Machine-Sorbet-LJB160-2-1600W-220V50Hz-5.webp 1060w, https:\/\/kengmingcn.com\/wp-content\/uploads\/2025\/05\/Double-Molds-Fast-Cooling-Popsicle-Maker-Machine-Sorbet-LJB160-2-1600W-220V50Hz-5-300x142.webp 300w, https:\/\/kengmingcn.com\/wp-content\/uploads\/2025\/05\/Double-Molds-Fast-Cooling-Popsicle-Maker-Machine-Sorbet-LJB160-2-1600W-220V50Hz-5-1024x483.webp 1024w, https:\/\/kengmingcn.com\/wp-content\/uploads\/2025\/05\/Double-Molds-Fast-Cooling-Popsicle-Maker-Machine-Sorbet-LJB160-2-1600W-220V50Hz-5-768x362.webp 768w\" sizes=\"(max-width: 1060px) 100vw, 1060px\" \/><img decoding=\"async\" class=\"alignnone size-full wp-image-50883\" src=\"http:\/\/kengmingcn.com\/wp-content\/uploads\/2025\/05\/Double-Molds-Fast-Cooling-Popsicle-Maker-Machine-Sorbet-LJB160-2-1600W-220V50Hz-2.webp\" alt=\"\" width=\"1060\" height=\"500\" srcset=\"https:\/\/kengmingcn.com\/wp-content\/uploads\/2025\/05\/Double-Molds-Fast-Cooling-Popsicle-Maker-Machine-Sorbet-LJB160-2-1600W-220V50Hz-2.webp 1060w, https:\/\/kengmingcn.com\/wp-content\/uploads\/2025\/05\/Double-Molds-Fast-Cooling-Popsicle-Maker-Machine-Sorbet-LJB160-2-1600W-220V50Hz-2-300x142.webp 300w, https:\/\/kengmingcn.com\/wp-content\/uploads\/2025\/05\/Double-Molds-Fast-Cooling-Popsicle-Maker-Machine-Sorbet-LJB160-2-1600W-220V50Hz-2-1024x483.webp 1024w, https:\/\/kengmingcn.com\/wp-content\/uploads\/2025\/05\/Double-Molds-Fast-Cooling-Popsicle-Maker-Machine-Sorbet-LJB160-2-1600W-220V50Hz-2-768x362.webp 768w\" sizes=\"(max-width: 1060px) 100vw, 1060px\" \/><\/p>\n<p>1.Cocina familiar:<br \/>\nObjetivo: Hacer polos o paletas de hielo caseros para ofrecer postres helados sanos y sabrosos a los miembros de la familia.<br \/>\nEjemplo: Utiliza la m\u00e1quina para hacer polos de varios sabores para satisfacer diferentes gustos en reuniones familiares o fiestas de cumplea\u00f1os infantiles.<br \/>\n2.Restaurantes y cafeter\u00edas:<br \/>\nFinalidad: Elaborar polos especiales para postres o bebidas con el fin de aumentar la variedad del men\u00fa.<br \/>\nEjemplo: Los restaurantes utilizan m\u00e1quinas de paletas para hacer paletas creativas, como paletas de mezcla de frutas o paletas de crema, que se sirven a los clientes como postre despu\u00e9s de las comidas.<br \/>\n3.Planta de procesamiento de alimentos<br \/>\nFinalidad: Producci\u00f3n en serie de polos para su venta al por menor o su distribuci\u00f3n a fin de satisfacer la demanda del mercado.<br \/>\nEjemplo: Las plantas de procesamiento de alimentos utilizan m\u00e1quinas de paletas para producir paletas de varios sabores, envasarlas y distribuirlas a supermercados y tiendas de conveniencia.<br \/>\n4.Actos escolares y comunitarios:<br \/>\nFinalidad: Los polos se producen para eventos de estudiantes o de la comunidad como recompensa o tentempi\u00e9.<br \/>\nEjemplo: Las escuelas utilizan m\u00e1quinas de paletas para hacer paletas de frutas saludables para los estudiantes como parte de las actividades de verano.<\/p>\n<figure class=\"wp-block-image\"><img decoding=\"async\" src=\"https:\/\/image.made-in-china.com\/226f3j00EvqCwBOBPebM\/Double-Molds-Fast-Cooling-Popsicle-Maker-Machine-Sorbet-LJB160-2-1600W-220V-50Hz-.webp\" alt=\"Doble Moldes Enfriamiento R\u00e1pido Popsicle M\u00e1quina Sorbete (LJB160-2-1600W-220V\/50Hz)\" \/><\/figure>\n<figure class=\"wp-block-image\"><img decoding=\"async\" src=\"https:\/\/image.made-in-china.com\/226f3j00TMbBwFOPpCqe\/Double-Molds-Fast-Cooling-Popsicle-Maker-Machine-Sorbet-LJB160-2-1600W-220V-50Hz-.webp\" alt=\"Doble Moldes Enfriamiento R\u00e1pido Popsicle M\u00e1quina Sorbete (LJB160-2-1600W-220V\/50Hz)\" \/><\/figure>\n<p><img decoding=\"async\" class=\"alignnone size-full wp-image-50885\" src=\"http:\/\/kengmingcn.com\/wp-content\/uploads\/2025\/05\/Double-Molds-Fast-Cooling-Popsicle-Maker-Machine-Sorbet-LJB160-2-1600W-220V50Hz-3.webp\" alt=\"\" width=\"1060\" height=\"500\" srcset=\"https:\/\/kengmingcn.com\/wp-content\/uploads\/2025\/05\/Double-Molds-Fast-Cooling-Popsicle-Maker-Machine-Sorbet-LJB160-2-1600W-220V50Hz-3.webp 1060w, https:\/\/kengmingcn.com\/wp-content\/uploads\/2025\/05\/Double-Molds-Fast-Cooling-Popsicle-Maker-Machine-Sorbet-LJB160-2-1600W-220V50Hz-3-300x142.webp 300w, https:\/\/kengmingcn.com\/wp-content\/uploads\/2025\/05\/Double-Molds-Fast-Cooling-Popsicle-Maker-Machine-Sorbet-LJB160-2-1600W-220V50Hz-3-1024x483.webp 1024w, https:\/\/kengmingcn.com\/wp-content\/uploads\/2025\/05\/Double-Molds-Fast-Cooling-Popsicle-Maker-Machine-Sorbet-LJB160-2-1600W-220V50Hz-3-768x362.webp 768w\" sizes=\"(max-width: 1060px) 100vw, 1060px\" \/><\/p>\n<figure class=\"wp-block-table\">\n<table class=\"has-fixed-layout\">\n<tbody>\n<tr>\n<td colspan=\"2\">Modelo<\/td>\n<td colspan=\"2\">Capacidad<\/td>\n<td colspan=\"2\">Tensi\u00f3n (personalizable)<\/td>\n<td colspan=\"2\">Potencia<\/td>\n<td colspan=\"2\">Refrigeraci\u00f3n<\/td>\n<td colspan=\"2\">interfaz de usuario<\/td>\n<td colspan=\"2\">Tama\u00f1o (L*A*A)<\/td>\n<td colspan=\"2\">Refrigerante<\/td>\n<\/tr>\n<tr>\n<td colspan=\"2\">LJB160-2<\/td>\n<td colspan=\"2\">Molde doble<\/td>\n<td colspan=\"2\">220V\/50Hz<\/td>\n<td colspan=\"2\">1600W<\/td>\n<td colspan=\"2\">Aire<\/td>\n<td colspan=\"2\">control por microordenador<\/td>\n<td colspan=\"2\">78*54*97.5CM<\/td>\n<td colspan=\"2\">R22<\/td>\n<\/tr>\n<\/tbody>\n<\/table>\n<\/figure>","protected":false},"excerpt":{"rendered":"<div class=\"elementor-element elementor-element-33f6662 elementor-widget elementor-widget-text-editor\" data-id=\"33f6662\" data-element_type=\"widget\" data-widget_type=\"text-editor.default\">\n<div class=\"elementor-widget-container\">\n<div class=\"markdown-container\" data-v-191eb8d1=\"\" data-v-5d235d8f=\"\">\n<div class=\"markdown\" data-v-53cd9be5=\"\" data-v-191eb8d1=\"\">\n<ul>\n<li class=\"paragraph\">Potencia: 1600 W<\/li>\n<li class=\"paragraph\">Materias primas: Fruta\/Yogur\/Bebidas\/Helado<\/li>\n<li class=\"paragraph\">Puntos clave de venta: Variedad de formas de polos<\/li>\n<li class=\"paragraph\">Garant\u00eda: Accesorios<\/li>\n<li class=\"paragraph\">Capacidad: Dos moldes<\/li>\n<li class=\"paragraph\">M\u00e9todo de fabricaci\u00f3n de hielo: Refrigeraci\u00f3n por compresor<\/li>\n<li class=\"paragraph\">Lugares de aplicaci\u00f3n: Helader\u00eda\/Cocina\/Catering<\/li>\n<li class=\"paragraph\">Material de la carcasa: Acero inoxidable Color<\/li>\n<\/ul>\n<\/div>\n<\/div>\n<\/div>\n<\/div>","protected":false},"featured_media":50195,"comment_status":"open","ping_status":"closed","template":"","meta":{"_acf_changed":false},"product_brand":[],"product_cat":[313,275],"product_tag":[],"class_list":{"0":"post-50178","1":"product","2":"type-product","3":"status-publish","4":"has-post-thumbnail","6":"product_cat-popsicle-maker-machine","7":"product_cat-refrigeration-equipment","8":"description-off","10":"first","11":"instock","12":"shipping-taxable","13":"product-type-simple"},"acf":[],"yoast_head":"<!-- This site is optimized with the Yoast SEO Premium plugin v25.3 (Yoast SEO v26.3) - https:\/\/yoast.com\/wordpress\/plugins\/seo\/ -->\n<title>Double Molds Fast Cooling Popsicle Maker Machine<\/title>\n<meta name=\"description\" content=\"Double Molds Fast Cooling Popsicle Maker Machine Sorbet LJB160-2-1600W-220V\" \/>\n<meta name=\"robots\" content=\"index, follow, max-snippet:-1, max-image-preview:large, max-video-preview:-1\" \/>\n<link rel=\"canonical\" href=\"https:\/\/kengmingcn.com\/es\/product\/doble-molde-enfriamiento-rapido-maquina-de-helados-sorbete-ljb160-2-1600w-220v\/\" \/>\n<meta property=\"og:locale\" content=\"es_MX\" \/>\n<meta property=\"og:type\" content=\"article\" \/>\n<meta property=\"og:title\" content=\"Double Molds Fast Cooling Popsicle Maker Machine Sorbet LJB160-2-1600W-220V\" \/>\n<meta property=\"og:description\" content=\"Double Molds Fast Cooling Popsicle Maker Machine Sorbet LJB160-2-1600W-220V\" \/>\n<meta property=\"og:url\" content=\"https:\/\/kengmingcn.com\/es\/product\/doble-molde-enfriamiento-rapido-maquina-de-helados-sorbete-ljb160-2-1600w-220v\/\" \/>\n<meta property=\"og:site_name\" content=\"KengMing | Manufacturer of Commercial Kitchen Equipment\" \/>\n<meta property=\"article:modified_time\" content=\"2025-05-21T07:48:31+00:00\" \/>\n<meta property=\"og:image\" content=\"https:\/\/kengmingcn.com\/wp-content\/uploads\/2025\/05\/Double-Molds-Fast-Cooling-Popsicle-Maker-Machine-Sorbet-LJB160-2-1600W-220V-50Hz-.webp\" \/>\n\t<meta property=\"og:image:width\" content=\"550\" \/>\n\t<meta property=\"og:image:height\" content=\"550\" \/>\n\t<meta property=\"og:image:type\" content=\"image\/webp\" \/>\n<meta name=\"twitter:card\" content=\"summary_large_image\" \/>\n<meta name=\"twitter:label1\" content=\"Precio\" \/>\n\t<meta name=\"twitter:data1\" content=\"\" \/>\n\t<meta name=\"twitter:label2\" content=\"Disponibilidad\" \/>\n\t<meta name=\"twitter:data2\" content=\"Disponible\" \/>\n<script type=\"application\/ld+json\" class=\"yoast-schema-graph\">{\"@context\":\"https:\/\/schema.org\",\"@graph\":[{\"@type\":\"WebPage\",\"@id\":\"https:\/\/kengmingcn.com\/es\/product\/doble-molde-enfriamiento-rapido-maquina-de-helados-sorbete-ljb160-2-1600w-220v\/\",\"url\":\"https:\/\/kengmingcn.com\/es\/product\/doble-molde-enfriamiento-rapido-maquina-de-helados-sorbete-ljb160-2-1600w-220v\/\",\"name\":\"Double Molds Fast Cooling Popsicle Maker Machine\",\"isPartOf\":{\"@id\":\"https:\/\/kengmingcn.com\/#website\"},\"primaryImageOfPage\":{\"@id\":\"https:\/\/kengmingcn.com\/es\/product\/doble-molde-enfriamiento-rapido-maquina-de-helados-sorbete-ljb160-2-1600w-220v\/#primaryimage\"},\"image\":{\"@id\":\"https:\/\/kengmingcn.com\/es\/product\/doble-molde-enfriamiento-rapido-maquina-de-helados-sorbete-ljb160-2-1600w-220v\/#primaryimage\"},\"thumbnailUrl\":\"https:\/\/kengmingcn.com\/wp-content\/uploads\/2025\/05\/Double-Molds-Fast-Cooling-Popsicle-Maker-Machine-Sorbet-LJB160-2-1600W-220V-50Hz-.webp\",\"datePublished\":\"2025-05-07T02:09:24+00:00\",\"dateModified\":\"2025-05-21T07:48:31+00:00\",\"description\":\"Double Molds Fast Cooling Popsicle Maker Machine Sorbet LJB160-2-1600W-220V\",\"breadcrumb\":{\"@id\":\"https:\/\/kengmingcn.com\/es\/product\/doble-molde-enfriamiento-rapido-maquina-de-helados-sorbete-ljb160-2-1600w-220v\/#breadcrumb\"},\"inLanguage\":\"es\",\"potentialAction\":[{\"@type\":\"ReadAction\",\"target\":[\"https:\/\/kengmingcn.com\/es\/product\/doble-molde-enfriamiento-rapido-maquina-de-helados-sorbete-ljb160-2-1600w-220v\/\"]}]},{\"@type\":\"ImageObject\",\"inLanguage\":\"es\",\"@id\":\"https:\/\/kengmingcn.com\/es\/product\/doble-molde-enfriamiento-rapido-maquina-de-helados-sorbete-ljb160-2-1600w-220v\/#primaryimage\",\"url\":\"https:\/\/kengmingcn.com\/wp-content\/uploads\/2025\/05\/Double-Molds-Fast-Cooling-Popsicle-Maker-Machine-Sorbet-LJB160-2-1600W-220V-50Hz-.webp\",\"contentUrl\":\"https:\/\/kengmingcn.com\/wp-content\/uploads\/2025\/05\/Double-Molds-Fast-Cooling-Popsicle-Maker-Machine-Sorbet-LJB160-2-1600W-220V-50Hz-.webp\",\"width\":550,\"height\":550,\"caption\":\"Double-Molds-Fast-Cooling-Popsicle-Maker-Machine-Sorbet-LJB160-2\"},{\"@type\":\"BreadcrumbList\",\"@id\":\"https:\/\/kengmingcn.com\/es\/product\/doble-molde-enfriamiento-rapido-maquina-de-helados-sorbete-ljb160-2-1600w-220v\/#breadcrumb\",\"itemListElement\":[{\"@type\":\"ListItem\",\"position\":1,\"name\":\"Home\",\"item\":\"https:\/\/kengmingcn.com\/\"},{\"@type\":\"ListItem\",\"position\":2,\"name\":\"Catalogue\",\"item\":\"https:\/\/kengmingcn.com\/?page_id=27131\"},{\"@type\":\"ListItem\",\"position\":3,\"name\":\"Double Molds Fast Cooling Popsicle Maker Machine Sorbet LJB160-2-1600W-220V\"}]},{\"@type\":\"WebSite\",\"@id\":\"https:\/\/kengmingcn.com\/#website\",\"url\":\"https:\/\/kengmingcn.com\/\",\"name\":\"Kitchen Equipment\",\"description\":\"KengMing is a professional commercial kitchen equipment manufacturer and wholesale supplier, offering cooking, food prep and bakery equipment with OEM &amp; ODM service for global distributors.\",\"publisher\":{\"@id\":\"https:\/\/kengmingcn.com\/#organization\"},\"potentialAction\":[{\"@type\":\"SearchAction\",\"target\":{\"@type\":\"EntryPoint\",\"urlTemplate\":\"https:\/\/kengmingcn.com\/?s={search_term_string}\"},\"query-input\":{\"@type\":\"PropertyValueSpecification\",\"valueRequired\":true,\"valueName\":\"search_term_string\"}}],\"inLanguage\":\"es\"},{\"@type\":\"Organization\",\"@id\":\"https:\/\/kengmingcn.com\/#organization\",\"name\":\"GuangZhou KengMing\",\"url\":\"https:\/\/kengmingcn.com\/\",\"logo\":{\"@type\":\"ImageObject\",\"inLanguage\":\"es\",\"@id\":\"https:\/\/kengmingcn.com\/#\/schema\/logo\/image\/\",\"url\":\"https:\/\/kengmingcn.com\/wp-content\/uploads\/2025\/04\/cropped-1744508604969-removebg-preview.png\",\"contentUrl\":\"https:\/\/kengmingcn.com\/wp-content\/uploads\/2025\/04\/cropped-1744508604969-removebg-preview.png\",\"width\":512,\"height\":512,\"caption\":\"GuangZhou KengMing\"},\"image\":{\"@id\":\"https:\/\/kengmingcn.com\/#\/schema\/logo\/image\/\"}}]}<\/script>\n<meta property=\"product:price:amount\" content=\"0.00\" \/>\n<meta property=\"product:price:currency\" content=\"USD\" \/>\n<meta property=\"og:availability\" content=\"instock\" \/>\n<meta property=\"product:availability\" content=\"instock\" \/>\n<meta property=\"product:condition\" content=\"new\" \/>\n<!-- \/ Yoast SEO Premium plugin. -->","yoast_head_json":{"title":"M\u00e1quina para hacer polos de doble molde y enfriamiento r\u00e1pido","description":"Doble Moldes Enfriamiento R\u00e1pido Popsicle M\u00e1quina Sorbete LJB160-2-1600W-220V","robots":{"index":"index","follow":"follow","max-snippet":"max-snippet:-1","max-image-preview":"max-image-preview:large","max-video-preview":"max-video-preview:-1"},"canonical":"https:\/\/kengmingcn.com\/es\/product\/doble-molde-enfriamiento-rapido-maquina-de-helados-sorbete-ljb160-2-1600w-220v\/","og_locale":"es_MX","og_type":"article","og_title":"Double Molds Fast Cooling Popsicle Maker Machine Sorbet LJB160-2-1600W-220V","og_description":"Double Molds Fast Cooling Popsicle Maker Machine Sorbet LJB160-2-1600W-220V","og_url":"https:\/\/kengmingcn.com\/es\/product\/doble-molde-enfriamiento-rapido-maquina-de-helados-sorbete-ljb160-2-1600w-220v\/","og_site_name":"KengMing | Manufacturer of Commercial Kitchen Equipment","article_modified_time":"2025-05-21T07:48:31+00:00","og_image":[{"width":550,"height":550,"url":"https:\/\/kengmingcn.com\/wp-content\/uploads\/2025\/05\/Double-Molds-Fast-Cooling-Popsicle-Maker-Machine-Sorbet-LJB160-2-1600W-220V-50Hz-.webp","type":"image\/webp"}],"twitter_card":"summary_large_image","twitter_misc":{"Precio":"","Disponibilidad":"Disponible"},"schema":{"@context":"https:\/\/schema.org","@graph":[{"@type":"WebPage","@id":"https:\/\/kengmingcn.com\/es\/product\/doble-molde-enfriamiento-rapido-maquina-de-helados-sorbete-ljb160-2-1600w-220v\/","url":"https:\/\/kengmingcn.com\/es\/product\/doble-molde-enfriamiento-rapido-maquina-de-helados-sorbete-ljb160-2-1600w-220v\/","name":"M\u00e1quina para hacer polos de doble molde y enfriamiento r\u00e1pido","isPartOf":{"@id":"https:\/\/kengmingcn.com\/#website"},"primaryImageOfPage":{"@id":"https:\/\/kengmingcn.com\/es\/product\/doble-molde-enfriamiento-rapido-maquina-de-helados-sorbete-ljb160-2-1600w-220v\/#primaryimage"},"image":{"@id":"https:\/\/kengmingcn.com\/es\/product\/doble-molde-enfriamiento-rapido-maquina-de-helados-sorbete-ljb160-2-1600w-220v\/#primaryimage"},"thumbnailUrl":"https:\/\/kengmingcn.com\/wp-content\/uploads\/2025\/05\/Double-Molds-Fast-Cooling-Popsicle-Maker-Machine-Sorbet-LJB160-2-1600W-220V-50Hz-.webp","datePublished":"2025-05-07T02:09:24+00:00","dateModified":"2025-05-21T07:48:31+00:00","description":"Doble Moldes Enfriamiento R\u00e1pido Popsicle M\u00e1quina Sorbete LJB160-2-1600W-220V","breadcrumb":{"@id":"https:\/\/kengmingcn.com\/es\/product\/doble-molde-enfriamiento-rapido-maquina-de-helados-sorbete-ljb160-2-1600w-220v\/#breadcrumb"},"inLanguage":"es","potentialAction":[{"@type":"ReadAction","target":["https:\/\/kengmingcn.com\/es\/product\/doble-molde-enfriamiento-rapido-maquina-de-helados-sorbete-ljb160-2-1600w-220v\/"]}]},{"@type":"ImageObject","inLanguage":"es","@id":"https:\/\/kengmingcn.com\/es\/product\/doble-molde-enfriamiento-rapido-maquina-de-helados-sorbete-ljb160-2-1600w-220v\/#primaryimage","url":"https:\/\/kengmingcn.com\/wp-content\/uploads\/2025\/05\/Double-Molds-Fast-Cooling-Popsicle-Maker-Machine-Sorbet-LJB160-2-1600W-220V-50Hz-.webp","contentUrl":"https:\/\/kengmingcn.com\/wp-content\/uploads\/2025\/05\/Double-Molds-Fast-Cooling-Popsicle-Maker-Machine-Sorbet-LJB160-2-1600W-220V-50Hz-.webp","width":550,"height":550,"caption":"Double-Molds-Fast-Cooling-Popsicle-Maker-Machine-Sorbet-LJB160-2"},{"@type":"BreadcrumbList","@id":"https:\/\/kengmingcn.com\/es\/product\/doble-molde-enfriamiento-rapido-maquina-de-helados-sorbete-ljb160-2-1600w-220v\/#breadcrumb","itemListElement":[{"@type":"ListItem","position":1,"name":"Home","item":"https:\/\/kengmingcn.com\/"},{"@type":"ListItem","position":2,"name":"Catalogue","item":"https:\/\/kengmingcn.com\/?page_id=27131"},{"@type":"ListItem","position":3,"name":"Double Molds Fast Cooling Popsicle Maker Machine Sorbet LJB160-2-1600W-220V"}]},{"@type":"WebSite","@id":"https:\/\/kengmingcn.com\/#website","url":"https:\/\/kengmingcn.com\/","name":"Equipamiento de cocina","description":"KengMing es un fabricante profesional de equipos de cocina comercial y proveedor mayorista, que ofrece equipos de cocina, preparaci\u00f3n de alimentos y panader\u00eda con servicio OEM y ODM para distribuidores globales.","publisher":{"@id":"https:\/\/kengmingcn.com\/#organization"},"potentialAction":[{"@type":"SearchAction","target":{"@type":"EntryPoint","urlTemplate":"https:\/\/kengmingcn.com\/?s={search_term_string}"},"query-input":{"@type":"PropertyValueSpecification","valueRequired":true,"valueName":"search_term_string"}}],"inLanguage":"es"},{"@type":"Organization","@id":"https:\/\/kengmingcn.com\/#organization","name":"GuangZhou KengMing","url":"https:\/\/kengmingcn.com\/","logo":{"@type":"ImageObject","inLanguage":"es","@id":"https:\/\/kengmingcn.com\/#\/schema\/logo\/image\/","url":"https:\/\/kengmingcn.com\/wp-content\/uploads\/2025\/04\/cropped-1744508604969-removebg-preview.png","contentUrl":"https:\/\/kengmingcn.com\/wp-content\/uploads\/2025\/04\/cropped-1744508604969-removebg-preview.png","width":512,"height":512,"caption":"GuangZhou KengMing"},"image":{"@id":"https:\/\/kengmingcn.com\/#\/schema\/logo\/image\/"}}]},"product_price_amount":"0.00","product_price_currency":"USD","og_availability":"instock","product_availability":"instock","product_condition":"new"},"_links":{"self":[{"href":"https:\/\/kengmingcn.com\/es\/wp-json\/wp\/v2\/product\/50178","targetHints":{"allow":["GET"]}}],"collection":[{"href":"https:\/\/kengmingcn.com\/es\/wp-json\/wp\/v2\/product"}],"about":[{"href":"https:\/\/kengmingcn.com\/es\/wp-json\/wp\/v2\/types\/product"}],"replies":[{"embeddable":true,"href":"https:\/\/kengmingcn.com\/es\/wp-json\/wp\/v2\/comments?post=50178"}],"wp:featuredmedia":[{"embeddable":true,"href":"https:\/\/kengmingcn.com\/es\/wp-json\/wp\/v2\/media\/50195"}],"wp:attachment":[{"href":"https:\/\/kengmingcn.com\/es\/wp-json\/wp\/v2\/media?parent=50178"}],"wp:term":[{"taxonomy":"product_brand","embeddable":true,"href":"https:\/\/kengmingcn.com\/es\/wp-json\/wp\/v2\/product_brand?post=50178"},{"taxonomy":"product_cat","embeddable":true,"href":"https:\/\/kengmingcn.com\/es\/wp-json\/wp\/v2\/product_cat?post=50178"},{"taxonomy":"product_tag","embeddable":true,"href":"https:\/\/kengmingcn.com\/es\/wp-json\/wp\/v2\/product_tag?post=50178"}],"curies":[{"name":"wp","href":"https:\/\/api.w.org\/{rel}","templated":true}]}}